{"id":3673,"date":"2019-01-22T16:18:15","date_gmt":"2019-01-22T15:18:15","guid":{"rendered":"https:\/\/mivelezmalaga.com\/fortaleza\/"},"modified":"2024-01-16T10:19:16","modified_gmt":"2024-01-16T09:19:16","slug":"fortaleza","status":"publish","type":"page","link":"https:\/\/mivelezmalaga.com\/es\/que-hacer-en-velez-malaga\/fortaleza\/","title":{"rendered":"Fortaleza"},"content":{"rendered":"\n<p>La antigua alcazaba de la ciudad de V\u00e9lez-M\u00e1laga se localiza en el punto m\u00e1s elevado del casco urbano, sobre una colina de unos 80 metros sobre el nivel del mar y es la vista m\u00e1s emblem\u00e1tica de la ciudad.<\/p>\n\n\n\n<p>Es uno de los monumentos hist\u00f3ricos de visita obligada ya que se puede explorar en su totalidad y subir a la torre Homenaje desde donde se pueden observar unas maravillosas vistas de V\u00e9lez-M\u00e1laga y la costa.<\/p>\n\n\n\n<p>El origen de la Fortaleza puede situarse en el siglo X y se amplia y reconstruye en los siglos XIV Y XV&nbsp; siendo&nbsp;<em>una de las alcazabas m\u00e1s importantes del reino nazar\u00ed. <\/em>Un enclave ideal para cumplir con su funci\u00f3n de control militar y \u00faltimo reducto para la poblaci\u00f3n en caso de ataques.<\/p>\n\n\n\n<figure class=\"wp-block-image\"><img decoding=\"async\" width=\"1000\" height=\"563\" data-src=\"https:\/\/mivelezmalaga.com\/wp-content\/uploads\/2018\/02\/Velez-Fortaleza.jpg\" alt=\"La Fortaleza in Velez-Malaga\" class=\"wp-image-2803 lazyload\" data-srcset=\"https:\/\/mivelezmalaga.com\/wp-content\/uploads\/2018\/02\/Velez-Fortaleza.jpg 1000w, https:\/\/mivelezmalaga.com\/wp-content\/uploads\/2018\/02\/Velez-Fortaleza-300x169.jpg 300w\" data-sizes=\"(max-width: 1000px) 100vw, 1000px\" src=\"data:image\/svg+xml;base64,PHN2ZyB3aWR0aD0iMSIgaGVpZ2h0PSIxIiB4bWxucz0iaHR0cDovL3d3dy53My5vcmcvMjAwMC9zdmciPjwvc3ZnPg==\" style=\"--smush-placeholder-width: 1000px; --smush-placeholder-aspect-ratio: 1000\/563;\" \/><\/figure>\n\n\n\n<p>Edificada en un cerro pe\u00f1ascoso sobre el&nbsp; casco antiguo de la ciudad, actualmente conocido como el barrio de la Villa encontramos esta construcci\u00f3n rodeada de un conjunto de murallas que persegu\u00edan un fin defensivo y de las que actualmente se conservan varios fragmentos y dos de sus cuatro puertas de acceso, como la Puerta de la Villa. &nbsp;La antigua \u201cBallix\u201d, nombre \u00e1rabe de V\u00e9lez, estaba bien comunicada con la capital del Reino de Granada y sirvi\u00f3 como v\u00eda de paso al mar y como cruce de caminos entre \u00c1frica, el Mediterr\u00e1neo oriental y la ciudad de Granada.<\/p>\n\n\n\n<p>El lugar de residencia del gobernador del Alc\u00e1zar es la llamada torre de Homenaje, que data el siglo X y fue reconstruida actualmente casi en su totalidad con un interior ahuecado y&nbsp; 16 metros de altura. Fue construida para evitar los ataques de enemigos y para servir como \u00faltimo reducto en el caso de que las dem\u00e1s localizaciones cayesen en manos de los invasores.<\/p>\n\n\n\n<h3 class=\"wp-block-heading\"><img decoding=\"async\" class=\"alignnone size-full wp-image-1095 lazyload\" data-src=\"https:\/\/mivelezmalaga.com\/wp-content\/uploads\/2017\/02\/velez-castle-pink-flowers.jpg\" alt=\"Fortaleza in Velez Malaga\" width=\"1000\" height=\"500\" data-srcset=\"https:\/\/mivelezmalaga.com\/wp-content\/uploads\/2017\/02\/velez-castle-pink-flowers.jpg 1000w, https:\/\/mivelezmalaga.com\/wp-content\/uploads\/2017\/02\/velez-castle-pink-flowers-300x150.jpg 300w\" data-sizes=\"(max-width: 1000px) 100vw, 1000px\" src=\"data:image\/svg+xml;base64,PHN2ZyB3aWR0aD0iMSIgaGVpZ2h0PSIxIiB4bWxucz0iaHR0cDovL3d3dy53My5vcmcvMjAwMC9zdmciPjwvc3ZnPg==\" style=\"--smush-placeholder-width: 1000px; --smush-placeholder-aspect-ratio: 1000\/500;\" \/><\/h3>\n\n\n\n<h3 class=\"wp-block-heading\">Amenaza de la Reconquista<\/h3>\n\n\n\n<p>Durante el reino nazar\u00ed, la funci\u00f3n de la fortaleza cambi\u00f3 dr\u00e1sticamente y el castillo se convierte en la principal alcazaba de la comarca. Los muros exteriores proporcionaban una gran protecci\u00f3n a la poblaci\u00f3n local y la ciudad de V\u00e9lez-M\u00e1laga se convierte en el centro econ\u00f3mico m\u00e1s importante de la Axarqu\u00eda ya que a trav\u00e9s del rio V\u00e9lez se realizaba el transporte de mercanc\u00edas entre la ciudad morisca de Granada y era una ruta clave que permit\u00eda el acceso y el comercial a M\u00e1laga. Todos estos a\u00f1os de prosperidad facilitaron que los vecinos comenzaran a construir casas fuera de las murallas para rentabilizar sus riquezas y esto hizo que se originar\u00e1 el casco antiguo de V\u00e9lez-M\u00e1laga tal y como hoy lo conocemos.<\/p>\n\n\n\n<figure class=\"wp-block-image\"><img decoding=\"async\" width=\"1000\" height=\"511\" data-src=\"https:\/\/mivelezmalaga.com\/wp-content\/uploads\/2018\/02\/Fortaleza-Walls.jpg\" alt=\"Walls of the Fort of Velez-Malaga\" class=\"wp-image-2804 lazyload\" data-srcset=\"https:\/\/mivelezmalaga.com\/wp-content\/uploads\/2018\/02\/Fortaleza-Walls.jpg 1000w, https:\/\/mivelezmalaga.com\/wp-content\/uploads\/2018\/02\/Fortaleza-Walls-300x153.jpg 300w\" data-sizes=\"(max-width: 1000px) 100vw, 1000px\" src=\"data:image\/svg+xml;base64,PHN2ZyB3aWR0aD0iMSIgaGVpZ2h0PSIxIiB4bWxucz0iaHR0cDovL3d3dy53My5vcmcvMjAwMC9zdmciPjwvc3ZnPg==\" style=\"--smush-placeholder-width: 1000px; --smush-placeholder-aspect-ratio: 1000\/511;\" \/><\/figure>\n\n\n\n<h3 class=\"wp-block-heading\">La Fuerzas Cristianas Avanzan Y Toman El Control<\/h3>\n\n\n\n<p>A finales del siglo XV, los Reyes Cat\u00f3licos hab\u00edan logrado grandes avances en el reino nazar\u00ed y se estaban acercando a la capital de Granada. La fortaleza fue conquistada en el 1487 por las tropas castellanas al mando del rey cat\u00f3lico, Fernando de Arag\u00f3n y la convierten en Capitan\u00eda General, cuartel y c\u00e1rcel. En ese mismo a\u00f1o se prepara el asedio a M\u00e1laga y el rey autoriz\u00f3 a los moros volver a sus casas y les prometi\u00f3 que les dejar\u00eda vivir seg\u00fan los usos y costumbres de la religi\u00f3n isl\u00e1mica a condici\u00f3n de que no guardaran armas. Finalmente Granada cay\u00f3 solo cinco a\u00f1os despu\u00e9s de la toma de V\u00e9lez-M\u00e1laga lo que supuso con el fin de la poblaci\u00f3n isl\u00e1mica que termin\u00f3 en el exilio u obligada a bautizarse al romperse las capitulaciones iniciales.<\/p>\n\n\n\n<figure class=\"wp-block-image\"><img decoding=\"async\" width=\"1000\" height=\"651\" data-src=\"https:\/\/mivelezmalaga.com\/wp-content\/uploads\/2018\/02\/Fort-Entrance.jpg\" alt=\"Moorish keyhole entrance, La Fortaleza, Velez-Malaga\" class=\"wp-image-2805 lazyload\" data-srcset=\"https:\/\/mivelezmalaga.com\/wp-content\/uploads\/2018\/02\/Fort-Entrance.jpg 1000w, https:\/\/mivelezmalaga.com\/wp-content\/uploads\/2018\/02\/Fort-Entrance-300x195.jpg 300w\" data-sizes=\"(max-width: 1000px) 100vw, 1000px\" src=\"data:image\/svg+xml;base64,PHN2ZyB3aWR0aD0iMSIgaGVpZ2h0PSIxIiB4bWxucz0iaHR0cDovL3d3dy53My5vcmcvMjAwMC9zdmciPjwvc3ZnPg==\" style=\"--smush-placeholder-width: 1000px; --smush-placeholder-aspect-ratio: 1000\/651;\" \/><\/figure>\n\n\n\n<h3 class=\"wp-block-heading\">Las Murallas Protejen Contra Los Saqueadores<\/h3>\n\n\n\n<p>En el siglo XV Crist\u00f3bal Col\u00f3n inici\u00f3 la conquista de Am\u00e9rica llegando por primera vez al continente americano en el a\u00f1o 1492. Se apreciaba un momento global de oportunidades para todo el conjunto de la poblaci\u00f3n al entrar en contacto con otras superpotencias europeas. Durante el siglo XVI la funci\u00f3n de la fortaleza cambi\u00f3 ya que la costa mediterr\u00e1nea exist\u00edan peque\u00f1os pueblos separados unos de otros por grandes distancias. Este hecho, provoc\u00f3 que saqueadores de diferentes nacionalidades aprovecharan las aldeas y asentamientos para atacar a los esclavos ya que estaban mal defendidos.<\/p>\n\n\n\n<p>V\u00e9lez-M\u00e1laga era una ciudad dif\u00edcil de asediar, ya que su castillo-fortaleza gozaba de una panor\u00e1mica de todas las calles y se convirti\u00f3 en uno de los pueblos m\u00e1s fuertes a lo largo de la costa ya que sus murallas ofrec\u00edan refugio a la poblaci\u00f3n ante posibles ataques.<\/p>\n\n\n\n<figure class=\"wp-block-image\"><img decoding=\"async\" width=\"1000\" height=\"562\" data-src=\"https:\/\/mivelezmalaga.com\/wp-content\/uploads\/2018\/02\/Walls2.jpg\" alt=\"Walls of the Fortaleza in Velez-Malaga\" class=\"wp-image-2806 lazyload\" data-srcset=\"https:\/\/mivelezmalaga.com\/wp-content\/uploads\/2018\/02\/Walls2.jpg 1000w, https:\/\/mivelezmalaga.com\/wp-content\/uploads\/2018\/02\/Walls2-300x169.jpg 300w\" data-sizes=\"(max-width: 1000px) 100vw, 1000px\" src=\"data:image\/svg+xml;base64,PHN2ZyB3aWR0aD0iMSIgaGVpZ2h0PSIxIiB4bWxucz0iaHR0cDovL3d3dy53My5vcmcvMjAwMC9zdmciPjwvc3ZnPg==\" style=\"--smush-placeholder-width: 1000px; --smush-placeholder-aspect-ratio: 1000\/562;\" \/><\/figure>\n\n\n\n<h3 class=\"wp-block-heading\">Las Fortalezas Ya No Son Necesarias<\/h3>\n\n\n\n<p>Siglos despu\u00e9s, durante la invasi\u00f3n francesa, la fortaleza recuper\u00f3 su funci\u00f3n como enclave militar pero tras su abandono por parte de la guarnici\u00f3n militar, el recinto fue vendido a un particular como cantera donde empieza el declive del mismo, pues termina olvidada por las instituciones p\u00fablicas y totalmente saqueado convirti\u00e9ndose en un lugar sin inter\u00e9s ni seguridad.<\/p>\n\n\n\n<h3 class=\"wp-block-heading\">Renacimiento Y Reconstruccion<\/h3>\n\n\n\n<p>El resurgir de la fortaleza comenz\u00f3 en el a\u00f1o 1967 cuando el Ayuntamiento junto con la ayuda del Ministerio de Turismo desarroll\u00f3 un proyecto de reconstrucci\u00f3n que incluy\u00f3 la torre Homenaje, Puerta de Acceso y la pared del castillo orientada al sur.<\/p>\n\n\n\n<figure class=\"wp-block-image\"><img decoding=\"async\" width=\"1000\" height=\"480\" data-src=\"https:\/\/mivelezmalaga.com\/wp-content\/uploads\/2018\/02\/Inside-the-fort.jpg\" alt=\"Inside the Fort in Velez\" class=\"wp-image-2808 lazyload\" data-srcset=\"https:\/\/mivelezmalaga.com\/wp-content\/uploads\/2018\/02\/Inside-the-fort.jpg 1000w, https:\/\/mivelezmalaga.com\/wp-content\/uploads\/2018\/02\/Inside-the-fort-300x144.jpg 300w\" data-sizes=\"(max-width: 1000px) 100vw, 1000px\" src=\"data:image\/svg+xml;base64,PHN2ZyB3aWR0aD0iMSIgaGVpZ2h0PSIxIiB4bWxucz0iaHR0cDovL3d3dy53My5vcmcvMjAwMC9zdmciPjwvc3ZnPg==\" style=\"--smush-placeholder-width: 1000px; --smush-placeholder-aspect-ratio: 1000\/480;\" \/><\/figure>\n\n\n\n<h3 class=\"wp-block-heading\">Localizacion De La Alcazaba<\/h3>\n\n\n\n<figure class=\"wp-block-image\"><img decoding=\"async\" width=\"1000\" height=\"500\" data-src=\"https:\/\/mivelezmalaga.com\/wp-content\/uploads\/2017\/02\/castle-angle-red-flowers.jpg\" alt=\"fortaleza velez malaga grounds\" class=\"wp-image-1096 lazyload\" data-srcset=\"https:\/\/mivelezmalaga.com\/wp-content\/uploads\/2017\/02\/castle-angle-red-flowers.jpg 1000w, https:\/\/mivelezmalaga.com\/wp-content\/uploads\/2017\/02\/castle-angle-red-flowers-300x150.jpg 300w\" data-sizes=\"(max-width: 1000px) 100vw, 1000px\" src=\"data:image\/svg+xml;base64,PHN2ZyB3aWR0aD0iMSIgaGVpZ2h0PSIxIiB4bWxucz0iaHR0cDovL3d3dy53My5vcmcvMjAwMC9zdmciPjwvc3ZnPg==\" style=\"--smush-placeholder-width: 1000px; --smush-placeholder-aspect-ratio: 1000\/500;\" \/><\/figure>\n\n\n\n<p>Lo que podemos ver actualmente del castillo es una m\u00ednima parte de lo que fue la construcci\u00f3n original de la alcazaba ya que ha pasado por muchos procesos de destrucci\u00f3n. Se pueden distinguir diferentes zonas del castillo que siguen criterios en materia defensiva y que fueron realizadas por los ocupantes del siglo XVIII. Se dise\u00f1\u00f3 todo un reciento amurallado cubierto por peque\u00f1as torres macizas con funci\u00f3n militar. El patio fue construido para almacenar armas para las tropas. La torre central, es la que fue reconstruida en su totalidad, con un interior ahuecado y es popularmente conocida como el \u201cdeo\u201d. Originalmente, alrededor de las paredes internas del castillo hab\u00eda un foso pero en la actualidad no queda ning\u00fan rastro del mismo.<\/p>\n\n\n\n<figure class=\"wp-block-image\"><img decoding=\"async\" width=\"1000\" height=\"562\" data-src=\"https:\/\/mivelezmalaga.com\/wp-content\/uploads\/2018\/02\/Walls.jpg\" alt=\"Reconstructed walls of the Fortaleza, Velez-Malaga\" class=\"wp-image-2807 lazyload\" data-srcset=\"https:\/\/mivelezmalaga.com\/wp-content\/uploads\/2018\/02\/Walls.jpg 1000w, https:\/\/mivelezmalaga.com\/wp-content\/uploads\/2018\/02\/Walls-300x169.jpg 300w\" data-sizes=\"(max-width: 1000px) 100vw, 1000px\" src=\"data:image\/svg+xml;base64,PHN2ZyB3aWR0aD0iMSIgaGVpZ2h0PSIxIiB4bWxucz0iaHR0cDovL3d3dy53My5vcmcvMjAwMC9zdmciPjwvc3ZnPg==\" style=\"--smush-placeholder-width: 1000px; --smush-placeholder-aspect-ratio: 1000\/562;\" \/><\/figure>\n\n\n\n<h3 class=\"wp-block-heading\">Como Llegar A La Fortaleza<\/h3>\n\n\n\n<p>Las indicaciones para llegar a la Fortaleza no est\u00e1n muy claras, al igual que ocurre con otros monumentos de la Axarqu\u00eda. Si vas a dar un paseo por el casco antiguo y decides visitar la alcazaba, tienes que dirigirte hac\u00eda la Iglesia de Santa Mar\u00eda (donde tambi\u00e9n puedes hacer un alto en el camino y visitar el Museo de la Semana Santa que se encuentra en su interior). Podr\u00e1 disfrutar de una parte de la antigua muralla de la ciudad, adem\u00e1s de la belleza de la muralla y de parte del entorno natural del castillo y la torre. Si decides ir en coche, la mejor manera de llegar es desde el barrio de Capuchinos en la Avenida Vivar T\u00e9llez, tomaremos la calle Barrero de Capuchinos para una vez llegados al cruce con el Camino de Algarrobo, seguir rectos y tomar directamente la antigua Carretera de Arenas (MA-117) y seguir hacia arriba hasta ver el primer desv\u00edo a la izquierda hacia un carril donde viene indicada la direcci\u00f3n Fortaleza-Alcazaba. Tambi\u00e9n est\u00e1 la opci\u00f3n de visitar la Fortaleza durante el verano en el tren tur\u00edstico donde adem\u00e1s del paisaje podr\u00e1n visitar la construcci\u00f3n desde dentro.<\/p>\n\n\n\n<figure class=\"wp-block-image\"><img decoding=\"async\" width=\"1000\" height=\"666\" data-src=\"https:\/\/mivelezmalaga.com\/wp-content\/uploads\/2018\/02\/Tourist-train.jpg\" alt=\"Velez-Malaga's Tourist Train outside the Fortaleza\" class=\"wp-image-2809 lazyload\" data-srcset=\"https:\/\/mivelezmalaga.com\/wp-content\/uploads\/2018\/02\/Tourist-train.jpg 1000w, https:\/\/mivelezmalaga.com\/wp-content\/uploads\/2018\/02\/Tourist-train-300x200.jpg 300w\" data-sizes=\"(max-width: 1000px) 100vw, 1000px\" src=\"data:image\/svg+xml;base64,PHN2ZyB3aWR0aD0iMSIgaGVpZ2h0PSIxIiB4bWxucz0iaHR0cDovL3d3dy53My5vcmcvMjAwMC9zdmciPjwvc3ZnPg==\" style=\"--smush-placeholder-width: 1000px; --smush-placeholder-aspect-ratio: 1000\/666;\" \/><\/figure>\n\n\n\n<p>Direccion: Calle Palafranero Sebasti\u00e1n S\u00e1ncez, 28.&nbsp;Tel: 952 50 03 40. Abierto: Todo de los dias 08.00 \u2013 21.00. Fortaleza: Mar &#8211; Sab 10.00-14.00horas and 17.00-19.00horas, Domingo 10.00-14.00horas. Gratis.<\/p>\n","protected":false},"excerpt":{"rendered":"<p>La antigua alcazaba de la ciudad de V\u00e9lez-M\u00e1laga se localiza en el punto m\u00e1s elevado del casco urbano, sobre una colina de unos 80 metros sobre el nivel del mar y es la vista m\u00e1s emblem\u00e1tica de la ciudad. Es uno de los monumentos hist\u00f3ricos de visita obligada ya que se puede explorar en su [&hellip;]<\/p>\n","protected":false},"author":2,"featured_media":4414,"parent":5585,"menu_order":0,"comment_status":"closed","ping_status":"closed","template":"page-child.php","meta":{"_acf_changed":false,"footnotes":""},"class_list":["post-3673","page","type-page","status-publish","has-post-thumbnail","hentry"],"acf":[],"yoast_head":"<!-- This site is optimized with the Yoast SEO plugin v27.3 - https:\/\/yoast.com\/product\/yoast-seo-wordpress\/ -->\n<title>Historia e Informaci\u00f3n Sobre La Fortaleza de V\u00e9lez-M\u00e1laga<\/title>\n<meta name=\"description\" content=\"\u00bfQuiere saber la historia y los horarios de apertura de la fortaleza Alcazaba en Velez-M\u00e1laga? Echa un vistazo a nuestra p\u00e1gina sobre la Fortaleza aqu\u00ed...\" \/>\n<meta name=\"robots\" content=\"index, follow, max-snippet:-1, max-image-preview:large, max-video-preview:-1\" \/>\n<link rel=\"canonical\" href=\"https:\/\/mivelezmalaga.com\/es\/que-hacer-en-velez-malaga\/fortaleza\/\" \/>\n<meta property=\"og:locale\" content=\"es_ES\" \/>\n<meta property=\"og:type\" content=\"article\" \/>\n<meta property=\"og:title\" content=\"Historia e Informaci\u00f3n Sobre La Fortaleza de V\u00e9lez-M\u00e1laga\" \/>\n<meta property=\"og:description\" content=\"\u00bfQuiere saber la historia y los horarios de apertura de la fortaleza Alcazaba en Velez-M\u00e1laga? Echa un vistazo a nuestra p\u00e1gina sobre la Fortaleza aqu\u00ed...\" \/>\n<meta property=\"og:url\" content=\"https:\/\/mivelezmalaga.com\/es\/que-hacer-en-velez-malaga\/fortaleza\/\" \/>\n<meta property=\"og:site_name\" content=\"Mi Velez-Malaga\" \/>\n<meta property=\"article:publisher\" content=\"https:\/\/www.facebook.com\/mivelezmalaga\/\" \/>\n<meta property=\"article:modified_time\" content=\"2024-01-16T09:19:16+00:00\" \/>\n<meta property=\"og:image\" content=\"https:\/\/mivelezmalaga.com\/wp-content\/uploads\/2017\/02\/castle-angle-red-flowers.jpg\" \/>\n\t<meta property=\"og:image:width\" content=\"1000\" \/>\n\t<meta property=\"og:image:height\" content=\"500\" \/>\n\t<meta property=\"og:image:type\" content=\"image\/jpeg\" \/>\n<meta name=\"twitter:card\" content=\"summary_large_image\" \/>\n<meta name=\"twitter:site\" content=\"@MiVelezMalaga\" \/>\n<meta name=\"twitter:label1\" content=\"Est. reading time\" \/>\n\t<meta name=\"twitter:data1\" content=\"7 minutes\" \/>\n<script type=\"application\/ld+json\" class=\"yoast-schema-graph\">{\"@context\":\"https:\\\/\\\/schema.org\",\"@graph\":[{\"@type\":\"WebPage\",\"@id\":\"https:\\\/\\\/mivelezmalaga.com\\\/es\\\/que-hacer-en-velez-malaga\\\/fortaleza\\\/\",\"url\":\"https:\\\/\\\/mivelezmalaga.com\\\/es\\\/que-hacer-en-velez-malaga\\\/fortaleza\\\/\",\"name\":\"Historia e Informaci\u00f3n Sobre La Fortaleza de V\u00e9lez-M\u00e1laga\",\"isPartOf\":{\"@id\":\"https:\\\/\\\/mivelezmalaga.com\\\/es\\\/#website\"},\"primaryImageOfPage\":{\"@id\":\"https:\\\/\\\/mivelezmalaga.com\\\/es\\\/que-hacer-en-velez-malaga\\\/fortaleza\\\/#primaryimage\"},\"image\":{\"@id\":\"https:\\\/\\\/mivelezmalaga.com\\\/es\\\/que-hacer-en-velez-malaga\\\/fortaleza\\\/#primaryimage\"},\"thumbnailUrl\":\"https:\\\/\\\/mivelezmalaga.com\\\/wp-content\\\/uploads\\\/2017\\\/02\\\/castle-angle-red-flowers.jpg\",\"datePublished\":\"2019-01-22T15:18:15+00:00\",\"dateModified\":\"2024-01-16T09:19:16+00:00\",\"description\":\"\u00bfQuiere saber la historia y los horarios de apertura de la fortaleza Alcazaba en Velez-M\u00e1laga? Echa un vistazo a nuestra p\u00e1gina sobre la Fortaleza aqu\u00ed...\",\"breadcrumb\":{\"@id\":\"https:\\\/\\\/mivelezmalaga.com\\\/es\\\/que-hacer-en-velez-malaga\\\/fortaleza\\\/#breadcrumb\"},\"inLanguage\":\"es-ES\",\"potentialAction\":[{\"@type\":\"ReadAction\",\"target\":[\"https:\\\/\\\/mivelezmalaga.com\\\/es\\\/que-hacer-en-velez-malaga\\\/fortaleza\\\/\"]}]},{\"@type\":\"ImageObject\",\"inLanguage\":\"es-ES\",\"@id\":\"https:\\\/\\\/mivelezmalaga.com\\\/es\\\/que-hacer-en-velez-malaga\\\/fortaleza\\\/#primaryimage\",\"url\":\"https:\\\/\\\/mivelezmalaga.com\\\/wp-content\\\/uploads\\\/2017\\\/02\\\/castle-angle-red-flowers.jpg\",\"contentUrl\":\"https:\\\/\\\/mivelezmalaga.com\\\/wp-content\\\/uploads\\\/2017\\\/02\\\/castle-angle-red-flowers.jpg\",\"width\":1000,\"height\":500},{\"@type\":\"BreadcrumbList\",\"@id\":\"https:\\\/\\\/mivelezmalaga.com\\\/es\\\/que-hacer-en-velez-malaga\\\/fortaleza\\\/#breadcrumb\",\"itemListElement\":[{\"@type\":\"ListItem\",\"position\":1,\"name\":\"Home\",\"item\":\"https:\\\/\\\/mivelezmalaga.com\\\/es\\\/\"},{\"@type\":\"ListItem\",\"position\":2,\"name\":\"Que hacer en V\u00e9lez-M\u00e1laga\",\"item\":\"https:\\\/\\\/mivelezmalaga.com\\\/es\\\/que-hacer-en-velez-malaga\\\/\"},{\"@type\":\"ListItem\",\"position\":3,\"name\":\"Fortaleza\"}]},{\"@type\":\"WebSite\",\"@id\":\"https:\\\/\\\/mivelezmalaga.com\\\/es\\\/#website\",\"url\":\"https:\\\/\\\/mivelezmalaga.com\\\/es\\\/\",\"name\":\"Mi Velez-Malaga\",\"description\":\"Welcome to V\u00e9lez\",\"potentialAction\":[{\"@type\":\"SearchAction\",\"target\":{\"@type\":\"EntryPoint\",\"urlTemplate\":\"https:\\\/\\\/mivelezmalaga.com\\\/es\\\/?s={search_term_string}\"},\"query-input\":{\"@type\":\"PropertyValueSpecification\",\"valueRequired\":true,\"valueName\":\"search_term_string\"}}],\"inLanguage\":\"es-ES\"}]}<\/script>\n<!-- \/ Yoast SEO plugin. -->","yoast_head_json":{"title":"Historia e Informaci\u00f3n Sobre La Fortaleza de V\u00e9lez-M\u00e1laga","description":"\u00bfQuiere saber la historia y los horarios de apertura de la fortaleza Alcazaba en Velez-M\u00e1laga? Echa un vistazo a nuestra p\u00e1gina sobre la Fortaleza aqu\u00ed...","robots":{"index":"index","follow":"follow","max-snippet":"max-snippet:-1","max-image-preview":"max-image-preview:large","max-video-preview":"max-video-preview:-1"},"canonical":"https:\/\/mivelezmalaga.com\/es\/que-hacer-en-velez-malaga\/fortaleza\/","og_locale":"es_ES","og_type":"article","og_title":"Historia e Informaci\u00f3n Sobre La Fortaleza de V\u00e9lez-M\u00e1laga","og_description":"\u00bfQuiere saber la historia y los horarios de apertura de la fortaleza Alcazaba en Velez-M\u00e1laga? Echa un vistazo a nuestra p\u00e1gina sobre la Fortaleza aqu\u00ed...","og_url":"https:\/\/mivelezmalaga.com\/es\/que-hacer-en-velez-malaga\/fortaleza\/","og_site_name":"Mi Velez-Malaga","article_publisher":"https:\/\/www.facebook.com\/mivelezmalaga\/","article_modified_time":"2024-01-16T09:19:16+00:00","og_image":[{"width":1000,"height":500,"url":"https:\/\/mivelezmalaga.com\/wp-content\/uploads\/2017\/02\/castle-angle-red-flowers.jpg","type":"image\/jpeg"}],"twitter_card":"summary_large_image","twitter_site":"@MiVelezMalaga","twitter_misc":{"Est. reading time":"7 minutes"},"schema":{"@context":"https:\/\/schema.org","@graph":[{"@type":"WebPage","@id":"https:\/\/mivelezmalaga.com\/es\/que-hacer-en-velez-malaga\/fortaleza\/","url":"https:\/\/mivelezmalaga.com\/es\/que-hacer-en-velez-malaga\/fortaleza\/","name":"Historia e Informaci\u00f3n Sobre La Fortaleza de V\u00e9lez-M\u00e1laga","isPartOf":{"@id":"https:\/\/mivelezmalaga.com\/es\/#website"},"primaryImageOfPage":{"@id":"https:\/\/mivelezmalaga.com\/es\/que-hacer-en-velez-malaga\/fortaleza\/#primaryimage"},"image":{"@id":"https:\/\/mivelezmalaga.com\/es\/que-hacer-en-velez-malaga\/fortaleza\/#primaryimage"},"thumbnailUrl":"https:\/\/mivelezmalaga.com\/wp-content\/uploads\/2017\/02\/castle-angle-red-flowers.jpg","datePublished":"2019-01-22T15:18:15+00:00","dateModified":"2024-01-16T09:19:16+00:00","description":"\u00bfQuiere saber la historia y los horarios de apertura de la fortaleza Alcazaba en Velez-M\u00e1laga? Echa un vistazo a nuestra p\u00e1gina sobre la Fortaleza aqu\u00ed...","breadcrumb":{"@id":"https:\/\/mivelezmalaga.com\/es\/que-hacer-en-velez-malaga\/fortaleza\/#breadcrumb"},"inLanguage":"es-ES","potentialAction":[{"@type":"ReadAction","target":["https:\/\/mivelezmalaga.com\/es\/que-hacer-en-velez-malaga\/fortaleza\/"]}]},{"@type":"ImageObject","inLanguage":"es-ES","@id":"https:\/\/mivelezmalaga.com\/es\/que-hacer-en-velez-malaga\/fortaleza\/#primaryimage","url":"https:\/\/mivelezmalaga.com\/wp-content\/uploads\/2017\/02\/castle-angle-red-flowers.jpg","contentUrl":"https:\/\/mivelezmalaga.com\/wp-content\/uploads\/2017\/02\/castle-angle-red-flowers.jpg","width":1000,"height":500},{"@type":"BreadcrumbList","@id":"https:\/\/mivelezmalaga.com\/es\/que-hacer-en-velez-malaga\/fortaleza\/#breadcrumb","itemListElement":[{"@type":"ListItem","position":1,"name":"Home","item":"https:\/\/mivelezmalaga.com\/es\/"},{"@type":"ListItem","position":2,"name":"Que hacer en V\u00e9lez-M\u00e1laga","item":"https:\/\/mivelezmalaga.com\/es\/que-hacer-en-velez-malaga\/"},{"@type":"ListItem","position":3,"name":"Fortaleza"}]},{"@type":"WebSite","@id":"https:\/\/mivelezmalaga.com\/es\/#website","url":"https:\/\/mivelezmalaga.com\/es\/","name":"Mi Velez-Malaga","description":"Welcome to V\u00e9lez","potentialAction":[{"@type":"SearchAction","target":{"@type":"EntryPoint","urlTemplate":"https:\/\/mivelezmalaga.com\/es\/?s={search_term_string}"},"query-input":{"@type":"PropertyValueSpecification","valueRequired":true,"valueName":"search_term_string"}}],"inLanguage":"es-ES"}]}},"_links":{"self":[{"href":"https:\/\/mivelezmalaga.com\/es\/wp-json\/wp\/v2\/pages\/3673","targetHints":{"allow":["GET"]}}],"collection":[{"href":"https:\/\/mivelezmalaga.com\/es\/wp-json\/wp\/v2\/pages"}],"about":[{"href":"https:\/\/mivelezmalaga.com\/es\/wp-json\/wp\/v2\/types\/page"}],"author":[{"embeddable":true,"href":"https:\/\/mivelezmalaga.com\/es\/wp-json\/wp\/v2\/users\/2"}],"replies":[{"embeddable":true,"href":"https:\/\/mivelezmalaga.com\/es\/wp-json\/wp\/v2\/comments?post=3673"}],"version-history":[{"count":2,"href":"https:\/\/mivelezmalaga.com\/es\/wp-json\/wp\/v2\/pages\/3673\/revisions"}],"predecessor-version":[{"id":8414,"href":"https:\/\/mivelezmalaga.com\/es\/wp-json\/wp\/v2\/pages\/3673\/revisions\/8414"}],"up":[{"embeddable":true,"href":"https:\/\/mivelezmalaga.com\/es\/wp-json\/wp\/v2\/pages\/5585"}],"wp:featuredmedia":[{"embeddable":true,"href":"https:\/\/mivelezmalaga.com\/es\/wp-json\/wp\/v2\/media\/4414"}],"wp:attachment":[{"href":"https:\/\/mivelezmalaga.com\/es\/wp-json\/wp\/v2\/media?parent=3673"}],"curies":[{"name":"wp","href":"https:\/\/api.w.org\/{rel}","templated":true}]}}