{"id":3675,"date":"2019-01-22T16:28:07","date_gmt":"2019-01-22T15:28:07","guid":{"rendered":"https:\/\/mivelezmalaga.com\/las-historicas-murallas-de-la-cuidad\/"},"modified":"2024-01-16T10:20:01","modified_gmt":"2024-01-16T09:20:01","slug":"las-historicas-murallas-de-la-cuidad","status":"publish","type":"page","link":"https:\/\/mivelezmalaga.com\/es\/que-hacer-en-velez-malaga\/las-historicas-murallas-de-la-cuidad\/","title":{"rendered":"Las Hist\u00f3ricas Murallas De La Cuidad"},"content":{"rendered":"\n<p>El pasado mud\u00e9jar est\u00e1 presente en la mayor\u00eda de los monumentos de V\u00e9lez-M\u00e1laga y junto con la Fortaleza y la Iglesia de Santa Mar\u00eda, las murallas de la ciudad son un recordatorio presente de este pasado morisco.<\/p>\n\n\n\n<p>El lado norte de la actual Plaza de la Constituci\u00f3n alberga tramos de murallas de la ciudad y es uno de los sitios hist\u00f3ricos m\u00e1s bellos de V\u00e9lez-M\u00e1laga. Para comprender la historia de estos lienzos hist\u00f3ricos recomendamos leer sobre la Fortaleza de la ciudad, aqu\u00ed.<\/p>\n\n\n\n<p>El casco hist\u00f3rico de V\u00e9lez-M\u00e1laga se desarrolla desde la Fortaleza (Alcazaba morisca) con dos tipos de murallas. Las murallas m\u00e1s cercanas que se disponen alrededor de la fortaleza, serv\u00edan para protegerse frente a los ataques. Las murallas exteriores, que se pueden observar hoy, fueron construidas originalmente como primera l\u00ednea de protecci\u00f3n frente a los ataques de los enemigos y abarcaban un \u00e1rea de casi 35.000 metros cuadrados.<\/p>\n\n\n\n<h3 class=\"wp-block-heading\">Historia De Las Murallas<\/h3>\n\n\n\n<p>La poblaci\u00f3n de V\u00e9lez-M\u00e1laga creci\u00f3 entre las zonas de la dos murallas hasta que los a\u00f1os de prosperidad durante el siglo XIII propiciaron que las construcciones se salieran de las murallas y comenzara a resurgir el caso antiguo tal y como lo conocemos hoy. Antes de que la poblaci\u00f3n creciera fuera de los l\u00edmites de las murallas exteriores, para acceder al interior hab\u00eda tres puertas: la de Granada, la de Antequera y la de M\u00e1laga. Solo se conserva la puerta de M\u00e1laga que actualmente se conoce como&nbsp; la Puerta Real de la Villa y que da acceso al barrio de la Villa de V\u00e9lez-M\u00e1laga.<\/p>\n\n\n\n<figure class=\"wp-block-image\"><img decoding=\"async\" width=\"998\" height=\"540\" data-src=\"https:\/\/mivelezmalaga.com\/wp-content\/uploads\/2017\/02\/Walls-with-San-Juan.jpg\" alt=\"City Walls and San Juan Bell Tower in Velez-Malaga\" class=\"wp-image-1374 lazyload\" data-srcset=\"https:\/\/mivelezmalaga.com\/wp-content\/uploads\/2017\/02\/Walls-with-San-Juan.jpg 998w, https:\/\/mivelezmalaga.com\/wp-content\/uploads\/2017\/02\/Walls-with-San-Juan-300x162.jpg 300w\" data-sizes=\"(max-width: 998px) 100vw, 998px\" src=\"data:image\/svg+xml;base64,PHN2ZyB3aWR0aD0iMSIgaGVpZ2h0PSIxIiB4bWxucz0iaHR0cDovL3d3dy53My5vcmcvMjAwMC9zdmciPjwvc3ZnPg==\" style=\"--smush-placeholder-width: 998px; --smush-placeholder-aspect-ratio: 998\/540;\" \/><\/figure>\n\n\n\n<p>Crecimiento de V\u00e9lez-M\u00e1laga<\/p>\n\n\n\n<p>En el siglo XV, V\u00e9lez-M\u00e1laga fue una de las ciudades m\u00e1s importantes del&nbsp;Reino Nazar\u00ed de Granada, ya que por su emplazamiento era una poderosa ruta comercial entre M\u00e1laga y Granada. Una de las puertas de la Medina es la que soportaba el mayor tr\u00e1fico de comercio ya que hasta seis carreteras llevaban a la misma, esto hizo que fuera m\u00e1s vulnerable su protecci\u00f3n por lo que se hizo m\u00e1s grande y se reforz\u00f3&nbsp; para evitar saqueos.<\/p>\n\n\n\n<h3 class=\"wp-block-heading\">Deterioro De Las Murallas<\/h3>\n\n\n\n<p>A medida que pasaba el tiempo, las murallas perd\u00edan su funcionalidad inicial ya que hab\u00eda menos ataques por tierra o mar por lo que la mayor\u00eda de sus muros se empezaron a visualizar a simple vista o se utilizaron para la construcci\u00f3n y divisi\u00f3n de casa vecinales. Cuando la Fortaleza fue vendida a un particular, se empez\u00f3 a utilizar como cantera y se realizaron importantes vaciados de terrenos y demoliciones de estructuras hist\u00f3ricas con el objetivo de llegar hasta el nivel geol\u00f3gico y encontrar la roca caliza para su explotaci\u00f3n. Si pasea por la plaza de la Constituci\u00f3n podr\u00e1 contemplar las imponentes dimensiones que ten\u00edan las murallas que rodeaban la ciudad.<\/p>\n\n\n\n<h3 class=\"wp-block-heading\">Reconstruccion Y Conservacion De Las Murallas<\/h3>\n\n\n\n<figure class=\"wp-block-image\"><img decoding=\"async\" width=\"1000\" height=\"505\" data-src=\"https:\/\/mivelezmalaga.com\/wp-content\/uploads\/2017\/02\/Interior-Walls-La-Villa-Velez-Malaga.jpg\" alt=\"Interior Walls of Velez-Malaga Old Town\" class=\"wp-image-1373 lazyload\" data-srcset=\"https:\/\/mivelezmalaga.com\/wp-content\/uploads\/2017\/02\/Interior-Walls-La-Villa-Velez-Malaga.jpg 1000w, https:\/\/mivelezmalaga.com\/wp-content\/uploads\/2017\/02\/Interior-Walls-La-Villa-Velez-Malaga-300x152.jpg 300w\" data-sizes=\"(max-width: 1000px) 100vw, 1000px\" src=\"data:image\/svg+xml;base64,PHN2ZyB3aWR0aD0iMSIgaGVpZ2h0PSIxIiB4bWxucz0iaHR0cDovL3d3dy53My5vcmcvMjAwMC9zdmciPjwvc3ZnPg==\" style=\"--smush-placeholder-width: 1000px; --smush-placeholder-aspect-ratio: 1000\/505;\" \/><\/figure>\n\n\n\n<p>Las instituciones p\u00fablicas tardaron que poner en valor este monumento hist\u00f3rico y no fue hasta el a\u00f1o 1967 cuando volvieron adquirir la Fortaleza para realizar una importante reconstrucci\u00f3n de la zona.<\/p>\n\n\n\n<p>Contemplar el casco antiguo, pasear junto a las murallas y llegar a la Fortaleza es vivir la rica historia de V\u00e9lez-M\u00e1laga. Mientras m\u00e1s te adentras en la zona de la Villa, la arquitectura mud\u00e9jar est\u00e1 impregnada en la mayor\u00eda de sus calles y es f\u00e1cil imaginar el d\u00eda a d\u00eda tras la antigua protecci\u00f3n de las murallas. Si termina la visita subiendo a la Torre Homenaje, le aconsejamos que lleve su c\u00e1mara pues podr\u00e1 captar im\u00e1genes espectaculares de la ciudad donde antiguamente se utilizaba para divisar posibles ataques de los enemigos.<\/p>\n","protected":false},"excerpt":{"rendered":"<p>El pasado mud\u00e9jar est\u00e1 presente en la mayor\u00eda de los monumentos de V\u00e9lez-M\u00e1laga y junto con la Fortaleza y la Iglesia de Santa Mar\u00eda, las murallas de la ciudad son un recordatorio presente de este pasado morisco. El lado norte de la actual Plaza de la Constituci\u00f3n alberga tramos de murallas de la ciudad y [&hellip;]<\/p>\n","protected":false},"author":2,"featured_media":4489,"parent":5585,"menu_order":0,"comment_status":"closed","ping_status":"closed","template":"page-child.php","meta":{"_acf_changed":false,"footnotes":""},"class_list":["post-3675","page","type-page","status-publish","has-post-thumbnail","hentry"],"acf":[],"yoast_head":"<!-- This site is optimized with the Yoast SEO plugin v27.3 - https:\/\/yoast.com\/product\/yoast-seo-wordpress\/ -->\n<title>Los Antiguos Muros de la Ciudad Morisca de V\u00e9lez-M\u00e1laga<\/title>\n<meta name=\"description\" content=\"V\u00e9lez-M\u00e1laga tiene una historia interesante, y algunos de los muros de la ciudad que datan del siglo XIII son a\u00fan visibles hoy en d\u00eda. Averig\u00fce m\u00e1s aqu\u00ed.\" \/>\n<meta name=\"robots\" content=\"index, follow, max-snippet:-1, max-image-preview:large, max-video-preview:-1\" \/>\n<link rel=\"canonical\" href=\"https:\/\/mivelezmalaga.com\/es\/que-hacer-en-velez-malaga\/las-historicas-murallas-de-la-cuidad\/\" \/>\n<meta property=\"og:locale\" content=\"es_ES\" \/>\n<meta property=\"og:type\" content=\"article\" \/>\n<meta property=\"og:title\" content=\"Los Antiguos Muros de la Ciudad Morisca de V\u00e9lez-M\u00e1laga\" \/>\n<meta property=\"og:description\" content=\"V\u00e9lez-M\u00e1laga tiene una historia interesante, y algunos de los muros de la ciudad que datan del siglo XIII son a\u00fan visibles hoy en d\u00eda. Averig\u00fce m\u00e1s aqu\u00ed.\" \/>\n<meta property=\"og:url\" content=\"https:\/\/mivelezmalaga.com\/es\/que-hacer-en-velez-malaga\/las-historicas-murallas-de-la-cuidad\/\" \/>\n<meta property=\"og:site_name\" content=\"Mi Velez-Malaga\" \/>\n<meta property=\"article:publisher\" content=\"https:\/\/www.facebook.com\/mivelezmalaga\/\" \/>\n<meta property=\"article:modified_time\" content=\"2024-01-16T09:20:01+00:00\" \/>\n<meta property=\"og:image\" content=\"https:\/\/mivelezmalaga.com\/wp-content\/uploads\/2017\/02\/Walls-with-San-Juan.jpg\" \/>\n\t<meta property=\"og:image:width\" content=\"998\" \/>\n\t<meta property=\"og:image:height\" content=\"540\" \/>\n\t<meta property=\"og:image:type\" content=\"image\/jpeg\" \/>\n<meta name=\"twitter:card\" content=\"summary_large_image\" \/>\n<meta name=\"twitter:site\" content=\"@MiVelezMalaga\" \/>\n<meta name=\"twitter:label1\" content=\"Est. reading time\" \/>\n\t<meta name=\"twitter:data1\" content=\"3 minutes\" \/>\n<script type=\"application\/ld+json\" class=\"yoast-schema-graph\">{\"@context\":\"https:\\\/\\\/schema.org\",\"@graph\":[{\"@type\":\"WebPage\",\"@id\":\"https:\\\/\\\/mivelezmalaga.com\\\/es\\\/que-hacer-en-velez-malaga\\\/las-historicas-murallas-de-la-cuidad\\\/\",\"url\":\"https:\\\/\\\/mivelezmalaga.com\\\/es\\\/que-hacer-en-velez-malaga\\\/las-historicas-murallas-de-la-cuidad\\\/\",\"name\":\"Los Antiguos Muros de la Ciudad Morisca de V\u00e9lez-M\u00e1laga\",\"isPartOf\":{\"@id\":\"https:\\\/\\\/mivelezmalaga.com\\\/es\\\/#website\"},\"primaryImageOfPage\":{\"@id\":\"https:\\\/\\\/mivelezmalaga.com\\\/es\\\/que-hacer-en-velez-malaga\\\/las-historicas-murallas-de-la-cuidad\\\/#primaryimage\"},\"image\":{\"@id\":\"https:\\\/\\\/mivelezmalaga.com\\\/es\\\/que-hacer-en-velez-malaga\\\/las-historicas-murallas-de-la-cuidad\\\/#primaryimage\"},\"thumbnailUrl\":\"https:\\\/\\\/mivelezmalaga.com\\\/wp-content\\\/uploads\\\/2017\\\/02\\\/Walls-with-San-Juan.jpg\",\"datePublished\":\"2019-01-22T15:28:07+00:00\",\"dateModified\":\"2024-01-16T09:20:01+00:00\",\"description\":\"V\u00e9lez-M\u00e1laga tiene una historia interesante, y algunos de los muros de la ciudad que datan del siglo XIII son a\u00fan visibles hoy en d\u00eda. Averig\u00fce m\u00e1s aqu\u00ed.\",\"breadcrumb\":{\"@id\":\"https:\\\/\\\/mivelezmalaga.com\\\/es\\\/que-hacer-en-velez-malaga\\\/las-historicas-murallas-de-la-cuidad\\\/#breadcrumb\"},\"inLanguage\":\"es-ES\",\"potentialAction\":[{\"@type\":\"ReadAction\",\"target\":[\"https:\\\/\\\/mivelezmalaga.com\\\/es\\\/que-hacer-en-velez-malaga\\\/las-historicas-murallas-de-la-cuidad\\\/\"]}]},{\"@type\":\"ImageObject\",\"inLanguage\":\"es-ES\",\"@id\":\"https:\\\/\\\/mivelezmalaga.com\\\/es\\\/que-hacer-en-velez-malaga\\\/las-historicas-murallas-de-la-cuidad\\\/#primaryimage\",\"url\":\"https:\\\/\\\/mivelezmalaga.com\\\/wp-content\\\/uploads\\\/2017\\\/02\\\/Walls-with-San-Juan.jpg\",\"contentUrl\":\"https:\\\/\\\/mivelezmalaga.com\\\/wp-content\\\/uploads\\\/2017\\\/02\\\/Walls-with-San-Juan.jpg\",\"width\":998,\"height\":540},{\"@type\":\"BreadcrumbList\",\"@id\":\"https:\\\/\\\/mivelezmalaga.com\\\/es\\\/que-hacer-en-velez-malaga\\\/las-historicas-murallas-de-la-cuidad\\\/#breadcrumb\",\"itemListElement\":[{\"@type\":\"ListItem\",\"position\":1,\"name\":\"Home\",\"item\":\"https:\\\/\\\/mivelezmalaga.com\\\/es\\\/\"},{\"@type\":\"ListItem\",\"position\":2,\"name\":\"Que hacer en V\u00e9lez-M\u00e1laga\",\"item\":\"https:\\\/\\\/mivelezmalaga.com\\\/es\\\/que-hacer-en-velez-malaga\\\/\"},{\"@type\":\"ListItem\",\"position\":3,\"name\":\"Las Hist\u00f3ricas Murallas De La Cuidad\"}]},{\"@type\":\"WebSite\",\"@id\":\"https:\\\/\\\/mivelezmalaga.com\\\/es\\\/#website\",\"url\":\"https:\\\/\\\/mivelezmalaga.com\\\/es\\\/\",\"name\":\"Mi Velez-Malaga\",\"description\":\"Welcome to V\u00e9lez\",\"potentialAction\":[{\"@type\":\"SearchAction\",\"target\":{\"@type\":\"EntryPoint\",\"urlTemplate\":\"https:\\\/\\\/mivelezmalaga.com\\\/es\\\/?s={search_term_string}\"},\"query-input\":{\"@type\":\"PropertyValueSpecification\",\"valueRequired\":true,\"valueName\":\"search_term_string\"}}],\"inLanguage\":\"es-ES\"}]}<\/script>\n<!-- \/ Yoast SEO plugin. -->","yoast_head_json":{"title":"Los Antiguos Muros de la Ciudad Morisca de V\u00e9lez-M\u00e1laga","description":"V\u00e9lez-M\u00e1laga tiene una historia interesante, y algunos de los muros de la ciudad que datan del siglo XIII son a\u00fan visibles hoy en d\u00eda. Averig\u00fce m\u00e1s aqu\u00ed.","robots":{"index":"index","follow":"follow","max-snippet":"max-snippet:-1","max-image-preview":"max-image-preview:large","max-video-preview":"max-video-preview:-1"},"canonical":"https:\/\/mivelezmalaga.com\/es\/que-hacer-en-velez-malaga\/las-historicas-murallas-de-la-cuidad\/","og_locale":"es_ES","og_type":"article","og_title":"Los Antiguos Muros de la Ciudad Morisca de V\u00e9lez-M\u00e1laga","og_description":"V\u00e9lez-M\u00e1laga tiene una historia interesante, y algunos de los muros de la ciudad que datan del siglo XIII son a\u00fan visibles hoy en d\u00eda. Averig\u00fce m\u00e1s aqu\u00ed.","og_url":"https:\/\/mivelezmalaga.com\/es\/que-hacer-en-velez-malaga\/las-historicas-murallas-de-la-cuidad\/","og_site_name":"Mi Velez-Malaga","article_publisher":"https:\/\/www.facebook.com\/mivelezmalaga\/","article_modified_time":"2024-01-16T09:20:01+00:00","og_image":[{"width":998,"height":540,"url":"https:\/\/mivelezmalaga.com\/wp-content\/uploads\/2017\/02\/Walls-with-San-Juan.jpg","type":"image\/jpeg"}],"twitter_card":"summary_large_image","twitter_site":"@MiVelezMalaga","twitter_misc":{"Est. reading time":"3 minutes"},"schema":{"@context":"https:\/\/schema.org","@graph":[{"@type":"WebPage","@id":"https:\/\/mivelezmalaga.com\/es\/que-hacer-en-velez-malaga\/las-historicas-murallas-de-la-cuidad\/","url":"https:\/\/mivelezmalaga.com\/es\/que-hacer-en-velez-malaga\/las-historicas-murallas-de-la-cuidad\/","name":"Los Antiguos Muros de la Ciudad Morisca de V\u00e9lez-M\u00e1laga","isPartOf":{"@id":"https:\/\/mivelezmalaga.com\/es\/#website"},"primaryImageOfPage":{"@id":"https:\/\/mivelezmalaga.com\/es\/que-hacer-en-velez-malaga\/las-historicas-murallas-de-la-cuidad\/#primaryimage"},"image":{"@id":"https:\/\/mivelezmalaga.com\/es\/que-hacer-en-velez-malaga\/las-historicas-murallas-de-la-cuidad\/#primaryimage"},"thumbnailUrl":"https:\/\/mivelezmalaga.com\/wp-content\/uploads\/2017\/02\/Walls-with-San-Juan.jpg","datePublished":"2019-01-22T15:28:07+00:00","dateModified":"2024-01-16T09:20:01+00:00","description":"V\u00e9lez-M\u00e1laga tiene una historia interesante, y algunos de los muros de la ciudad que datan del siglo XIII son a\u00fan visibles hoy en d\u00eda. Averig\u00fce m\u00e1s aqu\u00ed.","breadcrumb":{"@id":"https:\/\/mivelezmalaga.com\/es\/que-hacer-en-velez-malaga\/las-historicas-murallas-de-la-cuidad\/#breadcrumb"},"inLanguage":"es-ES","potentialAction":[{"@type":"ReadAction","target":["https:\/\/mivelezmalaga.com\/es\/que-hacer-en-velez-malaga\/las-historicas-murallas-de-la-cuidad\/"]}]},{"@type":"ImageObject","inLanguage":"es-ES","@id":"https:\/\/mivelezmalaga.com\/es\/que-hacer-en-velez-malaga\/las-historicas-murallas-de-la-cuidad\/#primaryimage","url":"https:\/\/mivelezmalaga.com\/wp-content\/uploads\/2017\/02\/Walls-with-San-Juan.jpg","contentUrl":"https:\/\/mivelezmalaga.com\/wp-content\/uploads\/2017\/02\/Walls-with-San-Juan.jpg","width":998,"height":540},{"@type":"BreadcrumbList","@id":"https:\/\/mivelezmalaga.com\/es\/que-hacer-en-velez-malaga\/las-historicas-murallas-de-la-cuidad\/#breadcrumb","itemListElement":[{"@type":"ListItem","position":1,"name":"Home","item":"https:\/\/mivelezmalaga.com\/es\/"},{"@type":"ListItem","position":2,"name":"Que hacer en V\u00e9lez-M\u00e1laga","item":"https:\/\/mivelezmalaga.com\/es\/que-hacer-en-velez-malaga\/"},{"@type":"ListItem","position":3,"name":"Las Hist\u00f3ricas Murallas De La Cuidad"}]},{"@type":"WebSite","@id":"https:\/\/mivelezmalaga.com\/es\/#website","url":"https:\/\/mivelezmalaga.com\/es\/","name":"Mi Velez-Malaga","description":"Welcome to V\u00e9lez","potentialAction":[{"@type":"SearchAction","target":{"@type":"EntryPoint","urlTemplate":"https:\/\/mivelezmalaga.com\/es\/?s={search_term_string}"},"query-input":{"@type":"PropertyValueSpecification","valueRequired":true,"valueName":"search_term_string"}}],"inLanguage":"es-ES"}]}},"_links":{"self":[{"href":"https:\/\/mivelezmalaga.com\/es\/wp-json\/wp\/v2\/pages\/3675","targetHints":{"allow":["GET"]}}],"collection":[{"href":"https:\/\/mivelezmalaga.com\/es\/wp-json\/wp\/v2\/pages"}],"about":[{"href":"https:\/\/mivelezmalaga.com\/es\/wp-json\/wp\/v2\/types\/page"}],"author":[{"embeddable":true,"href":"https:\/\/mivelezmalaga.com\/es\/wp-json\/wp\/v2\/users\/2"}],"replies":[{"embeddable":true,"href":"https:\/\/mivelezmalaga.com\/es\/wp-json\/wp\/v2\/comments?post=3675"}],"version-history":[{"count":2,"href":"https:\/\/mivelezmalaga.com\/es\/wp-json\/wp\/v2\/pages\/3675\/revisions"}],"predecessor-version":[{"id":8415,"href":"https:\/\/mivelezmalaga.com\/es\/wp-json\/wp\/v2\/pages\/3675\/revisions\/8415"}],"up":[{"embeddable":true,"href":"https:\/\/mivelezmalaga.com\/es\/wp-json\/wp\/v2\/pages\/5585"}],"wp:featuredmedia":[{"embeddable":true,"href":"https:\/\/mivelezmalaga.com\/es\/wp-json\/wp\/v2\/media\/4489"}],"wp:attachment":[{"href":"https:\/\/mivelezmalaga.com\/es\/wp-json\/wp\/v2\/media?parent=3675"}],"curies":[{"name":"wp","href":"https:\/\/api.w.org\/{rel}","templated":true}]}}