{"id":3676,"date":"2019-01-22T16:41:18","date_gmt":"2019-01-22T15:41:18","guid":{"rendered":"https:\/\/mivelezmalaga.com\/iglesias\/"},"modified":"2019-11-04T21:41:22","modified_gmt":"2019-11-04T20:41:22","slug":"iglesias","status":"publish","type":"page","link":"https:\/\/mivelezmalaga.com\/es\/que-hacer-en-velez-malaga\/iglesias\/","title":{"rendered":"Iglesias"},"content":{"rendered":"<p>El arte mud\u00e9jar impregna todas las calles del caso antiguo y la mayor\u00eda de sus monumentos religiosos. El barrio de la Villa en la zona alta del barrio junto con la Fortaleza ofrece una silueta muy peculiar en el horizonte de V\u00e9lez-M\u00e1laga.<\/p>\n<p>Las iglesias de V\u00e9lez, fueron construidas entre los siglos XV y XVIII y la mayor\u00eda fueron levantadas por el lugar que ocupaban antiguas mezquitas de la ciudad musulmana. Hoy en d\u00eda siguen siendo un eje fundamental en la vida cotidiana tal y como fueron en sus or\u00edgenes.<\/p>\n<h3 style=\"text-align: center;\">Ermita de la Virgen de los Remedios<\/h3>\n<p><img decoding=\"async\" class=\"alignnone size-full wp-image-2029 lazyload\" data-src=\"https:\/\/mivelezmalaga.com\/wp-content\/uploads\/2017\/02\/Ermita_De_Los_Remedios_Interior.jpg\" alt=\"Colourful Interior of The Hermitage in Velez-Malaga\" width=\"999\" height=\"500\" data-srcset=\"https:\/\/mivelezmalaga.com\/wp-content\/uploads\/2017\/02\/Ermita_De_Los_Remedios_Interior.jpg 999w, https:\/\/mivelezmalaga.com\/wp-content\/uploads\/2017\/02\/Ermita_De_Los_Remedios_Interior-300x150.jpg 300w\" data-sizes=\"(max-width: 999px) 100vw, 999px\" src=\"data:image\/svg+xml;base64,PHN2ZyB3aWR0aD0iMSIgaGVpZ2h0PSIxIiB4bWxucz0iaHR0cDovL3d3dy53My5vcmcvMjAwMC9zdmciPjwvc3ZnPg==\" style=\"--smush-placeholder-width: 999px; --smush-placeholder-aspect-ratio: 999\/500;\" \/><\/p>\n<p>Construida sobre el Cerro de San Crist\u00f3bal, se levanta a mediados del siglo XVII para la veneraci\u00f3n de la Virgen de los Remedios, patrona de la ciudad. Desde su localizaci\u00f3n ofrece unas vistas impresionantes de la ciudad, los pueblos de la comarca y del mar. Durante el mes de mayo se realizan multitud de actividades y la mayor\u00eda de los vecinos le llevan flores a la virgen. La subida hasta la iglesia est\u00e1 llena de jardines bien cuidados y miradores en los que tomarse un respiro para seguir la marcha. El gran patio exterior es un escenario en el que llevan a cabo eventos y suele ser una ubicaci\u00f3n muy popular para sesiones de fotos de boda.<\/p>\n<p>El interior de la iglesia presenta unos frescos que el artista vele\u00f1o Evaristo Guerra realiz\u00f3 entre 1995 y 2007 en las desnudas paredes del convento y representa los paisajes de la zona convirti\u00e9ndolo en una visita imprescindible para los viajeros. Las personas suelen dejar objetos personales de sus seres queridos para pedir por ellos o hacer una promesa ante la virgen para que se cumpla algo que deseen.<\/p>\n<p>Si no puede acceder por su propio pie a la ermita, puede subir en coche hasta una zona de aparcamientos totalmente gratuito en la zona del parque o el cerro.<\/p>\n<p>Direcci\u00f3n: Cerro de San Crist\u00f3bal. Abierto: martes-domingos 09.30 &#8211; 13.30 y 15.30 &#8211; 18.00<\/p>\n<p><img decoding=\"async\" class=\"alignnone size-full wp-image-1099 lazyload\" data-src=\"https:\/\/mivelezmalaga.com\/wp-content\/uploads\/2017\/02\/ermita-de-nuestra-senora-de-los-remedios-angle-statue.jpg\" alt=\"Ermita In Velez Malaga Andalucia\" width=\"1000\" height=\"500\" data-srcset=\"https:\/\/mivelezmalaga.com\/wp-content\/uploads\/2017\/02\/ermita-de-nuestra-senora-de-los-remedios-angle-statue.jpg 1000w, https:\/\/mivelezmalaga.com\/wp-content\/uploads\/2017\/02\/ermita-de-nuestra-senora-de-los-remedios-angle-statue-300x150.jpg 300w\" data-sizes=\"(max-width: 1000px) 100vw, 1000px\" src=\"data:image\/svg+xml;base64,PHN2ZyB3aWR0aD0iMSIgaGVpZ2h0PSIxIiB4bWxucz0iaHR0cDovL3d3dy53My5vcmcvMjAwMC9zdmciPjwvc3ZnPg==\" style=\"--smush-placeholder-width: 1000px; --smush-placeholder-aspect-ratio: 1000\/500;\" \/><\/p>\n<h3 style=\"text-align: center;\">Iglesia de Santa Mar\u00eda de la Encarnaci\u00f3n<\/h3>\n<p><img decoding=\"async\" class=\"alignnone size-full wp-image-1100 lazyload\" data-src=\"https:\/\/mivelezmalaga.com\/wp-content\/uploads\/2017\/02\/iglesia-santa-maria-bell-tower.jpg\" alt=\"Santa Maria Church Velez Malaga\" width=\"1000\" height=\"500\" data-srcset=\"https:\/\/mivelezmalaga.com\/wp-content\/uploads\/2017\/02\/iglesia-santa-maria-bell-tower.jpg 1000w, https:\/\/mivelezmalaga.com\/wp-content\/uploads\/2017\/02\/iglesia-santa-maria-bell-tower-300x150.jpg 300w\" data-sizes=\"(max-width: 1000px) 100vw, 1000px\" src=\"data:image\/svg+xml;base64,PHN2ZyB3aWR0aD0iMSIgaGVpZ2h0PSIxIiB4bWxucz0iaHR0cDovL3d3dy53My5vcmcvMjAwMC9zdmciPjwvc3ZnPg==\" style=\"--smush-placeholder-width: 1000px; --smush-placeholder-aspect-ratio: 1000\/500;\" \/><\/p>\n<p>A la iglesia de Santa Mar\u00eda podemos llegar andando desde las calles del casco hist\u00f3rico y llegando por las empinadas calles del barrio de la Villa (el antiguo barrio morisco) o en coche desde la Fortaleza. Por su elevada posici\u00f3n es otro punto en V\u00e9lez-M\u00e1laga del que disfrutar de una maravillosa panor\u00e1mica de la ciudad. Es un edificio g\u00f3tico-mud\u00e9jar, construido a principios del siglo XVI y levantado sobre una antigua mezquita con armaduras de madera, arcos apuntados redondeados y de herradura utilizado dentro y fuera de la iglesia.<\/p>\n<p>En su interior encontramos la sede el Museo de la Semana Santa de V\u00e9lez-M\u00e1laga, donde gratuitamente podremos disfrutar de una exposici\u00f3n permanente de enseres de gran valor art\u00edstico de las diferentes cofrad\u00edas y proyecciones audiovisuales para conocer los or\u00edgenes de la Semana Grande de V\u00e9lez. Bajo el templo a\u00fan se conserva el antiguo aljibe, con su pozo, y la cripta de la mezquita.<\/p>\n<p>Direcci\u00f3n: Calle Real de La Villa. Abierto: martes a s\u00e1bado de 10.00 a 14.00 y de 17.00 a 20.00, domingos y festivos de 10.00 a 14.00.<\/p>\n<p><img decoding=\"async\" class=\"alignnone size-full wp-image-2034 lazyload\" data-src=\"https:\/\/mivelezmalaga.com\/wp-content\/uploads\/2017\/02\/Cloisters_Iglesia_de_Santa_Maria.jpg\" alt=\"Cloisters of Iglesia de Santa Maria\" width=\"999\" height=\"503\" data-srcset=\"https:\/\/mivelezmalaga.com\/wp-content\/uploads\/2017\/02\/Cloisters_Iglesia_de_Santa_Maria.jpg 999w, https:\/\/mivelezmalaga.com\/wp-content\/uploads\/2017\/02\/Cloisters_Iglesia_de_Santa_Maria-300x151.jpg 300w\" data-sizes=\"(max-width: 999px) 100vw, 999px\" src=\"data:image\/svg+xml;base64,PHN2ZyB3aWR0aD0iMSIgaGVpZ2h0PSIxIiB4bWxucz0iaHR0cDovL3d3dy53My5vcmcvMjAwMC9zdmciPjwvc3ZnPg==\" style=\"--smush-placeholder-width: 999px; --smush-placeholder-aspect-ratio: 999\/503;\" \/><\/p>\n<h3 style=\"text-align: center;\">Convento de San Francisco<\/h3>\n<p><img decoding=\"async\" class=\"alignnone size-full wp-image-2036 lazyload\" data-src=\"https:\/\/mivelezmalaga.com\/wp-content\/uploads\/2017\/02\/Iglesia_de_San_Francisco.jpg\" alt=\"Iglesia de San Francisco, Velez-Malaga\" width=\"998\" height=\"520\" data-srcset=\"https:\/\/mivelezmalaga.com\/wp-content\/uploads\/2017\/02\/Iglesia_de_San_Francisco.jpg 998w, https:\/\/mivelezmalaga.com\/wp-content\/uploads\/2017\/02\/Iglesia_de_San_Francisco-300x156.jpg 300w\" data-sizes=\"(max-width: 998px) 100vw, 998px\" src=\"data:image\/svg+xml;base64,PHN2ZyB3aWR0aD0iMSIgaGVpZ2h0PSIxIiB4bWxucz0iaHR0cDovL3d3dy53My5vcmcvMjAwMC9zdmciPjwvc3ZnPg==\" style=\"--smush-placeholder-width: 998px; --smush-placeholder-aspect-ratio: 998\/520;\" \/><\/p>\n<p>El convento de San Francisco se encuentra en la Plaza de San Francisco, coraz\u00f3n del centro hist\u00f3rico de V\u00e9lez-M\u00e1laga. Muy cerca del convento encontramos el Palacio Marqu\u00e9s de Beniel y la Casa Cervantes. Se construye en el siglo XVI en lo que antiguamente era una mezquita (evidencia de lo cual todav\u00eda se puede ver en la obra el \u201csebka\u201d motivo decorativo de origen isl\u00e1mico que recubre su campanario \/ minarete). Del conjunto conservado merecen especial atenci\u00f3n el Claustro y la Iglesia de estilo mud\u00e9jar renacentista. La Fachada est\u00e1 enmarcada en pilastras monumentales rematadas por un gran front\u00f3n y fue renovada en el siglo XVIII. En su parte trasera tiene una sala de exposiciones en las que se suelen realizar diversos eventos durante todo el a\u00f1o. Podemos encontrar aparcamiento gratuito en la parte de atr\u00e1s del Palacio de Beniel y en el parking p\u00fablico del Mercado de San Francisco.<\/p>\n<p>Direcci\u00f3n: Plaza San Francisco. Abierto: de lunes a s\u00e1bados de 19.30 a 20.30, domingos 10.30 a 12.00 y 19.30 a 20.30<\/p>\n<p><img decoding=\"async\" class=\"alignnone size-full wp-image-2035 lazyload\" data-src=\"https:\/\/mivelezmalaga.com\/wp-content\/uploads\/2017\/02\/Interior_of_Iglesia_de_San_Fransisco.jpg\" alt=\"Interior of San Francisco Church by Anna Lawlor\" width=\"1000\" height=\"502\" data-srcset=\"https:\/\/mivelezmalaga.com\/wp-content\/uploads\/2017\/02\/Interior_of_Iglesia_de_San_Fransisco.jpg 1000w, https:\/\/mivelezmalaga.com\/wp-content\/uploads\/2017\/02\/Interior_of_Iglesia_de_San_Fransisco-300x151.jpg 300w\" data-sizes=\"(max-width: 1000px) 100vw, 1000px\" src=\"data:image\/svg+xml;base64,PHN2ZyB3aWR0aD0iMSIgaGVpZ2h0PSIxIiB4bWxucz0iaHR0cDovL3d3dy53My5vcmcvMjAwMC9zdmciPjwvc3ZnPg==\" style=\"--smush-placeholder-width: 1000px; --smush-placeholder-aspect-ratio: 1000\/502;\" \/><\/p>\n<h3 style=\"text-align: center;\">Iglesia de San Juan Bautista<\/h3>\n<p><img decoding=\"async\" class=\"alignnone size-large wp-image-3345 lazyload\" data-src=\"https:\/\/mivelezmalaga.com\/wp-content\/uploads\/2018\/10\/San-Juancollage-1024x461.jpg\" alt=\"Iglesia de San Juan, Velez-Malaga\" width=\"1024\" height=\"461\" data-srcset=\"https:\/\/mivelezmalaga.com\/wp-content\/uploads\/2018\/10\/San-Juancollage-1024x461.jpg 1024w, https:\/\/mivelezmalaga.com\/wp-content\/uploads\/2018\/10\/San-Juancollage-300x135.jpg 300w, https:\/\/mivelezmalaga.com\/wp-content\/uploads\/2018\/10\/San-Juancollage.jpg 1223w\" data-sizes=\"(max-width: 1024px) 100vw, 1024px\" src=\"data:image\/svg+xml;base64,PHN2ZyB3aWR0aD0iMSIgaGVpZ2h0PSIxIiB4bWxucz0iaHR0cDovL3d3dy53My5vcmcvMjAwMC9zdmciPjwvc3ZnPg==\" style=\"--smush-placeholder-width: 1024px; --smush-placeholder-aspect-ratio: 1024\/461;\" \/><\/p>\n<p>Es una de las iglesias m\u00e1s grandes de V\u00e9lez-M\u00e1laga, levantada entre finales del siglo XV y XVI, de estilo mud\u00e9jar y una impresionante torre. Se localiza en la Plaza de la Constituci\u00f3n, junto a las antiguas murallas de la ciudad y es un lugar ideal para sentarte y escuchar el sonido de las golondrinas al atardecer. Las reformas realizadas a lo largo del tiempo le fueron adquiriendo su actual estilo neocl\u00e1sico. Actualmente ha sido reformada la cubierta del templo, la restauraci\u00f3n de la sacrist\u00eda, el despacho parroquial y el exterior del templo. En el interior de la iglesia se encuentran varias obras del escultor Pedro de Mena, imaginero andaluz que tambi\u00e9n tall\u00f3 los puestos del coro en la Catedral de M\u00e1laga.<\/p>\n<p>El estacionamiento m\u00e1s cercano es el parking p\u00fablico del Carmen o en la misma Plaza de Constituci\u00f3n.<\/p>\n<p>Direcci\u00f3n: Plaza de la Constituci\u00f3n. Abierto: martes a viernes de 10.00 a 13.30 y de 17.00 a 21.00, domingos \/ festivos de 12.00 a 14.00. Misa: martes, mi\u00e9rcoles, viernes y s\u00e1bados, de 19.30 a 20.30<\/p>\n<p><em>\u00a0<img decoding=\"async\" class=\"alignnone size-full wp-image-1730 lazyload\" data-src=\"https:\/\/mivelezmalaga.com\/wp-content\/uploads\/2017\/02\/san-juan-collage-photo.jpg\" alt=\"san juan collage photo\" width=\"1000\" height=\"500\" data-srcset=\"https:\/\/mivelezmalaga.com\/wp-content\/uploads\/2017\/02\/san-juan-collage-photo.jpg 1000w, https:\/\/mivelezmalaga.com\/wp-content\/uploads\/2017\/02\/san-juan-collage-photo-300x150.jpg 300w\" data-sizes=\"(max-width: 1000px) 100vw, 1000px\" src=\"data:image\/svg+xml;base64,PHN2ZyB3aWR0aD0iMSIgaGVpZ2h0PSIxIiB4bWxucz0iaHR0cDovL3d3dy53My5vcmcvMjAwMC9zdmciPjwvc3ZnPg==\" style=\"--smush-placeholder-width: 1000px; --smush-placeholder-aspect-ratio: 1000\/500;\" \/><\/em><\/p>\n<h3 style=\"text-align: center;\">Iglesia de San Jose<\/h3>\n<p><img decoding=\"async\" class=\"alignnone size-full wp-image-2032 lazyload\" data-src=\"https:\/\/mivelezmalaga.com\/wp-content\/uploads\/2017\/02\/San_Jose_Church_Velez-Malaga.jpg\" alt=\"San Jose Church in Velez-Malaga\" width=\"996\" height=\"501\" data-srcset=\"https:\/\/mivelezmalaga.com\/wp-content\/uploads\/2017\/02\/San_Jose_Church_Velez-Malaga.jpg 996w, https:\/\/mivelezmalaga.com\/wp-content\/uploads\/2017\/02\/San_Jose_Church_Velez-Malaga-300x151.jpg 300w\" data-sizes=\"(max-width: 996px) 100vw, 996px\" src=\"data:image\/svg+xml;base64,PHN2ZyB3aWR0aD0iMSIgaGVpZ2h0PSIxIiB4bWxucz0iaHR0cDovL3d3dy53My5vcmcvMjAwMC9zdmciPjwvc3ZnPg==\" style=\"--smush-placeholder-width: 996px; --smush-placeholder-aspect-ratio: 996\/501;\" \/><\/p>\n<p>La iglesia de San Jos\u00e9 se erigi\u00f3 can\u00f3nicamente en el a\u00f1o 1971 y se construy\u00f3 por el aumento de la poblaci\u00f3n de V\u00e9lez-M\u00e1laga, se encuentra en las afueras de la ciudad y a simple vista se observa que es una iglesia moderna, muy diferentes al resto de templos de V\u00e9lez-M\u00e1laga. Es un edificio de planta moderna, que simula la proa de una barca, terminada en su parte m\u00e1s alta con una cruz de 7 metros y un precioso uso de la luz que entra por las vidrieras.<\/p>\n<p>Direcci\u00f3n: 38 Camino de Algarrobo. Abierto: Invierno, de lunes a viernes de 10.00 a 13.00 y de 16.00 a 20.00, s\u00e1bados de 18.00 a 20.00, dom 11.00 a 13.00, verano, de lunes a viernes 10.30 a 13.00 y de 18.00 a 21.00, s\u00e1bados de 19.00 a 21.00, dom 11.00 a 13.00<\/p>\n<h3 style=\"text-align: center;\">Convento de Jesus, Maria y Jose (Convento de Las Carmelitas Descalzas)<\/h3>\n<p><img decoding=\"async\" class=\"alignnone size-full wp-image-1637 lazyload\" data-src=\"https:\/\/mivelezmalaga.com\/wp-content\/uploads\/2017\/02\/Convent-of-Jesus-Mary-Joseph.jpg\" alt=\"Convent of Jesus, Mary &amp; Joseph\" width=\"765\" height=\"931\" data-srcset=\"https:\/\/mivelezmalaga.com\/wp-content\/uploads\/2017\/02\/Convent-of-Jesus-Mary-Joseph.jpg 765w, https:\/\/mivelezmalaga.com\/wp-content\/uploads\/2017\/02\/Convent-of-Jesus-Mary-Joseph-247x300.jpg 247w\" data-sizes=\"(max-width: 765px) 100vw, 765px\" src=\"data:image\/svg+xml;base64,PHN2ZyB3aWR0aD0iMSIgaGVpZ2h0PSIxIiB4bWxucz0iaHR0cDovL3d3dy53My5vcmcvMjAwMC9zdmciPjwvc3ZnPg==\" style=\"--smush-placeholder-width: 765px; --smush-placeholder-aspect-ratio: 765\/931;\" \/><\/p>\n<p>Conocido popularmente como convento de las Carmelitas fue fundado en 1702 y antiguamente se encontraba a las afueras del casco urbano pero la expansi\u00f3n de la poblaci\u00f3n hizo que actualmente se encuentre en el centro de la ciudad. En sus or\u00edgenes el templo eran dos grandes viviendas compradas por las monjas carmelitas en las que se realizaron importantes obras hasta quedar como un edificio cerrado para preservar la intimidad del convento y el rigor de la clausura. Tiene una sola nave y alberga importantes pinturas murales. El camar\u00edn donde recibe culto Nuestra Sra. del Carmen situado en el altar mayor es una magn\u00edfica capilla barroca policromada. Solo se encuentra abierta durante la hora de misa o para alg\u00fan evento como los conciertos de coro.<\/p>\n<p>Direcci\u00f3n: Plaza de las Carmelitas. Abierto: Servicio, Todos los d\u00edas 08.00, festivos a las 09.00<\/p>\n<p>&nbsp;<\/p>\n","protected":false},"excerpt":{"rendered":"<p>El arte mud\u00e9jar impregna todas las calles del caso antiguo y la mayor\u00eda de sus monumentos religiosos. El barrio de la Villa en la zona alta del barrio junto con la Fortaleza ofrece una silueta muy peculiar en el horizonte de V\u00e9lez-M\u00e1laga. Las iglesias de V\u00e9lez, fueron construidas entre los siglos XV y XVIII y [&hellip;]<\/p>\n","protected":false},"author":2,"featured_media":4418,"parent":5585,"menu_order":0,"comment_status":"closed","ping_status":"closed","template":"page-child.php","meta":{"_acf_changed":false,"footnotes":""},"class_list":["post-3676","page","type-page","status-publish","has-post-thumbnail","hentry"],"acf":[],"yoast_head":"<!-- This site is optimized with the Yoast SEO plugin v27.3 - https:\/\/yoast.com\/product\/yoast-seo-wordpress\/ -->\n<title>Iglesias Hermosas en V\u00e9lez-M\u00e1laga<\/title>\n<meta name=\"description\" content=\"Hay algunas hermosas iglesias en V\u00e9lez-M\u00e1laga. Una visita a la Ermita, los claustros de Santa Maria o San Juan son una necesidad.\" \/>\n<meta name=\"robots\" content=\"index, follow, max-snippet:-1, max-image-preview:large, max-video-preview:-1\" \/>\n<link rel=\"canonical\" href=\"https:\/\/mivelezmalaga.com\/es\/que-hacer-en-velez-malaga\/iglesias\/\" \/>\n<meta property=\"og:locale\" content=\"es_ES\" \/>\n<meta property=\"og:type\" content=\"article\" \/>\n<meta property=\"og:title\" content=\"Iglesias en V\u00e9lez-M\u00e1laga\" \/>\n<meta property=\"og:description\" content=\"Visitar las 5 iglesias m\u00e1s antiguas de V\u00e9lez es una encantadora excursi\u00f3n a pie por la ciudad.\" \/>\n<meta property=\"og:url\" content=\"https:\/\/mivelezmalaga.com\/es\/que-hacer-en-velez-malaga\/iglesias\/\" \/>\n<meta property=\"og:site_name\" content=\"Mi Velez-Malaga\" \/>\n<meta property=\"article:publisher\" content=\"https:\/\/www.facebook.com\/mivelezmalaga\/\" \/>\n<meta property=\"article:modified_time\" content=\"2019-11-04T20:41:22+00:00\" \/>\n<meta property=\"og:image\" content=\"https:\/\/mivelezmalaga.com\/wp-content\/uploads\/2016\/12\/San-Juan-Church-Tower-At-Dusk.jpg\" \/>\n\t<meta property=\"og:image:width\" content=\"1502\" \/>\n\t<meta property=\"og:image:height\" content=\"800\" \/>\n\t<meta property=\"og:image:type\" content=\"image\/jpeg\" \/>\n<meta name=\"twitter:card\" content=\"summary_large_image\" \/>\n<meta name=\"twitter:site\" content=\"@MiVelezMalaga\" \/>\n<meta name=\"twitter:label1\" content=\"Est. reading time\" \/>\n\t<meta name=\"twitter:data1\" content=\"6 minutes\" \/>\n<script type=\"application\/ld+json\" class=\"yoast-schema-graph\">{\"@context\":\"https:\\\/\\\/schema.org\",\"@graph\":[{\"@type\":\"WebPage\",\"@id\":\"https:\\\/\\\/mivelezmalaga.com\\\/es\\\/que-hacer-en-velez-malaga\\\/iglesias\\\/\",\"url\":\"https:\\\/\\\/mivelezmalaga.com\\\/es\\\/que-hacer-en-velez-malaga\\\/iglesias\\\/\",\"name\":\"Iglesias Hermosas en V\u00e9lez-M\u00e1laga\",\"isPartOf\":{\"@id\":\"https:\\\/\\\/mivelezmalaga.com\\\/es\\\/#website\"},\"primaryImageOfPage\":{\"@id\":\"https:\\\/\\\/mivelezmalaga.com\\\/es\\\/que-hacer-en-velez-malaga\\\/iglesias\\\/#primaryimage\"},\"image\":{\"@id\":\"https:\\\/\\\/mivelezmalaga.com\\\/es\\\/que-hacer-en-velez-malaga\\\/iglesias\\\/#primaryimage\"},\"thumbnailUrl\":\"https:\\\/\\\/mivelezmalaga.com\\\/wp-content\\\/uploads\\\/2017\\\/02\\\/san-juan-church-mountains-backdrop.jpg\",\"datePublished\":\"2019-01-22T15:41:18+00:00\",\"dateModified\":\"2019-11-04T20:41:22+00:00\",\"description\":\"Hay algunas hermosas iglesias en V\u00e9lez-M\u00e1laga. Una visita a la Ermita, los claustros de Santa Maria o San Juan son una necesidad.\",\"breadcrumb\":{\"@id\":\"https:\\\/\\\/mivelezmalaga.com\\\/es\\\/que-hacer-en-velez-malaga\\\/iglesias\\\/#breadcrumb\"},\"inLanguage\":\"es-ES\",\"potentialAction\":[{\"@type\":\"ReadAction\",\"target\":[\"https:\\\/\\\/mivelezmalaga.com\\\/es\\\/que-hacer-en-velez-malaga\\\/iglesias\\\/\"]}]},{\"@type\":\"ImageObject\",\"inLanguage\":\"es-ES\",\"@id\":\"https:\\\/\\\/mivelezmalaga.com\\\/es\\\/que-hacer-en-velez-malaga\\\/iglesias\\\/#primaryimage\",\"url\":\"https:\\\/\\\/mivelezmalaga.com\\\/wp-content\\\/uploads\\\/2017\\\/02\\\/san-juan-church-mountains-backdrop.jpg\",\"contentUrl\":\"https:\\\/\\\/mivelezmalaga.com\\\/wp-content\\\/uploads\\\/2017\\\/02\\\/san-juan-church-mountains-backdrop.jpg\",\"width\":1500,\"height\":858},{\"@type\":\"BreadcrumbList\",\"@id\":\"https:\\\/\\\/mivelezmalaga.com\\\/es\\\/que-hacer-en-velez-malaga\\\/iglesias\\\/#breadcrumb\",\"itemListElement\":[{\"@type\":\"ListItem\",\"position\":1,\"name\":\"Home\",\"item\":\"https:\\\/\\\/mivelezmalaga.com\\\/es\\\/\"},{\"@type\":\"ListItem\",\"position\":2,\"name\":\"Que hacer en V\u00e9lez-M\u00e1laga\",\"item\":\"https:\\\/\\\/mivelezmalaga.com\\\/es\\\/que-hacer-en-velez-malaga\\\/\"},{\"@type\":\"ListItem\",\"position\":3,\"name\":\"Iglesias\"}]},{\"@type\":\"WebSite\",\"@id\":\"https:\\\/\\\/mivelezmalaga.com\\\/es\\\/#website\",\"url\":\"https:\\\/\\\/mivelezmalaga.com\\\/es\\\/\",\"name\":\"Mi Velez-Malaga\",\"description\":\"Welcome to V\u00e9lez\",\"potentialAction\":[{\"@type\":\"SearchAction\",\"target\":{\"@type\":\"EntryPoint\",\"urlTemplate\":\"https:\\\/\\\/mivelezmalaga.com\\\/es\\\/?s={search_term_string}\"},\"query-input\":{\"@type\":\"PropertyValueSpecification\",\"valueRequired\":true,\"valueName\":\"search_term_string\"}}],\"inLanguage\":\"es-ES\"}]}<\/script>\n<!-- \/ Yoast SEO plugin. -->","yoast_head_json":{"title":"Iglesias Hermosas en V\u00e9lez-M\u00e1laga","description":"Hay algunas hermosas iglesias en V\u00e9lez-M\u00e1laga. Una visita a la Ermita, los claustros de Santa Maria o San Juan son una necesidad.","robots":{"index":"index","follow":"follow","max-snippet":"max-snippet:-1","max-image-preview":"max-image-preview:large","max-video-preview":"max-video-preview:-1"},"canonical":"https:\/\/mivelezmalaga.com\/es\/que-hacer-en-velez-malaga\/iglesias\/","og_locale":"es_ES","og_type":"article","og_title":"Iglesias en V\u00e9lez-M\u00e1laga","og_description":"Visitar las 5 iglesias m\u00e1s antiguas de V\u00e9lez es una encantadora excursi\u00f3n a pie por la ciudad.","og_url":"https:\/\/mivelezmalaga.com\/es\/que-hacer-en-velez-malaga\/iglesias\/","og_site_name":"Mi Velez-Malaga","article_publisher":"https:\/\/www.facebook.com\/mivelezmalaga\/","article_modified_time":"2019-11-04T20:41:22+00:00","og_image":[{"width":1502,"height":800,"url":"https:\/\/mivelezmalaga.com\/wp-content\/uploads\/2016\/12\/San-Juan-Church-Tower-At-Dusk.jpg","type":"image\/jpeg"}],"twitter_card":"summary_large_image","twitter_site":"@MiVelezMalaga","twitter_misc":{"Est. reading time":"6 minutes"},"schema":{"@context":"https:\/\/schema.org","@graph":[{"@type":"WebPage","@id":"https:\/\/mivelezmalaga.com\/es\/que-hacer-en-velez-malaga\/iglesias\/","url":"https:\/\/mivelezmalaga.com\/es\/que-hacer-en-velez-malaga\/iglesias\/","name":"Iglesias Hermosas en V\u00e9lez-M\u00e1laga","isPartOf":{"@id":"https:\/\/mivelezmalaga.com\/es\/#website"},"primaryImageOfPage":{"@id":"https:\/\/mivelezmalaga.com\/es\/que-hacer-en-velez-malaga\/iglesias\/#primaryimage"},"image":{"@id":"https:\/\/mivelezmalaga.com\/es\/que-hacer-en-velez-malaga\/iglesias\/#primaryimage"},"thumbnailUrl":"https:\/\/mivelezmalaga.com\/wp-content\/uploads\/2017\/02\/san-juan-church-mountains-backdrop.jpg","datePublished":"2019-01-22T15:41:18+00:00","dateModified":"2019-11-04T20:41:22+00:00","description":"Hay algunas hermosas iglesias en V\u00e9lez-M\u00e1laga. Una visita a la Ermita, los claustros de Santa Maria o San Juan son una necesidad.","breadcrumb":{"@id":"https:\/\/mivelezmalaga.com\/es\/que-hacer-en-velez-malaga\/iglesias\/#breadcrumb"},"inLanguage":"es-ES","potentialAction":[{"@type":"ReadAction","target":["https:\/\/mivelezmalaga.com\/es\/que-hacer-en-velez-malaga\/iglesias\/"]}]},{"@type":"ImageObject","inLanguage":"es-ES","@id":"https:\/\/mivelezmalaga.com\/es\/que-hacer-en-velez-malaga\/iglesias\/#primaryimage","url":"https:\/\/mivelezmalaga.com\/wp-content\/uploads\/2017\/02\/san-juan-church-mountains-backdrop.jpg","contentUrl":"https:\/\/mivelezmalaga.com\/wp-content\/uploads\/2017\/02\/san-juan-church-mountains-backdrop.jpg","width":1500,"height":858},{"@type":"BreadcrumbList","@id":"https:\/\/mivelezmalaga.com\/es\/que-hacer-en-velez-malaga\/iglesias\/#breadcrumb","itemListElement":[{"@type":"ListItem","position":1,"name":"Home","item":"https:\/\/mivelezmalaga.com\/es\/"},{"@type":"ListItem","position":2,"name":"Que hacer en V\u00e9lez-M\u00e1laga","item":"https:\/\/mivelezmalaga.com\/es\/que-hacer-en-velez-malaga\/"},{"@type":"ListItem","position":3,"name":"Iglesias"}]},{"@type":"WebSite","@id":"https:\/\/mivelezmalaga.com\/es\/#website","url":"https:\/\/mivelezmalaga.com\/es\/","name":"Mi Velez-Malaga","description":"Welcome to V\u00e9lez","potentialAction":[{"@type":"SearchAction","target":{"@type":"EntryPoint","urlTemplate":"https:\/\/mivelezmalaga.com\/es\/?s={search_term_string}"},"query-input":{"@type":"PropertyValueSpecification","valueRequired":true,"valueName":"search_term_string"}}],"inLanguage":"es-ES"}]}},"_links":{"self":[{"href":"https:\/\/mivelezmalaga.com\/es\/wp-json\/wp\/v2\/pages\/3676","targetHints":{"allow":["GET"]}}],"collection":[{"href":"https:\/\/mivelezmalaga.com\/es\/wp-json\/wp\/v2\/pages"}],"about":[{"href":"https:\/\/mivelezmalaga.com\/es\/wp-json\/wp\/v2\/types\/page"}],"author":[{"embeddable":true,"href":"https:\/\/mivelezmalaga.com\/es\/wp-json\/wp\/v2\/users\/2"}],"replies":[{"embeddable":true,"href":"https:\/\/mivelezmalaga.com\/es\/wp-json\/wp\/v2\/comments?post=3676"}],"version-history":[{"count":4,"href":"https:\/\/mivelezmalaga.com\/es\/wp-json\/wp\/v2\/pages\/3676\/revisions"}],"predecessor-version":[{"id":6379,"href":"https:\/\/mivelezmalaga.com\/es\/wp-json\/wp\/v2\/pages\/3676\/revisions\/6379"}],"up":[{"embeddable":true,"href":"https:\/\/mivelezmalaga.com\/es\/wp-json\/wp\/v2\/pages\/5585"}],"wp:featuredmedia":[{"embeddable":true,"href":"https:\/\/mivelezmalaga.com\/es\/wp-json\/wp\/v2\/media\/4418"}],"wp:attachment":[{"href":"https:\/\/mivelezmalaga.com\/es\/wp-json\/wp\/v2\/media?parent=3676"}],"curies":[{"name":"wp","href":"https:\/\/api.w.org\/{rel}","templated":true}]}}