{"id":3678,"date":"2019-01-22T18:03:47","date_gmt":"2019-01-22T17:03:47","guid":{"rendered":"https:\/\/mivelezmalaga.com\/tiendas-y-negocios\/"},"modified":"2024-02-08T15:26:41","modified_gmt":"2024-02-08T14:26:41","slug":"tiendas-y-negocios","status":"publish","type":"page","link":"https:\/\/mivelezmalaga.com\/es\/tiendas-y-negocios\/","title":{"rendered":"Tiendas y negocios"},"content":{"rendered":"\n<p>Se dijo una vez que &#8220;si no lo encuentras en V\u00e9lez, no lo encuentras en toda M\u00e1laga&#8221; y esto sigue siendo cierto hoy en d\u00eda. A pesar de su tama\u00f1o, V\u00e9lez-M\u00e1laga alberga una amplia gama de comercios y negocios, desde boutiques independientes hasta abogados, m\u00e9dicos y dentistas.<\/p>\n","protected":false},"excerpt":{"rendered":"<p>Se dijo una vez que &#8220;si no lo encuentras en V\u00e9lez, no lo encuentras en toda M\u00e1laga&#8221; y esto sigue siendo cierto hoy en d\u00eda. A pesar de su tama\u00f1o, V\u00e9lez-M\u00e1laga alberga una amplia gama de comercios y negocios, desde boutiques independientes hasta abogados, m\u00e9dicos y dentistas.<\/p>\n","protected":false},"author":1,"featured_media":0,"parent":0,"menu_order":0,"comment_status":"closed","ping_status":"closed","template":"page-sub.php","meta":{"_acf_changed":false,"footnotes":""},"class_list":["post-3678","page","type-page","status-publish","hentry"],"acf":[],"yoast_head":"<!-- This site is optimized with the Yoast SEO plugin v27.3 - https:\/\/yoast.com\/product\/yoast-seo-wordpress\/ -->\n<title>Gu\u00eda de los mejores comercios de V\u00e9lez-M\u00e1laga<\/title>\n<meta name=\"description\" content=\"\u00bfNecesita hacer alguna gesti\u00f3n o encontrar un negocio concreto en V\u00e9lez? No busque m\u00e1s. Consulte nuestra completa gu\u00eda y encuentre exactamente lo que busca.\" \/>\n<meta name=\"robots\" content=\"index, follow, max-snippet:-1, max-image-preview:large, max-video-preview:-1\" \/>\n<link rel=\"canonical\" href=\"https:\/\/mivelezmalaga.com\/es\/tiendas-y-negocios\/\" \/>\n<meta property=\"og:locale\" content=\"es_ES\" \/>\n<meta property=\"og:type\" content=\"article\" \/>\n<meta property=\"og:title\" content=\"Gu\u00eda de los mejores comercios de V\u00e9lez-M\u00e1laga\" \/>\n<meta property=\"og:description\" content=\"\u00bfNecesita hacer alguna gesti\u00f3n o encontrar un negocio concreto en V\u00e9lez? No busque m\u00e1s. Consulte nuestra completa gu\u00eda y encuentre exactamente lo que busca.\" \/>\n<meta property=\"og:url\" content=\"https:\/\/mivelezmalaga.com\/es\/tiendas-y-negocios\/\" \/>\n<meta property=\"og:site_name\" content=\"Mi Velez-Malaga\" \/>\n<meta property=\"article:publisher\" content=\"https:\/\/www.facebook.com\/mivelezmalaga\/\" \/>\n<meta property=\"article:modified_time\" content=\"2024-02-08T14:26:41+00:00\" \/>\n<meta name=\"twitter:card\" content=\"summary_large_image\" \/>\n<meta name=\"twitter:site\" content=\"@MiVelezMalaga\" \/>\n<meta name=\"twitter:label1\" content=\"Est. reading time\" \/>\n\t<meta name=\"twitter:data1\" content=\"3 minutes\" \/>\n<script type=\"application\/ld+json\" class=\"yoast-schema-graph\">{\"@context\":\"https:\\\/\\\/schema.org\",\"@graph\":[{\"@type\":\"WebPage\",\"@id\":\"https:\\\/\\\/mivelezmalaga.com\\\/es\\\/tiendas-y-negocios\\\/\",\"url\":\"https:\\\/\\\/mivelezmalaga.com\\\/es\\\/tiendas-y-negocios\\\/\",\"name\":\"Gu\u00eda de los mejores comercios de V\u00e9lez-M\u00e1laga\",\"isPartOf\":{\"@id\":\"https:\\\/\\\/mivelezmalaga.com\\\/es\\\/#website\"},\"datePublished\":\"2019-01-22T17:03:47+00:00\",\"dateModified\":\"2024-02-08T14:26:41+00:00\",\"description\":\"\u00bfNecesita hacer alguna gesti\u00f3n o encontrar un negocio concreto en V\u00e9lez? No busque m\u00e1s. Consulte nuestra completa gu\u00eda y encuentre exactamente lo que busca.\",\"breadcrumb\":{\"@id\":\"https:\\\/\\\/mivelezmalaga.com\\\/es\\\/tiendas-y-negocios\\\/#breadcrumb\"},\"inLanguage\":\"es-ES\",\"potentialAction\":[{\"@type\":\"ReadAction\",\"target\":[\"https:\\\/\\\/mivelezmalaga.com\\\/es\\\/tiendas-y-negocios\\\/\"]}]},{\"@type\":\"BreadcrumbList\",\"@id\":\"https:\\\/\\\/mivelezmalaga.com\\\/es\\\/tiendas-y-negocios\\\/#breadcrumb\",\"itemListElement\":[{\"@type\":\"ListItem\",\"position\":1,\"name\":\"Home\",\"item\":\"https:\\\/\\\/mivelezmalaga.com\\\/es\\\/\"},{\"@type\":\"ListItem\",\"position\":2,\"name\":\"Tiendas y negocios\"}]},{\"@type\":\"WebSite\",\"@id\":\"https:\\\/\\\/mivelezmalaga.com\\\/es\\\/#website\",\"url\":\"https:\\\/\\\/mivelezmalaga.com\\\/es\\\/\",\"name\":\"Mi Velez-Malaga\",\"description\":\"Welcome to V\u00e9lez\",\"potentialAction\":[{\"@type\":\"SearchAction\",\"target\":{\"@type\":\"EntryPoint\",\"urlTemplate\":\"https:\\\/\\\/mivelezmalaga.com\\\/es\\\/?s={search_term_string}\"},\"query-input\":{\"@type\":\"PropertyValueSpecification\",\"valueRequired\":true,\"valueName\":\"search_term_string\"}}],\"inLanguage\":\"es-ES\"}]}<\/script>\n<!-- \/ Yoast SEO plugin. -->","yoast_head_json":{"title":"Gu\u00eda de los mejores comercios de V\u00e9lez-M\u00e1laga","description":"\u00bfNecesita hacer alguna gesti\u00f3n o encontrar un negocio concreto en V\u00e9lez? No busque m\u00e1s. Consulte nuestra completa gu\u00eda y encuentre exactamente lo que busca.","robots":{"index":"index","follow":"follow","max-snippet":"max-snippet:-1","max-image-preview":"max-image-preview:large","max-video-preview":"max-video-preview:-1"},"canonical":"https:\/\/mivelezmalaga.com\/es\/tiendas-y-negocios\/","og_locale":"es_ES","og_type":"article","og_title":"Gu\u00eda de los mejores comercios de V\u00e9lez-M\u00e1laga","og_description":"\u00bfNecesita hacer alguna gesti\u00f3n o encontrar un negocio concreto en V\u00e9lez? No busque m\u00e1s. Consulte nuestra completa gu\u00eda y encuentre exactamente lo que busca.","og_url":"https:\/\/mivelezmalaga.com\/es\/tiendas-y-negocios\/","og_site_name":"Mi Velez-Malaga","article_publisher":"https:\/\/www.facebook.com\/mivelezmalaga\/","article_modified_time":"2024-02-08T14:26:41+00:00","twitter_card":"summary_large_image","twitter_site":"@MiVelezMalaga","twitter_misc":{"Est. reading time":"3 minutes"},"schema":{"@context":"https:\/\/schema.org","@graph":[{"@type":"WebPage","@id":"https:\/\/mivelezmalaga.com\/es\/tiendas-y-negocios\/","url":"https:\/\/mivelezmalaga.com\/es\/tiendas-y-negocios\/","name":"Gu\u00eda de los mejores comercios de V\u00e9lez-M\u00e1laga","isPartOf":{"@id":"https:\/\/mivelezmalaga.com\/es\/#website"},"datePublished":"2019-01-22T17:03:47+00:00","dateModified":"2024-02-08T14:26:41+00:00","description":"\u00bfNecesita hacer alguna gesti\u00f3n o encontrar un negocio concreto en V\u00e9lez? No busque m\u00e1s. Consulte nuestra completa gu\u00eda y encuentre exactamente lo que busca.","breadcrumb":{"@id":"https:\/\/mivelezmalaga.com\/es\/tiendas-y-negocios\/#breadcrumb"},"inLanguage":"es-ES","potentialAction":[{"@type":"ReadAction","target":["https:\/\/mivelezmalaga.com\/es\/tiendas-y-negocios\/"]}]},{"@type":"BreadcrumbList","@id":"https:\/\/mivelezmalaga.com\/es\/tiendas-y-negocios\/#breadcrumb","itemListElement":[{"@type":"ListItem","position":1,"name":"Home","item":"https:\/\/mivelezmalaga.com\/es\/"},{"@type":"ListItem","position":2,"name":"Tiendas y negocios"}]},{"@type":"WebSite","@id":"https:\/\/mivelezmalaga.com\/es\/#website","url":"https:\/\/mivelezmalaga.com\/es\/","name":"Mi Velez-Malaga","description":"Welcome to V\u00e9lez","potentialAction":[{"@type":"SearchAction","target":{"@type":"EntryPoint","urlTemplate":"https:\/\/mivelezmalaga.com\/es\/?s={search_term_string}"},"query-input":{"@type":"PropertyValueSpecification","valueRequired":true,"valueName":"search_term_string"}}],"inLanguage":"es-ES"}]}},"_links":{"self":[{"href":"https:\/\/mivelezmalaga.com\/es\/wp-json\/wp\/v2\/pages\/3678","targetHints":{"allow":["GET"]}}],"collection":[{"href":"https:\/\/mivelezmalaga.com\/es\/wp-json\/wp\/v2\/pages"}],"about":[{"href":"https:\/\/mivelezmalaga.com\/es\/wp-json\/wp\/v2\/types\/page"}],"author":[{"embeddable":true,"href":"https:\/\/mivelezmalaga.com\/es\/wp-json\/wp\/v2\/users\/1"}],"replies":[{"embeddable":true,"href":"https:\/\/mivelezmalaga.com\/es\/wp-json\/wp\/v2\/comments?post=3678"}],"version-history":[{"count":11,"href":"https:\/\/mivelezmalaga.com\/es\/wp-json\/wp\/v2\/pages\/3678\/revisions"}],"predecessor-version":[{"id":8628,"href":"https:\/\/mivelezmalaga.com\/es\/wp-json\/wp\/v2\/pages\/3678\/revisions\/8628"}],"wp:attachment":[{"href":"https:\/\/mivelezmalaga.com\/es\/wp-json\/wp\/v2\/media?parent=3678"}],"curies":[{"name":"wp","href":"https:\/\/api.w.org\/{rel}","templated":true}]}}