{"id":3680,"date":"2019-01-22T18:35:19","date_gmt":"2019-01-22T17:35:19","guid":{"rendered":"https:\/\/mivelezmalaga.com\/medicos-clinicas\/"},"modified":"2024-01-16T10:32:37","modified_gmt":"2024-01-16T09:32:37","slug":"medicos-clinicas","status":"publish","type":"page","link":"https:\/\/mivelezmalaga.com\/es\/vivir\/medicos-clinicas\/","title":{"rendered":"M\u00e9dicos (cl\u00ednicas)"},"content":{"rendered":"\n<p>V\u00e9lez-M\u00e1laga tiene una amplia variedad de centro cl\u00ednicos con grandes profesionales m\u00e9dicos en todo tipo de especialidades. Si tiene alguna revisi\u00f3n anual o alguna consulta relacionada con su salud, le dejamos un listado con las principales cl\u00ednicas y centros de salud.<\/p>\n","protected":false},"excerpt":{"rendered":"<p>V\u00e9lez-M\u00e1laga tiene una amplia variedad de centro cl\u00ednicos con grandes profesionales m\u00e9dicos en todo tipo de especialidades. Si tiene alguna revisi\u00f3n anual o alguna consulta relacionada con su salud, le dejamos un listado con las principales cl\u00ednicas y centros de salud.<\/p>\n","protected":false},"author":2,"featured_media":0,"parent":3713,"menu_order":10,"comment_status":"closed","ping_status":"closed","template":"page-businesses.php","meta":{"_acf_changed":false,"footnotes":""},"class_list":["post-3680","page","type-page","status-publish","hentry"],"acf":[],"yoast_head":"<!-- This site is optimized with the Yoast SEO plugin v27.3 - https:\/\/yoast.com\/product\/yoast-seo-wordpress\/ -->\n<title>Centros m\u00e9dicos, m\u00e9dicos privados y seguros m\u00e9dicos en V\u00e9lez-M\u00e1laga<\/title>\n<meta name=\"description\" content=\"Ya sea que est\u00e9 buscando un m\u00e9dico privado, un centro m\u00e9dico p\u00fablico o incluso compa\u00f1\u00edas de seguros m\u00e9dicos, puede encontrar lo que est\u00e1 buscando aqu\u00ed mismo...\" \/>\n<meta name=\"robots\" content=\"index, follow, max-snippet:-1, max-image-preview:large, max-video-preview:-1\" \/>\n<link rel=\"canonical\" href=\"https:\/\/mivelezmalaga.com\/es\/vivir\/medicos-clinicas\/\" \/>\n<meta property=\"og:locale\" content=\"es_ES\" \/>\n<meta property=\"og:type\" content=\"article\" \/>\n<meta property=\"og:title\" content=\"Centros m\u00e9dicos, m\u00e9dicos privados y seguros m\u00e9dicos en V\u00e9lez-M\u00e1laga\" \/>\n<meta property=\"og:description\" content=\"Ya sea que est\u00e9 buscando un m\u00e9dico privado, un centro m\u00e9dico p\u00fablico o incluso compa\u00f1\u00edas de seguros m\u00e9dicos, puede encontrar lo que est\u00e1 buscando aqu\u00ed mismo...\" \/>\n<meta property=\"og:url\" content=\"https:\/\/mivelezmalaga.com\/es\/vivir\/medicos-clinicas\/\" \/>\n<meta property=\"og:site_name\" content=\"Mi Velez-Malaga\" \/>\n<meta property=\"article:publisher\" content=\"https:\/\/www.facebook.com\/mivelezmalaga\/\" \/>\n<meta property=\"article:modified_time\" content=\"2024-01-16T09:32:37+00:00\" \/>\n<meta name=\"twitter:card\" content=\"summary_large_image\" \/>\n<meta name=\"twitter:site\" content=\"@MiVelezMalaga\" \/>\n<meta name=\"twitter:label1\" content=\"Est. reading time\" \/>\n\t<meta name=\"twitter:data1\" content=\"1 minute\" \/>\n<script type=\"application\/ld+json\" class=\"yoast-schema-graph\">{\"@context\":\"https:\\\/\\\/schema.org\",\"@graph\":[{\"@type\":\"WebPage\",\"@id\":\"https:\\\/\\\/mivelezmalaga.com\\\/es\\\/vivir\\\/medicos-clinicas\\\/\",\"url\":\"https:\\\/\\\/mivelezmalaga.com\\\/es\\\/vivir\\\/medicos-clinicas\\\/\",\"name\":\"Centros m\u00e9dicos, m\u00e9dicos privados y seguros m\u00e9dicos en V\u00e9lez-M\u00e1laga\",\"isPartOf\":{\"@id\":\"https:\\\/\\\/mivelezmalaga.com\\\/es\\\/#website\"},\"datePublished\":\"2019-01-22T17:35:19+00:00\",\"dateModified\":\"2024-01-16T09:32:37+00:00\",\"description\":\"Ya sea que est\u00e9 buscando un m\u00e9dico privado, un centro m\u00e9dico p\u00fablico o incluso compa\u00f1\u00edas de seguros m\u00e9dicos, puede encontrar lo que est\u00e1 buscando aqu\u00ed mismo...\",\"breadcrumb\":{\"@id\":\"https:\\\/\\\/mivelezmalaga.com\\\/es\\\/vivir\\\/medicos-clinicas\\\/#breadcrumb\"},\"inLanguage\":\"es-ES\",\"potentialAction\":[{\"@type\":\"ReadAction\",\"target\":[\"https:\\\/\\\/mivelezmalaga.com\\\/es\\\/vivir\\\/medicos-clinicas\\\/\"]}]},{\"@type\":\"BreadcrumbList\",\"@id\":\"https:\\\/\\\/mivelezmalaga.com\\\/es\\\/vivir\\\/medicos-clinicas\\\/#breadcrumb\",\"itemListElement\":[{\"@type\":\"ListItem\",\"position\":1,\"name\":\"Home\",\"item\":\"https:\\\/\\\/mivelezmalaga.com\\\/es\\\/\"},{\"@type\":\"ListItem\",\"position\":2,\"name\":\"Vivir\",\"item\":\"https:\\\/\\\/mivelezmalaga.com\\\/es\\\/vivir\\\/\"},{\"@type\":\"ListItem\",\"position\":3,\"name\":\"M\u00e9dicos (cl\u00ednicas)\"}]},{\"@type\":\"WebSite\",\"@id\":\"https:\\\/\\\/mivelezmalaga.com\\\/es\\\/#website\",\"url\":\"https:\\\/\\\/mivelezmalaga.com\\\/es\\\/\",\"name\":\"Mi Velez-Malaga\",\"description\":\"Welcome to V\u00e9lez\",\"potentialAction\":[{\"@type\":\"SearchAction\",\"target\":{\"@type\":\"EntryPoint\",\"urlTemplate\":\"https:\\\/\\\/mivelezmalaga.com\\\/es\\\/?s={search_term_string}\"},\"query-input\":{\"@type\":\"PropertyValueSpecification\",\"valueRequired\":true,\"valueName\":\"search_term_string\"}}],\"inLanguage\":\"es-ES\"}]}<\/script>\n<!-- \/ Yoast SEO plugin. -->","yoast_head_json":{"title":"Centros m\u00e9dicos, m\u00e9dicos privados y seguros m\u00e9dicos en V\u00e9lez-M\u00e1laga","description":"Ya sea que est\u00e9 buscando un m\u00e9dico privado, un centro m\u00e9dico p\u00fablico o incluso compa\u00f1\u00edas de seguros m\u00e9dicos, puede encontrar lo que est\u00e1 buscando aqu\u00ed mismo...","robots":{"index":"index","follow":"follow","max-snippet":"max-snippet:-1","max-image-preview":"max-image-preview:large","max-video-preview":"max-video-preview:-1"},"canonical":"https:\/\/mivelezmalaga.com\/es\/vivir\/medicos-clinicas\/","og_locale":"es_ES","og_type":"article","og_title":"Centros m\u00e9dicos, m\u00e9dicos privados y seguros m\u00e9dicos en V\u00e9lez-M\u00e1laga","og_description":"Ya sea que est\u00e9 buscando un m\u00e9dico privado, un centro m\u00e9dico p\u00fablico o incluso compa\u00f1\u00edas de seguros m\u00e9dicos, puede encontrar lo que est\u00e1 buscando aqu\u00ed mismo...","og_url":"https:\/\/mivelezmalaga.com\/es\/vivir\/medicos-clinicas\/","og_site_name":"Mi Velez-Malaga","article_publisher":"https:\/\/www.facebook.com\/mivelezmalaga\/","article_modified_time":"2024-01-16T09:32:37+00:00","twitter_card":"summary_large_image","twitter_site":"@MiVelezMalaga","twitter_misc":{"Est. reading time":"1 minute"},"schema":{"@context":"https:\/\/schema.org","@graph":[{"@type":"WebPage","@id":"https:\/\/mivelezmalaga.com\/es\/vivir\/medicos-clinicas\/","url":"https:\/\/mivelezmalaga.com\/es\/vivir\/medicos-clinicas\/","name":"Centros m\u00e9dicos, m\u00e9dicos privados y seguros m\u00e9dicos en V\u00e9lez-M\u00e1laga","isPartOf":{"@id":"https:\/\/mivelezmalaga.com\/es\/#website"},"datePublished":"2019-01-22T17:35:19+00:00","dateModified":"2024-01-16T09:32:37+00:00","description":"Ya sea que est\u00e9 buscando un m\u00e9dico privado, un centro m\u00e9dico p\u00fablico o incluso compa\u00f1\u00edas de seguros m\u00e9dicos, puede encontrar lo que est\u00e1 buscando aqu\u00ed mismo...","breadcrumb":{"@id":"https:\/\/mivelezmalaga.com\/es\/vivir\/medicos-clinicas\/#breadcrumb"},"inLanguage":"es-ES","potentialAction":[{"@type":"ReadAction","target":["https:\/\/mivelezmalaga.com\/es\/vivir\/medicos-clinicas\/"]}]},{"@type":"BreadcrumbList","@id":"https:\/\/mivelezmalaga.com\/es\/vivir\/medicos-clinicas\/#breadcrumb","itemListElement":[{"@type":"ListItem","position":1,"name":"Home","item":"https:\/\/mivelezmalaga.com\/es\/"},{"@type":"ListItem","position":2,"name":"Vivir","item":"https:\/\/mivelezmalaga.com\/es\/vivir\/"},{"@type":"ListItem","position":3,"name":"M\u00e9dicos (cl\u00ednicas)"}]},{"@type":"WebSite","@id":"https:\/\/mivelezmalaga.com\/es\/#website","url":"https:\/\/mivelezmalaga.com\/es\/","name":"Mi Velez-Malaga","description":"Welcome to V\u00e9lez","potentialAction":[{"@type":"SearchAction","target":{"@type":"EntryPoint","urlTemplate":"https:\/\/mivelezmalaga.com\/es\/?s={search_term_string}"},"query-input":{"@type":"PropertyValueSpecification","valueRequired":true,"valueName":"search_term_string"}}],"inLanguage":"es-ES"}]}},"_links":{"self":[{"href":"https:\/\/mivelezmalaga.com\/es\/wp-json\/wp\/v2\/pages\/3680","targetHints":{"allow":["GET"]}}],"collection":[{"href":"https:\/\/mivelezmalaga.com\/es\/wp-json\/wp\/v2\/pages"}],"about":[{"href":"https:\/\/mivelezmalaga.com\/es\/wp-json\/wp\/v2\/types\/page"}],"author":[{"embeddable":true,"href":"https:\/\/mivelezmalaga.com\/es\/wp-json\/wp\/v2\/users\/2"}],"replies":[{"embeddable":true,"href":"https:\/\/mivelezmalaga.com\/es\/wp-json\/wp\/v2\/comments?post=3680"}],"version-history":[{"count":3,"href":"https:\/\/mivelezmalaga.com\/es\/wp-json\/wp\/v2\/pages\/3680\/revisions"}],"predecessor-version":[{"id":8458,"href":"https:\/\/mivelezmalaga.com\/es\/wp-json\/wp\/v2\/pages\/3680\/revisions\/8458"}],"up":[{"embeddable":true,"href":"https:\/\/mivelezmalaga.com\/es\/wp-json\/wp\/v2\/pages\/3713"}],"wp:attachment":[{"href":"https:\/\/mivelezmalaga.com\/es\/wp-json\/wp\/v2\/media?parent=3680"}],"curies":[{"name":"wp","href":"https:\/\/api.w.org\/{rel}","templated":true}]}}