{"id":3681,"date":"2017-02-18T10:56:06","date_gmt":"2017-02-18T10:56:06","guid":{"rendered":"https:\/\/mivelezmalaga.com\/tiendas-y-negocios\/bancos\/"},"modified":"2024-02-08T15:27:00","modified_gmt":"2024-02-08T14:27:00","slug":"bancos","status":"publish","type":"page","link":"https:\/\/mivelezmalaga.com\/es\/tiendas-y-negocios\/bancos\/","title":{"rendered":"Bancos"},"content":{"rendered":"\n<p>La mayor\u00eda de los grandes bancos tienen sucursales en V\u00e9lez-M\u00e1laga. Desde Santander hasta Unicaja, pasando por La Caixa, a continuaci\u00f3n te ofrecemos una lista de los principales y d\u00f3nde encontrarlos.  <\/p>\n","protected":false},"excerpt":{"rendered":"<p>La mayor\u00eda de los grandes bancos tienen sucursales en V\u00e9lez-M\u00e1laga. Desde Santander hasta Unicaja, pasando por La Caixa, a continuaci\u00f3n te ofrecemos una lista de los principales y d\u00f3nde encontrarlos.<\/p>\n","protected":false},"author":2,"featured_media":4371,"parent":3678,"menu_order":2,"comment_status":"closed","ping_status":"closed","template":"page-businesses.php","meta":{"_acf_changed":false,"footnotes":""},"class_list":["post-3681","page","type-page","status-publish","has-post-thumbnail","hentry"],"acf":[],"yoast_head":"<!-- This site is optimized with the Yoast SEO plugin v27.3 - https:\/\/yoast.com\/product\/yoast-seo-wordpress\/ -->\n<title>Bancos en V\u00e9lez-M\u00e1laga - Ubicaciones y datos de contacto<\/title>\n<meta name=\"description\" content=\"\u00bfNecesita encontrar un banco en V\u00e9lez-M\u00e1laga? No busque m\u00e1s. Aqu\u00ed tenemos toda la informaci\u00f3n sobre d\u00f3nde est\u00e1n y c\u00f3mo llegar a ellas que est\u00e1 buscando...\" \/>\n<meta name=\"robots\" content=\"index, follow, max-snippet:-1, max-image-preview:large, max-video-preview:-1\" \/>\n<link rel=\"canonical\" href=\"https:\/\/mivelezmalaga.com\/es\/tiendas-y-negocios\/bancos\/\" \/>\n<meta property=\"og:locale\" content=\"es_ES\" \/>\n<meta property=\"og:type\" content=\"article\" \/>\n<meta property=\"og:title\" content=\"Bancos en V\u00e9lez-M\u00e1laga - Ubicaciones y datos de contacto\" \/>\n<meta property=\"og:description\" content=\"\u00bfNecesita encontrar un banco en V\u00e9lez-M\u00e1laga? No busque m\u00e1s. Aqu\u00ed tenemos toda la informaci\u00f3n sobre d\u00f3nde est\u00e1n y c\u00f3mo llegar a ellas que est\u00e1 buscando...\" \/>\n<meta property=\"og:url\" content=\"https:\/\/mivelezmalaga.com\/es\/tiendas-y-negocios\/bancos\/\" \/>\n<meta property=\"og:site_name\" content=\"Mi Velez-Malaga\" \/>\n<meta property=\"article:publisher\" content=\"https:\/\/www.facebook.com\/mivelezmalaga\/\" \/>\n<meta property=\"article:modified_time\" content=\"2024-02-08T14:27:00+00:00\" \/>\n<meta property=\"og:image\" content=\"https:\/\/mivelezmalaga.com\/wp-content\/uploads\/2016\/12\/euro-bank-notes-e1490350107210.jpg\" \/>\n\t<meta property=\"og:image:width\" content=\"400\" \/>\n\t<meta property=\"og:image:height\" content=\"250\" \/>\n\t<meta property=\"og:image:type\" content=\"image\/jpeg\" \/>\n<meta name=\"twitter:card\" content=\"summary_large_image\" \/>\n<meta name=\"twitter:site\" content=\"@MiVelezMalaga\" \/>\n<meta name=\"twitter:label1\" content=\"Est. reading time\" \/>\n\t<meta name=\"twitter:data1\" content=\"3 minutes\" \/>\n<script type=\"application\/ld+json\" class=\"yoast-schema-graph\">{\"@context\":\"https:\\\/\\\/schema.org\",\"@graph\":[{\"@type\":\"WebPage\",\"@id\":\"https:\\\/\\\/mivelezmalaga.com\\\/es\\\/tiendas-y-negocios\\\/bancos\\\/\",\"url\":\"https:\\\/\\\/mivelezmalaga.com\\\/es\\\/tiendas-y-negocios\\\/bancos\\\/\",\"name\":\"Bancos en V\u00e9lez-M\u00e1laga - Ubicaciones y datos de contacto\",\"isPartOf\":{\"@id\":\"https:\\\/\\\/mivelezmalaga.com\\\/es\\\/#website\"},\"primaryImageOfPage\":{\"@id\":\"https:\\\/\\\/mivelezmalaga.com\\\/es\\\/tiendas-y-negocios\\\/bancos\\\/#primaryimage\"},\"image\":{\"@id\":\"https:\\\/\\\/mivelezmalaga.com\\\/es\\\/tiendas-y-negocios\\\/bancos\\\/#primaryimage\"},\"thumbnailUrl\":\"https:\\\/\\\/mivelezmalaga.com\\\/wp-content\\\/uploads\\\/2016\\\/12\\\/euro-bank-notes-e1490350107210.jpg\",\"datePublished\":\"2017-02-18T10:56:06+00:00\",\"dateModified\":\"2024-02-08T14:27:00+00:00\",\"description\":\"\u00bfNecesita encontrar un banco en V\u00e9lez-M\u00e1laga? No busque m\u00e1s. Aqu\u00ed tenemos toda la informaci\u00f3n sobre d\u00f3nde est\u00e1n y c\u00f3mo llegar a ellas que est\u00e1 buscando...\",\"breadcrumb\":{\"@id\":\"https:\\\/\\\/mivelezmalaga.com\\\/es\\\/tiendas-y-negocios\\\/bancos\\\/#breadcrumb\"},\"inLanguage\":\"es-ES\",\"potentialAction\":[{\"@type\":\"ReadAction\",\"target\":[\"https:\\\/\\\/mivelezmalaga.com\\\/es\\\/tiendas-y-negocios\\\/bancos\\\/\"]}]},{\"@type\":\"ImageObject\",\"inLanguage\":\"es-ES\",\"@id\":\"https:\\\/\\\/mivelezmalaga.com\\\/es\\\/tiendas-y-negocios\\\/bancos\\\/#primaryimage\",\"url\":\"https:\\\/\\\/mivelezmalaga.com\\\/wp-content\\\/uploads\\\/2016\\\/12\\\/euro-bank-notes-e1490350107210.jpg\",\"contentUrl\":\"https:\\\/\\\/mivelezmalaga.com\\\/wp-content\\\/uploads\\\/2016\\\/12\\\/euro-bank-notes-e1490350107210.jpg\",\"width\":400,\"height\":250,\"caption\":\"BANCOS\"},{\"@type\":\"BreadcrumbList\",\"@id\":\"https:\\\/\\\/mivelezmalaga.com\\\/es\\\/tiendas-y-negocios\\\/bancos\\\/#breadcrumb\",\"itemListElement\":[{\"@type\":\"ListItem\",\"position\":1,\"name\":\"Home\",\"item\":\"https:\\\/\\\/mivelezmalaga.com\\\/es\\\/\"},{\"@type\":\"ListItem\",\"position\":2,\"name\":\"Tiendas y negocios\",\"item\":\"https:\\\/\\\/mivelezmalaga.com\\\/es\\\/tiendas-y-negocios\\\/\"},{\"@type\":\"ListItem\",\"position\":3,\"name\":\"Bancos\"}]},{\"@type\":\"WebSite\",\"@id\":\"https:\\\/\\\/mivelezmalaga.com\\\/es\\\/#website\",\"url\":\"https:\\\/\\\/mivelezmalaga.com\\\/es\\\/\",\"name\":\"Mi Velez-Malaga\",\"description\":\"Welcome to V\u00e9lez\",\"potentialAction\":[{\"@type\":\"SearchAction\",\"target\":{\"@type\":\"EntryPoint\",\"urlTemplate\":\"https:\\\/\\\/mivelezmalaga.com\\\/es\\\/?s={search_term_string}\"},\"query-input\":{\"@type\":\"PropertyValueSpecification\",\"valueRequired\":true,\"valueName\":\"search_term_string\"}}],\"inLanguage\":\"es-ES\"}]}<\/script>\n<!-- \/ Yoast SEO plugin. -->","yoast_head_json":{"title":"Bancos en V\u00e9lez-M\u00e1laga - Ubicaciones y datos de contacto","description":"\u00bfNecesita encontrar un banco en V\u00e9lez-M\u00e1laga? No busque m\u00e1s. Aqu\u00ed tenemos toda la informaci\u00f3n sobre d\u00f3nde est\u00e1n y c\u00f3mo llegar a ellas que est\u00e1 buscando...","robots":{"index":"index","follow":"follow","max-snippet":"max-snippet:-1","max-image-preview":"max-image-preview:large","max-video-preview":"max-video-preview:-1"},"canonical":"https:\/\/mivelezmalaga.com\/es\/tiendas-y-negocios\/bancos\/","og_locale":"es_ES","og_type":"article","og_title":"Bancos en V\u00e9lez-M\u00e1laga - Ubicaciones y datos de contacto","og_description":"\u00bfNecesita encontrar un banco en V\u00e9lez-M\u00e1laga? No busque m\u00e1s. Aqu\u00ed tenemos toda la informaci\u00f3n sobre d\u00f3nde est\u00e1n y c\u00f3mo llegar a ellas que est\u00e1 buscando...","og_url":"https:\/\/mivelezmalaga.com\/es\/tiendas-y-negocios\/bancos\/","og_site_name":"Mi Velez-Malaga","article_publisher":"https:\/\/www.facebook.com\/mivelezmalaga\/","article_modified_time":"2024-02-08T14:27:00+00:00","og_image":[{"width":400,"height":250,"url":"https:\/\/mivelezmalaga.com\/wp-content\/uploads\/2016\/12\/euro-bank-notes-e1490350107210.jpg","type":"image\/jpeg"}],"twitter_card":"summary_large_image","twitter_site":"@MiVelezMalaga","twitter_misc":{"Est. reading time":"3 minutes"},"schema":{"@context":"https:\/\/schema.org","@graph":[{"@type":"WebPage","@id":"https:\/\/mivelezmalaga.com\/es\/tiendas-y-negocios\/bancos\/","url":"https:\/\/mivelezmalaga.com\/es\/tiendas-y-negocios\/bancos\/","name":"Bancos en V\u00e9lez-M\u00e1laga - Ubicaciones y datos de contacto","isPartOf":{"@id":"https:\/\/mivelezmalaga.com\/es\/#website"},"primaryImageOfPage":{"@id":"https:\/\/mivelezmalaga.com\/es\/tiendas-y-negocios\/bancos\/#primaryimage"},"image":{"@id":"https:\/\/mivelezmalaga.com\/es\/tiendas-y-negocios\/bancos\/#primaryimage"},"thumbnailUrl":"https:\/\/mivelezmalaga.com\/wp-content\/uploads\/2016\/12\/euro-bank-notes-e1490350107210.jpg","datePublished":"2017-02-18T10:56:06+00:00","dateModified":"2024-02-08T14:27:00+00:00","description":"\u00bfNecesita encontrar un banco en V\u00e9lez-M\u00e1laga? No busque m\u00e1s. Aqu\u00ed tenemos toda la informaci\u00f3n sobre d\u00f3nde est\u00e1n y c\u00f3mo llegar a ellas que est\u00e1 buscando...","breadcrumb":{"@id":"https:\/\/mivelezmalaga.com\/es\/tiendas-y-negocios\/bancos\/#breadcrumb"},"inLanguage":"es-ES","potentialAction":[{"@type":"ReadAction","target":["https:\/\/mivelezmalaga.com\/es\/tiendas-y-negocios\/bancos\/"]}]},{"@type":"ImageObject","inLanguage":"es-ES","@id":"https:\/\/mivelezmalaga.com\/es\/tiendas-y-negocios\/bancos\/#primaryimage","url":"https:\/\/mivelezmalaga.com\/wp-content\/uploads\/2016\/12\/euro-bank-notes-e1490350107210.jpg","contentUrl":"https:\/\/mivelezmalaga.com\/wp-content\/uploads\/2016\/12\/euro-bank-notes-e1490350107210.jpg","width":400,"height":250,"caption":"BANCOS"},{"@type":"BreadcrumbList","@id":"https:\/\/mivelezmalaga.com\/es\/tiendas-y-negocios\/bancos\/#breadcrumb","itemListElement":[{"@type":"ListItem","position":1,"name":"Home","item":"https:\/\/mivelezmalaga.com\/es\/"},{"@type":"ListItem","position":2,"name":"Tiendas y negocios","item":"https:\/\/mivelezmalaga.com\/es\/tiendas-y-negocios\/"},{"@type":"ListItem","position":3,"name":"Bancos"}]},{"@type":"WebSite","@id":"https:\/\/mivelezmalaga.com\/es\/#website","url":"https:\/\/mivelezmalaga.com\/es\/","name":"Mi Velez-Malaga","description":"Welcome to V\u00e9lez","potentialAction":[{"@type":"SearchAction","target":{"@type":"EntryPoint","urlTemplate":"https:\/\/mivelezmalaga.com\/es\/?s={search_term_string}"},"query-input":{"@type":"PropertyValueSpecification","valueRequired":true,"valueName":"search_term_string"}}],"inLanguage":"es-ES"}]}},"_links":{"self":[{"href":"https:\/\/mivelezmalaga.com\/es\/wp-json\/wp\/v2\/pages\/3681","targetHints":{"allow":["GET"]}}],"collection":[{"href":"https:\/\/mivelezmalaga.com\/es\/wp-json\/wp\/v2\/pages"}],"about":[{"href":"https:\/\/mivelezmalaga.com\/es\/wp-json\/wp\/v2\/types\/page"}],"author":[{"embeddable":true,"href":"https:\/\/mivelezmalaga.com\/es\/wp-json\/wp\/v2\/users\/2"}],"replies":[{"embeddable":true,"href":"https:\/\/mivelezmalaga.com\/es\/wp-json\/wp\/v2\/comments?post=3681"}],"version-history":[{"count":5,"href":"https:\/\/mivelezmalaga.com\/es\/wp-json\/wp\/v2\/pages\/3681\/revisions"}],"predecessor-version":[{"id":8629,"href":"https:\/\/mivelezmalaga.com\/es\/wp-json\/wp\/v2\/pages\/3681\/revisions\/8629"}],"up":[{"embeddable":true,"href":"https:\/\/mivelezmalaga.com\/es\/wp-json\/wp\/v2\/pages\/3678"}],"wp:featuredmedia":[{"embeddable":true,"href":"https:\/\/mivelezmalaga.com\/es\/wp-json\/wp\/v2\/media\/4371"}],"wp:attachment":[{"href":"https:\/\/mivelezmalaga.com\/es\/wp-json\/wp\/v2\/media?parent=3681"}],"curies":[{"name":"wp","href":"https:\/\/api.w.org\/{rel}","templated":true}]}}