{"id":3684,"date":"2019-01-22T19:01:54","date_gmt":"2019-01-22T18:01:54","guid":{"rendered":"https:\/\/mivelezmalaga.com\/tiendas-y-negocios\/ultramarinos\/"},"modified":"2024-02-08T15:29:15","modified_gmt":"2024-02-08T14:29:15","slug":"ultramarinos","status":"publish","type":"page","link":"https:\/\/mivelezmalaga.com\/es\/tiendas-y-negocios\/ultramarinos\/","title":{"rendered":"Tiendas especializadas en alimentaci\u00f3n"},"content":{"rendered":"\n<p>V\u00e9lez-M\u00e1laga cuenta con magn\u00edficas tiendas de alimentaci\u00f3n independientes que venden los mejores productos de la zona. Hemos reunido algunos de nuestros favoritos, cada uno con su propio atractivo, su encanto de anta\u00f1o y sus incre\u00edbles productos.<\/p>\n\n<h2 class=\"wp-block-heading\"><strong>Ultramarinos<\/strong><\/h2>\n\n<h3 class=\"wp-block-heading\">Gaspar<\/h3>\n\n<p>Una tienda familiar en el centro hist\u00f3rico de V\u00e9lez, Gaspar est\u00e1 llena de car\u00e1cter, en parte debido a que lleva abierta desde 1923. Se encuentra en la esquina de una bonita plaza (Plaza San Francisco), frente a la imponente Casa Cervantes y una hermosa fuente tintineante. Dispone de todo lo b\u00e1sico que puedas necesitar, desde art\u00edculos de alimentaci\u00f3n hasta productos de limpieza del hogar, pero al m\u00e1s puro estilo espa\u00f1ol, del techo cuelgan tentadoras patas de jam\u00f3n. La familia sigue dirigiendo y trabajando en la tienda, lo que a\u00f1ade un toque personal. Hay una peque\u00f1a pero bien surtida charcuter\u00eda con productos locales como embutidos, quesos, pat\u00e9s y su famoso Ajobacalao.<\/p>\n\n<p>Direcci\u00f3n: Plaza San Francisco, 21. Tel: 952 50 13 95 Abierto: Lun &#8211; Vie 09:00 &#8211; 14:00 &amp; 17:30 &#8211; 20:45. S\u00e1b 09:00 &#8211; 14:00.<\/p>\n\n<h3 class=\"wp-block-heading\"><img decoding=\"async\" class=\"alignnone size-full wp-image-1679 lazyload\" data-src=\"https:\/\/mivelezmalaga.com\/wp-content\/uploads\/2017\/02\/Gaspar-Shop-front.jpg\" alt=\"Corner Shop, Gasper\" width=\"1002\" height=\"502\" data-srcset=\"https:\/\/mivelezmalaga.com\/wp-content\/uploads\/2017\/02\/Gaspar-Shop-front.jpg 1002w, https:\/\/mivelezmalaga.com\/wp-content\/uploads\/2017\/02\/Gaspar-Shop-front-300x150.jpg 300w\" data-sizes=\"(max-width: 1002px) 100vw, 1002px\" src=\"data:image\/svg+xml;base64,PHN2ZyB3aWR0aD0iMSIgaGVpZ2h0PSIxIiB4bWxucz0iaHR0cDovL3d3dy53My5vcmcvMjAwMC9zdmciPjwvc3ZnPg==\" style=\"--smush-placeholder-width: 1002px; --smush-placeholder-aspect-ratio: 1002\/502;\" \/><\/h3>\n\n<h3 class=\"wp-block-heading\">Fruter\u00eda Los Patillas<\/h3>\n\n<p>Fruter\u00eda Los Patillas es una fabulosa fruter\u00eda y verduler\u00eda en pleno centro hist\u00f3rico. Est\u00e1 repleto de frutas y verduras de temporada, casi siempre locales. Los jamones cuelgan del techo y las latas se apilan en todos los rincones. Es muy razonable y, aparte del <a href=\"https:\/\/mivelezmalaga.com\/es\/vivir\/mercados\/\">mercado<\/a>, la mejor relaci\u00f3n calidad-precio de la ciudad. Tambi\u00e9n venden una selecci\u00f3n de pan local, huevos y diversas aceitunas marinadas.<\/p>\n\n<p>Direcci\u00f3n: Calle Poeta Joaquin Lobato. Abierto: De lunes a s\u00e1bado, de 08:30 a 14:30 y de 17:00 a 22:00. Sol y Fiestas 09:00 &#8211; 15:00.<\/p>\n\n<hr class=\"wp-block-separator has-alpha-channel-opacity\"\/>\n\n<h2 class=\"wp-block-heading\"><strong>Carniceros<\/strong><\/h2>\n\n<h3 class=\"wp-block-heading\">Jos\u00e9 Mart\u00edn<\/h3>\n\n<p>Situada en una esquina frente al Convento de San Francisco, esta concurrida carnicer\u00eda es muy popular entre los vele\u00f1os. Vende fabulosos cortes de pollo, cerdo y ternera y cuenta con carniceros muy serviciales que se aseguran de que el corte sea de su agrado. Tambi\u00e9n venden salchichas (nuestra favorita), chorizo local y morcilla. La morcilla es muy popular: este embutido local se elabora con cebolla y es deliciosamente suave y sabroso. Si le apetece comprarlas usted mismo, dir\u00edjase a la carnicer\u00eda un jueves, que es cuando suelen recibir nuevas entregas. Tambi\u00e9n se venden huevos y garbanzos cocidos (esenciales en muchos de los guisos tradicionales de la regi\u00f3n). Tambi\u00e9n puedes encargar carne espec\u00edfica, si lo necesitas, as\u00ed que ya tienes tu pavo de Navidad resuelto.<\/p>\n\n<p>Direcci\u00f3n: Calle San Francisco, 30. Tel\u00e9fono: 952 50 22 84. Abierto: De lunes a viernes, de 09:00 a 14:00 y de 17:30 a 20:00. S\u00e1b 09:00 &#8211; 14:00.<\/p>\n\n<figure class=\"wp-block-image\"><img decoding=\"async\" width=\"999\" height=\"535\" data-src=\"https:\/\/mivelezmalaga.com\/wp-content\/uploads\/2017\/02\/Butchers-with-Black-Pudding-from-the-Axarquia.jpg\" alt=\"Carniceros con chorizo y morcilla\" class=\"wp-image-1677 lazyload\" data-srcset=\"https:\/\/mivelezmalaga.com\/wp-content\/uploads\/2017\/02\/Butchers-with-Black-Pudding-from-the-Axarquia.jpg 999w, https:\/\/mivelezmalaga.com\/wp-content\/uploads\/2017\/02\/Butchers-with-Black-Pudding-from-the-Axarquia-300x161.jpg 300w\" data-sizes=\"(max-width: 999px) 100vw, 999px\" src=\"data:image\/svg+xml;base64,PHN2ZyB3aWR0aD0iMSIgaGVpZ2h0PSIxIiB4bWxucz0iaHR0cDovL3d3dy53My5vcmcvMjAwMC9zdmciPjwvc3ZnPg==\" style=\"--smush-placeholder-width: 999px; --smush-placeholder-aspect-ratio: 999\/535;\" \/><\/figure>\n\n<hr class=\"wp-block-separator has-alpha-channel-opacity\"\/>\n\n<h2 class=\"wp-block-heading\"><strong>Panader\u00edas<\/strong><\/h2>\n\n<h3 class=\"wp-block-heading\">Pasteler\u00eda Ortiz<\/h3>\n\n<p>Esta concurrida panader\u00eda est\u00e1 abierta a todas horas (24 horas al d\u00eda) y vende pan, pasteles y boller\u00eda. Hay mucha rotaci\u00f3n, as\u00ed que a menudo el pan est\u00e1 a\u00fan caliente. Las peque\u00f1as baguettes tradicionales, conocidas como malague\u00f1os, son deliciosas y una ganga por s\u00f3lo 40 c\u00e9ntimos cada una.<\/p>\n\n<p>Direcci\u00f3n: Plaza Carmelitas, 5. Tel\u00e9fono: 952 50 73 26. Abierto: 24 horas<\/p>\n\n<figure class=\"wp-block-image\"><img decoding=\"async\" width=\"1000\" height=\"500\" data-src=\"https:\/\/mivelezmalaga.com\/wp-content\/uploads\/2017\/02\/panaderia-ortiz-front.jpg\" alt=\"Panaderia Pasteleria Ortiz Velez Malaga\" class=\"wp-image-985 lazyload\" data-srcset=\"https:\/\/mivelezmalaga.com\/wp-content\/uploads\/2017\/02\/panaderia-ortiz-front.jpg 1000w, https:\/\/mivelezmalaga.com\/wp-content\/uploads\/2017\/02\/panaderia-ortiz-front-300x150.jpg 300w\" data-sizes=\"(max-width: 1000px) 100vw, 1000px\" src=\"data:image\/svg+xml;base64,PHN2ZyB3aWR0aD0iMSIgaGVpZ2h0PSIxIiB4bWxucz0iaHR0cDovL3d3dy53My5vcmcvMjAwMC9zdmciPjwvc3ZnPg==\" style=\"--smush-placeholder-width: 1000px; --smush-placeholder-aspect-ratio: 1000\/500;\" \/><\/figure>\n\n<hr class=\"wp-block-separator has-alpha-channel-opacity\"\/>\n\n<h2 class=\"wp-block-heading\"><strong>Productos especializados<\/strong><\/h2>\n\n<h3 class=\"wp-block-heading\">La Dehesa<\/h3>\n\n<p>La Dehesa se encuentra en la Plaza Carmelitas, con maravillosas patas de jam\u00f3n colgadas del techo y una gran variedad de carnes y quesos populares a la venta en los amplios armarios. En cuanto a embutidos, poco m\u00e1s se puede pedir, as\u00ed como acompa\u00f1amientos tan populares como el membrillo, estupendo con queso manchego. Si lo que desea es comprar deliciosos bocados ligeros para un picnic o una cena, este es un lugar estupendo para disfrutar de productos locales de calidad y un buen servicio.<\/p>\n\n<p>Direcci\u00f3n: Plaza Carmelitas. Abierto: L-S 09:00 &#8211; 14:00 &amp; 17:00 &#8211; 21:00<\/p>\n\n<hr class=\"wp-block-separator has-alpha-channel-opacity\"\/>\n\n<h2 class=\"wp-block-heading\"><strong>Servicios especializados<\/strong><\/h2>\n\n<p>Puede que no tenga una &#8220;tienda de alimentaci\u00f3n&#8221; propiamente dicha, pero el servicio que presta Jos\u00e9 Antonio Ruiz es esencial para cualquier cocina: nuestro &#8220;afilador&#8221; local de la Plaza de San Francisco es una de las cosas que m\u00e1s nos gustan del centro hist\u00f3rico. Su tienda es diminuta y est\u00e1 repleta de peri\u00f3dicos en los que envolver los cuchillos reci\u00e9n afilados para que sus clientes puedan llev\u00e1rselos a casa sin peligro.<\/p>\n\n<figure class=\"wp-block-image\"><img decoding=\"async\" width=\"998\" height=\"501\" data-src=\"https:\/\/mivelezmalaga.com\/wp-content\/uploads\/2017\/02\/Knife_Sharpener.jpg\" alt=\"Afilador de cuchillos en San Francisco, V&#xE9;lez\" class=\"wp-image-1678 lazyload\" data-srcset=\"https:\/\/mivelezmalaga.com\/wp-content\/uploads\/2017\/02\/Knife_Sharpener.jpg 998w, https:\/\/mivelezmalaga.com\/wp-content\/uploads\/2017\/02\/Knife_Sharpener-300x151.jpg 300w\" data-sizes=\"(max-width: 998px) 100vw, 998px\" src=\"data:image\/svg+xml;base64,PHN2ZyB3aWR0aD0iMSIgaGVpZ2h0PSIxIiB4bWxucz0iaHR0cDovL3d3dy53My5vcmcvMjAwMC9zdmciPjwvc3ZnPg==\" style=\"--smush-placeholder-width: 998px; --smush-placeholder-aspect-ratio: 998\/501;\" \/><\/figure>\n\n<hr class=\"wp-block-separator has-alpha-channel-opacity\"\/>\n\n<h2 class=\"wp-block-heading\"><strong>Aparcamiento en el Centro Hist\u00f3rico de V\u00e9lez-M\u00e1laga<\/strong><\/h2>\n\n<p>Para aparcar cerca del centro hist\u00f3rico, dir\u00edjase a las plazas gratuitas de la Plaza de la Gloria, junto a la calle Arroyo San Francisco. M\u00e1s adelante en la calle Arroyo San Francisco hay dos zonas, una est\u00e1 subiendo una peque\u00f1a cuesta y la otra es un aparcamiento de pago situado debajo del Mercado de San Francisco, frente al desv\u00edo a la izquierda hacia la calle Esperanza. Para m\u00e1s informaci\u00f3n, consulta nuestra <a href=\"https:\/\/mivelezmalaga.com\/es\/vivir\/parking\/\">gu\u00eda<\/a> completa <a href=\"https:\/\/mivelezmalaga.com\/es\/vivir\/parking\/\">sobre c\u00f3mo aparcar en V\u00e9lez<\/a>.<\/p>\n","protected":false},"excerpt":{"rendered":"<p>V\u00e9lez-M\u00e1laga cuenta con magn\u00edficas tiendas de alimentaci\u00f3n independientes que venden los mejores productos de la zona. Hemos reunido algunos de nuestros favoritos, cada uno con su propio atractivo, su encanto de anta\u00f1o y sus incre\u00edbles productos. Ultramarinos Gaspar Una tienda familiar en el centro hist\u00f3rico de V\u00e9lez, Gaspar est\u00e1 llena de car\u00e1cter, en parte debido [&hellip;]<\/p>\n","protected":false},"author":2,"featured_media":0,"parent":3678,"menu_order":7,"comment_status":"closed","ping_status":"closed","template":"page-child.php","meta":{"_acf_changed":false,"footnotes":""},"class_list":["post-3684","page","type-page","status-publish","hentry"],"acf":[],"yoast_head":"<!-- This site is optimized with the Yoast SEO plugin v27.3 - https:\/\/yoast.com\/product\/yoast-seo-wordpress\/ -->\n<title>Tiendas especializadas en alimentaci\u00f3n local en V\u00e9lez-M\u00e1laga<\/title>\n<meta name=\"description\" content=\"Desde carnicer\u00edas hasta panader\u00edas, V\u00e9lez cuenta con una selecci\u00f3n de tiendas de alimentaci\u00f3n \u00fanicas. Consulte aqu\u00ed nuestra gu\u00eda sobre d\u00f3nde encontrarlos y qu\u00e9 tienen en stock.\" \/>\n<meta name=\"robots\" content=\"index, follow, max-snippet:-1, max-image-preview:large, max-video-preview:-1\" \/>\n<link rel=\"canonical\" href=\"https:\/\/mivelezmalaga.com\/es\/tiendas-y-negocios\/ultramarinos\/\" \/>\n<meta property=\"og:locale\" content=\"es_ES\" \/>\n<meta property=\"og:type\" content=\"article\" \/>\n<meta property=\"og:title\" content=\"Tiendas especializadas en alimentaci\u00f3n local en V\u00e9lez-M\u00e1laga\" \/>\n<meta property=\"og:description\" content=\"Desde carnicer\u00edas hasta panader\u00edas, V\u00e9lez cuenta con una selecci\u00f3n de tiendas de alimentaci\u00f3n \u00fanicas. Consulte aqu\u00ed nuestra gu\u00eda sobre d\u00f3nde encontrarlos y qu\u00e9 tienen en stock.\" \/>\n<meta property=\"og:url\" content=\"https:\/\/mivelezmalaga.com\/es\/tiendas-y-negocios\/ultramarinos\/\" \/>\n<meta property=\"og:site_name\" content=\"Mi Velez-Malaga\" \/>\n<meta property=\"article:publisher\" content=\"https:\/\/www.facebook.com\/mivelezmalaga\/\" \/>\n<meta property=\"article:modified_time\" content=\"2024-02-08T14:29:15+00:00\" \/>\n<meta property=\"og:image\" content=\"https:\/\/mivelezmalaga.com\/wp-content\/uploads\/2017\/02\/Gaspar-Shop-front.jpg\" \/>\n<meta name=\"twitter:card\" content=\"summary_large_image\" \/>\n<meta name=\"twitter:site\" content=\"@MiVelezMalaga\" \/>\n<meta name=\"twitter:label1\" content=\"Est. reading time\" \/>\n\t<meta name=\"twitter:data1\" content=\"5 minutes\" \/>\n<script type=\"application\/ld+json\" class=\"yoast-schema-graph\">{\"@context\":\"https:\\\/\\\/schema.org\",\"@graph\":[{\"@type\":\"WebPage\",\"@id\":\"https:\\\/\\\/mivelezmalaga.com\\\/es\\\/tiendas-y-negocios\\\/ultramarinos\\\/\",\"url\":\"https:\\\/\\\/mivelezmalaga.com\\\/es\\\/tiendas-y-negocios\\\/ultramarinos\\\/\",\"name\":\"Tiendas especializadas en alimentaci\u00f3n local en V\u00e9lez-M\u00e1laga\",\"isPartOf\":{\"@id\":\"https:\\\/\\\/mivelezmalaga.com\\\/es\\\/#website\"},\"primaryImageOfPage\":{\"@id\":\"https:\\\/\\\/mivelezmalaga.com\\\/es\\\/tiendas-y-negocios\\\/ultramarinos\\\/#primaryimage\"},\"image\":{\"@id\":\"https:\\\/\\\/mivelezmalaga.com\\\/es\\\/tiendas-y-negocios\\\/ultramarinos\\\/#primaryimage\"},\"thumbnailUrl\":\"https:\\\/\\\/mivelezmalaga.com\\\/wp-content\\\/uploads\\\/2017\\\/02\\\/Gaspar-Shop-front.jpg\",\"datePublished\":\"2019-01-22T18:01:54+00:00\",\"dateModified\":\"2024-02-08T14:29:15+00:00\",\"description\":\"Desde carnicer\u00edas hasta panader\u00edas, V\u00e9lez cuenta con una selecci\u00f3n de tiendas de alimentaci\u00f3n \u00fanicas. Consulte aqu\u00ed nuestra gu\u00eda sobre d\u00f3nde encontrarlos y qu\u00e9 tienen en stock.\",\"breadcrumb\":{\"@id\":\"https:\\\/\\\/mivelezmalaga.com\\\/es\\\/tiendas-y-negocios\\\/ultramarinos\\\/#breadcrumb\"},\"inLanguage\":\"es-ES\",\"potentialAction\":[{\"@type\":\"ReadAction\",\"target\":[\"https:\\\/\\\/mivelezmalaga.com\\\/es\\\/tiendas-y-negocios\\\/ultramarinos\\\/\"]}]},{\"@type\":\"ImageObject\",\"inLanguage\":\"es-ES\",\"@id\":\"https:\\\/\\\/mivelezmalaga.com\\\/es\\\/tiendas-y-negocios\\\/ultramarinos\\\/#primaryimage\",\"url\":\"https:\\\/\\\/mivelezmalaga.com\\\/wp-content\\\/uploads\\\/2017\\\/02\\\/Gaspar-Shop-front.jpg\",\"contentUrl\":\"https:\\\/\\\/mivelezmalaga.com\\\/wp-content\\\/uploads\\\/2017\\\/02\\\/Gaspar-Shop-front.jpg\"},{\"@type\":\"BreadcrumbList\",\"@id\":\"https:\\\/\\\/mivelezmalaga.com\\\/es\\\/tiendas-y-negocios\\\/ultramarinos\\\/#breadcrumb\",\"itemListElement\":[{\"@type\":\"ListItem\",\"position\":1,\"name\":\"Home\",\"item\":\"https:\\\/\\\/mivelezmalaga.com\\\/es\\\/\"},{\"@type\":\"ListItem\",\"position\":2,\"name\":\"Tiendas y negocios\",\"item\":\"https:\\\/\\\/mivelezmalaga.com\\\/es\\\/tiendas-y-negocios\\\/\"},{\"@type\":\"ListItem\",\"position\":3,\"name\":\"Tiendas especializadas en alimentaci\u00f3n\"}]},{\"@type\":\"WebSite\",\"@id\":\"https:\\\/\\\/mivelezmalaga.com\\\/es\\\/#website\",\"url\":\"https:\\\/\\\/mivelezmalaga.com\\\/es\\\/\",\"name\":\"Mi Velez-Malaga\",\"description\":\"Welcome to V\u00e9lez\",\"potentialAction\":[{\"@type\":\"SearchAction\",\"target\":{\"@type\":\"EntryPoint\",\"urlTemplate\":\"https:\\\/\\\/mivelezmalaga.com\\\/es\\\/?s={search_term_string}\"},\"query-input\":{\"@type\":\"PropertyValueSpecification\",\"valueRequired\":true,\"valueName\":\"search_term_string\"}}],\"inLanguage\":\"es-ES\"}]}<\/script>\n<!-- \/ Yoast SEO plugin. -->","yoast_head_json":{"title":"Tiendas especializadas en alimentaci\u00f3n local en V\u00e9lez-M\u00e1laga","description":"Desde carnicer\u00edas hasta panader\u00edas, V\u00e9lez cuenta con una selecci\u00f3n de tiendas de alimentaci\u00f3n \u00fanicas. Consulte aqu\u00ed nuestra gu\u00eda sobre d\u00f3nde encontrarlos y qu\u00e9 tienen en stock.","robots":{"index":"index","follow":"follow","max-snippet":"max-snippet:-1","max-image-preview":"max-image-preview:large","max-video-preview":"max-video-preview:-1"},"canonical":"https:\/\/mivelezmalaga.com\/es\/tiendas-y-negocios\/ultramarinos\/","og_locale":"es_ES","og_type":"article","og_title":"Tiendas especializadas en alimentaci\u00f3n local en V\u00e9lez-M\u00e1laga","og_description":"Desde carnicer\u00edas hasta panader\u00edas, V\u00e9lez cuenta con una selecci\u00f3n de tiendas de alimentaci\u00f3n \u00fanicas. Consulte aqu\u00ed nuestra gu\u00eda sobre d\u00f3nde encontrarlos y qu\u00e9 tienen en stock.","og_url":"https:\/\/mivelezmalaga.com\/es\/tiendas-y-negocios\/ultramarinos\/","og_site_name":"Mi Velez-Malaga","article_publisher":"https:\/\/www.facebook.com\/mivelezmalaga\/","article_modified_time":"2024-02-08T14:29:15+00:00","og_image":[{"url":"https:\/\/mivelezmalaga.com\/wp-content\/uploads\/2017\/02\/Gaspar-Shop-front.jpg","type":"","width":"","height":""}],"twitter_card":"summary_large_image","twitter_site":"@MiVelezMalaga","twitter_misc":{"Est. reading time":"5 minutes"},"schema":{"@context":"https:\/\/schema.org","@graph":[{"@type":"WebPage","@id":"https:\/\/mivelezmalaga.com\/es\/tiendas-y-negocios\/ultramarinos\/","url":"https:\/\/mivelezmalaga.com\/es\/tiendas-y-negocios\/ultramarinos\/","name":"Tiendas especializadas en alimentaci\u00f3n local en V\u00e9lez-M\u00e1laga","isPartOf":{"@id":"https:\/\/mivelezmalaga.com\/es\/#website"},"primaryImageOfPage":{"@id":"https:\/\/mivelezmalaga.com\/es\/tiendas-y-negocios\/ultramarinos\/#primaryimage"},"image":{"@id":"https:\/\/mivelezmalaga.com\/es\/tiendas-y-negocios\/ultramarinos\/#primaryimage"},"thumbnailUrl":"https:\/\/mivelezmalaga.com\/wp-content\/uploads\/2017\/02\/Gaspar-Shop-front.jpg","datePublished":"2019-01-22T18:01:54+00:00","dateModified":"2024-02-08T14:29:15+00:00","description":"Desde carnicer\u00edas hasta panader\u00edas, V\u00e9lez cuenta con una selecci\u00f3n de tiendas de alimentaci\u00f3n \u00fanicas. Consulte aqu\u00ed nuestra gu\u00eda sobre d\u00f3nde encontrarlos y qu\u00e9 tienen en stock.","breadcrumb":{"@id":"https:\/\/mivelezmalaga.com\/es\/tiendas-y-negocios\/ultramarinos\/#breadcrumb"},"inLanguage":"es-ES","potentialAction":[{"@type":"ReadAction","target":["https:\/\/mivelezmalaga.com\/es\/tiendas-y-negocios\/ultramarinos\/"]}]},{"@type":"ImageObject","inLanguage":"es-ES","@id":"https:\/\/mivelezmalaga.com\/es\/tiendas-y-negocios\/ultramarinos\/#primaryimage","url":"https:\/\/mivelezmalaga.com\/wp-content\/uploads\/2017\/02\/Gaspar-Shop-front.jpg","contentUrl":"https:\/\/mivelezmalaga.com\/wp-content\/uploads\/2017\/02\/Gaspar-Shop-front.jpg"},{"@type":"BreadcrumbList","@id":"https:\/\/mivelezmalaga.com\/es\/tiendas-y-negocios\/ultramarinos\/#breadcrumb","itemListElement":[{"@type":"ListItem","position":1,"name":"Home","item":"https:\/\/mivelezmalaga.com\/es\/"},{"@type":"ListItem","position":2,"name":"Tiendas y negocios","item":"https:\/\/mivelezmalaga.com\/es\/tiendas-y-negocios\/"},{"@type":"ListItem","position":3,"name":"Tiendas especializadas en alimentaci\u00f3n"}]},{"@type":"WebSite","@id":"https:\/\/mivelezmalaga.com\/es\/#website","url":"https:\/\/mivelezmalaga.com\/es\/","name":"Mi Velez-Malaga","description":"Welcome to V\u00e9lez","potentialAction":[{"@type":"SearchAction","target":{"@type":"EntryPoint","urlTemplate":"https:\/\/mivelezmalaga.com\/es\/?s={search_term_string}"},"query-input":{"@type":"PropertyValueSpecification","valueRequired":true,"valueName":"search_term_string"}}],"inLanguage":"es-ES"}]}},"_links":{"self":[{"href":"https:\/\/mivelezmalaga.com\/es\/wp-json\/wp\/v2\/pages\/3684","targetHints":{"allow":["GET"]}}],"collection":[{"href":"https:\/\/mivelezmalaga.com\/es\/wp-json\/wp\/v2\/pages"}],"about":[{"href":"https:\/\/mivelezmalaga.com\/es\/wp-json\/wp\/v2\/types\/page"}],"author":[{"embeddable":true,"href":"https:\/\/mivelezmalaga.com\/es\/wp-json\/wp\/v2\/users\/2"}],"replies":[{"embeddable":true,"href":"https:\/\/mivelezmalaga.com\/es\/wp-json\/wp\/v2\/comments?post=3684"}],"version-history":[{"count":3,"href":"https:\/\/mivelezmalaga.com\/es\/wp-json\/wp\/v2\/pages\/3684\/revisions"}],"predecessor-version":[{"id":8636,"href":"https:\/\/mivelezmalaga.com\/es\/wp-json\/wp\/v2\/pages\/3684\/revisions\/8636"}],"up":[{"embeddable":true,"href":"https:\/\/mivelezmalaga.com\/es\/wp-json\/wp\/v2\/pages\/3678"}],"wp:attachment":[{"href":"https:\/\/mivelezmalaga.com\/es\/wp-json\/wp\/v2\/media?parent=3684"}],"curies":[{"name":"wp","href":"https:\/\/api.w.org\/{rel}","templated":true}]}}