{"id":3685,"date":"2019-01-22T19:07:11","date_gmt":"2019-01-22T18:07:11","guid":{"rendered":"https:\/\/mivelezmalaga.com\/tiendas-y-negocios\/peluquerias-y-centros-de-belleza\/"},"modified":"2024-01-16T10:28:26","modified_gmt":"2024-01-16T09:28:26","slug":"peluquerias-y-centros-de-belleza","status":"publish","type":"page","link":"https:\/\/mivelezmalaga.com\/es\/tiendas-y-negocios\/peluquerias-y-centros-de-belleza\/","title":{"rendered":"Peluquer\u00edas y Centros de Belleza"},"content":{"rendered":"\n<p>Si tiene alg\u00fan evento especial o simplemente quiere un cambio de look, en V\u00e9lez-M\u00e1laga encontrar\u00e1 una gran variedad de peluquer\u00edas con grandes profesionales de la est\u00e9tica y a precios muy razonables.<\/p>\n\n\n\n<p>Si est\u00e1 buscando un centro de belleza para hacerse la manicura, tratamientos faciales o de cualquier otro tipo, le mostramos un listado de todos los locales a los que puede acudir para cubrir sus necesidades.<\/p>\n","protected":false},"excerpt":{"rendered":"<p>Si tiene alg\u00fan evento especial o simplemente quiere un cambio de look, en V\u00e9lez-M\u00e1laga encontrar\u00e1 una gran variedad de peluquer\u00edas con grandes profesionales de la est\u00e9tica y a precios muy razonables. Si est\u00e1 buscando un centro de belleza para hacerse la manicura, tratamientos faciales o de cualquier otro tipo, le mostramos un listado de todos [&hellip;]<\/p>\n","protected":false},"author":2,"featured_media":0,"parent":3678,"menu_order":8,"comment_status":"closed","ping_status":"closed","template":"page-businesses.php","meta":{"_acf_changed":false,"footnotes":""},"class_list":["post-3685","page","type-page","status-publish","hentry"],"acf":[],"yoast_head":"<!-- This site is optimized with the Yoast SEO plugin v27.3 - https:\/\/yoast.com\/product\/yoast-seo-wordpress\/ -->\n<title>Mejores Peluquer\u00edas y Centros de Belleza en V\u00e9lez-Malaga<\/title>\n<meta name=\"description\" content=\"Si est\u00e1 buscando un centro de belleza para hacerse la manicura, tratamientos faciales o de cualquier otro tipo, le mostramos un listado de todos los locales...\" \/>\n<meta name=\"robots\" content=\"index, follow, max-snippet:-1, max-image-preview:large, max-video-preview:-1\" \/>\n<link rel=\"canonical\" href=\"https:\/\/mivelezmalaga.com\/es\/tiendas-y-negocios\/peluquerias-y-centros-de-belleza\/\" \/>\n<meta property=\"og:locale\" content=\"es_ES\" \/>\n<meta property=\"og:type\" content=\"article\" \/>\n<meta property=\"og:title\" content=\"Mejores Peluquer\u00edas y Centros de Belleza en V\u00e9lez-Malaga\" \/>\n<meta property=\"og:description\" content=\"Si est\u00e1 buscando un centro de belleza para hacerse la manicura, tratamientos faciales o de cualquier otro tipo, le mostramos un listado de todos los locales...\" \/>\n<meta property=\"og:url\" content=\"https:\/\/mivelezmalaga.com\/es\/tiendas-y-negocios\/peluquerias-y-centros-de-belleza\/\" \/>\n<meta property=\"og:site_name\" content=\"Mi Velez-Malaga\" \/>\n<meta property=\"article:publisher\" content=\"https:\/\/www.facebook.com\/mivelezmalaga\/\" \/>\n<meta property=\"article:modified_time\" content=\"2024-01-16T09:28:26+00:00\" \/>\n<meta name=\"twitter:card\" content=\"summary_large_image\" \/>\n<meta name=\"twitter:site\" content=\"@MiVelezMalaga\" \/>\n<meta name=\"twitter:label1\" content=\"Est. reading time\" \/>\n\t<meta name=\"twitter:data1\" content=\"2 minutes\" \/>\n<script type=\"application\/ld+json\" class=\"yoast-schema-graph\">{\"@context\":\"https:\\\/\\\/schema.org\",\"@graph\":[{\"@type\":\"WebPage\",\"@id\":\"https:\\\/\\\/mivelezmalaga.com\\\/es\\\/tiendas-y-negocios\\\/peluquerias-y-centros-de-belleza\\\/\",\"url\":\"https:\\\/\\\/mivelezmalaga.com\\\/es\\\/tiendas-y-negocios\\\/peluquerias-y-centros-de-belleza\\\/\",\"name\":\"Mejores Peluquer\u00edas y Centros de Belleza en V\u00e9lez-Malaga\",\"isPartOf\":{\"@id\":\"https:\\\/\\\/mivelezmalaga.com\\\/es\\\/#website\"},\"datePublished\":\"2019-01-22T18:07:11+00:00\",\"dateModified\":\"2024-01-16T09:28:26+00:00\",\"description\":\"Si est\u00e1 buscando un centro de belleza para hacerse la manicura, tratamientos faciales o de cualquier otro tipo, le mostramos un listado de todos los locales...\",\"breadcrumb\":{\"@id\":\"https:\\\/\\\/mivelezmalaga.com\\\/es\\\/tiendas-y-negocios\\\/peluquerias-y-centros-de-belleza\\\/#breadcrumb\"},\"inLanguage\":\"es-ES\",\"potentialAction\":[{\"@type\":\"ReadAction\",\"target\":[\"https:\\\/\\\/mivelezmalaga.com\\\/es\\\/tiendas-y-negocios\\\/peluquerias-y-centros-de-belleza\\\/\"]}]},{\"@type\":\"BreadcrumbList\",\"@id\":\"https:\\\/\\\/mivelezmalaga.com\\\/es\\\/tiendas-y-negocios\\\/peluquerias-y-centros-de-belleza\\\/#breadcrumb\",\"itemListElement\":[{\"@type\":\"ListItem\",\"position\":1,\"name\":\"Home\",\"item\":\"https:\\\/\\\/mivelezmalaga.com\\\/es\\\/\"},{\"@type\":\"ListItem\",\"position\":2,\"name\":\"Tiendas y negocios\",\"item\":\"https:\\\/\\\/mivelezmalaga.com\\\/es\\\/tiendas-y-negocios\\\/\"},{\"@type\":\"ListItem\",\"position\":3,\"name\":\"Peluquer\u00edas y Centros de Belleza\"}]},{\"@type\":\"WebSite\",\"@id\":\"https:\\\/\\\/mivelezmalaga.com\\\/es\\\/#website\",\"url\":\"https:\\\/\\\/mivelezmalaga.com\\\/es\\\/\",\"name\":\"Mi Velez-Malaga\",\"description\":\"Welcome to V\u00e9lez\",\"potentialAction\":[{\"@type\":\"SearchAction\",\"target\":{\"@type\":\"EntryPoint\",\"urlTemplate\":\"https:\\\/\\\/mivelezmalaga.com\\\/es\\\/?s={search_term_string}\"},\"query-input\":{\"@type\":\"PropertyValueSpecification\",\"valueRequired\":true,\"valueName\":\"search_term_string\"}}],\"inLanguage\":\"es-ES\"}]}<\/script>\n<!-- \/ Yoast SEO plugin. -->","yoast_head_json":{"title":"Mejores Peluquer\u00edas y Centros de Belleza en V\u00e9lez-Malaga","description":"Si est\u00e1 buscando un centro de belleza para hacerse la manicura, tratamientos faciales o de cualquier otro tipo, le mostramos un listado de todos los locales...","robots":{"index":"index","follow":"follow","max-snippet":"max-snippet:-1","max-image-preview":"max-image-preview:large","max-video-preview":"max-video-preview:-1"},"canonical":"https:\/\/mivelezmalaga.com\/es\/tiendas-y-negocios\/peluquerias-y-centros-de-belleza\/","og_locale":"es_ES","og_type":"article","og_title":"Mejores Peluquer\u00edas y Centros de Belleza en V\u00e9lez-Malaga","og_description":"Si est\u00e1 buscando un centro de belleza para hacerse la manicura, tratamientos faciales o de cualquier otro tipo, le mostramos un listado de todos los locales...","og_url":"https:\/\/mivelezmalaga.com\/es\/tiendas-y-negocios\/peluquerias-y-centros-de-belleza\/","og_site_name":"Mi Velez-Malaga","article_publisher":"https:\/\/www.facebook.com\/mivelezmalaga\/","article_modified_time":"2024-01-16T09:28:26+00:00","twitter_card":"summary_large_image","twitter_site":"@MiVelezMalaga","twitter_misc":{"Est. reading time":"2 minutes"},"schema":{"@context":"https:\/\/schema.org","@graph":[{"@type":"WebPage","@id":"https:\/\/mivelezmalaga.com\/es\/tiendas-y-negocios\/peluquerias-y-centros-de-belleza\/","url":"https:\/\/mivelezmalaga.com\/es\/tiendas-y-negocios\/peluquerias-y-centros-de-belleza\/","name":"Mejores Peluquer\u00edas y Centros de Belleza en V\u00e9lez-Malaga","isPartOf":{"@id":"https:\/\/mivelezmalaga.com\/es\/#website"},"datePublished":"2019-01-22T18:07:11+00:00","dateModified":"2024-01-16T09:28:26+00:00","description":"Si est\u00e1 buscando un centro de belleza para hacerse la manicura, tratamientos faciales o de cualquier otro tipo, le mostramos un listado de todos los locales...","breadcrumb":{"@id":"https:\/\/mivelezmalaga.com\/es\/tiendas-y-negocios\/peluquerias-y-centros-de-belleza\/#breadcrumb"},"inLanguage":"es-ES","potentialAction":[{"@type":"ReadAction","target":["https:\/\/mivelezmalaga.com\/es\/tiendas-y-negocios\/peluquerias-y-centros-de-belleza\/"]}]},{"@type":"BreadcrumbList","@id":"https:\/\/mivelezmalaga.com\/es\/tiendas-y-negocios\/peluquerias-y-centros-de-belleza\/#breadcrumb","itemListElement":[{"@type":"ListItem","position":1,"name":"Home","item":"https:\/\/mivelezmalaga.com\/es\/"},{"@type":"ListItem","position":2,"name":"Tiendas y negocios","item":"https:\/\/mivelezmalaga.com\/es\/tiendas-y-negocios\/"},{"@type":"ListItem","position":3,"name":"Peluquer\u00edas y Centros de Belleza"}]},{"@type":"WebSite","@id":"https:\/\/mivelezmalaga.com\/es\/#website","url":"https:\/\/mivelezmalaga.com\/es\/","name":"Mi Velez-Malaga","description":"Welcome to V\u00e9lez","potentialAction":[{"@type":"SearchAction","target":{"@type":"EntryPoint","urlTemplate":"https:\/\/mivelezmalaga.com\/es\/?s={search_term_string}"},"query-input":{"@type":"PropertyValueSpecification","valueRequired":true,"valueName":"search_term_string"}}],"inLanguage":"es-ES"}]}},"_links":{"self":[{"href":"https:\/\/mivelezmalaga.com\/es\/wp-json\/wp\/v2\/pages\/3685","targetHints":{"allow":["GET"]}}],"collection":[{"href":"https:\/\/mivelezmalaga.com\/es\/wp-json\/wp\/v2\/pages"}],"about":[{"href":"https:\/\/mivelezmalaga.com\/es\/wp-json\/wp\/v2\/types\/page"}],"author":[{"embeddable":true,"href":"https:\/\/mivelezmalaga.com\/es\/wp-json\/wp\/v2\/users\/2"}],"replies":[{"embeddable":true,"href":"https:\/\/mivelezmalaga.com\/es\/wp-json\/wp\/v2\/comments?post=3685"}],"version-history":[{"count":3,"href":"https:\/\/mivelezmalaga.com\/es\/wp-json\/wp\/v2\/pages\/3685\/revisions"}],"predecessor-version":[{"id":8438,"href":"https:\/\/mivelezmalaga.com\/es\/wp-json\/wp\/v2\/pages\/3685\/revisions\/8438"}],"up":[{"embeddable":true,"href":"https:\/\/mivelezmalaga.com\/es\/wp-json\/wp\/v2\/pages\/3678"}],"wp:attachment":[{"href":"https:\/\/mivelezmalaga.com\/es\/wp-json\/wp\/v2\/media?parent=3685"}],"curies":[{"name":"wp","href":"https:\/\/api.w.org\/{rel}","templated":true}]}}