{"id":3686,"date":"2019-01-22T19:10:08","date_gmt":"2019-01-22T18:10:08","guid":{"rendered":"https:\/\/mivelezmalaga.com\/tiendas-y-negocios\/servicio-de-taxis\/"},"modified":"2024-01-16T10:28:49","modified_gmt":"2024-01-16T09:28:49","slug":"servicio-de-taxis","status":"publish","type":"page","link":"https:\/\/mivelezmalaga.com\/es\/tiendas-y-negocios\/servicio-de-taxis\/","title":{"rendered":"Servicio de Taxis"},"content":{"rendered":"\n<p>En la calle Re\u00f1idero de V\u00e9lez-M\u00e1laga podemos encontrar la parada principal de los taxis en la ciudad. Siempre hay una gran fila de veh\u00edculos disponibles para llevarle a cualquier lugar.<\/p>\n\n\n\n<p>Si prefiere que el taxi lo recoja en su propio alojamiento, le mostramos un listado de compa\u00f1\u00edas que llegaran con rapidez a la direcci\u00f3n indicada. Una forma de desplazarse c\u00f3moda y bastante asequible que podr\u00e1 utilizar en cualquier punto del municipio.<\/p>\n","protected":false},"excerpt":{"rendered":"<p>En la calle Re\u00f1idero de V\u00e9lez-M\u00e1laga podemos encontrar la parada principal de los taxis en la ciudad. Siempre hay una gran fila de veh\u00edculos disponibles para llevarle a cualquier lugar. Si prefiere que el taxi lo recoja en su propio alojamiento, le mostramos un listado de compa\u00f1\u00edas que llegaran con rapidez a la direcci\u00f3n indicada. [&hellip;]<\/p>\n","protected":false},"author":2,"featured_media":0,"parent":3678,"menu_order":16,"comment_status":"closed","ping_status":"closed","template":"page-businesses.php","meta":{"_acf_changed":false,"footnotes":""},"class_list":["post-3686","page","type-page","status-publish","hentry"],"acf":[],"yoast_head":"<!-- This site is optimized with the Yoast SEO plugin v27.3 - https:\/\/yoast.com\/product\/yoast-seo-wordpress\/ -->\n<title>Servicio de Taxi Velez-Malaga<\/title>\n<meta name=\"description\" content=\"\u00bfNecesita un taxi en Velez-Malaga? Aqu\u00ed hay una lista \u00fatil de los n\u00fameros para llamar y tener a mano...\" \/>\n<meta name=\"robots\" content=\"index, follow, max-snippet:-1, max-image-preview:large, max-video-preview:-1\" \/>\n<link rel=\"canonical\" href=\"https:\/\/mivelezmalaga.com\/es\/tiendas-y-negocios\/servicio-de-taxis\/\" \/>\n<meta property=\"og:locale\" content=\"es_ES\" \/>\n<meta property=\"og:type\" content=\"article\" \/>\n<meta property=\"og:title\" content=\"Servicio de Taxi Velez-Malaga\" \/>\n<meta property=\"og:description\" content=\"\u00bfNecesita un taxi en Velez-Malaga? Aqu\u00ed hay una lista \u00fatil de los n\u00fameros para llamar y tener a mano...\" \/>\n<meta property=\"og:url\" content=\"https:\/\/mivelezmalaga.com\/es\/tiendas-y-negocios\/servicio-de-taxis\/\" \/>\n<meta property=\"og:site_name\" content=\"Mi Velez-Malaga\" \/>\n<meta property=\"article:publisher\" content=\"https:\/\/www.facebook.com\/mivelezmalaga\/\" \/>\n<meta property=\"article:modified_time\" content=\"2024-01-16T09:28:49+00:00\" \/>\n<meta name=\"twitter:card\" content=\"summary_large_image\" \/>\n<meta name=\"twitter:site\" content=\"@MiVelezMalaga\" \/>\n<meta name=\"twitter:label1\" content=\"Est. reading time\" \/>\n\t<meta name=\"twitter:data1\" content=\"1 minute\" \/>\n<script type=\"application\/ld+json\" class=\"yoast-schema-graph\">{\"@context\":\"https:\\\/\\\/schema.org\",\"@graph\":[{\"@type\":\"WebPage\",\"@id\":\"https:\\\/\\\/mivelezmalaga.com\\\/es\\\/tiendas-y-negocios\\\/servicio-de-taxis\\\/\",\"url\":\"https:\\\/\\\/mivelezmalaga.com\\\/es\\\/tiendas-y-negocios\\\/servicio-de-taxis\\\/\",\"name\":\"Servicio de Taxi Velez-Malaga\",\"isPartOf\":{\"@id\":\"https:\\\/\\\/mivelezmalaga.com\\\/es\\\/#website\"},\"datePublished\":\"2019-01-22T18:10:08+00:00\",\"dateModified\":\"2024-01-16T09:28:49+00:00\",\"description\":\"\u00bfNecesita un taxi en Velez-Malaga? Aqu\u00ed hay una lista \u00fatil de los n\u00fameros para llamar y tener a mano...\",\"breadcrumb\":{\"@id\":\"https:\\\/\\\/mivelezmalaga.com\\\/es\\\/tiendas-y-negocios\\\/servicio-de-taxis\\\/#breadcrumb\"},\"inLanguage\":\"es-ES\",\"potentialAction\":[{\"@type\":\"ReadAction\",\"target\":[\"https:\\\/\\\/mivelezmalaga.com\\\/es\\\/tiendas-y-negocios\\\/servicio-de-taxis\\\/\"]}]},{\"@type\":\"BreadcrumbList\",\"@id\":\"https:\\\/\\\/mivelezmalaga.com\\\/es\\\/tiendas-y-negocios\\\/servicio-de-taxis\\\/#breadcrumb\",\"itemListElement\":[{\"@type\":\"ListItem\",\"position\":1,\"name\":\"Home\",\"item\":\"https:\\\/\\\/mivelezmalaga.com\\\/es\\\/\"},{\"@type\":\"ListItem\",\"position\":2,\"name\":\"Tiendas y negocios\",\"item\":\"https:\\\/\\\/mivelezmalaga.com\\\/es\\\/tiendas-y-negocios\\\/\"},{\"@type\":\"ListItem\",\"position\":3,\"name\":\"Servicio de Taxis\"}]},{\"@type\":\"WebSite\",\"@id\":\"https:\\\/\\\/mivelezmalaga.com\\\/es\\\/#website\",\"url\":\"https:\\\/\\\/mivelezmalaga.com\\\/es\\\/\",\"name\":\"Mi Velez-Malaga\",\"description\":\"Welcome to V\u00e9lez\",\"potentialAction\":[{\"@type\":\"SearchAction\",\"target\":{\"@type\":\"EntryPoint\",\"urlTemplate\":\"https:\\\/\\\/mivelezmalaga.com\\\/es\\\/?s={search_term_string}\"},\"query-input\":{\"@type\":\"PropertyValueSpecification\",\"valueRequired\":true,\"valueName\":\"search_term_string\"}}],\"inLanguage\":\"es-ES\"}]}<\/script>\n<!-- \/ Yoast SEO plugin. -->","yoast_head_json":{"title":"Servicio de Taxi Velez-Malaga","description":"\u00bfNecesita un taxi en Velez-Malaga? Aqu\u00ed hay una lista \u00fatil de los n\u00fameros para llamar y tener a mano...","robots":{"index":"index","follow":"follow","max-snippet":"max-snippet:-1","max-image-preview":"max-image-preview:large","max-video-preview":"max-video-preview:-1"},"canonical":"https:\/\/mivelezmalaga.com\/es\/tiendas-y-negocios\/servicio-de-taxis\/","og_locale":"es_ES","og_type":"article","og_title":"Servicio de Taxi Velez-Malaga","og_description":"\u00bfNecesita un taxi en Velez-Malaga? Aqu\u00ed hay una lista \u00fatil de los n\u00fameros para llamar y tener a mano...","og_url":"https:\/\/mivelezmalaga.com\/es\/tiendas-y-negocios\/servicio-de-taxis\/","og_site_name":"Mi Velez-Malaga","article_publisher":"https:\/\/www.facebook.com\/mivelezmalaga\/","article_modified_time":"2024-01-16T09:28:49+00:00","twitter_card":"summary_large_image","twitter_site":"@MiVelezMalaga","twitter_misc":{"Est. reading time":"1 minute"},"schema":{"@context":"https:\/\/schema.org","@graph":[{"@type":"WebPage","@id":"https:\/\/mivelezmalaga.com\/es\/tiendas-y-negocios\/servicio-de-taxis\/","url":"https:\/\/mivelezmalaga.com\/es\/tiendas-y-negocios\/servicio-de-taxis\/","name":"Servicio de Taxi Velez-Malaga","isPartOf":{"@id":"https:\/\/mivelezmalaga.com\/es\/#website"},"datePublished":"2019-01-22T18:10:08+00:00","dateModified":"2024-01-16T09:28:49+00:00","description":"\u00bfNecesita un taxi en Velez-Malaga? Aqu\u00ed hay una lista \u00fatil de los n\u00fameros para llamar y tener a mano...","breadcrumb":{"@id":"https:\/\/mivelezmalaga.com\/es\/tiendas-y-negocios\/servicio-de-taxis\/#breadcrumb"},"inLanguage":"es-ES","potentialAction":[{"@type":"ReadAction","target":["https:\/\/mivelezmalaga.com\/es\/tiendas-y-negocios\/servicio-de-taxis\/"]}]},{"@type":"BreadcrumbList","@id":"https:\/\/mivelezmalaga.com\/es\/tiendas-y-negocios\/servicio-de-taxis\/#breadcrumb","itemListElement":[{"@type":"ListItem","position":1,"name":"Home","item":"https:\/\/mivelezmalaga.com\/es\/"},{"@type":"ListItem","position":2,"name":"Tiendas y negocios","item":"https:\/\/mivelezmalaga.com\/es\/tiendas-y-negocios\/"},{"@type":"ListItem","position":3,"name":"Servicio de Taxis"}]},{"@type":"WebSite","@id":"https:\/\/mivelezmalaga.com\/es\/#website","url":"https:\/\/mivelezmalaga.com\/es\/","name":"Mi Velez-Malaga","description":"Welcome to V\u00e9lez","potentialAction":[{"@type":"SearchAction","target":{"@type":"EntryPoint","urlTemplate":"https:\/\/mivelezmalaga.com\/es\/?s={search_term_string}"},"query-input":{"@type":"PropertyValueSpecification","valueRequired":true,"valueName":"search_term_string"}}],"inLanguage":"es-ES"}]}},"_links":{"self":[{"href":"https:\/\/mivelezmalaga.com\/es\/wp-json\/wp\/v2\/pages\/3686","targetHints":{"allow":["GET"]}}],"collection":[{"href":"https:\/\/mivelezmalaga.com\/es\/wp-json\/wp\/v2\/pages"}],"about":[{"href":"https:\/\/mivelezmalaga.com\/es\/wp-json\/wp\/v2\/types\/page"}],"author":[{"embeddable":true,"href":"https:\/\/mivelezmalaga.com\/es\/wp-json\/wp\/v2\/users\/2"}],"replies":[{"embeddable":true,"href":"https:\/\/mivelezmalaga.com\/es\/wp-json\/wp\/v2\/comments?post=3686"}],"version-history":[{"count":6,"href":"https:\/\/mivelezmalaga.com\/es\/wp-json\/wp\/v2\/pages\/3686\/revisions"}],"predecessor-version":[{"id":8441,"href":"https:\/\/mivelezmalaga.com\/es\/wp-json\/wp\/v2\/pages\/3686\/revisions\/8441"}],"up":[{"embeddable":true,"href":"https:\/\/mivelezmalaga.com\/es\/wp-json\/wp\/v2\/pages\/3678"}],"wp:attachment":[{"href":"https:\/\/mivelezmalaga.com\/es\/wp-json\/wp\/v2\/media?parent=3686"}],"curies":[{"name":"wp","href":"https:\/\/api.w.org\/{rel}","templated":true}]}}