{"id":3687,"date":"2019-01-22T19:31:04","date_gmt":"2019-01-22T18:31:04","guid":{"rendered":"https:\/\/mivelezmalaga.com\/tiendas-y-negocios\/el-ingenio-centro-comercial\/"},"modified":"2024-02-08T15:27:39","modified_gmt":"2024-02-08T14:27:39","slug":"el-ingenio-centro-comercial","status":"publish","type":"page","link":"https:\/\/mivelezmalaga.com\/es\/tiendas-y-negocios\/el-ingenio-centro-comercial\/","title":{"rendered":"Centro Comercial El Ingenio"},"content":{"rendered":"\n<p>En la carretera justo al sur de V\u00e9lez-M\u00e1laga, de camino a Torre del Mar y la playa, se encuentra el centro comercial El Ingenio. Cuando las tiendas del casco antiguo de V\u00e9lez no le llaman, o cuando necesita comprar una variedad de comodidades modernas en un solo lugar, entonces El Ingenio es el lugar para usted. En 2020, El Ingenio se renov\u00f3, se mejor\u00f3 y ahora est\u00e1 nuevo y reluciente.<\/p>\n\n<h2 class=\"wp-block-heading\">\u00bfCu\u00e1ndo abre El Ingenio?<\/h2>\n\n<p>Horario comercial: De 10.00 a 22.00 horas de lunes a s\u00e1bado<br\/>Horario del cine: \u00faltimas proyecciones a medianoche<\/p>\n\n<p>Fechas de apertura en Navidad para 2023:<\/p>\n\n<p>Viernes 8 de diciembre<br\/>Domingos 3, 10, 17, 24 y 31 de diciembre<br\/>Domingo 7 de enero<\/p>\n\n<h2 class=\"wp-block-heading\">\u00bfQu\u00e9 tiendas hay en El Ingenio?<\/h2>\n\n<p>El centro comercial alberga todo lo que pueda necesitar: un gran supermercado Eroski, tiendas de moda de alta gama, tiendas de deporte, tiendas de animales, tiendas de tecnolog\u00eda y electrodom\u00e9sticos, un gimnasio y un cine con las \u00faltimas pel\u00edculas de Hollywood.<\/p>\n\n<h2 class=\"wp-block-heading\">Ropa<\/h2>\n\n<div style=\"width: 100%;\">\n<div style=\"width: 50%; float: left;\">Zara<br\/>C&#038;A<br\/>Pull &#038; Bear<br\/>M\u00e1ximo Dutti<br\/>H&#038;M<br\/>Mango<br\/>Springfield<br\/>Berksha<\/div>\n<p>Secreto de mujer<br\/>Tiendas Dunnes<br\/>Adivina<br\/>Desigual<br\/>Oysho<br\/>Jack &#038; Jones<br\/>Punto Roma<br\/>Stradivarius<br\/>J\u00f3venes<br\/>En<br\/>Uma<\/p>\n<\/div>\n\n<h2 class=\"wp-block-heading\">Jugueter\u00edas y ropa infantil<\/h2>\n\n<p>Mayoral<br\/>El Reino Friki<br\/>H&amp;M<br\/>Zara<br\/>Tigre volador<\/p>\n\n<h2 class=\"wp-block-heading\">Calzado<\/h2>\n\n<p>Chika10<br\/>Merkal<br\/>RKS<br\/>Salvador Artesano<\/p>\n\n<h2 class=\"wp-block-heading\">Accesorios<\/h2>\n\n<p>Bijou Brigitte<br\/>Calzedonia<br\/>Misako<br\/>Camino del tiempo<br\/>Vasco joyeros<br\/>Pandora<\/p>\n\n<h2 class=\"wp-block-heading\">\u00d3pticas<\/h2>\n\n<p>Multi\u00f3pticas<br\/>Soloptical<\/p>\n\n<h2 class=\"wp-block-heading\">Tiendas telef\u00f3nicas<\/h2>\n\n<p>Naranja<br\/>Vodafone<br\/>La casa del tel\u00e9fono<br\/>Unitec<br\/>Yoigo<\/p>\n\n<h2 class=\"wp-block-heading\">Art\u00edculos para el hogar, electrodom\u00e9sticos y tecnolog\u00eda<\/h2>\n\n<p>Casa<br\/>Dunnes<br\/>Eroski<br\/>Juego<br\/>Manzana Rota<\/p>\n\n<h2 class=\"wp-block-heading\">Gimnasios y tiendas de deporte<\/h2>\n\n<p>Altafit<br\/>Decimas<br\/>Sprinter<br\/>Oteros Deporte<br\/>JD Sports<\/p>\n\n<h2 class=\"wp-block-heading\">Tienda de mascotas<\/h2>\n\n<p>Tiendanimal<\/p>\n\n<h2 class=\"wp-block-heading\">Llaves y duplicados<\/h2>\n\n<p>Se\u00f1or Minit<\/p>\n\n<h2 class=\"wp-block-heading\">Cosm\u00e9ticos<\/h2>\n\n<p>Primor<\/p>\n\n<p>Kiko<\/p>\n\n<h2 class=\"wp-block-heading\">Comer y beber en El Ingenio<\/h2>\n\n<p>Adem\u00e1s de tiendas, hay restaurantes y cafeter\u00edas. Estos establecimientos se sit\u00faan principalmente en la primera planta, donde se pueden encontrar locales de comida r\u00e1pida como Burger King, KFC y la cadena espa\u00f1ola 100 Montaditos (bocadillos). Tambi\u00e9n hay restaurantes de comida informal como Muerde la Pasta (italiano con zona de juegos para ni\u00f1os), La Bodeguita de Miguel (espa\u00f1ol) y Pad Thai Wok.<\/p>\n\n<h2 class=\"wp-block-heading\">Otros servicios<\/h2>\n\n<p>Hay guarder\u00eda gratuita en la primera planta para ocupar a los ni\u00f1os bajo supervisi\u00f3n mientras usted compra. El vest\u00edbulo central se utiliza a menudo como espacio de exposiciones, por lo que incluso podr\u00e1 disfrutar de un poco de cultura durante su terapia de compras. Tambi\u00e9n en la primera planta hay una zona de recreo con juegos arcade y un parque de camas el\u00e1sticas.<\/p>\n\n<p>Como parte del complejo comercial hay un cine (Cinesur), con proyecciones en idiomas originales. Consulte <a href=\"https:\/\/www.cinesur.com\/es\/vose\" target=\"_blank\" rel=\"noopener noreferrer\">aqu\u00ed<\/a> qu\u00e9 pel\u00edculas se proyectan en versi\u00f3n original.<\/p>\n\n<p>Justo fuera del centro comercial hay una zona de juegos infantiles.<\/p>\n\n<p>El aparcamiento es gratuito las 24 horas del d\u00eda.<\/p>\n\n<p><strong>Direcci\u00f3n:<\/strong><\/p>\n\n<p>Avenida Juan Carlos 1<br\/>952 54 72 67<br\/><a href=\"http:\/\/elingenio.es\/\" target=\"_blank\" rel=\"noopener noreferrer\">P\u00e1gina web de El Ingenio<\/a><br\/><em>\u00bfBusca una experiencia de compra local? Echa un vistazo a nuestra selecci\u00f3n de las <a href=\"https:\/\/mivelezmalaga.com\/es\/tiendas-y-negocios\/boutiques\/\">mejores boutiques de V\u00e9lez-M\u00e1laga<\/a>.  <\/em><\/p>\n","protected":false},"excerpt":{"rendered":"<p>En la carretera justo al sur de V\u00e9lez-M\u00e1laga, de camino a Torre del Mar y la playa, se encuentra el centro comercial El Ingenio. Cuando las tiendas del casco antiguo de V\u00e9lez no le llaman, o cuando necesita comprar una variedad de comodidades modernas en un solo lugar, entonces El Ingenio es el lugar para [&hellip;]<\/p>\n","protected":false},"author":2,"featured_media":0,"parent":3678,"menu_order":6,"comment_status":"closed","ping_status":"closed","template":"page-child.php","meta":{"_acf_changed":false,"footnotes":""},"class_list":["post-3687","page","type-page","status-publish","hentry"],"acf":[],"yoast_head":"<!-- This site is optimized with the Yoast SEO plugin v27.3 - https:\/\/yoast.com\/product\/yoast-seo-wordpress\/ -->\n<title>Centro Comercial El Ingenio - Tiendas, horarios e informaci\u00f3n<\/title>\n<meta name=\"description\" content=\"\u00bfNecesitas m\u00e1s informaci\u00f3n sobre Centro Comercial El Ingenio en V\u00e9lez-M\u00e1laga? Desde sus tiendas y servicios hasta el aparcamiento y los horarios de apertura, descubra aqu\u00ed todo lo que necesita saber...\" \/>\n<meta name=\"robots\" content=\"index, follow, max-snippet:-1, max-image-preview:large, max-video-preview:-1\" \/>\n<link rel=\"canonical\" href=\"https:\/\/mivelezmalaga.com\/es\/tiendas-y-negocios\/el-ingenio-centro-comercial\/\" \/>\n<meta property=\"og:locale\" content=\"es_ES\" \/>\n<meta property=\"og:type\" content=\"article\" \/>\n<meta property=\"og:title\" content=\"Centro Comercial El Ingenio - Tiendas, horarios e informaci\u00f3n\" \/>\n<meta property=\"og:description\" content=\"\u00bfNecesitas m\u00e1s informaci\u00f3n sobre Centro Comercial El Ingenio en V\u00e9lez-M\u00e1laga? Desde sus tiendas y servicios hasta el aparcamiento y los horarios de apertura, descubra aqu\u00ed todo lo que necesita saber...\" \/>\n<meta property=\"og:url\" content=\"https:\/\/mivelezmalaga.com\/es\/tiendas-y-negocios\/el-ingenio-centro-comercial\/\" \/>\n<meta property=\"og:site_name\" content=\"Mi Velez-Malaga\" \/>\n<meta property=\"article:publisher\" content=\"https:\/\/www.facebook.com\/mivelezmalaga\/\" \/>\n<meta property=\"article:modified_time\" content=\"2024-02-08T14:27:39+00:00\" \/>\n<meta name=\"twitter:card\" content=\"summary_large_image\" \/>\n<meta name=\"twitter:site\" content=\"@MiVelezMalaga\" \/>\n<meta name=\"twitter:label1\" content=\"Est. reading time\" \/>\n\t<meta name=\"twitter:data1\" content=\"3 minutes\" \/>\n<script type=\"application\/ld+json\" class=\"yoast-schema-graph\">{\"@context\":\"https:\\\/\\\/schema.org\",\"@graph\":[{\"@type\":\"WebPage\",\"@id\":\"https:\\\/\\\/mivelezmalaga.com\\\/es\\\/tiendas-y-negocios\\\/el-ingenio-centro-comercial\\\/\",\"url\":\"https:\\\/\\\/mivelezmalaga.com\\\/es\\\/tiendas-y-negocios\\\/el-ingenio-centro-comercial\\\/\",\"name\":\"Centro Comercial El Ingenio - Tiendas, horarios e informaci\u00f3n\",\"isPartOf\":{\"@id\":\"https:\\\/\\\/mivelezmalaga.com\\\/es\\\/#website\"},\"datePublished\":\"2019-01-22T18:31:04+00:00\",\"dateModified\":\"2024-02-08T14:27:39+00:00\",\"description\":\"\u00bfNecesitas m\u00e1s informaci\u00f3n sobre Centro Comercial El Ingenio en V\u00e9lez-M\u00e1laga? Desde sus tiendas y servicios hasta el aparcamiento y los horarios de apertura, descubra aqu\u00ed todo lo que necesita saber...\",\"breadcrumb\":{\"@id\":\"https:\\\/\\\/mivelezmalaga.com\\\/es\\\/tiendas-y-negocios\\\/el-ingenio-centro-comercial\\\/#breadcrumb\"},\"inLanguage\":\"es-ES\",\"potentialAction\":[{\"@type\":\"ReadAction\",\"target\":[\"https:\\\/\\\/mivelezmalaga.com\\\/es\\\/tiendas-y-negocios\\\/el-ingenio-centro-comercial\\\/\"]}]},{\"@type\":\"BreadcrumbList\",\"@id\":\"https:\\\/\\\/mivelezmalaga.com\\\/es\\\/tiendas-y-negocios\\\/el-ingenio-centro-comercial\\\/#breadcrumb\",\"itemListElement\":[{\"@type\":\"ListItem\",\"position\":1,\"name\":\"Home\",\"item\":\"https:\\\/\\\/mivelezmalaga.com\\\/es\\\/\"},{\"@type\":\"ListItem\",\"position\":2,\"name\":\"Tiendas y negocios\",\"item\":\"https:\\\/\\\/mivelezmalaga.com\\\/es\\\/tiendas-y-negocios\\\/\"},{\"@type\":\"ListItem\",\"position\":3,\"name\":\"Centro Comercial El Ingenio\"}]},{\"@type\":\"WebSite\",\"@id\":\"https:\\\/\\\/mivelezmalaga.com\\\/es\\\/#website\",\"url\":\"https:\\\/\\\/mivelezmalaga.com\\\/es\\\/\",\"name\":\"Mi Velez-Malaga\",\"description\":\"Welcome to V\u00e9lez\",\"potentialAction\":[{\"@type\":\"SearchAction\",\"target\":{\"@type\":\"EntryPoint\",\"urlTemplate\":\"https:\\\/\\\/mivelezmalaga.com\\\/es\\\/?s={search_term_string}\"},\"query-input\":{\"@type\":\"PropertyValueSpecification\",\"valueRequired\":true,\"valueName\":\"search_term_string\"}}],\"inLanguage\":\"es-ES\"}]}<\/script>\n<!-- \/ Yoast SEO plugin. -->","yoast_head_json":{"title":"Centro Comercial El Ingenio - Tiendas, horarios e informaci\u00f3n","description":"\u00bfNecesitas m\u00e1s informaci\u00f3n sobre Centro Comercial El Ingenio en V\u00e9lez-M\u00e1laga? Desde sus tiendas y servicios hasta el aparcamiento y los horarios de apertura, descubra aqu\u00ed todo lo que necesita saber...","robots":{"index":"index","follow":"follow","max-snippet":"max-snippet:-1","max-image-preview":"max-image-preview:large","max-video-preview":"max-video-preview:-1"},"canonical":"https:\/\/mivelezmalaga.com\/es\/tiendas-y-negocios\/el-ingenio-centro-comercial\/","og_locale":"es_ES","og_type":"article","og_title":"Centro Comercial El Ingenio - Tiendas, horarios e informaci\u00f3n","og_description":"\u00bfNecesitas m\u00e1s informaci\u00f3n sobre Centro Comercial El Ingenio en V\u00e9lez-M\u00e1laga? Desde sus tiendas y servicios hasta el aparcamiento y los horarios de apertura, descubra aqu\u00ed todo lo que necesita saber...","og_url":"https:\/\/mivelezmalaga.com\/es\/tiendas-y-negocios\/el-ingenio-centro-comercial\/","og_site_name":"Mi Velez-Malaga","article_publisher":"https:\/\/www.facebook.com\/mivelezmalaga\/","article_modified_time":"2024-02-08T14:27:39+00:00","twitter_card":"summary_large_image","twitter_site":"@MiVelezMalaga","twitter_misc":{"Est. reading time":"3 minutes"},"schema":{"@context":"https:\/\/schema.org","@graph":[{"@type":"WebPage","@id":"https:\/\/mivelezmalaga.com\/es\/tiendas-y-negocios\/el-ingenio-centro-comercial\/","url":"https:\/\/mivelezmalaga.com\/es\/tiendas-y-negocios\/el-ingenio-centro-comercial\/","name":"Centro Comercial El Ingenio - Tiendas, horarios e informaci\u00f3n","isPartOf":{"@id":"https:\/\/mivelezmalaga.com\/es\/#website"},"datePublished":"2019-01-22T18:31:04+00:00","dateModified":"2024-02-08T14:27:39+00:00","description":"\u00bfNecesitas m\u00e1s informaci\u00f3n sobre Centro Comercial El Ingenio en V\u00e9lez-M\u00e1laga? Desde sus tiendas y servicios hasta el aparcamiento y los horarios de apertura, descubra aqu\u00ed todo lo que necesita saber...","breadcrumb":{"@id":"https:\/\/mivelezmalaga.com\/es\/tiendas-y-negocios\/el-ingenio-centro-comercial\/#breadcrumb"},"inLanguage":"es-ES","potentialAction":[{"@type":"ReadAction","target":["https:\/\/mivelezmalaga.com\/es\/tiendas-y-negocios\/el-ingenio-centro-comercial\/"]}]},{"@type":"BreadcrumbList","@id":"https:\/\/mivelezmalaga.com\/es\/tiendas-y-negocios\/el-ingenio-centro-comercial\/#breadcrumb","itemListElement":[{"@type":"ListItem","position":1,"name":"Home","item":"https:\/\/mivelezmalaga.com\/es\/"},{"@type":"ListItem","position":2,"name":"Tiendas y negocios","item":"https:\/\/mivelezmalaga.com\/es\/tiendas-y-negocios\/"},{"@type":"ListItem","position":3,"name":"Centro Comercial El Ingenio"}]},{"@type":"WebSite","@id":"https:\/\/mivelezmalaga.com\/es\/#website","url":"https:\/\/mivelezmalaga.com\/es\/","name":"Mi Velez-Malaga","description":"Welcome to V\u00e9lez","potentialAction":[{"@type":"SearchAction","target":{"@type":"EntryPoint","urlTemplate":"https:\/\/mivelezmalaga.com\/es\/?s={search_term_string}"},"query-input":{"@type":"PropertyValueSpecification","valueRequired":true,"valueName":"search_term_string"}}],"inLanguage":"es-ES"}]}},"_links":{"self":[{"href":"https:\/\/mivelezmalaga.com\/es\/wp-json\/wp\/v2\/pages\/3687","targetHints":{"allow":["GET"]}}],"collection":[{"href":"https:\/\/mivelezmalaga.com\/es\/wp-json\/wp\/v2\/pages"}],"about":[{"href":"https:\/\/mivelezmalaga.com\/es\/wp-json\/wp\/v2\/types\/page"}],"author":[{"embeddable":true,"href":"https:\/\/mivelezmalaga.com\/es\/wp-json\/wp\/v2\/users\/2"}],"replies":[{"embeddable":true,"href":"https:\/\/mivelezmalaga.com\/es\/wp-json\/wp\/v2\/comments?post=3687"}],"version-history":[{"count":3,"href":"https:\/\/mivelezmalaga.com\/es\/wp-json\/wp\/v2\/pages\/3687\/revisions"}],"predecessor-version":[{"id":8634,"href":"https:\/\/mivelezmalaga.com\/es\/wp-json\/wp\/v2\/pages\/3687\/revisions\/8634"}],"up":[{"embeddable":true,"href":"https:\/\/mivelezmalaga.com\/es\/wp-json\/wp\/v2\/pages\/3678"}],"wp:attachment":[{"href":"https:\/\/mivelezmalaga.com\/es\/wp-json\/wp\/v2\/media?parent=3687"}],"curies":[{"name":"wp","href":"https:\/\/api.w.org\/{rel}","templated":true}]}}