{"id":3689,"date":"2019-01-23T11:30:35","date_gmt":"2019-01-23T10:30:35","guid":{"rendered":"https:\/\/mivelezmalaga.com\/museos-y-galerias-de-arte\/"},"modified":"2024-01-16T10:20:05","modified_gmt":"2024-01-16T09:20:05","slug":"museos-y-galerias-de-arte","status":"publish","type":"page","link":"https:\/\/mivelezmalaga.com\/es\/que-hacer-en-velez-malaga\/museos-y-galerias-de-arte\/","title":{"rendered":"Museos y Galerias de Arte"},"content":{"rendered":"\n<p>Visitar V\u00e9lez-M\u00e1laga es descubrir una puerta a la cultura con una gran cantidad de salas de exposiciones y museos que muestran la historia de la comarca de la Axarqu\u00eda. Los amantes de la cultura encuentran en V\u00e9lez-M\u00e1laga un mundo por descubrir. Museos como el dedicado a la Semana Santa de la ciudad o descubrir el pasado prehist\u00f3rico de la ciudad hasta el siglo XX, en el MVVEL son algunos de los museos imprescindibles para conocer de cerca el legado hist\u00f3rico y art\u00edstico de V\u00e9lez-M\u00e1laga junto a la gran cantidad de centros de exposici\u00f3n que ofrecen una amplia oferta cultural muy atractiva para los visitantes.<\/p>\n\n\n\n<hr class=\"wp-block-separator has-alpha-channel-opacity\"\/>\n\n\n\n<h1 class=\"wp-block-heading\">Lugares por descubrir<\/h1>\n\n\n\n<hr class=\"wp-block-separator has-alpha-channel-opacity\"\/>\n\n\n\n<h2 class=\"wp-block-heading\">Museo de Semana Santa<\/h2>\n\n\n\n<p><img decoding=\"async\" class=\"alignnone size-full wp-image-1350 lazyload\" data-src=\"https:\/\/mivelezmalaga.com\/wp-content\/uploads\/2017\/02\/Iglesia-Santa-Maria-Arches-Anna-Lawlor.jpg\" alt=\"Iglesia de Santa Maria, Semana Santa Museum\" width=\"998\" height=\"517\" data-srcset=\"https:\/\/mivelezmalaga.com\/wp-content\/uploads\/2017\/02\/Iglesia-Santa-Maria-Arches-Anna-Lawlor.jpg 998w, https:\/\/mivelezmalaga.com\/wp-content\/uploads\/2017\/02\/Iglesia-Santa-Maria-Arches-Anna-Lawlor-300x155.jpg 300w\" data-sizes=\"(max-width: 998px) 100vw, 998px\" src=\"data:image\/svg+xml;base64,PHN2ZyB3aWR0aD0iMSIgaGVpZ2h0PSIxIiB4bWxucz0iaHR0cDovL3d3dy53My5vcmcvMjAwMC9zdmciPjwvc3ZnPg==\" style=\"--smush-placeholder-width: 998px; --smush-placeholder-aspect-ratio: 998\/517;\" \/><br>Construida sobre los restos de una antigua mezquita aljama de la ciudad musulmana en el siglo XVI, la Iglesia de Santa Mar\u00eda la Mayor es la sede del Museo de Semana Santa de V\u00e9lez-M\u00e1laga. Una de las joyas que podemos encontrar en la Iglesia es el retablo del altar mayor de estilo renacentista y una grandiosa torre-campanario. El Museo de la Semana Santa realiza un recorrido por la Historia de la Semana Santa vele\u00f1a y se exponen enseres de un gran valor art\u00edstico. Los visitantes tienen la oportunidad de vivir y sentir la semana santa de una forma directa, como si se encontraran en medio del recorrido procesional y donde se muestra cu\u00e1les son los elementos esenciales que forman parte de la puesta en escena de la Semana Santa vele\u00f1a.<br>C\/ Real de la Villa, 1<br>Horario: Martes a s\u00e1bado de 10:00 a 14:00 horas y de 17:00 a 20:00 horas. Domingos y festivos, de 10:00 a 14:00 horas. Lunes cerrado.<\/p>\n\n\n\n<h2 class=\"wp-block-heading\">Museo de V\u00e9lez-M\u00e1laga MVVEL<\/h2>\n\n\n\n<p><img decoding=\"async\" class=\"alignnone size-full wp-image-1351 lazyload\" data-src=\"https:\/\/mivelezmalaga.com\/wp-content\/uploads\/2017\/02\/Museo-de-Velez-Malaga.jpg\" alt=\"Museo de Velez-Malaga\" width=\"999\" height=\"544\" data-srcset=\"https:\/\/mivelezmalaga.com\/wp-content\/uploads\/2017\/02\/Museo-de-Velez-Malaga.jpg 999w, https:\/\/mivelezmalaga.com\/wp-content\/uploads\/2017\/02\/Museo-de-Velez-Malaga-300x163.jpg 300w\" data-sizes=\"(max-width: 999px) 100vw, 999px\" src=\"data:image\/svg+xml;base64,PHN2ZyB3aWR0aD0iMSIgaGVpZ2h0PSIxIiB4bWxucz0iaHR0cDovL3d3dy53My5vcmcvMjAwMC9zdmciPjwvc3ZnPg==\" style=\"--smush-placeholder-width: 999px; --smush-placeholder-aspect-ratio: 999\/544;\" \/><br>Inaugurado en marzo de 2017, este espacio expositivo ubicado en el antiguo Hospital San Juan de Dios es un recorrido por la rica historia de V\u00e9lez-M\u00e1laga y la comarca de la Axarqu\u00eda. El antiguo hospital San Juan de Dios fue fundado por los Reyes Cat\u00f3licos en 1487, como Hospital de San Marcos, y cedido en el siglo XVII a la orden de San Juan de Dios, desde entonces ha sufrido importantes reformas hasta llegar a convertirse en el mejor proyecto de la ciudad de V\u00e9lez-M\u00e1laga. A trav\u00e9s de sus 6 salas con m\u00e1s de 1700 objetos desde la Prehistoria a la Edad Moderna, los visitantes podr\u00e1n observar piezas arqueol\u00f3gicas de gran valor, documentos y elementos bibliogr\u00e1ficos, fotograf\u00edas y distinto material tanto del fondo municipal como provincial, as\u00ed como de colecciones privadas.<br>Plaza San Juan de Dios (Antiguo Hospital San Juan de Dios)<br>Horario: martes a s\u00e1bado de 10:00 a 14:00 horas y de 17:00 a 20:00 horas. Domingos y festivos de 10:00 a 14:00 horas.<\/p>\n\n\n\n<h2 class=\"wp-block-heading\">Centro de Arte Contempor\u00e1neo \u2018Francisco Hern\u00e1ndez\u2019<\/h2>\n\n\n\n<p><img decoding=\"async\" class=\"alignnone size-full wp-image-1115 lazyload\" data-src=\"https:\/\/mivelezmalaga.com\/wp-content\/uploads\/2017\/02\/centro-de-arte-contemporaneo-velez-malaga.jpg\" alt=\"Contemporary Art Centre velez malaga\" width=\"1000\" height=\"500\" data-srcset=\"https:\/\/mivelezmalaga.com\/wp-content\/uploads\/2017\/02\/centro-de-arte-contemporaneo-velez-malaga.jpg 1000w, https:\/\/mivelezmalaga.com\/wp-content\/uploads\/2017\/02\/centro-de-arte-contemporaneo-velez-malaga-300x150.jpg 300w\" data-sizes=\"(max-width: 1000px) 100vw, 1000px\" src=\"data:image\/svg+xml;base64,PHN2ZyB3aWR0aD0iMSIgaGVpZ2h0PSIxIiB4bWxucz0iaHR0cDovL3d3dy53My5vcmcvMjAwMC9zdmciPjwvc3ZnPg==\" style=\"--smush-placeholder-width: 1000px; --smush-placeholder-aspect-ratio: 1000\/500;\" \/><br>Un antiguo palacete en la calle F\u00e9lix Lomas de V\u00e9lez-M\u00e1laga es la ubicaci\u00f3n del primer espacio dedicado al arte emergente que se construy\u00f3 en Andaluc\u00eda fuera de una capital de provincia. En sus tres plantas y s\u00f3tano se encuentras distribuidas seis salas de exposiciones, sal\u00f3n de actos, una sala de lectura y almacenes. Durante los meses de Julio y Agosto, tienen lugar los ciclos de Jazz, con la actuaci\u00f3n en directo de importantes concertistas de este g\u00e9nero, deleitando a un p\u00fablico de todas las edades. Sus salas acogen exposiciones, conferencias, programas did\u00e1cticos, conciertos y talleres, m\u00faltiples actividades que del CAC V\u00e9lez-M\u00e1laga un centro din\u00e1mico y abierto a la divulgaci\u00f3n del arte contempor\u00e1neo.<br>C\/F\u00e9lix Lomas, 27<br>Horario: Horario: de martes a s\u00e1bado de 10 a 14 horas y de 17 a 20 horas. Domingo y festivos de 10 a 14 horas.<\/p>\n\n\n\n<h2 class=\"wp-block-heading\">Sala San Francisco<\/h2>\n\n\n\n<p>Situada en el Convento de San Francisco, cuyos or\u00edgenes se remontan al a\u00f1o 1487, cuando la ciudad de V\u00e9lez-M\u00e1laga es conquistada por los Reyes Cat\u00f3licos, encontramos una sala de exposiciones temporales en cuyo espacio se fomenta, promociona y se da difusi\u00f3n a las diferentes artes pl\u00e1sticas (pintura, escultura, fotograf\u00eda, etc.).<br>Plaza San Francisco<br>Horario: de martes a s\u00e1bado de 11:00 a 13:00 horas y de 17:00 a 20:00 horas.<\/p>\n\n\n\n<h2 class=\"wp-block-heading\">Sala Joaqu\u00edn Lobato<\/h2>\n\n\n\n<p>Joaqu\u00edn Lobato naci\u00f3 en V\u00e9lez-M\u00e1laga en el a\u00f1o 1943 y su producci\u00f3n art\u00edstica es dif\u00edcil de catalogar, ya que se dedic\u00f3 a la poes\u00eda, el teatro, la narrativa y la pintura, dedicando espacial atenci\u00f3n a la t\u00e9cnica del cartel. Toda su producci\u00f3n art\u00edstica y su legado se pueden visitar en la sala del legado del poeta, ubicada en la planta baja del Palacio de Beniel de V\u00e9lez-M\u00e1laga. La sala la componen dos espacios expositivos, uno permanente con objetos personales del poeta y otro temporal, dedicado a exponer su extenso legado.<br>Plaza Palacio (integrada en el Palacio del Marqu\u00e9s de Beniel)<br>Horario: de lunes a viernes de 9:00 a 13:00 horas.<\/p>\n\n\n\n<h2 class=\"wp-block-heading\">Sala Mar\u00eda Zambrano<\/h2>\n\n\n\n<p><img decoding=\"async\" class=\"alignnone size-full wp-image-1112 lazyload\" data-src=\"https:\/\/mivelezmalaga.com\/wp-content\/uploads\/2017\/02\/maria-zambrano-looking-up.jpg\" alt=\"Sala Maria Zambrano Velez Malaga\" width=\"1000\" height=\"500\" data-srcset=\"https:\/\/mivelezmalaga.com\/wp-content\/uploads\/2017\/02\/maria-zambrano-looking-up.jpg 1000w, https:\/\/mivelezmalaga.com\/wp-content\/uploads\/2017\/02\/maria-zambrano-looking-up-300x150.jpg 300w\" data-sizes=\"(max-width: 1000px) 100vw, 1000px\" src=\"data:image\/svg+xml;base64,PHN2ZyB3aWR0aD0iMSIgaGVpZ2h0PSIxIiB4bWxucz0iaHR0cDovL3d3dy53My5vcmcvMjAwMC9zdmciPjwvc3ZnPg==\" style=\"--smush-placeholder-width: 1000px; --smush-placeholder-aspect-ratio: 1000\/500;\" \/><br>Mar\u00eda Zambrano es la figura femenina m\u00e1s importante del pensamiento espa\u00f1ol del siglo XX. La vida y la obra de la fil\u00f3sofa y pensadora Mar\u00eda Zambrano nacida en V\u00e9lez-M\u00e1laga en el a\u00f1o 1904, se encuentra recogida en una exposici\u00f3n permanente cuya sede se encuentra en el Palacio Marqu\u00e9s de Beniel de V\u00e9lez-M\u00e1laga con el objeto de la difusi\u00f3n y perduraci\u00f3n del pensamiento y de la obra de Mar\u00eda Zambrano. La fundaci\u00f3n de la poetisa se encuentra ubicada en la primera planta del palacio y se divide en varias salas: la sala de oficinas en la que se realizan las gestiones administrativas, la sala para los investigadores, espacio dedicado a la consulta y la sala de exposiciones que permiten al visitante acercarse de una forma muy amena a la vida y obra de la pensadora vele\u00f1a con una selecci\u00f3n de documentos originales, manuscritos, primeras publicaciones, correspondencia, fotograf\u00edas, cuadros, material audiovisual, etc.<br>Plaza Palacio (integrada en el Palacio del Marqu\u00e9s de Beniel)<br>Es necesario reservar con antelaci\u00f3n para visitar la sala. Horario: de lunes a viernes de 9:00 a 14:00 horas.<\/p>\n\n\n\n<h2 class=\"wp-block-heading\">Sala Expositiva Archivos Municipales<\/h2>\n\n\n\n<p>Los archivos hist\u00f3ricos m\u00e1s importantes de la ciudad desde 1487 se pueden visitar en la sala de exposiciones del archivo municipal, un espacio expositivo que se encuentra ubicado en los bajos del Centro del Exilio y que permite acercar a los<br>ciudadanos y a los investigadores un importante legado documental de una<br>gran riqueza informativa que va desde el a\u00f1o 1487 hasta nuestros d\u00edas.<br>Plaza Palacio. Ubicada en los bajos del Centro del Exilio.<\/p>\n\n\n\n<p>Horario: lunes a viernes de 9 a 14.<\/p>\n\n\n\n<h2 class=\"wp-block-heading\">Sala de Miguel de Cervantes<\/h2>\n\n\n\n<p><img decoding=\"async\" class=\"alignnone size-full wp-image-1113 lazyload\" data-src=\"https:\/\/mivelezmalaga.com\/wp-content\/uploads\/2017\/02\/casa-cervantes-interior.jpg\" alt=\"Casa Cervantes Interior\" width=\"1000\" height=\"579\" data-srcset=\"https:\/\/mivelezmalaga.com\/wp-content\/uploads\/2017\/02\/casa-cervantes-interior.jpg 1000w, https:\/\/mivelezmalaga.com\/wp-content\/uploads\/2017\/02\/casa-cervantes-interior-300x174.jpg 300w\" data-sizes=\"(max-width: 1000px) 100vw, 1000px\" src=\"data:image\/svg+xml;base64,PHN2ZyB3aWR0aD0iMSIgaGVpZ2h0PSIxIiB4bWxucz0iaHR0cDovL3d3dy53My5vcmcvMjAwMC9zdmciPjwvc3ZnPg==\" style=\"--smush-placeholder-width: 1000px; --smush-placeholder-aspect-ratio: 1000\/579;\" \/><br>Esta sala expositiva dedicada a Miguel de Cervantes se encuentra ubicada en una casa solariega del siglo XVI que se vincula a diferentes acontecimientos hist\u00f3ricos de la ciudad. Seg\u00fan la tradici\u00f3n popular, se hosped\u00f3 D. Miguel de Cervantes Saavedra en 1594, durante su estancia en la villa cuando era recaudador de impuestos. Actualmente la casa Cervantes de V\u00e9lez-M\u00e1laga acoge la Escuela Oficial de Idiomas y en su planta baja se encuentra la interesante exposici\u00f3n dedicada a la vida de Cervantes durante el siglo XVI y principios del XVII y su paso por V\u00e9lez-M\u00e1laga del que se hace menci\u00f3n en diferentes ocasiones en su obra m\u00e1s famosa, Don Quijote de la Mancha.<br>C\/ San Francisco, 72<br>Horario: martes a s\u00e1bado de 10:00 horas a 13:00 horas y de 18:00 a 20:00 horas.<\/p>\n\n\n\n<h2 class=\"wp-block-heading\">Edificio del P\u00f3sito<\/h2>\n\n\n\n<p>El P\u00f3sito de V\u00e9lez-M\u00e1laga fue construido a mediados del siglo XVIII y era un almac\u00e9n municipal destinado al almacenamiento de granos, principalmente trigo para abastecer a los ciudadanos. En el a\u00f1o 1899, desaparecida ya su funci\u00f3n original, fue vendido a una sociedad, hasta que el Ayuntamiento lo adquiri\u00f3 para llevar a cabo otro espacio expositivo habilitado para acoger multitud de eventos culturales y exposiciones varias. Actualmente tambi\u00e9n es la sede de la Delegaci\u00f3n de Cultura y Patrimonio de Ayuntamiento de V\u00e9lez-M\u00e1laga. Este edificio est\u00e1 situado en un enclave incomparable con vistas a las antiguas murallas de la villa y situado junto a la Iglesia de San Juan Bautista, formando un hermosos conjunto arquitect\u00f3nico digno de admirar.<\/p>\n\n\n\n<p class=\"has-text-align-left\">Plaza de la Constituci\u00f3n<\/p>\n\n\n\n<p class=\"has-text-align-left\">Horario: martes a s\u00e1bado de 10:00 horas a 14:00 horas y de 17:00 a 20:00 horas.<\/p>\n","protected":false},"excerpt":{"rendered":"<p>Visitar V\u00e9lez-M\u00e1laga es descubrir una puerta a la cultura con una gran cantidad de salas de exposiciones y museos que muestran la historia de la comarca de la Axarqu\u00eda. Los amantes de la cultura encuentran en V\u00e9lez-M\u00e1laga un mundo por descubrir. Museos como el dedicado a la Semana Santa de la ciudad o descubrir el [&hellip;]<\/p>\n","protected":false},"author":2,"featured_media":0,"parent":5585,"menu_order":0,"comment_status":"closed","ping_status":"closed","template":"page-child.php","meta":{"_acf_changed":false,"footnotes":""},"class_list":["post-3689","page","type-page","status-publish","hentry"],"acf":[],"yoast_head":"<!-- This site is optimized with the Yoast SEO plugin v27.3 - https:\/\/yoast.com\/product\/yoast-seo-wordpress\/ -->\n<title>Museos y Galerias de Arte en Velez-Malaga<\/title>\n<meta name=\"description\" content=\"Desde la galer\u00eda de arte moderno y el museo de la Semana Santa hasta el nuevo museo de la ciudad, V\u00e9lez-Malaga est\u00e1 repleto de museos y galer\u00edas.\" \/>\n<meta name=\"robots\" content=\"index, follow, max-snippet:-1, max-image-preview:large, max-video-preview:-1\" \/>\n<link rel=\"canonical\" href=\"https:\/\/mivelezmalaga.com\/es\/que-hacer-en-velez-malaga\/museos-y-galerias-de-arte\/\" \/>\n<meta property=\"og:locale\" content=\"es_ES\" \/>\n<meta property=\"og:type\" content=\"article\" \/>\n<meta property=\"og:title\" content=\"Museos y Galerias de Arte en Velez-Malaga\" \/>\n<meta property=\"og:description\" content=\"Desde la galer\u00eda de arte moderno y el museo de la Semana Santa hasta el nuevo museo de la ciudad, V\u00e9lez-Malaga est\u00e1 repleto de museos y galer\u00edas.\" \/>\n<meta property=\"og:url\" content=\"https:\/\/mivelezmalaga.com\/es\/que-hacer-en-velez-malaga\/museos-y-galerias-de-arte\/\" \/>\n<meta property=\"og:site_name\" content=\"Mi Velez-Malaga\" \/>\n<meta property=\"article:publisher\" content=\"https:\/\/www.facebook.com\/mivelezmalaga\/\" \/>\n<meta property=\"article:modified_time\" content=\"2024-01-16T09:20:05+00:00\" \/>\n<meta property=\"og:image\" content=\"https:\/\/mivelezmalaga.com\/wp-content\/uploads\/2017\/02\/Iglesia-Santa-Maria-Arches-Anna-Lawlor.jpg\" \/>\n<meta name=\"twitter:card\" content=\"summary_large_image\" \/>\n<meta name=\"twitter:site\" content=\"@MiVelezMalaga\" \/>\n<meta name=\"twitter:label1\" content=\"Est. reading time\" \/>\n\t<meta name=\"twitter:data1\" content=\"7 minutes\" \/>\n<script type=\"application\/ld+json\" class=\"yoast-schema-graph\">{\"@context\":\"https:\\\/\\\/schema.org\",\"@graph\":[{\"@type\":\"WebPage\",\"@id\":\"https:\\\/\\\/mivelezmalaga.com\\\/es\\\/que-hacer-en-velez-malaga\\\/museos-y-galerias-de-arte\\\/\",\"url\":\"https:\\\/\\\/mivelezmalaga.com\\\/es\\\/que-hacer-en-velez-malaga\\\/museos-y-galerias-de-arte\\\/\",\"name\":\"Museos y Galerias de Arte en Velez-Malaga\",\"isPartOf\":{\"@id\":\"https:\\\/\\\/mivelezmalaga.com\\\/es\\\/#website\"},\"primaryImageOfPage\":{\"@id\":\"https:\\\/\\\/mivelezmalaga.com\\\/es\\\/que-hacer-en-velez-malaga\\\/museos-y-galerias-de-arte\\\/#primaryimage\"},\"image\":{\"@id\":\"https:\\\/\\\/mivelezmalaga.com\\\/es\\\/que-hacer-en-velez-malaga\\\/museos-y-galerias-de-arte\\\/#primaryimage\"},\"thumbnailUrl\":\"https:\\\/\\\/mivelezmalaga.com\\\/wp-content\\\/uploads\\\/2017\\\/02\\\/Iglesia-Santa-Maria-Arches-Anna-Lawlor.jpg\",\"datePublished\":\"2019-01-23T10:30:35+00:00\",\"dateModified\":\"2024-01-16T09:20:05+00:00\",\"description\":\"Desde la galer\u00eda de arte moderno y el museo de la Semana Santa hasta el nuevo museo de la ciudad, V\u00e9lez-Malaga est\u00e1 repleto de museos y galer\u00edas.\",\"breadcrumb\":{\"@id\":\"https:\\\/\\\/mivelezmalaga.com\\\/es\\\/que-hacer-en-velez-malaga\\\/museos-y-galerias-de-arte\\\/#breadcrumb\"},\"inLanguage\":\"es-ES\",\"potentialAction\":[{\"@type\":\"ReadAction\",\"target\":[\"https:\\\/\\\/mivelezmalaga.com\\\/es\\\/que-hacer-en-velez-malaga\\\/museos-y-galerias-de-arte\\\/\"]}]},{\"@type\":\"ImageObject\",\"inLanguage\":\"es-ES\",\"@id\":\"https:\\\/\\\/mivelezmalaga.com\\\/es\\\/que-hacer-en-velez-malaga\\\/museos-y-galerias-de-arte\\\/#primaryimage\",\"url\":\"https:\\\/\\\/mivelezmalaga.com\\\/wp-content\\\/uploads\\\/2017\\\/02\\\/Iglesia-Santa-Maria-Arches-Anna-Lawlor.jpg\",\"contentUrl\":\"https:\\\/\\\/mivelezmalaga.com\\\/wp-content\\\/uploads\\\/2017\\\/02\\\/Iglesia-Santa-Maria-Arches-Anna-Lawlor.jpg\"},{\"@type\":\"BreadcrumbList\",\"@id\":\"https:\\\/\\\/mivelezmalaga.com\\\/es\\\/que-hacer-en-velez-malaga\\\/museos-y-galerias-de-arte\\\/#breadcrumb\",\"itemListElement\":[{\"@type\":\"ListItem\",\"position\":1,\"name\":\"Home\",\"item\":\"https:\\\/\\\/mivelezmalaga.com\\\/es\\\/\"},{\"@type\":\"ListItem\",\"position\":2,\"name\":\"Que hacer en V\u00e9lez-M\u00e1laga\",\"item\":\"https:\\\/\\\/mivelezmalaga.com\\\/es\\\/que-hacer-en-velez-malaga\\\/\"},{\"@type\":\"ListItem\",\"position\":3,\"name\":\"Museos y Galerias de Arte\"}]},{\"@type\":\"WebSite\",\"@id\":\"https:\\\/\\\/mivelezmalaga.com\\\/es\\\/#website\",\"url\":\"https:\\\/\\\/mivelezmalaga.com\\\/es\\\/\",\"name\":\"Mi Velez-Malaga\",\"description\":\"Welcome to V\u00e9lez\",\"potentialAction\":[{\"@type\":\"SearchAction\",\"target\":{\"@type\":\"EntryPoint\",\"urlTemplate\":\"https:\\\/\\\/mivelezmalaga.com\\\/es\\\/?s={search_term_string}\"},\"query-input\":{\"@type\":\"PropertyValueSpecification\",\"valueRequired\":true,\"valueName\":\"search_term_string\"}}],\"inLanguage\":\"es-ES\"}]}<\/script>\n<!-- \/ Yoast SEO plugin. -->","yoast_head_json":{"title":"Museos y Galerias de Arte en Velez-Malaga","description":"Desde la galer\u00eda de arte moderno y el museo de la Semana Santa hasta el nuevo museo de la ciudad, V\u00e9lez-Malaga est\u00e1 repleto de museos y galer\u00edas.","robots":{"index":"index","follow":"follow","max-snippet":"max-snippet:-1","max-image-preview":"max-image-preview:large","max-video-preview":"max-video-preview:-1"},"canonical":"https:\/\/mivelezmalaga.com\/es\/que-hacer-en-velez-malaga\/museos-y-galerias-de-arte\/","og_locale":"es_ES","og_type":"article","og_title":"Museos y Galerias de Arte en Velez-Malaga","og_description":"Desde la galer\u00eda de arte moderno y el museo de la Semana Santa hasta el nuevo museo de la ciudad, V\u00e9lez-Malaga est\u00e1 repleto de museos y galer\u00edas.","og_url":"https:\/\/mivelezmalaga.com\/es\/que-hacer-en-velez-malaga\/museos-y-galerias-de-arte\/","og_site_name":"Mi Velez-Malaga","article_publisher":"https:\/\/www.facebook.com\/mivelezmalaga\/","article_modified_time":"2024-01-16T09:20:05+00:00","og_image":[{"url":"https:\/\/mivelezmalaga.com\/wp-content\/uploads\/2017\/02\/Iglesia-Santa-Maria-Arches-Anna-Lawlor.jpg","type":"","width":"","height":""}],"twitter_card":"summary_large_image","twitter_site":"@MiVelezMalaga","twitter_misc":{"Est. reading time":"7 minutes"},"schema":{"@context":"https:\/\/schema.org","@graph":[{"@type":"WebPage","@id":"https:\/\/mivelezmalaga.com\/es\/que-hacer-en-velez-malaga\/museos-y-galerias-de-arte\/","url":"https:\/\/mivelezmalaga.com\/es\/que-hacer-en-velez-malaga\/museos-y-galerias-de-arte\/","name":"Museos y Galerias de Arte en Velez-Malaga","isPartOf":{"@id":"https:\/\/mivelezmalaga.com\/es\/#website"},"primaryImageOfPage":{"@id":"https:\/\/mivelezmalaga.com\/es\/que-hacer-en-velez-malaga\/museos-y-galerias-de-arte\/#primaryimage"},"image":{"@id":"https:\/\/mivelezmalaga.com\/es\/que-hacer-en-velez-malaga\/museos-y-galerias-de-arte\/#primaryimage"},"thumbnailUrl":"https:\/\/mivelezmalaga.com\/wp-content\/uploads\/2017\/02\/Iglesia-Santa-Maria-Arches-Anna-Lawlor.jpg","datePublished":"2019-01-23T10:30:35+00:00","dateModified":"2024-01-16T09:20:05+00:00","description":"Desde la galer\u00eda de arte moderno y el museo de la Semana Santa hasta el nuevo museo de la ciudad, V\u00e9lez-Malaga est\u00e1 repleto de museos y galer\u00edas.","breadcrumb":{"@id":"https:\/\/mivelezmalaga.com\/es\/que-hacer-en-velez-malaga\/museos-y-galerias-de-arte\/#breadcrumb"},"inLanguage":"es-ES","potentialAction":[{"@type":"ReadAction","target":["https:\/\/mivelezmalaga.com\/es\/que-hacer-en-velez-malaga\/museos-y-galerias-de-arte\/"]}]},{"@type":"ImageObject","inLanguage":"es-ES","@id":"https:\/\/mivelezmalaga.com\/es\/que-hacer-en-velez-malaga\/museos-y-galerias-de-arte\/#primaryimage","url":"https:\/\/mivelezmalaga.com\/wp-content\/uploads\/2017\/02\/Iglesia-Santa-Maria-Arches-Anna-Lawlor.jpg","contentUrl":"https:\/\/mivelezmalaga.com\/wp-content\/uploads\/2017\/02\/Iglesia-Santa-Maria-Arches-Anna-Lawlor.jpg"},{"@type":"BreadcrumbList","@id":"https:\/\/mivelezmalaga.com\/es\/que-hacer-en-velez-malaga\/museos-y-galerias-de-arte\/#breadcrumb","itemListElement":[{"@type":"ListItem","position":1,"name":"Home","item":"https:\/\/mivelezmalaga.com\/es\/"},{"@type":"ListItem","position":2,"name":"Que hacer en V\u00e9lez-M\u00e1laga","item":"https:\/\/mivelezmalaga.com\/es\/que-hacer-en-velez-malaga\/"},{"@type":"ListItem","position":3,"name":"Museos y Galerias de Arte"}]},{"@type":"WebSite","@id":"https:\/\/mivelezmalaga.com\/es\/#website","url":"https:\/\/mivelezmalaga.com\/es\/","name":"Mi Velez-Malaga","description":"Welcome to V\u00e9lez","potentialAction":[{"@type":"SearchAction","target":{"@type":"EntryPoint","urlTemplate":"https:\/\/mivelezmalaga.com\/es\/?s={search_term_string}"},"query-input":{"@type":"PropertyValueSpecification","valueRequired":true,"valueName":"search_term_string"}}],"inLanguage":"es-ES"}]}},"_links":{"self":[{"href":"https:\/\/mivelezmalaga.com\/es\/wp-json\/wp\/v2\/pages\/3689","targetHints":{"allow":["GET"]}}],"collection":[{"href":"https:\/\/mivelezmalaga.com\/es\/wp-json\/wp\/v2\/pages"}],"about":[{"href":"https:\/\/mivelezmalaga.com\/es\/wp-json\/wp\/v2\/types\/page"}],"author":[{"embeddable":true,"href":"https:\/\/mivelezmalaga.com\/es\/wp-json\/wp\/v2\/users\/2"}],"replies":[{"embeddable":true,"href":"https:\/\/mivelezmalaga.com\/es\/wp-json\/wp\/v2\/comments?post=3689"}],"version-history":[{"count":4,"href":"https:\/\/mivelezmalaga.com\/es\/wp-json\/wp\/v2\/pages\/3689\/revisions"}],"predecessor-version":[{"id":8416,"href":"https:\/\/mivelezmalaga.com\/es\/wp-json\/wp\/v2\/pages\/3689\/revisions\/8416"}],"up":[{"embeddable":true,"href":"https:\/\/mivelezmalaga.com\/es\/wp-json\/wp\/v2\/pages\/5585"}],"wp:attachment":[{"href":"https:\/\/mivelezmalaga.com\/es\/wp-json\/wp\/v2\/media?parent=3689"}],"curies":[{"name":"wp","href":"https:\/\/api.w.org\/{rel}","templated":true}]}}