{"id":3691,"date":"2016-12-14T14:00:14","date_gmt":"2016-12-14T14:00:14","guid":{"rendered":"https:\/\/mivelezmalaga.com\/comer-y-beber\/"},"modified":"2024-03-05T12:32:52","modified_gmt":"2024-03-05T11:32:52","slug":"comer-y-beber","status":"publish","type":"page","link":"https:\/\/mivelezmalaga.com\/es\/comer-y-beber\/","title":{"rendered":"Comer y Beber"},"content":{"rendered":"\n<p>La oferta culinaria de V\u00e9lez-M\u00e1laga permite saborear toda una gama de productos t\u00edpicos y vinos a trav\u00e9s de los diferentes restaurantes, bares y caf\u00e9s que componen el centro hist\u00f3rico. Con los mejores productos seleccionados de la zona de Axarqu\u00eda, comer y beber en V\u00e9lez-M\u00e1laga es una de las mejores opciones.<\/p>\n","protected":false},"excerpt":{"rendered":"<p>La oferta culinaria de V\u00e9lez-M\u00e1laga permite saborear toda una gama de productos t\u00edpicos y vinos a trav\u00e9s de los diferentes restaurantes, bares y caf\u00e9s que componen el centro hist\u00f3rico. Con los mejores productos seleccionados de la zona de Axarqu\u00eda, comer y beber en V\u00e9lez-M\u00e1laga es una de las mejores opciones.<\/p>\n","protected":false},"author":1,"featured_media":401,"parent":0,"menu_order":0,"comment_status":"closed","ping_status":"closed","template":"page-sub.php","meta":{"_acf_changed":false,"footnotes":""},"class_list":["post-3691","page","type-page","status-publish","has-post-thumbnail","hentry"],"acf":[],"yoast_head":"<!-- This site is optimized with the Yoast SEO plugin v27.3 - https:\/\/yoast.com\/product\/yoast-seo-wordpress\/ -->\n<title>D\u00f3nde Comer y Beber, Velez-Malaga<\/title>\n<meta name=\"description\" content=\"\u00bfBuscas lugares para comer y beber en V\u00e9lez? Consulte nuestra gu\u00eda completa y encuentre una variedad de lugares...\" \/>\n<meta name=\"robots\" content=\"index, follow, max-snippet:-1, max-image-preview:large, max-video-preview:-1\" \/>\n<link rel=\"canonical\" href=\"https:\/\/mivelezmalaga.com\/es\/comer-y-beber\/\" \/>\n<meta property=\"og:locale\" content=\"es_ES\" \/>\n<meta property=\"og:type\" content=\"article\" \/>\n<meta property=\"og:title\" content=\"D\u00f3nde Comer y Beber, Velez-Malaga\" \/>\n<meta property=\"og:description\" content=\"\u00bfBuscas lugares para comer y beber en V\u00e9lez? Consulte nuestra gu\u00eda completa y encuentre una variedad de lugares...\" \/>\n<meta property=\"og:url\" content=\"https:\/\/mivelezmalaga.com\/es\/comer-y-beber\/\" \/>\n<meta property=\"og:site_name\" content=\"Mi Velez-Malaga\" \/>\n<meta property=\"article:publisher\" content=\"https:\/\/www.facebook.com\/mivelezmalaga\/\" \/>\n<meta property=\"article:modified_time\" content=\"2024-03-05T11:32:52+00:00\" \/>\n<meta property=\"og:image\" content=\"https:\/\/mivelezmalaga.com\/wp-content\/uploads\/2016\/12\/Tapas-Jamon.jpg\" \/>\n\t<meta property=\"og:image:width\" content=\"1502\" \/>\n\t<meta property=\"og:image:height\" content=\"861\" \/>\n\t<meta property=\"og:image:type\" content=\"image\/jpeg\" \/>\n<meta name=\"twitter:card\" content=\"summary_large_image\" \/>\n<meta name=\"twitter:site\" content=\"@MiVelezMalaga\" \/>\n<meta name=\"twitter:label1\" content=\"Est. reading time\" \/>\n\t<meta name=\"twitter:data1\" content=\"2 minutes\" \/>\n<script type=\"application\/ld+json\" class=\"yoast-schema-graph\">{\"@context\":\"https:\\\/\\\/schema.org\",\"@graph\":[{\"@type\":\"WebPage\",\"@id\":\"https:\\\/\\\/mivelezmalaga.com\\\/es\\\/comer-y-beber\\\/\",\"url\":\"https:\\\/\\\/mivelezmalaga.com\\\/es\\\/comer-y-beber\\\/\",\"name\":\"D\u00f3nde Comer y Beber, Velez-Malaga\",\"isPartOf\":{\"@id\":\"https:\\\/\\\/mivelezmalaga.com\\\/es\\\/#website\"},\"primaryImageOfPage\":{\"@id\":\"https:\\\/\\\/mivelezmalaga.com\\\/es\\\/comer-y-beber\\\/#primaryimage\"},\"image\":{\"@id\":\"https:\\\/\\\/mivelezmalaga.com\\\/es\\\/comer-y-beber\\\/#primaryimage\"},\"thumbnailUrl\":\"https:\\\/\\\/mivelezmalaga.com\\\/wp-content\\\/uploads\\\/2016\\\/12\\\/Tapas-Jamon.jpg\",\"datePublished\":\"2016-12-14T14:00:14+00:00\",\"dateModified\":\"2024-03-05T11:32:52+00:00\",\"description\":\"\u00bfBuscas lugares para comer y beber en V\u00e9lez? Consulte nuestra gu\u00eda completa y encuentre una variedad de lugares...\",\"breadcrumb\":{\"@id\":\"https:\\\/\\\/mivelezmalaga.com\\\/es\\\/comer-y-beber\\\/#breadcrumb\"},\"inLanguage\":\"es-ES\",\"potentialAction\":[{\"@type\":\"ReadAction\",\"target\":[\"https:\\\/\\\/mivelezmalaga.com\\\/es\\\/comer-y-beber\\\/\"]}]},{\"@type\":\"ImageObject\",\"inLanguage\":\"es-ES\",\"@id\":\"https:\\\/\\\/mivelezmalaga.com\\\/es\\\/comer-y-beber\\\/#primaryimage\",\"url\":\"https:\\\/\\\/mivelezmalaga.com\\\/wp-content\\\/uploads\\\/2016\\\/12\\\/Tapas-Jamon.jpg\",\"contentUrl\":\"https:\\\/\\\/mivelezmalaga.com\\\/wp-content\\\/uploads\\\/2016\\\/12\\\/Tapas-Jamon.jpg\",\"width\":1502,\"height\":861,\"caption\":\"Tabla de Jamon\"},{\"@type\":\"BreadcrumbList\",\"@id\":\"https:\\\/\\\/mivelezmalaga.com\\\/es\\\/comer-y-beber\\\/#breadcrumb\",\"itemListElement\":[{\"@type\":\"ListItem\",\"position\":1,\"name\":\"Home\",\"item\":\"https:\\\/\\\/mivelezmalaga.com\\\/es\\\/\"},{\"@type\":\"ListItem\",\"position\":2,\"name\":\"Comer y Beber\"}]},{\"@type\":\"WebSite\",\"@id\":\"https:\\\/\\\/mivelezmalaga.com\\\/es\\\/#website\",\"url\":\"https:\\\/\\\/mivelezmalaga.com\\\/es\\\/\",\"name\":\"Mi Velez-Malaga\",\"description\":\"Welcome to V\u00e9lez\",\"potentialAction\":[{\"@type\":\"SearchAction\",\"target\":{\"@type\":\"EntryPoint\",\"urlTemplate\":\"https:\\\/\\\/mivelezmalaga.com\\\/es\\\/?s={search_term_string}\"},\"query-input\":{\"@type\":\"PropertyValueSpecification\",\"valueRequired\":true,\"valueName\":\"search_term_string\"}}],\"inLanguage\":\"es-ES\"}]}<\/script>\n<!-- \/ Yoast SEO plugin. -->","yoast_head_json":{"title":"D\u00f3nde Comer y Beber, Velez-Malaga","description":"\u00bfBuscas lugares para comer y beber en V\u00e9lez? Consulte nuestra gu\u00eda completa y encuentre una variedad de lugares...","robots":{"index":"index","follow":"follow","max-snippet":"max-snippet:-1","max-image-preview":"max-image-preview:large","max-video-preview":"max-video-preview:-1"},"canonical":"https:\/\/mivelezmalaga.com\/es\/comer-y-beber\/","og_locale":"es_ES","og_type":"article","og_title":"D\u00f3nde Comer y Beber, Velez-Malaga","og_description":"\u00bfBuscas lugares para comer y beber en V\u00e9lez? Consulte nuestra gu\u00eda completa y encuentre una variedad de lugares...","og_url":"https:\/\/mivelezmalaga.com\/es\/comer-y-beber\/","og_site_name":"Mi Velez-Malaga","article_publisher":"https:\/\/www.facebook.com\/mivelezmalaga\/","article_modified_time":"2024-03-05T11:32:52+00:00","og_image":[{"width":1502,"height":861,"url":"https:\/\/mivelezmalaga.com\/wp-content\/uploads\/2016\/12\/Tapas-Jamon.jpg","type":"image\/jpeg"}],"twitter_card":"summary_large_image","twitter_site":"@MiVelezMalaga","twitter_misc":{"Est. reading time":"2 minutes"},"schema":{"@context":"https:\/\/schema.org","@graph":[{"@type":"WebPage","@id":"https:\/\/mivelezmalaga.com\/es\/comer-y-beber\/","url":"https:\/\/mivelezmalaga.com\/es\/comer-y-beber\/","name":"D\u00f3nde Comer y Beber, Velez-Malaga","isPartOf":{"@id":"https:\/\/mivelezmalaga.com\/es\/#website"},"primaryImageOfPage":{"@id":"https:\/\/mivelezmalaga.com\/es\/comer-y-beber\/#primaryimage"},"image":{"@id":"https:\/\/mivelezmalaga.com\/es\/comer-y-beber\/#primaryimage"},"thumbnailUrl":"https:\/\/mivelezmalaga.com\/wp-content\/uploads\/2016\/12\/Tapas-Jamon.jpg","datePublished":"2016-12-14T14:00:14+00:00","dateModified":"2024-03-05T11:32:52+00:00","description":"\u00bfBuscas lugares para comer y beber en V\u00e9lez? Consulte nuestra gu\u00eda completa y encuentre una variedad de lugares...","breadcrumb":{"@id":"https:\/\/mivelezmalaga.com\/es\/comer-y-beber\/#breadcrumb"},"inLanguage":"es-ES","potentialAction":[{"@type":"ReadAction","target":["https:\/\/mivelezmalaga.com\/es\/comer-y-beber\/"]}]},{"@type":"ImageObject","inLanguage":"es-ES","@id":"https:\/\/mivelezmalaga.com\/es\/comer-y-beber\/#primaryimage","url":"https:\/\/mivelezmalaga.com\/wp-content\/uploads\/2016\/12\/Tapas-Jamon.jpg","contentUrl":"https:\/\/mivelezmalaga.com\/wp-content\/uploads\/2016\/12\/Tapas-Jamon.jpg","width":1502,"height":861,"caption":"Tabla de Jamon"},{"@type":"BreadcrumbList","@id":"https:\/\/mivelezmalaga.com\/es\/comer-y-beber\/#breadcrumb","itemListElement":[{"@type":"ListItem","position":1,"name":"Home","item":"https:\/\/mivelezmalaga.com\/es\/"},{"@type":"ListItem","position":2,"name":"Comer y Beber"}]},{"@type":"WebSite","@id":"https:\/\/mivelezmalaga.com\/es\/#website","url":"https:\/\/mivelezmalaga.com\/es\/","name":"Mi Velez-Malaga","description":"Welcome to V\u00e9lez","potentialAction":[{"@type":"SearchAction","target":{"@type":"EntryPoint","urlTemplate":"https:\/\/mivelezmalaga.com\/es\/?s={search_term_string}"},"query-input":{"@type":"PropertyValueSpecification","valueRequired":true,"valueName":"search_term_string"}}],"inLanguage":"es-ES"}]}},"_links":{"self":[{"href":"https:\/\/mivelezmalaga.com\/es\/wp-json\/wp\/v2\/pages\/3691","targetHints":{"allow":["GET"]}}],"collection":[{"href":"https:\/\/mivelezmalaga.com\/es\/wp-json\/wp\/v2\/pages"}],"about":[{"href":"https:\/\/mivelezmalaga.com\/es\/wp-json\/wp\/v2\/types\/page"}],"author":[{"embeddable":true,"href":"https:\/\/mivelezmalaga.com\/es\/wp-json\/wp\/v2\/users\/1"}],"replies":[{"embeddable":true,"href":"https:\/\/mivelezmalaga.com\/es\/wp-json\/wp\/v2\/comments?post=3691"}],"version-history":[{"count":11,"href":"https:\/\/mivelezmalaga.com\/es\/wp-json\/wp\/v2\/pages\/3691\/revisions"}],"predecessor-version":[{"id":8665,"href":"https:\/\/mivelezmalaga.com\/es\/wp-json\/wp\/v2\/pages\/3691\/revisions\/8665"}],"wp:featuredmedia":[{"embeddable":true,"href":"https:\/\/mivelezmalaga.com\/es\/wp-json\/wp\/v2\/media\/401"}],"wp:attachment":[{"href":"https:\/\/mivelezmalaga.com\/es\/wp-json\/wp\/v2\/media?parent=3691"}],"curies":[{"name":"wp","href":"https:\/\/api.w.org\/{rel}","templated":true}]}}