{"id":3694,"date":"2019-01-23T12:23:54","date_gmt":"2019-01-23T11:23:54","guid":{"rendered":"https:\/\/mivelezmalaga.com\/comer-y-beber\/cafes\/"},"modified":"2024-01-16T10:15:36","modified_gmt":"2024-01-16T09:15:36","slug":"cafes","status":"publish","type":"page","link":"https:\/\/mivelezmalaga.com\/es\/comer-y-beber\/cafes\/","title":{"rendered":"Caf\u00e9s"},"content":{"rendered":"\n<p>La forma de pedir un caf\u00e9 en M\u00e1laga es \u00fanica, hay caf\u00e9s para todos los gustos, \u00bfsolo o sombra? \u00bfCorto o nube? En V\u00e9lez-M\u00e1laga no nos quedamos atr\u00e1s con tantas variedades y nomenclaturas a la hora de pedir un buen caf\u00e9. Ya sea a la hora del desayuno o de la merienda que puede cambiarse por un chocolate caliente con algo dulce, el ritual a la hora de tomar un caf\u00e9 es bastante tradicional. Nuestra selecci\u00f3n de los mejores caf\u00e9s en V\u00e9lez-M\u00e1laga es bastante amplia y aqu\u00ed os dejamos nuestra lista.<\/p>\n\n\n\n<h2 class=\"wp-block-heading\"><strong>Caf\u00e9s en V\u00e9lez-M\u00e1laga<\/strong><\/h2>\n\n\n\n<h3 class=\"wp-block-heading\">Caf\u00e9 Toto<\/h3>\n\n\n\n<h3 class=\"wp-block-heading\"><img decoding=\"async\" class=\"alignnone size-full wp-image-887 lazyload\" data-src=\"https:\/\/mivelezmalaga.com\/wp-content\/uploads\/2016\/12\/cafe-bar-toto-e1488293378976.jpg\" alt=\"Cafe Bar Toto Velez Malaga\" width=\"1000\" height=\"505\" data-srcset=\"https:\/\/mivelezmalaga.com\/wp-content\/uploads\/2016\/12\/cafe-bar-toto-e1488293378976.jpg 1000w, https:\/\/mivelezmalaga.com\/wp-content\/uploads\/2016\/12\/cafe-bar-toto-e1488293378976-300x152.jpg 300w\" data-sizes=\"(max-width: 1000px) 100vw, 1000px\" src=\"data:image\/svg+xml;base64,PHN2ZyB3aWR0aD0iMSIgaGVpZ2h0PSIxIiB4bWxucz0iaHR0cDovL3d3dy53My5vcmcvMjAwMC9zdmciPjwvc3ZnPg==\" style=\"--smush-placeholder-width: 1000px; --smush-placeholder-aspect-ratio: 1000\/505;\" \/><\/h3>\n\n\n\n<p>Ubicado en la propia Plaza de las Carmelitas, al lado del Ayuntamiento, el Caf\u00e9 Toto es una excelente elecci\u00f3n para tomar un buen desayuno o un caf\u00e9. Tiene una bonita terraza para disfrutar de los rayos del sol y otra zona de mesas interior para los meses de invierno. La decoraci\u00f3n tiene una mezcla de tintes antiguos con pinceladas de modernidad que hacen del local un sitio muy acogedor.<\/p>\n\n\n\n<p>Direcci\u00f3n: Plaza de las Carmelitas, 13. Tel: 609 52 41 84. Lunes-Viernes 07.30 &#8211; 21.00, S<span style=\"font-weight: 400;\">\u00e1bados 09.00 &#8211; 14.00.<\/span><\/p>\n\n\n\n<h3 class=\"wp-block-heading\">SiempreViva Caf\u00e9<\/h3>\n\n\n\n<p>Ubicada en la zona nueva de expansi\u00f3n de V\u00e9lez-M\u00e1laga, esta popular cafeter\u00eda ofrece un ambiente relajado y cosmopolita a los visitantes. Con una decoraci\u00f3n muy cuidada es un sitio excelente para tomar un caf\u00e9, tapear o probar las ricas tartas con familia o amigos. Disponen de una terraza para disfrutar en los meses c\u00e1lidos y su ambiente es siempre muy familiar.<\/p>\n\n\n\n<p>Direcci\u00f3n: Calle Camino Viejo de M\u00e1laga, 14. Tel: 952 51 60 12. Abierto: Lunes \u2013 Viernes 08.00 \u2013 01.00, S<span style=\"font-weight: 400;\">\u00e1bados 08.00 &#8211; 02.00, <\/span>Domingos 15.00 &#8211; 01.00.<\/p>\n\n\n\n<h3 class=\"wp-block-heading\">Cafeter\u00eda Zalia<\/h3>\n\n\n\n<p>Una buena opci\u00f3n para tomar un caf\u00e9 es la cafeter\u00eda Zalia. Es un peque\u00f1o caf\u00e9 que ofrece tapas tradicionales, roscas o reban\u00e1s con el mejor surtido de ib\u00e9ricos. Est\u00e1 ubicado en un patio de un conjunto residencial, cerca del Mercadona del centro de V\u00e9lez y tiene una terraza en el que poder disfrutar de un ambiente relajado.<\/p>\n\n\n\n<p>Direcci\u00f3n: Conjunto Residencial, Centro Axarquia, 34 Calle Cristo. Tel: 951 28 44 36. Abierto: Lunes-S<span style=\"font-weight: 400;\">\u00e1bados 08.00 &#8211; 23.00. <a href=\"https:\/\/www.facebook.com\/Cafeteria-Zalia-287129054790353\" target=\"_blank\" rel=\"noopener\">Cafeter\u00eda Zalia Facebook Page.<\/a><\/span><\/p>\n\n\n\n<h3 class=\"wp-block-heading\">Cafeter\u00eda Daoiz<\/h3>\n\n\n\n<p>Otra opci\u00f3n para tomar un buen caf\u00e9 la encontramos en esta concurrida cafeter\u00eda ubicada en las afueras del municipio de V\u00e9lez. Se puede disfrutar de un exquisito chocolate con churros y su amplia variedad de bocadillos y tapas. Suele estar muy concurrido cuando retrasmiten los partidos de f\u00fatbol y hay muy buenas ofertas de hamburguesas y kebab incluidas en el men\u00fa.<\/p>\n\n\n\n<p>Direcci\u00f3n: Avenida Pablo Iglesias, 2. Tel: 951 28 48 02. Abierto: Martes-Domingo 07.00 &#8211; 00.00. <a href=\"https:\/\/www.facebook.com\/cafeteriadaoiz\" target=\"_blank\" rel=\"noopener\"><span style=\"font-weight: 400;\">Cafeter\u00eda Daoiz Facebook Page.<\/span><\/a><\/p>\n\n\n\n<h3 class=\"wp-block-heading\">Copas Caf\u00e9 La V\u00eda<\/h3>\n\n\n\n<p>Cerca del parque Mar\u00eda Zambrano, se encuentra esta cafeter\u00eda\/pub donde podr\u00e1s disfrutar del caf\u00e9 en su terraza y acabar la noche jugando a los dos futbolines que se encuentran en el interior y tomando una cerveza o copa. Abierto desde las 15.00 de la tarde hasta las 02.00.<\/p>\n\n\n\n<p>Direcci\u00f3n: Calle de Arroyo Hondo, 40. Abierto: Lunes-S<span style=\"font-weight: 400;\">\u00e1bado <\/span>15.00hrs \u2013 05.00hrs, Domingos 15.00 &#8211; 00.00.<\/p>\n\n\n\n<h3 class=\"wp-block-heading\">Maspan Cafeter\u00eda y Panader\u00eda<\/h3>\n\n\n\n<p>Si quieres tomar un caf\u00e9 a pie de calle, la cafeter\u00eda Maspan en la opci\u00f3n ideal. Con una terraza con mesas a lo largo de la calle, tienen un despacho de pan y producen su propia reposter\u00eda, as\u00ed que si eres adicto a los pasteles, esta es la cafeter\u00eda ideal. Su caf\u00e9 es excelente y tambi\u00e9n sirven smoothies naturales, batidos y helados.<\/p>\n\n\n\n<p>Direcci\u00f3n: Plaza Reyes Cat\u00f3licos, 1. Tel: 616 46 39 64. Abierto: Lunes-S<span style=\"font-weight: 400;\">\u00e1bado 07.00 &#8211; 18.00. <a href=\"https:\/\/www.facebook.com\/maspancafeteria\" target=\"_blank\" rel=\"noopener\">Maspan Cafeter\u00eda y Panader\u00eda Facebook Page.<\/a><\/span><\/p>\n\n\n\n<p><iframe data-src=\"https:\/\/www.google.com\/maps\/d\/embed?mid=1BBSPImxWkQmUiAwygm5Py8to-uQ\" width=\"640\" height=\"480\" src=\"data:image\/svg+xml;base64,PHN2ZyB3aWR0aD0iMSIgaGVpZ2h0PSIxIiB4bWxucz0iaHR0cDovL3d3dy53My5vcmcvMjAwMC9zdmciPjwvc3ZnPg==\" class=\"lazyload\" data-load-mode=\"1\"><\/iframe><\/p>\n","protected":false},"excerpt":{"rendered":"<p>La forma de pedir un caf\u00e9 en M\u00e1laga es \u00fanica, hay caf\u00e9s para todos los gustos, \u00bfsolo o sombra? \u00bfCorto o nube? En V\u00e9lez-M\u00e1laga no nos quedamos atr\u00e1s con tantas variedades y nomenclaturas a la hora de pedir un buen caf\u00e9. Ya sea a la hora del desayuno o de la merienda que puede cambiarse [&hellip;]<\/p>\n","protected":false},"author":1,"featured_media":4333,"parent":3691,"menu_order":0,"comment_status":"closed","ping_status":"closed","template":"page-child.php","meta":{"_acf_changed":false,"footnotes":""},"class_list":["post-3694","page","type-page","status-publish","has-post-thumbnail","hentry"],"acf":[],"yoast_head":"<!-- This site is optimized with the Yoast SEO plugin v27.3 - https:\/\/yoast.com\/product\/yoast-seo-wordpress\/ -->\n<title>Mejores caf\u00e9s en V\u00e9lez-M\u00e1laga - D\u00f3nde ir para una buena taza de caf\u00e9<\/title>\n<meta name=\"description\" content=\"Buscando un lugar para ir a tomar un caf\u00e9? Vea nuestra selecci\u00f3n de los mejores caf\u00e9s en V\u00e9lez-M\u00e1laga y descubra sus horarios de apertura..\" \/>\n<meta name=\"robots\" content=\"index, follow, max-snippet:-1, max-image-preview:large, max-video-preview:-1\" \/>\n<link rel=\"canonical\" href=\"https:\/\/mivelezmalaga.com\/es\/comer-y-beber\/cafes\/\" \/>\n<meta property=\"og:locale\" content=\"es_ES\" \/>\n<meta property=\"og:type\" content=\"article\" \/>\n<meta property=\"og:title\" content=\"Mejores caf\u00e9s en V\u00e9lez-M\u00e1laga - D\u00f3nde ir para una buena taza de caf\u00e9\" \/>\n<meta property=\"og:description\" content=\"Buscando un lugar para ir a tomar un caf\u00e9? Vea nuestra selecci\u00f3n de los mejores caf\u00e9s en V\u00e9lez-M\u00e1laga y descubra sus horarios de apertura..\" \/>\n<meta property=\"og:url\" content=\"https:\/\/mivelezmalaga.com\/es\/comer-y-beber\/cafes\/\" \/>\n<meta property=\"og:site_name\" content=\"Mi Velez-Malaga\" \/>\n<meta property=\"article:publisher\" content=\"https:\/\/www.facebook.com\/mivelezmalaga\/\" \/>\n<meta property=\"article:modified_time\" content=\"2024-01-16T09:15:36+00:00\" \/>\n<meta property=\"og:image\" content=\"https:\/\/mivelezmalaga.com\/wp-content\/uploads\/2016\/12\/Breakfast.jpg\" \/>\n\t<meta property=\"og:image:width\" content=\"1499\" \/>\n\t<meta property=\"og:image:height\" content=\"835\" \/>\n\t<meta property=\"og:image:type\" content=\"image\/jpeg\" \/>\n<meta name=\"twitter:card\" content=\"summary_large_image\" \/>\n<meta name=\"twitter:site\" content=\"@MiVelezMalaga\" \/>\n<meta name=\"twitter:label1\" content=\"Est. reading time\" \/>\n\t<meta name=\"twitter:data1\" content=\"4 minutes\" \/>\n<script type=\"application\/ld+json\" class=\"yoast-schema-graph\">{\"@context\":\"https:\\\/\\\/schema.org\",\"@graph\":[{\"@type\":\"WebPage\",\"@id\":\"https:\\\/\\\/mivelezmalaga.com\\\/es\\\/comer-y-beber\\\/cafes\\\/\",\"url\":\"https:\\\/\\\/mivelezmalaga.com\\\/es\\\/comer-y-beber\\\/cafes\\\/\",\"name\":\"Mejores caf\u00e9s en V\u00e9lez-M\u00e1laga - D\u00f3nde ir para una buena taza de caf\u00e9\",\"isPartOf\":{\"@id\":\"https:\\\/\\\/mivelezmalaga.com\\\/es\\\/#website\"},\"primaryImageOfPage\":{\"@id\":\"https:\\\/\\\/mivelezmalaga.com\\\/es\\\/comer-y-beber\\\/cafes\\\/#primaryimage\"},\"image\":{\"@id\":\"https:\\\/\\\/mivelezmalaga.com\\\/es\\\/comer-y-beber\\\/cafes\\\/#primaryimage\"},\"thumbnailUrl\":\"https:\\\/\\\/mivelezmalaga.com\\\/wp-content\\\/uploads\\\/2016\\\/12\\\/Breakfast.jpg\",\"datePublished\":\"2019-01-23T11:23:54+00:00\",\"dateModified\":\"2024-01-16T09:15:36+00:00\",\"description\":\"Buscando un lugar para ir a tomar un caf\u00e9? Vea nuestra selecci\u00f3n de los mejores caf\u00e9s en V\u00e9lez-M\u00e1laga y descubra sus horarios de apertura..\",\"breadcrumb\":{\"@id\":\"https:\\\/\\\/mivelezmalaga.com\\\/es\\\/comer-y-beber\\\/cafes\\\/#breadcrumb\"},\"inLanguage\":\"es-ES\",\"potentialAction\":[{\"@type\":\"ReadAction\",\"target\":[\"https:\\\/\\\/mivelezmalaga.com\\\/es\\\/comer-y-beber\\\/cafes\\\/\"]}]},{\"@type\":\"ImageObject\",\"inLanguage\":\"es-ES\",\"@id\":\"https:\\\/\\\/mivelezmalaga.com\\\/es\\\/comer-y-beber\\\/cafes\\\/#primaryimage\",\"url\":\"https:\\\/\\\/mivelezmalaga.com\\\/wp-content\\\/uploads\\\/2016\\\/12\\\/Breakfast.jpg\",\"contentUrl\":\"https:\\\/\\\/mivelezmalaga.com\\\/wp-content\\\/uploads\\\/2016\\\/12\\\/Breakfast.jpg\",\"width\":1499,\"height\":835},{\"@type\":\"BreadcrumbList\",\"@id\":\"https:\\\/\\\/mivelezmalaga.com\\\/es\\\/comer-y-beber\\\/cafes\\\/#breadcrumb\",\"itemListElement\":[{\"@type\":\"ListItem\",\"position\":1,\"name\":\"Home\",\"item\":\"https:\\\/\\\/mivelezmalaga.com\\\/es\\\/\"},{\"@type\":\"ListItem\",\"position\":2,\"name\":\"Comer y Beber\",\"item\":\"https:\\\/\\\/mivelezmalaga.com\\\/es\\\/comer-y-beber\\\/\"},{\"@type\":\"ListItem\",\"position\":3,\"name\":\"Caf\u00e9s\"}]},{\"@type\":\"WebSite\",\"@id\":\"https:\\\/\\\/mivelezmalaga.com\\\/es\\\/#website\",\"url\":\"https:\\\/\\\/mivelezmalaga.com\\\/es\\\/\",\"name\":\"Mi Velez-Malaga\",\"description\":\"Welcome to V\u00e9lez\",\"potentialAction\":[{\"@type\":\"SearchAction\",\"target\":{\"@type\":\"EntryPoint\",\"urlTemplate\":\"https:\\\/\\\/mivelezmalaga.com\\\/es\\\/?s={search_term_string}\"},\"query-input\":{\"@type\":\"PropertyValueSpecification\",\"valueRequired\":true,\"valueName\":\"search_term_string\"}}],\"inLanguage\":\"es-ES\"}]}<\/script>\n<!-- \/ Yoast SEO plugin. -->","yoast_head_json":{"title":"Mejores caf\u00e9s en V\u00e9lez-M\u00e1laga - D\u00f3nde ir para una buena taza de caf\u00e9","description":"Buscando un lugar para ir a tomar un caf\u00e9? Vea nuestra selecci\u00f3n de los mejores caf\u00e9s en V\u00e9lez-M\u00e1laga y descubra sus horarios de apertura..","robots":{"index":"index","follow":"follow","max-snippet":"max-snippet:-1","max-image-preview":"max-image-preview:large","max-video-preview":"max-video-preview:-1"},"canonical":"https:\/\/mivelezmalaga.com\/es\/comer-y-beber\/cafes\/","og_locale":"es_ES","og_type":"article","og_title":"Mejores caf\u00e9s en V\u00e9lez-M\u00e1laga - D\u00f3nde ir para una buena taza de caf\u00e9","og_description":"Buscando un lugar para ir a tomar un caf\u00e9? Vea nuestra selecci\u00f3n de los mejores caf\u00e9s en V\u00e9lez-M\u00e1laga y descubra sus horarios de apertura..","og_url":"https:\/\/mivelezmalaga.com\/es\/comer-y-beber\/cafes\/","og_site_name":"Mi Velez-Malaga","article_publisher":"https:\/\/www.facebook.com\/mivelezmalaga\/","article_modified_time":"2024-01-16T09:15:36+00:00","og_image":[{"width":1499,"height":835,"url":"https:\/\/mivelezmalaga.com\/wp-content\/uploads\/2016\/12\/Breakfast.jpg","type":"image\/jpeg"}],"twitter_card":"summary_large_image","twitter_site":"@MiVelezMalaga","twitter_misc":{"Est. reading time":"4 minutes"},"schema":{"@context":"https:\/\/schema.org","@graph":[{"@type":"WebPage","@id":"https:\/\/mivelezmalaga.com\/es\/comer-y-beber\/cafes\/","url":"https:\/\/mivelezmalaga.com\/es\/comer-y-beber\/cafes\/","name":"Mejores caf\u00e9s en V\u00e9lez-M\u00e1laga - D\u00f3nde ir para una buena taza de caf\u00e9","isPartOf":{"@id":"https:\/\/mivelezmalaga.com\/es\/#website"},"primaryImageOfPage":{"@id":"https:\/\/mivelezmalaga.com\/es\/comer-y-beber\/cafes\/#primaryimage"},"image":{"@id":"https:\/\/mivelezmalaga.com\/es\/comer-y-beber\/cafes\/#primaryimage"},"thumbnailUrl":"https:\/\/mivelezmalaga.com\/wp-content\/uploads\/2016\/12\/Breakfast.jpg","datePublished":"2019-01-23T11:23:54+00:00","dateModified":"2024-01-16T09:15:36+00:00","description":"Buscando un lugar para ir a tomar un caf\u00e9? Vea nuestra selecci\u00f3n de los mejores caf\u00e9s en V\u00e9lez-M\u00e1laga y descubra sus horarios de apertura..","breadcrumb":{"@id":"https:\/\/mivelezmalaga.com\/es\/comer-y-beber\/cafes\/#breadcrumb"},"inLanguage":"es-ES","potentialAction":[{"@type":"ReadAction","target":["https:\/\/mivelezmalaga.com\/es\/comer-y-beber\/cafes\/"]}]},{"@type":"ImageObject","inLanguage":"es-ES","@id":"https:\/\/mivelezmalaga.com\/es\/comer-y-beber\/cafes\/#primaryimage","url":"https:\/\/mivelezmalaga.com\/wp-content\/uploads\/2016\/12\/Breakfast.jpg","contentUrl":"https:\/\/mivelezmalaga.com\/wp-content\/uploads\/2016\/12\/Breakfast.jpg","width":1499,"height":835},{"@type":"BreadcrumbList","@id":"https:\/\/mivelezmalaga.com\/es\/comer-y-beber\/cafes\/#breadcrumb","itemListElement":[{"@type":"ListItem","position":1,"name":"Home","item":"https:\/\/mivelezmalaga.com\/es\/"},{"@type":"ListItem","position":2,"name":"Comer y Beber","item":"https:\/\/mivelezmalaga.com\/es\/comer-y-beber\/"},{"@type":"ListItem","position":3,"name":"Caf\u00e9s"}]},{"@type":"WebSite","@id":"https:\/\/mivelezmalaga.com\/es\/#website","url":"https:\/\/mivelezmalaga.com\/es\/","name":"Mi Velez-Malaga","description":"Welcome to V\u00e9lez","potentialAction":[{"@type":"SearchAction","target":{"@type":"EntryPoint","urlTemplate":"https:\/\/mivelezmalaga.com\/es\/?s={search_term_string}"},"query-input":{"@type":"PropertyValueSpecification","valueRequired":true,"valueName":"search_term_string"}}],"inLanguage":"es-ES"}]}},"_links":{"self":[{"href":"https:\/\/mivelezmalaga.com\/es\/wp-json\/wp\/v2\/pages\/3694","targetHints":{"allow":["GET"]}}],"collection":[{"href":"https:\/\/mivelezmalaga.com\/es\/wp-json\/wp\/v2\/pages"}],"about":[{"href":"https:\/\/mivelezmalaga.com\/es\/wp-json\/wp\/v2\/types\/page"}],"author":[{"embeddable":true,"href":"https:\/\/mivelezmalaga.com\/es\/wp-json\/wp\/v2\/users\/1"}],"replies":[{"embeddable":true,"href":"https:\/\/mivelezmalaga.com\/es\/wp-json\/wp\/v2\/comments?post=3694"}],"version-history":[{"count":8,"href":"https:\/\/mivelezmalaga.com\/es\/wp-json\/wp\/v2\/pages\/3694\/revisions"}],"predecessor-version":[{"id":8398,"href":"https:\/\/mivelezmalaga.com\/es\/wp-json\/wp\/v2\/pages\/3694\/revisions\/8398"}],"up":[{"embeddable":true,"href":"https:\/\/mivelezmalaga.com\/es\/wp-json\/wp\/v2\/pages\/3691"}],"wp:featuredmedia":[{"embeddable":true,"href":"https:\/\/mivelezmalaga.com\/es\/wp-json\/wp\/v2\/media\/4333"}],"wp:attachment":[{"href":"https:\/\/mivelezmalaga.com\/es\/wp-json\/wp\/v2\/media?parent=3694"}],"curies":[{"name":"wp","href":"https:\/\/api.w.org\/{rel}","templated":true}]}}