{"id":3695,"date":"2019-01-23T12:32:28","date_gmt":"2019-01-23T11:32:28","guid":{"rendered":"https:\/\/mivelezmalaga.com\/comer-y-beber\/bares\/"},"modified":"2024-01-16T10:15:19","modified_gmt":"2024-01-16T09:15:19","slug":"bares","status":"publish","type":"page","link":"https:\/\/mivelezmalaga.com\/es\/comer-y-beber\/bares\/","title":{"rendered":"Bares"},"content":{"rendered":"\n<p>V\u00e9lez-M\u00e1laga es un lugar para divertirse y disfrutar con los amigos. Tanto si quieres &nbsp;tomar un buen batido o un caf\u00e9, como si lo que te apetece es salir a bailar y tomar una copa, no tienes que esperar a que caiga la noche, aqu\u00ed te dejamos los bares de la ciudad\u2026<\/p>\n\n\n\n<h3 class=\"wp-block-heading\">McClaud<\/h3>\n\n\n\n<figure class=\"wp-block-image\"><img decoding=\"async\" width=\"1000\" height=\"500\" data-src=\"https:\/\/mivelezmalaga.com\/wp-content\/uploads\/2016\/12\/mcclaud-pub.jpg\" alt=\"McClaud Irish Pub In Velez Malaga\" class=\"wp-image-883 lazyload\" data-srcset=\"https:\/\/mivelezmalaga.com\/wp-content\/uploads\/2016\/12\/mcclaud-pub.jpg 1000w, https:\/\/mivelezmalaga.com\/wp-content\/uploads\/2016\/12\/mcclaud-pub-300x150.jpg 300w\" data-sizes=\"(max-width: 1000px) 100vw, 1000px\" src=\"data:image\/svg+xml;base64,PHN2ZyB3aWR0aD0iMSIgaGVpZ2h0PSIxIiB4bWxucz0iaHR0cDovL3d3dy53My5vcmcvMjAwMC9zdmciPjwvc3ZnPg==\" style=\"--smush-placeholder-width: 1000px; --smush-placeholder-aspect-ratio: 1000\/500;\" \/><\/figure>\n\n\n\n<p>Un lugar peculiar y \u00fanico, donde encontrar\u00e1s la m\u00fasica que quieres escuchar y fiestas tem\u00e1ticas cada fin de semana. Adem\u00e1s, retrasmisiones deportivas de futbol, baloncesto, rugby, no solo en espa\u00f1ol, tambi\u00e9n en ingl\u00e9s. Disponen de diferentes tipos de cerveza servidas en pintas desde 2\u20ac; de cebada, trigo, guiness, roja,\u2026&nbsp; Si necesitas desconectar y pasarlo bien, este es tu lugar.<\/p>\n\n\n\n<p>Direcci\u00f3n: 4 Calle Juan Fernandez Palma. Tel: 622 90 18 57. Abierto: Todos los d\u00edas 17.30 &#8211; cerrar.<\/p>\n\n\n\n<h3 class=\"wp-block-heading\">Sala Casarte Azul<\/h3>\n\n\n\n<p>Sala Casarte Azul&nbsp;Situado en la zona de expansi\u00f3n de V\u00e9lez-M\u00e1laga, es uno de los puntos de encuentro donde todo el mundo acude por su ambiente relajado. Con una decoraci\u00f3n llena de antig\u00fcedades, dispone de un escenario donde se celebran conciertos y a su vez este espacio se convierte en sala de exposiciones donde se los artistas locales exponen sus obras.&nbsp; Disponen de una gran variedad de bebidas, c\u00f3cteles y cervezas para disfrutar en su terraza exterior. Y si lo que te apetece es bailar, los mi\u00e9rcoles y jueves puedes asistir a las clases de tango y salsa gratuitas.<\/p>\n\n\n\n<p>Direcci\u00f3n: 22 Calle Camino Viejo de M\u00e1laga. Tel: 657 90 80 11. Abierto: M<span style=\"font-weight: 400;\">i\u00e9rcoles-Lunes 12.30 &#8211; 02.00. <a href=\"https:\/\/www.facebook.com\/salacasarte.azul\">Sala Casarte Azul Facebook Page.<\/a><\/span><\/p>\n\n\n\n<h3 class=\"wp-block-heading\">Teter\u00eda Soho Reyero<\/h3>\n\n\n\n<p>La \u201cTeter\u00eda del Carmen\u201d vuelve abrir sus puertas despu\u00e9s de algunos a\u00f1os. Famosa por sus batidos y t\u00e9s, es un lugar muy popular por los j\u00f3venes de la ciudad. Cuenta con un ambiente muy relajado, con cojines en el suelo donde adem\u00e1s puedes disfrutar de las cachimbas que ofrecen con distintos sabores. Su apertura es ininterrumpida desde la hora del caf\u00e9 al cierre.<\/p>\n\n\n\n<p>Direcci\u00f3n: Conjunto El Carmen. Abierto: viernes-mi\u00e9rcoles 16.00 \u2013 cerrar.<\/p>\n","protected":false},"excerpt":{"rendered":"<p>V\u00e9lez-M\u00e1laga es un lugar para divertirse y disfrutar con los amigos. Tanto si quieres &nbsp;tomar un buen batido o un caf\u00e9, como si lo que te apetece es salir a bailar y tomar una copa, no tienes que esperar a que caiga la noche, aqu\u00ed te dejamos los bares de la ciudad\u2026 McClaud Un lugar [&hellip;]<\/p>\n","protected":false},"author":1,"featured_media":4360,"parent":3691,"menu_order":0,"comment_status":"closed","ping_status":"closed","template":"page-child.php","meta":{"_acf_changed":false,"footnotes":""},"class_list":["post-3695","page","type-page","status-publish","has-post-thumbnail","hentry"],"acf":[],"yoast_head":"<!-- This site is optimized with the Yoast SEO plugin v27.3 - https:\/\/yoast.com\/product\/yoast-seo-wordpress\/ -->\n<title>Los Mejores Bares de V\u00e9lez-M\u00e1laga<\/title>\n<meta name=\"description\" content=\"\u00bfBusca el bar perfecto para tomar una copa en Velez? Echa un vistazo a nuestra lista de los mejores lugares para salir con amigos...\" \/>\n<meta name=\"robots\" content=\"index, follow, max-snippet:-1, max-image-preview:large, max-video-preview:-1\" \/>\n<link rel=\"canonical\" href=\"https:\/\/mivelezmalaga.com\/es\/comer-y-beber\/bares\/\" \/>\n<meta property=\"og:locale\" content=\"es_ES\" \/>\n<meta property=\"og:type\" content=\"article\" \/>\n<meta property=\"og:title\" content=\"Los Mejores Bares de V\u00e9lez-M\u00e1laga\" \/>\n<meta property=\"og:description\" content=\"\u00bfBusca el bar perfecto para tomar una copa en Velez? Echa un vistazo a nuestra lista de los mejores lugares para salir con amigos...\" \/>\n<meta property=\"og:url\" content=\"https:\/\/mivelezmalaga.com\/es\/comer-y-beber\/bares\/\" \/>\n<meta property=\"og:site_name\" content=\"Mi Velez-Malaga\" \/>\n<meta property=\"article:publisher\" content=\"https:\/\/www.facebook.com\/mivelezmalaga\/\" \/>\n<meta property=\"article:modified_time\" content=\"2024-01-16T09:15:19+00:00\" \/>\n<meta property=\"og:image\" content=\"https:\/\/mivelezmalaga.com\/wp-content\/uploads\/2016\/12\/bars-hero-banner-moet-bottles.jpg\" \/>\n\t<meta property=\"og:image:width\" content=\"1500\" \/>\n\t<meta property=\"og:image:height\" content=\"800\" \/>\n\t<meta property=\"og:image:type\" content=\"image\/jpeg\" \/>\n<meta name=\"twitter:card\" content=\"summary_large_image\" \/>\n<meta name=\"twitter:site\" content=\"@MiVelezMalaga\" \/>\n<meta name=\"twitter:label1\" content=\"Est. reading time\" \/>\n\t<meta name=\"twitter:data1\" content=\"3 minutes\" \/>\n<script type=\"application\/ld+json\" class=\"yoast-schema-graph\">{\"@context\":\"https:\\\/\\\/schema.org\",\"@graph\":[{\"@type\":\"WebPage\",\"@id\":\"https:\\\/\\\/mivelezmalaga.com\\\/es\\\/comer-y-beber\\\/bares\\\/\",\"url\":\"https:\\\/\\\/mivelezmalaga.com\\\/es\\\/comer-y-beber\\\/bares\\\/\",\"name\":\"Los Mejores Bares de V\u00e9lez-M\u00e1laga\",\"isPartOf\":{\"@id\":\"https:\\\/\\\/mivelezmalaga.com\\\/es\\\/#website\"},\"primaryImageOfPage\":{\"@id\":\"https:\\\/\\\/mivelezmalaga.com\\\/es\\\/comer-y-beber\\\/bares\\\/#primaryimage\"},\"image\":{\"@id\":\"https:\\\/\\\/mivelezmalaga.com\\\/es\\\/comer-y-beber\\\/bares\\\/#primaryimage\"},\"thumbnailUrl\":\"https:\\\/\\\/mivelezmalaga.com\\\/wp-content\\\/uploads\\\/2016\\\/12\\\/bars-hero-banner-moet-bottles.jpg\",\"datePublished\":\"2019-01-23T11:32:28+00:00\",\"dateModified\":\"2024-01-16T09:15:19+00:00\",\"description\":\"\u00bfBusca el bar perfecto para tomar una copa en Velez? Echa un vistazo a nuestra lista de los mejores lugares para salir con amigos...\",\"breadcrumb\":{\"@id\":\"https:\\\/\\\/mivelezmalaga.com\\\/es\\\/comer-y-beber\\\/bares\\\/#breadcrumb\"},\"inLanguage\":\"es-ES\",\"potentialAction\":[{\"@type\":\"ReadAction\",\"target\":[\"https:\\\/\\\/mivelezmalaga.com\\\/es\\\/comer-y-beber\\\/bares\\\/\"]}]},{\"@type\":\"ImageObject\",\"inLanguage\":\"es-ES\",\"@id\":\"https:\\\/\\\/mivelezmalaga.com\\\/es\\\/comer-y-beber\\\/bares\\\/#primaryimage\",\"url\":\"https:\\\/\\\/mivelezmalaga.com\\\/wp-content\\\/uploads\\\/2016\\\/12\\\/bars-hero-banner-moet-bottles.jpg\",\"contentUrl\":\"https:\\\/\\\/mivelezmalaga.com\\\/wp-content\\\/uploads\\\/2016\\\/12\\\/bars-hero-banner-moet-bottles.jpg\",\"width\":1500,\"height\":800},{\"@type\":\"BreadcrumbList\",\"@id\":\"https:\\\/\\\/mivelezmalaga.com\\\/es\\\/comer-y-beber\\\/bares\\\/#breadcrumb\",\"itemListElement\":[{\"@type\":\"ListItem\",\"position\":1,\"name\":\"Home\",\"item\":\"https:\\\/\\\/mivelezmalaga.com\\\/es\\\/\"},{\"@type\":\"ListItem\",\"position\":2,\"name\":\"Comer y Beber\",\"item\":\"https:\\\/\\\/mivelezmalaga.com\\\/es\\\/comer-y-beber\\\/\"},{\"@type\":\"ListItem\",\"position\":3,\"name\":\"Bares\"}]},{\"@type\":\"WebSite\",\"@id\":\"https:\\\/\\\/mivelezmalaga.com\\\/es\\\/#website\",\"url\":\"https:\\\/\\\/mivelezmalaga.com\\\/es\\\/\",\"name\":\"Mi Velez-Malaga\",\"description\":\"Welcome to V\u00e9lez\",\"potentialAction\":[{\"@type\":\"SearchAction\",\"target\":{\"@type\":\"EntryPoint\",\"urlTemplate\":\"https:\\\/\\\/mivelezmalaga.com\\\/es\\\/?s={search_term_string}\"},\"query-input\":{\"@type\":\"PropertyValueSpecification\",\"valueRequired\":true,\"valueName\":\"search_term_string\"}}],\"inLanguage\":\"es-ES\"}]}<\/script>\n<!-- \/ Yoast SEO plugin. -->","yoast_head_json":{"title":"Los Mejores Bares de V\u00e9lez-M\u00e1laga","description":"\u00bfBusca el bar perfecto para tomar una copa en Velez? Echa un vistazo a nuestra lista de los mejores lugares para salir con amigos...","robots":{"index":"index","follow":"follow","max-snippet":"max-snippet:-1","max-image-preview":"max-image-preview:large","max-video-preview":"max-video-preview:-1"},"canonical":"https:\/\/mivelezmalaga.com\/es\/comer-y-beber\/bares\/","og_locale":"es_ES","og_type":"article","og_title":"Los Mejores Bares de V\u00e9lez-M\u00e1laga","og_description":"\u00bfBusca el bar perfecto para tomar una copa en Velez? Echa un vistazo a nuestra lista de los mejores lugares para salir con amigos...","og_url":"https:\/\/mivelezmalaga.com\/es\/comer-y-beber\/bares\/","og_site_name":"Mi Velez-Malaga","article_publisher":"https:\/\/www.facebook.com\/mivelezmalaga\/","article_modified_time":"2024-01-16T09:15:19+00:00","og_image":[{"width":1500,"height":800,"url":"https:\/\/mivelezmalaga.com\/wp-content\/uploads\/2016\/12\/bars-hero-banner-moet-bottles.jpg","type":"image\/jpeg"}],"twitter_card":"summary_large_image","twitter_site":"@MiVelezMalaga","twitter_misc":{"Est. reading time":"3 minutes"},"schema":{"@context":"https:\/\/schema.org","@graph":[{"@type":"WebPage","@id":"https:\/\/mivelezmalaga.com\/es\/comer-y-beber\/bares\/","url":"https:\/\/mivelezmalaga.com\/es\/comer-y-beber\/bares\/","name":"Los Mejores Bares de V\u00e9lez-M\u00e1laga","isPartOf":{"@id":"https:\/\/mivelezmalaga.com\/es\/#website"},"primaryImageOfPage":{"@id":"https:\/\/mivelezmalaga.com\/es\/comer-y-beber\/bares\/#primaryimage"},"image":{"@id":"https:\/\/mivelezmalaga.com\/es\/comer-y-beber\/bares\/#primaryimage"},"thumbnailUrl":"https:\/\/mivelezmalaga.com\/wp-content\/uploads\/2016\/12\/bars-hero-banner-moet-bottles.jpg","datePublished":"2019-01-23T11:32:28+00:00","dateModified":"2024-01-16T09:15:19+00:00","description":"\u00bfBusca el bar perfecto para tomar una copa en Velez? Echa un vistazo a nuestra lista de los mejores lugares para salir con amigos...","breadcrumb":{"@id":"https:\/\/mivelezmalaga.com\/es\/comer-y-beber\/bares\/#breadcrumb"},"inLanguage":"es-ES","potentialAction":[{"@type":"ReadAction","target":["https:\/\/mivelezmalaga.com\/es\/comer-y-beber\/bares\/"]}]},{"@type":"ImageObject","inLanguage":"es-ES","@id":"https:\/\/mivelezmalaga.com\/es\/comer-y-beber\/bares\/#primaryimage","url":"https:\/\/mivelezmalaga.com\/wp-content\/uploads\/2016\/12\/bars-hero-banner-moet-bottles.jpg","contentUrl":"https:\/\/mivelezmalaga.com\/wp-content\/uploads\/2016\/12\/bars-hero-banner-moet-bottles.jpg","width":1500,"height":800},{"@type":"BreadcrumbList","@id":"https:\/\/mivelezmalaga.com\/es\/comer-y-beber\/bares\/#breadcrumb","itemListElement":[{"@type":"ListItem","position":1,"name":"Home","item":"https:\/\/mivelezmalaga.com\/es\/"},{"@type":"ListItem","position":2,"name":"Comer y Beber","item":"https:\/\/mivelezmalaga.com\/es\/comer-y-beber\/"},{"@type":"ListItem","position":3,"name":"Bares"}]},{"@type":"WebSite","@id":"https:\/\/mivelezmalaga.com\/es\/#website","url":"https:\/\/mivelezmalaga.com\/es\/","name":"Mi Velez-Malaga","description":"Welcome to V\u00e9lez","potentialAction":[{"@type":"SearchAction","target":{"@type":"EntryPoint","urlTemplate":"https:\/\/mivelezmalaga.com\/es\/?s={search_term_string}"},"query-input":{"@type":"PropertyValueSpecification","valueRequired":true,"valueName":"search_term_string"}}],"inLanguage":"es-ES"}]}},"_links":{"self":[{"href":"https:\/\/mivelezmalaga.com\/es\/wp-json\/wp\/v2\/pages\/3695","targetHints":{"allow":["GET"]}}],"collection":[{"href":"https:\/\/mivelezmalaga.com\/es\/wp-json\/wp\/v2\/pages"}],"about":[{"href":"https:\/\/mivelezmalaga.com\/es\/wp-json\/wp\/v2\/types\/page"}],"author":[{"embeddable":true,"href":"https:\/\/mivelezmalaga.com\/es\/wp-json\/wp\/v2\/users\/1"}],"replies":[{"embeddable":true,"href":"https:\/\/mivelezmalaga.com\/es\/wp-json\/wp\/v2\/comments?post=3695"}],"version-history":[{"count":4,"href":"https:\/\/mivelezmalaga.com\/es\/wp-json\/wp\/v2\/pages\/3695\/revisions"}],"predecessor-version":[{"id":8396,"href":"https:\/\/mivelezmalaga.com\/es\/wp-json\/wp\/v2\/pages\/3695\/revisions\/8396"}],"up":[{"embeddable":true,"href":"https:\/\/mivelezmalaga.com\/es\/wp-json\/wp\/v2\/pages\/3691"}],"wp:featuredmedia":[{"embeddable":true,"href":"https:\/\/mivelezmalaga.com\/es\/wp-json\/wp\/v2\/media\/4360"}],"wp:attachment":[{"href":"https:\/\/mivelezmalaga.com\/es\/wp-json\/wp\/v2\/media?parent=3695"}],"curies":[{"name":"wp","href":"https:\/\/api.w.org\/{rel}","templated":true}]}}