{"id":3696,"date":"2016-11-20T13:12:38","date_gmt":"2016-11-20T13:12:38","guid":{"rendered":"https:\/\/mivelezmalaga.com\/inicio\/"},"modified":"2023-10-24T18:10:27","modified_gmt":"2023-10-24T16:10:27","slug":"home","status":"publish","type":"page","link":"https:\/\/mivelezmalaga.com\/es\/","title":{"rendered":"Home"},"content":{"rendered":"","protected":false},"excerpt":{"rendered":"","protected":false},"author":2,"featured_media":0,"parent":0,"menu_order":0,"comment_status":"closed","ping_status":"closed","template":"page-home.php","meta":{"_acf_changed":false,"footnotes":""},"class_list":["post-3696","page","type-page","status-publish","hentry"],"acf":[],"yoast_head":"<!-- This site is optimized with the Yoast SEO plugin v27.3 - https:\/\/yoast.com\/product\/yoast-seo-wordpress\/ -->\n<title>Mi V\u00e9lez-M\u00e1laga - tu gu\u00eda a la capital de la Axarqu\u00eda<\/title>\n<meta name=\"description\" content=\"Ubicada entre el Mediterr\u00e1neo y las monta\u00f1as, presidida por una imponente fortaleza de origen \u00e1rabe, encontramos la capital de la comarca de la Axarqu\u00eda. V\u00e9lez-M\u00e1laga es uno de los municipios m\u00e1s importantes de la provincia de M\u00e1laga por su rico patrimonio monumental y cultural.\" \/>\n<meta name=\"robots\" content=\"index, follow, max-snippet:-1, max-image-preview:large, max-video-preview:-1\" \/>\n<link rel=\"canonical\" href=\"https:\/\/mivelezmalaga.com\/es\/\" \/>\n<meta property=\"og:locale\" content=\"es_ES\" \/>\n<meta property=\"og:type\" content=\"article\" \/>\n<meta property=\"og:title\" content=\"Mi V\u00e9lez-M\u00e1laga - tu gu\u00eda a la capital de la Axarqu\u00eda\" \/>\n<meta property=\"og:description\" content=\"Desde comer y beber y cosas que hacer, hasta las mejores tiendas y negocios, nuestro nuevo sitio te trae todo lo que necesitas saber sobre V\u00e9lez.\" \/>\n<meta property=\"og:url\" content=\"https:\/\/mivelezmalaga.com\/es\/\" \/>\n<meta property=\"og:site_name\" content=\"Mi Velez-Malaga\" \/>\n<meta property=\"article:publisher\" content=\"https:\/\/www.facebook.com\/mivelezmalaga\/\" \/>\n<meta property=\"article:modified_time\" content=\"2023-10-24T16:10:27+00:00\" \/>\n<meta name=\"twitter:card\" content=\"summary_large_image\" \/>\n<meta name=\"twitter:site\" content=\"@MiVelezMalaga\" \/>\n<script type=\"application\/ld+json\" class=\"yoast-schema-graph\">{\"@context\":\"https:\\\/\\\/schema.org\",\"@graph\":[{\"@type\":\"WebPage\",\"@id\":\"https:\\\/\\\/mivelezmalaga.com\\\/es\\\/\",\"url\":\"https:\\\/\\\/mivelezmalaga.com\\\/es\\\/\",\"name\":\"Mi V\u00e9lez-M\u00e1laga - tu gu\u00eda a la capital de la Axarqu\u00eda\",\"isPartOf\":{\"@id\":\"https:\\\/\\\/mivelezmalaga.com\\\/es\\\/#website\"},\"datePublished\":\"2016-11-20T13:12:38+00:00\",\"dateModified\":\"2023-10-24T16:10:27+00:00\",\"description\":\"Ubicada entre el Mediterr\u00e1neo y las monta\u00f1as, presidida por una imponente fortaleza de origen \u00e1rabe, encontramos la capital de la comarca de la Axarqu\u00eda. V\u00e9lez-M\u00e1laga es uno de los municipios m\u00e1s importantes de la provincia de M\u00e1laga por su rico patrimonio monumental y cultural.\",\"breadcrumb\":{\"@id\":\"https:\\\/\\\/mivelezmalaga.com\\\/es\\\/#breadcrumb\"},\"inLanguage\":\"es-ES\",\"potentialAction\":[{\"@type\":\"ReadAction\",\"target\":[\"https:\\\/\\\/mivelezmalaga.com\\\/es\\\/\"]}]},{\"@type\":\"BreadcrumbList\",\"@id\":\"https:\\\/\\\/mivelezmalaga.com\\\/es\\\/#breadcrumb\",\"itemListElement\":[{\"@type\":\"ListItem\",\"position\":1,\"name\":\"Home\",\"item\":\"https:\\\/\\\/mivelezmalaga.com\\\/es\\\/\"},{\"@type\":\"ListItem\",\"position\":2,\"name\":\"Home\"}]},{\"@type\":\"WebSite\",\"@id\":\"https:\\\/\\\/mivelezmalaga.com\\\/es\\\/#website\",\"url\":\"https:\\\/\\\/mivelezmalaga.com\\\/es\\\/\",\"name\":\"Mi Velez-Malaga\",\"description\":\"Welcome to V\u00e9lez\",\"potentialAction\":[{\"@type\":\"SearchAction\",\"target\":{\"@type\":\"EntryPoint\",\"urlTemplate\":\"https:\\\/\\\/mivelezmalaga.com\\\/es\\\/?s={search_term_string}\"},\"query-input\":{\"@type\":\"PropertyValueSpecification\",\"valueRequired\":true,\"valueName\":\"search_term_string\"}}],\"inLanguage\":\"es-ES\"}]}<\/script>\n<!-- \/ Yoast SEO plugin. -->","yoast_head_json":{"title":"Mi V\u00e9lez-M\u00e1laga - tu gu\u00eda a la capital de la Axarqu\u00eda","description":"Ubicada entre el Mediterr\u00e1neo y las monta\u00f1as, presidida por una imponente fortaleza de origen \u00e1rabe, encontramos la capital de la comarca de la Axarqu\u00eda. V\u00e9lez-M\u00e1laga es uno de los municipios m\u00e1s importantes de la provincia de M\u00e1laga por su rico patrimonio monumental y cultural.","robots":{"index":"index","follow":"follow","max-snippet":"max-snippet:-1","max-image-preview":"max-image-preview:large","max-video-preview":"max-video-preview:-1"},"canonical":"https:\/\/mivelezmalaga.com\/es\/","og_locale":"es_ES","og_type":"article","og_title":"Mi V\u00e9lez-M\u00e1laga - tu gu\u00eda a la capital de la Axarqu\u00eda","og_description":"Desde comer y beber y cosas que hacer, hasta las mejores tiendas y negocios, nuestro nuevo sitio te trae todo lo que necesitas saber sobre V\u00e9lez.","og_url":"https:\/\/mivelezmalaga.com\/es\/","og_site_name":"Mi Velez-Malaga","article_publisher":"https:\/\/www.facebook.com\/mivelezmalaga\/","article_modified_time":"2023-10-24T16:10:27+00:00","twitter_card":"summary_large_image","twitter_site":"@MiVelezMalaga","schema":{"@context":"https:\/\/schema.org","@graph":[{"@type":"WebPage","@id":"https:\/\/mivelezmalaga.com\/es\/","url":"https:\/\/mivelezmalaga.com\/es\/","name":"Mi V\u00e9lez-M\u00e1laga - tu gu\u00eda a la capital de la Axarqu\u00eda","isPartOf":{"@id":"https:\/\/mivelezmalaga.com\/es\/#website"},"datePublished":"2016-11-20T13:12:38+00:00","dateModified":"2023-10-24T16:10:27+00:00","description":"Ubicada entre el Mediterr\u00e1neo y las monta\u00f1as, presidida por una imponente fortaleza de origen \u00e1rabe, encontramos la capital de la comarca de la Axarqu\u00eda. V\u00e9lez-M\u00e1laga es uno de los municipios m\u00e1s importantes de la provincia de M\u00e1laga por su rico patrimonio monumental y cultural.","breadcrumb":{"@id":"https:\/\/mivelezmalaga.com\/es\/#breadcrumb"},"inLanguage":"es-ES","potentialAction":[{"@type":"ReadAction","target":["https:\/\/mivelezmalaga.com\/es\/"]}]},{"@type":"BreadcrumbList","@id":"https:\/\/mivelezmalaga.com\/es\/#breadcrumb","itemListElement":[{"@type":"ListItem","position":1,"name":"Home","item":"https:\/\/mivelezmalaga.com\/es\/"},{"@type":"ListItem","position":2,"name":"Home"}]},{"@type":"WebSite","@id":"https:\/\/mivelezmalaga.com\/es\/#website","url":"https:\/\/mivelezmalaga.com\/es\/","name":"Mi Velez-Malaga","description":"Welcome to V\u00e9lez","potentialAction":[{"@type":"SearchAction","target":{"@type":"EntryPoint","urlTemplate":"https:\/\/mivelezmalaga.com\/es\/?s={search_term_string}"},"query-input":{"@type":"PropertyValueSpecification","valueRequired":true,"valueName":"search_term_string"}}],"inLanguage":"es-ES"}]}},"_links":{"self":[{"href":"https:\/\/mivelezmalaga.com\/es\/wp-json\/wp\/v2\/pages\/3696","targetHints":{"allow":["GET"]}}],"collection":[{"href":"https:\/\/mivelezmalaga.com\/es\/wp-json\/wp\/v2\/pages"}],"about":[{"href":"https:\/\/mivelezmalaga.com\/es\/wp-json\/wp\/v2\/types\/page"}],"author":[{"embeddable":true,"href":"https:\/\/mivelezmalaga.com\/es\/wp-json\/wp\/v2\/users\/2"}],"replies":[{"embeddable":true,"href":"https:\/\/mivelezmalaga.com\/es\/wp-json\/wp\/v2\/comments?post=3696"}],"version-history":[{"count":25,"href":"https:\/\/mivelezmalaga.com\/es\/wp-json\/wp\/v2\/pages\/3696\/revisions"}],"predecessor-version":[{"id":8264,"href":"https:\/\/mivelezmalaga.com\/es\/wp-json\/wp\/v2\/pages\/3696\/revisions\/8264"}],"wp:attachment":[{"href":"https:\/\/mivelezmalaga.com\/es\/wp-json\/wp\/v2\/media?parent=3696"}],"curies":[{"name":"wp","href":"https:\/\/api.w.org\/{rel}","templated":true}]}}