{"id":3697,"date":"2019-01-23T13:45:30","date_gmt":"2019-01-23T12:45:30","guid":{"rendered":"https:\/\/mivelezmalaga.com\/hoteles-y-bb\/"},"modified":"2024-03-05T11:56:03","modified_gmt":"2024-03-05T10:56:03","slug":"hoteles-y-bb","status":"publish","type":"page","link":"https:\/\/mivelezmalaga.com\/es\/alojamiento\/hoteles-y-bb\/","title":{"rendered":"Hoteles y B&#038;B"},"content":{"rendered":"\n<p>Si est\u00e1 buscando una escapada para alejarse de la rutina, celebrar un d\u00eda especial o alojamiento y desayuno barato (B&amp;B), nuestra selecci\u00f3n de los mejores hoteles en V\u00e9lez-M\u00e1laga le ofrecer\u00e1n una experiencia m\u00e1s amplia de lo que ven\u00eda buscando\u2026<\/p>\n\n\n\n<p>Con su rico patrimonio monumental, declarado Conjunto Hist\u00f3rico Art\u00edstico, una gran cantidad de bares de tapas y ambientadas cafeter\u00edas, V\u00e9lez es la perfecta combinaci\u00f3n de cultura y ocio ideal para visitar en esos d\u00edas de relax. Si est\u00e1 buscando unas vacaciones m\u00e1s activas, V\u00e9lez-M\u00e1laga ofrece una amplia variedad de actividades al aire libre ya que puede elegir la monta\u00f1a o la playa para realizar sus actividades favoritas. Por su estrat\u00e9gica ubicaci\u00f3n, puede alojarse en V\u00e9lez y en menos de 40 minutos llegar hasta la ciudad de M\u00e1laga, probar las ricas y abundantes tapas de Granada que est\u00e1 a una hora y media de trayecto o visitar uno de los pueblos que componen la comarca de la Axarqu\u00eda a tan solo 15 minutos de distancia.<\/p>\n","protected":false},"excerpt":{"rendered":"<p>Si est\u00e1 buscando una escapada para alejarse de la rutina, celebrar un d\u00eda especial o alojamiento y desayuno barato (B&amp;B), nuestra selecci\u00f3n de los mejores hoteles en V\u00e9lez-M\u00e1laga le ofrecer\u00e1n una experiencia m\u00e1s amplia de lo que ven\u00eda buscando\u2026 Con su rico patrimonio monumental, declarado Conjunto Hist\u00f3rico Art\u00edstico, una gran cantidad de bares de tapas [&hellip;]<\/p>\n","protected":false},"author":3,"featured_media":0,"parent":5450,"menu_order":0,"comment_status":"closed","ping_status":"closed","template":"page-sub.php","meta":{"_acf_changed":false,"footnotes":""},"class_list":["post-3697","page","type-page","status-publish","hentry"],"acf":[],"yoast_head":"<!-- This site is optimized with the Yoast SEO plugin v27.3 - https:\/\/yoast.com\/product\/yoast-seo-wordpress\/ -->\n<title>Los mejores hoteles y B&amp;Bs de V\u00e9lez-M\u00e1laga<\/title>\n<meta name=\"description\" content=\"\u00bfEst\u00e1 buscando una Hotel boutique para un fin de semana rom\u00e1ntico o unas vacaciones familiares econ\u00f3micas, V\u00e9lez-M\u00e1laga tiene el alojamiento adecuado para tu...\" \/>\n<meta name=\"robots\" content=\"index, follow, max-snippet:-1, max-image-preview:large, max-video-preview:-1\" \/>\n<link rel=\"canonical\" href=\"https:\/\/mivelezmalaga.com\/es\/alojamiento\/hoteles-y-bb\/\" \/>\n<meta property=\"og:locale\" content=\"es_ES\" \/>\n<meta property=\"og:type\" content=\"article\" \/>\n<meta property=\"og:title\" content=\"Los mejores hoteles y B&amp;Bs de V\u00e9lez-M\u00e1laga\" \/>\n<meta property=\"og:description\" content=\"\u00bfEst\u00e1 buscando una Hotel boutique para un fin de semana rom\u00e1ntico o unas vacaciones familiares econ\u00f3micas, V\u00e9lez-M\u00e1laga tiene el alojamiento adecuado para tu...\" \/>\n<meta property=\"og:url\" content=\"https:\/\/mivelezmalaga.com\/es\/alojamiento\/hoteles-y-bb\/\" \/>\n<meta property=\"og:site_name\" content=\"Mi Velez-Malaga\" \/>\n<meta property=\"article:publisher\" content=\"https:\/\/www.facebook.com\/mivelezmalaga\/\" \/>\n<meta property=\"article:modified_time\" content=\"2024-03-05T10:56:03+00:00\" \/>\n<meta name=\"twitter:card\" content=\"summary_large_image\" \/>\n<meta name=\"twitter:site\" content=\"@MiVelezMalaga\" \/>\n<meta name=\"twitter:label1\" content=\"Est. reading time\" \/>\n\t<meta name=\"twitter:data1\" content=\"2 minutes\" \/>\n<script type=\"application\/ld+json\" class=\"yoast-schema-graph\">{\"@context\":\"https:\\\/\\\/schema.org\",\"@graph\":[{\"@type\":\"WebPage\",\"@id\":\"https:\\\/\\\/mivelezmalaga.com\\\/es\\\/alojamiento\\\/hoteles-y-bb\\\/\",\"url\":\"https:\\\/\\\/mivelezmalaga.com\\\/es\\\/alojamiento\\\/hoteles-y-bb\\\/\",\"name\":\"Los mejores hoteles y B&Bs de V\u00e9lez-M\u00e1laga\",\"isPartOf\":{\"@id\":\"https:\\\/\\\/mivelezmalaga.com\\\/es\\\/#website\"},\"datePublished\":\"2019-01-23T12:45:30+00:00\",\"dateModified\":\"2024-03-05T10:56:03+00:00\",\"description\":\"\u00bfEst\u00e1 buscando una Hotel boutique para un fin de semana rom\u00e1ntico o unas vacaciones familiares econ\u00f3micas, V\u00e9lez-M\u00e1laga tiene el alojamiento adecuado para tu...\",\"breadcrumb\":{\"@id\":\"https:\\\/\\\/mivelezmalaga.com\\\/es\\\/alojamiento\\\/hoteles-y-bb\\\/#breadcrumb\"},\"inLanguage\":\"es-ES\",\"potentialAction\":[{\"@type\":\"ReadAction\",\"target\":[\"https:\\\/\\\/mivelezmalaga.com\\\/es\\\/alojamiento\\\/hoteles-y-bb\\\/\"]}]},{\"@type\":\"BreadcrumbList\",\"@id\":\"https:\\\/\\\/mivelezmalaga.com\\\/es\\\/alojamiento\\\/hoteles-y-bb\\\/#breadcrumb\",\"itemListElement\":[{\"@type\":\"ListItem\",\"position\":1,\"name\":\"Home\",\"item\":\"https:\\\/\\\/mivelezmalaga.com\\\/es\\\/\"},{\"@type\":\"ListItem\",\"position\":2,\"name\":\"Alojamiento\",\"item\":\"https:\\\/\\\/mivelezmalaga.com\\\/es\\\/alojamiento\\\/\"},{\"@type\":\"ListItem\",\"position\":3,\"name\":\"Hoteles y B&#038;B\"}]},{\"@type\":\"WebSite\",\"@id\":\"https:\\\/\\\/mivelezmalaga.com\\\/es\\\/#website\",\"url\":\"https:\\\/\\\/mivelezmalaga.com\\\/es\\\/\",\"name\":\"Mi Velez-Malaga\",\"description\":\"Welcome to V\u00e9lez\",\"potentialAction\":[{\"@type\":\"SearchAction\",\"target\":{\"@type\":\"EntryPoint\",\"urlTemplate\":\"https:\\\/\\\/mivelezmalaga.com\\\/es\\\/?s={search_term_string}\"},\"query-input\":{\"@type\":\"PropertyValueSpecification\",\"valueRequired\":true,\"valueName\":\"search_term_string\"}}],\"inLanguage\":\"es-ES\"}]}<\/script>\n<!-- \/ Yoast SEO plugin. -->","yoast_head_json":{"title":"Los mejores hoteles y B&Bs de V\u00e9lez-M\u00e1laga","description":"\u00bfEst\u00e1 buscando una Hotel boutique para un fin de semana rom\u00e1ntico o unas vacaciones familiares econ\u00f3micas, V\u00e9lez-M\u00e1laga tiene el alojamiento adecuado para tu...","robots":{"index":"index","follow":"follow","max-snippet":"max-snippet:-1","max-image-preview":"max-image-preview:large","max-video-preview":"max-video-preview:-1"},"canonical":"https:\/\/mivelezmalaga.com\/es\/alojamiento\/hoteles-y-bb\/","og_locale":"es_ES","og_type":"article","og_title":"Los mejores hoteles y B&Bs de V\u00e9lez-M\u00e1laga","og_description":"\u00bfEst\u00e1 buscando una Hotel boutique para un fin de semana rom\u00e1ntico o unas vacaciones familiares econ\u00f3micas, V\u00e9lez-M\u00e1laga tiene el alojamiento adecuado para tu...","og_url":"https:\/\/mivelezmalaga.com\/es\/alojamiento\/hoteles-y-bb\/","og_site_name":"Mi Velez-Malaga","article_publisher":"https:\/\/www.facebook.com\/mivelezmalaga\/","article_modified_time":"2024-03-05T10:56:03+00:00","twitter_card":"summary_large_image","twitter_site":"@MiVelezMalaga","twitter_misc":{"Est. reading time":"2 minutes"},"schema":{"@context":"https:\/\/schema.org","@graph":[{"@type":"WebPage","@id":"https:\/\/mivelezmalaga.com\/es\/alojamiento\/hoteles-y-bb\/","url":"https:\/\/mivelezmalaga.com\/es\/alojamiento\/hoteles-y-bb\/","name":"Los mejores hoteles y B&Bs de V\u00e9lez-M\u00e1laga","isPartOf":{"@id":"https:\/\/mivelezmalaga.com\/es\/#website"},"datePublished":"2019-01-23T12:45:30+00:00","dateModified":"2024-03-05T10:56:03+00:00","description":"\u00bfEst\u00e1 buscando una Hotel boutique para un fin de semana rom\u00e1ntico o unas vacaciones familiares econ\u00f3micas, V\u00e9lez-M\u00e1laga tiene el alojamiento adecuado para tu...","breadcrumb":{"@id":"https:\/\/mivelezmalaga.com\/es\/alojamiento\/hoteles-y-bb\/#breadcrumb"},"inLanguage":"es-ES","potentialAction":[{"@type":"ReadAction","target":["https:\/\/mivelezmalaga.com\/es\/alojamiento\/hoteles-y-bb\/"]}]},{"@type":"BreadcrumbList","@id":"https:\/\/mivelezmalaga.com\/es\/alojamiento\/hoteles-y-bb\/#breadcrumb","itemListElement":[{"@type":"ListItem","position":1,"name":"Home","item":"https:\/\/mivelezmalaga.com\/es\/"},{"@type":"ListItem","position":2,"name":"Alojamiento","item":"https:\/\/mivelezmalaga.com\/es\/alojamiento\/"},{"@type":"ListItem","position":3,"name":"Hoteles y B&#038;B"}]},{"@type":"WebSite","@id":"https:\/\/mivelezmalaga.com\/es\/#website","url":"https:\/\/mivelezmalaga.com\/es\/","name":"Mi Velez-Malaga","description":"Welcome to V\u00e9lez","potentialAction":[{"@type":"SearchAction","target":{"@type":"EntryPoint","urlTemplate":"https:\/\/mivelezmalaga.com\/es\/?s={search_term_string}"},"query-input":{"@type":"PropertyValueSpecification","valueRequired":true,"valueName":"search_term_string"}}],"inLanguage":"es-ES"}]}},"_links":{"self":[{"href":"https:\/\/mivelezmalaga.com\/es\/wp-json\/wp\/v2\/pages\/3697","targetHints":{"allow":["GET"]}}],"collection":[{"href":"https:\/\/mivelezmalaga.com\/es\/wp-json\/wp\/v2\/pages"}],"about":[{"href":"https:\/\/mivelezmalaga.com\/es\/wp-json\/wp\/v2\/types\/page"}],"author":[{"embeddable":true,"href":"https:\/\/mivelezmalaga.com\/es\/wp-json\/wp\/v2\/users\/3"}],"replies":[{"embeddable":true,"href":"https:\/\/mivelezmalaga.com\/es\/wp-json\/wp\/v2\/comments?post=3697"}],"version-history":[{"count":4,"href":"https:\/\/mivelezmalaga.com\/es\/wp-json\/wp\/v2\/pages\/3697\/revisions"}],"predecessor-version":[{"id":8663,"href":"https:\/\/mivelezmalaga.com\/es\/wp-json\/wp\/v2\/pages\/3697\/revisions\/8663"}],"up":[{"embeddable":true,"href":"https:\/\/mivelezmalaga.com\/es\/wp-json\/wp\/v2\/pages\/5450"}],"wp:attachment":[{"href":"https:\/\/mivelezmalaga.com\/es\/wp-json\/wp\/v2\/media?parent=3697"}],"curies":[{"name":"wp","href":"https:\/\/api.w.org\/{rel}","templated":true}]}}