{"id":3698,"date":"2019-01-23T20:55:45","date_gmt":"2019-01-23T19:55:45","guid":{"rendered":"https:\/\/mivelezmalaga.com\/guarderias\/"},"modified":"2024-01-16T10:31:36","modified_gmt":"2024-01-16T09:31:36","slug":"guarderias","status":"publish","type":"page","link":"https:\/\/mivelezmalaga.com\/es\/vivir\/guarderias\/","title":{"rendered":"Guarder\u00edas"},"content":{"rendered":"\n<p>La oferta de guarder\u00edas en V\u00e9lez-M\u00e1laga es bastante amplia con un rango de edad que va desde los 4 meses hasta los 3 a\u00f1os. La mayor\u00eda ofrecen una educaci\u00f3n biling\u00fce y para los ni\u00f1os es una forma de empezar a socializar y formar su personalidad en contacto con otros peque\u00f1os.<\/p>\n","protected":false},"excerpt":{"rendered":"<p>La oferta de guarder\u00edas en V\u00e9lez-M\u00e1laga es bastante amplia con un rango de edad que va desde los 4 meses hasta los 3 a\u00f1os. La mayor\u00eda ofrecen una educaci\u00f3n biling\u00fce y para los ni\u00f1os es una forma de empezar a socializar y formar su personalidad en contacto con otros peque\u00f1os.<\/p>\n","protected":false},"author":3,"featured_media":0,"parent":3713,"menu_order":0,"comment_status":"closed","ping_status":"closed","template":"page-businesses.php","meta":{"_acf_changed":false,"footnotes":""},"class_list":["post-3698","page","type-page","status-publish","hentry"],"acf":[],"yoast_head":"<!-- This site is optimized with the Yoast SEO plugin v27.3 - https:\/\/yoast.com\/product\/yoast-seo-wordpress\/ -->\n<title>Las Mejores guarder\u00edas en V\u00e9lez-M\u00e1laga<\/title>\n<meta name=\"description\" content=\"\u00bfBuscas una guarder\u00eda en V\u00e9lez-M\u00e1laga? Hemos reunido algunas de las mejores opciones para que pueda encontrar el lugar perfecto para su peque\u00f1o aqu\u00ed...\" \/>\n<meta name=\"robots\" content=\"index, follow, max-snippet:-1, max-image-preview:large, max-video-preview:-1\" \/>\n<link rel=\"canonical\" href=\"https:\/\/mivelezmalaga.com\/es\/vivir\/guarderias\/\" \/>\n<meta property=\"og:locale\" content=\"es_ES\" \/>\n<meta property=\"og:type\" content=\"article\" \/>\n<meta property=\"og:title\" content=\"Las Mejores guarder\u00edas en V\u00e9lez-M\u00e1laga\" \/>\n<meta property=\"og:description\" content=\"\u00bfBuscas una guarder\u00eda en V\u00e9lez-M\u00e1laga? Hemos reunido algunas de las mejores opciones para que pueda encontrar el lugar perfecto para su peque\u00f1o aqu\u00ed...\" \/>\n<meta property=\"og:url\" content=\"https:\/\/mivelezmalaga.com\/es\/vivir\/guarderias\/\" \/>\n<meta property=\"og:site_name\" content=\"Mi Velez-Malaga\" \/>\n<meta property=\"article:publisher\" content=\"https:\/\/www.facebook.com\/mivelezmalaga\/\" \/>\n<meta property=\"article:modified_time\" content=\"2024-01-16T09:31:36+00:00\" \/>\n<meta name=\"twitter:card\" content=\"summary_large_image\" \/>\n<meta name=\"twitter:site\" content=\"@MiVelezMalaga\" \/>\n<meta name=\"twitter:label1\" content=\"Est. reading time\" \/>\n\t<meta name=\"twitter:data1\" content=\"1 minute\" \/>\n<script type=\"application\/ld+json\" class=\"yoast-schema-graph\">{\"@context\":\"https:\\\/\\\/schema.org\",\"@graph\":[{\"@type\":\"WebPage\",\"@id\":\"https:\\\/\\\/mivelezmalaga.com\\\/es\\\/vivir\\\/guarderias\\\/\",\"url\":\"https:\\\/\\\/mivelezmalaga.com\\\/es\\\/vivir\\\/guarderias\\\/\",\"name\":\"Las Mejores guarder\u00edas en V\u00e9lez-M\u00e1laga\",\"isPartOf\":{\"@id\":\"https:\\\/\\\/mivelezmalaga.com\\\/es\\\/#website\"},\"datePublished\":\"2019-01-23T19:55:45+00:00\",\"dateModified\":\"2024-01-16T09:31:36+00:00\",\"description\":\"\u00bfBuscas una guarder\u00eda en V\u00e9lez-M\u00e1laga? Hemos reunido algunas de las mejores opciones para que pueda encontrar el lugar perfecto para su peque\u00f1o aqu\u00ed...\",\"breadcrumb\":{\"@id\":\"https:\\\/\\\/mivelezmalaga.com\\\/es\\\/vivir\\\/guarderias\\\/#breadcrumb\"},\"inLanguage\":\"es-ES\",\"potentialAction\":[{\"@type\":\"ReadAction\",\"target\":[\"https:\\\/\\\/mivelezmalaga.com\\\/es\\\/vivir\\\/guarderias\\\/\"]}]},{\"@type\":\"BreadcrumbList\",\"@id\":\"https:\\\/\\\/mivelezmalaga.com\\\/es\\\/vivir\\\/guarderias\\\/#breadcrumb\",\"itemListElement\":[{\"@type\":\"ListItem\",\"position\":1,\"name\":\"Home\",\"item\":\"https:\\\/\\\/mivelezmalaga.com\\\/es\\\/\"},{\"@type\":\"ListItem\",\"position\":2,\"name\":\"Vivir\",\"item\":\"https:\\\/\\\/mivelezmalaga.com\\\/es\\\/vivir\\\/\"},{\"@type\":\"ListItem\",\"position\":3,\"name\":\"Guarder\u00edas\"}]},{\"@type\":\"WebSite\",\"@id\":\"https:\\\/\\\/mivelezmalaga.com\\\/es\\\/#website\",\"url\":\"https:\\\/\\\/mivelezmalaga.com\\\/es\\\/\",\"name\":\"Mi Velez-Malaga\",\"description\":\"Welcome to V\u00e9lez\",\"potentialAction\":[{\"@type\":\"SearchAction\",\"target\":{\"@type\":\"EntryPoint\",\"urlTemplate\":\"https:\\\/\\\/mivelezmalaga.com\\\/es\\\/?s={search_term_string}\"},\"query-input\":{\"@type\":\"PropertyValueSpecification\",\"valueRequired\":true,\"valueName\":\"search_term_string\"}}],\"inLanguage\":\"es-ES\"}]}<\/script>\n<!-- \/ Yoast SEO plugin. -->","yoast_head_json":{"title":"Las Mejores guarder\u00edas en V\u00e9lez-M\u00e1laga","description":"\u00bfBuscas una guarder\u00eda en V\u00e9lez-M\u00e1laga? Hemos reunido algunas de las mejores opciones para que pueda encontrar el lugar perfecto para su peque\u00f1o aqu\u00ed...","robots":{"index":"index","follow":"follow","max-snippet":"max-snippet:-1","max-image-preview":"max-image-preview:large","max-video-preview":"max-video-preview:-1"},"canonical":"https:\/\/mivelezmalaga.com\/es\/vivir\/guarderias\/","og_locale":"es_ES","og_type":"article","og_title":"Las Mejores guarder\u00edas en V\u00e9lez-M\u00e1laga","og_description":"\u00bfBuscas una guarder\u00eda en V\u00e9lez-M\u00e1laga? Hemos reunido algunas de las mejores opciones para que pueda encontrar el lugar perfecto para su peque\u00f1o aqu\u00ed...","og_url":"https:\/\/mivelezmalaga.com\/es\/vivir\/guarderias\/","og_site_name":"Mi Velez-Malaga","article_publisher":"https:\/\/www.facebook.com\/mivelezmalaga\/","article_modified_time":"2024-01-16T09:31:36+00:00","twitter_card":"summary_large_image","twitter_site":"@MiVelezMalaga","twitter_misc":{"Est. reading time":"1 minute"},"schema":{"@context":"https:\/\/schema.org","@graph":[{"@type":"WebPage","@id":"https:\/\/mivelezmalaga.com\/es\/vivir\/guarderias\/","url":"https:\/\/mivelezmalaga.com\/es\/vivir\/guarderias\/","name":"Las Mejores guarder\u00edas en V\u00e9lez-M\u00e1laga","isPartOf":{"@id":"https:\/\/mivelezmalaga.com\/es\/#website"},"datePublished":"2019-01-23T19:55:45+00:00","dateModified":"2024-01-16T09:31:36+00:00","description":"\u00bfBuscas una guarder\u00eda en V\u00e9lez-M\u00e1laga? Hemos reunido algunas de las mejores opciones para que pueda encontrar el lugar perfecto para su peque\u00f1o aqu\u00ed...","breadcrumb":{"@id":"https:\/\/mivelezmalaga.com\/es\/vivir\/guarderias\/#breadcrumb"},"inLanguage":"es-ES","potentialAction":[{"@type":"ReadAction","target":["https:\/\/mivelezmalaga.com\/es\/vivir\/guarderias\/"]}]},{"@type":"BreadcrumbList","@id":"https:\/\/mivelezmalaga.com\/es\/vivir\/guarderias\/#breadcrumb","itemListElement":[{"@type":"ListItem","position":1,"name":"Home","item":"https:\/\/mivelezmalaga.com\/es\/"},{"@type":"ListItem","position":2,"name":"Vivir","item":"https:\/\/mivelezmalaga.com\/es\/vivir\/"},{"@type":"ListItem","position":3,"name":"Guarder\u00edas"}]},{"@type":"WebSite","@id":"https:\/\/mivelezmalaga.com\/es\/#website","url":"https:\/\/mivelezmalaga.com\/es\/","name":"Mi Velez-Malaga","description":"Welcome to V\u00e9lez","potentialAction":[{"@type":"SearchAction","target":{"@type":"EntryPoint","urlTemplate":"https:\/\/mivelezmalaga.com\/es\/?s={search_term_string}"},"query-input":{"@type":"PropertyValueSpecification","valueRequired":true,"valueName":"search_term_string"}}],"inLanguage":"es-ES"}]}},"_links":{"self":[{"href":"https:\/\/mivelezmalaga.com\/es\/wp-json\/wp\/v2\/pages\/3698","targetHints":{"allow":["GET"]}}],"collection":[{"href":"https:\/\/mivelezmalaga.com\/es\/wp-json\/wp\/v2\/pages"}],"about":[{"href":"https:\/\/mivelezmalaga.com\/es\/wp-json\/wp\/v2\/types\/page"}],"author":[{"embeddable":true,"href":"https:\/\/mivelezmalaga.com\/es\/wp-json\/wp\/v2\/users\/3"}],"replies":[{"embeddable":true,"href":"https:\/\/mivelezmalaga.com\/es\/wp-json\/wp\/v2\/comments?post=3698"}],"version-history":[{"count":4,"href":"https:\/\/mivelezmalaga.com\/es\/wp-json\/wp\/v2\/pages\/3698\/revisions"}],"predecessor-version":[{"id":8453,"href":"https:\/\/mivelezmalaga.com\/es\/wp-json\/wp\/v2\/pages\/3698\/revisions\/8453"}],"up":[{"embeddable":true,"href":"https:\/\/mivelezmalaga.com\/es\/wp-json\/wp\/v2\/pages\/3713"}],"wp:attachment":[{"href":"https:\/\/mivelezmalaga.com\/es\/wp-json\/wp\/v2\/media?parent=3698"}],"curies":[{"name":"wp","href":"https:\/\/api.w.org\/{rel}","templated":true}]}}