{"id":3699,"date":"2019-01-23T21:26:07","date_gmt":"2019-01-23T20:26:07","guid":{"rendered":"https:\/\/mivelezmalaga.com\/educacion\/"},"modified":"2024-01-16T10:32:32","modified_gmt":"2024-01-16T09:32:32","slug":"educacion","status":"publish","type":"page","link":"https:\/\/mivelezmalaga.com\/es\/vivir\/educacion\/","title":{"rendered":"Educaci\u00f3n"},"content":{"rendered":"\n<h2 class=\"wp-block-heading\">Gu\u00eda de Colegios P\u00fablicos y Privados en V\u00e9lez-M\u00e1laga<\/h2>\n\n\n\n<p>Una de las mayores preocupaciones para los padres es la educaci\u00f3n de los hijos y por eso decidirse por una escuela u otra es una de las primeras preguntas que surgen en la primera etapa de escolarizaci\u00f3n de los hijos. En V\u00e9lez-M\u00e1laga contamos con un centro privado-concertado y el resto son colegios p\u00fablicos. A 20 minutos de V\u00e9lez-M\u00e1laga tambi\u00e9n podemos encontrar dos centros privados con servicios de autobuses que salen desde V\u00e9lez-M\u00e1laga para facilitar el traslado de los ni\u00f1os. A continuaci\u00f3n detallamos los principales colegios de la ciudad.<\/p>\n\n\n\n<h3 class=\"wp-block-heading\">Colegios P\u00fablicos En V\u00e9lez-M\u00e1laga<\/h3>\n\n\n\n<h4 class=\"wp-block-heading\">Centro Privado de Ense\u00f1anza San Jos\u00e9<\/h4>\n\n\n\n<p>Colegio privado-concertado para ni\u00f1os de 3 a 18 a\u00f1os<\/p>\n\n\n\n<p>Calle San Juan, 1<br>\n952 50 02 43<\/p>\n\n\n\n<p><a href=\"http:\/\/www.colegio-sanjose.com\/\">Colegio-sanjose.com<\/a><\/p>\n\n\n\n<h4 class=\"wp-block-heading\">Colegio P\u00fablico La Axarqu\u00eda<\/h4>\n\n\n\n<p>Colegio para ni\u00f1os de 3 a 16 a\u00f1os<\/p>\n\n\n\n<p>Calle Camino Viejo de M\u00e1laga, 21<br>\n951 28 99 74<\/p>\n\n\n\n<h4 class=\"wp-block-heading\">Colegio P\u00fablico Augusto Santiago Bellido<\/h4>\n\n\n\n<p>Colegio para ni\u00f1os de 3 a 16 a\u00f1os<\/p>\n\n\n\n<p>Pje Traves\u00eda Re\u00f1idero, 9<br>\n951 28 99 42<\/p>\n\n\n\n<h4 class=\"wp-block-heading\">Colegio P\u00fablico El Romeral<\/h4>\n\n\n\n<p>Colegio para ni\u00f1os de 3 a 16 a\u00f1os<\/p>\n\n\n\n<p>Lugar Parque del Romeral, 19<br>\n951 28 99 67<\/p>\n\n\n\n<h4 class=\"wp-block-heading\">Colegio Las Naciones<\/h4>\n\n\n\n<p>Colegio para ni\u00f1os de 3 a 16 a\u00f1os<\/p>\n\n\n\n<p>Calle Alfareros, 1<br>\n951 28 98 26<\/p>\n\n\n\n<h4 class=\"wp-block-heading\">Colegio P\u00fablico la Gloria<\/h4>\n\n\n\n<p>Colegio para ni\u00f1os de 3 a 16 a\u00f1os<\/p>\n\n\n\n<p>Calle Gloria<br>\n951 28 99 72<\/p>\n\n\n\n<h3 class=\"wp-block-heading\">Escuelas Privadas Cercanas<\/h3>\n\n\n\n<h4 class=\"wp-block-heading\">St George\u2019s School<\/h4>\n\n\n\n<p>Urb. Cerrado de Calder\u00f3n<br>\nAvenida Centaurea, 8<br>\n29018<br>\nM\u00e1laga<br>\n952 29 01 49<\/p>\n\n\n\n<p><a href=\"http:\/\/stgeorgeinternational.es\/\">Stgeorgesinternational.es<\/a><\/p>\n\n\n\n<h4 class=\"wp-block-heading\">Novaschool A\u00f1oreta<\/h4>\n\n\n\n<p>Carretera a Macharaviaya, s\/n<br>\n29730<br>\nRinc\u00f3n de la Victoria<br>\nM\u00e1laga<br>\n952 97 23 11<\/p>\n\n\n\n<p><a href=\"http:\/\/anoreta.novaschool.es\/\">Anoreta.novaschool.es<\/a><\/p>\n","protected":false},"excerpt":{"rendered":"<p>Gu\u00eda de Colegios P\u00fablicos y Privados en V\u00e9lez-M\u00e1laga Una de las mayores preocupaciones para los padres es la educaci\u00f3n de los hijos y por eso decidirse por una escuela u otra es una de las primeras preguntas que surgen en la primera etapa de escolarizaci\u00f3n de los hijos. En V\u00e9lez-M\u00e1laga contamos con un centro privado-concertado [&hellip;]<\/p>\n","protected":false},"author":2,"featured_media":4504,"parent":3713,"menu_order":1,"comment_status":"closed","ping_status":"closed","template":"page-child.php","meta":{"_acf_changed":false,"footnotes":""},"class_list":["post-3699","page","type-page","status-publish","has-post-thumbnail","hentry"],"acf":[],"yoast_head":"<!-- This site is optimized with the Yoast SEO plugin v27.3 - https:\/\/yoast.com\/product\/yoast-seo-wordpress\/ -->\n<title>Colegios P\u00fablicos y Privados en V\u00e9lez-M\u00e1laga<\/title>\n<meta name=\"description\" content=\"Buscando colegios en Velez? No busques m\u00e1s. Echa un vistazo a nuestra gu\u00eda para encontrar la perfecta escuela para sus ni\u00f1os.\" \/>\n<meta name=\"robots\" content=\"index, follow, max-snippet:-1, max-image-preview:large, max-video-preview:-1\" \/>\n<link rel=\"canonical\" href=\"https:\/\/mivelezmalaga.com\/es\/vivir\/educacion\/\" \/>\n<meta property=\"og:locale\" content=\"es_ES\" \/>\n<meta property=\"og:type\" content=\"article\" \/>\n<meta property=\"og:title\" content=\"Colegios P\u00fablicos y Privados en V\u00e9lez-M\u00e1laga\" \/>\n<meta property=\"og:description\" content=\"Buscando colegios en Velez? No busques m\u00e1s. Echa un vistazo a nuestra gu\u00eda para encontrar la perfecta escuela para sus ni\u00f1os.\" \/>\n<meta property=\"og:url\" content=\"https:\/\/mivelezmalaga.com\/es\/vivir\/educacion\/\" \/>\n<meta property=\"og:site_name\" content=\"Mi Velez-Malaga\" \/>\n<meta property=\"article:publisher\" content=\"https:\/\/www.facebook.com\/mivelezmalaga\/\" \/>\n<meta property=\"article:modified_time\" content=\"2024-01-16T09:32:32+00:00\" \/>\n<meta name=\"twitter:card\" content=\"summary_large_image\" \/>\n<meta name=\"twitter:site\" content=\"@MiVelezMalaga\" \/>\n<meta name=\"twitter:label1\" content=\"Est. reading time\" \/>\n\t<meta name=\"twitter:data1\" content=\"2 minutes\" \/>\n<script type=\"application\/ld+json\" class=\"yoast-schema-graph\">{\"@context\":\"https:\\\/\\\/schema.org\",\"@graph\":[{\"@type\":\"WebPage\",\"@id\":\"https:\\\/\\\/mivelezmalaga.com\\\/es\\\/vivir\\\/educacion\\\/\",\"url\":\"https:\\\/\\\/mivelezmalaga.com\\\/es\\\/vivir\\\/educacion\\\/\",\"name\":\"Colegios P\u00fablicos y Privados en V\u00e9lez-M\u00e1laga\",\"isPartOf\":{\"@id\":\"https:\\\/\\\/mivelezmalaga.com\\\/es\\\/#website\"},\"primaryImageOfPage\":{\"@id\":\"https:\\\/\\\/mivelezmalaga.com\\\/es\\\/vivir\\\/educacion\\\/#primaryimage\"},\"image\":{\"@id\":\"https:\\\/\\\/mivelezmalaga.com\\\/es\\\/vivir\\\/educacion\\\/#primaryimage\"},\"thumbnailUrl\":\"https:\\\/\\\/mivelezmalaga.com\\\/wp-content\\\/uploads\\\/2017\\\/02\\\/spanish-books-hero-image-for-education.jpg\",\"datePublished\":\"2019-01-23T20:26:07+00:00\",\"dateModified\":\"2024-01-16T09:32:32+00:00\",\"description\":\"Buscando colegios en Velez? No busques m\u00e1s. Echa un vistazo a nuestra gu\u00eda para encontrar la perfecta escuela para sus ni\u00f1os.\",\"breadcrumb\":{\"@id\":\"https:\\\/\\\/mivelezmalaga.com\\\/es\\\/vivir\\\/educacion\\\/#breadcrumb\"},\"inLanguage\":\"es-ES\",\"potentialAction\":[{\"@type\":\"ReadAction\",\"target\":[\"https:\\\/\\\/mivelezmalaga.com\\\/es\\\/vivir\\\/educacion\\\/\"]}]},{\"@type\":\"ImageObject\",\"inLanguage\":\"es-ES\",\"@id\":\"https:\\\/\\\/mivelezmalaga.com\\\/es\\\/vivir\\\/educacion\\\/#primaryimage\",\"url\":\"https:\\\/\\\/mivelezmalaga.com\\\/wp-content\\\/uploads\\\/2017\\\/02\\\/spanish-books-hero-image-for-education.jpg\",\"contentUrl\":\"https:\\\/\\\/mivelezmalaga.com\\\/wp-content\\\/uploads\\\/2017\\\/02\\\/spanish-books-hero-image-for-education.jpg\",\"width\":1500,\"height\":833},{\"@type\":\"BreadcrumbList\",\"@id\":\"https:\\\/\\\/mivelezmalaga.com\\\/es\\\/vivir\\\/educacion\\\/#breadcrumb\",\"itemListElement\":[{\"@type\":\"ListItem\",\"position\":1,\"name\":\"Home\",\"item\":\"https:\\\/\\\/mivelezmalaga.com\\\/es\\\/\"},{\"@type\":\"ListItem\",\"position\":2,\"name\":\"Vivir\",\"item\":\"https:\\\/\\\/mivelezmalaga.com\\\/es\\\/vivir\\\/\"},{\"@type\":\"ListItem\",\"position\":3,\"name\":\"Educaci\u00f3n\"}]},{\"@type\":\"WebSite\",\"@id\":\"https:\\\/\\\/mivelezmalaga.com\\\/es\\\/#website\",\"url\":\"https:\\\/\\\/mivelezmalaga.com\\\/es\\\/\",\"name\":\"Mi Velez-Malaga\",\"description\":\"Welcome to V\u00e9lez\",\"potentialAction\":[{\"@type\":\"SearchAction\",\"target\":{\"@type\":\"EntryPoint\",\"urlTemplate\":\"https:\\\/\\\/mivelezmalaga.com\\\/es\\\/?s={search_term_string}\"},\"query-input\":{\"@type\":\"PropertyValueSpecification\",\"valueRequired\":true,\"valueName\":\"search_term_string\"}}],\"inLanguage\":\"es-ES\"}]}<\/script>\n<!-- \/ Yoast SEO plugin. -->","yoast_head_json":{"title":"Colegios P\u00fablicos y Privados en V\u00e9lez-M\u00e1laga","description":"Buscando colegios en Velez? No busques m\u00e1s. Echa un vistazo a nuestra gu\u00eda para encontrar la perfecta escuela para sus ni\u00f1os.","robots":{"index":"index","follow":"follow","max-snippet":"max-snippet:-1","max-image-preview":"max-image-preview:large","max-video-preview":"max-video-preview:-1"},"canonical":"https:\/\/mivelezmalaga.com\/es\/vivir\/educacion\/","og_locale":"es_ES","og_type":"article","og_title":"Colegios P\u00fablicos y Privados en V\u00e9lez-M\u00e1laga","og_description":"Buscando colegios en Velez? No busques m\u00e1s. Echa un vistazo a nuestra gu\u00eda para encontrar la perfecta escuela para sus ni\u00f1os.","og_url":"https:\/\/mivelezmalaga.com\/es\/vivir\/educacion\/","og_site_name":"Mi Velez-Malaga","article_publisher":"https:\/\/www.facebook.com\/mivelezmalaga\/","article_modified_time":"2024-01-16T09:32:32+00:00","twitter_card":"summary_large_image","twitter_site":"@MiVelezMalaga","twitter_misc":{"Est. reading time":"2 minutes"},"schema":{"@context":"https:\/\/schema.org","@graph":[{"@type":"WebPage","@id":"https:\/\/mivelezmalaga.com\/es\/vivir\/educacion\/","url":"https:\/\/mivelezmalaga.com\/es\/vivir\/educacion\/","name":"Colegios P\u00fablicos y Privados en V\u00e9lez-M\u00e1laga","isPartOf":{"@id":"https:\/\/mivelezmalaga.com\/es\/#website"},"primaryImageOfPage":{"@id":"https:\/\/mivelezmalaga.com\/es\/vivir\/educacion\/#primaryimage"},"image":{"@id":"https:\/\/mivelezmalaga.com\/es\/vivir\/educacion\/#primaryimage"},"thumbnailUrl":"https:\/\/mivelezmalaga.com\/wp-content\/uploads\/2017\/02\/spanish-books-hero-image-for-education.jpg","datePublished":"2019-01-23T20:26:07+00:00","dateModified":"2024-01-16T09:32:32+00:00","description":"Buscando colegios en Velez? No busques m\u00e1s. Echa un vistazo a nuestra gu\u00eda para encontrar la perfecta escuela para sus ni\u00f1os.","breadcrumb":{"@id":"https:\/\/mivelezmalaga.com\/es\/vivir\/educacion\/#breadcrumb"},"inLanguage":"es-ES","potentialAction":[{"@type":"ReadAction","target":["https:\/\/mivelezmalaga.com\/es\/vivir\/educacion\/"]}]},{"@type":"ImageObject","inLanguage":"es-ES","@id":"https:\/\/mivelezmalaga.com\/es\/vivir\/educacion\/#primaryimage","url":"https:\/\/mivelezmalaga.com\/wp-content\/uploads\/2017\/02\/spanish-books-hero-image-for-education.jpg","contentUrl":"https:\/\/mivelezmalaga.com\/wp-content\/uploads\/2017\/02\/spanish-books-hero-image-for-education.jpg","width":1500,"height":833},{"@type":"BreadcrumbList","@id":"https:\/\/mivelezmalaga.com\/es\/vivir\/educacion\/#breadcrumb","itemListElement":[{"@type":"ListItem","position":1,"name":"Home","item":"https:\/\/mivelezmalaga.com\/es\/"},{"@type":"ListItem","position":2,"name":"Vivir","item":"https:\/\/mivelezmalaga.com\/es\/vivir\/"},{"@type":"ListItem","position":3,"name":"Educaci\u00f3n"}]},{"@type":"WebSite","@id":"https:\/\/mivelezmalaga.com\/es\/#website","url":"https:\/\/mivelezmalaga.com\/es\/","name":"Mi Velez-Malaga","description":"Welcome to V\u00e9lez","potentialAction":[{"@type":"SearchAction","target":{"@type":"EntryPoint","urlTemplate":"https:\/\/mivelezmalaga.com\/es\/?s={search_term_string}"},"query-input":{"@type":"PropertyValueSpecification","valueRequired":true,"valueName":"search_term_string"}}],"inLanguage":"es-ES"}]}},"_links":{"self":[{"href":"https:\/\/mivelezmalaga.com\/es\/wp-json\/wp\/v2\/pages\/3699","targetHints":{"allow":["GET"]}}],"collection":[{"href":"https:\/\/mivelezmalaga.com\/es\/wp-json\/wp\/v2\/pages"}],"about":[{"href":"https:\/\/mivelezmalaga.com\/es\/wp-json\/wp\/v2\/types\/page"}],"author":[{"embeddable":true,"href":"https:\/\/mivelezmalaga.com\/es\/wp-json\/wp\/v2\/users\/2"}],"replies":[{"embeddable":true,"href":"https:\/\/mivelezmalaga.com\/es\/wp-json\/wp\/v2\/comments?post=3699"}],"version-history":[{"count":4,"href":"https:\/\/mivelezmalaga.com\/es\/wp-json\/wp\/v2\/pages\/3699\/revisions"}],"predecessor-version":[{"id":8457,"href":"https:\/\/mivelezmalaga.com\/es\/wp-json\/wp\/v2\/pages\/3699\/revisions\/8457"}],"up":[{"embeddable":true,"href":"https:\/\/mivelezmalaga.com\/es\/wp-json\/wp\/v2\/pages\/3713"}],"wp:featuredmedia":[{"embeddable":true,"href":"https:\/\/mivelezmalaga.com\/es\/wp-json\/wp\/v2\/media\/4504"}],"wp:attachment":[{"href":"https:\/\/mivelezmalaga.com\/es\/wp-json\/wp\/v2\/media?parent=3699"}],"curies":[{"name":"wp","href":"https:\/\/api.w.org\/{rel}","templated":true}]}}