{"id":3700,"date":"2019-01-23T22:16:06","date_gmt":"2019-01-23T21:16:06","guid":{"rendered":"https:\/\/mivelezmalaga.com\/ayuntamiento\/"},"modified":"2024-01-16T10:29:18","modified_gmt":"2024-01-16T09:29:18","slug":"ayuntamiento","status":"publish","type":"page","link":"https:\/\/mivelezmalaga.com\/es\/vivir\/ayuntamiento\/","title":{"rendered":"Ayuntamiento"},"content":{"rendered":"\n<p>El Ayuntamiento es el edificio municipal administrativo m\u00e1s cercano al que puede acudir el ciudadano para cualquier tipo de documentaci\u00f3n relacionada con el municipio. Las diferentes oficinas administrativas se encuentran localizadas en otros edificios municipales y a continuaci\u00f3n os dejamos un listado con los principales y para qu\u00e9 sirven.<\/p>\n\n\n\n<h3 class=\"wp-block-heading\">La Oficina De Atenci\u00f3n Al Ciudadano<\/h3>\n\n\n\n<p>Si necesita cualquier tipo de informaci\u00f3n general, registro de documentos, servicios p\u00fablicos, temas relacionados con hacienda o certificados de empadronamiento, este es el lugar a donde tiene que dirigirse ya sea residente o visitante en la ciudad. Si est\u00e1s pensando en casarte por lo civil o pedir permiso para hacer moragas o acampar en la playa, la visita a la oficina de atenci\u00f3n al ciudadano ser\u00e1 imprescindible.<\/p>\n\n\n\n<p>Direcci\u00f3n: Plaza de las Carmelitas, 12. Tel: 952 55 91 00\/900 72 05 25. Abierto: septiembre-junio, de lunes a viernes: 8:30 &#8211; 14:00. Julio-agosto y festivos: de 08.30 a 13:30.<\/p>\n\n\n\n<p>Sede Electr\u00f3nica (Tramitaci\u00f3n En L\u00ednea)<\/p>\n\n\n\n<p>Este servicio que ofrece el Ayuntamiento de V\u00e9lez permite a la ciudadan\u00eda y las empresas ejercer su derecho de acceso a la informaci\u00f3n, a los servicios y a los tr\u00e1mites electr\u00f3nicos del Ayuntamiento. Podr\u00e1 pagar impuestos y hacer cualquier tipo de consulta sin tener que desplazarse f\u00edsicamente hasta la sede. Las redes sociales del Ayuntamiento, en concreto Facebook, proporciona las \u00faltimas noticias y actualizaciones sobre eventos, gestiones administrativas y responden r\u00e1pido a las preguntas de los vecinos.<\/p>\n\n\n\n<p>sede.velezmalaga.es<\/p>\n\n\n\n<h4 class=\"wp-block-heading\">M\u00e1s Informaci\u00f3n<\/h4>\n\n\n\n<h3 class=\"wp-block-heading\">EMVIPSA (Edificio Municipal)<\/h3>\n\n\n\n<p>emvipsa.com<\/p>\n\n\n\n<h3 class=\"wp-block-heading\">Oficina De Turismo<\/h3>\n\n\n\n<p>Direcci\u00f3n: Plaza Carmelitas, 12, V\u00e9lez-M\u00e1laga. (Se localiza en el hall del Ayuntamiento, dentro de la puerta principal). Tel: 952 54 11 04. Abierto: de lunes a viernes de 09:00 a 14:00. S\u00e1bados de 17:00 a 20:00 Dom 10:00 &#8211; 14:00<\/p>\n\n\n\n<h3 class=\"wp-block-heading\">Oficina De Deportes<\/h3>\n\n\n\n<p>Direcci\u00f3n: Calle Enrique Atencia. Tel: 663 99 97 58.<\/p>\n\n\n\n<h3 class=\"wp-block-heading\">Servicios Sociales<\/h3>\n\n\n\n<p>Direcci\u00f3n: Calle Hojalateros, 3. Tel: 952 00 22 32.<\/p>\n\n\n\n<p>Si est\u00e1 interesado en conocer el resto de servicios que ofrece el Ayuntamiento y el resto de edificios municipales, le podemos ofrecer informaci\u00f3n sobre planificaci\u00f3n urbana, oficinas de turismo y centros de salud.<\/p>\n","protected":false},"excerpt":{"rendered":"<p>El Ayuntamiento es el edificio municipal administrativo m\u00e1s cercano al que puede acudir el ciudadano para cualquier tipo de documentaci\u00f3n relacionada con el municipio. Las diferentes oficinas administrativas se encuentran localizadas en otros edificios municipales y a continuaci\u00f3n os dejamos un listado con los principales y para qu\u00e9 sirven. La Oficina De Atenci\u00f3n Al Ciudadano [&hellip;]<\/p>\n","protected":false},"author":2,"featured_media":4435,"parent":3713,"menu_order":0,"comment_status":"closed","ping_status":"closed","template":"page-sub.php","meta":{"_acf_changed":false,"footnotes":""},"class_list":["post-3700","page","type-page","status-publish","has-post-thumbnail","hentry"],"acf":[],"yoast_head":"<!-- This site is optimized with the Yoast SEO plugin v27.3 - https:\/\/yoast.com\/product\/yoast-seo-wordpress\/ -->\n<title>Informaci\u00f3n sobre el Ayuntamiento de V\u00e9lez-M\u00e1laga<\/title>\n<meta name=\"description\" content=\"\u00bfBuscando informaci\u00f3n sobre el Ayuntamiento de V\u00e9lez? Descubre m\u00e1s aqu\u00ed...\" \/>\n<meta name=\"robots\" content=\"index, follow, max-snippet:-1, max-image-preview:large, max-video-preview:-1\" \/>\n<link rel=\"canonical\" href=\"https:\/\/mivelezmalaga.com\/es\/vivir\/ayuntamiento\/\" \/>\n<meta property=\"og:locale\" content=\"es_ES\" \/>\n<meta property=\"og:type\" content=\"article\" \/>\n<meta property=\"og:title\" content=\"Informaci\u00f3n sobre el Ayuntamiento de V\u00e9lez-M\u00e1laga\" \/>\n<meta property=\"og:description\" content=\"\u00bfBuscando informaci\u00f3n sobre el Ayuntamiento de V\u00e9lez? Descubre m\u00e1s aqu\u00ed...\" \/>\n<meta property=\"og:url\" content=\"https:\/\/mivelezmalaga.com\/es\/vivir\/ayuntamiento\/\" \/>\n<meta property=\"og:site_name\" content=\"Mi Velez-Malaga\" \/>\n<meta property=\"article:publisher\" content=\"https:\/\/www.facebook.com\/mivelezmalaga\/\" \/>\n<meta property=\"article:modified_time\" content=\"2024-01-16T09:29:18+00:00\" \/>\n<meta property=\"og:image\" content=\"https:\/\/mivelezmalaga.com\/wp-content\/uploads\/2016\/12\/ayuntamiento-plaza-carmelitas.jpg\" \/>\n\t<meta property=\"og:image:width\" content=\"1500\" \/>\n\t<meta property=\"og:image:height\" content=\"845\" \/>\n\t<meta property=\"og:image:type\" content=\"image\/jpeg\" \/>\n<meta name=\"twitter:card\" content=\"summary_large_image\" \/>\n<meta name=\"twitter:site\" content=\"@MiVelezMalaga\" \/>\n<meta name=\"twitter:label1\" content=\"Est. reading time\" \/>\n\t<meta name=\"twitter:data1\" content=\"2 minutes\" \/>\n<script type=\"application\/ld+json\" class=\"yoast-schema-graph\">{\"@context\":\"https:\\\/\\\/schema.org\",\"@graph\":[{\"@type\":\"WebPage\",\"@id\":\"https:\\\/\\\/mivelezmalaga.com\\\/es\\\/vivir\\\/ayuntamiento\\\/\",\"url\":\"https:\\\/\\\/mivelezmalaga.com\\\/es\\\/vivir\\\/ayuntamiento\\\/\",\"name\":\"Informaci\u00f3n sobre el Ayuntamiento de V\u00e9lez-M\u00e1laga\",\"isPartOf\":{\"@id\":\"https:\\\/\\\/mivelezmalaga.com\\\/es\\\/#website\"},\"primaryImageOfPage\":{\"@id\":\"https:\\\/\\\/mivelezmalaga.com\\\/es\\\/vivir\\\/ayuntamiento\\\/#primaryimage\"},\"image\":{\"@id\":\"https:\\\/\\\/mivelezmalaga.com\\\/es\\\/vivir\\\/ayuntamiento\\\/#primaryimage\"},\"thumbnailUrl\":\"https:\\\/\\\/mivelezmalaga.com\\\/wp-content\\\/uploads\\\/2016\\\/12\\\/ayuntamiento-plaza-carmelitas.jpg\",\"datePublished\":\"2019-01-23T21:16:06+00:00\",\"dateModified\":\"2024-01-16T09:29:18+00:00\",\"description\":\"\u00bfBuscando informaci\u00f3n sobre el Ayuntamiento de V\u00e9lez? Descubre m\u00e1s aqu\u00ed...\",\"breadcrumb\":{\"@id\":\"https:\\\/\\\/mivelezmalaga.com\\\/es\\\/vivir\\\/ayuntamiento\\\/#breadcrumb\"},\"inLanguage\":\"es-ES\",\"potentialAction\":[{\"@type\":\"ReadAction\",\"target\":[\"https:\\\/\\\/mivelezmalaga.com\\\/es\\\/vivir\\\/ayuntamiento\\\/\"]}]},{\"@type\":\"ImageObject\",\"inLanguage\":\"es-ES\",\"@id\":\"https:\\\/\\\/mivelezmalaga.com\\\/es\\\/vivir\\\/ayuntamiento\\\/#primaryimage\",\"url\":\"https:\\\/\\\/mivelezmalaga.com\\\/wp-content\\\/uploads\\\/2016\\\/12\\\/ayuntamiento-plaza-carmelitas.jpg\",\"contentUrl\":\"https:\\\/\\\/mivelezmalaga.com\\\/wp-content\\\/uploads\\\/2016\\\/12\\\/ayuntamiento-plaza-carmelitas.jpg\",\"width\":1500,\"height\":845},{\"@type\":\"BreadcrumbList\",\"@id\":\"https:\\\/\\\/mivelezmalaga.com\\\/es\\\/vivir\\\/ayuntamiento\\\/#breadcrumb\",\"itemListElement\":[{\"@type\":\"ListItem\",\"position\":1,\"name\":\"Home\",\"item\":\"https:\\\/\\\/mivelezmalaga.com\\\/es\\\/\"},{\"@type\":\"ListItem\",\"position\":2,\"name\":\"Vivir\",\"item\":\"https:\\\/\\\/mivelezmalaga.com\\\/es\\\/vivir\\\/\"},{\"@type\":\"ListItem\",\"position\":3,\"name\":\"Ayuntamiento\"}]},{\"@type\":\"WebSite\",\"@id\":\"https:\\\/\\\/mivelezmalaga.com\\\/es\\\/#website\",\"url\":\"https:\\\/\\\/mivelezmalaga.com\\\/es\\\/\",\"name\":\"Mi Velez-Malaga\",\"description\":\"Welcome to V\u00e9lez\",\"potentialAction\":[{\"@type\":\"SearchAction\",\"target\":{\"@type\":\"EntryPoint\",\"urlTemplate\":\"https:\\\/\\\/mivelezmalaga.com\\\/es\\\/?s={search_term_string}\"},\"query-input\":{\"@type\":\"PropertyValueSpecification\",\"valueRequired\":true,\"valueName\":\"search_term_string\"}}],\"inLanguage\":\"es-ES\"}]}<\/script>\n<!-- \/ Yoast SEO plugin. -->","yoast_head_json":{"title":"Informaci\u00f3n sobre el Ayuntamiento de V\u00e9lez-M\u00e1laga","description":"\u00bfBuscando informaci\u00f3n sobre el Ayuntamiento de V\u00e9lez? Descubre m\u00e1s aqu\u00ed...","robots":{"index":"index","follow":"follow","max-snippet":"max-snippet:-1","max-image-preview":"max-image-preview:large","max-video-preview":"max-video-preview:-1"},"canonical":"https:\/\/mivelezmalaga.com\/es\/vivir\/ayuntamiento\/","og_locale":"es_ES","og_type":"article","og_title":"Informaci\u00f3n sobre el Ayuntamiento de V\u00e9lez-M\u00e1laga","og_description":"\u00bfBuscando informaci\u00f3n sobre el Ayuntamiento de V\u00e9lez? Descubre m\u00e1s aqu\u00ed...","og_url":"https:\/\/mivelezmalaga.com\/es\/vivir\/ayuntamiento\/","og_site_name":"Mi Velez-Malaga","article_publisher":"https:\/\/www.facebook.com\/mivelezmalaga\/","article_modified_time":"2024-01-16T09:29:18+00:00","og_image":[{"width":1500,"height":845,"url":"https:\/\/mivelezmalaga.com\/wp-content\/uploads\/2016\/12\/ayuntamiento-plaza-carmelitas.jpg","type":"image\/jpeg"}],"twitter_card":"summary_large_image","twitter_site":"@MiVelezMalaga","twitter_misc":{"Est. reading time":"2 minutes"},"schema":{"@context":"https:\/\/schema.org","@graph":[{"@type":"WebPage","@id":"https:\/\/mivelezmalaga.com\/es\/vivir\/ayuntamiento\/","url":"https:\/\/mivelezmalaga.com\/es\/vivir\/ayuntamiento\/","name":"Informaci\u00f3n sobre el Ayuntamiento de V\u00e9lez-M\u00e1laga","isPartOf":{"@id":"https:\/\/mivelezmalaga.com\/es\/#website"},"primaryImageOfPage":{"@id":"https:\/\/mivelezmalaga.com\/es\/vivir\/ayuntamiento\/#primaryimage"},"image":{"@id":"https:\/\/mivelezmalaga.com\/es\/vivir\/ayuntamiento\/#primaryimage"},"thumbnailUrl":"https:\/\/mivelezmalaga.com\/wp-content\/uploads\/2016\/12\/ayuntamiento-plaza-carmelitas.jpg","datePublished":"2019-01-23T21:16:06+00:00","dateModified":"2024-01-16T09:29:18+00:00","description":"\u00bfBuscando informaci\u00f3n sobre el Ayuntamiento de V\u00e9lez? Descubre m\u00e1s aqu\u00ed...","breadcrumb":{"@id":"https:\/\/mivelezmalaga.com\/es\/vivir\/ayuntamiento\/#breadcrumb"},"inLanguage":"es-ES","potentialAction":[{"@type":"ReadAction","target":["https:\/\/mivelezmalaga.com\/es\/vivir\/ayuntamiento\/"]}]},{"@type":"ImageObject","inLanguage":"es-ES","@id":"https:\/\/mivelezmalaga.com\/es\/vivir\/ayuntamiento\/#primaryimage","url":"https:\/\/mivelezmalaga.com\/wp-content\/uploads\/2016\/12\/ayuntamiento-plaza-carmelitas.jpg","contentUrl":"https:\/\/mivelezmalaga.com\/wp-content\/uploads\/2016\/12\/ayuntamiento-plaza-carmelitas.jpg","width":1500,"height":845},{"@type":"BreadcrumbList","@id":"https:\/\/mivelezmalaga.com\/es\/vivir\/ayuntamiento\/#breadcrumb","itemListElement":[{"@type":"ListItem","position":1,"name":"Home","item":"https:\/\/mivelezmalaga.com\/es\/"},{"@type":"ListItem","position":2,"name":"Vivir","item":"https:\/\/mivelezmalaga.com\/es\/vivir\/"},{"@type":"ListItem","position":3,"name":"Ayuntamiento"}]},{"@type":"WebSite","@id":"https:\/\/mivelezmalaga.com\/es\/#website","url":"https:\/\/mivelezmalaga.com\/es\/","name":"Mi Velez-Malaga","description":"Welcome to V\u00e9lez","potentialAction":[{"@type":"SearchAction","target":{"@type":"EntryPoint","urlTemplate":"https:\/\/mivelezmalaga.com\/es\/?s={search_term_string}"},"query-input":{"@type":"PropertyValueSpecification","valueRequired":true,"valueName":"search_term_string"}}],"inLanguage":"es-ES"}]}},"_links":{"self":[{"href":"https:\/\/mivelezmalaga.com\/es\/wp-json\/wp\/v2\/pages\/3700","targetHints":{"allow":["GET"]}}],"collection":[{"href":"https:\/\/mivelezmalaga.com\/es\/wp-json\/wp\/v2\/pages"}],"about":[{"href":"https:\/\/mivelezmalaga.com\/es\/wp-json\/wp\/v2\/types\/page"}],"author":[{"embeddable":true,"href":"https:\/\/mivelezmalaga.com\/es\/wp-json\/wp\/v2\/users\/2"}],"replies":[{"embeddable":true,"href":"https:\/\/mivelezmalaga.com\/es\/wp-json\/wp\/v2\/comments?post=3700"}],"version-history":[{"count":2,"href":"https:\/\/mivelezmalaga.com\/es\/wp-json\/wp\/v2\/pages\/3700\/revisions"}],"predecessor-version":[{"id":8444,"href":"https:\/\/mivelezmalaga.com\/es\/wp-json\/wp\/v2\/pages\/3700\/revisions\/8444"}],"up":[{"embeddable":true,"href":"https:\/\/mivelezmalaga.com\/es\/wp-json\/wp\/v2\/pages\/3713"}],"wp:featuredmedia":[{"embeddable":true,"href":"https:\/\/mivelezmalaga.com\/es\/wp-json\/wp\/v2\/media\/4435"}],"wp:attachment":[{"href":"https:\/\/mivelezmalaga.com\/es\/wp-json\/wp\/v2\/media?parent=3700"}],"curies":[{"name":"wp","href":"https:\/\/api.w.org\/{rel}","templated":true}]}}