{"id":3701,"date":"2019-01-23T22:27:02","date_gmt":"2019-01-23T21:27:02","guid":{"rendered":"https:\/\/mivelezmalaga.com\/ayuntamiento\/juzgados\/"},"modified":"2024-01-16T10:31:07","modified_gmt":"2024-01-16T09:31:07","slug":"juzgados","status":"publish","type":"page","link":"https:\/\/mivelezmalaga.com\/es\/vivir\/ayuntamiento\/juzgados\/","title":{"rendered":"Juzgados"},"content":{"rendered":"\n<p>Esperamos que no tenga que visitar las instancias del juzgado durante la visita a V\u00e9lez-M\u00e1laga, pero por si acaso le dejamos la informaci\u00f3n sobre la direcci\u00f3n en donde los puede localizar.<\/p>\n\n\n\n<p>Direcci\u00f3n: Calle Eugenio Morales Jurado, 2. Tel.: 952 91 50 53<\/p>\n","protected":false},"excerpt":{"rendered":"<p>Esperamos que no tenga que visitar las instancias del juzgado durante la visita a V\u00e9lez-M\u00e1laga, pero por si acaso le dejamos la informaci\u00f3n sobre la direcci\u00f3n en donde los puede localizar. Direcci\u00f3n: Calle Eugenio Morales Jurado, 2. Tel.: 952 91 50 53<\/p>\n","protected":false},"author":2,"featured_media":4438,"parent":3700,"menu_order":0,"comment_status":"closed","ping_status":"closed","template":"page-child.php","meta":{"_acf_changed":false,"footnotes":""},"class_list":["post-3701","page","type-page","status-publish","has-post-thumbnail","hentry"],"acf":[],"yoast_head":"<!-- This site is optimized with the Yoast SEO plugin v27.3 - https:\/\/yoast.com\/product\/yoast-seo-wordpress\/ -->\n<title>Juzgados de justicia en V\u00e9lez-M\u00e1laga<\/title>\n<meta name=\"description\" content=\"Donde se encuentran los juzgados de derecho en V\u00e9lez-M\u00e1laga...\" \/>\n<meta name=\"robots\" content=\"index, follow, max-snippet:-1, max-image-preview:large, max-video-preview:-1\" \/>\n<link rel=\"canonical\" href=\"https:\/\/mivelezmalaga.com\/es\/vivir\/ayuntamiento\/juzgados\/\" \/>\n<meta property=\"og:locale\" content=\"es_ES\" \/>\n<meta property=\"og:type\" content=\"article\" \/>\n<meta property=\"og:title\" content=\"Juzgados de justicia en V\u00e9lez-M\u00e1laga\" \/>\n<meta property=\"og:description\" content=\"Donde se encuentran los juzgados de derecho en V\u00e9lez-M\u00e1laga...\" \/>\n<meta property=\"og:url\" content=\"https:\/\/mivelezmalaga.com\/es\/vivir\/ayuntamiento\/juzgados\/\" \/>\n<meta property=\"og:site_name\" content=\"Mi Velez-Malaga\" \/>\n<meta property=\"article:publisher\" content=\"https:\/\/www.facebook.com\/mivelezmalaga\/\" \/>\n<meta property=\"article:modified_time\" content=\"2024-01-16T09:31:07+00:00\" \/>\n<meta property=\"og:image\" content=\"https:\/\/mivelezmalaga.com\/wp-content\/uploads\/2017\/02\/law-courts-feature-image.jpg\" \/>\n\t<meta property=\"og:image:width\" content=\"400\" \/>\n\t<meta property=\"og:image:height\" content=\"400\" \/>\n\t<meta property=\"og:image:type\" content=\"image\/jpeg\" \/>\n<meta name=\"twitter:card\" content=\"summary_large_image\" \/>\n<meta name=\"twitter:site\" content=\"@MiVelezMalaga\" \/>\n<meta name=\"twitter:label1\" content=\"Est. reading time\" \/>\n\t<meta name=\"twitter:data1\" content=\"1 minute\" \/>\n<script type=\"application\/ld+json\" class=\"yoast-schema-graph\">{\"@context\":\"https:\\\/\\\/schema.org\",\"@graph\":[{\"@type\":\"WebPage\",\"@id\":\"https:\\\/\\\/mivelezmalaga.com\\\/es\\\/vivir\\\/ayuntamiento\\\/juzgados\\\/\",\"url\":\"https:\\\/\\\/mivelezmalaga.com\\\/es\\\/vivir\\\/ayuntamiento\\\/juzgados\\\/\",\"name\":\"Juzgados de justicia en V\u00e9lez-M\u00e1laga\",\"isPartOf\":{\"@id\":\"https:\\\/\\\/mivelezmalaga.com\\\/es\\\/#website\"},\"primaryImageOfPage\":{\"@id\":\"https:\\\/\\\/mivelezmalaga.com\\\/es\\\/vivir\\\/ayuntamiento\\\/juzgados\\\/#primaryimage\"},\"image\":{\"@id\":\"https:\\\/\\\/mivelezmalaga.com\\\/es\\\/vivir\\\/ayuntamiento\\\/juzgados\\\/#primaryimage\"},\"thumbnailUrl\":\"https:\\\/\\\/mivelezmalaga.com\\\/wp-content\\\/uploads\\\/2017\\\/02\\\/law-courts-feature-image.jpg\",\"datePublished\":\"2019-01-23T21:27:02+00:00\",\"dateModified\":\"2024-01-16T09:31:07+00:00\",\"description\":\"Donde se encuentran los juzgados de derecho en V\u00e9lez-M\u00e1laga...\",\"breadcrumb\":{\"@id\":\"https:\\\/\\\/mivelezmalaga.com\\\/es\\\/vivir\\\/ayuntamiento\\\/juzgados\\\/#breadcrumb\"},\"inLanguage\":\"es-ES\",\"potentialAction\":[{\"@type\":\"ReadAction\",\"target\":[\"https:\\\/\\\/mivelezmalaga.com\\\/es\\\/vivir\\\/ayuntamiento\\\/juzgados\\\/\"]}]},{\"@type\":\"ImageObject\",\"inLanguage\":\"es-ES\",\"@id\":\"https:\\\/\\\/mivelezmalaga.com\\\/es\\\/vivir\\\/ayuntamiento\\\/juzgados\\\/#primaryimage\",\"url\":\"https:\\\/\\\/mivelezmalaga.com\\\/wp-content\\\/uploads\\\/2017\\\/02\\\/law-courts-feature-image.jpg\",\"contentUrl\":\"https:\\\/\\\/mivelezmalaga.com\\\/wp-content\\\/uploads\\\/2017\\\/02\\\/law-courts-feature-image.jpg\",\"width\":400,\"height\":400},{\"@type\":\"BreadcrumbList\",\"@id\":\"https:\\\/\\\/mivelezmalaga.com\\\/es\\\/vivir\\\/ayuntamiento\\\/juzgados\\\/#breadcrumb\",\"itemListElement\":[{\"@type\":\"ListItem\",\"position\":1,\"name\":\"Home\",\"item\":\"https:\\\/\\\/mivelezmalaga.com\\\/es\\\/\"},{\"@type\":\"ListItem\",\"position\":2,\"name\":\"Vivir\",\"item\":\"https:\\\/\\\/mivelezmalaga.com\\\/es\\\/vivir\\\/\"},{\"@type\":\"ListItem\",\"position\":3,\"name\":\"Ayuntamiento\",\"item\":\"https:\\\/\\\/mivelezmalaga.com\\\/es\\\/vivir\\\/ayuntamiento\\\/\"},{\"@type\":\"ListItem\",\"position\":4,\"name\":\"Juzgados\"}]},{\"@type\":\"WebSite\",\"@id\":\"https:\\\/\\\/mivelezmalaga.com\\\/es\\\/#website\",\"url\":\"https:\\\/\\\/mivelezmalaga.com\\\/es\\\/\",\"name\":\"Mi Velez-Malaga\",\"description\":\"Welcome to V\u00e9lez\",\"potentialAction\":[{\"@type\":\"SearchAction\",\"target\":{\"@type\":\"EntryPoint\",\"urlTemplate\":\"https:\\\/\\\/mivelezmalaga.com\\\/es\\\/?s={search_term_string}\"},\"query-input\":{\"@type\":\"PropertyValueSpecification\",\"valueRequired\":true,\"valueName\":\"search_term_string\"}}],\"inLanguage\":\"es-ES\"}]}<\/script>\n<!-- \/ Yoast SEO plugin. -->","yoast_head_json":{"title":"Juzgados de justicia en V\u00e9lez-M\u00e1laga","description":"Donde se encuentran los juzgados de derecho en V\u00e9lez-M\u00e1laga...","robots":{"index":"index","follow":"follow","max-snippet":"max-snippet:-1","max-image-preview":"max-image-preview:large","max-video-preview":"max-video-preview:-1"},"canonical":"https:\/\/mivelezmalaga.com\/es\/vivir\/ayuntamiento\/juzgados\/","og_locale":"es_ES","og_type":"article","og_title":"Juzgados de justicia en V\u00e9lez-M\u00e1laga","og_description":"Donde se encuentran los juzgados de derecho en V\u00e9lez-M\u00e1laga...","og_url":"https:\/\/mivelezmalaga.com\/es\/vivir\/ayuntamiento\/juzgados\/","og_site_name":"Mi Velez-Malaga","article_publisher":"https:\/\/www.facebook.com\/mivelezmalaga\/","article_modified_time":"2024-01-16T09:31:07+00:00","og_image":[{"width":400,"height":400,"url":"https:\/\/mivelezmalaga.com\/wp-content\/uploads\/2017\/02\/law-courts-feature-image.jpg","type":"image\/jpeg"}],"twitter_card":"summary_large_image","twitter_site":"@MiVelezMalaga","twitter_misc":{"Est. reading time":"1 minute"},"schema":{"@context":"https:\/\/schema.org","@graph":[{"@type":"WebPage","@id":"https:\/\/mivelezmalaga.com\/es\/vivir\/ayuntamiento\/juzgados\/","url":"https:\/\/mivelezmalaga.com\/es\/vivir\/ayuntamiento\/juzgados\/","name":"Juzgados de justicia en V\u00e9lez-M\u00e1laga","isPartOf":{"@id":"https:\/\/mivelezmalaga.com\/es\/#website"},"primaryImageOfPage":{"@id":"https:\/\/mivelezmalaga.com\/es\/vivir\/ayuntamiento\/juzgados\/#primaryimage"},"image":{"@id":"https:\/\/mivelezmalaga.com\/es\/vivir\/ayuntamiento\/juzgados\/#primaryimage"},"thumbnailUrl":"https:\/\/mivelezmalaga.com\/wp-content\/uploads\/2017\/02\/law-courts-feature-image.jpg","datePublished":"2019-01-23T21:27:02+00:00","dateModified":"2024-01-16T09:31:07+00:00","description":"Donde se encuentran los juzgados de derecho en V\u00e9lez-M\u00e1laga...","breadcrumb":{"@id":"https:\/\/mivelezmalaga.com\/es\/vivir\/ayuntamiento\/juzgados\/#breadcrumb"},"inLanguage":"es-ES","potentialAction":[{"@type":"ReadAction","target":["https:\/\/mivelezmalaga.com\/es\/vivir\/ayuntamiento\/juzgados\/"]}]},{"@type":"ImageObject","inLanguage":"es-ES","@id":"https:\/\/mivelezmalaga.com\/es\/vivir\/ayuntamiento\/juzgados\/#primaryimage","url":"https:\/\/mivelezmalaga.com\/wp-content\/uploads\/2017\/02\/law-courts-feature-image.jpg","contentUrl":"https:\/\/mivelezmalaga.com\/wp-content\/uploads\/2017\/02\/law-courts-feature-image.jpg","width":400,"height":400},{"@type":"BreadcrumbList","@id":"https:\/\/mivelezmalaga.com\/es\/vivir\/ayuntamiento\/juzgados\/#breadcrumb","itemListElement":[{"@type":"ListItem","position":1,"name":"Home","item":"https:\/\/mivelezmalaga.com\/es\/"},{"@type":"ListItem","position":2,"name":"Vivir","item":"https:\/\/mivelezmalaga.com\/es\/vivir\/"},{"@type":"ListItem","position":3,"name":"Ayuntamiento","item":"https:\/\/mivelezmalaga.com\/es\/vivir\/ayuntamiento\/"},{"@type":"ListItem","position":4,"name":"Juzgados"}]},{"@type":"WebSite","@id":"https:\/\/mivelezmalaga.com\/es\/#website","url":"https:\/\/mivelezmalaga.com\/es\/","name":"Mi Velez-Malaga","description":"Welcome to V\u00e9lez","potentialAction":[{"@type":"SearchAction","target":{"@type":"EntryPoint","urlTemplate":"https:\/\/mivelezmalaga.com\/es\/?s={search_term_string}"},"query-input":{"@type":"PropertyValueSpecification","valueRequired":true,"valueName":"search_term_string"}}],"inLanguage":"es-ES"}]}},"_links":{"self":[{"href":"https:\/\/mivelezmalaga.com\/es\/wp-json\/wp\/v2\/pages\/3701","targetHints":{"allow":["GET"]}}],"collection":[{"href":"https:\/\/mivelezmalaga.com\/es\/wp-json\/wp\/v2\/pages"}],"about":[{"href":"https:\/\/mivelezmalaga.com\/es\/wp-json\/wp\/v2\/types\/page"}],"author":[{"embeddable":true,"href":"https:\/\/mivelezmalaga.com\/es\/wp-json\/wp\/v2\/users\/2"}],"replies":[{"embeddable":true,"href":"https:\/\/mivelezmalaga.com\/es\/wp-json\/wp\/v2\/comments?post=3701"}],"version-history":[{"count":1,"href":"https:\/\/mivelezmalaga.com\/es\/wp-json\/wp\/v2\/pages\/3701\/revisions"}],"predecessor-version":[{"id":8448,"href":"https:\/\/mivelezmalaga.com\/es\/wp-json\/wp\/v2\/pages\/3701\/revisions\/8448"}],"up":[{"embeddable":true,"href":"https:\/\/mivelezmalaga.com\/es\/wp-json\/wp\/v2\/pages\/3700"}],"wp:featuredmedia":[{"embeddable":true,"href":"https:\/\/mivelezmalaga.com\/es\/wp-json\/wp\/v2\/media\/4438"}],"wp:attachment":[{"href":"https:\/\/mivelezmalaga.com\/es\/wp-json\/wp\/v2\/media?parent=3701"}],"curies":[{"name":"wp","href":"https:\/\/api.w.org\/{rel}","templated":true}]}}