{"id":3702,"date":"2019-01-24T10:40:38","date_gmt":"2019-01-24T09:40:38","guid":{"rendered":"https:\/\/mivelezmalaga.com\/el-tiempo\/"},"modified":"2024-01-16T10:31:32","modified_gmt":"2024-01-16T09:31:32","slug":"el-tiempo","status":"publish","type":"page","link":"https:\/\/mivelezmalaga.com\/es\/vivir\/el-tiempo\/","title":{"rendered":"El Tiempo"},"content":{"rendered":"\n<p>La localizaci\u00f3n estrat\u00e9gica de V\u00e9lez-M\u00e1laga hace que disfrute de un microclima creado por las sierras del Parque Natural de Tejeda. Su proximidad al mar Mediterr\u00e1neo, con temperaturas medias de 28 grados en verano y unos c\u00e1lidos 17 grados en invierno hace que la capital de la Axarqu\u00eda sea un lugar m\u00e1gico para visitar.<\/p>\n\n\n\n<p>Este microclima hace que sus habitantes disfruten de un promedio de 2900 horas de sol (el 66% del total de horas de luz del d\u00eda est\u00e1n marcadas por la luz del solar). Los embalses cercanos como el Pantano de la Vi\u00f1uela y los deshielos de las monta\u00f1as ayudan a que la sequ\u00eda en los meses de menos precipitaciones no sea un problema.<\/p>\n\n\n\n<h3 class=\"wp-block-heading\">Mejor \u00c9poca Del A\u00f1o Para Visitar V\u00e9lez-M\u00e1laga<\/h3>\n\n\n\n<p>Debido a la gran cantidad de d\u00edas despejados y sin lluvia, las mejores \u00e9pocas del a\u00f1o para visitar V\u00e9lez-M\u00e1laga y realizar actividades tur\u00edsticas a la intemperie son desde principios de mayo hasta mediados de julio y desde principios de septiembre hasta mediados de octubre. El buen clima hace que en realidad, nunca haya una temporada mala para visitar la capital de la Axarqu\u00eda.<\/p>\n\n\n\n<h3 class=\"wp-block-heading\">Viajero Inquieto<\/h3>\n\n\n\n<p>Si va a visitar V\u00e9lez-M\u00e1laga y la comarca y quiere descubrirla a pie, en bicicleta o a caballo las temperaturas m\u00e1s c\u00e1lidas se dan de octubre a mayo ya que en los meses de verano puedes tener temperaturas que superen los 30 grados haciendo incompatible las actividades relacionadas con la monta\u00f1a. En cambio, si quiere disfrutar de actividades en el mar como el kayak, paddle surf, buceo o vela, la temperatura del mar es \u00f3ptima desde junio hasta finales de septiembre.<\/p>\n\n\n\n<h3 class=\"wp-block-heading\">Eventos Culturales<\/h3>\n\n\n\n<p>Si le agobia mucho el calor, los meses de junio a agosto es preferible pasarlos en la zona de costa, disfrutando de la playa o en la piscina. Pero V\u00e9lez-M\u00e1laga ofrece varios eventos culturales que son las citas imprescindibles del verano y tienen lugar en el casco hist\u00f3rico. Una de ellas es el Festival Internacional de Guitarra y otro de los grandes eventos son los conciertos de jazz en directo en el Centro de Arte Contempor\u00e1neo Francisco Hern\u00e1ndez.<\/p>\n\n\n\n<p>Adem\u00e1s de visitar museos, salas de exposici\u00f3n, monumentos y realizar rutas por los pueblos de la comarca, tambi\u00e9n podr\u00e1 disfrutar de la semana grande de V\u00e9lez-M\u00e1laga, su Semana Santa que se celebra una semana antes del domingo de Pascua.<\/p>\n\n\n\n<p>Los diversos museos y monumentos hist\u00f3ricos que podemos encontrar en V\u00e9lez-M\u00e1laga est\u00e1n abiertos durante todo el a\u00f1o y adem\u00e1s tambi\u00e9n podr\u00e1 hacer una excursi\u00f3n a los pueblos de la Axarqu\u00eda muy cercanos por carretera y por la situaci\u00f3n estrat\u00e9gica que tiene la ciudad. Poder quedarse a pasar la noche en alguno de los m\u00e1s lejanos y dejarse inundar por la cultura de los pueblos blancos de la Axarqu\u00eda es una experiencia muy enriquecedora e interesante.<\/p>\n\n\n\n<h3 class=\"wp-block-heading\">Fiestas<\/h3>\n\n\n\n<p>Si quiere impregnarse del mejor folclore y gastronom\u00eda de la Axarqu\u00eda no puede perderse sus fiestas estivales. En V\u00e9lez-M\u00e1laga, la real feria de San Miguel se celebra sobre finales de septiembre o principios de octubre y es la fiesta m\u00e1s importante que tiene lugar en el municipio.<br>Los chiringuitos en la playa ofrecen conciertos de bandas en directo, eventos y fiestas tem\u00e1ticas desde el mes de mayo a septiembre. No podemos olvidar el Festival de m\u00fasica que se celebra a primeros de julio en Torre del Mar, donde es un lugar de encuentro para j\u00f3venes que quieren escuchar a sus \u00eddolos nacionales e internacionales.<\/p>\n","protected":false},"excerpt":{"rendered":"<p>La localizaci\u00f3n estrat\u00e9gica de V\u00e9lez-M\u00e1laga hace que disfrute de un microclima creado por las sierras del Parque Natural de Tejeda. Su proximidad al mar Mediterr\u00e1neo, con temperaturas medias de 28 grados en verano y unos c\u00e1lidos 17 grados en invierno hace que la capital de la Axarqu\u00eda sea un lugar m\u00e1gico para visitar. Este microclima [&hellip;]<\/p>\n","protected":false},"author":1,"featured_media":0,"parent":3713,"menu_order":0,"comment_status":"closed","ping_status":"closed","template":"page-child.php","meta":{"_acf_changed":false,"footnotes":""},"class_list":["post-3702","page","type-page","status-publish","hentry"],"acf":[],"yoast_head":"<!-- This site is optimized with the Yoast SEO plugin v27.3 - https:\/\/yoast.com\/product\/yoast-seo-wordpress\/ -->\n<title>Tiempo de Velez-M\u00e1laga &amp; temperaturas de todo el a\u00f1o medias<\/title>\n<meta name=\"description\" content=\"Con temperaturas medias de 28 grados Celsius en verano y 17 grados Celsius en invierno, V\u00e9lez tiene un clima envidiable durante todo el a\u00f1o...\" \/>\n<meta name=\"robots\" content=\"index, follow, max-snippet:-1, max-image-preview:large, max-video-preview:-1\" \/>\n<link rel=\"canonical\" href=\"https:\/\/mivelezmalaga.com\/es\/vivir\/el-tiempo\/\" \/>\n<meta property=\"og:locale\" content=\"es_ES\" \/>\n<meta property=\"og:type\" content=\"article\" \/>\n<meta property=\"og:title\" content=\"Tiempo de Velez-M\u00e1laga &amp; temperaturas de todo el a\u00f1o medias\" \/>\n<meta property=\"og:description\" content=\"Con temperaturas medias de 28 grados Celsius en verano y 17 grados Celsius en invierno, V\u00e9lez tiene un clima envidiable durante todo el a\u00f1o...\" \/>\n<meta property=\"og:url\" content=\"https:\/\/mivelezmalaga.com\/es\/vivir\/el-tiempo\/\" \/>\n<meta property=\"og:site_name\" content=\"Mi Velez-Malaga\" \/>\n<meta property=\"article:publisher\" content=\"https:\/\/www.facebook.com\/mivelezmalaga\/\" \/>\n<meta property=\"article:modified_time\" content=\"2024-01-16T09:31:32+00:00\" \/>\n<meta name=\"twitter:card\" content=\"summary_large_image\" \/>\n<meta name=\"twitter:site\" content=\"@MiVelezMalaga\" \/>\n<meta name=\"twitter:label1\" content=\"Est. reading time\" \/>\n\t<meta name=\"twitter:data1\" content=\"3 minutes\" \/>\n<script type=\"application\/ld+json\" class=\"yoast-schema-graph\">{\"@context\":\"https:\\\/\\\/schema.org\",\"@graph\":[{\"@type\":\"WebPage\",\"@id\":\"https:\\\/\\\/mivelezmalaga.com\\\/es\\\/vivir\\\/el-tiempo\\\/\",\"url\":\"https:\\\/\\\/mivelezmalaga.com\\\/es\\\/vivir\\\/el-tiempo\\\/\",\"name\":\"Tiempo de Velez-M\u00e1laga & temperaturas de todo el a\u00f1o medias\",\"isPartOf\":{\"@id\":\"https:\\\/\\\/mivelezmalaga.com\\\/es\\\/#website\"},\"datePublished\":\"2019-01-24T09:40:38+00:00\",\"dateModified\":\"2024-01-16T09:31:32+00:00\",\"description\":\"Con temperaturas medias de 28 grados Celsius en verano y 17 grados Celsius en invierno, V\u00e9lez tiene un clima envidiable durante todo el a\u00f1o...\",\"breadcrumb\":{\"@id\":\"https:\\\/\\\/mivelezmalaga.com\\\/es\\\/vivir\\\/el-tiempo\\\/#breadcrumb\"},\"inLanguage\":\"es-ES\",\"potentialAction\":[{\"@type\":\"ReadAction\",\"target\":[\"https:\\\/\\\/mivelezmalaga.com\\\/es\\\/vivir\\\/el-tiempo\\\/\"]}]},{\"@type\":\"BreadcrumbList\",\"@id\":\"https:\\\/\\\/mivelezmalaga.com\\\/es\\\/vivir\\\/el-tiempo\\\/#breadcrumb\",\"itemListElement\":[{\"@type\":\"ListItem\",\"position\":1,\"name\":\"Home\",\"item\":\"https:\\\/\\\/mivelezmalaga.com\\\/es\\\/\"},{\"@type\":\"ListItem\",\"position\":2,\"name\":\"Vivir\",\"item\":\"https:\\\/\\\/mivelezmalaga.com\\\/es\\\/vivir\\\/\"},{\"@type\":\"ListItem\",\"position\":3,\"name\":\"El Tiempo\"}]},{\"@type\":\"WebSite\",\"@id\":\"https:\\\/\\\/mivelezmalaga.com\\\/es\\\/#website\",\"url\":\"https:\\\/\\\/mivelezmalaga.com\\\/es\\\/\",\"name\":\"Mi Velez-Malaga\",\"description\":\"Welcome to V\u00e9lez\",\"potentialAction\":[{\"@type\":\"SearchAction\",\"target\":{\"@type\":\"EntryPoint\",\"urlTemplate\":\"https:\\\/\\\/mivelezmalaga.com\\\/es\\\/?s={search_term_string}\"},\"query-input\":{\"@type\":\"PropertyValueSpecification\",\"valueRequired\":true,\"valueName\":\"search_term_string\"}}],\"inLanguage\":\"es-ES\"}]}<\/script>\n<!-- \/ Yoast SEO plugin. -->","yoast_head_json":{"title":"Tiempo de Velez-M\u00e1laga & temperaturas de todo el a\u00f1o medias","description":"Con temperaturas medias de 28 grados Celsius en verano y 17 grados Celsius en invierno, V\u00e9lez tiene un clima envidiable durante todo el a\u00f1o...","robots":{"index":"index","follow":"follow","max-snippet":"max-snippet:-1","max-image-preview":"max-image-preview:large","max-video-preview":"max-video-preview:-1"},"canonical":"https:\/\/mivelezmalaga.com\/es\/vivir\/el-tiempo\/","og_locale":"es_ES","og_type":"article","og_title":"Tiempo de Velez-M\u00e1laga & temperaturas de todo el a\u00f1o medias","og_description":"Con temperaturas medias de 28 grados Celsius en verano y 17 grados Celsius en invierno, V\u00e9lez tiene un clima envidiable durante todo el a\u00f1o...","og_url":"https:\/\/mivelezmalaga.com\/es\/vivir\/el-tiempo\/","og_site_name":"Mi Velez-Malaga","article_publisher":"https:\/\/www.facebook.com\/mivelezmalaga\/","article_modified_time":"2024-01-16T09:31:32+00:00","twitter_card":"summary_large_image","twitter_site":"@MiVelezMalaga","twitter_misc":{"Est. reading time":"3 minutes"},"schema":{"@context":"https:\/\/schema.org","@graph":[{"@type":"WebPage","@id":"https:\/\/mivelezmalaga.com\/es\/vivir\/el-tiempo\/","url":"https:\/\/mivelezmalaga.com\/es\/vivir\/el-tiempo\/","name":"Tiempo de Velez-M\u00e1laga & temperaturas de todo el a\u00f1o medias","isPartOf":{"@id":"https:\/\/mivelezmalaga.com\/es\/#website"},"datePublished":"2019-01-24T09:40:38+00:00","dateModified":"2024-01-16T09:31:32+00:00","description":"Con temperaturas medias de 28 grados Celsius en verano y 17 grados Celsius en invierno, V\u00e9lez tiene un clima envidiable durante todo el a\u00f1o...","breadcrumb":{"@id":"https:\/\/mivelezmalaga.com\/es\/vivir\/el-tiempo\/#breadcrumb"},"inLanguage":"es-ES","potentialAction":[{"@type":"ReadAction","target":["https:\/\/mivelezmalaga.com\/es\/vivir\/el-tiempo\/"]}]},{"@type":"BreadcrumbList","@id":"https:\/\/mivelezmalaga.com\/es\/vivir\/el-tiempo\/#breadcrumb","itemListElement":[{"@type":"ListItem","position":1,"name":"Home","item":"https:\/\/mivelezmalaga.com\/es\/"},{"@type":"ListItem","position":2,"name":"Vivir","item":"https:\/\/mivelezmalaga.com\/es\/vivir\/"},{"@type":"ListItem","position":3,"name":"El Tiempo"}]},{"@type":"WebSite","@id":"https:\/\/mivelezmalaga.com\/es\/#website","url":"https:\/\/mivelezmalaga.com\/es\/","name":"Mi Velez-Malaga","description":"Welcome to V\u00e9lez","potentialAction":[{"@type":"SearchAction","target":{"@type":"EntryPoint","urlTemplate":"https:\/\/mivelezmalaga.com\/es\/?s={search_term_string}"},"query-input":{"@type":"PropertyValueSpecification","valueRequired":true,"valueName":"search_term_string"}}],"inLanguage":"es-ES"}]}},"_links":{"self":[{"href":"https:\/\/mivelezmalaga.com\/es\/wp-json\/wp\/v2\/pages\/3702","targetHints":{"allow":["GET"]}}],"collection":[{"href":"https:\/\/mivelezmalaga.com\/es\/wp-json\/wp\/v2\/pages"}],"about":[{"href":"https:\/\/mivelezmalaga.com\/es\/wp-json\/wp\/v2\/types\/page"}],"author":[{"embeddable":true,"href":"https:\/\/mivelezmalaga.com\/es\/wp-json\/wp\/v2\/users\/1"}],"replies":[{"embeddable":true,"href":"https:\/\/mivelezmalaga.com\/es\/wp-json\/wp\/v2\/comments?post=3702"}],"version-history":[{"count":3,"href":"https:\/\/mivelezmalaga.com\/es\/wp-json\/wp\/v2\/pages\/3702\/revisions"}],"predecessor-version":[{"id":8452,"href":"https:\/\/mivelezmalaga.com\/es\/wp-json\/wp\/v2\/pages\/3702\/revisions\/8452"}],"up":[{"embeddable":true,"href":"https:\/\/mivelezmalaga.com\/es\/wp-json\/wp\/v2\/pages\/3713"}],"wp:attachment":[{"href":"https:\/\/mivelezmalaga.com\/es\/wp-json\/wp\/v2\/media?parent=3702"}],"curies":[{"name":"wp","href":"https:\/\/api.w.org\/{rel}","templated":true}]}}