{"id":3703,"date":"2019-01-24T10:50:00","date_gmt":"2019-01-24T09:50:00","guid":{"rendered":"https:\/\/mivelezmalaga.com\/parques-y-zonas-de-juegos-para-los-ninos\/"},"modified":"2024-01-16T10:31:57","modified_gmt":"2024-01-16T09:31:57","slug":"parques-y-zonas-de-juegos-para-los-ninos","status":"publish","type":"page","link":"https:\/\/mivelezmalaga.com\/es\/vivir\/parques-y-zonas-de-juegos-para-los-ninos\/","title":{"rendered":"Parques Y Zonas De Juegos Para Los Ni\u00f1os"},"content":{"rendered":"\n<p>Si quiere pasar la tarde paseando, llevar a jugar a los m\u00e1s peque\u00f1os de la casa al parque o que su perro juegue con otros perros en libertad, V\u00e9lez-M\u00e1laga ofrece todas estas opciones en parques adaptados a sus necesidades. Hay tres grandes parques al aire libre y uno de ellos es una gran zona verde con c\u00e9sped, un lago y zonas recreativas para toda la familia.<\/p>\n\n\n\n<h3 class=\"wp-block-heading\">Parques<\/h3>\n\n\n\n<h4 class=\"wp-block-heading\">Parque De La Fortaleza<\/h4>\n\n\n\n<p>La gran zona verde que rodea la fortaleza de V\u00e9lez-M\u00e1laga en su mayor\u00eda con pinos e inigualables panor\u00e1micas, ofrece un paseo relajado y con mucha sombra en la mayor\u00eda de su recorrido por lo que llegar a la fortaleza andando es una de nuestras opciones favoritas para pasar una tarde de relax.<\/p>\n\n\n\n<figure class=\"wp-block-image\"><img decoding=\"async\" width=\"1000\" height=\"500\" data-src=\"https:\/\/mivelezmalaga.com\/wp-content\/uploads\/2016\/12\/Fort-angle-red-flowers.jpg\" alt=\"Fort Park in Velez-Malaga\" class=\"wp-image-1507 lazyload\" data-srcset=\"https:\/\/mivelezmalaga.com\/wp-content\/uploads\/2016\/12\/Fort-angle-red-flowers.jpg 1000w, https:\/\/mivelezmalaga.com\/wp-content\/uploads\/2016\/12\/Fort-angle-red-flowers-300x150.jpg 300w\" data-sizes=\"(max-width: 1000px) 100vw, 1000px\" src=\"data:image\/svg+xml;base64,PHN2ZyB3aWR0aD0iMSIgaGVpZ2h0PSIxIiB4bWxucz0iaHR0cDovL3d3dy53My5vcmcvMjAwMC9zdmciPjwvc3ZnPg==\" style=\"--smush-placeholder-width: 1000px; --smush-placeholder-aspect-ratio: 1000\/500;\" \/><\/figure>\n\n\n\n<h4 class=\"wp-block-heading\">Parque Jurado Lorca<\/h4>\n\n\n\n<p>Este soleado y reci\u00e9n remodelado parque se encuentra a la entrada de la ciudad de V\u00e9lez-M\u00e1laga, en la Avenida Vivar T\u00e9llez. Es un peque\u00f1o jard\u00edn bot\u00e1nico ya que encontramos arboles muy diversos&nbsp; y en su reciento ajardinado hay un gran estanque con patos, una zona infantil y una zona para jugar a la petanca.<\/p>\n\n\n\n<h4 class=\"wp-block-heading\">Parque Maria Zambrano<\/h4>\n\n\n\n<figure class=\"wp-block-image\"><img decoding=\"async\" width=\"1000\" height=\"500\" data-src=\"https:\/\/mivelezmalaga.com\/wp-content\/uploads\/2016\/12\/Maria-Zambrano-Park.jpg\" alt=\"Maria Zambrano Park\" class=\"wp-image-1505 lazyload\" data-srcset=\"https:\/\/mivelezmalaga.com\/wp-content\/uploads\/2016\/12\/Maria-Zambrano-Park.jpg 1000w, https:\/\/mivelezmalaga.com\/wp-content\/uploads\/2016\/12\/Maria-Zambrano-Park-300x150.jpg 300w\" data-sizes=\"(max-width: 1000px) 100vw, 1000px\" src=\"data:image\/svg+xml;base64,PHN2ZyB3aWR0aD0iMSIgaGVpZ2h0PSIxIiB4bWxucz0iaHR0cDovL3d3dy53My5vcmcvMjAwMC9zdmciPjwvc3ZnPg==\" style=\"--smush-placeholder-width: 1000px; --smush-placeholder-aspect-ratio: 1000\/500;\" \/><\/figure>\n\n\n\n<p>La gran extensi\u00f3n que ocupa el parque Mar\u00eda Zambrano est\u00e1 en su mayor\u00eda cubierta de c\u00e9sped,&nbsp; grandes \u00e1rboles y palmeras. Nos encontramos antes el parque m\u00e1s extenso del municipio con amplios caminos y senderos para pasear, \u00e1reas de juegos para los ni\u00f1os, zona de gimnasio y pistas deportivas&nbsp; al aire libre, petanca y un gran lago con patos que proporciona una sensaci\u00f3n de tranquilidad cuando te sientas al borde del estanque. En \u00e9pocas estivales se suelen celebrar diferentes eventos como el cine de verano.<img decoding=\"async\" class=\"alignnone size-full wp-image-1506 lazyload\" data-src=\"https:\/\/mivelezmalaga.com\/wp-content\/uploads\/2016\/12\/Childrens-Playarea.jpg\" alt=\"Childrens Play area in the park\" width=\"999\" height=\"504\" data-srcset=\"https:\/\/mivelezmalaga.com\/wp-content\/uploads\/2016\/12\/Childrens-Playarea.jpg 999w, https:\/\/mivelezmalaga.com\/wp-content\/uploads\/2016\/12\/Childrens-Playarea-300x151.jpg 300w\" data-sizes=\"(max-width: 999px) 100vw, 999px\" src=\"data:image\/svg+xml;base64,PHN2ZyB3aWR0aD0iMSIgaGVpZ2h0PSIxIiB4bWxucz0iaHR0cDovL3d3dy53My5vcmcvMjAwMC9zdmciPjwvc3ZnPg==\" style=\"--smush-placeholder-width: 999px; --smush-placeholder-aspect-ratio: 999\/504;\" \/><\/p>\n\n\n\n<h3 class=\"wp-block-heading\">Zonas De Juegos Para Los Ni\u00f1os<\/h3>\n\n\n\n<h4 class=\"wp-block-heading\">Calle R\u00edo Guadelete<\/h4>\n\n\n\n<p>Si quiere llevar a los ni\u00f1os a una zona segura de juegos, esta \u00e1rea est\u00e1 muy cercana al Parque Mar\u00eda Zambrano y se encuentra vallada para mayor seguridad para los peque\u00f1os y tranquilidad para los padres que pueden sentarse&nbsp; a observar c\u00f3mo se divierten los ni\u00f1os en los bancos que se encuentran alrededor de la zona de juegos.<\/p>\n\n\n\n<h4 class=\"wp-block-heading\">Jardines Del Cerro<\/h4>\n\n\n\n<figure class=\"wp-block-image\"><img decoding=\"async\" width=\"1024\" height=\"565\" data-src=\"https:\/\/mivelezmalaga.com\/wp-content\/uploads\/2016\/12\/parks-and-playgrounds-hero-image-1-1024x565.jpg\" alt=\"Childrens Park at El Cerro\" class=\"wp-image-1509 lazyload\" data-srcset=\"https:\/\/mivelezmalaga.com\/wp-content\/uploads\/2016\/12\/parks-and-playgrounds-hero-image-1-1024x565.jpg 1024w, https:\/\/mivelezmalaga.com\/wp-content\/uploads\/2016\/12\/parks-and-playgrounds-hero-image-1-300x166.jpg 300w, https:\/\/mivelezmalaga.com\/wp-content\/uploads\/2016\/12\/parks-and-playgrounds-hero-image-1.jpg 1500w\" data-sizes=\"(max-width: 1024px) 100vw, 1024px\" src=\"data:image\/svg+xml;base64,PHN2ZyB3aWR0aD0iMSIgaGVpZ2h0PSIxIiB4bWxucz0iaHR0cDovL3d3dy53My5vcmcvMjAwMC9zdmciPjwvc3ZnPg==\" style=\"--smush-placeholder-width: 1024px; --smush-placeholder-aspect-ratio: 1024\/565;\" \/><\/figure>\n\n\n\n<p>Los jardines que se encuentran en la subida a la Ermita de Nuestra Se\u00f1ora de los Remedios ofrecen un remanso de paz y unas magn\u00edficas vistas de la ciudad. Podr\u00e1 encontrar plantas de diferentes especies, varios miradores, una zona de juegos para los ni\u00f1os&nbsp; y tomar asiento en las diferentes paradas hasta llegar a la ermita para contemplar los monumentos hist\u00f3ricos de V\u00e9lez-M\u00e1laga desde las alturas.<\/p>\n\n\n\n<h3 class=\"wp-block-heading\">Parque De Perros<\/h3>\n\n\n\n<figure class=\"wp-block-image\"><img decoding=\"async\" width=\"999\" height=\"500\" data-src=\"https:\/\/mivelezmalaga.com\/wp-content\/uploads\/2016\/12\/Dog-Park-Shade-Velez-Malaga.jpg\" alt=\"Shade at the Dog Park \" class=\"wp-image-1503 lazyload\" data-srcset=\"https:\/\/mivelezmalaga.com\/wp-content\/uploads\/2016\/12\/Dog-Park-Shade-Velez-Malaga.jpg 999w, https:\/\/mivelezmalaga.com\/wp-content\/uploads\/2016\/12\/Dog-Park-Shade-Velez-Malaga-300x150.jpg 300w\" data-sizes=\"(max-width: 999px) 100vw, 999px\" src=\"data:image\/svg+xml;base64,PHN2ZyB3aWR0aD0iMSIgaGVpZ2h0PSIxIiB4bWxucz0iaHR0cDovL3d3dy53My5vcmcvMjAwMC9zdmciPjwvc3ZnPg==\" style=\"--smush-placeholder-width: 999px; --smush-placeholder-aspect-ratio: 999\/500;\" \/><\/figure>\n\n\n\n<p>Si usted adora a los perros y quiere que el suyo corra en libertad y conozca a otros perros y juegue en un espacio dise\u00f1ado especialmente para ellos, tiene que traer a su mascota a este lugar. El reciento est\u00e1 totalmente vallado y hay zona de juegos para los perros y fuentes para que puedan beber despu\u00e9s de una carrera con sus compa\u00f1eros perrunos. Es tambi\u00e9n un sitio ideal para conocer a otros due\u00f1os de perros e intercambiar opiniones sobre su mascota.<\/p>\n\n\n\n<figure class=\"wp-block-image\"><img decoding=\"async\" width=\"1000\" height=\"500\" data-src=\"https:\/\/mivelezmalaga.com\/wp-content\/uploads\/2016\/12\/Dog-Park-Velez-Malaga.jpg\" alt=\"Dog Agility Equipment at the Dog Park\" class=\"wp-image-1504 lazyload\" data-srcset=\"https:\/\/mivelezmalaga.com\/wp-content\/uploads\/2016\/12\/Dog-Park-Velez-Malaga.jpg 1000w, https:\/\/mivelezmalaga.com\/wp-content\/uploads\/2016\/12\/Dog-Park-Velez-Malaga-300x150.jpg 300w\" data-sizes=\"(max-width: 1000px) 100vw, 1000px\" src=\"data:image\/svg+xml;base64,PHN2ZyB3aWR0aD0iMSIgaGVpZ2h0PSIxIiB4bWxucz0iaHR0cDovL3d3dy53My5vcmcvMjAwMC9zdmciPjwvc3ZnPg==\" style=\"--smush-placeholder-width: 1000px; --smush-placeholder-aspect-ratio: 1000\/500;\" \/><\/figure>\n","protected":false},"excerpt":{"rendered":"<p>Si quiere pasar la tarde paseando, llevar a jugar a los m\u00e1s peque\u00f1os de la casa al parque o que su perro juegue con otros perros en libertad, V\u00e9lez-M\u00e1laga ofrece todas estas opciones en parques adaptados a sus necesidades. Hay tres grandes parques al aire libre y uno de ellos es una gran zona verde [&hellip;]<\/p>\n","protected":false},"author":1,"featured_media":4517,"parent":3713,"menu_order":0,"comment_status":"closed","ping_status":"closed","template":"page-child.php","meta":{"_acf_changed":false,"footnotes":""},"class_list":["post-3703","page","type-page","status-publish","has-post-thumbnail","hentry"],"acf":[],"yoast_head":"<!-- This site is optimized with the Yoast SEO plugin v27.3 - https:\/\/yoast.com\/product\/yoast-seo-wordpress\/ -->\n<title>Parques y \u00e1reas de juegos infantiles en V\u00e9lez-M\u00e1laga<\/title>\n<meta name=\"description\" content=\"\u00bfQuieres visitar algunos parques mientras est\u00e1s en Velez? Echa un vistazo a nuestra completa gu\u00eda de los mejores espacios al aire libre que la ciudad tiene para ofrecer.\" \/>\n<meta name=\"robots\" content=\"index, follow, max-snippet:-1, max-image-preview:large, max-video-preview:-1\" \/>\n<link rel=\"canonical\" href=\"https:\/\/mivelezmalaga.com\/es\/vivir\/parques-y-zonas-de-juegos-para-los-ninos\/\" \/>\n<meta property=\"og:locale\" content=\"es_ES\" \/>\n<meta property=\"og:type\" content=\"article\" \/>\n<meta property=\"og:title\" content=\"Parques en Velez-Malaga\" \/>\n<meta property=\"og:description\" content=\"Velez tiene algunos parques encantadores. Zonas de juegos infantiles, \u00e1reas de ejercicio, patos e incluso parques aptos para perros. Es f\u00e1cil pasar una ma\u00f1ana o una tarde en uno de estos...\" \/>\n<meta property=\"og:url\" content=\"https:\/\/mivelezmalaga.com\/es\/vivir\/parques-y-zonas-de-juegos-para-los-ninos\/\" \/>\n<meta property=\"og:site_name\" content=\"Mi Velez-Malaga\" \/>\n<meta property=\"article:publisher\" content=\"https:\/\/www.facebook.com\/mivelezmalaga\/\" \/>\n<meta property=\"article:modified_time\" content=\"2024-01-16T09:31:57+00:00\" \/>\n<meta property=\"og:image\" content=\"https:\/\/mivelezmalaga.com\/wp-content\/uploads\/2016\/12\/parks-and-playgrounds-hero-image-1.jpg\" \/>\n\t<meta property=\"og:image:width\" content=\"1500\" \/>\n\t<meta property=\"og:image:height\" content=\"828\" \/>\n\t<meta property=\"og:image:type\" content=\"image\/jpeg\" \/>\n<meta name=\"twitter:card\" content=\"summary_large_image\" \/>\n<meta name=\"twitter:site\" content=\"@MiVelezMalaga\" \/>\n<meta name=\"twitter:label1\" content=\"Est. reading time\" \/>\n\t<meta name=\"twitter:data1\" content=\"4 minutes\" \/>\n<script type=\"application\/ld+json\" class=\"yoast-schema-graph\">{\"@context\":\"https:\\\/\\\/schema.org\",\"@graph\":[{\"@type\":\"WebPage\",\"@id\":\"https:\\\/\\\/mivelezmalaga.com\\\/es\\\/vivir\\\/parques-y-zonas-de-juegos-para-los-ninos\\\/\",\"url\":\"https:\\\/\\\/mivelezmalaga.com\\\/es\\\/vivir\\\/parques-y-zonas-de-juegos-para-los-ninos\\\/\",\"name\":\"Parques y \u00e1reas de juegos infantiles en V\u00e9lez-M\u00e1laga\",\"isPartOf\":{\"@id\":\"https:\\\/\\\/mivelezmalaga.com\\\/es\\\/#website\"},\"primaryImageOfPage\":{\"@id\":\"https:\\\/\\\/mivelezmalaga.com\\\/es\\\/vivir\\\/parques-y-zonas-de-juegos-para-los-ninos\\\/#primaryimage\"},\"image\":{\"@id\":\"https:\\\/\\\/mivelezmalaga.com\\\/es\\\/vivir\\\/parques-y-zonas-de-juegos-para-los-ninos\\\/#primaryimage\"},\"thumbnailUrl\":\"https:\\\/\\\/mivelezmalaga.com\\\/wp-content\\\/uploads\\\/2016\\\/12\\\/parks-and-playgrounds-hero-image-1.jpg\",\"datePublished\":\"2019-01-24T09:50:00+00:00\",\"dateModified\":\"2024-01-16T09:31:57+00:00\",\"description\":\"\u00bfQuieres visitar algunos parques mientras est\u00e1s en Velez? Echa un vistazo a nuestra completa gu\u00eda de los mejores espacios al aire libre que la ciudad tiene para ofrecer.\",\"breadcrumb\":{\"@id\":\"https:\\\/\\\/mivelezmalaga.com\\\/es\\\/vivir\\\/parques-y-zonas-de-juegos-para-los-ninos\\\/#breadcrumb\"},\"inLanguage\":\"es-ES\",\"potentialAction\":[{\"@type\":\"ReadAction\",\"target\":[\"https:\\\/\\\/mivelezmalaga.com\\\/es\\\/vivir\\\/parques-y-zonas-de-juegos-para-los-ninos\\\/\"]}]},{\"@type\":\"ImageObject\",\"inLanguage\":\"es-ES\",\"@id\":\"https:\\\/\\\/mivelezmalaga.com\\\/es\\\/vivir\\\/parques-y-zonas-de-juegos-para-los-ninos\\\/#primaryimage\",\"url\":\"https:\\\/\\\/mivelezmalaga.com\\\/wp-content\\\/uploads\\\/2016\\\/12\\\/parks-and-playgrounds-hero-image-1.jpg\",\"contentUrl\":\"https:\\\/\\\/mivelezmalaga.com\\\/wp-content\\\/uploads\\\/2016\\\/12\\\/parks-and-playgrounds-hero-image-1.jpg\",\"width\":1500,\"height\":828},{\"@type\":\"BreadcrumbList\",\"@id\":\"https:\\\/\\\/mivelezmalaga.com\\\/es\\\/vivir\\\/parques-y-zonas-de-juegos-para-los-ninos\\\/#breadcrumb\",\"itemListElement\":[{\"@type\":\"ListItem\",\"position\":1,\"name\":\"Home\",\"item\":\"https:\\\/\\\/mivelezmalaga.com\\\/es\\\/\"},{\"@type\":\"ListItem\",\"position\":2,\"name\":\"Vivir\",\"item\":\"https:\\\/\\\/mivelezmalaga.com\\\/es\\\/vivir\\\/\"},{\"@type\":\"ListItem\",\"position\":3,\"name\":\"Parques Y Zonas De Juegos Para Los Ni\u00f1os\"}]},{\"@type\":\"WebSite\",\"@id\":\"https:\\\/\\\/mivelezmalaga.com\\\/es\\\/#website\",\"url\":\"https:\\\/\\\/mivelezmalaga.com\\\/es\\\/\",\"name\":\"Mi Velez-Malaga\",\"description\":\"Welcome to V\u00e9lez\",\"potentialAction\":[{\"@type\":\"SearchAction\",\"target\":{\"@type\":\"EntryPoint\",\"urlTemplate\":\"https:\\\/\\\/mivelezmalaga.com\\\/es\\\/?s={search_term_string}\"},\"query-input\":{\"@type\":\"PropertyValueSpecification\",\"valueRequired\":true,\"valueName\":\"search_term_string\"}}],\"inLanguage\":\"es-ES\"}]}<\/script>\n<!-- \/ Yoast SEO plugin. -->","yoast_head_json":{"title":"Parques y \u00e1reas de juegos infantiles en V\u00e9lez-M\u00e1laga","description":"\u00bfQuieres visitar algunos parques mientras est\u00e1s en Velez? Echa un vistazo a nuestra completa gu\u00eda de los mejores espacios al aire libre que la ciudad tiene para ofrecer.","robots":{"index":"index","follow":"follow","max-snippet":"max-snippet:-1","max-image-preview":"max-image-preview:large","max-video-preview":"max-video-preview:-1"},"canonical":"https:\/\/mivelezmalaga.com\/es\/vivir\/parques-y-zonas-de-juegos-para-los-ninos\/","og_locale":"es_ES","og_type":"article","og_title":"Parques en Velez-Malaga","og_description":"Velez tiene algunos parques encantadores. Zonas de juegos infantiles, \u00e1reas de ejercicio, patos e incluso parques aptos para perros. Es f\u00e1cil pasar una ma\u00f1ana o una tarde en uno de estos...","og_url":"https:\/\/mivelezmalaga.com\/es\/vivir\/parques-y-zonas-de-juegos-para-los-ninos\/","og_site_name":"Mi Velez-Malaga","article_publisher":"https:\/\/www.facebook.com\/mivelezmalaga\/","article_modified_time":"2024-01-16T09:31:57+00:00","og_image":[{"width":1500,"height":828,"url":"https:\/\/mivelezmalaga.com\/wp-content\/uploads\/2016\/12\/parks-and-playgrounds-hero-image-1.jpg","type":"image\/jpeg"}],"twitter_card":"summary_large_image","twitter_site":"@MiVelezMalaga","twitter_misc":{"Est. reading time":"4 minutes"},"schema":{"@context":"https:\/\/schema.org","@graph":[{"@type":"WebPage","@id":"https:\/\/mivelezmalaga.com\/es\/vivir\/parques-y-zonas-de-juegos-para-los-ninos\/","url":"https:\/\/mivelezmalaga.com\/es\/vivir\/parques-y-zonas-de-juegos-para-los-ninos\/","name":"Parques y \u00e1reas de juegos infantiles en V\u00e9lez-M\u00e1laga","isPartOf":{"@id":"https:\/\/mivelezmalaga.com\/es\/#website"},"primaryImageOfPage":{"@id":"https:\/\/mivelezmalaga.com\/es\/vivir\/parques-y-zonas-de-juegos-para-los-ninos\/#primaryimage"},"image":{"@id":"https:\/\/mivelezmalaga.com\/es\/vivir\/parques-y-zonas-de-juegos-para-los-ninos\/#primaryimage"},"thumbnailUrl":"https:\/\/mivelezmalaga.com\/wp-content\/uploads\/2016\/12\/parks-and-playgrounds-hero-image-1.jpg","datePublished":"2019-01-24T09:50:00+00:00","dateModified":"2024-01-16T09:31:57+00:00","description":"\u00bfQuieres visitar algunos parques mientras est\u00e1s en Velez? Echa un vistazo a nuestra completa gu\u00eda de los mejores espacios al aire libre que la ciudad tiene para ofrecer.","breadcrumb":{"@id":"https:\/\/mivelezmalaga.com\/es\/vivir\/parques-y-zonas-de-juegos-para-los-ninos\/#breadcrumb"},"inLanguage":"es-ES","potentialAction":[{"@type":"ReadAction","target":["https:\/\/mivelezmalaga.com\/es\/vivir\/parques-y-zonas-de-juegos-para-los-ninos\/"]}]},{"@type":"ImageObject","inLanguage":"es-ES","@id":"https:\/\/mivelezmalaga.com\/es\/vivir\/parques-y-zonas-de-juegos-para-los-ninos\/#primaryimage","url":"https:\/\/mivelezmalaga.com\/wp-content\/uploads\/2016\/12\/parks-and-playgrounds-hero-image-1.jpg","contentUrl":"https:\/\/mivelezmalaga.com\/wp-content\/uploads\/2016\/12\/parks-and-playgrounds-hero-image-1.jpg","width":1500,"height":828},{"@type":"BreadcrumbList","@id":"https:\/\/mivelezmalaga.com\/es\/vivir\/parques-y-zonas-de-juegos-para-los-ninos\/#breadcrumb","itemListElement":[{"@type":"ListItem","position":1,"name":"Home","item":"https:\/\/mivelezmalaga.com\/es\/"},{"@type":"ListItem","position":2,"name":"Vivir","item":"https:\/\/mivelezmalaga.com\/es\/vivir\/"},{"@type":"ListItem","position":3,"name":"Parques Y Zonas De Juegos Para Los Ni\u00f1os"}]},{"@type":"WebSite","@id":"https:\/\/mivelezmalaga.com\/es\/#website","url":"https:\/\/mivelezmalaga.com\/es\/","name":"Mi Velez-Malaga","description":"Welcome to V\u00e9lez","potentialAction":[{"@type":"SearchAction","target":{"@type":"EntryPoint","urlTemplate":"https:\/\/mivelezmalaga.com\/es\/?s={search_term_string}"},"query-input":{"@type":"PropertyValueSpecification","valueRequired":true,"valueName":"search_term_string"}}],"inLanguage":"es-ES"}]}},"_links":{"self":[{"href":"https:\/\/mivelezmalaga.com\/es\/wp-json\/wp\/v2\/pages\/3703","targetHints":{"allow":["GET"]}}],"collection":[{"href":"https:\/\/mivelezmalaga.com\/es\/wp-json\/wp\/v2\/pages"}],"about":[{"href":"https:\/\/mivelezmalaga.com\/es\/wp-json\/wp\/v2\/types\/page"}],"author":[{"embeddable":true,"href":"https:\/\/mivelezmalaga.com\/es\/wp-json\/wp\/v2\/users\/1"}],"replies":[{"embeddable":true,"href":"https:\/\/mivelezmalaga.com\/es\/wp-json\/wp\/v2\/comments?post=3703"}],"version-history":[{"count":1,"href":"https:\/\/mivelezmalaga.com\/es\/wp-json\/wp\/v2\/pages\/3703\/revisions"}],"predecessor-version":[{"id":8456,"href":"https:\/\/mivelezmalaga.com\/es\/wp-json\/wp\/v2\/pages\/3703\/revisions\/8456"}],"up":[{"embeddable":true,"href":"https:\/\/mivelezmalaga.com\/es\/wp-json\/wp\/v2\/pages\/3713"}],"wp:featuredmedia":[{"embeddable":true,"href":"https:\/\/mivelezmalaga.com\/es\/wp-json\/wp\/v2\/media\/4517"}],"wp:attachment":[{"href":"https:\/\/mivelezmalaga.com\/es\/wp-json\/wp\/v2\/media?parent=3703"}],"curies":[{"name":"wp","href":"https:\/\/api.w.org\/{rel}","templated":true}]}}