{"id":3704,"date":"2019-01-24T11:10:23","date_gmt":"2019-01-24T10:10:23","guid":{"rendered":"https:\/\/mivelezmalaga.com\/parking\/"},"modified":"2019-11-05T13:12:08","modified_gmt":"2019-11-05T12:12:08","slug":"parking","status":"publish","type":"page","link":"https:\/\/mivelezmalaga.com\/es\/vivir\/parking\/","title":{"rendered":"Parking"},"content":{"rendered":"<p>Se puede encontrar f\u00e1cilmente aparcamiento en V\u00e9lez-M\u00e1laga, existen muchas zonas gratuitas y otras de zona azul en las que se necesita mayor rotaci\u00f3n de veh\u00edculos. Para aparcar en el centro hist\u00f3rico es m\u00e1s complicado ya que las plazas est\u00e1n m\u00e1s solicitadas, por lo que le recomendamos que aparque en la nueva zona de expansi\u00f3n y vaya dando un agradable paseo hasta el casco antiguo ya que no hay mucha distancia desde la zona donde deje el veh\u00edculo.<\/p>\n<h2 style=\"text-align: center;\">Aparcar En El Centro Hist\u00f3rico<\/h2>\n<p>Justo en la parte de atr\u00e1s del Palacio de Marqu\u00e9s de Beniel se encuentra la Plaza la Gloria, junto a la calle Arroyo de San Francisco, donde hay una peque\u00f1a bolsa de aparcamientos en los que estacionar es gratuito y no hay l\u00edmite de tiempo, la pega es que las plazas son escasas.<\/p>\n<p>Antes de llegar a esa zona, podemos aparcar en el parking p\u00fablico subterr\u00e1neo del mercado de San Francisco. Cuenta con 70 plazas, est\u00e1 vigilado y es bastante barato aparcar en el mismo. Se accede a el por la calle Arroyo San Francisco y puede aprovechar su estancia para hacer una parada en el nuevo Mercado de San Francisco y disfrutar de su oferta gastron\u00f3mica.<\/p>\n<p>Si quiere disfrutar de las vistas, puede estacionar en la zona de la Fortaleza e ir dando un paseo muy agradable por todo el casco hist\u00f3rico. La pega es que la vuelta es m\u00e1s costosa ya que hay bastantes subidas para llegar de nuevo al veh\u00edculo pero a\u00fan as\u00ed las vistas son impresionantes.<\/p>\n<p>&nbsp;<\/p>\n<h2 style=\"text-align: center;\">Para Llegar A La Plaza Del Carmen, Plaza De Las Carmelitas Y Calle Montera<\/h2>\n<h3>Parking Plaza Del Carmen<\/h3>\n<p>Es un parking p\u00fablico subterr\u00e1neo que se encuentra en el coraz\u00f3n del centro hist\u00f3rico. Est\u00e1 estrat\u00e9gicamente situado para estacionar y llegar a poca distancia a la plaza de las carmelitas y la calle montera. Tiene tres plantas y 143 plazas pero hay que tener en cuenta que cierra a las 23:30 horas. A la hora de pagar se pueden obtener descuentos si compra en los establecimientos locales cercanos.<\/p>\n<p>Direcci\u00f3n: Calle Porter\u00eda del Carmen. Abierto: 07:00-23:30.<\/p>\n<h3>Por La Ermita De Los Remedios<\/h3>\n<p>Encontrar\u00e1 una zona de aparcamientos en la subida a la Ermita de los Remedios que le permitir\u00e1 disfrutar tambi\u00e9n de unas magn\u00edficas vistas. No aparece todav\u00eda en google maps, pero si localiza la ubicaci\u00f3n de la ermita es f\u00e1cil llegar. Enlaza la calle Cristo del Cerro y la calle T\u00fanica.<\/p>\n<h3>Para La Estaci\u00f3n De Autobuses \/ Oeste De La Ciudad<\/h3>\n<p>En la zona del Mercado Mayorista existe una gran zona de aparcamientos al aire libre y vigilado por la Asociaci\u00f3n Amivel, creada para dar empleo a personas con discapacidad en V\u00e9lez-M\u00e1laga. Por 1 euro voluntario puedes estacionar el coche en esta zona y no hay l\u00edmite de tiempo para volver a moverlo como pasa en la zona azul.<\/p>\n<h3>Para El Mercado Municipal<\/h3>\n<p>Existen dos \u00e1reas de aparcamiento en esta zona que se encuentran detr\u00e1s del mercado municipal de V\u00e9lez-M\u00e1laga en la Avenida Vivar T\u00e9llez. La zona se encuentra justo en la calle Azalea y una de las bolsas de aparcamiento en gratis y la otra hay que pagar 1 euro voluntario a la asociaci\u00f3n Amivel. Es una buena opci\u00f3n para llegar al centro hist\u00f3rico ya que no est\u00e1 ni a 10 minutos andando hacia la plaza de San Francisco.<\/p>\n<h3>Por El Parque Mar\u00eda Zambrano Y Oeste De La Ciudad<\/h3>\n<p>Otra gran \u00e1rea de aparcamientos se encuentra en la calle Pozanc\u00f3n, con salida directa a la A-356 y al Parque Mar\u00eda Zambrano. Es zona azul y de nuevo est\u00e1 controlado por la asociaci\u00f3n Amivel. En los alrededores del Parque Mar\u00eda Zambrano tambi\u00e9n se puede encontrar f\u00e1cil aparcamiento y es gratuito. Adem\u00e1s est\u00e1 muy cercano al centro hist\u00f3rico ya que se tarda unos 10 o 15 minutos en llegar al coraz\u00f3n del casco antiguo.<\/p>\n<h3>Para La Nueva Zona De Expansi\u00f3n De V\u00e9lez<\/h3>\n<p>El resto de las principales zonas comerciales de V\u00e9lez-M\u00e1laga, situadas en el Camino de M\u00e1laga y Calle Canalejas, son \u00e1reas de zona azul. El del Camino de M\u00e1laga se encuentra al lado de la iglesia de San Antonio de Padua y el segundo se encuentra junto a la estaci\u00f3n de autobuses, cerca del Mercado de Mayoristas de V\u00e9lez-M\u00e1laga al final de la salida del Parque de Andaluc\u00eda. Ambos est\u00e1n vigilados por la asociaci\u00f3n Amivel y la media hora de estacionamiento sale por 0,35 c\u00e9ntimos.<\/p>\n<h3>Por El Sur De La Ciudad \u2013 Zona Nueva De Pisos Y Mercadillo Del Jueves<\/h3>\n<p>La calle Hojalateros es la zona ideal para aparcar los d\u00edas del mercadillo de V\u00e9lez. Es una amplia explanada sin pavimentar pero ofrece espacio suficiente para aparcar muy cerca de la zona y est\u00e1 tambi\u00e9n muy pr\u00f3xima a la zona comercial del Camino de M\u00e1laga.<\/p>\n<p>&nbsp;<\/p>\n<p>Pronto a\u00f1adiremos un mapa de estacionamiento de Google en V\u00e9lez-M\u00e1laga, as\u00ed que no dejes de visitar este sitio.<\/p>\n","protected":false},"excerpt":{"rendered":"<p>Se puede encontrar f\u00e1cilmente aparcamiento en V\u00e9lez-M\u00e1laga, existen muchas zonas gratuitas y otras de zona azul en las que se necesita mayor rotaci\u00f3n de veh\u00edculos. Para aparcar en el centro hist\u00f3rico es m\u00e1s complicado ya que las plazas est\u00e1n m\u00e1s solicitadas, por lo que le recomendamos que aparque en la nueva zona de expansi\u00f3n y [&hellip;]<\/p>\n","protected":false},"author":1,"featured_media":0,"parent":3713,"menu_order":0,"comment_status":"closed","ping_status":"closed","template":"page-child.php","meta":{"_acf_changed":false,"footnotes":""},"class_list":["post-3704","page","type-page","status-publish","hentry"],"acf":[],"yoast_head":"<!-- This site is optimized with the Yoast SEO plugin v27.3 - https:\/\/yoast.com\/product\/yoast-seo-wordpress\/ -->\n<title>Informaci\u00f3n sobre parking gratuito y aparcamientos en V\u00e9lez-M\u00e1laga<\/title>\n<meta name=\"description\" content=\"Hay un aparcamiento a lo largo de V\u00e9lez, a veces no bien se\u00f1alizado. Aqu\u00ed est\u00e1 su gu\u00eda d\u00f3nde aparcar en V\u00e9lez-M\u00e1laga\" \/>\n<meta name=\"robots\" content=\"index, follow, max-snippet:-1, max-image-preview:large, max-video-preview:-1\" \/>\n<link rel=\"canonical\" href=\"https:\/\/mivelezmalaga.com\/es\/vivir\/parking\/\" \/>\n<meta property=\"og:locale\" content=\"es_ES\" \/>\n<meta property=\"og:type\" content=\"article\" \/>\n<meta property=\"og:title\" content=\"Informaci\u00f3n sobre parking gratuito y aparcamientos en V\u00e9lez-M\u00e1laga\" \/>\n<meta property=\"og:description\" content=\"Hay un aparcamiento a lo largo de V\u00e9lez, a veces no bien se\u00f1alizado. Aqu\u00ed est\u00e1 su gu\u00eda d\u00f3nde aparcar en V\u00e9lez-M\u00e1laga\" \/>\n<meta property=\"og:url\" content=\"https:\/\/mivelezmalaga.com\/es\/vivir\/parking\/\" \/>\n<meta property=\"og:site_name\" content=\"Mi Velez-Malaga\" \/>\n<meta property=\"article:publisher\" content=\"https:\/\/www.facebook.com\/mivelezmalaga\/\" \/>\n<meta property=\"article:modified_time\" content=\"2019-11-05T12:12:08+00:00\" \/>\n<meta name=\"twitter:card\" content=\"summary_large_image\" \/>\n<meta name=\"twitter:site\" content=\"@MiVelezMalaga\" \/>\n<meta name=\"twitter:label1\" content=\"Est. reading time\" \/>\n\t<meta name=\"twitter:data1\" content=\"4 minutes\" \/>\n<script type=\"application\/ld+json\" class=\"yoast-schema-graph\">{\"@context\":\"https:\\\/\\\/schema.org\",\"@graph\":[{\"@type\":\"WebPage\",\"@id\":\"https:\\\/\\\/mivelezmalaga.com\\\/es\\\/vivir\\\/parking\\\/\",\"url\":\"https:\\\/\\\/mivelezmalaga.com\\\/es\\\/vivir\\\/parking\\\/\",\"name\":\"Informaci\u00f3n sobre parking gratuito y aparcamientos en V\u00e9lez-M\u00e1laga\",\"isPartOf\":{\"@id\":\"https:\\\/\\\/mivelezmalaga.com\\\/es\\\/#website\"},\"datePublished\":\"2019-01-24T10:10:23+00:00\",\"dateModified\":\"2019-11-05T12:12:08+00:00\",\"description\":\"Hay un aparcamiento a lo largo de V\u00e9lez, a veces no bien se\u00f1alizado. Aqu\u00ed est\u00e1 su gu\u00eda d\u00f3nde aparcar en V\u00e9lez-M\u00e1laga\",\"breadcrumb\":{\"@id\":\"https:\\\/\\\/mivelezmalaga.com\\\/es\\\/vivir\\\/parking\\\/#breadcrumb\"},\"inLanguage\":\"es-ES\",\"potentialAction\":[{\"@type\":\"ReadAction\",\"target\":[\"https:\\\/\\\/mivelezmalaga.com\\\/es\\\/vivir\\\/parking\\\/\"]}]},{\"@type\":\"BreadcrumbList\",\"@id\":\"https:\\\/\\\/mivelezmalaga.com\\\/es\\\/vivir\\\/parking\\\/#breadcrumb\",\"itemListElement\":[{\"@type\":\"ListItem\",\"position\":1,\"name\":\"Home\",\"item\":\"https:\\\/\\\/mivelezmalaga.com\\\/es\\\/\"},{\"@type\":\"ListItem\",\"position\":2,\"name\":\"Vivir\",\"item\":\"https:\\\/\\\/mivelezmalaga.com\\\/es\\\/vivir\\\/\"},{\"@type\":\"ListItem\",\"position\":3,\"name\":\"Parking\"}]},{\"@type\":\"WebSite\",\"@id\":\"https:\\\/\\\/mivelezmalaga.com\\\/es\\\/#website\",\"url\":\"https:\\\/\\\/mivelezmalaga.com\\\/es\\\/\",\"name\":\"Mi Velez-Malaga\",\"description\":\"Welcome to V\u00e9lez\",\"potentialAction\":[{\"@type\":\"SearchAction\",\"target\":{\"@type\":\"EntryPoint\",\"urlTemplate\":\"https:\\\/\\\/mivelezmalaga.com\\\/es\\\/?s={search_term_string}\"},\"query-input\":{\"@type\":\"PropertyValueSpecification\",\"valueRequired\":true,\"valueName\":\"search_term_string\"}}],\"inLanguage\":\"es-ES\"}]}<\/script>\n<!-- \/ Yoast SEO plugin. -->","yoast_head_json":{"title":"Informaci\u00f3n sobre parking gratuito y aparcamientos en V\u00e9lez-M\u00e1laga","description":"Hay un aparcamiento a lo largo de V\u00e9lez, a veces no bien se\u00f1alizado. Aqu\u00ed est\u00e1 su gu\u00eda d\u00f3nde aparcar en V\u00e9lez-M\u00e1laga","robots":{"index":"index","follow":"follow","max-snippet":"max-snippet:-1","max-image-preview":"max-image-preview:large","max-video-preview":"max-video-preview:-1"},"canonical":"https:\/\/mivelezmalaga.com\/es\/vivir\/parking\/","og_locale":"es_ES","og_type":"article","og_title":"Informaci\u00f3n sobre parking gratuito y aparcamientos en V\u00e9lez-M\u00e1laga","og_description":"Hay un aparcamiento a lo largo de V\u00e9lez, a veces no bien se\u00f1alizado. Aqu\u00ed est\u00e1 su gu\u00eda d\u00f3nde aparcar en V\u00e9lez-M\u00e1laga","og_url":"https:\/\/mivelezmalaga.com\/es\/vivir\/parking\/","og_site_name":"Mi Velez-Malaga","article_publisher":"https:\/\/www.facebook.com\/mivelezmalaga\/","article_modified_time":"2019-11-05T12:12:08+00:00","twitter_card":"summary_large_image","twitter_site":"@MiVelezMalaga","twitter_misc":{"Est. reading time":"4 minutes"},"schema":{"@context":"https:\/\/schema.org","@graph":[{"@type":"WebPage","@id":"https:\/\/mivelezmalaga.com\/es\/vivir\/parking\/","url":"https:\/\/mivelezmalaga.com\/es\/vivir\/parking\/","name":"Informaci\u00f3n sobre parking gratuito y aparcamientos en V\u00e9lez-M\u00e1laga","isPartOf":{"@id":"https:\/\/mivelezmalaga.com\/es\/#website"},"datePublished":"2019-01-24T10:10:23+00:00","dateModified":"2019-11-05T12:12:08+00:00","description":"Hay un aparcamiento a lo largo de V\u00e9lez, a veces no bien se\u00f1alizado. Aqu\u00ed est\u00e1 su gu\u00eda d\u00f3nde aparcar en V\u00e9lez-M\u00e1laga","breadcrumb":{"@id":"https:\/\/mivelezmalaga.com\/es\/vivir\/parking\/#breadcrumb"},"inLanguage":"es-ES","potentialAction":[{"@type":"ReadAction","target":["https:\/\/mivelezmalaga.com\/es\/vivir\/parking\/"]}]},{"@type":"BreadcrumbList","@id":"https:\/\/mivelezmalaga.com\/es\/vivir\/parking\/#breadcrumb","itemListElement":[{"@type":"ListItem","position":1,"name":"Home","item":"https:\/\/mivelezmalaga.com\/es\/"},{"@type":"ListItem","position":2,"name":"Vivir","item":"https:\/\/mivelezmalaga.com\/es\/vivir\/"},{"@type":"ListItem","position":3,"name":"Parking"}]},{"@type":"WebSite","@id":"https:\/\/mivelezmalaga.com\/es\/#website","url":"https:\/\/mivelezmalaga.com\/es\/","name":"Mi Velez-Malaga","description":"Welcome to V\u00e9lez","potentialAction":[{"@type":"SearchAction","target":{"@type":"EntryPoint","urlTemplate":"https:\/\/mivelezmalaga.com\/es\/?s={search_term_string}"},"query-input":{"@type":"PropertyValueSpecification","valueRequired":true,"valueName":"search_term_string"}}],"inLanguage":"es-ES"}]}},"_links":{"self":[{"href":"https:\/\/mivelezmalaga.com\/es\/wp-json\/wp\/v2\/pages\/3704","targetHints":{"allow":["GET"]}}],"collection":[{"href":"https:\/\/mivelezmalaga.com\/es\/wp-json\/wp\/v2\/pages"}],"about":[{"href":"https:\/\/mivelezmalaga.com\/es\/wp-json\/wp\/v2\/types\/page"}],"author":[{"embeddable":true,"href":"https:\/\/mivelezmalaga.com\/es\/wp-json\/wp\/v2\/users\/1"}],"replies":[{"embeddable":true,"href":"https:\/\/mivelezmalaga.com\/es\/wp-json\/wp\/v2\/comments?post=3704"}],"version-history":[{"count":3,"href":"https:\/\/mivelezmalaga.com\/es\/wp-json\/wp\/v2\/pages\/3704\/revisions"}],"predecessor-version":[{"id":6398,"href":"https:\/\/mivelezmalaga.com\/es\/wp-json\/wp\/v2\/pages\/3704\/revisions\/6398"}],"up":[{"embeddable":true,"href":"https:\/\/mivelezmalaga.com\/es\/wp-json\/wp\/v2\/pages\/3713"}],"wp:attachment":[{"href":"https:\/\/mivelezmalaga.com\/es\/wp-json\/wp\/v2\/media?parent=3704"}],"curies":[{"name":"wp","href":"https:\/\/api.w.org\/{rel}","templated":true}]}}