{"id":3705,"date":"2019-01-24T11:23:13","date_gmt":"2019-01-24T10:23:13","guid":{"rendered":"https:\/\/mivelezmalaga.com\/barrios\/"},"modified":"2024-01-16T10:31:22","modified_gmt":"2024-01-16T09:31:22","slug":"barrios","status":"publish","type":"page","link":"https:\/\/mivelezmalaga.com\/es\/vivir\/barrios\/","title":{"rendered":"Barrios"},"content":{"rendered":"\n<p>Entrar en el casco hist\u00f3rico de V\u00e9lez es adentrarse en los m\u00e1s de cien siglos de historia declarado conjunto&nbsp;hist\u00f3rico-art\u00edstico y recorrer la belleza de sus calles de adoquines y sus casas se\u00f1oriales a uno y otro lado del recorrido.<\/p>\n\n\n\n<p>Entre la Plaza San Francisco y la Plaza de la Constituci\u00f3n podemos encontrar edificios hist\u00f3ricos llenos de significado y que representan un documento hist\u00f3rico-art\u00edstico de la zona. Desde este punto podemos observar la imponente Fortaleza, iglesias que fueron antiguas mezquitas con mezcla de estilos moriscos, mud\u00e9jares, barrocos y renacentistas.<\/p>\n\n\n\n<p>Recorrer el centro hist\u00f3rico de V\u00e9lez-M\u00e1laga es la mejor forma de descubrir c\u00f3mo el paso del tiempo ha hecho evolucionar a la ciudad y le ha dado el car\u00e1cter acogedor del que goza. Empezar a descubrir V\u00e9lez por la zona de la fortaleza es un buen punto para empezar a callejear y recorrer las zonas con m\u00e1s historia de la ciudad por calles empinadas y empedradas engalanadas con hermosas macetas. Llegar hasta la plaza de la Constituci\u00f3n y descubrir el pa\u00f1o de la muralla que proteg\u00eda la ciudad, seguir hasta la Plaza de San Francisco y visitar el convento del siglo XVI y terminar en la Plaza de las Carmelitas.<\/p>\n\n\n\n<h3 class=\"wp-block-heading\">Centro Hist\u00f3rico<\/h3>\n\n\n\n<h4 class=\"wp-block-heading\">San Francisco<\/h4>\n\n\n\n<p>En el coraz\u00f3n del centro hist\u00f3rico de V\u00e9lez-M\u00e1laga nos encontramos el barrio de San Francisco, en cuya plaza preside el hermoso convento de San Francisco creado a partir de la reforma de una antigua mezquita por orden de los Reyes Cat\u00f3licos. Alrededor encontramos muchos negocios locales, antiguos edificios municipales y el reci\u00e9n abierto Mercado de San Francisco con una fachada imponente y un techo abovedado de madera en el que se puede disfrutar de una gran oferta gastron\u00f3mica en su interior reci\u00e9n inaugurado.<\/p>\n\n\n\n<p>Si se sit\u00faa en el centro de la plaza mirando hac\u00eda el convento y gira ligeramente a la izquierda nos encontramos ante otro imponente edificio en el que podemos encontrar la fundaci\u00f3n Mar\u00eda Zambrano y el legado del poeta Joaqu\u00edn Lobato. El hermoso Palacio de Beniel es un edificio de ladrillo y piedra construido entre 1610 y 1616.<\/p>\n\n\n\n<p>Cerca del convento de San Francisco encontramos la Casa Cervantes, con una fachada con grandes balcones de forja y un patio interior con una galer\u00eda de arcos y columnas de ladrillo. Est\u00e1 ubicado al inicio de una calle estrecha con un gran n\u00famero de casas antiguas en diferentes estados de conservaci\u00f3n. En el interior de la Casa Cervantes se encuentra una sala de exposiciones con documentaci\u00f3n del paso de Cervantes por V\u00e9lez-M\u00e1laga. Tambi\u00e9n alberga la escuela de idiomas.<\/p>\n\n\n\n<h4 class=\"wp-block-heading\">Plaza De La Constituci\u00f3n<\/h4>\n\n\n\n<p>La Plaza de la Constituci\u00f3n alberga uno de los pa\u00f1os de la muralla de la fortaleza que rodeaban la ciudad a modo de defensa. Tambi\u00e9n encontramos el Edificio del P\u00f3sito que albergaba un antiguo edificio municipal destinado a los granos, principalmente al trigo. Y en otro lado de la plaza podemos ver la Iglesia de San Juan Bautista. La antigua fuente de Felipe II (conocida originalmente como la fuente de Fernando VI) se encuentra bajando la plaza, hac\u00eda la calle de las Tiendas y se ubica en ese lugar desde el a\u00f1o 1758 (antes estaba ubicada en la propia plaza de la Constituci\u00f3n). Por la Puerta Real de la Villa, se puede acceder a trav\u00e9s de calles empinadas al mirador de la muralla y disfrutar de las vistas disfrutando del conjunto hist\u00f3rico de la ciudad.<\/p>\n\n\n\n<h4 class=\"wp-block-heading\">La Villa<\/h4>\n\n\n\n<p>El barrio de la Villa es el origen de la ciudad medieval de V\u00e9lez. La arquitectura es de origen \u00e1rabe con un trazado urban\u00edstico de calles estrechas y retorcidas. Este barrio se abr\u00eda a la ciudad por cuatro puertas, de las que en la actualidad se conservan solo una: La \u201cPuerta Real\u201d.&nbsp;La mayor\u00eda de las casas que componen la villa est\u00e1n construidas en calles muy estrechas por lo que hay poco espacio de expansi\u00f3n a diferencia de las casas construidas fuera de la muralla de la ciudad. Es una de las pocas zonas de la ciudad en la que los vecinos hacen vida en comunidad, sent\u00e1ndose en sus escalones y compartiendo su d\u00eda a d\u00eda con el vecindario.<\/p>\n\n\n\n<p>En la zona m\u00e1s alta de la villa encontramos la iglesia de Santa Mar\u00eda de la Encarnaci\u00f3n, conocida tambi\u00e9n como la iglesia de Santa Mar\u00eda la Mayor. En uno de los laterales de encuentra el Claustro, donde se puede pasar a una galer\u00eda abierta que ofrece una hermosa vistas de la ciudad. En su interior se encuentra en Museo de Semana Santa, donde podremos observar una gran variedad de elementos que componen el cortejo de las procesiones.<\/p>\n\n\n\n<p>Si quiere conocer la mejor ubicaci\u00f3n para aparcar su veh\u00edculo y pasear por el casco hist\u00f3rico, vaya a nuestro apartado de aparcamientos.<\/p>\n\n\n\n<h3 class=\"wp-block-heading\">Zona Nueva De Expansi\u00f3n En V\u00e9lez-M\u00e1laga<\/h3>\n\n\n\n<p>Las casas del casco antiguo ofrecen un encanto que no se puede comparar con las modernas edificaciones que han producido una nueva zona de expansi\u00f3n en V\u00e9lez-M\u00e1laga. Pero la mayor\u00eda de la poblaci\u00f3n vive en estas zonas ya que ofrecen mayor espacio y posibilidades de aparcamiento que en las calles estrechas y empedradas del casco antiguo. El movimiento de la poblaci\u00f3n hac\u00eda esta zonas ha provocado la construcci\u00f3n de grandes zonas verdes como el Parque Mar\u00eda Zambrano que no hubieran sido posibles sin todos los habitaci\u00f3n se quedan en el centro hist\u00f3rico.<\/p>\n\n\n\n<p>La zona nueva ofrece una gran cantidad de locales comerciales y todas las comodidades para vivir en la ciudad, lo que hace que V\u00e9lez-M\u00e1laga siga creciendo en poblaci\u00f3n y disfruten de una mayor calidad de vida.<\/p>\n","protected":false},"excerpt":{"rendered":"<p>Entrar en el casco hist\u00f3rico de V\u00e9lez es adentrarse en los m\u00e1s de cien siglos de historia declarado conjunto&nbsp;hist\u00f3rico-art\u00edstico y recorrer la belleza de sus calles de adoquines y sus casas se\u00f1oriales a uno y otro lado del recorrido. Entre la Plaza San Francisco y la Plaza de la Constituci\u00f3n podemos encontrar edificios hist\u00f3ricos llenos [&hellip;]<\/p>\n","protected":false},"author":2,"featured_media":4491,"parent":3713,"menu_order":0,"comment_status":"closed","ping_status":"closed","template":"page-child.php","meta":{"_acf_changed":false,"footnotes":""},"class_list":["post-3705","page","type-page","status-publish","has-post-thumbnail","hentry"],"acf":[],"yoast_head":"<!-- This site is optimized with the Yoast SEO plugin v27.3 - https:\/\/yoast.com\/product\/yoast-seo-wordpress\/ -->\n<title>El casco antiguo de V\u00e9lez-M\u00e1laga y otros barrios<\/title>\n<meta name=\"description\" content=\"\u00bfBuscas informaci\u00f3n m\u00e1s detallada sobre los barrios de Velez? Aqu\u00ed hay una introducci\u00f3n a los barrios de inter\u00e9s tur\u00edstico...\" \/>\n<meta name=\"robots\" content=\"index, follow, max-snippet:-1, max-image-preview:large, max-video-preview:-1\" \/>\n<link rel=\"canonical\" href=\"https:\/\/mivelezmalaga.com\/es\/vivir\/barrios\/\" \/>\n<meta property=\"og:locale\" content=\"es_ES\" \/>\n<meta property=\"og:type\" content=\"article\" \/>\n<meta property=\"og:title\" content=\"El casco antiguo de V\u00e9lez-M\u00e1laga y otros barrios\" \/>\n<meta property=\"og:description\" content=\"\u00bfBuscas informaci\u00f3n m\u00e1s detallada sobre los barrios de Velez? Aqu\u00ed hay una introducci\u00f3n a los barrios de inter\u00e9s tur\u00edstico...\" \/>\n<meta property=\"og:url\" content=\"https:\/\/mivelezmalaga.com\/es\/vivir\/barrios\/\" \/>\n<meta property=\"og:site_name\" content=\"Mi Velez-Malaga\" \/>\n<meta property=\"article:publisher\" content=\"https:\/\/www.facebook.com\/mivelezmalaga\/\" \/>\n<meta property=\"article:modified_time\" content=\"2024-01-16T09:31:22+00:00\" \/>\n<meta property=\"og:image\" content=\"https:\/\/mivelezmalaga.com\/wp-content\/uploads\/2016\/12\/Calle-Joaquin-Lobato-San-Francisco-e1490363271486.jpg\" \/>\n\t<meta property=\"og:image:width\" content=\"400\" \/>\n\t<meta property=\"og:image:height\" content=\"252\" \/>\n\t<meta property=\"og:image:type\" content=\"image\/jpeg\" \/>\n<meta name=\"twitter:card\" content=\"summary_large_image\" \/>\n<meta name=\"twitter:site\" content=\"@MiVelezMalaga\" \/>\n<meta name=\"twitter:label1\" content=\"Est. reading time\" \/>\n\t<meta name=\"twitter:data1\" content=\"5 minutes\" \/>\n<script type=\"application\/ld+json\" class=\"yoast-schema-graph\">{\"@context\":\"https:\\\/\\\/schema.org\",\"@graph\":[{\"@type\":\"WebPage\",\"@id\":\"https:\\\/\\\/mivelezmalaga.com\\\/es\\\/vivir\\\/barrios\\\/\",\"url\":\"https:\\\/\\\/mivelezmalaga.com\\\/es\\\/vivir\\\/barrios\\\/\",\"name\":\"El casco antiguo de V\u00e9lez-M\u00e1laga y otros barrios\",\"isPartOf\":{\"@id\":\"https:\\\/\\\/mivelezmalaga.com\\\/es\\\/#website\"},\"primaryImageOfPage\":{\"@id\":\"https:\\\/\\\/mivelezmalaga.com\\\/es\\\/vivir\\\/barrios\\\/#primaryimage\"},\"image\":{\"@id\":\"https:\\\/\\\/mivelezmalaga.com\\\/es\\\/vivir\\\/barrios\\\/#primaryimage\"},\"thumbnailUrl\":\"https:\\\/\\\/mivelezmalaga.com\\\/wp-content\\\/uploads\\\/2016\\\/12\\\/Calle-Joaquin-Lobato-San-Francisco-e1490363271486.jpg\",\"datePublished\":\"2019-01-24T10:23:13+00:00\",\"dateModified\":\"2024-01-16T09:31:22+00:00\",\"description\":\"\u00bfBuscas informaci\u00f3n m\u00e1s detallada sobre los barrios de Velez? Aqu\u00ed hay una introducci\u00f3n a los barrios de inter\u00e9s tur\u00edstico...\",\"breadcrumb\":{\"@id\":\"https:\\\/\\\/mivelezmalaga.com\\\/es\\\/vivir\\\/barrios\\\/#breadcrumb\"},\"inLanguage\":\"es-ES\",\"potentialAction\":[{\"@type\":\"ReadAction\",\"target\":[\"https:\\\/\\\/mivelezmalaga.com\\\/es\\\/vivir\\\/barrios\\\/\"]}]},{\"@type\":\"ImageObject\",\"inLanguage\":\"es-ES\",\"@id\":\"https:\\\/\\\/mivelezmalaga.com\\\/es\\\/vivir\\\/barrios\\\/#primaryimage\",\"url\":\"https:\\\/\\\/mivelezmalaga.com\\\/wp-content\\\/uploads\\\/2016\\\/12\\\/Calle-Joaquin-Lobato-San-Francisco-e1490363271486.jpg\",\"contentUrl\":\"https:\\\/\\\/mivelezmalaga.com\\\/wp-content\\\/uploads\\\/2016\\\/12\\\/Calle-Joaquin-Lobato-San-Francisco-e1490363271486.jpg\",\"width\":400,\"height\":252},{\"@type\":\"BreadcrumbList\",\"@id\":\"https:\\\/\\\/mivelezmalaga.com\\\/es\\\/vivir\\\/barrios\\\/#breadcrumb\",\"itemListElement\":[{\"@type\":\"ListItem\",\"position\":1,\"name\":\"Home\",\"item\":\"https:\\\/\\\/mivelezmalaga.com\\\/es\\\/\"},{\"@type\":\"ListItem\",\"position\":2,\"name\":\"Vivir\",\"item\":\"https:\\\/\\\/mivelezmalaga.com\\\/es\\\/vivir\\\/\"},{\"@type\":\"ListItem\",\"position\":3,\"name\":\"Barrios\"}]},{\"@type\":\"WebSite\",\"@id\":\"https:\\\/\\\/mivelezmalaga.com\\\/es\\\/#website\",\"url\":\"https:\\\/\\\/mivelezmalaga.com\\\/es\\\/\",\"name\":\"Mi Velez-Malaga\",\"description\":\"Welcome to V\u00e9lez\",\"potentialAction\":[{\"@type\":\"SearchAction\",\"target\":{\"@type\":\"EntryPoint\",\"urlTemplate\":\"https:\\\/\\\/mivelezmalaga.com\\\/es\\\/?s={search_term_string}\"},\"query-input\":{\"@type\":\"PropertyValueSpecification\",\"valueRequired\":true,\"valueName\":\"search_term_string\"}}],\"inLanguage\":\"es-ES\"}]}<\/script>\n<!-- \/ Yoast SEO plugin. -->","yoast_head_json":{"title":"El casco antiguo de V\u00e9lez-M\u00e1laga y otros barrios","description":"\u00bfBuscas informaci\u00f3n m\u00e1s detallada sobre los barrios de Velez? Aqu\u00ed hay una introducci\u00f3n a los barrios de inter\u00e9s tur\u00edstico...","robots":{"index":"index","follow":"follow","max-snippet":"max-snippet:-1","max-image-preview":"max-image-preview:large","max-video-preview":"max-video-preview:-1"},"canonical":"https:\/\/mivelezmalaga.com\/es\/vivir\/barrios\/","og_locale":"es_ES","og_type":"article","og_title":"El casco antiguo de V\u00e9lez-M\u00e1laga y otros barrios","og_description":"\u00bfBuscas informaci\u00f3n m\u00e1s detallada sobre los barrios de Velez? Aqu\u00ed hay una introducci\u00f3n a los barrios de inter\u00e9s tur\u00edstico...","og_url":"https:\/\/mivelezmalaga.com\/es\/vivir\/barrios\/","og_site_name":"Mi Velez-Malaga","article_publisher":"https:\/\/www.facebook.com\/mivelezmalaga\/","article_modified_time":"2024-01-16T09:31:22+00:00","og_image":[{"width":400,"height":252,"url":"https:\/\/mivelezmalaga.com\/wp-content\/uploads\/2016\/12\/Calle-Joaquin-Lobato-San-Francisco-e1490363271486.jpg","type":"image\/jpeg"}],"twitter_card":"summary_large_image","twitter_site":"@MiVelezMalaga","twitter_misc":{"Est. reading time":"5 minutes"},"schema":{"@context":"https:\/\/schema.org","@graph":[{"@type":"WebPage","@id":"https:\/\/mivelezmalaga.com\/es\/vivir\/barrios\/","url":"https:\/\/mivelezmalaga.com\/es\/vivir\/barrios\/","name":"El casco antiguo de V\u00e9lez-M\u00e1laga y otros barrios","isPartOf":{"@id":"https:\/\/mivelezmalaga.com\/es\/#website"},"primaryImageOfPage":{"@id":"https:\/\/mivelezmalaga.com\/es\/vivir\/barrios\/#primaryimage"},"image":{"@id":"https:\/\/mivelezmalaga.com\/es\/vivir\/barrios\/#primaryimage"},"thumbnailUrl":"https:\/\/mivelezmalaga.com\/wp-content\/uploads\/2016\/12\/Calle-Joaquin-Lobato-San-Francisco-e1490363271486.jpg","datePublished":"2019-01-24T10:23:13+00:00","dateModified":"2024-01-16T09:31:22+00:00","description":"\u00bfBuscas informaci\u00f3n m\u00e1s detallada sobre los barrios de Velez? Aqu\u00ed hay una introducci\u00f3n a los barrios de inter\u00e9s tur\u00edstico...","breadcrumb":{"@id":"https:\/\/mivelezmalaga.com\/es\/vivir\/barrios\/#breadcrumb"},"inLanguage":"es-ES","potentialAction":[{"@type":"ReadAction","target":["https:\/\/mivelezmalaga.com\/es\/vivir\/barrios\/"]}]},{"@type":"ImageObject","inLanguage":"es-ES","@id":"https:\/\/mivelezmalaga.com\/es\/vivir\/barrios\/#primaryimage","url":"https:\/\/mivelezmalaga.com\/wp-content\/uploads\/2016\/12\/Calle-Joaquin-Lobato-San-Francisco-e1490363271486.jpg","contentUrl":"https:\/\/mivelezmalaga.com\/wp-content\/uploads\/2016\/12\/Calle-Joaquin-Lobato-San-Francisco-e1490363271486.jpg","width":400,"height":252},{"@type":"BreadcrumbList","@id":"https:\/\/mivelezmalaga.com\/es\/vivir\/barrios\/#breadcrumb","itemListElement":[{"@type":"ListItem","position":1,"name":"Home","item":"https:\/\/mivelezmalaga.com\/es\/"},{"@type":"ListItem","position":2,"name":"Vivir","item":"https:\/\/mivelezmalaga.com\/es\/vivir\/"},{"@type":"ListItem","position":3,"name":"Barrios"}]},{"@type":"WebSite","@id":"https:\/\/mivelezmalaga.com\/es\/#website","url":"https:\/\/mivelezmalaga.com\/es\/","name":"Mi Velez-Malaga","description":"Welcome to V\u00e9lez","potentialAction":[{"@type":"SearchAction","target":{"@type":"EntryPoint","urlTemplate":"https:\/\/mivelezmalaga.com\/es\/?s={search_term_string}"},"query-input":{"@type":"PropertyValueSpecification","valueRequired":true,"valueName":"search_term_string"}}],"inLanguage":"es-ES"}]}},"_links":{"self":[{"href":"https:\/\/mivelezmalaga.com\/es\/wp-json\/wp\/v2\/pages\/3705","targetHints":{"allow":["GET"]}}],"collection":[{"href":"https:\/\/mivelezmalaga.com\/es\/wp-json\/wp\/v2\/pages"}],"about":[{"href":"https:\/\/mivelezmalaga.com\/es\/wp-json\/wp\/v2\/types\/page"}],"author":[{"embeddable":true,"href":"https:\/\/mivelezmalaga.com\/es\/wp-json\/wp\/v2\/users\/2"}],"replies":[{"embeddable":true,"href":"https:\/\/mivelezmalaga.com\/es\/wp-json\/wp\/v2\/comments?post=3705"}],"version-history":[{"count":2,"href":"https:\/\/mivelezmalaga.com\/es\/wp-json\/wp\/v2\/pages\/3705\/revisions"}],"predecessor-version":[{"id":8450,"href":"https:\/\/mivelezmalaga.com\/es\/wp-json\/wp\/v2\/pages\/3705\/revisions\/8450"}],"up":[{"embeddable":true,"href":"https:\/\/mivelezmalaga.com\/es\/wp-json\/wp\/v2\/pages\/3713"}],"wp:featuredmedia":[{"embeddable":true,"href":"https:\/\/mivelezmalaga.com\/es\/wp-json\/wp\/v2\/media\/4491"}],"wp:attachment":[{"href":"https:\/\/mivelezmalaga.com\/es\/wp-json\/wp\/v2\/media?parent=3705"}],"curies":[{"name":"wp","href":"https:\/\/api.w.org\/{rel}","templated":true}]}}