{"id":3706,"date":"2019-01-24T11:29:17","date_gmt":"2019-01-24T10:29:17","guid":{"rendered":"https:\/\/mivelezmalaga.com\/mercados\/"},"modified":"2024-01-16T10:31:45","modified_gmt":"2024-01-16T09:31:45","slug":"mercados","status":"publish","type":"page","link":"https:\/\/mivelezmalaga.com\/es\/vivir\/mercados\/","title":{"rendered":"Mercados"},"content":{"rendered":"\n<p>La rica vega de V\u00e9lez-M\u00e1laga ba\u00f1ado por las aguas del r\u00edo V\u00e9lez han sido explotadas desde hace muchos a\u00f1os por los agricultores, dando lugar a una gran variedad de productos agr\u00edcolas de gran calidad, siendo estos muy apreciados en diferentes pa\u00edses ya que muchos son exportados en su gran mayor\u00eda. Los productos que se quedan en la zona se venden en el mercado municipal de la ciudad y los jueves tambi\u00e9n podemos disponer de estos productos en el t\u00edpico mercadillo junto con otros productos textiles, plantas y art\u00edculos para el hogar.<\/p>\n\n\n\n<h2 class=\"wp-block-heading\">Mercado Municipal<\/h2>\n\n\n\n<p>El mejor lugar para comprar producto fresco y delicioso es el Mercado Municipal. Frutas y verduras adornan los m\u00faltiples puestos y las carnicer\u00edas y pescader\u00edas ofrecen sus mejores productos locales para deleite de los visitantes. Los puestos especializados de encurtidos y quesos ofrecen tambi\u00e9n el m\u00e1s delicioso producto de la zona y seg\u00fan la temporada en la que estemos podr\u00e1 encontrar una variedad u otra de alimentos.<\/p>\n\n\n\n<figure class=\"wp-block-image\"><img decoding=\"async\" width=\"1000\" height=\"500\" data-src=\"https:\/\/mivelezmalaga.com\/wp-content\/uploads\/2016\/12\/Fish-at-Velez-Market-Anna.jpg\" alt=\"Fish at Velez-Malaga Food Market\" class=\"wp-image-1339 lazyload\" data-srcset=\"https:\/\/mivelezmalaga.com\/wp-content\/uploads\/2016\/12\/Fish-at-Velez-Market-Anna.jpg 1000w, https:\/\/mivelezmalaga.com\/wp-content\/uploads\/2016\/12\/Fish-at-Velez-Market-Anna-300x150.jpg 300w\" data-sizes=\"(max-width: 1000px) 100vw, 1000px\" src=\"data:image\/svg+xml;base64,PHN2ZyB3aWR0aD0iMSIgaGVpZ2h0PSIxIiB4bWxucz0iaHR0cDovL3d3dy53My5vcmcvMjAwMC9zdmciPjwvc3ZnPg==\" style=\"--smush-placeholder-width: 1000px; --smush-placeholder-aspect-ratio: 1000\/500;\" \/><\/figure>\n\n\n\n<p>Encontrar\u00e1 dos bares en la parte delantera del mercado que son famosos por sus desayunos y sus men\u00fas a la hora de comer. Tambi\u00e9n puede comprar el resto de productos que quiera adquirir para su hora en una supermercado Coviran situado al lado del mercado.<\/p>\n\n\n\n<p>Direcci\u00f3n: calle Azalea, 10. Abierto: en verano de 09:00 a 14:00 y de 16:00 a 20:00. En invierno de 09:00 a 14:00 y de 16:00 a 19:00. Cerrado los domingos y festivos.<\/p>\n\n\n\n<p>Si decide ir en coche, puede aparcar en la zona de atr\u00e1s del mercado que est\u00e1 vigilado por la Asociaci\u00f3n Amivel y tambi\u00e9n podr\u00e1 aparcar en otra peque\u00f1a bolsa de aparcamiento que se encuentra un poco m\u00e1s distanciada y es totalmente gratuita.<\/p>\n\n\n\n<p>Si quiere conocer el resto de tiendas de productos locales que puede encontrar en la ciudad, hemos seleccionado un listado de nuestros favoritos:<\/p>\n\n\n\n<h3 class=\"wp-block-heading\">Catering Antonio<\/h3>\n\n\n\n<p>Al lado del nuevo Mercado de San Francisco encontramos el Catering Antonio. Este lugar est\u00e1 muy arraigado en la gastronom\u00eda de la zona ya que lleva mucho tiempo sirviendo sus platos caseros y con fundamento. Podemos confirmar que sus flamenquines son uno de los mejores que hemos probado. Es la parada ideal despu\u00e9s de una ruta por la zona del casco hist\u00f3rico de la ciudad.<\/p>\n\n\n\n<h3 class=\"wp-block-heading\">Mercadillo De Los Jueves<\/h3>\n\n\n\n<p>En este mercadillo semanal que se celebra todos los jueves podr\u00e1 encontrar una gran variedad de puestos con muchos productos diferentes, desde ropa, frutas, verduras, zapatos, productos para el hogar, plantas y artesan\u00eda. Se encuentra ubicado en la zona de expansi\u00f3n nueva de V\u00e9lez-M\u00e1laga en una gran explanada con f\u00e1cil aparcamiento. Aqu\u00ed se juega al regateo para comprar los productos al mejor precio para los visitantes.<\/p>\n\n\n\n<p>Direcci\u00f3n: Calle Alfredo Krauss. Horario: jueves de 9:00 a 14:00 horas.<\/p>\n\n\n\n<p>Aparcamiento: el aparcamiento en gratuito en todas las calles que rodean al mercadillo, tanto la calle Alfredo Krauss como la calle Plateros.<\/p>\n\n\n\n<p>Si pasa una ma\u00f1ana ajetreada de compras en el mercadillo o en algunas de las tiendas locales, puede tapear o almorzar en el centro hist\u00f3rico ya que el caso antiguo se encuentra a 15 minutos andando. Puede echarle un vistazo a nuestra selecci\u00f3n de restaurantes que se encuentran en la zona. Por el contrario, si no quiere caminar y prefiere tomar algo cerca, le recomendamos uno de nuestros favoritos cerca del mercadillo\u2026<\/p>\n\n\n\n<figure class=\"wp-block-image\"><img decoding=\"async\" width=\"998\" height=\"507\" data-src=\"https:\/\/mivelezmalaga.com\/wp-content\/uploads\/2016\/12\/Thursday-market-tomatoes.jpg\" alt=\"Raf Tomatoes at the market in Velez-Malaga \" class=\"wp-image-1338 lazyload\" data-srcset=\"https:\/\/mivelezmalaga.com\/wp-content\/uploads\/2016\/12\/Thursday-market-tomatoes.jpg 998w, https:\/\/mivelezmalaga.com\/wp-content\/uploads\/2016\/12\/Thursday-market-tomatoes-300x152.jpg 300w\" data-sizes=\"(max-width: 998px) 100vw, 998px\" src=\"data:image\/svg+xml;base64,PHN2ZyB3aWR0aD0iMSIgaGVpZ2h0PSIxIiB4bWxucz0iaHR0cDovL3d3dy53My5vcmcvMjAwMC9zdmciPjwvc3ZnPg==\" style=\"--smush-placeholder-width: 998px; --smush-placeholder-aspect-ratio: 998\/507;\" \/><\/figure>\n\n\n\n<h3 class=\"wp-block-heading\">El Canillero<\/h3>\n\n\n\n<p>Este bar de tapas es muy famoso entre los habitantes de la zona, se encuentra a los pies del mercadillo y puede sentarse a tomar una tapa y su cerveza y contemplar el bullicio de los d\u00edas de mercado. Los desayunos son una delicia y tendr\u00e1 suerte si consigue encontrar una mesa en la terraza los d\u00edas de invierno ya que le da el sol durante todo el d\u00eda. El men\u00fa del d\u00eda tiene un precio muy razonable y sus platos son todos caseros.<br>Direcci\u00f3n: Calle Herreros, 7.<\/p>\n","protected":false},"excerpt":{"rendered":"<p>La rica vega de V\u00e9lez-M\u00e1laga ba\u00f1ado por las aguas del r\u00edo V\u00e9lez han sido explotadas desde hace muchos a\u00f1os por los agricultores, dando lugar a una gran variedad de productos agr\u00edcolas de gran calidad, siendo estos muy apreciados en diferentes pa\u00edses ya que muchos son exportados en su gran mayor\u00eda. Los productos que se quedan [&hellip;]<\/p>\n","protected":false},"author":1,"featured_media":0,"parent":3713,"menu_order":0,"comment_status":"closed","ping_status":"closed","template":"page-child.php","meta":{"_acf_changed":false,"footnotes":""},"class_list":["post-3706","page","type-page","status-publish","hentry"],"acf":[],"yoast_head":"<!-- This site is optimized with the Yoast SEO plugin v27.3 - https:\/\/yoast.com\/product\/yoast-seo-wordpress\/ -->\n<title>Mercados en V\u00e9lez-M\u00e1laga - D\u00f3nde obtener los mejores productos locales de la Axarquia<\/title>\n<meta name=\"description\" content=\"Mercados en V\u00e9lez-M\u00e1laga - D\u00f3nde obtener los mejores productos locales de la Axarquia\" \/>\n<meta name=\"robots\" content=\"index, follow, max-snippet:-1, max-image-preview:large, max-video-preview:-1\" \/>\n<link rel=\"canonical\" href=\"https:\/\/mivelezmalaga.com\/es\/vivir\/mercados\/\" \/>\n<meta property=\"og:locale\" content=\"es_ES\" \/>\n<meta property=\"og:type\" content=\"article\" \/>\n<meta property=\"og:title\" content=\"Mercados en V\u00e9lez-M\u00e1laga - D\u00f3nde obtener los mejores productos locales de la Axarquia\" \/>\n<meta property=\"og:description\" content=\"Desde alimentos hasta ropa y plantas, descubra la variedad de mercados que V\u00e9lez-M\u00e1laga tiene para ofrecer.\" \/>\n<meta property=\"og:url\" content=\"https:\/\/mivelezmalaga.com\/es\/vivir\/mercados\/\" \/>\n<meta property=\"og:site_name\" content=\"Mi Velez-Malaga\" \/>\n<meta property=\"article:publisher\" content=\"https:\/\/www.facebook.com\/mivelezmalaga\/\" \/>\n<meta property=\"article:modified_time\" content=\"2024-01-16T09:31:45+00:00\" \/>\n<meta property=\"og:image\" content=\"https:\/\/mivelezmalaga.com\/wp-content\/uploads\/2016\/12\/Fish-at-Velez-Market-Anna.jpg\" \/>\n<meta name=\"twitter:card\" content=\"summary_large_image\" \/>\n<meta name=\"twitter:site\" content=\"@MiVelezMalaga\" \/>\n<meta name=\"twitter:label1\" content=\"Est. reading time\" \/>\n\t<meta name=\"twitter:data1\" content=\"4 minutes\" \/>\n<script type=\"application\/ld+json\" class=\"yoast-schema-graph\">{\"@context\":\"https:\\\/\\\/schema.org\",\"@graph\":[{\"@type\":\"WebPage\",\"@id\":\"https:\\\/\\\/mivelezmalaga.com\\\/es\\\/vivir\\\/mercados\\\/\",\"url\":\"https:\\\/\\\/mivelezmalaga.com\\\/es\\\/vivir\\\/mercados\\\/\",\"name\":\"Mercados en V\u00e9lez-M\u00e1laga - D\u00f3nde obtener los mejores productos locales de la Axarquia\",\"isPartOf\":{\"@id\":\"https:\\\/\\\/mivelezmalaga.com\\\/es\\\/#website\"},\"primaryImageOfPage\":{\"@id\":\"https:\\\/\\\/mivelezmalaga.com\\\/es\\\/vivir\\\/mercados\\\/#primaryimage\"},\"image\":{\"@id\":\"https:\\\/\\\/mivelezmalaga.com\\\/es\\\/vivir\\\/mercados\\\/#primaryimage\"},\"thumbnailUrl\":\"https:\\\/\\\/mivelezmalaga.com\\\/wp-content\\\/uploads\\\/2016\\\/12\\\/Fish-at-Velez-Market-Anna.jpg\",\"datePublished\":\"2019-01-24T10:29:17+00:00\",\"dateModified\":\"2024-01-16T09:31:45+00:00\",\"description\":\"Mercados en V\u00e9lez-M\u00e1laga - D\u00f3nde obtener los mejores productos locales de la Axarquia\",\"breadcrumb\":{\"@id\":\"https:\\\/\\\/mivelezmalaga.com\\\/es\\\/vivir\\\/mercados\\\/#breadcrumb\"},\"inLanguage\":\"es-ES\",\"potentialAction\":[{\"@type\":\"ReadAction\",\"target\":[\"https:\\\/\\\/mivelezmalaga.com\\\/es\\\/vivir\\\/mercados\\\/\"]}]},{\"@type\":\"ImageObject\",\"inLanguage\":\"es-ES\",\"@id\":\"https:\\\/\\\/mivelezmalaga.com\\\/es\\\/vivir\\\/mercados\\\/#primaryimage\",\"url\":\"https:\\\/\\\/mivelezmalaga.com\\\/wp-content\\\/uploads\\\/2016\\\/12\\\/Fish-at-Velez-Market-Anna.jpg\",\"contentUrl\":\"https:\\\/\\\/mivelezmalaga.com\\\/wp-content\\\/uploads\\\/2016\\\/12\\\/Fish-at-Velez-Market-Anna.jpg\"},{\"@type\":\"BreadcrumbList\",\"@id\":\"https:\\\/\\\/mivelezmalaga.com\\\/es\\\/vivir\\\/mercados\\\/#breadcrumb\",\"itemListElement\":[{\"@type\":\"ListItem\",\"position\":1,\"name\":\"Home\",\"item\":\"https:\\\/\\\/mivelezmalaga.com\\\/es\\\/\"},{\"@type\":\"ListItem\",\"position\":2,\"name\":\"Vivir\",\"item\":\"https:\\\/\\\/mivelezmalaga.com\\\/es\\\/vivir\\\/\"},{\"@type\":\"ListItem\",\"position\":3,\"name\":\"Mercados\"}]},{\"@type\":\"WebSite\",\"@id\":\"https:\\\/\\\/mivelezmalaga.com\\\/es\\\/#website\",\"url\":\"https:\\\/\\\/mivelezmalaga.com\\\/es\\\/\",\"name\":\"Mi Velez-Malaga\",\"description\":\"Welcome to V\u00e9lez\",\"potentialAction\":[{\"@type\":\"SearchAction\",\"target\":{\"@type\":\"EntryPoint\",\"urlTemplate\":\"https:\\\/\\\/mivelezmalaga.com\\\/es\\\/?s={search_term_string}\"},\"query-input\":{\"@type\":\"PropertyValueSpecification\",\"valueRequired\":true,\"valueName\":\"search_term_string\"}}],\"inLanguage\":\"es-ES\"}]}<\/script>\n<!-- \/ Yoast SEO plugin. -->","yoast_head_json":{"title":"Mercados en V\u00e9lez-M\u00e1laga - D\u00f3nde obtener los mejores productos locales de la Axarquia","description":"Mercados en V\u00e9lez-M\u00e1laga - D\u00f3nde obtener los mejores productos locales de la Axarquia","robots":{"index":"index","follow":"follow","max-snippet":"max-snippet:-1","max-image-preview":"max-image-preview:large","max-video-preview":"max-video-preview:-1"},"canonical":"https:\/\/mivelezmalaga.com\/es\/vivir\/mercados\/","og_locale":"es_ES","og_type":"article","og_title":"Mercados en V\u00e9lez-M\u00e1laga - D\u00f3nde obtener los mejores productos locales de la Axarquia","og_description":"Desde alimentos hasta ropa y plantas, descubra la variedad de mercados que V\u00e9lez-M\u00e1laga tiene para ofrecer.","og_url":"https:\/\/mivelezmalaga.com\/es\/vivir\/mercados\/","og_site_name":"Mi Velez-Malaga","article_publisher":"https:\/\/www.facebook.com\/mivelezmalaga\/","article_modified_time":"2024-01-16T09:31:45+00:00","og_image":[{"url":"https:\/\/mivelezmalaga.com\/wp-content\/uploads\/2016\/12\/Fish-at-Velez-Market-Anna.jpg","type":"","width":"","height":""}],"twitter_card":"summary_large_image","twitter_site":"@MiVelezMalaga","twitter_misc":{"Est. reading time":"4 minutes"},"schema":{"@context":"https:\/\/schema.org","@graph":[{"@type":"WebPage","@id":"https:\/\/mivelezmalaga.com\/es\/vivir\/mercados\/","url":"https:\/\/mivelezmalaga.com\/es\/vivir\/mercados\/","name":"Mercados en V\u00e9lez-M\u00e1laga - D\u00f3nde obtener los mejores productos locales de la Axarquia","isPartOf":{"@id":"https:\/\/mivelezmalaga.com\/es\/#website"},"primaryImageOfPage":{"@id":"https:\/\/mivelezmalaga.com\/es\/vivir\/mercados\/#primaryimage"},"image":{"@id":"https:\/\/mivelezmalaga.com\/es\/vivir\/mercados\/#primaryimage"},"thumbnailUrl":"https:\/\/mivelezmalaga.com\/wp-content\/uploads\/2016\/12\/Fish-at-Velez-Market-Anna.jpg","datePublished":"2019-01-24T10:29:17+00:00","dateModified":"2024-01-16T09:31:45+00:00","description":"Mercados en V\u00e9lez-M\u00e1laga - D\u00f3nde obtener los mejores productos locales de la Axarquia","breadcrumb":{"@id":"https:\/\/mivelezmalaga.com\/es\/vivir\/mercados\/#breadcrumb"},"inLanguage":"es-ES","potentialAction":[{"@type":"ReadAction","target":["https:\/\/mivelezmalaga.com\/es\/vivir\/mercados\/"]}]},{"@type":"ImageObject","inLanguage":"es-ES","@id":"https:\/\/mivelezmalaga.com\/es\/vivir\/mercados\/#primaryimage","url":"https:\/\/mivelezmalaga.com\/wp-content\/uploads\/2016\/12\/Fish-at-Velez-Market-Anna.jpg","contentUrl":"https:\/\/mivelezmalaga.com\/wp-content\/uploads\/2016\/12\/Fish-at-Velez-Market-Anna.jpg"},{"@type":"BreadcrumbList","@id":"https:\/\/mivelezmalaga.com\/es\/vivir\/mercados\/#breadcrumb","itemListElement":[{"@type":"ListItem","position":1,"name":"Home","item":"https:\/\/mivelezmalaga.com\/es\/"},{"@type":"ListItem","position":2,"name":"Vivir","item":"https:\/\/mivelezmalaga.com\/es\/vivir\/"},{"@type":"ListItem","position":3,"name":"Mercados"}]},{"@type":"WebSite","@id":"https:\/\/mivelezmalaga.com\/es\/#website","url":"https:\/\/mivelezmalaga.com\/es\/","name":"Mi Velez-Malaga","description":"Welcome to V\u00e9lez","potentialAction":[{"@type":"SearchAction","target":{"@type":"EntryPoint","urlTemplate":"https:\/\/mivelezmalaga.com\/es\/?s={search_term_string}"},"query-input":{"@type":"PropertyValueSpecification","valueRequired":true,"valueName":"search_term_string"}}],"inLanguage":"es-ES"}]}},"_links":{"self":[{"href":"https:\/\/mivelezmalaga.com\/es\/wp-json\/wp\/v2\/pages\/3706","targetHints":{"allow":["GET"]}}],"collection":[{"href":"https:\/\/mivelezmalaga.com\/es\/wp-json\/wp\/v2\/pages"}],"about":[{"href":"https:\/\/mivelezmalaga.com\/es\/wp-json\/wp\/v2\/types\/page"}],"author":[{"embeddable":true,"href":"https:\/\/mivelezmalaga.com\/es\/wp-json\/wp\/v2\/users\/1"}],"replies":[{"embeddable":true,"href":"https:\/\/mivelezmalaga.com\/es\/wp-json\/wp\/v2\/comments?post=3706"}],"version-history":[{"count":3,"href":"https:\/\/mivelezmalaga.com\/es\/wp-json\/wp\/v2\/pages\/3706\/revisions"}],"predecessor-version":[{"id":8455,"href":"https:\/\/mivelezmalaga.com\/es\/wp-json\/wp\/v2\/pages\/3706\/revisions\/8455"}],"up":[{"embeddable":true,"href":"https:\/\/mivelezmalaga.com\/es\/wp-json\/wp\/v2\/pages\/3713"}],"wp:attachment":[{"href":"https:\/\/mivelezmalaga.com\/es\/wp-json\/wp\/v2\/media?parent=3706"}],"curies":[{"name":"wp","href":"https:\/\/api.w.org\/{rel}","templated":true}]}}