{"id":3711,"date":"2019-01-24T12:26:19","date_gmt":"2019-01-24T11:26:19","guid":{"rendered":"https:\/\/mivelezmalaga.com\/instalaciones-deportivas\/"},"modified":"2024-01-16T10:31:41","modified_gmt":"2024-01-16T09:31:41","slug":"instalaciones-deportivas","status":"publish","type":"page","link":"https:\/\/mivelezmalaga.com\/es\/vivir\/instalaciones-deportivas\/","title":{"rendered":"Instalaciones Deportivas"},"content":{"rendered":"\n<p>Si usted es aficionado al deporte en V\u00e9lez-M\u00e1laga encontrar una gran variedad de instalaciones deportivas. Ya sea para jugar un partido de f\u00fatbol, ir al gimnasio, acudir a la piscina cubierta o jugar el p\u00e1del o al tenis. Eche un vistazo al listado que dejamos a continuaci\u00f3n.<\/p>\n\n\n\n<p>PISCINAS \u2013<\/p>\n\n\n\n<h3 class=\"wp-block-heading\">Pistas De Tenis Y P\u00e1del<\/h3>\n\n\n\n<p>El p\u00e1del es la nueva modalidad de deporte que de aqu\u00ed a un tiempo se ha hecho bastante popular. Es una mezcla entre el tenis y el squash que se juega en parejas con una pala perforada reglamentaria de p\u00e1del. Es un deporte que engancha y le recomendamos que lo pruebe para descubrir esta modalidad de origen Mexicano. Si quiere reservar una pista, se puede poner en contacto con algunas de las siguientes opciones.<\/p>\n\n\n\n<h4 class=\"wp-block-heading\">Complejo Deportivo &#8216;Fernando Ruiz Hierro&#8217;<\/h4>\n\n\n\n<p>Instalaciones: 4 pistas de p\u00e1del, clases.<\/p>\n\n\n\n<p>Direcci\u00f3n: Calle Jaime. Tel: 663 99 01 12. Abierto: lunes a viernes de 8:00 a 14:00 y de 16:00 a 23:00, s\u00e1bados de 8:00 a 22:00, dom 09:00 a 14:00.<\/p>\n\n\n\n<h4 class=\"wp-block-heading\">Complejo Deportivo &#8216;Piscina Cubierta&#8217;<\/h4>\n\n\n\n<p>Instalaciones: 2 pistas de tenis interiores y exteriores, 2 pistas de p\u00e1del interiores y exteriores. 4 mesas de tenis de mesa (tambi\u00e9n conocido popularmente como ping-pong).<\/p>\n\n\n\n<p>Direcci\u00f3n: Calle Alcalde Manuel Reyna 1-A. Tel: 664 99 01 97. Abierto de lunes a viernes de 07:00 a 23:00, s\u00e1bados de 10:00 a 14:00 y de 16:00 a 21:00.<\/p>\n\n\n\n<h4 class=\"wp-block-heading\">Complejo Deportivo &#8216;Parque Maria Zambrano&#8217;<\/h4>\n\n\n\n<p>Instalaciones: 2 pistas de p\u00e1del.<\/p>\n\n\n\n<p>Direcci\u00f3n: Parque Mar\u00eda Zambrano. Tel: 663 99 02 38. Abierto de lunes a viernes de 8:00 a 14:00 y de 19:00 a 23:00, s\u00e1bados de 09:00 a 13:00 y de 17:00 a 21:00.<\/p>\n\n\n\n<h4 class=\"wp-block-heading\">Complejo Deportivo &#8216;Vivar T\u00e9llez&#8217;<\/h4>\n\n\n\n<p>Instalaciones: 2 pistas de tenis, 2 pistas de p\u00e1del, clases.<\/p>\n\n\n\n<p>Direcci\u00f3n: Calle Enrique Atencia Portillo. Tel: 663 99 01 27. Abierto: de lunes a viernes, de 8:00 a 14:00 y de 19:00 a 23:00, s\u00e1bados de 8:00 a 14:00 y de 17:00 a 23:00, dom 8:00 a 14:00.<\/p>\n\n\n\n<p>Si necesita m\u00e1s informaci\u00f3n espec\u00edfica sobre alg\u00fan dato anterior, puede dirigirse a la direcci\u00f3n: Deportes.velezmalaga.es.<\/p>\n\n\n\n<h3 class=\"wp-block-heading\">Campos De F\u00fatbol<\/h3>\n\n\n\n<p>El f\u00fatbol es el deporte nacional en Espa\u00f1a y como resultado en V\u00e9lez-M\u00e1laga tenemos todo tipo de instalaciones que giran alrededor de la pr\u00e1ctica de este deporte. Puede unirse a algunos de los diversos polideportivos para entrenar y poner en funcionamiento sus dotes futboleras o apuntar a sus hijos en una actividad extraescolar.<\/p>\n\n\n\n<h4 class=\"wp-block-heading\">Polideportivo \u2018Fernando Ruiz Hierro\u2019<\/h4>\n\n\n\n<p>Instalaciones: campo de f\u00fatbol sala.<\/p>\n\n\n\n<p>Direcci\u00f3n: Calle Camino de Algarrobo. Tel: 952 50 55 29. Abierto de lunes a viernes de 8:00 a 14:00, s\u00e1bados de 8:00 a 22:00, dom 09:00 a 14:00.<\/p>\n\n\n\n<h4 class=\"wp-block-heading\">Campo Deportivo &#8216;Fernando Ruiz Hierro&#8217;<\/h4>\n\n\n\n<p>Instalaciones: campo de f\u00fatbol 7 y f\u00fatbol 11 con c\u00e9sped artificial y campo de f\u00fatbol tradicional con c\u00e9sped natural.<\/p>\n\n\n\n<p>Direcci\u00f3n: Calle Jaime. Tel: 663 99 01 12. Abierto: lunes a viernes de 8:00 a 14:00 y de 16:00 a 23:00, s\u00e1bados de 8:00 a 22:00, dom 09:00 a 14:00.<\/p>\n\n\n\n<h4 class=\"wp-block-heading\">Complejo Deportivo &#8216;Piscina Cubierta&#8217;<\/h4>\n\n\n\n<p>Instalaciones: campo de f\u00fatbol cubierto<\/p>\n\n\n\n<p>Direcci\u00f3n: Calle Alcalde Manuel Reyna 1-A. Tel: 664 99 01 97. Abierto: lunes a viernes de 07:00 a 23:00, s\u00e1bados de 10:00 a 14:00, dom 16:00 a 21:00.<\/p>\n\n\n\n<h4 class=\"wp-block-heading\">Complejo Deportivo &#8216;Vivar T\u00e9llez&#8217;<\/h4>\n\n\n\n<p>Instalaciones: Campo de f\u00fatbol 7 con c\u00e9sped artificial.<\/p>\n\n\n\n<p>Direcci\u00f3n: Calle Enrique Atencia Portillo. Tel: 663 99 01 27. Abierto: de lunes a viernes, de 8:00 a 14:00 y de 19:00 a 23:00, s\u00e1bados de 8:00 a 14:00 y de 17:00 a 23:00, dom 8:00 a 14:00.<\/p>\n\n\n\n<p>Si necesita m\u00e1s informaci\u00f3n espec\u00edfica sobre alg\u00fan dato anterior, puede dirigirse a la direcci\u00f3n: Deportes.velezmalaga.es.<\/p>\n\n\n\n<h3 class=\"wp-block-heading\">Otros Deportes<\/h3>\n\n\n\n<p>Como no todo va a ser f\u00fatbol, en V\u00e9lez-M\u00e1laga se puede disfrutar de otros deportes como el baloncesto, el balonmano, el ciclismo y el golf por ejemplo que tiene mucha popularidad debido al clima y al terreno que tenemos en la comarca. Si quiere practicar otros deportes en V\u00e9lez-M\u00e1laga encontrar\u00e1 las instalaciones adecuadas para su desarrollo.<\/p>\n\n\n\n<h3 class=\"wp-block-heading\">Baloncesto<\/h3>\n\n\n\n<h4 class=\"wp-block-heading\">Polideportivo \u2018Fernando Ruiz Hierro\u2019<\/h4>\n\n\n\n<p>Direcci\u00f3n: Calle Camino de Algarrobo. Tel: 952 50 55 29. Abierto de lunes a viernes de 8:00 a 14:00, s\u00e1bados de 8:00 a 22:00, dom 09:00 a 14:00.<\/p>\n\n\n\n<h4 class=\"wp-block-heading\">Complejo Deportivo &#8216;Fernando Ruiz Hierro&#8217;<\/h4>\n\n\n\n<p>Direcci\u00f3n: Calle Jaime. Tel: 663 99 01 12. Abierto: de lunes a viernes, de 8:00 a 14:00 y de 16:00 a 23:00, s\u00e1bados de 8:00 a 22:00, dom 9:00 a 14:00.<\/p>\n\n\n\n<h3 class=\"wp-block-heading\">Balonmano<\/h3>\n\n\n\n<h4 class=\"wp-block-heading\">Polideportivo &#8216;Fernando Ruiz Hierro&#8217;<\/h4>\n\n\n\n<p>Direcci\u00f3n: Calle Camino de Algarrobo. Tel: 952 50 55 29. Abierto de lunes a viernes de 8:00 a 14:00, s\u00e1bados de 8:00 a 22:00, dom 09:00 a 14:00.<\/p>\n\n\n\n<h3 class=\"wp-block-heading\">Voleibol<\/h3>\n\n\n\n<h4 class=\"wp-block-heading\">Polideportivo &#8216;Fernando Ruiz Hierro&#8217;<\/h4>\n\n\n\n<p>Direcci\u00f3n: Calle Camino de Algarrobo. Tel: 952 50 55 29. Abierto de lunes a viernes de 8:00 a 14:00, s\u00e1bados de 8:00 a 22:00, dom 09:00 a 14:00.<\/p>\n\n\n\n<h4 class=\"wp-block-heading\">Complejo Deportivo &#8216;Fernando Ruiz Hierro&#8217;<\/h4>\n\n\n\n<p>Direcci\u00f3n: Calle Jaime. Tel: 663 99 01 12. Abierto: de lunes a viernes, de 8:00 a 14:00 y de 16:00 a 23:00, s\u00e1bados de 8:00 a 22:00, dom 9:00 a 14:00.<\/p>\n\n\n\n<h3 class=\"wp-block-heading\">Rugby<\/h3>\n\n\n\n<h4 class=\"wp-block-heading\">Complejo Deportivo &#8216;Fernando Ruiz Hierro&#8217;<\/h4>\n\n\n\n<p>Instalaciones: campo de c\u00e9sped de tama\u00f1o tradicional.<\/p>\n\n\n\n<p>Direcci\u00f3n: Calle Jaime. Tel: 663 99 01 12. Abierto: de lunes a viernes, de 8:00 a 14:00 y de 16:00 a 23:00, s\u00e1bados de 8:00 a 22:00, dom 9:00 a 14:00.<\/p>\n\n\n\n<h3 class=\"wp-block-heading\">Yoga<\/h3>\n\n\n\n<h4 class=\"wp-block-heading\">El Carmen Yoga<\/h4>\n\n\n\n<p>Es un local privado en donde se realizan regularmente clases de yoga en grupos. Tambi\u00e9n existe la opci\u00f3n de contratar clases particulares.<\/p>\n\n\n\n<p>Direcci\u00f3n: Calle Porter\u00eda del Carmen, 2. Tel: 676 76 93 32.<\/p>\n\n\n\n<h4 class=\"wp-block-heading\">Complejo Deportivo &#8216;Piscina Cubierta&#8217;<\/h4>\n\n\n\n<p>Direcci\u00f3n: Calle Alcalde Manuel Reyna 1-A. Tel: 664 99 01 97. Abierto: lunes a viernes de 07:00 a 23:00, s\u00e1bados de 10:00 a 14:00, dom 16:00 a 21:00.<\/p>\n\n\n\n<h3 class=\"wp-block-heading\">Taekwondo<\/h3>\n\n\n\n<h4 class=\"wp-block-heading\">Complejo Deportivo &#8216;Piscina Cubierta&#8217;<\/h4>\n\n\n\n<p>Direcci\u00f3n: Calle Alcalde Manuel Reyna 1-A. Tel: 664 99 01 97. Abierto: lunes a viernes de 07:00 a 23:00, s\u00e1bados de 10:00 a 14:00, dom 16:00 a 21:00.<\/p>\n\n\n\n<h3 class=\"wp-block-heading\">Patinaje<\/h3>\n\n\n\n<h4 class=\"wp-block-heading\">Complejo Deportivo &#8216;Parque Maria Zambrano&#8217;<\/h4>\n\n\n\n<p>Direcci\u00f3n: Parque Mar\u00eda Zambrano. Tel: 663 99 02 38. Abierto: de lunes a viernes, de 8:00 a 14:00 y de 19:00 a 23:00, s\u00e1bados de 09:00 a 13:00 y de 17:00 a 21:00.<\/p>\n\n\n\n<p>Para consultar precios y horarios, por favor, visite la p\u00e1gina Deportes.velezmalaga.es.<\/p>\n\n\n\n<h3 class=\"wp-block-heading\">Gimnasios<\/h3>\n\n\n\n<p>Si sigue una rutina diaria en el gimnasio o si quiere asistir a alguna de las clases que se imparten, en V\u00e9lez existen varios gimnasios a precios muy competitivos en los que ponerse a punto para el verano.<\/p>\n\n\n\n<h4 class=\"wp-block-heading\">Maxfit Juan Carrillo<\/h4>\n\n\n\n<p>Instalaciones: zona de pesas, cardio, clases.<\/p>\n\n\n\n<p>Direcci\u00f3n: Calle Salvador Dal\u00ed. Tel: 952 50 35 73. Abierto: de lunes a viernes, de 8:00 a 23:00 y s\u00e1bados de 20:00 a 14:00.<\/p>\n\n\n\n<h4 class=\"wp-block-heading\">Altafit<\/h4>\n\n\n\n<p>Instalaciones: gimnasio, cardio, \u00e1rea de pesas, clases grupales, sauna, entrenador personal.<\/p>\n\n\n\n<p>Direcci\u00f3n: El Ingenio, Avda. Juan Carlos. Tel\u00e9fono: Abierto de lunes a viernes de 07:00 a 23:00. S\u00e1b 09:00 &#8211; 21:00. Sol y festivos 10:00 &#8211; 15:00.<\/p>\n\n\n\n<p><a href=\"https:\/\/altafitgymclub.com\/gimnasio-club-altafit-velez\/\" target=\"_blank\" rel=\"noopener noreferrer\">Altafitgymclub.com<\/a><\/p>\n\n\n\n<h3 class=\"wp-block-heading\"><strong>Sparta Sport&nbsp;<\/strong><\/h3>\n\n\n\n<p>Facilities: Gym, weights area, Yoga, Pilates, classes, personal trainer.<\/p>\n\n\n\n<p>Address: Carretera de arenas, 15. Tel: 682 10 00 40 Open: 8:00 &#8211; 23:00<\/p>\n\n\n\n<p><a href=\"https:\/\/www.facebook.com\/spartasportgym\/\" target=\"_blank\" rel=\"noopener noreferrer\">Sparta Sport Gym Facebook Page<\/a><\/p>\n","protected":false},"excerpt":{"rendered":"<p>Si usted es aficionado al deporte en V\u00e9lez-M\u00e1laga encontrar una gran variedad de instalaciones deportivas. Ya sea para jugar un partido de f\u00fatbol, ir al gimnasio, acudir a la piscina cubierta o jugar el p\u00e1del o al tenis. Eche un vistazo al listado que dejamos a continuaci\u00f3n. PISCINAS \u2013 Pistas De Tenis Y P\u00e1del El [&hellip;]<\/p>\n","protected":false},"author":1,"featured_media":0,"parent":3713,"menu_order":0,"comment_status":"closed","ping_status":"closed","template":"page-child.php","meta":{"_acf_changed":false,"footnotes":""},"class_list":["post-3711","page","type-page","status-publish","hentry"],"acf":[],"yoast_head":"<!-- This site is optimized with the Yoast SEO plugin v27.3 - https:\/\/yoast.com\/product\/yoast-seo-wordpress\/ -->\n<title>Instalaciones Deportivas<\/title>\n<meta name=\"robots\" content=\"index, follow, max-snippet:-1, max-image-preview:large, max-video-preview:-1\" \/>\n<link rel=\"canonical\" href=\"https:\/\/mivelezmalaga.com\/es\/vivir\/instalaciones-deportivas\/\" \/>\n<meta property=\"og:locale\" content=\"es_ES\" \/>\n<meta property=\"og:type\" content=\"article\" \/>\n<meta property=\"og:title\" content=\"Instalaciones Deportivas\" \/>\n<meta property=\"og:description\" content=\"Si usted es aficionado al deporte en V\u00e9lez-M\u00e1laga encontrar una gran variedad de instalaciones deportivas. Ya sea para jugar un partido de f\u00fatbol, ir al gimnasio, acudir a la piscina cubierta o jugar el p\u00e1del o al tenis. Eche un vistazo al listado que dejamos a continuaci\u00f3n. PISCINAS \u2013 Pistas De Tenis Y P\u00e1del El [&hellip;]\" \/>\n<meta property=\"og:url\" content=\"https:\/\/mivelezmalaga.com\/es\/vivir\/instalaciones-deportivas\/\" \/>\n<meta property=\"og:site_name\" content=\"Mi Velez-Malaga\" \/>\n<meta property=\"article:publisher\" content=\"https:\/\/www.facebook.com\/mivelezmalaga\/\" \/>\n<meta property=\"article:modified_time\" content=\"2024-01-16T09:31:41+00:00\" \/>\n<meta name=\"twitter:card\" content=\"summary_large_image\" \/>\n<meta name=\"twitter:site\" content=\"@MiVelezMalaga\" \/>\n<meta name=\"twitter:label1\" content=\"Est. reading time\" \/>\n\t<meta name=\"twitter:data1\" content=\"6 minutes\" \/>\n<script type=\"application\/ld+json\" class=\"yoast-schema-graph\">{\"@context\":\"https:\\\/\\\/schema.org\",\"@graph\":[{\"@type\":\"WebPage\",\"@id\":\"https:\\\/\\\/mivelezmalaga.com\\\/es\\\/vivir\\\/instalaciones-deportivas\\\/\",\"url\":\"https:\\\/\\\/mivelezmalaga.com\\\/es\\\/vivir\\\/instalaciones-deportivas\\\/\",\"name\":\"Instalaciones Deportivas\",\"isPartOf\":{\"@id\":\"https:\\\/\\\/mivelezmalaga.com\\\/es\\\/#website\"},\"datePublished\":\"2019-01-24T11:26:19+00:00\",\"dateModified\":\"2024-01-16T09:31:41+00:00\",\"breadcrumb\":{\"@id\":\"https:\\\/\\\/mivelezmalaga.com\\\/es\\\/vivir\\\/instalaciones-deportivas\\\/#breadcrumb\"},\"inLanguage\":\"es-ES\",\"potentialAction\":[{\"@type\":\"ReadAction\",\"target\":[\"https:\\\/\\\/mivelezmalaga.com\\\/es\\\/vivir\\\/instalaciones-deportivas\\\/\"]}]},{\"@type\":\"BreadcrumbList\",\"@id\":\"https:\\\/\\\/mivelezmalaga.com\\\/es\\\/vivir\\\/instalaciones-deportivas\\\/#breadcrumb\",\"itemListElement\":[{\"@type\":\"ListItem\",\"position\":1,\"name\":\"Home\",\"item\":\"https:\\\/\\\/mivelezmalaga.com\\\/es\\\/\"},{\"@type\":\"ListItem\",\"position\":2,\"name\":\"Vivir\",\"item\":\"https:\\\/\\\/mivelezmalaga.com\\\/es\\\/vivir\\\/\"},{\"@type\":\"ListItem\",\"position\":3,\"name\":\"Instalaciones Deportivas\"}]},{\"@type\":\"WebSite\",\"@id\":\"https:\\\/\\\/mivelezmalaga.com\\\/es\\\/#website\",\"url\":\"https:\\\/\\\/mivelezmalaga.com\\\/es\\\/\",\"name\":\"Mi Velez-Malaga\",\"description\":\"Welcome to V\u00e9lez\",\"potentialAction\":[{\"@type\":\"SearchAction\",\"target\":{\"@type\":\"EntryPoint\",\"urlTemplate\":\"https:\\\/\\\/mivelezmalaga.com\\\/es\\\/?s={search_term_string}\"},\"query-input\":{\"@type\":\"PropertyValueSpecification\",\"valueRequired\":true,\"valueName\":\"search_term_string\"}}],\"inLanguage\":\"es-ES\"}]}<\/script>\n<!-- \/ Yoast SEO plugin. -->","yoast_head_json":{"title":"Instalaciones Deportivas","robots":{"index":"index","follow":"follow","max-snippet":"max-snippet:-1","max-image-preview":"max-image-preview:large","max-video-preview":"max-video-preview:-1"},"canonical":"https:\/\/mivelezmalaga.com\/es\/vivir\/instalaciones-deportivas\/","og_locale":"es_ES","og_type":"article","og_title":"Instalaciones Deportivas","og_description":"Si usted es aficionado al deporte en V\u00e9lez-M\u00e1laga encontrar una gran variedad de instalaciones deportivas. Ya sea para jugar un partido de f\u00fatbol, ir al gimnasio, acudir a la piscina cubierta o jugar el p\u00e1del o al tenis. Eche un vistazo al listado que dejamos a continuaci\u00f3n. PISCINAS \u2013 Pistas De Tenis Y P\u00e1del El [&hellip;]","og_url":"https:\/\/mivelezmalaga.com\/es\/vivir\/instalaciones-deportivas\/","og_site_name":"Mi Velez-Malaga","article_publisher":"https:\/\/www.facebook.com\/mivelezmalaga\/","article_modified_time":"2024-01-16T09:31:41+00:00","twitter_card":"summary_large_image","twitter_site":"@MiVelezMalaga","twitter_misc":{"Est. reading time":"6 minutes"},"schema":{"@context":"https:\/\/schema.org","@graph":[{"@type":"WebPage","@id":"https:\/\/mivelezmalaga.com\/es\/vivir\/instalaciones-deportivas\/","url":"https:\/\/mivelezmalaga.com\/es\/vivir\/instalaciones-deportivas\/","name":"Instalaciones Deportivas","isPartOf":{"@id":"https:\/\/mivelezmalaga.com\/es\/#website"},"datePublished":"2019-01-24T11:26:19+00:00","dateModified":"2024-01-16T09:31:41+00:00","breadcrumb":{"@id":"https:\/\/mivelezmalaga.com\/es\/vivir\/instalaciones-deportivas\/#breadcrumb"},"inLanguage":"es-ES","potentialAction":[{"@type":"ReadAction","target":["https:\/\/mivelezmalaga.com\/es\/vivir\/instalaciones-deportivas\/"]}]},{"@type":"BreadcrumbList","@id":"https:\/\/mivelezmalaga.com\/es\/vivir\/instalaciones-deportivas\/#breadcrumb","itemListElement":[{"@type":"ListItem","position":1,"name":"Home","item":"https:\/\/mivelezmalaga.com\/es\/"},{"@type":"ListItem","position":2,"name":"Vivir","item":"https:\/\/mivelezmalaga.com\/es\/vivir\/"},{"@type":"ListItem","position":3,"name":"Instalaciones Deportivas"}]},{"@type":"WebSite","@id":"https:\/\/mivelezmalaga.com\/es\/#website","url":"https:\/\/mivelezmalaga.com\/es\/","name":"Mi Velez-Malaga","description":"Welcome to V\u00e9lez","potentialAction":[{"@type":"SearchAction","target":{"@type":"EntryPoint","urlTemplate":"https:\/\/mivelezmalaga.com\/es\/?s={search_term_string}"},"query-input":{"@type":"PropertyValueSpecification","valueRequired":true,"valueName":"search_term_string"}}],"inLanguage":"es-ES"}]}},"_links":{"self":[{"href":"https:\/\/mivelezmalaga.com\/es\/wp-json\/wp\/v2\/pages\/3711","targetHints":{"allow":["GET"]}}],"collection":[{"href":"https:\/\/mivelezmalaga.com\/es\/wp-json\/wp\/v2\/pages"}],"about":[{"href":"https:\/\/mivelezmalaga.com\/es\/wp-json\/wp\/v2\/types\/page"}],"author":[{"embeddable":true,"href":"https:\/\/mivelezmalaga.com\/es\/wp-json\/wp\/v2\/users\/1"}],"replies":[{"embeddable":true,"href":"https:\/\/mivelezmalaga.com\/es\/wp-json\/wp\/v2\/comments?post=3711"}],"version-history":[{"count":4,"href":"https:\/\/mivelezmalaga.com\/es\/wp-json\/wp\/v2\/pages\/3711\/revisions"}],"predecessor-version":[{"id":8454,"href":"https:\/\/mivelezmalaga.com\/es\/wp-json\/wp\/v2\/pages\/3711\/revisions\/8454"}],"up":[{"embeddable":true,"href":"https:\/\/mivelezmalaga.com\/es\/wp-json\/wp\/v2\/pages\/3713"}],"wp:attachment":[{"href":"https:\/\/mivelezmalaga.com\/es\/wp-json\/wp\/v2\/media?parent=3711"}],"curies":[{"name":"wp","href":"https:\/\/api.w.org\/{rel}","templated":true}]}}