{"id":3712,"date":"2019-01-24T12:38:46","date_gmt":"2019-01-24T11:38:46","guid":{"rendered":"https:\/\/mivelezmalaga.com\/como-llegar-y-transporte-publico\/"},"modified":"2024-01-16T10:31:27","modified_gmt":"2024-01-16T09:31:27","slug":"como-llegar-y-transporte-publico","status":"publish","type":"page","link":"https:\/\/mivelezmalaga.com\/es\/vivir\/como-llegar-y-transporte-publico\/","title":{"rendered":"Como Llegar Y Transporte P\u00fablico"},"content":{"rendered":"\n<p>Uno de los puntos fuertes del que V\u00e9lez-M\u00e1laga puede presumir es su f\u00e1cil accesibilidad. Se encuentra a menos de una hora del aeropuerto de M\u00e1laga y est\u00e1 estrat\u00e9gicamente situado y muy bien conectado con el transporte p\u00fablico y a escasa distancia del resto de pueblos de la comarca.<\/p>\n\n\n\n<h2 class=\"wp-block-heading\">En Coche<\/h2>\n\n\n\n<h3 class=\"wp-block-heading\">Desde M\u00e1laga, Aeropuerto De M\u00e1laga Y Sur<\/h3>\n\n\n\n<p>Tanto si se queda en M\u00e1laga o vuela directamente al aeropuerto de M\u00e1laga, el trayecto hasta V\u00e9lez-M\u00e1laga es bastante simple. Tiene que dirigirse al este ya sea desde el centro de la ciudad o desde el Aeropuerto y alcanzar la carretera MA-20. Una vez es esta v\u00eda siga hasta coger la A7. Transcurridos unos 39 minutos deber\u00e1 tomar el desv\u00edo de V\u00e9lez-M\u00e1laga (salida 272). En la rotonda tome la cuarta salida en direcci\u00f3n A-365. Al final del camino encontrar\u00e1 otra rotonda de grandes dimensiones y deber\u00e1 coger la tercera salida en direcci\u00f3n Avd. Del Rey Juan Carlos I y aqu\u00ed llegar\u00e1 a la Avenida Vivar T\u00e9llez que la puerta de entrada a V\u00e9lez-M\u00e1laga.<\/p>\n\n\n\n<p>Consulta d\u00f3nde aparcar, aqu\u00ed.<\/p>\n\n\n\n<p>Distancia desde el aeropuerto: 45 minutos.<\/p>\n\n\n\n<p>Distancia desde el centro de M\u00e1laga: 39 minutos.<\/p>\n\n\n\n<p>Desde Vi\u00f1uela Y El Norte<br>Si est\u00e1 pasando unos d\u00edas hospedado en alguna de las casas de alquiler cercanas al pantano de la Vi\u00f1uela y ha decidido visitar V\u00e9lez-M\u00e1laga, no tardar\u00e1 ni media hora en llegar a su destino. Se debe de dirigir hac\u00eda el sur y seguir la carretera hasta alcanzar la A-365. Deber\u00e1 seguir las indicaciones hac\u00eda V\u00e9lez-M\u00e1laga y pasar\u00e1 antes por la zona del Trapiche antes de llegar a V\u00e9lez.<\/p>\n\n\n\n<p>Distancia desde Vi\u00f1uela: 25 min.<\/p>\n\n\n\n<h2 class=\"wp-block-heading\">Por Transporte P\u00fablico<\/h2>\n\n\n\n<h3 class=\"wp-block-heading\">Taxis<\/h3>\n\n\n\n<p>Trasladarse en taxi es una de las opciones m\u00e1s c\u00f3modas para desplazarse de un destino a otro, pero los que hay disponibles en la zona ser\u00e1n un medio de transporte bastante caro. Si est\u00e1 en V\u00e9lez y quiere llegar a Torre del Mar, por ejemplo, el trayecto le puede salir por unos 5\u20ac. Es decir, si est\u00e1 en Nerja y quiere llegar hasta V\u00e9lez-M\u00e1laga el viaje le pueda costar unos 50\u20ac.<\/p>\n\n\n\n<p>Las opciones que le mostramos a continuaci\u00f3n se centran en trayectos en tren y autob\u00fas:<\/p>\n\n\n\n<h3 class=\"wp-block-heading\">Desde El Aeropuerto De M\u00e1laga<\/h3>\n\n\n\n<p>Desde el aeropuerto de M\u00e1laga, deber\u00e1 dirigirse a la estaci\u00f3n de autobuses y trenes Mar\u00eda Zambrano. \u00bfC\u00f3mo se llega hasta all\u00ed? Tiene tres opciones: autob\u00fas urbano, tres o taxi.<br>El autob\u00fas tiene una frecuencia de 30 minutos y tarda unos 25 minutos por un precio de 3\u20ac. El primer autob\u00fas de la ma\u00f1ana sale a las 06:57 y el \u00faltimo a las 23:57. Pero deber\u00e1 de tener en cuenta que el \u00faltimo autob\u00fas que tendr\u00e1 que coger para hacer su conexi\u00f3n con el que le llevar\u00e1 hasta V\u00e9lez, sale a las 22:12.<\/p>\n\n\n\n<p>El tren tiene una frecuencia de 20 minutos y se encuentra a 2 minutos a pie de la zona de llegadas. La distancia a la ciudad es de 9 minutos.<\/p>\n\n\n\n<p>Otra de las opciones es coger un taxi, hay una gran cantidad a disposici\u00f3n del viajero en las zonas de llegadas. El trayecto le puede salir por unos 18\u20ac.<\/p>\n\n\n\n<p>Si ha decidido coger el tren, debe e salir de la estaci\u00f3n y dirigirse a la terminal de autobuses que est\u00e1 muy cercana y coger un autob\u00fas para llevar a V\u00e9lez.<\/p>\n\n\n\n<p>El trayecto en autob\u00fas es un poco largo, ya que hay l\u00edneas de ruta (que va parando en todas los n\u00facleos de poblaci\u00f3n situados, en su mayor parte, a lo largo de la costa por lo que el trayecto se puede demorar 1 hora y 30 minutos. Si quiere esperar a uno directo (que va directo a Torre del Mar y V\u00e9lez) el trayecto es de 1 hora escasa. Los billetes se pueden comprar en las taquillas o en el propio autob\u00fas. El primer autob\u00fas sale a las 06:22 y el \u00faltimo que le llevar\u00e1 a V\u00e9lez es a las 22:52.<\/p>\n\n\n\n<h3 class=\"wp-block-heading\">Desde M\u00e1laga<\/h3>\n\n\n\n<p>Si quiere descubrir V\u00e9lez-M\u00e1laga y echar el d\u00eda descubriendo su historia, es f\u00e1cil llegar a la localidad desde la ciudad de M\u00e1laga. Puede coger un autob\u00fas desde la estaci\u00f3n Mar\u00eda Zambrano o desde el Paseo de los Curas. El trayecto es de 1 hora y media y el billete le costar\u00e1 3,50\u20ac (le recomendamos que compre el billete de ida y vuelta para que salga m\u00e1s favorable). El primer autob\u00fas con destino V\u00e9lez sale a las 06:26 y el \u00faltimo a las 22:52. El \u00faltimo autob\u00fas para regresar desde V\u00e9lez es a las 22:15.<\/p>\n\n\n\n<h3 class=\"wp-block-heading\">Desde Torre Del Mar<\/h3>\n\n\n\n<p>Para llegar a Torre del Mar existen las paradas de las l\u00edneas 1, 2 y 3 que sirven de conexi\u00f3n para cubrir las zonas del municipio. Funcionan a partir de las 06:45h desde la estaci\u00f3n de Torre del Mar. Los autobuses tienen bastante frecuencia (unos 30 minutos de espera) y hacen paradas en los lugares m\u00e1s concurridos como el Ingenio, el Hospital Comarcal, supermercados y playas. El billete le costar\u00e1 menos de 2\u20ac y le recomendamos la l\u00ednea 1 ya que es, en general, la m\u00e1s r\u00e1pida.<\/p>\n\n\n\n<h3 class=\"wp-block-heading\">Desde Vi\u00f1uela<\/h3>\n\n\n\n<p>Si estas hospedado en la zona de la Vi\u00f1uela, te informamos que solo salen 2 autobuses por d\u00eda hac\u00eda V\u00e9lez-M\u00e1laga. El primero es a las 07:40h y el segundo a las 15:20h de lunes a viernes y durante el fin de semana el horario cambia a las 09:40h y 17:25h. El billete cuesta 4\u20ac y el trayecto tiene una duraci\u00f3n de 30 minutos. Durante la semana el \u00faltimo autob\u00fas de regreso a la Vi\u00f1uela es a las 18:15h, el s\u00e1bado a las 21:00h y el domingo a las 18:00h, por lo que si piensa quedarse m\u00e1s tarde de esa hora tendr\u00e1 que buscar un taxi que lo lleve de regreso a la Vi\u00f1uela.<\/p>\n\n\n\n<h3 class=\"wp-block-heading\">Desde Nerja<\/h3>\n\n\n\n<p>Si quiere coger un autob\u00fas con destino a V\u00e9lez el horario de los autobuses es a las 07:30, 09:00, 10:15, 11:30 y 16:15h. El billete cuesta 2.20\u20ac y la duraci\u00f3n del viaje es de 1 hora. Tambi\u00e9n tiene la opci\u00f3n de coger un autob\u00fas desde Nerja a Torre del Mar (que suele tener m\u00e1s frecuencia) y est\u00e1 disponible desde las 06:30 y hasta las 21:45. La duraci\u00f3n del trayecto es de 40 minutos y para llegar a V\u00e9lez, tendr\u00e1 que coger uno de los autobuses urbano.<\/p>\n\n\n\n<p><strong>Viajar Con Bicicleta En El Transporte P\u00fablico<\/strong><\/p>\n\n\n\n<p>Esta opci\u00f3n no est\u00e1 permitida en ninguno de los transportes p\u00fablicos de la ciudad, por lo que deber\u00e1 llegar a su destino directamente en la bici por el carril habilitado para ello.<\/p>\n\n\n\n<h2 class=\"wp-block-heading\">Llegar Desde V\u00e9lez-M\u00e1laga<\/h2>\n\n\n\n<h3 class=\"wp-block-heading\">Al Aeropuerto De M\u00e1laga<\/h3>\n\n\n\n<p>Debe dirigirse a la Avenida Vivar T\u00e9llez (justo enfrente del cuartel de la Guardia Civil) donde se encuentra la parada de autobuses con destino a M\u00e1laga. Entre semana los autobuses salen con una frecuencia de 30 minutos y si quiere conocer los horarios exactos le recomendamos que visite la web de ALSA (www.alsa.es) que es la empresa de transportes que tiene la concesi\u00f3n en V\u00e9lez-M\u00e1laga. No podemos decir que los autobuses llegan totalmente puntuales pues pueden demorarse unos 10 minutos por lo que tendr\u00e1 que anticiparse a esta posibilidad por si tiene que hacer un viaje importante. La duraci\u00f3n del viaje es de 1 hora y 30 minutos hasta llegar a la estaci\u00f3n de autobuses Mar\u00eda Zambrano y el billete cuesta menos de 4\u20ac.<\/p>\n\n\n\n<p>Tambi\u00e9n puede optar por coger los autobuses directos que no hacen paradas en el resto de n\u00facleos urbanos, el trayecto es de 1 hora y sus horarios son a las 06:00, 08:00, 10:00, 15:15, 16:00, 17:00 y 19:00. Suelen llevar la informaci\u00f3n en la marquesa del autob\u00fas pero debe de estar atento a coger el bus correcto ya que suelen coincidir en hora tanto el directo como el que va haciendo paradas.<\/p>\n\n\n\n<p>Una vez llega a la \u00faltima parada (que es la estaci\u00f3n de autobuses) tiene tres opciones para llegar al aeropuerto: bus urbano, tren o taxi.<\/p>\n\n\n\n<p>El autob\u00fas urbano tiene una frecuencia de 20 minutos durante todo el d\u00eda y 40 minutos durante la noche. El trayecto es de 25 minutos y el billete le saldr\u00e1 por unos 3\u20ac. El primer bus sale a las 06:39h de la ma\u00f1ana y el \u00faltimo a las 23:08h.<\/p>\n\n\n\n<p>En tren solo tiene opci\u00f3n de viajar durante el d\u00eda, no existen trenes nocturnos. Su frecuencia es cada 20 minutos y el trayecto es de 9 minutos.<\/p>\n\n\n\n<p>Los taxis es la opci\u00f3n m\u00e1s cara, se encuentran justo a la entrada de la estaci\u00f3n Mar\u00eda Zambrano y cuestan alrededor de 15\u20ac ya que el precio de la bajada de bandera es alto y adem\u00e1s se aplica un suplemento de 5,50\u20ac. El total del viaje le puede salir por unos 17\u20ac.<\/p>\n\n\n\n<h3 class=\"wp-block-heading\">A M\u00e1laga<\/h3>\n\n\n\n<p>Para ver el trayecto puede dirigirse al apartado de c\u00f3mo llegar al Aeropuerto de M\u00e1laga. Si quiere pasar el d\u00eda por el centro de M\u00e1laga, se tendr\u00e1 que bajar la parada del Paseo de los Curas o el Puerto, ya que desde ese punto est\u00e1 muy cerca del centro hist\u00f3rico de M\u00e1laga. El horario del primer bus que sale con destino a M\u00e1laga es a las 06:00h y el \u00faltimo a las 22:15h. El \u00faltimo autob\u00fas de vuelta a V\u00e9lez es a las 22:56h.<\/p>\n\n\n\n<h3 class=\"wp-block-heading\">A Torre Del Mar<\/h3>\n\n\n\n<p>La parada en Torre del Mar es obligatoria para todos los autobuses que parten desde la Avenida Vivar T\u00e9llez. Las l\u00edneas 1, 2 y 3 tienen una frecuencia de 30 minutos y el billete le costar\u00e1 unos 2\u20ac.<\/p>\n\n\n\n<h3 class=\"wp-block-heading\">A Vi\u00f1uela<\/h3>\n\n\n\n<p>Tanto si quiere visitar el pueblo de la Vi\u00f1uela como si quiere ver el pantano, deber\u00e1 dirigirse a la parada de la Avenida Vivar T\u00e9llez. Salen 3 autobuses al d\u00eda en horario de 08:10, 12:30 y 18:15 entre semana. Los s\u00e1bados salen a las 08:10, 13:15 y 21:00, y los domingos a las 08:10, 13:15 y 18:00h. El billete cuesta unos 4\u20ac y trayecto dura 30 minutos. Si no coge el \u00faltimo autob\u00fas de regreso a V\u00e9lez, tenga en cuenta que tendr\u00e1 que coger un taxi y le puede salir el viaje por unos 40\u20ac.<\/p>\n\n\n\n<h3 class=\"wp-block-heading\">A Nerja<\/h3>\n\n\n\n<p>Desde V\u00e9lez-M\u00e1laga hay menor frecuencia de autobuses hasta Nerja. Su horario es a las 9:00, 10:00, 10:40, 11:30 y 17:15h. El trayecto es de 1 hora y 5 minutos y el billete cuesta 2,20\u20ac. Tiene otra opci\u00f3n fuera de este horario que es dirigirse a la estaci\u00f3n de autobuses de Torre del Mar (cogiendo un bus de l\u00ednea hasta all\u00ed) y los autobuses con destino a Nerja son m\u00e1s frecuentes desde Torre del Mar. El primer autob\u00fas sale a las 07:45, el billete le costar\u00e1 1.80 \u20ac y la duraci\u00f3n del trayecto es de 40 minutos. El \u00faltimo autob\u00fas con destino Nerja sale a las 23:35h. El \u00faltimo autob\u00fas de regreso a V\u00e9lez es a las 21:45h.<\/p>\n","protected":false},"excerpt":{"rendered":"<p>Uno de los puntos fuertes del que V\u00e9lez-M\u00e1laga puede presumir es su f\u00e1cil accesibilidad. Se encuentra a menos de una hora del aeropuerto de M\u00e1laga y est\u00e1 estrat\u00e9gicamente situado y muy bien conectado con el transporte p\u00fablico y a escasa distancia del resto de pueblos de la comarca. En Coche Desde M\u00e1laga, Aeropuerto De M\u00e1laga [&hellip;]<\/p>\n","protected":false},"author":1,"featured_media":4342,"parent":3713,"menu_order":0,"comment_status":"closed","ping_status":"closed","template":"page-child.php","meta":{"_acf_changed":false,"footnotes":""},"class_list":["post-3712","page","type-page","status-publish","has-post-thumbnail","hentry"],"acf":[],"yoast_head":"<!-- This site is optimized with the Yoast SEO plugin v27.3 - https:\/\/yoast.com\/product\/yoast-seo-wordpress\/ -->\n<title>C\u00f3mo llegar a V\u00e9lez-M\u00e1laga Y Transporte p\u00fablico<\/title>\n<meta name=\"description\" content=\"\u00bfC\u00f3mo llegar y alrededor de V\u00e9lez-M\u00e1laga? Aqu\u00ed hay informaci\u00f3n sobre las rutas de autob\u00fas y c\u00f3mo llegar si llegas en coche\" \/>\n<meta name=\"robots\" content=\"index, follow, max-snippet:-1, max-image-preview:large, max-video-preview:-1\" \/>\n<link rel=\"canonical\" href=\"https:\/\/mivelezmalaga.com\/es\/vivir\/como-llegar-y-transporte-publico\/\" \/>\n<meta property=\"og:locale\" content=\"es_ES\" \/>\n<meta property=\"og:type\" content=\"article\" \/>\n<meta property=\"og:title\" content=\"C\u00f3mo llegar a V\u00e9lez-M\u00e1laga Y Transporte p\u00fablico\" \/>\n<meta property=\"og:description\" content=\"\u00bfC\u00f3mo llegar y alrededor de V\u00e9lez-M\u00e1laga? Aqu\u00ed hay informaci\u00f3n sobre las rutas de autob\u00fas y c\u00f3mo llegar si llegas en coche\" \/>\n<meta property=\"og:url\" content=\"https:\/\/mivelezmalaga.com\/es\/vivir\/como-llegar-y-transporte-publico\/\" \/>\n<meta property=\"og:site_name\" content=\"Mi Velez-Malaga\" \/>\n<meta property=\"article:publisher\" content=\"https:\/\/www.facebook.com\/mivelezmalaga\/\" \/>\n<meta property=\"article:modified_time\" content=\"2024-01-16T09:31:27+00:00\" \/>\n<meta property=\"og:image\" content=\"https:\/\/mivelezmalaga.com\/wp-content\/uploads\/2016\/12\/Getting-to-Velez-Malaga.jpg\" \/>\n\t<meta property=\"og:image:width\" content=\"1500\" \/>\n\t<meta property=\"og:image:height\" content=\"800\" \/>\n\t<meta property=\"og:image:type\" content=\"image\/jpeg\" \/>\n<meta name=\"twitter:card\" content=\"summary_large_image\" \/>\n<meta name=\"twitter:site\" content=\"@MiVelezMalaga\" \/>\n<meta name=\"twitter:label1\" content=\"Est. reading time\" \/>\n\t<meta name=\"twitter:data1\" content=\"9 minutes\" \/>\n<script type=\"application\/ld+json\" class=\"yoast-schema-graph\">{\"@context\":\"https:\\\/\\\/schema.org\",\"@graph\":[{\"@type\":\"WebPage\",\"@id\":\"https:\\\/\\\/mivelezmalaga.com\\\/es\\\/vivir\\\/como-llegar-y-transporte-publico\\\/\",\"url\":\"https:\\\/\\\/mivelezmalaga.com\\\/es\\\/vivir\\\/como-llegar-y-transporte-publico\\\/\",\"name\":\"C\u00f3mo llegar a V\u00e9lez-M\u00e1laga Y Transporte p\u00fablico\",\"isPartOf\":{\"@id\":\"https:\\\/\\\/mivelezmalaga.com\\\/es\\\/#website\"},\"primaryImageOfPage\":{\"@id\":\"https:\\\/\\\/mivelezmalaga.com\\\/es\\\/vivir\\\/como-llegar-y-transporte-publico\\\/#primaryimage\"},\"image\":{\"@id\":\"https:\\\/\\\/mivelezmalaga.com\\\/es\\\/vivir\\\/como-llegar-y-transporte-publico\\\/#primaryimage\"},\"thumbnailUrl\":\"https:\\\/\\\/mivelezmalaga.com\\\/wp-content\\\/uploads\\\/2016\\\/12\\\/Getting-to-Velez-Malaga.jpg\",\"datePublished\":\"2019-01-24T11:38:46+00:00\",\"dateModified\":\"2024-01-16T09:31:27+00:00\",\"description\":\"\u00bfC\u00f3mo llegar y alrededor de V\u00e9lez-M\u00e1laga? Aqu\u00ed hay informaci\u00f3n sobre las rutas de autob\u00fas y c\u00f3mo llegar si llegas en coche\",\"breadcrumb\":{\"@id\":\"https:\\\/\\\/mivelezmalaga.com\\\/es\\\/vivir\\\/como-llegar-y-transporte-publico\\\/#breadcrumb\"},\"inLanguage\":\"es-ES\",\"potentialAction\":[{\"@type\":\"ReadAction\",\"target\":[\"https:\\\/\\\/mivelezmalaga.com\\\/es\\\/vivir\\\/como-llegar-y-transporte-publico\\\/\"]}]},{\"@type\":\"ImageObject\",\"inLanguage\":\"es-ES\",\"@id\":\"https:\\\/\\\/mivelezmalaga.com\\\/es\\\/vivir\\\/como-llegar-y-transporte-publico\\\/#primaryimage\",\"url\":\"https:\\\/\\\/mivelezmalaga.com\\\/wp-content\\\/uploads\\\/2016\\\/12\\\/Getting-to-Velez-Malaga.jpg\",\"contentUrl\":\"https:\\\/\\\/mivelezmalaga.com\\\/wp-content\\\/uploads\\\/2016\\\/12\\\/Getting-to-Velez-Malaga.jpg\",\"width\":1500,\"height\":800},{\"@type\":\"BreadcrumbList\",\"@id\":\"https:\\\/\\\/mivelezmalaga.com\\\/es\\\/vivir\\\/como-llegar-y-transporte-publico\\\/#breadcrumb\",\"itemListElement\":[{\"@type\":\"ListItem\",\"position\":1,\"name\":\"Home\",\"item\":\"https:\\\/\\\/mivelezmalaga.com\\\/es\\\/\"},{\"@type\":\"ListItem\",\"position\":2,\"name\":\"Vivir\",\"item\":\"https:\\\/\\\/mivelezmalaga.com\\\/es\\\/vivir\\\/\"},{\"@type\":\"ListItem\",\"position\":3,\"name\":\"Como Llegar Y Transporte P\u00fablico\"}]},{\"@type\":\"WebSite\",\"@id\":\"https:\\\/\\\/mivelezmalaga.com\\\/es\\\/#website\",\"url\":\"https:\\\/\\\/mivelezmalaga.com\\\/es\\\/\",\"name\":\"Mi Velez-Malaga\",\"description\":\"Welcome to V\u00e9lez\",\"potentialAction\":[{\"@type\":\"SearchAction\",\"target\":{\"@type\":\"EntryPoint\",\"urlTemplate\":\"https:\\\/\\\/mivelezmalaga.com\\\/es\\\/?s={search_term_string}\"},\"query-input\":{\"@type\":\"PropertyValueSpecification\",\"valueRequired\":true,\"valueName\":\"search_term_string\"}}],\"inLanguage\":\"es-ES\"}]}<\/script>\n<!-- \/ Yoast SEO plugin. -->","yoast_head_json":{"title":"C\u00f3mo llegar a V\u00e9lez-M\u00e1laga Y Transporte p\u00fablico","description":"\u00bfC\u00f3mo llegar y alrededor de V\u00e9lez-M\u00e1laga? Aqu\u00ed hay informaci\u00f3n sobre las rutas de autob\u00fas y c\u00f3mo llegar si llegas en coche","robots":{"index":"index","follow":"follow","max-snippet":"max-snippet:-1","max-image-preview":"max-image-preview:large","max-video-preview":"max-video-preview:-1"},"canonical":"https:\/\/mivelezmalaga.com\/es\/vivir\/como-llegar-y-transporte-publico\/","og_locale":"es_ES","og_type":"article","og_title":"C\u00f3mo llegar a V\u00e9lez-M\u00e1laga Y Transporte p\u00fablico","og_description":"\u00bfC\u00f3mo llegar y alrededor de V\u00e9lez-M\u00e1laga? Aqu\u00ed hay informaci\u00f3n sobre las rutas de autob\u00fas y c\u00f3mo llegar si llegas en coche","og_url":"https:\/\/mivelezmalaga.com\/es\/vivir\/como-llegar-y-transporte-publico\/","og_site_name":"Mi Velez-Malaga","article_publisher":"https:\/\/www.facebook.com\/mivelezmalaga\/","article_modified_time":"2024-01-16T09:31:27+00:00","og_image":[{"width":1500,"height":800,"url":"https:\/\/mivelezmalaga.com\/wp-content\/uploads\/2016\/12\/Getting-to-Velez-Malaga.jpg","type":"image\/jpeg"}],"twitter_card":"summary_large_image","twitter_site":"@MiVelezMalaga","twitter_misc":{"Est. reading time":"9 minutes"},"schema":{"@context":"https:\/\/schema.org","@graph":[{"@type":"WebPage","@id":"https:\/\/mivelezmalaga.com\/es\/vivir\/como-llegar-y-transporte-publico\/","url":"https:\/\/mivelezmalaga.com\/es\/vivir\/como-llegar-y-transporte-publico\/","name":"C\u00f3mo llegar a V\u00e9lez-M\u00e1laga Y Transporte p\u00fablico","isPartOf":{"@id":"https:\/\/mivelezmalaga.com\/es\/#website"},"primaryImageOfPage":{"@id":"https:\/\/mivelezmalaga.com\/es\/vivir\/como-llegar-y-transporte-publico\/#primaryimage"},"image":{"@id":"https:\/\/mivelezmalaga.com\/es\/vivir\/como-llegar-y-transporte-publico\/#primaryimage"},"thumbnailUrl":"https:\/\/mivelezmalaga.com\/wp-content\/uploads\/2016\/12\/Getting-to-Velez-Malaga.jpg","datePublished":"2019-01-24T11:38:46+00:00","dateModified":"2024-01-16T09:31:27+00:00","description":"\u00bfC\u00f3mo llegar y alrededor de V\u00e9lez-M\u00e1laga? Aqu\u00ed hay informaci\u00f3n sobre las rutas de autob\u00fas y c\u00f3mo llegar si llegas en coche","breadcrumb":{"@id":"https:\/\/mivelezmalaga.com\/es\/vivir\/como-llegar-y-transporte-publico\/#breadcrumb"},"inLanguage":"es-ES","potentialAction":[{"@type":"ReadAction","target":["https:\/\/mivelezmalaga.com\/es\/vivir\/como-llegar-y-transporte-publico\/"]}]},{"@type":"ImageObject","inLanguage":"es-ES","@id":"https:\/\/mivelezmalaga.com\/es\/vivir\/como-llegar-y-transporte-publico\/#primaryimage","url":"https:\/\/mivelezmalaga.com\/wp-content\/uploads\/2016\/12\/Getting-to-Velez-Malaga.jpg","contentUrl":"https:\/\/mivelezmalaga.com\/wp-content\/uploads\/2016\/12\/Getting-to-Velez-Malaga.jpg","width":1500,"height":800},{"@type":"BreadcrumbList","@id":"https:\/\/mivelezmalaga.com\/es\/vivir\/como-llegar-y-transporte-publico\/#breadcrumb","itemListElement":[{"@type":"ListItem","position":1,"name":"Home","item":"https:\/\/mivelezmalaga.com\/es\/"},{"@type":"ListItem","position":2,"name":"Vivir","item":"https:\/\/mivelezmalaga.com\/es\/vivir\/"},{"@type":"ListItem","position":3,"name":"Como Llegar Y Transporte P\u00fablico"}]},{"@type":"WebSite","@id":"https:\/\/mivelezmalaga.com\/es\/#website","url":"https:\/\/mivelezmalaga.com\/es\/","name":"Mi Velez-Malaga","description":"Welcome to V\u00e9lez","potentialAction":[{"@type":"SearchAction","target":{"@type":"EntryPoint","urlTemplate":"https:\/\/mivelezmalaga.com\/es\/?s={search_term_string}"},"query-input":{"@type":"PropertyValueSpecification","valueRequired":true,"valueName":"search_term_string"}}],"inLanguage":"es-ES"}]}},"_links":{"self":[{"href":"https:\/\/mivelezmalaga.com\/es\/wp-json\/wp\/v2\/pages\/3712","targetHints":{"allow":["GET"]}}],"collection":[{"href":"https:\/\/mivelezmalaga.com\/es\/wp-json\/wp\/v2\/pages"}],"about":[{"href":"https:\/\/mivelezmalaga.com\/es\/wp-json\/wp\/v2\/types\/page"}],"author":[{"embeddable":true,"href":"https:\/\/mivelezmalaga.com\/es\/wp-json\/wp\/v2\/users\/1"}],"replies":[{"embeddable":true,"href":"https:\/\/mivelezmalaga.com\/es\/wp-json\/wp\/v2\/comments?post=3712"}],"version-history":[{"count":3,"href":"https:\/\/mivelezmalaga.com\/es\/wp-json\/wp\/v2\/pages\/3712\/revisions"}],"predecessor-version":[{"id":8451,"href":"https:\/\/mivelezmalaga.com\/es\/wp-json\/wp\/v2\/pages\/3712\/revisions\/8451"}],"up":[{"embeddable":true,"href":"https:\/\/mivelezmalaga.com\/es\/wp-json\/wp\/v2\/pages\/3713"}],"wp:featuredmedia":[{"embeddable":true,"href":"https:\/\/mivelezmalaga.com\/es\/wp-json\/wp\/v2\/media\/4342"}],"wp:attachment":[{"href":"https:\/\/mivelezmalaga.com\/es\/wp-json\/wp\/v2\/media?parent=3712"}],"curies":[{"name":"wp","href":"https:\/\/api.w.org\/{rel}","templated":true}]}}