{"id":3713,"date":"2019-01-24T12:41:23","date_gmt":"2019-01-24T11:41:23","guid":{"rendered":"https:\/\/mivelezmalaga.com\/vivir\/"},"modified":"2024-01-16T10:29:13","modified_gmt":"2024-01-16T09:29:13","slug":"vivir","status":"publish","type":"page","link":"https:\/\/mivelezmalaga.com\/es\/vivir\/","title":{"rendered":"Vivir"},"content":{"rendered":"\n<p>Las profundas ra\u00edces hist\u00f3ricas que existen en la capital de la Axarqu\u00eda, la hacen un lugar ideal para vivir en esta localidad que se encuentra a pocos kil\u00f3metros de la costa y en la que podr\u00e1 descubrir que tiene todos los recursos que se le puede pedir a una gran urbe sin necesidad de desplazarse a la capital. A continuaci\u00f3n le detallamos un listado con informaci\u00f3n muy \u00fatil sobre colegios, parques, aparcamientos, supermercados, etc.<\/p>\n","protected":false},"excerpt":{"rendered":"<p>Las profundas ra\u00edces hist\u00f3ricas que existen en la capital de la Axarqu\u00eda, la hacen un lugar ideal para vivir en esta localidad que se encuentra a pocos kil\u00f3metros de la costa y en la que podr\u00e1 descubrir que tiene todos los recursos que se le puede pedir a una gran urbe sin necesidad de desplazarse [&hellip;]<\/p>\n","protected":false},"author":1,"featured_media":0,"parent":0,"menu_order":0,"comment_status":"closed","ping_status":"closed","template":"page-sub.php","meta":{"_acf_changed":false,"footnotes":""},"class_list":["post-3713","page","type-page","status-publish","hentry"],"acf":[],"yoast_head":"<!-- This site is optimized with the Yoast SEO plugin v27.3 - https:\/\/yoast.com\/product\/yoast-seo-wordpress\/ -->\n<title>Una gu\u00eda para vivir en Velez-Malaga<\/title>\n<meta name=\"description\" content=\"\u00bfQuieres descubrir m\u00e1s sobre la vida en V\u00e9lez-M\u00e1laga? Nuestra extensa gu\u00eda para vivir en la ciudad pasa por todo lo que hace que sea un lugar agradable para vivir.\" \/>\n<meta name=\"robots\" content=\"index, follow, max-snippet:-1, max-image-preview:large, max-video-preview:-1\" \/>\n<link rel=\"canonical\" href=\"https:\/\/mivelezmalaga.com\/es\/vivir\/\" \/>\n<meta property=\"og:locale\" content=\"es_ES\" \/>\n<meta property=\"og:type\" content=\"article\" \/>\n<meta property=\"og:title\" content=\"Una gu\u00eda para vivir en Velez-Malaga\" \/>\n<meta property=\"og:description\" content=\"\u00bfQuieres descubrir m\u00e1s sobre la vida en V\u00e9lez-M\u00e1laga? Nuestra extensa gu\u00eda para vivir en la ciudad pasa por todo lo que hace que sea un lugar agradable para vivir.\" \/>\n<meta property=\"og:url\" content=\"https:\/\/mivelezmalaga.com\/es\/vivir\/\" \/>\n<meta property=\"og:site_name\" content=\"Mi Velez-Malaga\" \/>\n<meta property=\"article:publisher\" content=\"https:\/\/www.facebook.com\/mivelezmalaga\/\" \/>\n<meta property=\"article:modified_time\" content=\"2024-01-16T09:29:13+00:00\" \/>\n<meta name=\"twitter:card\" content=\"summary_large_image\" \/>\n<meta name=\"twitter:site\" content=\"@MiVelezMalaga\" \/>\n<meta name=\"twitter:label1\" content=\"Est. reading time\" \/>\n\t<meta name=\"twitter:data1\" content=\"4 minutes\" \/>\n<script type=\"application\/ld+json\" class=\"yoast-schema-graph\">{\"@context\":\"https:\\\/\\\/schema.org\",\"@graph\":[{\"@type\":\"WebPage\",\"@id\":\"https:\\\/\\\/mivelezmalaga.com\\\/es\\\/vivir\\\/\",\"url\":\"https:\\\/\\\/mivelezmalaga.com\\\/es\\\/vivir\\\/\",\"name\":\"Una gu\u00eda para vivir en Velez-Malaga\",\"isPartOf\":{\"@id\":\"https:\\\/\\\/mivelezmalaga.com\\\/es\\\/#website\"},\"datePublished\":\"2019-01-24T11:41:23+00:00\",\"dateModified\":\"2024-01-16T09:29:13+00:00\",\"description\":\"\u00bfQuieres descubrir m\u00e1s sobre la vida en V\u00e9lez-M\u00e1laga? Nuestra extensa gu\u00eda para vivir en la ciudad pasa por todo lo que hace que sea un lugar agradable para vivir.\",\"breadcrumb\":{\"@id\":\"https:\\\/\\\/mivelezmalaga.com\\\/es\\\/vivir\\\/#breadcrumb\"},\"inLanguage\":\"es-ES\",\"potentialAction\":[{\"@type\":\"ReadAction\",\"target\":[\"https:\\\/\\\/mivelezmalaga.com\\\/es\\\/vivir\\\/\"]}]},{\"@type\":\"BreadcrumbList\",\"@id\":\"https:\\\/\\\/mivelezmalaga.com\\\/es\\\/vivir\\\/#breadcrumb\",\"itemListElement\":[{\"@type\":\"ListItem\",\"position\":1,\"name\":\"Home\",\"item\":\"https:\\\/\\\/mivelezmalaga.com\\\/es\\\/\"},{\"@type\":\"ListItem\",\"position\":2,\"name\":\"Vivir\"}]},{\"@type\":\"WebSite\",\"@id\":\"https:\\\/\\\/mivelezmalaga.com\\\/es\\\/#website\",\"url\":\"https:\\\/\\\/mivelezmalaga.com\\\/es\\\/\",\"name\":\"Mi Velez-Malaga\",\"description\":\"Welcome to V\u00e9lez\",\"potentialAction\":[{\"@type\":\"SearchAction\",\"target\":{\"@type\":\"EntryPoint\",\"urlTemplate\":\"https:\\\/\\\/mivelezmalaga.com\\\/es\\\/?s={search_term_string}\"},\"query-input\":{\"@type\":\"PropertyValueSpecification\",\"valueRequired\":true,\"valueName\":\"search_term_string\"}}],\"inLanguage\":\"es-ES\"}]}<\/script>\n<!-- \/ Yoast SEO plugin. -->","yoast_head_json":{"title":"Una gu\u00eda para vivir en Velez-Malaga","description":"\u00bfQuieres descubrir m\u00e1s sobre la vida en V\u00e9lez-M\u00e1laga? Nuestra extensa gu\u00eda para vivir en la ciudad pasa por todo lo que hace que sea un lugar agradable para vivir.","robots":{"index":"index","follow":"follow","max-snippet":"max-snippet:-1","max-image-preview":"max-image-preview:large","max-video-preview":"max-video-preview:-1"},"canonical":"https:\/\/mivelezmalaga.com\/es\/vivir\/","og_locale":"es_ES","og_type":"article","og_title":"Una gu\u00eda para vivir en Velez-Malaga","og_description":"\u00bfQuieres descubrir m\u00e1s sobre la vida en V\u00e9lez-M\u00e1laga? Nuestra extensa gu\u00eda para vivir en la ciudad pasa por todo lo que hace que sea un lugar agradable para vivir.","og_url":"https:\/\/mivelezmalaga.com\/es\/vivir\/","og_site_name":"Mi Velez-Malaga","article_publisher":"https:\/\/www.facebook.com\/mivelezmalaga\/","article_modified_time":"2024-01-16T09:29:13+00:00","twitter_card":"summary_large_image","twitter_site":"@MiVelezMalaga","twitter_misc":{"Est. reading time":"4 minutes"},"schema":{"@context":"https:\/\/schema.org","@graph":[{"@type":"WebPage","@id":"https:\/\/mivelezmalaga.com\/es\/vivir\/","url":"https:\/\/mivelezmalaga.com\/es\/vivir\/","name":"Una gu\u00eda para vivir en Velez-Malaga","isPartOf":{"@id":"https:\/\/mivelezmalaga.com\/es\/#website"},"datePublished":"2019-01-24T11:41:23+00:00","dateModified":"2024-01-16T09:29:13+00:00","description":"\u00bfQuieres descubrir m\u00e1s sobre la vida en V\u00e9lez-M\u00e1laga? Nuestra extensa gu\u00eda para vivir en la ciudad pasa por todo lo que hace que sea un lugar agradable para vivir.","breadcrumb":{"@id":"https:\/\/mivelezmalaga.com\/es\/vivir\/#breadcrumb"},"inLanguage":"es-ES","potentialAction":[{"@type":"ReadAction","target":["https:\/\/mivelezmalaga.com\/es\/vivir\/"]}]},{"@type":"BreadcrumbList","@id":"https:\/\/mivelezmalaga.com\/es\/vivir\/#breadcrumb","itemListElement":[{"@type":"ListItem","position":1,"name":"Home","item":"https:\/\/mivelezmalaga.com\/es\/"},{"@type":"ListItem","position":2,"name":"Vivir"}]},{"@type":"WebSite","@id":"https:\/\/mivelezmalaga.com\/es\/#website","url":"https:\/\/mivelezmalaga.com\/es\/","name":"Mi Velez-Malaga","description":"Welcome to V\u00e9lez","potentialAction":[{"@type":"SearchAction","target":{"@type":"EntryPoint","urlTemplate":"https:\/\/mivelezmalaga.com\/es\/?s={search_term_string}"},"query-input":{"@type":"PropertyValueSpecification","valueRequired":true,"valueName":"search_term_string"}}],"inLanguage":"es-ES"}]}},"_links":{"self":[{"href":"https:\/\/mivelezmalaga.com\/es\/wp-json\/wp\/v2\/pages\/3713","targetHints":{"allow":["GET"]}}],"collection":[{"href":"https:\/\/mivelezmalaga.com\/es\/wp-json\/wp\/v2\/pages"}],"about":[{"href":"https:\/\/mivelezmalaga.com\/es\/wp-json\/wp\/v2\/types\/page"}],"author":[{"embeddable":true,"href":"https:\/\/mivelezmalaga.com\/es\/wp-json\/wp\/v2\/users\/1"}],"replies":[{"embeddable":true,"href":"https:\/\/mivelezmalaga.com\/es\/wp-json\/wp\/v2\/comments?post=3713"}],"version-history":[{"count":5,"href":"https:\/\/mivelezmalaga.com\/es\/wp-json\/wp\/v2\/pages\/3713\/revisions"}],"predecessor-version":[{"id":8443,"href":"https:\/\/mivelezmalaga.com\/es\/wp-json\/wp\/v2\/pages\/3713\/revisions\/8443"}],"wp:attachment":[{"href":"https:\/\/mivelezmalaga.com\/es\/wp-json\/wp\/v2\/media?parent=3713"}],"curies":[{"name":"wp","href":"https:\/\/api.w.org\/{rel}","templated":true}]}}