{"id":3714,"date":"2019-01-24T12:45:34","date_gmt":"2019-01-24T11:45:34","guid":{"rendered":"https:\/\/mivelezmalaga.com\/personajes-ilustres\/"},"modified":"2024-01-16T10:24:57","modified_gmt":"2024-01-16T09:24:57","slug":"personajes-ilustres","status":"publish","type":"page","link":"https:\/\/mivelezmalaga.com\/es\/sobre-velez\/personajes-ilustres\/","title":{"rendered":"Personajes Ilustres"},"content":{"rendered":"\n<p>Pensadoras, escritores, pintores, m\u00fasicos o historiadores son algunos de los personajes que han nacido o han dejado su influencia en la comarca de la Axarqu\u00eda. En torno a su importante legado se han creado museos,&nbsp; espacios expositivos o casa natales para guardar en la memoria de los visitantes y de sus cong\u00e9neres los logros de alguno de estos personajes que han dejado huella en V\u00e9lez-M\u00e1laga.&nbsp; A continuaci\u00f3n le dejamos m\u00e1s informaci\u00f3n sobre algunos de los m\u00e1s notables personajes\u2026<\/p>\n\n\n\n<h2 class=\"wp-block-heading\">Mar\u00eda Zambrano<\/h2>\n\n\n\n<figure class=\"wp-block-image\"><img decoding=\"async\" width=\"300\" height=\"200\" data-src=\"https:\/\/mivelezmalaga.com\/wp-content\/uploads\/2016\/12\/Maria-Zambrano-Sculpture-300x200.jpg\" alt=\"Maria Zambrano Exhibition in the Palacio de Beniel\" class=\"wp-image-479 lazyload\" data-srcset=\"https:\/\/mivelezmalaga.com\/wp-content\/uploads\/2016\/12\/Maria-Zambrano-Sculpture-300x200.jpg 300w, https:\/\/mivelezmalaga.com\/wp-content\/uploads\/2016\/12\/Maria-Zambrano-Sculpture.jpg 499w\" data-sizes=\"(max-width: 300px) 100vw, 300px\" src=\"data:image\/svg+xml;base64,PHN2ZyB3aWR0aD0iMSIgaGVpZ2h0PSIxIiB4bWxucz0iaHR0cDovL3d3dy53My5vcmcvMjAwMC9zdmciPjwvc3ZnPg==\" style=\"--smush-placeholder-width: 300px; --smush-placeholder-aspect-ratio: 300\/200;\" \/><\/figure>\n\n\n\n<p>La pensadora y fil\u00f3sofa Mar\u00eda Zambrano fue la vecina m\u00e1s internacional de V\u00e9lez-M\u00e1laga. Recibi\u00f3 los dos m\u00e1ximos galardones que se conceden en Espa\u00f1a: el Premio Pr\u00edncipe de Asturias (1981) y el Premio Cervantes (1988).<\/p>\n\n\n\n<p>En V\u00e9lez-M\u00e1laga existe una fundaci\u00f3n que lleva su nombre y conserva su legado. Tambi\u00e9n la estaci\u00f3n de ferrocarril de M\u00e1laga recibe el nombre de esta fil\u00f3sofa que fue disc\u00edpula de &nbsp;<a href=\"https:\/\/es.wikipedia.org\/wiki\/Xavier_Zubiri\">Xavier Zubiri<\/a>&nbsp;y amiga de&nbsp;<a href=\"https:\/\/es.wikipedia.org\/wiki\/Jos%C3%A9_Ortega_y_Gasset\">Jos\u00e9 Ortega y Gasset<\/a>.<\/p>\n\n\n\n<p>Naci\u00f3 en abril de 1904 y muri\u00f3 en 1991. Est\u00e1 enterrada en el cementerio de la localidad y, como curiosidad, est\u00e1 enterrada entre un naranjo y un limonero.<\/p>\n\n\n\n<p>Su obra es muy extensa, pero sigue teniendo una vigencia asombrosa. Vivi\u00f3 m\u00e1s de medio siglo en el exilio.<\/p>\n\n\n\n<h2 class=\"wp-block-heading\">Juan Breva<\/h2>\n\n\n\n<p>Cantaor flamenco. El verdadero inventor de las Malague\u00f1as y los Verdiales. Alcanz\u00f3 tal fama que actu\u00f3 para los reyes Alfonso XII y Alfonso XIII. Se dice, adem\u00e1s, que algunas de sus actuaciones ten\u00edan que ser pagadas en oro, pero lo que es cierto es que Alfonso XII le asign\u00f3 una pensi\u00f3n vitalicia.<\/p>\n\n\n\n<p>Naci\u00f3 en V\u00e9lez-M\u00e1laga en 1844 y muri\u00f3 en M\u00e1laga en 1918. Su verdadero nombre es Antonio Ortega Escalona. Adquiri\u00f3 su nombre de su abuelo, que vend\u00eda frutas y atra\u00eda a los clientes cantando flamenco.<\/p>\n\n\n\n<p>V\u00e9lez-M\u00e1laga le dedic\u00f3 una calle y una escultura de Juan Breva, sentado con la guitarra, se ubica en la plaza del Carmen de la localidad.<\/p>\n\n\n\n<h2 class=\"wp-block-heading\">Jose Beltran,&nbsp;<strong>Ni\u00f1o de V\u00e9lez<\/strong><\/h2>\n\n\n\n<p>Inscrito en el Registro Civil de Benamargosa, Jos\u00e9 Beltr\u00e1n naci\u00f3 en el n\u00facleo de Triana. Figura muy importante del flamenco, naci\u00f3 en abril de 1906 y muri\u00f3 en 1976.<\/p>\n\n\n\n<p>Algunos autores y flamenc\u00f3logos hablan de \u00e9l como un aut\u00e9ntico creador en la historia del flamenco. Para otros, este calificativo es algo exagerado. Lo que s\u00ed es cierto es que a Jos\u00e9 Beltran se le debe la malague\u00f1a Caleta y Limonar.<\/p>\n\n\n\n<p>Se inici\u00f3 en el cante muy joven y con apenas veinte a\u00f1os, cantaba en el Teatro de la Latina en Madrid.<\/p>\n\n\n\n<p>En la d\u00e9cada de los cincuenta marcha a Catalu\u00f1a, como tantos andaluces en aquella \u00e9poca. No abandon\u00f3 el cante, pero trabaj\u00f3 como ditero, profesi\u00f3n perdida hoy en d\u00eda.<\/p>\n\n\n\n<p>En V\u00e9lez-M\u00e1laga cuenta con una calle y una plaza en su memoria. Tambi\u00e9n la pe\u00f1a flamenca de la localidad lleva su nombre.<\/p>\n\n\n\n<h2 class=\"wp-block-heading\">Evaristo Guerra<\/h2>\n\n\n\n<figure class=\"wp-block-image alignnone wp-image-477 size-full\"><img decoding=\"async\" width=\"500\" height=\"333\" data-src=\"https:\/\/mivelezmalaga.com\/wp-content\/uploads\/2016\/12\/Evaristo-Guerra-painting-the-Ermita-in-Velez-Malaga.jpg\" alt=\"Evaristo Guerra Painter\" class=\"wp-image-477 lazyload\" data-srcset=\"https:\/\/mivelezmalaga.com\/wp-content\/uploads\/2016\/12\/Evaristo-Guerra-painting-the-Ermita-in-Velez-Malaga.jpg 500w, https:\/\/mivelezmalaga.com\/wp-content\/uploads\/2016\/12\/Evaristo-Guerra-painting-the-Ermita-in-Velez-Malaga-300x200.jpg 300w\" data-sizes=\"(max-width: 500px) 100vw, 500px\" src=\"data:image\/svg+xml;base64,PHN2ZyB3aWR0aD0iMSIgaGVpZ2h0PSIxIiB4bWxucz0iaHR0cDovL3d3dy53My5vcmcvMjAwMC9zdmciPjwvc3ZnPg==\" style=\"--smush-placeholder-width: 500px; --smush-placeholder-aspect-ratio: 500\/333;\" \/><figcaption class=\"wp-element-caption\">Foto: Gonzalo De Quinta Valle<\/figcaption><\/figure>\n\n\n\n<p>Pintor vele\u00f1o nacido en 1942. Su trayectoria es muy extensa. Empez\u00f3 a pintar de manera autodidacta cuando era solo un ni\u00f1o. Trabaj\u00f3 de panadero en el negocio familiar y ha desarrollado gran parte de su vida profesional en Madrid donde era muy conocido en el mundo art\u00edstico madrile\u00f1o.<\/p>\n\n\n\n<p>Cabe resaltar los frescos que realiz\u00f3 en la Ermita de la Virgen de los Remedios.&nbsp; Es loable que comenzara de forma totalmente altruista en 1995 a plasmar su arte en las paredes del Cerro, cada verano hasta 2003.<\/p>\n\n\n\n<p>En esta fecha, la Fundaci\u00f3n M\u00e1laga, Turismo Andaluz y Cajamar patrocinaron la obra junto a la ayuda inicial del&nbsp; Ayuntamiento de V\u00e9lez-M\u00e1laga, por lo que el artista&nbsp;dedic\u00f3 nueve meses al a\u00f1o a la terminaci\u00f3n de su obra m\u00e1s emblem\u00e1tica, la decoraci\u00f3n interior al fresco de los 1150 metros cuadrados de la&nbsp;ermita, culmin\u00e1ndose en 2007.<\/p>\n\n\n\n<p>En palabras de Evaristo, quiso trasladar las vistas que se otean desde el Cerro al interior. Se le denomina la ermita transparente.<\/p>\n\n\n\n<p><a href=\"http:\/\/www.evaristoguerra.com\/\">evaristoguerra.com<\/a><\/p>\n\n\n\n<h3 class=\"wp-block-heading\"><img decoding=\"async\" class=\"alignnone wp-image-478 size-full lazyload\" data-src=\"https:\/\/mivelezmalaga.com\/wp-content\/uploads\/2016\/12\/Evaristo-Guerra-Sculpture.jpg\" alt=\"Evaristo Guerra Sculpture in Velez\" width=\"500\" height=\"280\" data-srcset=\"https:\/\/mivelezmalaga.com\/wp-content\/uploads\/2016\/12\/Evaristo-Guerra-Sculpture.jpg 500w, https:\/\/mivelezmalaga.com\/wp-content\/uploads\/2016\/12\/Evaristo-Guerra-Sculpture-300x168.jpg 300w\" data-sizes=\"(max-width: 500px) 100vw, 500px\" src=\"data:image\/svg+xml;base64,PHN2ZyB3aWR0aD0iMSIgaGVpZ2h0PSIxIiB4bWxucz0iaHR0cDovL3d3dy53My5vcmcvMjAwMC9zdmciPjwvc3ZnPg==\" style=\"--smush-placeholder-width: 500px; --smush-placeholder-aspect-ratio: 500\/280;\" \/><\/h3>\n\n\n\n<h2 class=\"wp-block-heading\">Juan Fern\u00e1ndez Olmo<\/h2>\n\n\n\n<p>Empresario e historiador local nacido en 1931. Gran cronista del municipio, es aficionado al flamenco y a lo largo de los a\u00f1os ha realizado una importante labor divulgativa sobre este arte y los cantaores flamencos del municipio.<\/p>\n\n\n\n<p>Persona entra\u00f1able y muy querido en la localidad ha sido articulista y conferenciante.<\/p>\n\n\n\n<h2 class=\"wp-block-heading\">Fernando Ruiz Hierro<\/h2>\n\n\n\n<p>Actualmente es entrenador del Real Oviedo. Exjugador de f\u00fatbol y figura emblem\u00e1tica e indispensable tanto en el Real Madrid y en la Selecci\u00f3n Espa\u00f1ola.<\/p>\n\n\n\n<p>Naci\u00f3 en 1968 y se form\u00f3 como futbolista en el V\u00e9lez C. F. Fue rechazado por el Club Deportivo M\u00e1laga, pero su despegue llegar\u00eda tras su militancia en el Valladolid.<\/p>\n\n\n\n<p>Ha destacado no solo en los terrenos de juego sino en los cuerpos t\u00e9cnicos como demostr\u00f3 en la Real Federaci\u00f3n Espa\u00f1ola de F\u00fatbol o como segundo entrenador del Real Madrid en la temporada 2014\/15.<\/p>\n\n\n\n<p>En el terreno de juego se le conoc\u00eda como el mariscal.<\/p>\n\n\n\n<h2 class=\"wp-block-heading\">Francisco Montoro Fern\u00e1ndez<\/h2>\n\n\n\n<p>Nacido en 1948, Francisco Montoro Fern\u00e1ndez es Doctor en Historia y ha sido profesor de Educaci\u00f3n de Personas Adultas y Secundaria.<\/p>\n\n\n\n<p>Sin embargo, Francisco Montoro destaca en V\u00e9lez-M\u00e1laga por su vinculaci\u00f3n al periodismo y como historiador.<\/p>\n\n\n\n<p>Su faceta de periodista la comenz\u00f3 a finales de la d\u00e9cada de 1970 en la prensa malague\u00f1a (Sur, Hoja del Lunes, Sol de Espa\u00f1a) y en la granadina (Ideal). Tambi\u00e9n ha colaborado en revistas como Tierras del Sur, J\u00e1bega, Isla de Arriar\u00e1n o M\u00e1laga Variaciones.<\/p>\n\n\n\n<p>Aunque en este camino profesional destaca la fundaci\u00f3n y direcci\u00f3n de la televisi\u00f3n local Velevisa donde viene desarrollando una importante labor desde 1988.<\/p>\n\n\n\n<p>Como escritor-historiador ha publicado numerosos libros sobre educaci\u00f3n e historia local. Tambi\u00e9n ha participado en conferencias y cursos.<\/p>\n","protected":false},"excerpt":{"rendered":"<p>Pensadoras, escritores, pintores, m\u00fasicos o historiadores son algunos de los personajes que han nacido o han dejado su influencia en la comarca de la Axarqu\u00eda. En torno a su importante legado se han creado museos,&nbsp; espacios expositivos o casa natales para guardar en la memoria de los visitantes y de sus cong\u00e9neres los logros de [&hellip;]<\/p>\n","protected":false},"author":1,"featured_media":4339,"parent":5601,"menu_order":0,"comment_status":"closed","ping_status":"closed","template":"page-child.php","meta":{"_acf_changed":false,"footnotes":""},"class_list":["post-3714","page","type-page","status-publish","has-post-thumbnail","hentry"],"acf":[],"yoast_head":"<!-- This site is optimized with the Yoast SEO plugin v27.3 - https:\/\/yoast.com\/product\/yoast-seo-wordpress\/ -->\n<title>Gu\u00eda de Personajes Ilustres de V\u00e9lez-M\u00e1laga<\/title>\n<meta name=\"description\" content=\"\u00bfQuieres descubrir m\u00e1s sobre gente influyente y famosa de V\u00e9lez-M\u00e1laga? Echa un vistazo a nuestra gu\u00eda completa aqu\u00ed.\" \/>\n<meta name=\"robots\" content=\"index, follow, max-snippet:-1, max-image-preview:large, max-video-preview:-1\" \/>\n<link rel=\"canonical\" href=\"https:\/\/mivelezmalaga.com\/es\/sobre-velez\/personajes-ilustres\/\" \/>\n<meta property=\"og:locale\" content=\"es_ES\" \/>\n<meta property=\"og:type\" content=\"article\" \/>\n<meta property=\"og:title\" content=\"Gu\u00eda de Personajes Ilustres de V\u00e9lez-M\u00e1laga\" \/>\n<meta property=\"og:description\" content=\"\u00bfQuieres descubrir m\u00e1s sobre gente influyente y famosa de V\u00e9lez-M\u00e1laga? Echa un vistazo a nuestra gu\u00eda completa aqu\u00ed.\" \/>\n<meta property=\"og:url\" content=\"https:\/\/mivelezmalaga.com\/es\/sobre-velez\/personajes-ilustres\/\" \/>\n<meta property=\"og:site_name\" content=\"Mi Velez-Malaga\" \/>\n<meta property=\"article:publisher\" content=\"https:\/\/www.facebook.com\/mivelezmalaga\/\" \/>\n<meta property=\"article:modified_time\" content=\"2024-01-16T09:24:57+00:00\" \/>\n<meta property=\"og:image\" content=\"https:\/\/mivelezmalaga.com\/wp-content\/uploads\/2016\/12\/Evaristo-Guerra-Sculpture.jpg\" \/>\n\t<meta property=\"og:image:width\" content=\"500\" \/>\n\t<meta property=\"og:image:height\" content=\"280\" \/>\n\t<meta property=\"og:image:type\" content=\"image\/jpeg\" \/>\n<meta name=\"twitter:card\" content=\"summary_large_image\" \/>\n<meta name=\"twitter:site\" content=\"@MiVelezMalaga\" \/>\n<meta name=\"twitter:label1\" content=\"Est. reading time\" \/>\n\t<meta name=\"twitter:data1\" content=\"5 minutes\" \/>\n<script type=\"application\/ld+json\" class=\"yoast-schema-graph\">{\"@context\":\"https:\\\/\\\/schema.org\",\"@graph\":[{\"@type\":\"WebPage\",\"@id\":\"https:\\\/\\\/mivelezmalaga.com\\\/es\\\/sobre-velez\\\/personajes-ilustres\\\/\",\"url\":\"https:\\\/\\\/mivelezmalaga.com\\\/es\\\/sobre-velez\\\/personajes-ilustres\\\/\",\"name\":\"Gu\u00eda de Personajes Ilustres de V\u00e9lez-M\u00e1laga\",\"isPartOf\":{\"@id\":\"https:\\\/\\\/mivelezmalaga.com\\\/es\\\/#website\"},\"primaryImageOfPage\":{\"@id\":\"https:\\\/\\\/mivelezmalaga.com\\\/es\\\/sobre-velez\\\/personajes-ilustres\\\/#primaryimage\"},\"image\":{\"@id\":\"https:\\\/\\\/mivelezmalaga.com\\\/es\\\/sobre-velez\\\/personajes-ilustres\\\/#primaryimage\"},\"thumbnailUrl\":\"https:\\\/\\\/mivelezmalaga.com\\\/wp-content\\\/uploads\\\/2016\\\/12\\\/Evaristo-Guerra-Sculpture.jpg\",\"datePublished\":\"2019-01-24T11:45:34+00:00\",\"dateModified\":\"2024-01-16T09:24:57+00:00\",\"description\":\"\u00bfQuieres descubrir m\u00e1s sobre gente influyente y famosa de V\u00e9lez-M\u00e1laga? Echa un vistazo a nuestra gu\u00eda completa aqu\u00ed.\",\"breadcrumb\":{\"@id\":\"https:\\\/\\\/mivelezmalaga.com\\\/es\\\/sobre-velez\\\/personajes-ilustres\\\/#breadcrumb\"},\"inLanguage\":\"es-ES\",\"potentialAction\":[{\"@type\":\"ReadAction\",\"target\":[\"https:\\\/\\\/mivelezmalaga.com\\\/es\\\/sobre-velez\\\/personajes-ilustres\\\/\"]}]},{\"@type\":\"ImageObject\",\"inLanguage\":\"es-ES\",\"@id\":\"https:\\\/\\\/mivelezmalaga.com\\\/es\\\/sobre-velez\\\/personajes-ilustres\\\/#primaryimage\",\"url\":\"https:\\\/\\\/mivelezmalaga.com\\\/wp-content\\\/uploads\\\/2016\\\/12\\\/Evaristo-Guerra-Sculpture.jpg\",\"contentUrl\":\"https:\\\/\\\/mivelezmalaga.com\\\/wp-content\\\/uploads\\\/2016\\\/12\\\/Evaristo-Guerra-Sculpture.jpg\",\"width\":500,\"height\":280},{\"@type\":\"BreadcrumbList\",\"@id\":\"https:\\\/\\\/mivelezmalaga.com\\\/es\\\/sobre-velez\\\/personajes-ilustres\\\/#breadcrumb\",\"itemListElement\":[{\"@type\":\"ListItem\",\"position\":1,\"name\":\"Home\",\"item\":\"https:\\\/\\\/mivelezmalaga.com\\\/es\\\/\"},{\"@type\":\"ListItem\",\"position\":2,\"name\":\"Sobre V\u00e9lez\",\"item\":\"https:\\\/\\\/mivelezmalaga.com\\\/es\\\/sobre-velez\\\/\"},{\"@type\":\"ListItem\",\"position\":3,\"name\":\"Personajes Ilustres\"}]},{\"@type\":\"WebSite\",\"@id\":\"https:\\\/\\\/mivelezmalaga.com\\\/es\\\/#website\",\"url\":\"https:\\\/\\\/mivelezmalaga.com\\\/es\\\/\",\"name\":\"Mi Velez-Malaga\",\"description\":\"Welcome to V\u00e9lez\",\"potentialAction\":[{\"@type\":\"SearchAction\",\"target\":{\"@type\":\"EntryPoint\",\"urlTemplate\":\"https:\\\/\\\/mivelezmalaga.com\\\/es\\\/?s={search_term_string}\"},\"query-input\":{\"@type\":\"PropertyValueSpecification\",\"valueRequired\":true,\"valueName\":\"search_term_string\"}}],\"inLanguage\":\"es-ES\"}]}<\/script>\n<!-- \/ Yoast SEO plugin. -->","yoast_head_json":{"title":"Gu\u00eda de Personajes Ilustres de V\u00e9lez-M\u00e1laga","description":"\u00bfQuieres descubrir m\u00e1s sobre gente influyente y famosa de V\u00e9lez-M\u00e1laga? Echa un vistazo a nuestra gu\u00eda completa aqu\u00ed.","robots":{"index":"index","follow":"follow","max-snippet":"max-snippet:-1","max-image-preview":"max-image-preview:large","max-video-preview":"max-video-preview:-1"},"canonical":"https:\/\/mivelezmalaga.com\/es\/sobre-velez\/personajes-ilustres\/","og_locale":"es_ES","og_type":"article","og_title":"Gu\u00eda de Personajes Ilustres de V\u00e9lez-M\u00e1laga","og_description":"\u00bfQuieres descubrir m\u00e1s sobre gente influyente y famosa de V\u00e9lez-M\u00e1laga? Echa un vistazo a nuestra gu\u00eda completa aqu\u00ed.","og_url":"https:\/\/mivelezmalaga.com\/es\/sobre-velez\/personajes-ilustres\/","og_site_name":"Mi Velez-Malaga","article_publisher":"https:\/\/www.facebook.com\/mivelezmalaga\/","article_modified_time":"2024-01-16T09:24:57+00:00","og_image":[{"width":500,"height":280,"url":"https:\/\/mivelezmalaga.com\/wp-content\/uploads\/2016\/12\/Evaristo-Guerra-Sculpture.jpg","type":"image\/jpeg"}],"twitter_card":"summary_large_image","twitter_site":"@MiVelezMalaga","twitter_misc":{"Est. reading time":"5 minutes"},"schema":{"@context":"https:\/\/schema.org","@graph":[{"@type":"WebPage","@id":"https:\/\/mivelezmalaga.com\/es\/sobre-velez\/personajes-ilustres\/","url":"https:\/\/mivelezmalaga.com\/es\/sobre-velez\/personajes-ilustres\/","name":"Gu\u00eda de Personajes Ilustres de V\u00e9lez-M\u00e1laga","isPartOf":{"@id":"https:\/\/mivelezmalaga.com\/es\/#website"},"primaryImageOfPage":{"@id":"https:\/\/mivelezmalaga.com\/es\/sobre-velez\/personajes-ilustres\/#primaryimage"},"image":{"@id":"https:\/\/mivelezmalaga.com\/es\/sobre-velez\/personajes-ilustres\/#primaryimage"},"thumbnailUrl":"https:\/\/mivelezmalaga.com\/wp-content\/uploads\/2016\/12\/Evaristo-Guerra-Sculpture.jpg","datePublished":"2019-01-24T11:45:34+00:00","dateModified":"2024-01-16T09:24:57+00:00","description":"\u00bfQuieres descubrir m\u00e1s sobre gente influyente y famosa de V\u00e9lez-M\u00e1laga? Echa un vistazo a nuestra gu\u00eda completa aqu\u00ed.","breadcrumb":{"@id":"https:\/\/mivelezmalaga.com\/es\/sobre-velez\/personajes-ilustres\/#breadcrumb"},"inLanguage":"es-ES","potentialAction":[{"@type":"ReadAction","target":["https:\/\/mivelezmalaga.com\/es\/sobre-velez\/personajes-ilustres\/"]}]},{"@type":"ImageObject","inLanguage":"es-ES","@id":"https:\/\/mivelezmalaga.com\/es\/sobre-velez\/personajes-ilustres\/#primaryimage","url":"https:\/\/mivelezmalaga.com\/wp-content\/uploads\/2016\/12\/Evaristo-Guerra-Sculpture.jpg","contentUrl":"https:\/\/mivelezmalaga.com\/wp-content\/uploads\/2016\/12\/Evaristo-Guerra-Sculpture.jpg","width":500,"height":280},{"@type":"BreadcrumbList","@id":"https:\/\/mivelezmalaga.com\/es\/sobre-velez\/personajes-ilustres\/#breadcrumb","itemListElement":[{"@type":"ListItem","position":1,"name":"Home","item":"https:\/\/mivelezmalaga.com\/es\/"},{"@type":"ListItem","position":2,"name":"Sobre V\u00e9lez","item":"https:\/\/mivelezmalaga.com\/es\/sobre-velez\/"},{"@type":"ListItem","position":3,"name":"Personajes Ilustres"}]},{"@type":"WebSite","@id":"https:\/\/mivelezmalaga.com\/es\/#website","url":"https:\/\/mivelezmalaga.com\/es\/","name":"Mi Velez-Malaga","description":"Welcome to V\u00e9lez","potentialAction":[{"@type":"SearchAction","target":{"@type":"EntryPoint","urlTemplate":"https:\/\/mivelezmalaga.com\/es\/?s={search_term_string}"},"query-input":{"@type":"PropertyValueSpecification","valueRequired":true,"valueName":"search_term_string"}}],"inLanguage":"es-ES"}]}},"_links":{"self":[{"href":"https:\/\/mivelezmalaga.com\/es\/wp-json\/wp\/v2\/pages\/3714","targetHints":{"allow":["GET"]}}],"collection":[{"href":"https:\/\/mivelezmalaga.com\/es\/wp-json\/wp\/v2\/pages"}],"about":[{"href":"https:\/\/mivelezmalaga.com\/es\/wp-json\/wp\/v2\/types\/page"}],"author":[{"embeddable":true,"href":"https:\/\/mivelezmalaga.com\/es\/wp-json\/wp\/v2\/users\/1"}],"replies":[{"embeddable":true,"href":"https:\/\/mivelezmalaga.com\/es\/wp-json\/wp\/v2\/comments?post=3714"}],"version-history":[{"count":2,"href":"https:\/\/mivelezmalaga.com\/es\/wp-json\/wp\/v2\/pages\/3714\/revisions"}],"predecessor-version":[{"id":8427,"href":"https:\/\/mivelezmalaga.com\/es\/wp-json\/wp\/v2\/pages\/3714\/revisions\/8427"}],"up":[{"embeddable":true,"href":"https:\/\/mivelezmalaga.com\/es\/wp-json\/wp\/v2\/pages\/5601"}],"wp:featuredmedia":[{"embeddable":true,"href":"https:\/\/mivelezmalaga.com\/es\/wp-json\/wp\/v2\/media\/4339"}],"wp:attachment":[{"href":"https:\/\/mivelezmalaga.com\/es\/wp-json\/wp\/v2\/media?parent=3714"}],"curies":[{"name":"wp","href":"https:\/\/api.w.org\/{rel}","templated":true}]}}