{"id":3716,"date":"2019-01-24T13:02:13","date_gmt":"2019-01-24T12:02:13","guid":{"rendered":"https:\/\/mivelezmalaga.com\/hoteles-y-bb\/hotel-cortijo-bravo\/"},"modified":"2024-01-16T10:14:17","modified_gmt":"2024-01-16T09:14:17","slug":"hotel-cortijo-bravo","status":"publish","type":"page","link":"https:\/\/mivelezmalaga.com\/es\/alojamiento\/hoteles-y-bb\/hotel-cortijo-bravo\/","title":{"rendered":"Hotel Cortijo Bravo"},"content":{"rendered":"\n<p>Hotel Cortijo Bravo<\/p>\n\n\n\n<p>El B bou Hotel Cortijo Bravo&nbsp;le ofrece desconectar en un lugar m\u00e1gico rodeado de naturaleza, a tan solo 15 minutos de V\u00e9lez-M\u00e1laga. El hotel cuenta con 21 habitaciones cada una con su propia decoraci\u00f3n y estilo, ninguna es parecida e integran la construcci\u00f3n tradicional andaluza con los servicios m\u00e1s modernos para disfrutar de la estancia. En este entono espectacular y m\u00e1gico no es de extra\u00f1ar que muchas parejas quieran celebrar su enlace rodeados de maravillosas vistas y se realicen todo tipo de celebraciones. El restaurante del hotel ofrece una cocina mediterr\u00e1nea con toques modernos y creativos con la posibilidad de comer en la terraza con vistas a la Maroma y a los pueblos blancos de la Comarca. Todos estos detalles hacen que sea uno de los mejores hoteles de la Axarqu\u00eda.<\/p>\n\n\n\n<p>Precios: desde \u20ac 66.50 por una habitaci\u00f3n individual y \u20ac 70 por una habitaci\u00f3n doble est\u00e1ndar hasta \u20ac 95 por una suite junior.<\/p>\n\n\n\n<p>Direcci\u00f3n: Carretera de V\u00e9lez a Benamocarra (1,5 km). Tel: 951 55 00 48. Hotelcortijobravo.com.<\/p>\n","protected":false},"excerpt":{"rendered":"<p>Hotel Cortijo Bravo El B bou Hotel Cortijo Bravo&nbsp;le ofrece desconectar en un lugar m\u00e1gico rodeado de naturaleza, a tan solo 15 minutos de V\u00e9lez-M\u00e1laga. El hotel cuenta con 21 habitaciones cada una con su propia decoraci\u00f3n y estilo, ninguna es parecida e integran la construcci\u00f3n tradicional andaluza con los servicios m\u00e1s modernos para disfrutar [&hellip;]<\/p>\n","protected":false},"author":3,"featured_media":0,"parent":3697,"menu_order":0,"comment_status":"closed","ping_status":"closed","template":"page-child.php","meta":{"_acf_changed":false,"footnotes":""},"class_list":["post-3716","page","type-page","status-publish","hentry"],"acf":[],"yoast_head":"<!-- This site is optimized with the Yoast SEO plugin v27.3 - https:\/\/yoast.com\/product\/yoast-seo-wordpress\/ -->\n<title>Un hotel boutique y un lugar de bodas cerca de V\u00e9lez-M\u00e1laga<\/title>\n<meta name=\"description\" content=\"El hotel cuenta con 21 habitaciones, una fant\u00e1stica piscina al aire libre, un excelente restaurante con un enfoque en la cocina mediterr\u00e1nea local y vistas asombrosas.\" \/>\n<meta name=\"robots\" content=\"index, follow, max-snippet:-1, max-image-preview:large, max-video-preview:-1\" \/>\n<link rel=\"canonical\" href=\"https:\/\/mivelezmalaga.com\/es\/alojamiento\/hoteles-y-bb\/hotel-cortijo-bravo\/\" \/>\n<meta property=\"og:locale\" content=\"es_ES\" \/>\n<meta property=\"og:type\" content=\"article\" \/>\n<meta property=\"og:title\" content=\"Un hotel boutique y un lugar de bodas cerca de V\u00e9lez-M\u00e1laga\" \/>\n<meta property=\"og:description\" content=\"El hotel cuenta con 21 habitaciones, una fant\u00e1stica piscina al aire libre, un excelente restaurante con un enfoque en la cocina mediterr\u00e1nea local y vistas asombrosas.\" \/>\n<meta property=\"og:url\" content=\"https:\/\/mivelezmalaga.com\/es\/alojamiento\/hoteles-y-bb\/hotel-cortijo-bravo\/\" \/>\n<meta property=\"og:site_name\" content=\"Mi Velez-Malaga\" \/>\n<meta property=\"article:publisher\" content=\"https:\/\/www.facebook.com\/mivelezmalaga\/\" \/>\n<meta property=\"article:modified_time\" content=\"2024-01-16T09:14:17+00:00\" \/>\n<meta name=\"twitter:card\" content=\"summary_large_image\" \/>\n<meta name=\"twitter:site\" content=\"@MiVelezMalaga\" \/>\n<meta name=\"twitter:label1\" content=\"Est. reading time\" \/>\n\t<meta name=\"twitter:data1\" content=\"1 minute\" \/>\n<script type=\"application\/ld+json\" class=\"yoast-schema-graph\">{\"@context\":\"https:\\\/\\\/schema.org\",\"@graph\":[{\"@type\":\"WebPage\",\"@id\":\"https:\\\/\\\/mivelezmalaga.com\\\/es\\\/alojamiento\\\/hoteles-y-bb\\\/hotel-cortijo-bravo\\\/\",\"url\":\"https:\\\/\\\/mivelezmalaga.com\\\/es\\\/alojamiento\\\/hoteles-y-bb\\\/hotel-cortijo-bravo\\\/\",\"name\":\"Un hotel boutique y un lugar de bodas cerca de V\u00e9lez-M\u00e1laga\",\"isPartOf\":{\"@id\":\"https:\\\/\\\/mivelezmalaga.com\\\/es\\\/#website\"},\"datePublished\":\"2019-01-24T12:02:13+00:00\",\"dateModified\":\"2024-01-16T09:14:17+00:00\",\"description\":\"El hotel cuenta con 21 habitaciones, una fant\u00e1stica piscina al aire libre, un excelente restaurante con un enfoque en la cocina mediterr\u00e1nea local y vistas asombrosas.\",\"breadcrumb\":{\"@id\":\"https:\\\/\\\/mivelezmalaga.com\\\/es\\\/alojamiento\\\/hoteles-y-bb\\\/hotel-cortijo-bravo\\\/#breadcrumb\"},\"inLanguage\":\"es-ES\",\"potentialAction\":[{\"@type\":\"ReadAction\",\"target\":[\"https:\\\/\\\/mivelezmalaga.com\\\/es\\\/alojamiento\\\/hoteles-y-bb\\\/hotel-cortijo-bravo\\\/\"]}]},{\"@type\":\"BreadcrumbList\",\"@id\":\"https:\\\/\\\/mivelezmalaga.com\\\/es\\\/alojamiento\\\/hoteles-y-bb\\\/hotel-cortijo-bravo\\\/#breadcrumb\",\"itemListElement\":[{\"@type\":\"ListItem\",\"position\":1,\"name\":\"Home\",\"item\":\"https:\\\/\\\/mivelezmalaga.com\\\/es\\\/\"},{\"@type\":\"ListItem\",\"position\":2,\"name\":\"Alojamiento\",\"item\":\"https:\\\/\\\/mivelezmalaga.com\\\/es\\\/alojamiento\\\/\"},{\"@type\":\"ListItem\",\"position\":3,\"name\":\"Hoteles y B&#038;B\",\"item\":\"https:\\\/\\\/mivelezmalaga.com\\\/es\\\/alojamiento\\\/hoteles-y-bb\\\/\"},{\"@type\":\"ListItem\",\"position\":4,\"name\":\"Hotel Cortijo Bravo\"}]},{\"@type\":\"WebSite\",\"@id\":\"https:\\\/\\\/mivelezmalaga.com\\\/es\\\/#website\",\"url\":\"https:\\\/\\\/mivelezmalaga.com\\\/es\\\/\",\"name\":\"Mi Velez-Malaga\",\"description\":\"Welcome to V\u00e9lez\",\"potentialAction\":[{\"@type\":\"SearchAction\",\"target\":{\"@type\":\"EntryPoint\",\"urlTemplate\":\"https:\\\/\\\/mivelezmalaga.com\\\/es\\\/?s={search_term_string}\"},\"query-input\":{\"@type\":\"PropertyValueSpecification\",\"valueRequired\":true,\"valueName\":\"search_term_string\"}}],\"inLanguage\":\"es-ES\"}]}<\/script>\n<!-- \/ Yoast SEO plugin. -->","yoast_head_json":{"title":"Un hotel boutique y un lugar de bodas cerca de V\u00e9lez-M\u00e1laga","description":"El hotel cuenta con 21 habitaciones, una fant\u00e1stica piscina al aire libre, un excelente restaurante con un enfoque en la cocina mediterr\u00e1nea local y vistas asombrosas.","robots":{"index":"index","follow":"follow","max-snippet":"max-snippet:-1","max-image-preview":"max-image-preview:large","max-video-preview":"max-video-preview:-1"},"canonical":"https:\/\/mivelezmalaga.com\/es\/alojamiento\/hoteles-y-bb\/hotel-cortijo-bravo\/","og_locale":"es_ES","og_type":"article","og_title":"Un hotel boutique y un lugar de bodas cerca de V\u00e9lez-M\u00e1laga","og_description":"El hotel cuenta con 21 habitaciones, una fant\u00e1stica piscina al aire libre, un excelente restaurante con un enfoque en la cocina mediterr\u00e1nea local y vistas asombrosas.","og_url":"https:\/\/mivelezmalaga.com\/es\/alojamiento\/hoteles-y-bb\/hotel-cortijo-bravo\/","og_site_name":"Mi Velez-Malaga","article_publisher":"https:\/\/www.facebook.com\/mivelezmalaga\/","article_modified_time":"2024-01-16T09:14:17+00:00","twitter_card":"summary_large_image","twitter_site":"@MiVelezMalaga","twitter_misc":{"Est. reading time":"1 minute"},"schema":{"@context":"https:\/\/schema.org","@graph":[{"@type":"WebPage","@id":"https:\/\/mivelezmalaga.com\/es\/alojamiento\/hoteles-y-bb\/hotel-cortijo-bravo\/","url":"https:\/\/mivelezmalaga.com\/es\/alojamiento\/hoteles-y-bb\/hotel-cortijo-bravo\/","name":"Un hotel boutique y un lugar de bodas cerca de V\u00e9lez-M\u00e1laga","isPartOf":{"@id":"https:\/\/mivelezmalaga.com\/es\/#website"},"datePublished":"2019-01-24T12:02:13+00:00","dateModified":"2024-01-16T09:14:17+00:00","description":"El hotel cuenta con 21 habitaciones, una fant\u00e1stica piscina al aire libre, un excelente restaurante con un enfoque en la cocina mediterr\u00e1nea local y vistas asombrosas.","breadcrumb":{"@id":"https:\/\/mivelezmalaga.com\/es\/alojamiento\/hoteles-y-bb\/hotel-cortijo-bravo\/#breadcrumb"},"inLanguage":"es-ES","potentialAction":[{"@type":"ReadAction","target":["https:\/\/mivelezmalaga.com\/es\/alojamiento\/hoteles-y-bb\/hotel-cortijo-bravo\/"]}]},{"@type":"BreadcrumbList","@id":"https:\/\/mivelezmalaga.com\/es\/alojamiento\/hoteles-y-bb\/hotel-cortijo-bravo\/#breadcrumb","itemListElement":[{"@type":"ListItem","position":1,"name":"Home","item":"https:\/\/mivelezmalaga.com\/es\/"},{"@type":"ListItem","position":2,"name":"Alojamiento","item":"https:\/\/mivelezmalaga.com\/es\/alojamiento\/"},{"@type":"ListItem","position":3,"name":"Hoteles y B&#038;B","item":"https:\/\/mivelezmalaga.com\/es\/alojamiento\/hoteles-y-bb\/"},{"@type":"ListItem","position":4,"name":"Hotel Cortijo Bravo"}]},{"@type":"WebSite","@id":"https:\/\/mivelezmalaga.com\/es\/#website","url":"https:\/\/mivelezmalaga.com\/es\/","name":"Mi Velez-Malaga","description":"Welcome to V\u00e9lez","potentialAction":[{"@type":"SearchAction","target":{"@type":"EntryPoint","urlTemplate":"https:\/\/mivelezmalaga.com\/es\/?s={search_term_string}"},"query-input":{"@type":"PropertyValueSpecification","valueRequired":true,"valueName":"search_term_string"}}],"inLanguage":"es-ES"}]}},"_links":{"self":[{"href":"https:\/\/mivelezmalaga.com\/es\/wp-json\/wp\/v2\/pages\/3716","targetHints":{"allow":["GET"]}}],"collection":[{"href":"https:\/\/mivelezmalaga.com\/es\/wp-json\/wp\/v2\/pages"}],"about":[{"href":"https:\/\/mivelezmalaga.com\/es\/wp-json\/wp\/v2\/types\/page"}],"author":[{"embeddable":true,"href":"https:\/\/mivelezmalaga.com\/es\/wp-json\/wp\/v2\/users\/3"}],"replies":[{"embeddable":true,"href":"https:\/\/mivelezmalaga.com\/es\/wp-json\/wp\/v2\/comments?post=3716"}],"version-history":[{"count":1,"href":"https:\/\/mivelezmalaga.com\/es\/wp-json\/wp\/v2\/pages\/3716\/revisions"}],"predecessor-version":[{"id":8391,"href":"https:\/\/mivelezmalaga.com\/es\/wp-json\/wp\/v2\/pages\/3716\/revisions\/8391"}],"up":[{"embeddable":true,"href":"https:\/\/mivelezmalaga.com\/es\/wp-json\/wp\/v2\/pages\/3697"}],"wp:attachment":[{"href":"https:\/\/mivelezmalaga.com\/es\/wp-json\/wp\/v2\/media?parent=3716"}],"curies":[{"name":"wp","href":"https:\/\/api.w.org\/{rel}","templated":true}]}}