{"id":3719,"date":"2019-01-25T10:44:57","date_gmt":"2019-01-25T09:44:57","guid":{"rendered":"https:\/\/mivelezmalaga.com\/alquileres-vacacionales\/"},"modified":"2024-03-05T11:57:12","modified_gmt":"2024-03-05T10:57:12","slug":"alquileres-vacacionales","status":"publish","type":"page","link":"https:\/\/mivelezmalaga.com\/es\/alojamiento\/alquileres-vacacionales\/","title":{"rendered":"Alquileres Vacacionales"},"content":{"rendered":"\n<p>La variedad de alquileres vacacionales en V\u00e9lez-M\u00e1laga le dar\u00e1n la opci\u00f3n de hospedarse en antiguas casonas reformadas que siguen manteniendo la esencia de sus or\u00edgenes. Si quiere conocerlas, le mostramos una selecci\u00f3n de las mejores opciones para pasar sus vacaciones en V\u00e9lez-M\u00e1laga.<\/p>\n","protected":false},"excerpt":{"rendered":"<p>La variedad de alquileres vacacionales en V\u00e9lez-M\u00e1laga le dar\u00e1n la opci\u00f3n de hospedarse en antiguas casonas reformadas que siguen manteniendo la esencia de sus or\u00edgenes. Si quiere conocerlas, le mostramos una selecci\u00f3n de las mejores opciones para pasar sus vacaciones en V\u00e9lez-M\u00e1laga.<\/p>\n","protected":false},"author":1,"featured_media":0,"parent":5450,"menu_order":0,"comment_status":"closed","ping_status":"closed","template":"page-sub.php","meta":{"_acf_changed":false,"footnotes":""},"class_list":["post-3719","page","type-page","status-publish","hentry"],"acf":[],"yoast_head":"<!-- This site is optimized with the Yoast SEO plugin v27.3 - https:\/\/yoast.com\/product\/yoast-seo-wordpress\/ -->\n<title>Los mejores alquileres vacacionales en V\u00e9lez-M\u00e1laga<\/title>\n<meta name=\"description\" content=\"\u00bfEst\u00e1s buscando un alquiler de vacaciones en V\u00e9lez-M\u00e1laga? Desde grande hasta peque\u00f1o y acogedor, tendr\u00e1s algo ideal para tu vacaciones en nuestra selecci\u00f3n...\" \/>\n<meta name=\"robots\" content=\"index, follow, max-snippet:-1, max-image-preview:large, max-video-preview:-1\" \/>\n<link rel=\"canonical\" href=\"https:\/\/mivelezmalaga.com\/es\/alojamiento\/alquileres-vacacionales\/\" \/>\n<meta property=\"og:locale\" content=\"es_ES\" \/>\n<meta property=\"og:type\" content=\"article\" \/>\n<meta property=\"og:title\" content=\"Los mejores alquileres vacacionales en V\u00e9lez-M\u00e1laga\" \/>\n<meta property=\"og:description\" content=\"\u00bfEst\u00e1s buscando un alquiler de vacaciones en V\u00e9lez-M\u00e1laga? Desde grande hasta peque\u00f1o y acogedor, tendr\u00e1s algo ideal para tu vacaciones en nuestra selecci\u00f3n...\" \/>\n<meta property=\"og:url\" content=\"https:\/\/mivelezmalaga.com\/es\/alojamiento\/alquileres-vacacionales\/\" \/>\n<meta property=\"og:site_name\" content=\"Mi Velez-Malaga\" \/>\n<meta property=\"article:publisher\" content=\"https:\/\/www.facebook.com\/mivelezmalaga\/\" \/>\n<meta property=\"article:modified_time\" content=\"2024-03-05T10:57:12+00:00\" \/>\n<meta name=\"twitter:card\" content=\"summary_large_image\" \/>\n<meta name=\"twitter:site\" content=\"@MiVelezMalaga\" \/>\n<meta name=\"twitter:label1\" content=\"Est. reading time\" \/>\n\t<meta name=\"twitter:data1\" content=\"1 minute\" \/>\n<script type=\"application\/ld+json\" class=\"yoast-schema-graph\">{\"@context\":\"https:\\\/\\\/schema.org\",\"@graph\":[{\"@type\":\"WebPage\",\"@id\":\"https:\\\/\\\/mivelezmalaga.com\\\/es\\\/alojamiento\\\/alquileres-vacacionales\\\/\",\"url\":\"https:\\\/\\\/mivelezmalaga.com\\\/es\\\/alojamiento\\\/alquileres-vacacionales\\\/\",\"name\":\"Los mejores alquileres vacacionales en V\u00e9lez-M\u00e1laga\",\"isPartOf\":{\"@id\":\"https:\\\/\\\/mivelezmalaga.com\\\/es\\\/#website\"},\"datePublished\":\"2019-01-25T09:44:57+00:00\",\"dateModified\":\"2024-03-05T10:57:12+00:00\",\"description\":\"\u00bfEst\u00e1s buscando un alquiler de vacaciones en V\u00e9lez-M\u00e1laga? Desde grande hasta peque\u00f1o y acogedor, tendr\u00e1s algo ideal para tu vacaciones en nuestra selecci\u00f3n...\",\"breadcrumb\":{\"@id\":\"https:\\\/\\\/mivelezmalaga.com\\\/es\\\/alojamiento\\\/alquileres-vacacionales\\\/#breadcrumb\"},\"inLanguage\":\"es-ES\",\"potentialAction\":[{\"@type\":\"ReadAction\",\"target\":[\"https:\\\/\\\/mivelezmalaga.com\\\/es\\\/alojamiento\\\/alquileres-vacacionales\\\/\"]}]},{\"@type\":\"BreadcrumbList\",\"@id\":\"https:\\\/\\\/mivelezmalaga.com\\\/es\\\/alojamiento\\\/alquileres-vacacionales\\\/#breadcrumb\",\"itemListElement\":[{\"@type\":\"ListItem\",\"position\":1,\"name\":\"Home\",\"item\":\"https:\\\/\\\/mivelezmalaga.com\\\/es\\\/\"},{\"@type\":\"ListItem\",\"position\":2,\"name\":\"Alojamiento\",\"item\":\"https:\\\/\\\/mivelezmalaga.com\\\/es\\\/alojamiento\\\/\"},{\"@type\":\"ListItem\",\"position\":3,\"name\":\"Alquileres Vacacionales\"}]},{\"@type\":\"WebSite\",\"@id\":\"https:\\\/\\\/mivelezmalaga.com\\\/es\\\/#website\",\"url\":\"https:\\\/\\\/mivelezmalaga.com\\\/es\\\/\",\"name\":\"Mi Velez-Malaga\",\"description\":\"Welcome to V\u00e9lez\",\"potentialAction\":[{\"@type\":\"SearchAction\",\"target\":{\"@type\":\"EntryPoint\",\"urlTemplate\":\"https:\\\/\\\/mivelezmalaga.com\\\/es\\\/?s={search_term_string}\"},\"query-input\":{\"@type\":\"PropertyValueSpecification\",\"valueRequired\":true,\"valueName\":\"search_term_string\"}}],\"inLanguage\":\"es-ES\"}]}<\/script>\n<!-- \/ Yoast SEO plugin. -->","yoast_head_json":{"title":"Los mejores alquileres vacacionales en V\u00e9lez-M\u00e1laga","description":"\u00bfEst\u00e1s buscando un alquiler de vacaciones en V\u00e9lez-M\u00e1laga? Desde grande hasta peque\u00f1o y acogedor, tendr\u00e1s algo ideal para tu vacaciones en nuestra selecci\u00f3n...","robots":{"index":"index","follow":"follow","max-snippet":"max-snippet:-1","max-image-preview":"max-image-preview:large","max-video-preview":"max-video-preview:-1"},"canonical":"https:\/\/mivelezmalaga.com\/es\/alojamiento\/alquileres-vacacionales\/","og_locale":"es_ES","og_type":"article","og_title":"Los mejores alquileres vacacionales en V\u00e9lez-M\u00e1laga","og_description":"\u00bfEst\u00e1s buscando un alquiler de vacaciones en V\u00e9lez-M\u00e1laga? Desde grande hasta peque\u00f1o y acogedor, tendr\u00e1s algo ideal para tu vacaciones en nuestra selecci\u00f3n...","og_url":"https:\/\/mivelezmalaga.com\/es\/alojamiento\/alquileres-vacacionales\/","og_site_name":"Mi Velez-Malaga","article_publisher":"https:\/\/www.facebook.com\/mivelezmalaga\/","article_modified_time":"2024-03-05T10:57:12+00:00","twitter_card":"summary_large_image","twitter_site":"@MiVelezMalaga","twitter_misc":{"Est. reading time":"1 minute"},"schema":{"@context":"https:\/\/schema.org","@graph":[{"@type":"WebPage","@id":"https:\/\/mivelezmalaga.com\/es\/alojamiento\/alquileres-vacacionales\/","url":"https:\/\/mivelezmalaga.com\/es\/alojamiento\/alquileres-vacacionales\/","name":"Los mejores alquileres vacacionales en V\u00e9lez-M\u00e1laga","isPartOf":{"@id":"https:\/\/mivelezmalaga.com\/es\/#website"},"datePublished":"2019-01-25T09:44:57+00:00","dateModified":"2024-03-05T10:57:12+00:00","description":"\u00bfEst\u00e1s buscando un alquiler de vacaciones en V\u00e9lez-M\u00e1laga? Desde grande hasta peque\u00f1o y acogedor, tendr\u00e1s algo ideal para tu vacaciones en nuestra selecci\u00f3n...","breadcrumb":{"@id":"https:\/\/mivelezmalaga.com\/es\/alojamiento\/alquileres-vacacionales\/#breadcrumb"},"inLanguage":"es-ES","potentialAction":[{"@type":"ReadAction","target":["https:\/\/mivelezmalaga.com\/es\/alojamiento\/alquileres-vacacionales\/"]}]},{"@type":"BreadcrumbList","@id":"https:\/\/mivelezmalaga.com\/es\/alojamiento\/alquileres-vacacionales\/#breadcrumb","itemListElement":[{"@type":"ListItem","position":1,"name":"Home","item":"https:\/\/mivelezmalaga.com\/es\/"},{"@type":"ListItem","position":2,"name":"Alojamiento","item":"https:\/\/mivelezmalaga.com\/es\/alojamiento\/"},{"@type":"ListItem","position":3,"name":"Alquileres Vacacionales"}]},{"@type":"WebSite","@id":"https:\/\/mivelezmalaga.com\/es\/#website","url":"https:\/\/mivelezmalaga.com\/es\/","name":"Mi Velez-Malaga","description":"Welcome to V\u00e9lez","potentialAction":[{"@type":"SearchAction","target":{"@type":"EntryPoint","urlTemplate":"https:\/\/mivelezmalaga.com\/es\/?s={search_term_string}"},"query-input":{"@type":"PropertyValueSpecification","valueRequired":true,"valueName":"search_term_string"}}],"inLanguage":"es-ES"}]}},"_links":{"self":[{"href":"https:\/\/mivelezmalaga.com\/es\/wp-json\/wp\/v2\/pages\/3719","targetHints":{"allow":["GET"]}}],"collection":[{"href":"https:\/\/mivelezmalaga.com\/es\/wp-json\/wp\/v2\/pages"}],"about":[{"href":"https:\/\/mivelezmalaga.com\/es\/wp-json\/wp\/v2\/types\/page"}],"author":[{"embeddable":true,"href":"https:\/\/mivelezmalaga.com\/es\/wp-json\/wp\/v2\/users\/1"}],"replies":[{"embeddable":true,"href":"https:\/\/mivelezmalaga.com\/es\/wp-json\/wp\/v2\/comments?post=3719"}],"version-history":[{"count":5,"href":"https:\/\/mivelezmalaga.com\/es\/wp-json\/wp\/v2\/pages\/3719\/revisions"}],"predecessor-version":[{"id":8664,"href":"https:\/\/mivelezmalaga.com\/es\/wp-json\/wp\/v2\/pages\/3719\/revisions\/8664"}],"up":[{"embeddable":true,"href":"https:\/\/mivelezmalaga.com\/es\/wp-json\/wp\/v2\/pages\/5450"}],"wp:attachment":[{"href":"https:\/\/mivelezmalaga.com\/es\/wp-json\/wp\/v2\/media?parent=3719"}],"curies":[{"name":"wp","href":"https:\/\/api.w.org\/{rel}","templated":true}]}}