{"id":3725,"date":"2019-01-25T12:34:37","date_gmt":"2019-01-25T11:34:37","guid":{"rendered":"https:\/\/mivelezmalaga.com\/datos-y-cifras\/"},"modified":"2019-11-04T20:11:17","modified_gmt":"2019-11-04T19:11:17","slug":"datos-y-cifras","status":"publish","type":"page","link":"https:\/\/mivelezmalaga.com\/es\/sobre-velez\/datos-y-cifras\/","title":{"rendered":"Datos y Cifras"},"content":{"rendered":"<p>DATOS PRINCIPALES<\/p>\n<p>Continente: Europa<\/p>\n<p>Pa\u00eds: Espa\u00f1a<\/p>\n<p>Regi\u00f3n \/ Provincia: M\u00e1laga<\/p>\n<p>Subregi\u00f3n (axa): Axarqu\u00eda<\/p>\n<p>Idiomas: espa\u00f1ol<\/p>\n<p>Moneda: Euro<\/p>\n<p>Poblaci\u00f3n: 80.719<\/p>\n<p>Coordenadas: 36.7799 \u00b0 N, 4.1006 \u00b0 W<\/p>\n<p>Altitud: 60 <a href=\"https:\/\/es.wikipedia.org\/wiki\/Nivel_del_mar\">msnm<\/a><\/p>\n<p>Precipitaci\u00f3n media: 491mm por a\u00f1o.<\/p>\n<p>Luz solar media: 2,900 horas al a\u00f1o.<\/p>\n<p>Temperatura promedio: 24 \u00b0 c (78 \u00b0 f)<\/p>\n<p>Humedad media: 53%.<\/p>\n<p>\u00c1rea cubierta: 157.9km2<\/p>\n<p>Costa: 25km<\/p>\n<p>Zona horaria: UTC + 1 (GMT + 1)<\/p>\n<p>CULTURA<\/p>\n<p>Industria: Principalmente la agricultura y pesca (V\u00e9lez-M\u00e1laga es una de las zonas de mayor producci\u00f3n de fruta subtropical en\u00a0<a href=\"https:\/\/es.wikipedia.org\/wiki\/Espa%C3%B1a\">Espa\u00f1a<\/a>, especialmente de\u00a0<a href=\"https:\/\/es.wikipedia.org\/wiki\/Aguacate\">aguacate<\/a>\u00a0y de <a href=\"https:\/\/es.wikipedia.org\/wiki\/Mangifera_indica\">mango<\/a>, que se exporta a m\u00e1s de 30 pa\u00edses).<\/p>\n<p>Precio medio de una cerveza peque\u00f1a (ca\u00f1a): 1 \u20ac.<\/p>\n<p>Precio medio de una tapa: Gratis con una bebida en el bar, 3 \u20ac en terrazas.<\/p>\n<p>&nbsp;<\/p>\n","protected":false},"excerpt":{"rendered":"<p>DATOS PRINCIPALES Continente: Europa Pa\u00eds: Espa\u00f1a Regi\u00f3n \/ Provincia: M\u00e1laga Subregi\u00f3n (axa): Axarqu\u00eda Idiomas: espa\u00f1ol Moneda: Euro Poblaci\u00f3n: 80.719 Coordenadas: 36.7799 \u00b0 N, 4.1006 \u00b0 W Altitud: 60 msnm Precipitaci\u00f3n media: 491mm por a\u00f1o. Luz solar media: 2,900 horas al a\u00f1o. Temperatura promedio: 24 \u00b0 c (78 \u00b0 f) Humedad media: 53%. \u00c1rea cubierta: 157.9km2 [&hellip;]<\/p>\n","protected":false},"author":1,"featured_media":4417,"parent":5601,"menu_order":0,"comment_status":"closed","ping_status":"closed","template":"page-child.php","meta":{"_acf_changed":false,"footnotes":""},"class_list":["post-3725","page","type-page","status-publish","has-post-thumbnail","hentry"],"acf":[],"yoast_head":"<!-- This site is optimized with the Yoast SEO plugin v27.3 - https:\/\/yoast.com\/product\/yoast-seo-wordpress\/ -->\n<title>Datos y Cifras de Velez-Malaga<\/title>\n<meta name=\"description\" content=\"\u00bfInteresado en aprender m\u00e1s sobre V\u00e9lez-M\u00e1laga? Mira estos datos clave y las cifras de aqu\u00ed.\" \/>\n<meta name=\"robots\" content=\"index, follow, max-snippet:-1, max-image-preview:large, max-video-preview:-1\" \/>\n<link rel=\"canonical\" href=\"https:\/\/mivelezmalaga.com\/es\/sobre-velez\/datos-y-cifras\/\" \/>\n<meta property=\"og:locale\" content=\"es_ES\" \/>\n<meta property=\"og:type\" content=\"article\" \/>\n<meta property=\"og:title\" content=\"Datos y Cifras de Velez-Malaga\" \/>\n<meta property=\"og:description\" content=\"\u00bfInteresado en aprender m\u00e1s sobre V\u00e9lez-M\u00e1laga? Mira estos datos clave y las cifras de aqu\u00ed.\" \/>\n<meta property=\"og:url\" content=\"https:\/\/mivelezmalaga.com\/es\/sobre-velez\/datos-y-cifras\/\" \/>\n<meta property=\"og:site_name\" content=\"Mi Velez-Malaga\" \/>\n<meta property=\"article:publisher\" content=\"https:\/\/www.facebook.com\/mivelezmalaga\/\" \/>\n<meta property=\"article:modified_time\" content=\"2019-11-04T19:11:17+00:00\" \/>\n<meta name=\"twitter:card\" content=\"summary_large_image\" \/>\n<meta name=\"twitter:site\" content=\"@MiVelezMalaga\" \/>\n<meta name=\"twitter:label1\" content=\"Est. reading time\" \/>\n\t<meta name=\"twitter:data1\" content=\"1 minute\" \/>\n<script type=\"application\/ld+json\" class=\"yoast-schema-graph\">{\"@context\":\"https:\\\/\\\/schema.org\",\"@graph\":[{\"@type\":\"WebPage\",\"@id\":\"https:\\\/\\\/mivelezmalaga.com\\\/es\\\/sobre-velez\\\/datos-y-cifras\\\/\",\"url\":\"https:\\\/\\\/mivelezmalaga.com\\\/es\\\/sobre-velez\\\/datos-y-cifras\\\/\",\"name\":\"Datos y Cifras de Velez-Malaga\",\"isPartOf\":{\"@id\":\"https:\\\/\\\/mivelezmalaga.com\\\/es\\\/#website\"},\"primaryImageOfPage\":{\"@id\":\"https:\\\/\\\/mivelezmalaga.com\\\/es\\\/sobre-velez\\\/datos-y-cifras\\\/#primaryimage\"},\"image\":{\"@id\":\"https:\\\/\\\/mivelezmalaga.com\\\/es\\\/sobre-velez\\\/datos-y-cifras\\\/#primaryimage\"},\"thumbnailUrl\":\"https:\\\/\\\/mivelezmalaga.com\\\/wp-content\\\/uploads\\\/2017\\\/02\\\/san-juan-church-velez-malaga.jpg\",\"datePublished\":\"2019-01-25T11:34:37+00:00\",\"dateModified\":\"2019-11-04T19:11:17+00:00\",\"description\":\"\u00bfInteresado en aprender m\u00e1s sobre V\u00e9lez-M\u00e1laga? Mira estos datos clave y las cifras de aqu\u00ed.\",\"breadcrumb\":{\"@id\":\"https:\\\/\\\/mivelezmalaga.com\\\/es\\\/sobre-velez\\\/datos-y-cifras\\\/#breadcrumb\"},\"inLanguage\":\"es-ES\",\"potentialAction\":[{\"@type\":\"ReadAction\",\"target\":[\"https:\\\/\\\/mivelezmalaga.com\\\/es\\\/sobre-velez\\\/datos-y-cifras\\\/\"]}]},{\"@type\":\"ImageObject\",\"inLanguage\":\"es-ES\",\"@id\":\"https:\\\/\\\/mivelezmalaga.com\\\/es\\\/sobre-velez\\\/datos-y-cifras\\\/#primaryimage\",\"url\":\"https:\\\/\\\/mivelezmalaga.com\\\/wp-content\\\/uploads\\\/2017\\\/02\\\/san-juan-church-velez-malaga.jpg\",\"contentUrl\":\"https:\\\/\\\/mivelezmalaga.com\\\/wp-content\\\/uploads\\\/2017\\\/02\\\/san-juan-church-velez-malaga.jpg\",\"width\":1000,\"height\":500},{\"@type\":\"BreadcrumbList\",\"@id\":\"https:\\\/\\\/mivelezmalaga.com\\\/es\\\/sobre-velez\\\/datos-y-cifras\\\/#breadcrumb\",\"itemListElement\":[{\"@type\":\"ListItem\",\"position\":1,\"name\":\"Home\",\"item\":\"https:\\\/\\\/mivelezmalaga.com\\\/es\\\/\"},{\"@type\":\"ListItem\",\"position\":2,\"name\":\"Sobre V\u00e9lez\",\"item\":\"https:\\\/\\\/mivelezmalaga.com\\\/es\\\/sobre-velez\\\/\"},{\"@type\":\"ListItem\",\"position\":3,\"name\":\"Datos y Cifras\"}]},{\"@type\":\"WebSite\",\"@id\":\"https:\\\/\\\/mivelezmalaga.com\\\/es\\\/#website\",\"url\":\"https:\\\/\\\/mivelezmalaga.com\\\/es\\\/\",\"name\":\"Mi Velez-Malaga\",\"description\":\"Welcome to V\u00e9lez\",\"potentialAction\":[{\"@type\":\"SearchAction\",\"target\":{\"@type\":\"EntryPoint\",\"urlTemplate\":\"https:\\\/\\\/mivelezmalaga.com\\\/es\\\/?s={search_term_string}\"},\"query-input\":{\"@type\":\"PropertyValueSpecification\",\"valueRequired\":true,\"valueName\":\"search_term_string\"}}],\"inLanguage\":\"es-ES\"}]}<\/script>\n<!-- \/ Yoast SEO plugin. -->","yoast_head_json":{"title":"Datos y Cifras de Velez-Malaga","description":"\u00bfInteresado en aprender m\u00e1s sobre V\u00e9lez-M\u00e1laga? Mira estos datos clave y las cifras de aqu\u00ed.","robots":{"index":"index","follow":"follow","max-snippet":"max-snippet:-1","max-image-preview":"max-image-preview:large","max-video-preview":"max-video-preview:-1"},"canonical":"https:\/\/mivelezmalaga.com\/es\/sobre-velez\/datos-y-cifras\/","og_locale":"es_ES","og_type":"article","og_title":"Datos y Cifras de Velez-Malaga","og_description":"\u00bfInteresado en aprender m\u00e1s sobre V\u00e9lez-M\u00e1laga? Mira estos datos clave y las cifras de aqu\u00ed.","og_url":"https:\/\/mivelezmalaga.com\/es\/sobre-velez\/datos-y-cifras\/","og_site_name":"Mi Velez-Malaga","article_publisher":"https:\/\/www.facebook.com\/mivelezmalaga\/","article_modified_time":"2019-11-04T19:11:17+00:00","twitter_card":"summary_large_image","twitter_site":"@MiVelezMalaga","twitter_misc":{"Est. reading time":"1 minute"},"schema":{"@context":"https:\/\/schema.org","@graph":[{"@type":"WebPage","@id":"https:\/\/mivelezmalaga.com\/es\/sobre-velez\/datos-y-cifras\/","url":"https:\/\/mivelezmalaga.com\/es\/sobre-velez\/datos-y-cifras\/","name":"Datos y Cifras de Velez-Malaga","isPartOf":{"@id":"https:\/\/mivelezmalaga.com\/es\/#website"},"primaryImageOfPage":{"@id":"https:\/\/mivelezmalaga.com\/es\/sobre-velez\/datos-y-cifras\/#primaryimage"},"image":{"@id":"https:\/\/mivelezmalaga.com\/es\/sobre-velez\/datos-y-cifras\/#primaryimage"},"thumbnailUrl":"https:\/\/mivelezmalaga.com\/wp-content\/uploads\/2017\/02\/san-juan-church-velez-malaga.jpg","datePublished":"2019-01-25T11:34:37+00:00","dateModified":"2019-11-04T19:11:17+00:00","description":"\u00bfInteresado en aprender m\u00e1s sobre V\u00e9lez-M\u00e1laga? Mira estos datos clave y las cifras de aqu\u00ed.","breadcrumb":{"@id":"https:\/\/mivelezmalaga.com\/es\/sobre-velez\/datos-y-cifras\/#breadcrumb"},"inLanguage":"es-ES","potentialAction":[{"@type":"ReadAction","target":["https:\/\/mivelezmalaga.com\/es\/sobre-velez\/datos-y-cifras\/"]}]},{"@type":"ImageObject","inLanguage":"es-ES","@id":"https:\/\/mivelezmalaga.com\/es\/sobre-velez\/datos-y-cifras\/#primaryimage","url":"https:\/\/mivelezmalaga.com\/wp-content\/uploads\/2017\/02\/san-juan-church-velez-malaga.jpg","contentUrl":"https:\/\/mivelezmalaga.com\/wp-content\/uploads\/2017\/02\/san-juan-church-velez-malaga.jpg","width":1000,"height":500},{"@type":"BreadcrumbList","@id":"https:\/\/mivelezmalaga.com\/es\/sobre-velez\/datos-y-cifras\/#breadcrumb","itemListElement":[{"@type":"ListItem","position":1,"name":"Home","item":"https:\/\/mivelezmalaga.com\/es\/"},{"@type":"ListItem","position":2,"name":"Sobre V\u00e9lez","item":"https:\/\/mivelezmalaga.com\/es\/sobre-velez\/"},{"@type":"ListItem","position":3,"name":"Datos y Cifras"}]},{"@type":"WebSite","@id":"https:\/\/mivelezmalaga.com\/es\/#website","url":"https:\/\/mivelezmalaga.com\/es\/","name":"Mi Velez-Malaga","description":"Welcome to V\u00e9lez","potentialAction":[{"@type":"SearchAction","target":{"@type":"EntryPoint","urlTemplate":"https:\/\/mivelezmalaga.com\/es\/?s={search_term_string}"},"query-input":{"@type":"PropertyValueSpecification","valueRequired":true,"valueName":"search_term_string"}}],"inLanguage":"es-ES"}]}},"_links":{"self":[{"href":"https:\/\/mivelezmalaga.com\/es\/wp-json\/wp\/v2\/pages\/3725","targetHints":{"allow":["GET"]}}],"collection":[{"href":"https:\/\/mivelezmalaga.com\/es\/wp-json\/wp\/v2\/pages"}],"about":[{"href":"https:\/\/mivelezmalaga.com\/es\/wp-json\/wp\/v2\/types\/page"}],"author":[{"embeddable":true,"href":"https:\/\/mivelezmalaga.com\/es\/wp-json\/wp\/v2\/users\/1"}],"replies":[{"embeddable":true,"href":"https:\/\/mivelezmalaga.com\/es\/wp-json\/wp\/v2\/comments?post=3725"}],"version-history":[{"count":2,"href":"https:\/\/mivelezmalaga.com\/es\/wp-json\/wp\/v2\/pages\/3725\/revisions"}],"predecessor-version":[{"id":6342,"href":"https:\/\/mivelezmalaga.com\/es\/wp-json\/wp\/v2\/pages\/3725\/revisions\/6342"}],"up":[{"embeddable":true,"href":"https:\/\/mivelezmalaga.com\/es\/wp-json\/wp\/v2\/pages\/5601"}],"wp:featuredmedia":[{"embeddable":true,"href":"https:\/\/mivelezmalaga.com\/es\/wp-json\/wp\/v2\/media\/4417"}],"wp:attachment":[{"href":"https:\/\/mivelezmalaga.com\/es\/wp-json\/wp\/v2\/media?parent=3725"}],"curies":[{"name":"wp","href":"https:\/\/api.w.org\/{rel}","templated":true}]}}