{"id":3727,"date":"2019-01-25T13:42:38","date_gmt":"2019-01-25T12:42:38","guid":{"rendered":"https:\/\/mivelezmalaga.com\/senderismo\/"},"modified":"2024-01-16T10:18:18","modified_gmt":"2024-01-16T09:18:18","slug":"senderismo","status":"publish","type":"page","link":"https:\/\/mivelezmalaga.com\/es\/que-hacer-en-velez-malaga\/alrededores-velez\/senderismo\/","title":{"rendered":"Senderismo"},"content":{"rendered":"\n<p>La estrat\u00e9gica ubicaci\u00f3n de V\u00e9lez-M\u00e1laga situada entre espectaculares monta\u00f1as y el mar Mediterr\u00e1neo le proporciona una serie de espectaculares senderos y rutas para disfrutar de la ciudad o de las inmediaciones de la misma con diferentes niveles de dificultad.<\/p>\n\n\n\n<h2 class=\"wp-block-heading\">Rutas Guiadas<\/h2>\n\n\n\n<p>Si eres un enamorado del senderismo hay algunos libros que especifican los senderos m\u00e1s cercanos pero si no te sientes muy seguro ante la idea de adentrarte en uno de ellos sin la ayuda de un profesionales, existen algunas empresas que le ofrecen este servicio y adem\u00e1s te proporcionan bastantes conocimientos de la zona a descubrir.<\/p>\n\n\n\n<ul class=\"wp-block-list\">\n<li>Marta Oviedo Zafra &#8211; ofrece rutas adaptadas a sus necesidades en ingl\u00e9s y espa\u00f1ol. Tel: 625 078 561; P\u00e1gina web.<\/li>\n\n\n\n<li>John Keo &#8211; ofrece senderismo y rutas guiadas en ingl\u00e9s. Tel: 647 27 35 02; P\u00e1gina web.<\/li>\n\n\n\n<li>RF Natura (sede en Ronda) &#8211; ofrece excursiones por toda Andaluc\u00eda, son expertos gu\u00edas en senderismo y monta\u00f1ismo. Tel: 637849665; P\u00e1gina web.<\/li>\n<\/ul>\n\n\n\n<h3 class=\"wp-block-heading\">Senderos Alrededor De V\u00e9lez-M\u00e1laga<\/h3>\n\n\n\n<h3 class=\"wp-block-heading\">Gran Senda De M\u00e1laga<\/h3>\n\n\n\n<p><strong>Nivel: Varios<\/strong><\/p>\n\n\n\n<p><strong>Longitud: varios<\/strong><\/p>\n\n\n\n<p>La Gran Senda de M\u00e1laga es una ruta pionera en Andaluc\u00eda al incorporar la variedad territorial y ambiental de toda la provincia. Es una iniciativa bastante reciente que une las principales ciudades y pueblos de la Axarqu\u00eda. Es un sendero que recorre 4 parques naturales, 2 reservas naturales y 3 parajes naturales. El recorrido es circular y es el sendero m\u00e1s largo de la provincia con m\u00e1s de 650 kil\u00f3metros de longitud. Para facilitar el recorrido, se ha dividido el largo sendero en 35 rutas y dos de ellas pasan por los alrededores del Caminito del Rey.&nbsp; Se ha elaborado un completo informe con toda la informaci\u00f3n en varios idiomas (ingl\u00e9s, franc\u00e9s, alem\u00e1n y espa\u00f1ol) en el que se detalla con precisi\u00f3n las rutas, la dificultad, tiempo estimado de recorrido y nivel de accesibilidad. En definitiva es un viaje por las culturas de la provincia de M\u00e1laga a trav\u00e9s de un recorrido por su patrimonio, la historia y sus tradiciones.<\/p>\n\n\n\n<p>Para m\u00e1s informaci\u00f3n, visite Gransendademalaga.es.<\/p>\n\n\n\n<h3 class=\"wp-block-heading\">V\u00e9lez-M\u00e1laga A Torre Del Mar<\/h3>\n\n\n\n<p><strong>Nivel: F\u00e1cil<\/strong><\/p>\n\n\n\n<p><strong>Longitud: 5kms; 1 hora<\/strong><\/p>\n\n\n\n<p>Este recorrido no tiene un encanto especial pero la indicamos ya que es un recorrido accesible y bastante f\u00e1cil. Desde el centro hist\u00f3rico de V\u00e9lez pueda comenzar a dar un paseo tranquilo en direcci\u00f3n a la costa, llegando al paseo mar\u00edtimo de Torre del Mar. Todo el camino est\u00e1 asfaltado y bien se\u00f1alizado. Tambi\u00e9n puede realizar el mismo en bici circulando por el carril adaptado para ello.<\/p>\n\n\n\n<h3 class=\"wp-block-heading\">Rinc\u00f3n De La Victoria A V\u00e9lez-M\u00e1laga<\/h3>\n\n\n\n<p>Etapa 2 de la Gran Senda de M\u00e1laga.<\/p>\n\n\n\n<p><strong>Nivel: Medio, debido a la longitud.<\/strong><\/p>\n\n\n\n<p><strong>Longitud: 24km, 5 1\/2 horas.<\/strong><\/p>\n\n\n\n<p>La segunda etapa de la Gran Senda de M\u00e1laga es un largo recorrido que comienza en el t\u00e9rmino municipal de Rinc\u00f3n de la Victoria. Es un hermoso paseo con vistas al mar y a las monta\u00f1as que rodean la zona. Es una ruta lineal que sigue el litoral de V\u00e9lez-M\u00e1laga pero que despu\u00e9s se aleja de la costa para recorrer los cerros de pizarras y las f\u00e9rtiles huertas de la vega del R\u00edo V\u00e9lez. Coincide, casi en todo momento, con el trazado de la nacional 340.<\/p>\n\n\n\n<h2 class=\"wp-block-heading\">M\u00e1s Lejos<\/h2>\n\n\n\n<h3 class=\"wp-block-heading\">Rio Chillar Nerja<\/h3>\n\n\n\n<p><strong>Nivel: F\u00e1cil, el tipo de ruta es lineal (a trav\u00e9s del cauce del r\u00edo) aunque tambi\u00e9n hay posibilidad de hacerla circular.<\/strong><\/p>\n\n\n\n<p><strong>Duraci\u00f3n: 6 horas, con paradas.<\/strong><\/p>\n\n\n\n<p>La ruta del R\u00edo Chillar es uno de los espect\u00e1culos de senderismo m\u00e1s agradables de Nerja ya que combina una ruta de senderismo y la posibilidad de refrescarse en las pozas y peque\u00f1as cascadas. En todo momento va a ir por el cauce el r\u00edo por lo que es muy probable que se moje los pies, por ello, le recomendamos llevar un calzado adecuado ya que al ir pisando el lecho del r\u00edo, algunas piedras ser\u00e1n muy resbaladizas.<\/p>\n\n\n\n<p>Antes de realizar la ruta, es recomendable consultar las condiciones del r\u00edo (sobre todo si va en familia) ya que el agua puede subir de nivel y llegar por encima de las rodillas.<\/p>\n\n\n\n<h3 class=\"wp-block-heading\">Caminito Del Rey<\/h3>\n\n\n\n<p><strong>Nivel:<\/strong> Medio (el recorrido es b\u00e1sicamente descendente pero existen subidas y bajadas. El recorrido se hace en un \u00fanico sentido, entrando por la zona norte (Ardales) y saliendo por la sur (\u00c1lora).<\/p>\n\n\n\n<p><strong>Longitud:<\/strong> 7.7km, 4 Horas.<\/p>\n\n\n\n<p>El camino del Rey se encuentra aproximadamente a una hora en coche desde V\u00e9lez-M\u00e1laga, pero el viaje vale la pena. El paso del tiempo y la falta de mantenimiento provoc\u00f3 que fuera denominada la ruta m\u00e1s peligrosa de Espa\u00f1a ya que est\u00e1 suspendida en lo alto de un barranco y su estado era bastante deplorable. A pesar de ello, muchos excursionistas y escaladores lo recorr\u00edan, provocando numerosos accidentes (algunos mortales) y aumentando su leyenda negra. Su recorrido es lineal que une los pueblos de Ardales y El Chorro y se compone de 7.7 km divididos en 4.8 km de v\u00edas de acceso y 2,9 kms. de puerta a puerta de las pasarelas (pasarela \u2013 Valle del Hoyo \u2013 pasarela). El uso del casco es obligatorio a lo largo de todo el recorrido.<\/p>\n\n\n\n<p>Para reservar las entradas, por favor visite: Caminitodelrey.info.<\/p>\n\n\n\n<p>Si decide hacer senderismo en los meses que m\u00e1s aprieta el calor, debe de tomar una serie de recomendaciones: tome mucha agua, lleve crema con protecci\u00f3n solar, calzado y ropa adaptados para la ruta a realizar y lo m\u00e1s importante si decide realizar una ruta en solitario es comunicar a d\u00f3nde se dirige.<\/p>\n\n\n\n<p>En los pr\u00f3ximos meses a\u00f1adiremos mucha m\u00e1s informaci\u00f3n sobre senderismo cerca de V\u00e9lez-M\u00e1laga y en la Axarqu\u00eda, as\u00ed que estad atentos a este apartado.<\/p>\n","protected":false},"excerpt":{"rendered":"<p>La estrat\u00e9gica ubicaci\u00f3n de V\u00e9lez-M\u00e1laga situada entre espectaculares monta\u00f1as y el mar Mediterr\u00e1neo le proporciona una serie de espectaculares senderos y rutas para disfrutar de la ciudad o de las inmediaciones de la misma con diferentes niveles de dificultad. Rutas Guiadas Si eres un enamorado del senderismo hay algunos libros que especifican los senderos m\u00e1s [&hellip;]<\/p>\n","protected":false},"author":2,"featured_media":0,"parent":6094,"menu_order":0,"comment_status":"closed","ping_status":"closed","template":"page-child.php","meta":{"_acf_changed":false,"footnotes":""},"class_list":["post-3727","page","type-page","status-publish","hentry"],"acf":[],"yoast_head":"<!-- This site is optimized with the Yoast SEO plugin v27.3 - https:\/\/yoast.com\/product\/yoast-seo-wordpress\/ -->\n<title>Mejores Rutas de Senderismo Cerca de V\u00e9lez-M\u00e1laga y en la Axarqu\u00eda<\/title>\n<meta name=\"description\" content=\"La Axarqu\u00eda tiene unas maravillosas rutas para caminar y hacer senderismo. Aqu\u00ed est\u00e1n algunas de nuestras favoritas...\" \/>\n<meta name=\"robots\" content=\"index, follow, max-snippet:-1, max-image-preview:large, max-video-preview:-1\" \/>\n<link rel=\"canonical\" href=\"https:\/\/mivelezmalaga.com\/es\/que-hacer-en-velez-malaga\/alrededores-velez\/senderismo\/\" \/>\n<meta property=\"og:locale\" content=\"es_ES\" \/>\n<meta property=\"og:type\" content=\"article\" \/>\n<meta property=\"og:title\" content=\"Mejores Rutas de Senderismo Cerca de V\u00e9lez-M\u00e1laga y en la Axarqu\u00eda\" \/>\n<meta property=\"og:description\" content=\"La Axarqu\u00eda tiene unas maravillosas rutas para caminar y hacer senderismo. Aqu\u00ed est\u00e1n algunas de nuestras favoritas...\" \/>\n<meta property=\"og:url\" content=\"https:\/\/mivelezmalaga.com\/es\/que-hacer-en-velez-malaga\/alrededores-velez\/senderismo\/\" \/>\n<meta property=\"og:site_name\" content=\"Mi Velez-Malaga\" \/>\n<meta property=\"article:publisher\" content=\"https:\/\/www.facebook.com\/mivelezmalaga\/\" \/>\n<meta property=\"article:modified_time\" content=\"2024-01-16T09:18:18+00:00\" \/>\n<meta name=\"twitter:card\" content=\"summary_large_image\" \/>\n<meta name=\"twitter:site\" content=\"@MiVelezMalaga\" \/>\n<meta name=\"twitter:label1\" content=\"Est. reading time\" \/>\n\t<meta name=\"twitter:data1\" content=\"5 minutes\" \/>\n<script type=\"application\/ld+json\" class=\"yoast-schema-graph\">{\"@context\":\"https:\\\/\\\/schema.org\",\"@graph\":[{\"@type\":\"WebPage\",\"@id\":\"https:\\\/\\\/mivelezmalaga.com\\\/es\\\/que-hacer-en-velez-malaga\\\/alrededores-velez\\\/senderismo\\\/\",\"url\":\"https:\\\/\\\/mivelezmalaga.com\\\/es\\\/que-hacer-en-velez-malaga\\\/alrededores-velez\\\/senderismo\\\/\",\"name\":\"Mejores Rutas de Senderismo Cerca de V\u00e9lez-M\u00e1laga y en la Axarqu\u00eda\",\"isPartOf\":{\"@id\":\"https:\\\/\\\/mivelezmalaga.com\\\/es\\\/#website\"},\"datePublished\":\"2019-01-25T12:42:38+00:00\",\"dateModified\":\"2024-01-16T09:18:18+00:00\",\"description\":\"La Axarqu\u00eda tiene unas maravillosas rutas para caminar y hacer senderismo. Aqu\u00ed est\u00e1n algunas de nuestras favoritas...\",\"breadcrumb\":{\"@id\":\"https:\\\/\\\/mivelezmalaga.com\\\/es\\\/que-hacer-en-velez-malaga\\\/alrededores-velez\\\/senderismo\\\/#breadcrumb\"},\"inLanguage\":\"es-ES\",\"potentialAction\":[{\"@type\":\"ReadAction\",\"target\":[\"https:\\\/\\\/mivelezmalaga.com\\\/es\\\/que-hacer-en-velez-malaga\\\/alrededores-velez\\\/senderismo\\\/\"]}]},{\"@type\":\"BreadcrumbList\",\"@id\":\"https:\\\/\\\/mivelezmalaga.com\\\/es\\\/que-hacer-en-velez-malaga\\\/alrededores-velez\\\/senderismo\\\/#breadcrumb\",\"itemListElement\":[{\"@type\":\"ListItem\",\"position\":1,\"name\":\"Home\",\"item\":\"https:\\\/\\\/mivelezmalaga.com\\\/es\\\/\"},{\"@type\":\"ListItem\",\"position\":2,\"name\":\"Que hacer en V\u00e9lez-M\u00e1laga\",\"item\":\"https:\\\/\\\/mivelezmalaga.com\\\/es\\\/que-hacer-en-velez-malaga\\\/\"},{\"@type\":\"ListItem\",\"position\":3,\"name\":\"Alrededores de V\u00e9lez-M\u00e1laga\",\"item\":\"https:\\\/\\\/mivelezmalaga.com\\\/es\\\/que-hacer-en-velez-malaga\\\/alrededores-velez\\\/\"},{\"@type\":\"ListItem\",\"position\":4,\"name\":\"Senderismo\"}]},{\"@type\":\"WebSite\",\"@id\":\"https:\\\/\\\/mivelezmalaga.com\\\/es\\\/#website\",\"url\":\"https:\\\/\\\/mivelezmalaga.com\\\/es\\\/\",\"name\":\"Mi Velez-Malaga\",\"description\":\"Welcome to V\u00e9lez\",\"potentialAction\":[{\"@type\":\"SearchAction\",\"target\":{\"@type\":\"EntryPoint\",\"urlTemplate\":\"https:\\\/\\\/mivelezmalaga.com\\\/es\\\/?s={search_term_string}\"},\"query-input\":{\"@type\":\"PropertyValueSpecification\",\"valueRequired\":true,\"valueName\":\"search_term_string\"}}],\"inLanguage\":\"es-ES\"}]}<\/script>\n<!-- \/ Yoast SEO plugin. -->","yoast_head_json":{"title":"Mejores Rutas de Senderismo Cerca de V\u00e9lez-M\u00e1laga y en la Axarqu\u00eda","description":"La Axarqu\u00eda tiene unas maravillosas rutas para caminar y hacer senderismo. Aqu\u00ed est\u00e1n algunas de nuestras favoritas...","robots":{"index":"index","follow":"follow","max-snippet":"max-snippet:-1","max-image-preview":"max-image-preview:large","max-video-preview":"max-video-preview:-1"},"canonical":"https:\/\/mivelezmalaga.com\/es\/que-hacer-en-velez-malaga\/alrededores-velez\/senderismo\/","og_locale":"es_ES","og_type":"article","og_title":"Mejores Rutas de Senderismo Cerca de V\u00e9lez-M\u00e1laga y en la Axarqu\u00eda","og_description":"La Axarqu\u00eda tiene unas maravillosas rutas para caminar y hacer senderismo. Aqu\u00ed est\u00e1n algunas de nuestras favoritas...","og_url":"https:\/\/mivelezmalaga.com\/es\/que-hacer-en-velez-malaga\/alrededores-velez\/senderismo\/","og_site_name":"Mi Velez-Malaga","article_publisher":"https:\/\/www.facebook.com\/mivelezmalaga\/","article_modified_time":"2024-01-16T09:18:18+00:00","twitter_card":"summary_large_image","twitter_site":"@MiVelezMalaga","twitter_misc":{"Est. reading time":"5 minutes"},"schema":{"@context":"https:\/\/schema.org","@graph":[{"@type":"WebPage","@id":"https:\/\/mivelezmalaga.com\/es\/que-hacer-en-velez-malaga\/alrededores-velez\/senderismo\/","url":"https:\/\/mivelezmalaga.com\/es\/que-hacer-en-velez-malaga\/alrededores-velez\/senderismo\/","name":"Mejores Rutas de Senderismo Cerca de V\u00e9lez-M\u00e1laga y en la Axarqu\u00eda","isPartOf":{"@id":"https:\/\/mivelezmalaga.com\/es\/#website"},"datePublished":"2019-01-25T12:42:38+00:00","dateModified":"2024-01-16T09:18:18+00:00","description":"La Axarqu\u00eda tiene unas maravillosas rutas para caminar y hacer senderismo. Aqu\u00ed est\u00e1n algunas de nuestras favoritas...","breadcrumb":{"@id":"https:\/\/mivelezmalaga.com\/es\/que-hacer-en-velez-malaga\/alrededores-velez\/senderismo\/#breadcrumb"},"inLanguage":"es-ES","potentialAction":[{"@type":"ReadAction","target":["https:\/\/mivelezmalaga.com\/es\/que-hacer-en-velez-malaga\/alrededores-velez\/senderismo\/"]}]},{"@type":"BreadcrumbList","@id":"https:\/\/mivelezmalaga.com\/es\/que-hacer-en-velez-malaga\/alrededores-velez\/senderismo\/#breadcrumb","itemListElement":[{"@type":"ListItem","position":1,"name":"Home","item":"https:\/\/mivelezmalaga.com\/es\/"},{"@type":"ListItem","position":2,"name":"Que hacer en V\u00e9lez-M\u00e1laga","item":"https:\/\/mivelezmalaga.com\/es\/que-hacer-en-velez-malaga\/"},{"@type":"ListItem","position":3,"name":"Alrededores de V\u00e9lez-M\u00e1laga","item":"https:\/\/mivelezmalaga.com\/es\/que-hacer-en-velez-malaga\/alrededores-velez\/"},{"@type":"ListItem","position":4,"name":"Senderismo"}]},{"@type":"WebSite","@id":"https:\/\/mivelezmalaga.com\/es\/#website","url":"https:\/\/mivelezmalaga.com\/es\/","name":"Mi Velez-Malaga","description":"Welcome to V\u00e9lez","potentialAction":[{"@type":"SearchAction","target":{"@type":"EntryPoint","urlTemplate":"https:\/\/mivelezmalaga.com\/es\/?s={search_term_string}"},"query-input":{"@type":"PropertyValueSpecification","valueRequired":true,"valueName":"search_term_string"}}],"inLanguage":"es-ES"}]}},"_links":{"self":[{"href":"https:\/\/mivelezmalaga.com\/es\/wp-json\/wp\/v2\/pages\/3727","targetHints":{"allow":["GET"]}}],"collection":[{"href":"https:\/\/mivelezmalaga.com\/es\/wp-json\/wp\/v2\/pages"}],"about":[{"href":"https:\/\/mivelezmalaga.com\/es\/wp-json\/wp\/v2\/types\/page"}],"author":[{"embeddable":true,"href":"https:\/\/mivelezmalaga.com\/es\/wp-json\/wp\/v2\/users\/2"}],"replies":[{"embeddable":true,"href":"https:\/\/mivelezmalaga.com\/es\/wp-json\/wp\/v2\/comments?post=3727"}],"version-history":[{"count":2,"href":"https:\/\/mivelezmalaga.com\/es\/wp-json\/wp\/v2\/pages\/3727\/revisions"}],"predecessor-version":[{"id":8409,"href":"https:\/\/mivelezmalaga.com\/es\/wp-json\/wp\/v2\/pages\/3727\/revisions\/8409"}],"up":[{"embeddable":true,"href":"https:\/\/mivelezmalaga.com\/es\/wp-json\/wp\/v2\/pages\/6094"}],"wp:attachment":[{"href":"https:\/\/mivelezmalaga.com\/es\/wp-json\/wp\/v2\/media?parent=3727"}],"curies":[{"name":"wp","href":"https:\/\/api.w.org\/{rel}","templated":true}]}}