{"id":3888,"date":"2019-02-20T02:57:43","date_gmt":"2019-02-20T01:57:43","guid":{"rendered":"https:\/\/mivelezmalaga.com\/privacy-policy\/"},"modified":"2024-01-16T10:16:24","modified_gmt":"2024-01-16T09:16:24","slug":"politica-de-privacidad","status":"publish","type":"page","link":"https:\/\/mivelezmalaga.com\/es\/politica-de-privacidad\/","title":{"rendered":"Pol\u00edtica de Privacidad"},"content":{"rendered":"\n<p>Por medio de esta notificaci\u00f3n, Mivelezmalaga.com es administrada por Phillipa Danielle Cooper, NIE X6286238Q, domiciliada en la calle Calzada Herrera, 5, V\u00e9lez-M\u00e1laga, 29700, correo electr\u00f3nico de contacto: <u><a href=\"mailto:mivelezmalagadotcom@gmail.com\">mivelezmalagadotcom@gmail.com<\/a><\/u>.<\/p>\n\n\n\n<p>Esta pol\u00edtica explica c\u00f3mo podemos recopilar informaci\u00f3n sobre usted y c\u00f3mo la usamos luego. Tambi\u00e9n describe las medidas de seguridad que tomamos para proteger su privacidad y ofrece ciertas garant\u00edas sobre cosas que no haremos.<\/p>\n\n\n\n<p>Cuando se suscribe a nuestro bolet\u00edn, recopilamos su nombre y direcci\u00f3n de correo electr\u00f3nico. Tambi\u00e9n supervisamos los patrones de tr\u00e1fico de los clientes y el uso del sitio, lo que nos permite mejorar el servicio que ofrecemos.<\/p>\n\n\n\n<p><strong>USO DE LA INFORMACI\u00d3N<\/strong><\/p>\n\n\n\n<p>Utilizaremos su informaci\u00f3n personal para varios fines, entre ellos:<\/p>\n\n\n\n<ul class=\"wp-block-list\">\n<li>Enviar un correo electr\u00f3nico con informaci\u00f3n sobre la Axarqu\u00eda, nuestros servicios o productos u ofertas de las empresas participantes<\/li>\n\n\n\n<li>Informar de cualquier cambio o problema con cualquier producto en el que se ha interesado.<\/li>\n\n\n\n<li>Avisar si ha ganado alg\u00fan concurso.<\/li>\n<\/ul>\n\n\n\n<p>Los usuarios, en cualquier momento, pueden ejercer su derecho de acceso, modificaci\u00f3n o cancelaci\u00f3n de correspondencia; estos derechos pueden ejercerse enviando una notificaci\u00f3n por escrito a la direcci\u00f3n de correo electr\u00f3nico <u><a href=\"mailto:mivelezmalagadotcom@gmail.com\">mivelezmalagadotcom@gmail.com<\/a><\/u>.<\/p>\n\n\n\n<p><strong>REVELACI\u00d3N DE INFORMACI\u00d3N<\/strong><\/p>\n\n\n\n<p>No vendemos ni divulgamos su informaci\u00f3n personal a otras compa\u00f1\u00edas sin su consentimiento previo. No vendemos listas de correo a terceros. Si no desea recibir el bolet\u00edn para los miembros, puede cancelar su suscripci\u00f3n enviando un correo electr\u00f3nico a <u><a href=\"mailto:mivelezmalagadotcom@gmail.com\">mivelezmalagadotcom@gmail.com<\/a><\/u>.<\/p>\n\n\n\n<p><strong>PROTECCI\u00d3N DE LA INFORMACI\u00d3N<\/strong><\/p>\n\n\n\n<p>Mantenemos estrictas medidas de seguridad para proteger la informaci\u00f3n personal. Esto incluye seguir ciertos procedimientos, por ejemplo, el cifrado de datos en nuestros sitios web y para garantizar el cumplimiento de todos los requisitos legales aplicables.<\/p>\n\n\n\n<p><strong>COOKIES<\/strong><\/p>\n\n\n\n<p>Las cookies son peque\u00f1as piezas de informaci\u00f3n que su navegador almacena en el disco duro de su ordenador. Esto nos permiten almacenar la informaci\u00f3n de su cuenta y proporcionar caracter\u00edsticas para facilitar la navegaci\u00f3n en nuestro sitio web.<\/p>\n\n\n\n<p>Nuestro sitio hace uso de las cookies. La mayor\u00eda de los navegadores permiten desactivar la funci\u00f3n de cookie. Si desea saber c\u00f3mo hacerlo, consulte el men\u00fa de ayuda de su navegador. Para obtener m\u00e1s informaci\u00f3n o para obtener informaci\u00f3n sobre la exclusi\u00f3n de dichas tecnolog\u00edas de publicidad, visite: http:\/\/www.networkadvertising.org\/managing\/opt_out.asp y el men\u00fa de ayuda en su navegador.<\/p>\n\n\n\n<p>Si desea m\u00e1s informaci\u00f3n o tiene alg\u00fan comentario sobre nuestra pol\u00edtica de privacidad, escr\u00edbanos a:<\/p>\n\n\n\n<p><strong>Phillipa Danielle Cooper<\/strong><\/p>\n\n\n\n<p>Calle Cazada de Herrera, 5.<br>V\u00e9lez-M\u00e1laga<br>29700<br>M\u00e1laga<br>Espa\u00f1a<\/p>\n\n\n\n<p>X6286238Q<\/p>\n\n\n\n<p>Podemos modificar esta pol\u00edtica de vez en cuando, en cuyo caso la versi\u00f3n modificada se publicar\u00e1 en nuestro sitio web. Esta pol\u00edtica se aplica a la informaci\u00f3n personal sobre personas f\u00edsicas. No se aplica a la informaci\u00f3n que tenemos sobre empresas y otras organizaciones.<\/p>\n\n\n\n<p><strong>ENLACES A TERCEROS<\/strong><\/p>\n\n\n\n<p>Este sitio web pudiera contener enlaces a otros sitios que pudieran ser de su inter\u00e9s. Una vez que usted d\u00e9 clic en estos enlaces y abandone nuestra p\u00e1gina, ya no tenemos control sobre al sitio al que es redirigido y por lo tanto no somos responsables de los t\u00e9rminos o privacidad ni de la protecci\u00f3n de sus datos en esos otros sitios terceros. Dichos sitios est\u00e1n sujetos a sus propias pol\u00edticas de privacidad por lo cual es recomendable que los consulte para confirmar que usted est\u00e1 de acuerdo con estas.<\/p>\n\n\n\n<p><strong>PROPIEDAD INTELECTUAL<\/strong><\/p>\n\n\n\n<p>Toda la informaci\u00f3n, el contenido, los servicios y el software mostrados, transmitidos o utilizados en conexi\u00f3n con el sitio incluyen, por ejemplo y sin limitaci\u00f3n, texto, fotograf\u00edas, im\u00e1genes, ilustraciones, clips de audio, video, html, c\u00f3digo fuente y de objeto, marcas registradas , los logotipos y similares (en conjunto, el &#8220;Contenido&#8221;), as\u00ed como su selecci\u00f3n y disposici\u00f3n, son propiedad de la Compa\u00f1\u00eda y \/ o de las entidades afiliadas, otorgantes de licencias y \/ o proveedores de la Compa\u00f1\u00eda. Puede usar el Contenido solo en l\u00ednea y \u00fanicamente para su uso personal, no comercial. Si opera un sitio web y desea vincularlo, puede hacerlo mediante notificaci\u00f3n por escrito a la Compa\u00f1\u00eda, siempre y cuando acepte que cese inmediatamente dicho enlace a la solicitud del Sitio. No se permite ning\u00fan otro uso sin el permiso previo por escrito del Sitio. El uso permitido descrito en este p\u00e1rrafo depende de su cumplimiento en todo momento con este Acuerdo.<\/p>\n\n\n\n<p>No puede, sin la aprobaci\u00f3n previa y por escrito de la Compa\u00f1\u00eda: (i) volver a publicar cualquier parte del Contenido en cualquier sitio de Internet, Intranet o extranet o incorporar el Contenido en cualquier base de datos, compilaci\u00f3n, archivo o cach\u00e9, (ii) distribuir cualquier Contenido para otros, ya sea para pago o para otra consideraci\u00f3n, (iii) modificar, copiar, enmarcar, almacenar en cach\u00e9, reproducir, vender, publicar, transmitir, mostrar o utilizar cualquier parte del Contenido, o (iv) raspar o copiar de otro modo Nuestro contenido sin permiso. Acepta no descompilar, realizar ingenier\u00eda inversa o desarmar ning\u00fan software u otros productos o procesos accesibles a trav\u00e9s del Sitio, no insertar ning\u00fan c\u00f3digo o producto ni manipular el contenido del Sitio de manera que afecte la experiencia del usuario, y no usar ning\u00fan Miner\u00eda de datos, recolecci\u00f3n de datos o m\u00e9todo de extracci\u00f3n.<\/p>\n\n\n\n<p>Las solicitudes para usar el contenido para cualquier otro prop\u00f3sito que no sea el permitido en este acuerdo deben dirigirse a <u><a href=\"mailto:mivelezmalagadotcom@gmail.com\">mivelezmalagadotcom@gmail.com<\/a><\/u>.<\/p>\n\n\n\n<p>Quejas: el sitio respeta la propiedad intelectual de otros. Si cree que se han infringido sus derechos y \/ o conoce alg\u00fan material infractor en el Sitio, cont\u00e1ctenos en <u><a href=\"mailto:mivelezmalagadotcom@gmail.com\">mivelezmalagadotcom@gmail.com<\/a><\/u>.<\/p>\n","protected":false},"excerpt":{"rendered":"<p>Por medio de esta notificaci\u00f3n, Mivelezmalaga.com es administrada por Phillipa Danielle Cooper, NIE X6286238Q, domiciliada en la calle Calzada Herrera, 5, V\u00e9lez-M\u00e1laga, 29700, correo electr\u00f3nico de contacto: mivelezmalagadotcom@gmail.com. Esta pol\u00edtica explica c\u00f3mo podemos recopilar informaci\u00f3n sobre usted y c\u00f3mo la usamos luego. Tambi\u00e9n describe las medidas de seguridad que tomamos para proteger su privacidad y [&hellip;]<\/p>\n","protected":false},"author":2,"featured_media":0,"parent":0,"menu_order":0,"comment_status":"closed","ping_status":"closed","template":"","meta":{"_acf_changed":false,"footnotes":""},"class_list":["post-3888","page","type-page","status-publish","hentry"],"acf":[],"yoast_head":"<!-- This site is optimized with the Yoast SEO plugin v27.3 - https:\/\/yoast.com\/product\/yoast-seo-wordpress\/ -->\n<title>Pol\u00edtica de Privacidad<\/title>\n<meta name=\"description\" content=\"Information on how we collect and use your data as well as intellectual property.\" \/>\n<meta name=\"robots\" content=\"index, follow, max-snippet:-1, max-image-preview:large, max-video-preview:-1\" \/>\n<link rel=\"canonical\" href=\"https:\/\/mivelezmalaga.com\/es\/politica-de-privacidad\/\" \/>\n<meta property=\"og:locale\" content=\"es_ES\" \/>\n<meta property=\"og:type\" content=\"article\" \/>\n<meta property=\"og:title\" content=\"Pol\u00edtica de Privacidad\" \/>\n<meta property=\"og:description\" content=\"Information on how we collect and use your data as well as intellectual property.\" \/>\n<meta property=\"og:url\" content=\"https:\/\/mivelezmalaga.com\/es\/politica-de-privacidad\/\" \/>\n<meta property=\"og:site_name\" content=\"Mi Velez-Malaga\" \/>\n<meta property=\"article:publisher\" content=\"https:\/\/www.facebook.com\/mivelezmalaga\/\" \/>\n<meta property=\"article:modified_time\" content=\"2024-01-16T09:16:24+00:00\" \/>\n<meta name=\"twitter:card\" content=\"summary_large_image\" \/>\n<meta name=\"twitter:site\" content=\"@MiVelezMalaga\" \/>\n<meta name=\"twitter:label1\" content=\"Est. reading time\" \/>\n\t<meta name=\"twitter:data1\" content=\"4 minutes\" \/>\n<script type=\"application\/ld+json\" class=\"yoast-schema-graph\">{\"@context\":\"https:\\\/\\\/schema.org\",\"@graph\":[{\"@type\":\"WebPage\",\"@id\":\"https:\\\/\\\/mivelezmalaga.com\\\/es\\\/politica-de-privacidad\\\/\",\"url\":\"https:\\\/\\\/mivelezmalaga.com\\\/es\\\/politica-de-privacidad\\\/\",\"name\":\"Pol\u00edtica de Privacidad\",\"isPartOf\":{\"@id\":\"https:\\\/\\\/mivelezmalaga.com\\\/es\\\/#website\"},\"datePublished\":\"2019-02-20T01:57:43+00:00\",\"dateModified\":\"2024-01-16T09:16:24+00:00\",\"description\":\"Information on how we collect and use your data as well as intellectual property.\",\"breadcrumb\":{\"@id\":\"https:\\\/\\\/mivelezmalaga.com\\\/es\\\/politica-de-privacidad\\\/#breadcrumb\"},\"inLanguage\":\"es-ES\",\"potentialAction\":[{\"@type\":\"ReadAction\",\"target\":[\"https:\\\/\\\/mivelezmalaga.com\\\/es\\\/politica-de-privacidad\\\/\"]}]},{\"@type\":\"BreadcrumbList\",\"@id\":\"https:\\\/\\\/mivelezmalaga.com\\\/es\\\/politica-de-privacidad\\\/#breadcrumb\",\"itemListElement\":[{\"@type\":\"ListItem\",\"position\":1,\"name\":\"Home\",\"item\":\"https:\\\/\\\/mivelezmalaga.com\\\/es\\\/\"},{\"@type\":\"ListItem\",\"position\":2,\"name\":\"Pol\u00edtica de Privacidad\"}]},{\"@type\":\"WebSite\",\"@id\":\"https:\\\/\\\/mivelezmalaga.com\\\/es\\\/#website\",\"url\":\"https:\\\/\\\/mivelezmalaga.com\\\/es\\\/\",\"name\":\"Mi Velez-Malaga\",\"description\":\"Welcome to V\u00e9lez\",\"potentialAction\":[{\"@type\":\"SearchAction\",\"target\":{\"@type\":\"EntryPoint\",\"urlTemplate\":\"https:\\\/\\\/mivelezmalaga.com\\\/es\\\/?s={search_term_string}\"},\"query-input\":{\"@type\":\"PropertyValueSpecification\",\"valueRequired\":true,\"valueName\":\"search_term_string\"}}],\"inLanguage\":\"es-ES\"}]}<\/script>\n<!-- \/ Yoast SEO plugin. -->","yoast_head_json":{"title":"Pol\u00edtica de Privacidad","description":"Information on how we collect and use your data as well as intellectual property.","robots":{"index":"index","follow":"follow","max-snippet":"max-snippet:-1","max-image-preview":"max-image-preview:large","max-video-preview":"max-video-preview:-1"},"canonical":"https:\/\/mivelezmalaga.com\/es\/politica-de-privacidad\/","og_locale":"es_ES","og_type":"article","og_title":"Pol\u00edtica de Privacidad","og_description":"Information on how we collect and use your data as well as intellectual property.","og_url":"https:\/\/mivelezmalaga.com\/es\/politica-de-privacidad\/","og_site_name":"Mi Velez-Malaga","article_publisher":"https:\/\/www.facebook.com\/mivelezmalaga\/","article_modified_time":"2024-01-16T09:16:24+00:00","twitter_card":"summary_large_image","twitter_site":"@MiVelezMalaga","twitter_misc":{"Est. reading time":"4 minutes"},"schema":{"@context":"https:\/\/schema.org","@graph":[{"@type":"WebPage","@id":"https:\/\/mivelezmalaga.com\/es\/politica-de-privacidad\/","url":"https:\/\/mivelezmalaga.com\/es\/politica-de-privacidad\/","name":"Pol\u00edtica de Privacidad","isPartOf":{"@id":"https:\/\/mivelezmalaga.com\/es\/#website"},"datePublished":"2019-02-20T01:57:43+00:00","dateModified":"2024-01-16T09:16:24+00:00","description":"Information on how we collect and use your data as well as intellectual property.","breadcrumb":{"@id":"https:\/\/mivelezmalaga.com\/es\/politica-de-privacidad\/#breadcrumb"},"inLanguage":"es-ES","potentialAction":[{"@type":"ReadAction","target":["https:\/\/mivelezmalaga.com\/es\/politica-de-privacidad\/"]}]},{"@type":"BreadcrumbList","@id":"https:\/\/mivelezmalaga.com\/es\/politica-de-privacidad\/#breadcrumb","itemListElement":[{"@type":"ListItem","position":1,"name":"Home","item":"https:\/\/mivelezmalaga.com\/es\/"},{"@type":"ListItem","position":2,"name":"Pol\u00edtica de Privacidad"}]},{"@type":"WebSite","@id":"https:\/\/mivelezmalaga.com\/es\/#website","url":"https:\/\/mivelezmalaga.com\/es\/","name":"Mi Velez-Malaga","description":"Welcome to V\u00e9lez","potentialAction":[{"@type":"SearchAction","target":{"@type":"EntryPoint","urlTemplate":"https:\/\/mivelezmalaga.com\/es\/?s={search_term_string}"},"query-input":{"@type":"PropertyValueSpecification","valueRequired":true,"valueName":"search_term_string"}}],"inLanguage":"es-ES"}]}},"_links":{"self":[{"href":"https:\/\/mivelezmalaga.com\/es\/wp-json\/wp\/v2\/pages\/3888","targetHints":{"allow":["GET"]}}],"collection":[{"href":"https:\/\/mivelezmalaga.com\/es\/wp-json\/wp\/v2\/pages"}],"about":[{"href":"https:\/\/mivelezmalaga.com\/es\/wp-json\/wp\/v2\/types\/page"}],"author":[{"embeddable":true,"href":"https:\/\/mivelezmalaga.com\/es\/wp-json\/wp\/v2\/users\/2"}],"replies":[{"embeddable":true,"href":"https:\/\/mivelezmalaga.com\/es\/wp-json\/wp\/v2\/comments?post=3888"}],"version-history":[{"count":3,"href":"https:\/\/mivelezmalaga.com\/es\/wp-json\/wp\/v2\/pages\/3888\/revisions"}],"predecessor-version":[{"id":8400,"href":"https:\/\/mivelezmalaga.com\/es\/wp-json\/wp\/v2\/pages\/3888\/revisions\/8400"}],"wp:attachment":[{"href":"https:\/\/mivelezmalaga.com\/es\/wp-json\/wp\/v2\/media?parent=3888"}],"curies":[{"name":"wp","href":"https:\/\/api.w.org\/{rel}","templated":true}]}}