{"id":3923,"date":"2019-03-01T15:50:57","date_gmt":"2019-03-01T14:50:57","guid":{"rendered":"https:\/\/mivelezmalaga.com\/campos-de-golf\/"},"modified":"2024-01-16T10:16:52","modified_gmt":"2024-01-16T09:16:52","slug":"campos-de-golf","status":"publish","type":"page","link":"https:\/\/mivelezmalaga.com\/es\/que-hacer-en-velez-malaga\/alrededores-velez\/campos-de-golf\/","title":{"rendered":"Campos de Golf"},"content":{"rendered":"\n<p><span style=\"font-weight: 400;\">Si es un gran aficionado a jugar al golf, en V\u00e9lez-M\u00e1laga encontrar\u00e1 el destino ideal para disfrutar de este deporte de precisi\u00f3n. Uno de los campos de golf que existen en la ciudad puede presumir de estar clasificado entre los mejores campos de golf \u201cPay &amp; Play\u201d del mundo, &nbsp;por lo que si decide visitar el mismo, podr\u00e1 jugar libremente pagando el green fee correspondiente. \u00bfPreparado para conocer sus caracter\u00edsticas con m\u00e1s detalle?<\/span><\/p>\n\n\n\n<h2 class=\"wp-block-heading\"><span style=\"font-weight: 400;\">Baviera Golf<\/span><\/h2>\n\n\n\n<p><strong>Campo de 18 hoyos, casa club, academia, restaurante, club maker<\/strong><\/p>\n\n\n\n<p><span style=\"font-weight: 400;\">Los nueve primeros hoyos del complejo Baviera Golf fueron inaugurados en el a\u00f1o 2001. Est\u00e1 ubicado en la Caleta de V\u00e9lez y tiene una extensi\u00f3n de 6.100 metros cuadrados. Su dise\u00f1ador, el golfista profesional Jos\u00e9 Mar\u00eda Ca\u00f1izares, cre\u00f3 un campo que se caracteriza por tener calles anchas y agradables al juego con greenes muy amplios. La inauguraci\u00f3n de la segunda fase del proyecto que inclu\u00eda el resto de hoyos junto con la nueva casa club, restaurante y m\u00e1s servicios, ampliaron la carta de presentaci\u00f3n de este campo de golf cuyas vistas tanto al Mediterr\u00e1neo como a las sierras que lo rodean, hacen que el complejo Baviera Golf se convierta en un lugar muy atractivo para disfrutar de su deporte favorito. <\/span><\/p>\n\n\n\n<h2 class=\"wp-block-heading\"><span style=\"font-weight: 400;\">El Campo de Golf y El Juego<\/span><\/h2>\n\n\n\n<p><span style=\"font-weight: 400;\">Baviera Golf es uno de los mejores campos \u201cPay &amp; Play\u201d del mundo. El ganador de 5 torneos del circuito europeo y 2 campeonatos del Mundo, Jos\u00e9 Mar\u00eda Ca\u00f1izares, asesor\u00f3 a la empresa constructora para crear un campo plano y &nbsp;con muchos movimientos, una gran diversidad de obst\u00e1culos que ofrece una gran variedad de golpes y un dise\u00f1o ideal para todo tipo de jugadores, desde los principiantes hasta los m\u00e1s expertos. La variaci\u00f3n de los 18 hoyos y las inmejorables vistas har\u00e1n que su experiencia en Baviera Golf sea sumamente satisfactoria. <\/span><\/p>\n\n\n\n<h3 class=\"wp-block-heading\"><span style=\"font-weight: 400;\">Instalaciones del Campo de Golf Baviera<\/span><\/h3>\n\n\n\n<p><span style=\"font-weight: 400;\">Baviera Golf cuenta con una Casa Club que ofrece una gran variedad de servicios entre los que podemos encontrar: Pro Shop (en donde encontrar\u00e1 marcas y productos de primera calidad exclusivamente dise\u00f1ados para la pr\u00e1ctica del golf), Caddy Master, Buggys el\u00e9ctricos, Power Caddys y palos de alquiler de primeras marcas, Putting green (dedicado a practicar diferentes distancias y ca\u00eddas), Academia, vestuarios con taquillas &nbsp;y muchos servicios m\u00e1s. <\/span><\/p>\n\n\n\n<p><span style=\"font-weight: 400;\">El complejo Baviera Golf est\u00e1 pensado para que los grandes aficionados al golf puedan disfrutar de una jornada inolvidable jugando a este deporte de precisi\u00f3n. Hemos de se\u00f1alar que entre los servicios de los que dispone la Academia Baviera Golf, podemos encontrar una escuela de adultos, escuela infantil y escuela adaptada. En la escuela de adultos podr\u00e1 encontrar cursos de iniciaci\u00f3n, perfeccionamiento o clinics (para alumnos a trav\u00e9s de empresas, familias o grupos de amigos que quieran jugar al golf). La escuela infantil est\u00e1 orientada a ni\u00f1os y ni\u00f1as de entre 5 y 16 a\u00f1os que quieren mejorar su golf o aquellos que quieren iniciarse en un deporte nuevo. La escuela adaptada naci\u00f3 en el a\u00f1o 2004 y su objetivo es acercar la ense\u00f1anza del golf a adultos y ni\u00f1os con diferentes discapacidades. <\/span><\/p>\n\n\n\n<p><span style=\"font-weight: 400;\">Tambi\u00e9n tenemos que hacer una menci\u00f3n especial al maravilloso restaurante <\/span><span style=\"font-weight: 400;\">Natural&amp;Mente <\/span><span style=\"font-weight: 400;\">Baviera Golf. El fant\u00e1stico men\u00fa del chef de lunes a viernes, la carta de snacks y la amplia carta gastron\u00f3mica con platos exquisitos hacen de este restaurante el mejor maridaje para un d\u00eda de golf.<\/span><\/p>\n\n\n\n<p><span style=\"font-weight: 400;\">Durante la temporada alta, Baviera Golf tambi\u00e9n es el escenario de diferentes eventos musicales y actuaciones en directo. Visite su p\u00e1gina web para encontrar m\u00e1s informaci\u00f3n. Este enclave de ensue\u00f1o es el lugar ideal para la celebraci\u00f3n de bodas o cualquier tipo de evento con amplias instalaciones, disfrutando adem\u00e1s de una impresionantes vistas de la Axarqu\u00eda. <\/span><\/p>\n\n\n\n<p><span style=\"font-weight: 400;\">Direcci\u00f3n: Baviera Golf, Caleta de Velez. Tel: 952 55 50 15. Bavieragolf.com.<\/span><\/p>\n\n\n\n<h2 class=\"wp-block-heading\"><span style=\"font-weight: 400;\">A\u00f1oreta Golf<\/span><\/h2>\n\n\n\n<p><b>Campo de 18 hoyos, casa club, academia y servicio para eventos. <\/b><\/p>\n\n\n\n<p><span style=\"font-weight: 400;\">Este campo de golf fundado en 1990 fue dise\u00f1ado tambi\u00e9n por el prestigioso jugador profesional Jos\u00e9 Mar\u00eda Ca\u00f1izares. Tiene 18 hoyos, zona de pr\u00e1cticas, Pro Shop (donde se pueden adquirir las \u00faltimas novedades en material deportivo), escuela de golf, restaurante, servicios para eventos, etc,.<\/span><\/p>\n\n\n\n<p><span style=\"font-weight: 400;\">Su ubicaci\u00f3n es privilegiada ya que se encuentra enclavado en el Mar Mediterr\u00e1neo, a escasos minutos del aeropuerto de M\u00e1laga y a muy pocos kil\u00f3metros de V\u00e9lez-M\u00e1laga si decide realizar una jornada de golf con amigos. <\/span><\/p>\n\n\n\n<h3 class=\"wp-block-heading\"><span style=\"font-weight: 400;\">El Campo de Golf y El Juego<\/span><\/h3>\n\n\n\n<p><span style=\"font-weight: 400;\">A\u00f1oreta Golf es un desaf\u00edo para todos los jugadores que decidan poner en pr\u00e1ctica su tiro en el campo. Tiene un dise\u00f1o variado y agradable, rodeado de agua, \u00e1rboles e impresionantes vistas al mar. La construcci\u00f3n inicial del campo se bas\u00f3 solo en 9 hoyos con una calles cortas y estrechas que obligaban a poner en pr\u00e1ctica tu mejor juego. Al a\u00f1o siguiente se construyeron los segundos 9 hoyos, convirtiendo el campo en un trazado muy variado y agradable de jugar que requiere utilizar todos los palos de la bolsa, lo que lo hace que se convierta en un verdadero reto para intentar mejorar tu h\u00e1ndicap. <\/span><\/p>\n\n\n\n<h3 class=\"wp-block-heading\"><span style=\"font-weight: 400;\">Instalaciones en el Campo de Golf de A\u00f1oerta<\/span><\/h3>\n\n\n\n<p><span style=\"font-weight: 400;\">A\u00f1oreta Golf tiene un campo de pr\u00e1cticas con escuela de golf de adultos e infantil donde se puede perfeccionar el swing, tanto en horario diurno como nocturno en 25 puestos de hierba natural. Tambi\u00e9n podr\u00e1 encontrar 4 pistas de p\u00e1del iluminadas y con profesionales que le ayudar\u00e1n a perfeccionar su juego. Para disfrutar de un tentempi\u00e9, los jugadores pueden dirigirse al \u201cChiringuito Hoyo 10\u201d y sentarse en su acogedora terraza. Entre los servicio que encontramos en el complejo de A\u00f1oreta Golf tambi\u00e9n podremos visitar su restaurante con una terraza con magnificas vistas y una oferta gastron\u00f3mica de gran calidad con un men\u00fa del d\u00eda basado en platos t\u00edpicos de la zona. Es un lugar ideal donde celebrar una comida con amigos, una reuni\u00f3n de empresa o cualquier tipo de evento que desee. <\/span><\/p>\n\n\n\n<p><span style=\"font-weight: 400;\">Direcci\u00f3n: Avda. del Golf, S\/N &#8211; Rinc\u00f3n de la Victoria. Tel: 952 40 40 00. Anoretagolf.es.<\/span><\/p>\n","protected":false},"excerpt":{"rendered":"<p>Si es un gran aficionado a jugar al golf, en V\u00e9lez-M\u00e1laga encontrar\u00e1 el destino ideal para disfrutar de este deporte de precisi\u00f3n. Uno de los campos de golf que existen en la ciudad puede presumir de estar clasificado entre los mejores campos de golf \u201cPay &amp; Play\u201d del mundo, &nbsp;por lo que si decide visitar [&hellip;]<\/p>\n","protected":false},"author":2,"featured_media":5138,"parent":6094,"menu_order":0,"comment_status":"closed","ping_status":"closed","template":"page-child.php","meta":{"_acf_changed":false,"footnotes":""},"class_list":["post-3923","page","type-page","status-publish","has-post-thumbnail","hentry"],"acf":[],"yoast_head":"<!-- This site is optimized with the Yoast SEO plugin v27.3 - https:\/\/yoast.com\/product\/yoast-seo-wordpress\/ -->\n<title>Los Mejores Campos de Golf Cerca de V\u00e9lez-M\u00e1laga<\/title>\n<meta name=\"description\" content=\"Si es un gran aficionado a jugar al golf, en V\u00e9lez-M\u00e1laga encontrar\u00e1 el destino ideal para disfrutar de este deporte de precisi\u00f3n.\" \/>\n<meta name=\"robots\" content=\"index, follow, max-snippet:-1, max-image-preview:large, max-video-preview:-1\" \/>\n<link rel=\"canonical\" href=\"https:\/\/mivelezmalaga.com\/es\/que-hacer-en-velez-malaga\/alrededores-velez\/campos-de-golf\/\" \/>\n<meta property=\"og:locale\" content=\"es_ES\" \/>\n<meta property=\"og:type\" content=\"article\" \/>\n<meta property=\"og:title\" content=\"Dos Campos de Golf Cerca de V\u00e9lez-M\u00e1laga\" \/>\n<meta property=\"og:description\" content=\"Si es un gran aficionado a jugar al golf, en V\u00e9lez-M\u00e1laga encontrar\u00e1 el destino ideal para disfrutar de este deporte de precisi\u00f3n.\" \/>\n<meta property=\"og:url\" content=\"https:\/\/mivelezmalaga.com\/es\/que-hacer-en-velez-malaga\/alrededores-velez\/campos-de-golf\/\" \/>\n<meta property=\"og:site_name\" content=\"Mi Velez-Malaga\" \/>\n<meta property=\"article:publisher\" content=\"https:\/\/www.facebook.com\/mivelezmalaga\/\" \/>\n<meta property=\"article:modified_time\" content=\"2024-01-16T09:16:52+00:00\" \/>\n<meta property=\"og:image\" content=\"https:\/\/mivelezmalaga.com\/wp-content\/uploads\/2017\/02\/golfballnearhole.jpg\" \/>\n\t<meta property=\"og:image:width\" content=\"1600\" \/>\n\t<meta property=\"og:image:height\" content=\"915\" \/>\n\t<meta property=\"og:image:type\" content=\"image\/jpeg\" \/>\n<meta name=\"twitter:card\" content=\"summary_large_image\" \/>\n<meta name=\"twitter:site\" content=\"@MiVelezMalaga\" \/>\n<meta name=\"twitter:label1\" content=\"Est. reading time\" \/>\n\t<meta name=\"twitter:data1\" content=\"5 minutes\" \/>\n<script type=\"application\/ld+json\" class=\"yoast-schema-graph\">{\"@context\":\"https:\\\/\\\/schema.org\",\"@graph\":[{\"@type\":\"WebPage\",\"@id\":\"https:\\\/\\\/mivelezmalaga.com\\\/es\\\/que-hacer-en-velez-malaga\\\/alrededores-velez\\\/campos-de-golf\\\/\",\"url\":\"https:\\\/\\\/mivelezmalaga.com\\\/es\\\/que-hacer-en-velez-malaga\\\/alrededores-velez\\\/campos-de-golf\\\/\",\"name\":\"Los Mejores Campos de Golf Cerca de V\u00e9lez-M\u00e1laga\",\"isPartOf\":{\"@id\":\"https:\\\/\\\/mivelezmalaga.com\\\/es\\\/#website\"},\"primaryImageOfPage\":{\"@id\":\"https:\\\/\\\/mivelezmalaga.com\\\/es\\\/que-hacer-en-velez-malaga\\\/alrededores-velez\\\/campos-de-golf\\\/#primaryimage\"},\"image\":{\"@id\":\"https:\\\/\\\/mivelezmalaga.com\\\/es\\\/que-hacer-en-velez-malaga\\\/alrededores-velez\\\/campos-de-golf\\\/#primaryimage\"},\"thumbnailUrl\":\"https:\\\/\\\/mivelezmalaga.com\\\/wp-content\\\/uploads\\\/2019\\\/01\\\/baviera-golf.jpg\",\"datePublished\":\"2019-03-01T14:50:57+00:00\",\"dateModified\":\"2024-01-16T09:16:52+00:00\",\"description\":\"Si es un gran aficionado a jugar al golf, en V\u00e9lez-M\u00e1laga encontrar\u00e1 el destino ideal para disfrutar de este deporte de precisi\u00f3n.\",\"breadcrumb\":{\"@id\":\"https:\\\/\\\/mivelezmalaga.com\\\/es\\\/que-hacer-en-velez-malaga\\\/alrededores-velez\\\/campos-de-golf\\\/#breadcrumb\"},\"inLanguage\":\"es-ES\",\"potentialAction\":[{\"@type\":\"ReadAction\",\"target\":[\"https:\\\/\\\/mivelezmalaga.com\\\/es\\\/que-hacer-en-velez-malaga\\\/alrededores-velez\\\/campos-de-golf\\\/\"]}]},{\"@type\":\"ImageObject\",\"inLanguage\":\"es-ES\",\"@id\":\"https:\\\/\\\/mivelezmalaga.com\\\/es\\\/que-hacer-en-velez-malaga\\\/alrededores-velez\\\/campos-de-golf\\\/#primaryimage\",\"url\":\"https:\\\/\\\/mivelezmalaga.com\\\/wp-content\\\/uploads\\\/2019\\\/01\\\/baviera-golf.jpg\",\"contentUrl\":\"https:\\\/\\\/mivelezmalaga.com\\\/wp-content\\\/uploads\\\/2019\\\/01\\\/baviera-golf.jpg\",\"width\":1200,\"height\":501},{\"@type\":\"BreadcrumbList\",\"@id\":\"https:\\\/\\\/mivelezmalaga.com\\\/es\\\/que-hacer-en-velez-malaga\\\/alrededores-velez\\\/campos-de-golf\\\/#breadcrumb\",\"itemListElement\":[{\"@type\":\"ListItem\",\"position\":1,\"name\":\"Home\",\"item\":\"https:\\\/\\\/mivelezmalaga.com\\\/es\\\/\"},{\"@type\":\"ListItem\",\"position\":2,\"name\":\"Que hacer en V\u00e9lez-M\u00e1laga\",\"item\":\"https:\\\/\\\/mivelezmalaga.com\\\/es\\\/que-hacer-en-velez-malaga\\\/\"},{\"@type\":\"ListItem\",\"position\":3,\"name\":\"Alrededores de V\u00e9lez-M\u00e1laga\",\"item\":\"https:\\\/\\\/mivelezmalaga.com\\\/es\\\/que-hacer-en-velez-malaga\\\/alrededores-velez\\\/\"},{\"@type\":\"ListItem\",\"position\":4,\"name\":\"Campos de Golf\"}]},{\"@type\":\"WebSite\",\"@id\":\"https:\\\/\\\/mivelezmalaga.com\\\/es\\\/#website\",\"url\":\"https:\\\/\\\/mivelezmalaga.com\\\/es\\\/\",\"name\":\"Mi Velez-Malaga\",\"description\":\"Welcome to V\u00e9lez\",\"potentialAction\":[{\"@type\":\"SearchAction\",\"target\":{\"@type\":\"EntryPoint\",\"urlTemplate\":\"https:\\\/\\\/mivelezmalaga.com\\\/es\\\/?s={search_term_string}\"},\"query-input\":{\"@type\":\"PropertyValueSpecification\",\"valueRequired\":true,\"valueName\":\"search_term_string\"}}],\"inLanguage\":\"es-ES\"}]}<\/script>\n<!-- \/ Yoast SEO plugin. -->","yoast_head_json":{"title":"Los Mejores Campos de Golf Cerca de V\u00e9lez-M\u00e1laga","description":"Si es un gran aficionado a jugar al golf, en V\u00e9lez-M\u00e1laga encontrar\u00e1 el destino ideal para disfrutar de este deporte de precisi\u00f3n.","robots":{"index":"index","follow":"follow","max-snippet":"max-snippet:-1","max-image-preview":"max-image-preview:large","max-video-preview":"max-video-preview:-1"},"canonical":"https:\/\/mivelezmalaga.com\/es\/que-hacer-en-velez-malaga\/alrededores-velez\/campos-de-golf\/","og_locale":"es_ES","og_type":"article","og_title":"Dos Campos de Golf Cerca de V\u00e9lez-M\u00e1laga","og_description":"Si es un gran aficionado a jugar al golf, en V\u00e9lez-M\u00e1laga encontrar\u00e1 el destino ideal para disfrutar de este deporte de precisi\u00f3n.","og_url":"https:\/\/mivelezmalaga.com\/es\/que-hacer-en-velez-malaga\/alrededores-velez\/campos-de-golf\/","og_site_name":"Mi Velez-Malaga","article_publisher":"https:\/\/www.facebook.com\/mivelezmalaga\/","article_modified_time":"2024-01-16T09:16:52+00:00","og_image":[{"width":1600,"height":915,"url":"https:\/\/mivelezmalaga.com\/wp-content\/uploads\/2017\/02\/golfballnearhole.jpg","type":"image\/jpeg"}],"twitter_card":"summary_large_image","twitter_site":"@MiVelezMalaga","twitter_misc":{"Est. reading time":"5 minutes"},"schema":{"@context":"https:\/\/schema.org","@graph":[{"@type":"WebPage","@id":"https:\/\/mivelezmalaga.com\/es\/que-hacer-en-velez-malaga\/alrededores-velez\/campos-de-golf\/","url":"https:\/\/mivelezmalaga.com\/es\/que-hacer-en-velez-malaga\/alrededores-velez\/campos-de-golf\/","name":"Los Mejores Campos de Golf Cerca de V\u00e9lez-M\u00e1laga","isPartOf":{"@id":"https:\/\/mivelezmalaga.com\/es\/#website"},"primaryImageOfPage":{"@id":"https:\/\/mivelezmalaga.com\/es\/que-hacer-en-velez-malaga\/alrededores-velez\/campos-de-golf\/#primaryimage"},"image":{"@id":"https:\/\/mivelezmalaga.com\/es\/que-hacer-en-velez-malaga\/alrededores-velez\/campos-de-golf\/#primaryimage"},"thumbnailUrl":"https:\/\/mivelezmalaga.com\/wp-content\/uploads\/2019\/01\/baviera-golf.jpg","datePublished":"2019-03-01T14:50:57+00:00","dateModified":"2024-01-16T09:16:52+00:00","description":"Si es un gran aficionado a jugar al golf, en V\u00e9lez-M\u00e1laga encontrar\u00e1 el destino ideal para disfrutar de este deporte de precisi\u00f3n.","breadcrumb":{"@id":"https:\/\/mivelezmalaga.com\/es\/que-hacer-en-velez-malaga\/alrededores-velez\/campos-de-golf\/#breadcrumb"},"inLanguage":"es-ES","potentialAction":[{"@type":"ReadAction","target":["https:\/\/mivelezmalaga.com\/es\/que-hacer-en-velez-malaga\/alrededores-velez\/campos-de-golf\/"]}]},{"@type":"ImageObject","inLanguage":"es-ES","@id":"https:\/\/mivelezmalaga.com\/es\/que-hacer-en-velez-malaga\/alrededores-velez\/campos-de-golf\/#primaryimage","url":"https:\/\/mivelezmalaga.com\/wp-content\/uploads\/2019\/01\/baviera-golf.jpg","contentUrl":"https:\/\/mivelezmalaga.com\/wp-content\/uploads\/2019\/01\/baviera-golf.jpg","width":1200,"height":501},{"@type":"BreadcrumbList","@id":"https:\/\/mivelezmalaga.com\/es\/que-hacer-en-velez-malaga\/alrededores-velez\/campos-de-golf\/#breadcrumb","itemListElement":[{"@type":"ListItem","position":1,"name":"Home","item":"https:\/\/mivelezmalaga.com\/es\/"},{"@type":"ListItem","position":2,"name":"Que hacer en V\u00e9lez-M\u00e1laga","item":"https:\/\/mivelezmalaga.com\/es\/que-hacer-en-velez-malaga\/"},{"@type":"ListItem","position":3,"name":"Alrededores de V\u00e9lez-M\u00e1laga","item":"https:\/\/mivelezmalaga.com\/es\/que-hacer-en-velez-malaga\/alrededores-velez\/"},{"@type":"ListItem","position":4,"name":"Campos de Golf"}]},{"@type":"WebSite","@id":"https:\/\/mivelezmalaga.com\/es\/#website","url":"https:\/\/mivelezmalaga.com\/es\/","name":"Mi Velez-Malaga","description":"Welcome to V\u00e9lez","potentialAction":[{"@type":"SearchAction","target":{"@type":"EntryPoint","urlTemplate":"https:\/\/mivelezmalaga.com\/es\/?s={search_term_string}"},"query-input":{"@type":"PropertyValueSpecification","valueRequired":true,"valueName":"search_term_string"}}],"inLanguage":"es-ES"}]}},"_links":{"self":[{"href":"https:\/\/mivelezmalaga.com\/es\/wp-json\/wp\/v2\/pages\/3923","targetHints":{"allow":["GET"]}}],"collection":[{"href":"https:\/\/mivelezmalaga.com\/es\/wp-json\/wp\/v2\/pages"}],"about":[{"href":"https:\/\/mivelezmalaga.com\/es\/wp-json\/wp\/v2\/types\/page"}],"author":[{"embeddable":true,"href":"https:\/\/mivelezmalaga.com\/es\/wp-json\/wp\/v2\/users\/2"}],"replies":[{"embeddable":true,"href":"https:\/\/mivelezmalaga.com\/es\/wp-json\/wp\/v2\/comments?post=3923"}],"version-history":[{"count":1,"href":"https:\/\/mivelezmalaga.com\/es\/wp-json\/wp\/v2\/pages\/3923\/revisions"}],"predecessor-version":[{"id":8403,"href":"https:\/\/mivelezmalaga.com\/es\/wp-json\/wp\/v2\/pages\/3923\/revisions\/8403"}],"up":[{"embeddable":true,"href":"https:\/\/mivelezmalaga.com\/es\/wp-json\/wp\/v2\/pages\/6094"}],"wp:featuredmedia":[{"embeddable":true,"href":"https:\/\/mivelezmalaga.com\/es\/wp-json\/wp\/v2\/media\/5138"}],"wp:attachment":[{"href":"https:\/\/mivelezmalaga.com\/es\/wp-json\/wp\/v2\/media?parent=3923"}],"curies":[{"name":"wp","href":"https:\/\/api.w.org\/{rel}","templated":true}]}}