{"id":4016,"date":"2019-03-18T21:47:55","date_gmt":"2019-03-18T20:47:55","guid":{"rendered":"https:\/\/mivelezmalaga.com\/caminito-del-rey\/"},"modified":"2019-10-29T16:21:35","modified_gmt":"2019-10-29T15:21:35","slug":"caminito-del-rey","status":"publish","type":"page","link":"https:\/\/mivelezmalaga.com\/es\/que-hacer-en-velez-malaga\/alrededores-velez\/caminito-del-rey\/","title":{"rendered":"Caminito del Rey"},"content":{"rendered":"\r\n<p><span style=\"font-weight: 400;\">El Caminito del Rey es un paso construido en las paredes del <\/span><a href=\"https:\/\/es.wikipedia.org\/wiki\/Desfiladero_de_los_Gaitanes\"><span style=\"font-weight: 400;\">desfiladero de los Gaitanes<\/span><\/a><span style=\"font-weight: 400;\">, entre los t\u00e9rminos municipales de <\/span><a href=\"https:\/\/es.wikipedia.org\/wiki\/Ardales\"><span style=\"font-weight: 400;\">Ardales<\/span><\/a><span style=\"font-weight: 400;\">, <\/span><a href=\"https:\/\/es.wikipedia.org\/wiki\/%C3%81lora\"><span style=\"font-weight: 400;\">\u00c1lora<\/span><\/a><span style=\"font-weight: 400;\"> y <\/span><a href=\"https:\/\/es.wikipedia.org\/wiki\/Antequera\"><span style=\"font-weight: 400;\">Antequer<\/span><\/a><span style=\"font-weight: 400;\">a que durante muchos a\u00f1os, tras la acci\u00f3n de la naturaleza y la mano del hombre lo hab\u00edan llevado a convertirse en uno de los caminos m\u00e1s peligrosos de Espa\u00f1a. Solo algunos escaladores o aficionados se atrev\u00edan a cruzarle. <\/span>En 2014 se iniciaron las obras para rehabilitar el mismo y actualmente, ya reformado despierta una gran expectaci\u00f3n entre sus visitantes.<\/p>\r\n\r\n\r\n\r\n<h1 class=\"wp-block-heading\"><span style=\"font-weight: 400;\">Visi\u00f3n General<\/span><\/h1>\r\n\r\n\r\n\r\n<p><span style=\"font-weight: 400;\">Nivel: Medio (el recorrido es b\u00e1sicamente descendente pero existen subidas y bajadas. El recorrido se hace en un \u00fanico sentido, entrando por la zona norte (Ardales) y saliendo por la sur (\u00c1lora). <\/span><\/p>\r\n\r\n\r\n\r\n<p><span style=\"font-weight: 400;\">Recorrido: El recorrido total del Caminito del Rey es de 7.7 kms, pero no todo son pasarelas. De hecho, 4.8 kms. son accesos y el resto (unos 2,9 kms.) es el trayecto m\u00e1s conocido e incluye el Valle del Hoyo. <\/span><\/p>\r\n\r\n\r\n\r\n<p><strong>Precio: 10 \u20ac por persona.<\/strong><\/p>\r\n\r\n\r\n\r\n<p><span style=\"font-weight: 400;\">El Caminito del Rey es una senda a\u00e9rea construida en las paredes del Desfiladero de los Gaitanes. Es un camino que cuenta con largos tramos y con una anchura de apenas 1 metro y est\u00e1 colgado en las paredes verticales del desfiladero a una distancia media de 100 metros sobre el r\u00edo. El paso del tiempo, el abandono y la falta de mantenimiento llevaron a esta impresionante obra a un deterioro muy grave que lo hac\u00eda casi impracticable, provocando tambi\u00e9n, la p\u00e9rdida de la historia entre los dos pueblos que une y la falta de atractivo para los visitantes. A pesar de ello, muchos excursionistas y escaladores lo recorr\u00edan, provocando numerosos accidentes (algunos mortales) y aumentando su leyenda negra. <\/span><\/p>\r\n\r\n\r\n\r\n<div class=\"wp-block-image\">\r\n<figure class=\"aligncenter\"><img decoding=\"async\" width=\"1000\" height=\"500\" class=\"wp-image-5575 lazyload\" data-src=\"https:\/\/storage.googleapis.com\/stateless-mivelezmalaga-com\/2019\/10\/0c71ba18-caminito-del-rey-andalucia.jpg\" alt=\"\" data-srcset=\"https:\/\/mivelezmalaga.com\/wp-content\/uploads\/2019\/10\/0c71ba18-caminito-del-rey-andalucia.jpg 1000w, https:\/\/mivelezmalaga.com\/wp-content\/uploads\/2019\/10\/0c71ba18-caminito-del-rey-andalucia-300x150.jpg 300w\" data-sizes=\"(max-width: 1000px) 100vw, 1000px\" src=\"data:image\/svg+xml;base64,PHN2ZyB3aWR0aD0iMSIgaGVpZ2h0PSIxIiB4bWxucz0iaHR0cDovL3d3dy53My5vcmcvMjAwMC9zdmciPjwvc3ZnPg==\" style=\"--smush-placeholder-width: 1000px; --smush-placeholder-aspect-ratio: 1000\/500;\" \/><\/figure>\r\n<\/div>\r\n\r\n\r\n\r\n<h1 class=\"wp-block-heading\"><span style=\"font-weight: 400;\">Historia del Caminito del Rey<\/span><\/h1>\r\n\r\n\r\n\r\n<p><span style=\"font-weight: 400;\">Este sendero se construy\u00f3 porque la Sociedad Hidroel\u00e9ctrica del Chorro, propietaria del Salto del Gaitanejo y del Salto del Chorro, necesitaba un acceso entre ambos \u201csaltos de agua\u201c para facilitar tanto el paso de los operarios de mantenimiento como el transporte de materiales y la vigilancia de los mismos. La construcci\u00f3n del caminito comenz\u00f3 en 1901 y concluyeron en 1905. El camino comienza junto a las v\u00edas del ferrocarril y recorre el Desfiladero de los Gaitanes comunicando el paso entre ambos lados. Cuando el rey Alfonso XIII inaugur\u00f3 la obra en el a\u00f1o 1921 los lugare\u00f1os bautizaron el camino como \u201cCaminito del Rey\u201d, nombre que se ha mantenido hasta la actualidad. <\/span><\/p>\r\n\r\n\r\n\r\n<h1 class=\"wp-block-heading\">Reserva Tus Entradas<\/h1>\r\n\r\n\r\n\r\n<p><span style=\"font-weight: 400;\">El renovado Caminito se inaugur\u00f3 al p\u00fablico el 28 de marzo de 2015 y durante los primeros seis meses la entrada fue gratuita. Actualmente hay que reservar la entrada con anterioridad a trav\u00e9s de la p\u00e1gina web oficial ya que podr\u00e1 elegir el d\u00eda, la hora de visita y seleccionar la entrada general para recorrer el Caminito de forma libre o la visita guiada en la que un gu\u00eda tur\u00edstico especializado le proporcionar\u00e1 informaci\u00f3n m\u00e1s espec\u00edfica sobre la historia, la geograf\u00eda y la biodiversidad del entorno a recorrer. <\/span><\/p>\r\n\r\n\r\n\r\n<p><span style=\"font-weight: 400;\">Otras dudas frecuentes que pueden surgir a la hora de realizar el Caminito est\u00e1n relacionadas con la visita. Por ejemplo, con respecto a la entrada, siempre deber\u00e1 de llevarla encima. Tanto al comenzar el camino como a la salida. Se recomienda llevar agua o alguna bebida isot\u00f3nica, barritas energ\u00e9ticas o frutos secos y crema de protecci\u00f3n solar. \u00a0Y los visitantes deber\u00e1n de llegar al \u00e1rea de acceso con al menos 30 minutos de antelaci\u00f3n con respecto a su hora de visita por lo que hay que planificar bien la salida de su punto de origen. Los ni\u00f1os mayores de 8 a\u00f1os deben llevar su dni original o Libro de Familia para comprobar su edad.<\/span><\/p>\r\n\r\n\r\n\r\n<h1 class=\"wp-block-heading\">C\u00f3mo llegar y Aparcar<\/h1>\r\n\r\n\r\n\r\n<p><span style=\"font-weight: 400;\">Si se hospeda en V\u00e9lez-M\u00e1laga y decide ir al Caminito en su coche, la distancia hasta llegar a El Chorro es de 105 km y la duraci\u00f3n aproximada del viaje de 1 hora y 24 minutos. El recorrido del Caminito es lineal por lo que al finalizar el mismo y volver al aparcamiento de la zona del embalse del Conde de Guadalhorce (Ardales) en la zona Norte, deber\u00e1 utilizar el servicio de autobuses lanzadera o volver andando (aunque son varios kil\u00f3metros los que tendr\u00e1 que recorrer). Otra opci\u00f3n es dejar el coche<\/span> <span style=\"font-weight: 400;\">aparcado en El Chorro (\u00c1lora), que es donde termina el recorrido (zona Sur) pero en este caso hay que calcular una hora u hora y media hasta llegar al inicio del recorrido oficial del Caminito. <\/span><\/p>\r\n\r\n\r\n\r\n<h1 class=\"wp-block-heading\">Tren<\/h1>\r\n\r\n\r\n\r\n<p><span style=\"font-weight: 400;\">Si decide llegar al Caminito en Ferrocarril, Renfe ofrece trenes regionales diarios que le llevar\u00e1n directamente a la estaci\u00f3n de El Chorro &#8211; Caminito del Rey (\u00c1lora) por lo que tendr\u00e1 que consultar los horarios de los cercan\u00edas y tener en cuenta tambi\u00e9n los horarios de los autobuses lanzadera que le llevar\u00e1n <\/span><span style=\"font-weight: 400;\">a <\/span><span style=\"font-weight: 400;\">la zona del embalse del Conde de Guadalhorce en Ardales. <\/span><\/p>\r\n\r\n\r\n\r\n<h1 class=\"wp-block-heading\">Autobuses Lanzadera<\/h1>\r\n\r\n\r\n\r\n<p><span style=\"font-weight: 400;\">El servicio de autobuses lanzaderas van desde el acceso norte (Ardales) y el sur (El Chorro, \u00c1lora) o viceversa y tarda una hora y cuarto aproximadamente en llegar a la zona de recepci\u00f3n de visitantes de la entrada o a la salida del Caminito. El servicio de autobuses lanzadera est\u00e1 disponible de martes a domingo y a continuaci\u00f3n le dejamos un <\/span><a href=\"http:\/\/static.malaga.es\/malaga\/subidas\/archivos\/0\/8\/arc_218080_v4.pdf\"><span style=\"font-weight: 400;\">enlace<\/span><\/a><span style=\"font-weight: 400;\"> con los horarios y recorrido del mismo,<\/span><\/p>\r\n\r\n\r\n\r\n<h1 class=\"wp-block-heading\">Horario de Apertura del Caminito del Rey<\/h1>\r\n\r\n\r\n\r\n<p><span style=\"font-weight: 400;\">El Caminito del Rey abre todos los d\u00edas del a\u00f1o de martes a domingo, a excepci\u00f3n de los lunes y de los d\u00edas 24, 25, 31 de diciembre y 1 de enero. Por causas meteorol\u00f3gicas (lluvia, viento, etc,.) u obras o reparaciones podemos encontrarnos el Caminito cerrado por lo que recomendamos visitar la p\u00e1gina web oficial la misma ma\u00f1ana que tenga la visita programada. Para consultar los horarios establecidos dir\u00edjase al apartado de reservas de la p\u00e1gina web del Caminito.<\/span><\/p>\r\n\r\n\r\n\r\n<p><strong>Horario de verano<\/strong><\/p>\r\n\r\n\r\n\r\n<p>Del 26 de marzo de 2018 al 28 de octubre de 2018, abierto de 09:30 a 17:00 h de martes a\u00a0 domingo.<\/p>\r\n\r\n\r\n\r\n<p>13 autobuses s \/ n de martes a viernes y 24 autobuses s \/ n fines de semana<\/p>\r\n\r\n\r\n\r\n<p><strong>Horario de invierno<\/strong><\/p>\r\n\r\n\r\n\r\n<p>Del 29 de octubre de 2017 al 25 de marzo de 2018, abierto de 09:30 h a 15:00 h de martes a\u00a0 domingo.<\/p>\r\n\r\n\r\n\r\n<p>12 autobuses s \/ n de martes a viernes y 18 autobuses s \/ n fines de semana<\/p>\r\n\r\n\r\n\r\n<p>Si necesita m\u00e1s informaci\u00f3n sobre los autobuses lanzadera dir\u00edjase a la <a href=\"http:\/\/www.caminitodelrey.info\">p\u00e1gina web del Caminito del Rey<\/a>.<\/p>\r\n","protected":false},"excerpt":{"rendered":"<p>El Caminito del Rey es un paso construido en las paredes del desfiladero de los Gaitanes, entre los t\u00e9rminos municipales de Ardales, \u00c1lora y Antequera que durante muchos a\u00f1os, tras la acci\u00f3n de la naturaleza y la mano del hombre lo hab\u00edan llevado a convertirse en uno de los caminos m\u00e1s peligrosos de Espa\u00f1a. Solo [&hellip;]<\/p>\n","protected":false},"author":2,"featured_media":4510,"parent":6094,"menu_order":0,"comment_status":"closed","ping_status":"closed","template":"page-child.php","meta":{"_acf_changed":false,"footnotes":""},"class_list":["post-4016","page","type-page","status-publish","has-post-thumbnail","hentry"],"acf":[],"yoast_head":"<!-- This site is optimized with the Yoast SEO plugin v27.3 - https:\/\/yoast.com\/product\/yoast-seo-wordpress\/ -->\n<title>Caminito del Rey - D\u00f3nde est\u00e1, c\u00f3mo llegar y reservando informaci\u00f3n de billetes<\/title>\n<meta name=\"description\" content=\"\u00a1No mires hacia abajo! Mientras est\u00e1s en V\u00e9lez-M\u00e1laga, el Caminito del Rey es el lugar m\u00e1s pintoresco para hacer precisamente eso.\" \/>\n<meta name=\"robots\" content=\"index, follow, max-snippet:-1, max-image-preview:large, max-video-preview:-1\" \/>\n<link rel=\"canonical\" href=\"https:\/\/mivelezmalaga.com\/es\/que-hacer-en-velez-malaga\/alrededores-velez\/caminito-del-rey\/\" \/>\n<meta property=\"og:locale\" content=\"es_ES\" \/>\n<meta property=\"og:type\" content=\"article\" \/>\n<meta property=\"og:title\" content=\"Caminito del Rey - D\u00f3nde est\u00e1, c\u00f3mo llegar y reservando informaci\u00f3n de billetes\" \/>\n<meta property=\"og:description\" content=\"\u00a1No mires hacia abajo! Mientras est\u00e1s en V\u00e9lez-M\u00e1laga, el Caminito del Rey es el lugar m\u00e1s pintoresco para hacer precisamente eso.\" \/>\n<meta property=\"og:url\" content=\"https:\/\/mivelezmalaga.com\/es\/que-hacer-en-velez-malaga\/alrededores-velez\/caminito-del-rey\/\" \/>\n<meta property=\"og:site_name\" content=\"Mi Velez-Malaga\" \/>\n<meta property=\"article:publisher\" content=\"https:\/\/www.facebook.com\/mivelezmalaga\/\" \/>\n<meta property=\"article:modified_time\" content=\"2019-10-29T15:21:35+00:00\" \/>\n<meta property=\"og:image\" content=\"https:\/\/storage.googleapis.com\/stateless-mivelezmalaga-com\/2019\/10\/0c71ba18-caminito-del-rey-andalucia.jpg\" \/>\n<meta name=\"twitter:card\" content=\"summary_large_image\" \/>\n<meta name=\"twitter:site\" content=\"@MiVelezMalaga\" \/>\n<meta name=\"twitter:label1\" content=\"Est. reading time\" \/>\n\t<meta name=\"twitter:data1\" content=\"5 minutes\" \/>\n<script type=\"application\/ld+json\" class=\"yoast-schema-graph\">{\"@context\":\"https:\\\/\\\/schema.org\",\"@graph\":[{\"@type\":\"WebPage\",\"@id\":\"https:\\\/\\\/mivelezmalaga.com\\\/es\\\/que-hacer-en-velez-malaga\\\/alrededores-velez\\\/caminito-del-rey\\\/\",\"url\":\"https:\\\/\\\/mivelezmalaga.com\\\/es\\\/que-hacer-en-velez-malaga\\\/alrededores-velez\\\/caminito-del-rey\\\/\",\"name\":\"Caminito del Rey - D\u00f3nde est\u00e1, c\u00f3mo llegar y reservando informaci\u00f3n de billetes\",\"isPartOf\":{\"@id\":\"https:\\\/\\\/mivelezmalaga.com\\\/es\\\/#website\"},\"primaryImageOfPage\":{\"@id\":\"https:\\\/\\\/mivelezmalaga.com\\\/es\\\/que-hacer-en-velez-malaga\\\/alrededores-velez\\\/caminito-del-rey\\\/#primaryimage\"},\"image\":{\"@id\":\"https:\\\/\\\/mivelezmalaga.com\\\/es\\\/que-hacer-en-velez-malaga\\\/alrededores-velez\\\/caminito-del-rey\\\/#primaryimage\"},\"thumbnailUrl\":\"https:\\\/\\\/mivelezmalaga.com\\\/wp-content\\\/uploads\\\/2017\\\/02\\\/caminito-del-rey-1000x500.jpg\",\"datePublished\":\"2019-03-18T20:47:55+00:00\",\"dateModified\":\"2019-10-29T15:21:35+00:00\",\"description\":\"\u00a1No mires hacia abajo! Mientras est\u00e1s en V\u00e9lez-M\u00e1laga, el Caminito del Rey es el lugar m\u00e1s pintoresco para hacer precisamente eso.\",\"breadcrumb\":{\"@id\":\"https:\\\/\\\/mivelezmalaga.com\\\/es\\\/que-hacer-en-velez-malaga\\\/alrededores-velez\\\/caminito-del-rey\\\/#breadcrumb\"},\"inLanguage\":\"es-ES\",\"potentialAction\":[{\"@type\":\"ReadAction\",\"target\":[\"https:\\\/\\\/mivelezmalaga.com\\\/es\\\/que-hacer-en-velez-malaga\\\/alrededores-velez\\\/caminito-del-rey\\\/\"]}]},{\"@type\":\"ImageObject\",\"inLanguage\":\"es-ES\",\"@id\":\"https:\\\/\\\/mivelezmalaga.com\\\/es\\\/que-hacer-en-velez-malaga\\\/alrededores-velez\\\/caminito-del-rey\\\/#primaryimage\",\"url\":\"https:\\\/\\\/mivelezmalaga.com\\\/wp-content\\\/uploads\\\/2017\\\/02\\\/caminito-del-rey-1000x500.jpg\",\"contentUrl\":\"https:\\\/\\\/mivelezmalaga.com\\\/wp-content\\\/uploads\\\/2017\\\/02\\\/caminito-del-rey-1000x500.jpg\",\"width\":1000,\"height\":500},{\"@type\":\"BreadcrumbList\",\"@id\":\"https:\\\/\\\/mivelezmalaga.com\\\/es\\\/que-hacer-en-velez-malaga\\\/alrededores-velez\\\/caminito-del-rey\\\/#breadcrumb\",\"itemListElement\":[{\"@type\":\"ListItem\",\"position\":1,\"name\":\"Home\",\"item\":\"https:\\\/\\\/mivelezmalaga.com\\\/es\\\/\"},{\"@type\":\"ListItem\",\"position\":2,\"name\":\"Que hacer en V\u00e9lez-M\u00e1laga\",\"item\":\"https:\\\/\\\/mivelezmalaga.com\\\/es\\\/que-hacer-en-velez-malaga\\\/\"},{\"@type\":\"ListItem\",\"position\":3,\"name\":\"Alrededores de V\u00e9lez-M\u00e1laga\",\"item\":\"https:\\\/\\\/mivelezmalaga.com\\\/es\\\/que-hacer-en-velez-malaga\\\/alrededores-velez\\\/\"},{\"@type\":\"ListItem\",\"position\":4,\"name\":\"Caminito del Rey\"}]},{\"@type\":\"WebSite\",\"@id\":\"https:\\\/\\\/mivelezmalaga.com\\\/es\\\/#website\",\"url\":\"https:\\\/\\\/mivelezmalaga.com\\\/es\\\/\",\"name\":\"Mi Velez-Malaga\",\"description\":\"Welcome to V\u00e9lez\",\"potentialAction\":[{\"@type\":\"SearchAction\",\"target\":{\"@type\":\"EntryPoint\",\"urlTemplate\":\"https:\\\/\\\/mivelezmalaga.com\\\/es\\\/?s={search_term_string}\"},\"query-input\":{\"@type\":\"PropertyValueSpecification\",\"valueRequired\":true,\"valueName\":\"search_term_string\"}}],\"inLanguage\":\"es-ES\"}]}<\/script>\n<!-- \/ Yoast SEO plugin. -->","yoast_head_json":{"title":"Caminito del Rey - D\u00f3nde est\u00e1, c\u00f3mo llegar y reservando informaci\u00f3n de billetes","description":"\u00a1No mires hacia abajo! Mientras est\u00e1s en V\u00e9lez-M\u00e1laga, el Caminito del Rey es el lugar m\u00e1s pintoresco para hacer precisamente eso.","robots":{"index":"index","follow":"follow","max-snippet":"max-snippet:-1","max-image-preview":"max-image-preview:large","max-video-preview":"max-video-preview:-1"},"canonical":"https:\/\/mivelezmalaga.com\/es\/que-hacer-en-velez-malaga\/alrededores-velez\/caminito-del-rey\/","og_locale":"es_ES","og_type":"article","og_title":"Caminito del Rey - D\u00f3nde est\u00e1, c\u00f3mo llegar y reservando informaci\u00f3n de billetes","og_description":"\u00a1No mires hacia abajo! Mientras est\u00e1s en V\u00e9lez-M\u00e1laga, el Caminito del Rey es el lugar m\u00e1s pintoresco para hacer precisamente eso.","og_url":"https:\/\/mivelezmalaga.com\/es\/que-hacer-en-velez-malaga\/alrededores-velez\/caminito-del-rey\/","og_site_name":"Mi Velez-Malaga","article_publisher":"https:\/\/www.facebook.com\/mivelezmalaga\/","article_modified_time":"2019-10-29T15:21:35+00:00","og_image":[{"url":"https:\/\/storage.googleapis.com\/stateless-mivelezmalaga-com\/2019\/10\/0c71ba18-caminito-del-rey-andalucia.jpg","type":"","width":"","height":""}],"twitter_card":"summary_large_image","twitter_site":"@MiVelezMalaga","twitter_misc":{"Est. reading time":"5 minutes"},"schema":{"@context":"https:\/\/schema.org","@graph":[{"@type":"WebPage","@id":"https:\/\/mivelezmalaga.com\/es\/que-hacer-en-velez-malaga\/alrededores-velez\/caminito-del-rey\/","url":"https:\/\/mivelezmalaga.com\/es\/que-hacer-en-velez-malaga\/alrededores-velez\/caminito-del-rey\/","name":"Caminito del Rey - D\u00f3nde est\u00e1, c\u00f3mo llegar y reservando informaci\u00f3n de billetes","isPartOf":{"@id":"https:\/\/mivelezmalaga.com\/es\/#website"},"primaryImageOfPage":{"@id":"https:\/\/mivelezmalaga.com\/es\/que-hacer-en-velez-malaga\/alrededores-velez\/caminito-del-rey\/#primaryimage"},"image":{"@id":"https:\/\/mivelezmalaga.com\/es\/que-hacer-en-velez-malaga\/alrededores-velez\/caminito-del-rey\/#primaryimage"},"thumbnailUrl":"https:\/\/mivelezmalaga.com\/wp-content\/uploads\/2017\/02\/caminito-del-rey-1000x500.jpg","datePublished":"2019-03-18T20:47:55+00:00","dateModified":"2019-10-29T15:21:35+00:00","description":"\u00a1No mires hacia abajo! Mientras est\u00e1s en V\u00e9lez-M\u00e1laga, el Caminito del Rey es el lugar m\u00e1s pintoresco para hacer precisamente eso.","breadcrumb":{"@id":"https:\/\/mivelezmalaga.com\/es\/que-hacer-en-velez-malaga\/alrededores-velez\/caminito-del-rey\/#breadcrumb"},"inLanguage":"es-ES","potentialAction":[{"@type":"ReadAction","target":["https:\/\/mivelezmalaga.com\/es\/que-hacer-en-velez-malaga\/alrededores-velez\/caminito-del-rey\/"]}]},{"@type":"ImageObject","inLanguage":"es-ES","@id":"https:\/\/mivelezmalaga.com\/es\/que-hacer-en-velez-malaga\/alrededores-velez\/caminito-del-rey\/#primaryimage","url":"https:\/\/mivelezmalaga.com\/wp-content\/uploads\/2017\/02\/caminito-del-rey-1000x500.jpg","contentUrl":"https:\/\/mivelezmalaga.com\/wp-content\/uploads\/2017\/02\/caminito-del-rey-1000x500.jpg","width":1000,"height":500},{"@type":"BreadcrumbList","@id":"https:\/\/mivelezmalaga.com\/es\/que-hacer-en-velez-malaga\/alrededores-velez\/caminito-del-rey\/#breadcrumb","itemListElement":[{"@type":"ListItem","position":1,"name":"Home","item":"https:\/\/mivelezmalaga.com\/es\/"},{"@type":"ListItem","position":2,"name":"Que hacer en V\u00e9lez-M\u00e1laga","item":"https:\/\/mivelezmalaga.com\/es\/que-hacer-en-velez-malaga\/"},{"@type":"ListItem","position":3,"name":"Alrededores de V\u00e9lez-M\u00e1laga","item":"https:\/\/mivelezmalaga.com\/es\/que-hacer-en-velez-malaga\/alrededores-velez\/"},{"@type":"ListItem","position":4,"name":"Caminito del Rey"}]},{"@type":"WebSite","@id":"https:\/\/mivelezmalaga.com\/es\/#website","url":"https:\/\/mivelezmalaga.com\/es\/","name":"Mi Velez-Malaga","description":"Welcome to V\u00e9lez","potentialAction":[{"@type":"SearchAction","target":{"@type":"EntryPoint","urlTemplate":"https:\/\/mivelezmalaga.com\/es\/?s={search_term_string}"},"query-input":{"@type":"PropertyValueSpecification","valueRequired":true,"valueName":"search_term_string"}}],"inLanguage":"es-ES"}]}},"_links":{"self":[{"href":"https:\/\/mivelezmalaga.com\/es\/wp-json\/wp\/v2\/pages\/4016","targetHints":{"allow":["GET"]}}],"collection":[{"href":"https:\/\/mivelezmalaga.com\/es\/wp-json\/wp\/v2\/pages"}],"about":[{"href":"https:\/\/mivelezmalaga.com\/es\/wp-json\/wp\/v2\/types\/page"}],"author":[{"embeddable":true,"href":"https:\/\/mivelezmalaga.com\/es\/wp-json\/wp\/v2\/users\/2"}],"replies":[{"embeddable":true,"href":"https:\/\/mivelezmalaga.com\/es\/wp-json\/wp\/v2\/comments?post=4016"}],"version-history":[{"count":7,"href":"https:\/\/mivelezmalaga.com\/es\/wp-json\/wp\/v2\/pages\/4016\/revisions"}],"predecessor-version":[{"id":6164,"href":"https:\/\/mivelezmalaga.com\/es\/wp-json\/wp\/v2\/pages\/4016\/revisions\/6164"}],"up":[{"embeddable":true,"href":"https:\/\/mivelezmalaga.com\/es\/wp-json\/wp\/v2\/pages\/6094"}],"wp:featuredmedia":[{"embeddable":true,"href":"https:\/\/mivelezmalaga.com\/es\/wp-json\/wp\/v2\/media\/4510"}],"wp:attachment":[{"href":"https:\/\/mivelezmalaga.com\/es\/wp-json\/wp\/v2\/media?parent=4016"}],"curies":[{"name":"wp","href":"https:\/\/api.w.org\/{rel}","templated":true}]}}