{"id":5450,"date":"2019-09-19T16:11:53","date_gmt":"2019-09-19T14:11:53","guid":{"rendered":"https:\/\/mivelezmalaga.com\/alojamiento\/"},"modified":"2024-01-16T10:12:45","modified_gmt":"2024-01-16T09:12:45","slug":"alojamiento","status":"publish","type":"page","link":"https:\/\/mivelezmalaga.com\/es\/alojamiento\/","title":{"rendered":"Alojamiento"},"content":{"rendered":"\n<p>\u00bfPensando en alojarse en V\u00e9lez-M\u00e1laga o en alg\u00fan pueblo del interior de la Axarqu\u00eda? Nuestra selecci\u00f3n de los hoteles con m\u00e1s encanto, apartamentos o alquileres vacacionales os trasladar\u00e1n a una ruta de belleza excepcional que lo hacen un destino ideal para visitar durante todo el a\u00f1o.<\/p>\n","protected":false},"excerpt":{"rendered":"<p>\u00bfPensando en alojarse en V\u00e9lez-M\u00e1laga o en alg\u00fan pueblo del interior de la Axarqu\u00eda? Nuestra selecci\u00f3n de los hoteles con m\u00e1s encanto, apartamentos o alquileres vacacionales os trasladar\u00e1n a una ruta de belleza excepcional que lo hacen un destino ideal para visitar durante todo el a\u00f1o.<\/p>\n","protected":false},"author":1,"featured_media":0,"parent":0,"menu_order":0,"comment_status":"closed","ping_status":"closed","template":"page-sub.php","meta":{"_acf_changed":false,"footnotes":""},"class_list":["post-5450","page","type-page","status-publish","hentry"],"acf":[],"yoast_head":"<!-- This site is optimized with the Yoast SEO plugin v27.3 - https:\/\/yoast.com\/product\/yoast-seo-wordpress\/ -->\n<title>El Mejor Alojamiento en Velez-Malaga<\/title>\n<meta name=\"description\" content=\"\u00bfPensando en alojarse en V\u00e9lez-M\u00e1laga o en alg\u00fan pueblo del interior de la Axarqu\u00eda? Nuestra selecci\u00f3n de los hoteles con m\u00e1s encanto, apartamentos o alquileres vacacionales os trasladar\u00e1n a una ruta de belleza excepcional\" \/>\n<meta name=\"robots\" content=\"index, follow, max-snippet:-1, max-image-preview:large, max-video-preview:-1\" \/>\n<link rel=\"canonical\" href=\"https:\/\/mivelezmalaga.com\/es\/alojamiento\/\" \/>\n<meta property=\"og:locale\" content=\"es_ES\" \/>\n<meta property=\"og:type\" content=\"article\" \/>\n<meta property=\"og:title\" content=\"El Mejor Alojamiento en Velez-Malaga\" \/>\n<meta property=\"og:description\" content=\"\u00bfPensando en alojarse en V\u00e9lez-M\u00e1laga o en alg\u00fan pueblo del interior de la Axarqu\u00eda? Nuestra selecci\u00f3n de los hoteles con m\u00e1s encanto, apartamentos o alquileres vacacionales os trasladar\u00e1n a una ruta de belleza excepcional\" \/>\n<meta property=\"og:url\" content=\"https:\/\/mivelezmalaga.com\/es\/alojamiento\/\" \/>\n<meta property=\"og:site_name\" content=\"Mi Velez-Malaga\" \/>\n<meta property=\"article:publisher\" content=\"https:\/\/www.facebook.com\/mivelezmalaga\/\" \/>\n<meta property=\"article:modified_time\" content=\"2024-01-16T09:12:45+00:00\" \/>\n<meta name=\"twitter:card\" content=\"summary_large_image\" \/>\n<meta name=\"twitter:site\" content=\"@MiVelezMalaga\" \/>\n<meta name=\"twitter:label1\" content=\"Est. reading time\" \/>\n\t<meta name=\"twitter:data1\" content=\"2 minutes\" \/>\n<script type=\"application\/ld+json\" class=\"yoast-schema-graph\">{\"@context\":\"https:\\\/\\\/schema.org\",\"@graph\":[{\"@type\":\"WebPage\",\"@id\":\"https:\\\/\\\/mivelezmalaga.com\\\/es\\\/alojamiento\\\/\",\"url\":\"https:\\\/\\\/mivelezmalaga.com\\\/es\\\/alojamiento\\\/\",\"name\":\"El Mejor Alojamiento en Velez-Malaga\",\"isPartOf\":{\"@id\":\"https:\\\/\\\/mivelezmalaga.com\\\/es\\\/#website\"},\"datePublished\":\"2019-09-19T14:11:53+00:00\",\"dateModified\":\"2024-01-16T09:12:45+00:00\",\"description\":\"\u00bfPensando en alojarse en V\u00e9lez-M\u00e1laga o en alg\u00fan pueblo del interior de la Axarqu\u00eda? Nuestra selecci\u00f3n de los hoteles con m\u00e1s encanto, apartamentos o alquileres vacacionales os trasladar\u00e1n a una ruta de belleza excepcional\",\"breadcrumb\":{\"@id\":\"https:\\\/\\\/mivelezmalaga.com\\\/es\\\/alojamiento\\\/#breadcrumb\"},\"inLanguage\":\"es-ES\",\"potentialAction\":[{\"@type\":\"ReadAction\",\"target\":[\"https:\\\/\\\/mivelezmalaga.com\\\/es\\\/alojamiento\\\/\"]}]},{\"@type\":\"BreadcrumbList\",\"@id\":\"https:\\\/\\\/mivelezmalaga.com\\\/es\\\/alojamiento\\\/#breadcrumb\",\"itemListElement\":[{\"@type\":\"ListItem\",\"position\":1,\"name\":\"Home\",\"item\":\"https:\\\/\\\/mivelezmalaga.com\\\/es\\\/\"},{\"@type\":\"ListItem\",\"position\":2,\"name\":\"Alojamiento\"}]},{\"@type\":\"WebSite\",\"@id\":\"https:\\\/\\\/mivelezmalaga.com\\\/es\\\/#website\",\"url\":\"https:\\\/\\\/mivelezmalaga.com\\\/es\\\/\",\"name\":\"Mi Velez-Malaga\",\"description\":\"Welcome to V\u00e9lez\",\"potentialAction\":[{\"@type\":\"SearchAction\",\"target\":{\"@type\":\"EntryPoint\",\"urlTemplate\":\"https:\\\/\\\/mivelezmalaga.com\\\/es\\\/?s={search_term_string}\"},\"query-input\":{\"@type\":\"PropertyValueSpecification\",\"valueRequired\":true,\"valueName\":\"search_term_string\"}}],\"inLanguage\":\"es-ES\"}]}<\/script>\n<!-- \/ Yoast SEO plugin. -->","yoast_head_json":{"title":"El Mejor Alojamiento en Velez-Malaga","description":"\u00bfPensando en alojarse en V\u00e9lez-M\u00e1laga o en alg\u00fan pueblo del interior de la Axarqu\u00eda? Nuestra selecci\u00f3n de los hoteles con m\u00e1s encanto, apartamentos o alquileres vacacionales os trasladar\u00e1n a una ruta de belleza excepcional","robots":{"index":"index","follow":"follow","max-snippet":"max-snippet:-1","max-image-preview":"max-image-preview:large","max-video-preview":"max-video-preview:-1"},"canonical":"https:\/\/mivelezmalaga.com\/es\/alojamiento\/","og_locale":"es_ES","og_type":"article","og_title":"El Mejor Alojamiento en Velez-Malaga","og_description":"\u00bfPensando en alojarse en V\u00e9lez-M\u00e1laga o en alg\u00fan pueblo del interior de la Axarqu\u00eda? Nuestra selecci\u00f3n de los hoteles con m\u00e1s encanto, apartamentos o alquileres vacacionales os trasladar\u00e1n a una ruta de belleza excepcional","og_url":"https:\/\/mivelezmalaga.com\/es\/alojamiento\/","og_site_name":"Mi Velez-Malaga","article_publisher":"https:\/\/www.facebook.com\/mivelezmalaga\/","article_modified_time":"2024-01-16T09:12:45+00:00","twitter_card":"summary_large_image","twitter_site":"@MiVelezMalaga","twitter_misc":{"Est. reading time":"2 minutes"},"schema":{"@context":"https:\/\/schema.org","@graph":[{"@type":"WebPage","@id":"https:\/\/mivelezmalaga.com\/es\/alojamiento\/","url":"https:\/\/mivelezmalaga.com\/es\/alojamiento\/","name":"El Mejor Alojamiento en Velez-Malaga","isPartOf":{"@id":"https:\/\/mivelezmalaga.com\/es\/#website"},"datePublished":"2019-09-19T14:11:53+00:00","dateModified":"2024-01-16T09:12:45+00:00","description":"\u00bfPensando en alojarse en V\u00e9lez-M\u00e1laga o en alg\u00fan pueblo del interior de la Axarqu\u00eda? Nuestra selecci\u00f3n de los hoteles con m\u00e1s encanto, apartamentos o alquileres vacacionales os trasladar\u00e1n a una ruta de belleza excepcional","breadcrumb":{"@id":"https:\/\/mivelezmalaga.com\/es\/alojamiento\/#breadcrumb"},"inLanguage":"es-ES","potentialAction":[{"@type":"ReadAction","target":["https:\/\/mivelezmalaga.com\/es\/alojamiento\/"]}]},{"@type":"BreadcrumbList","@id":"https:\/\/mivelezmalaga.com\/es\/alojamiento\/#breadcrumb","itemListElement":[{"@type":"ListItem","position":1,"name":"Home","item":"https:\/\/mivelezmalaga.com\/es\/"},{"@type":"ListItem","position":2,"name":"Alojamiento"}]},{"@type":"WebSite","@id":"https:\/\/mivelezmalaga.com\/es\/#website","url":"https:\/\/mivelezmalaga.com\/es\/","name":"Mi Velez-Malaga","description":"Welcome to V\u00e9lez","potentialAction":[{"@type":"SearchAction","target":{"@type":"EntryPoint","urlTemplate":"https:\/\/mivelezmalaga.com\/es\/?s={search_term_string}"},"query-input":{"@type":"PropertyValueSpecification","valueRequired":true,"valueName":"search_term_string"}}],"inLanguage":"es-ES"}]}},"_links":{"self":[{"href":"https:\/\/mivelezmalaga.com\/es\/wp-json\/wp\/v2\/pages\/5450","targetHints":{"allow":["GET"]}}],"collection":[{"href":"https:\/\/mivelezmalaga.com\/es\/wp-json\/wp\/v2\/pages"}],"about":[{"href":"https:\/\/mivelezmalaga.com\/es\/wp-json\/wp\/v2\/types\/page"}],"author":[{"embeddable":true,"href":"https:\/\/mivelezmalaga.com\/es\/wp-json\/wp\/v2\/users\/1"}],"replies":[{"embeddable":true,"href":"https:\/\/mivelezmalaga.com\/es\/wp-json\/wp\/v2\/comments?post=5450"}],"version-history":[{"count":6,"href":"https:\/\/mivelezmalaga.com\/es\/wp-json\/wp\/v2\/pages\/5450\/revisions"}],"predecessor-version":[{"id":8384,"href":"https:\/\/mivelezmalaga.com\/es\/wp-json\/wp\/v2\/pages\/5450\/revisions\/8384"}],"wp:attachment":[{"href":"https:\/\/mivelezmalaga.com\/es\/wp-json\/wp\/v2\/media?parent=5450"}],"curies":[{"name":"wp","href":"https:\/\/api.w.org\/{rel}","templated":true}]}}