{"id":5550,"date":"2019-10-16T20:25:51","date_gmt":"2019-10-16T18:25:51","guid":{"rendered":"https:\/\/mivelezmalaga.com\/?page_id=5550"},"modified":"2024-03-06T09:49:50","modified_gmt":"2024-03-06T08:49:50","slug":"bodas","status":"publish","type":"page","link":"https:\/\/mivelezmalaga.com\/es\/tiendas-y-negocios\/bodas\/","title":{"rendered":"Bodas"},"content":{"rendered":"\n<p>Todo lo que rodea a una boda es algo m\u00e1gico, uno de los momentos \u00fanicos e irrepetibles en nuestras vidas, por ello, si est\u00e1 pensando en casarse en V\u00e9lez-M\u00e1laga, le sorprender\u00e1 el rico patrimonio arquitect\u00f3nico&nbsp; mud\u00e9jar y barroco con impresionantes iglesias y conventos para celebrar su enlace. Adem\u00e1s contamos con una gran cantidad de tiendas especialidades en eventos nupciales que le ayudaran a encontrar todo lo que est\u00e9n buscando para ese d\u00eda tan especial.<\/p>\n\n\n\n<p>En lo primero que se piensa cuando se est\u00e1 planificaci\u00f3n la boda es el sitio de celebraci\u00f3n de la misma. V\u00e9lez-M\u00e1laga le ofrece m\u00faltiples opciones dependiendo de si van a celebrar una boda civil o por la iglesia.<\/p>\n\n\n\n<hr class=\"wp-block-separator has-alpha-channel-opacity\"\/>\n\n\n\n<h3 class=\"wp-block-heading\">Iglesias para bodas en V\u00e9lez-M\u00e1laga<\/h3>\n\n\n\n<p>Una ceremonia religiosa es un evento lleno de liturgia y con un protocolo estricto. En V\u00e9lez-M\u00e1laga hay un total de cinco iglesias en las que poder elegir donde celebrar su matrimonio. Podr\u00e1 elegir entre edificios g\u00f3ticos, con gigantescos campanarios, claustros con arquer\u00eda mud\u00e9jar como tel\u00f3n de fondo a su ceremonia cat\u00f3lica. Para obtener m\u00e1s informaci\u00f3n sobre las principales iglesias, conventos y ermitas junto con las im\u00e1genes de cada una de ella, haga clic aqu\u00ed.<\/p>\n\n\n\n<hr class=\"wp-block-separator has-alpha-channel-opacity\"\/>\n\n\n\n<h3 class=\"wp-block-heading\">Ceremonias Civiles<\/h3>\n\n\n\n<p>Si quiere realizar una ceremonia civil, en V\u00e9lez-M\u00e1laga podr\u00e1 encontrar un gran n\u00famero de lugares en los que&nbsp; podr\u00e1 llevar a cabo su evento. A continuaci\u00f3n le detallamos los m\u00e1s populares y m\u00e1s bellos que har\u00e1n de su ceremonia una celebraci\u00f3n \u00fanica.<\/p>\n\n\n\n<hr class=\"wp-block-separator has-alpha-channel-opacity\"\/>\n\n\n\n<h3 class=\"wp-block-heading\">Bodas en Hoteles Boutique<\/h3>\n\n\n\n<p><strong>Hotel Palacio Blanco<\/strong><br>4 Calle de Felix Lomas<br>952 54 91 74<br><a href=\"http:\/\/www.palacioblanco.com\/\" target=\"_blank\" rel=\"noopener noreferrer\">Palacioblanco.com<\/a><\/p>\n\n\n\n<p><strong>Cortijo Bravo<\/strong><br>Carretera Velez a Benamocarra km 1.5<br>952 11 50 44\ufffc<br><a href=\"http:\/\/hotelcortijobravo.com\/\" target=\"_blank\" rel=\"noopener noreferrer\">Hotelcortijobravo.com<\/a><\/p>\n\n\n\n<hr class=\"wp-block-separator has-alpha-channel-opacity\"\/>\n\n\n\n<h3 class=\"wp-block-heading\">Lugares de Jard\u00edn y Carpas<\/h3>\n\n\n<div class=\"wp-block-image\">\n<figure class=\"aligncenter\"><img decoding=\"async\" width=\"840\" height=\"460\" data-src=\"https:\/\/storage.googleapis.com\/stateless-mivelezmalaga-com\/2019\/10\/d6e2899f-wedding-cortijo-bravo.jpg\" alt=\"\" class=\"wp-image-5560 lazyload\" data-srcset=\"https:\/\/mivelezmalaga.com\/wp-content\/uploads\/2019\/10\/d6e2899f-wedding-cortijo-bravo.jpg 840w, https:\/\/mivelezmalaga.com\/wp-content\/uploads\/2019\/10\/d6e2899f-wedding-cortijo-bravo-300x164.jpg 300w\" data-sizes=\"(max-width: 840px) 100vw, 840px\" src=\"data:image\/svg+xml;base64,PHN2ZyB3aWR0aD0iMSIgaGVpZ2h0PSIxIiB4bWxucz0iaHR0cDovL3d3dy53My5vcmcvMjAwMC9zdmciPjwvc3ZnPg==\" style=\"--smush-placeholder-width: 840px; --smush-placeholder-aspect-ratio: 840\/460;\" \/><\/figure>\n<\/div>\n\n\n<p><strong>Jardin de El Trapiche<\/strong><br>Carretera Benamargosa<br>952 50 37 54<br><a href=\"http:\/\/www.jardinesdeltrapiche.es\/\" target=\"_blank\" rel=\"noopener noreferrer\">Jardindeeltrapiche.es<\/a><\/p>\n\n\n\n<hr class=\"wp-block-separator has-alpha-channel-opacity\"\/>\n\n\n\n<h2 class=\"wp-block-heading\">M\u00fasicos para bodas<\/h2>\n\n\n\n<p>Si en su boda quiere contratar a un guitarrista flamenco de calidad, le recomendamos el arte de Rub\u00e9n Portillo, artista y compositor que ha recorrido gran parte de la geograf\u00eda mundial con su guitarra y su m\u00fasica. Tiene diferentes proyectos musicales en los que le acompa\u00f1a un cuadro flamenco para las diferentes actuaciones. <a href=\"http:\/\/www.rubenportillo.com\/\">Rubenportillo.com<\/a>.<\/p>\n\n\n\n<hr class=\"wp-block-separator has-alpha-channel-opacity\"\/>\n\n\n\n<h3 class=\"wp-block-heading\">Servicio civil de bodas en el juzgado y en el ayuntamiento<\/h3>\n\n\n\n<p><strong>Juzgado de Velez-Malaga<\/strong><br>2 Eugenio Morales Jurado<br>952 91 50 86<\/p>\n\n\n\n<p><strong>Ayuntamiento de&nbsp;Velez-Malaga<\/strong><br>12 Plaza de Las Carmelitas<br>952 55 91 00<\/p>\n\n\n\n<p>Para realizar una ceremonia civil debe de ponerse antes en <a href=\"http:\/\/www.velezmalaga.es\/index.php?mod=tramites&amp;id=12\" target=\"_blank\" rel=\"noopener noreferrer\">contacto con el Ayuntamiento<\/a> para que le indiquen el procedimiento a seguir.<\/p>\n\n\n\n<hr class=\"wp-block-separator has-alpha-channel-opacity\"\/>\n\n\n\n<p>Una vez que ya tenemos el lugar de celebraci\u00f3n seleccionado, toca organizar el resto de detalles. Estas son algunas de las tiendas de bodas y accesorios de V\u00e9lez-M\u00e1laga.<\/p>\n\n\n\n<h3 class=\"wp-block-heading\">Vestidos y Trajes de novia<\/h3>\n\n\n\n<p><strong>Centro Modas Esca\u00f1o<\/strong><br>Vestidos de novia y trajes de novio<br>Horario: 10:00\/13:30 &#8211; 17:00\/20:30<br>2 Calle Cristo<br>952 50 77 84<\/p>\n\n\n\n<p><strong>Ana Novias<\/strong><br>Vestidos de novia y trajes de novio<br>2 Calle de Adeodato Altimarano<br>952 50 36 94<\/p>\n\n\n\n<p><strong>Teresa Nin\u00fa Atelier<\/strong><br>Dise\u00f1o y confecci\u00f3n a medida para vestidos y trajes de novia.<br>Av. Moscatel, 4, 29740 Torre del Mar, M\u00e1laga<br>644 58 30 88<br><a href=\"http:\/\/elabanicoartesania.es\/\" target=\"_blank\" rel=\"noopener noreferrer\">Elalbanicodevelez.es<\/a><\/p>\n\n\n\n<p>Especialistas en trajes de hombre<\/p>\n\n\n\n<p><strong>Antonia Guirado<\/strong><br>2 Calle Utrera<br>952 54 97 00<br>Antonioguirado.com<\/p>\n\n\n\n<p><strong>Mann<\/strong><br>33 Camino de M\u00e1laga<br>952 50 23 00<br>Mann Facebook<\/p>\n\n\n\n<hr class=\"wp-block-separator has-alpha-channel-opacity\"\/>\n\n\n\n<h3 class=\"wp-block-heading\">Flores para tu boda<\/h3>\n\n\n\n<p><strong>Machuno Arte Floral<\/strong><\/p>\n\n\n\n<p><img decoding=\"async\" width=\"800\" height=\"639\" class=\"wp-image-8677 lazyload\" style=\"--smush-placeholder-width: 800px; --smush-placeholder-aspect-ratio: 800\/639;width: 800px;\" data-src=\"https:\/\/mivelezmalaga.com\/wp-content\/uploads\/2024\/03\/machuno-florist.jpg\" alt=\"Wedding flowers by Machuno Arte y Flores\" data-srcset=\"https:\/\/mivelezmalaga.com\/wp-content\/uploads\/2024\/03\/machuno-florist.jpg 1170w, https:\/\/mivelezmalaga.com\/wp-content\/uploads\/2024\/03\/machuno-florist-300x239.jpg 300w, https:\/\/mivelezmalaga.com\/wp-content\/uploads\/2024\/03\/machuno-florist-1024x817.jpg 1024w\" data-sizes=\"(max-width: 800px) 100vw, 800px\" src=\"data:image\/svg+xml;base64,PHN2ZyB3aWR0aD0iMSIgaGVpZ2h0PSIxIiB4bWxucz0iaHR0cDovL3d3dy53My5vcmcvMjAwMC9zdmciPjwvc3ZnPg==\" \/><br>c\/ Canalejas 8, V\u00e9lez Malaga<br>699 27 72 14 <br><a href=\"https:\/\/www.facebook.com\/joseantonio.mercadodiaz.73\">P\u00e1gina de Facebook de Machuno<\/a><\/p>\n\n\n\n<p><strong>Floristeria Ana Mari<\/strong><br>14 Calle Jose Herrera<br>952 55 83 47<br><a href=\"http:\/\/www.anamarifloristas.com\" target=\"_blank\" rel=\"noopener noreferrer\">anamarifloristas.com<\/a><\/p>\n\n\n\n<hr class=\"wp-block-separator has-alpha-channel-opacity\"\/>\n\n\n\n<h3 class=\"wp-block-heading\">Joyer\u00edas<\/h3>\n\n\n\n<p><strong>Joyeria Miguel<\/strong><br>10 Plaza de las Carmelitas<br>952 50 38 31<br><a href=\"http:\/\/www.joyeriamiguelonline.com\" target=\"_blank\" rel=\"noopener noreferrer\">joyeriamiguelonline.com<\/a><\/p>\n\n\n\n<p><strong>Relojeria Fausto<\/strong><br>11 Camino de M\u00e1laga<br>952 54 61 52<\/p>\n\n\n\n<p><strong>Joyeria A Martinez<\/strong><br>11 Camino de M\u00e1laga<br>952 50 60 46<\/p>\n\n\n\n<hr class=\"wp-block-separator has-alpha-channel-opacity\"\/>\n\n\n\n<h3 class=\"wp-block-heading\">Comida de Boda<\/h3>\n\n\n\n<p><strong>Mangoa Catering<\/strong><\/p>\n\n\n\n<p>Sal\u00f3n del Mar, C. los Fenicios, 29740 Torre del Mar, M\u00e1laga<br>952 64 49 52<\/p>\n\n\n\n<p><a href=\"https:\/\/mangoacatering.com\/\">Mangoacatering.com<\/a><\/p>\n\n\n\n<hr class=\"wp-block-separator has-alpha-channel-opacity\"\/>\n\n\n\n<h3 class=\"wp-block-heading\">Fot\u00f3grafos de Boda<\/h3>\n\n\n\n<p><strong>David Morales<\/strong><br>11 Calle Canalejas<br>952 50 78 89<br><a href=\"http:\/\/www.davidmoralesfotografo.com\" target=\"_blank\" rel=\"noopener noreferrer\">davidmoralesfotografo.com<\/a><\/p>\n\n\n\n<p><strong>Carlos Castro Fotografo<\/strong><br>Calle Abandola<br>652 837 198<br><a href=\"http:\/\/www.carloscastrofotografo.com\" target=\"_blank\" rel=\"noopener noreferrer\">carloscastrofotografo.com<\/a><\/p>\n\n\n\n<p><strong>Alma Fotograf\u00eda<\/strong><\/p>\n\n\n\n<p><img decoding=\"async\" width=\"800\" height=\"533\" class=\"wp-image-8669 lazyload\" style=\"--smush-placeholder-width: 800px; --smush-placeholder-aspect-ratio: 800\/533;width: 800px;\" data-src=\"https:\/\/mivelezmalaga.com\/wp-content\/uploads\/2024\/03\/Alma-Fotografia.png\" alt=\"Alma Fotograf\u00eda\" data-srcset=\"https:\/\/mivelezmalaga.com\/wp-content\/uploads\/2024\/03\/Alma-Fotografia.png 800w, https:\/\/mivelezmalaga.com\/wp-content\/uploads\/2024\/03\/Alma-Fotografia-300x200.png 300w\" data-sizes=\"(max-width: 800px) 100vw, 800px\" src=\"data:image\/svg+xml;base64,PHN2ZyB3aWR0aD0iMSIgaGVpZ2h0PSIxIiB4bWxucz0iaHR0cDovL3d3dy53My5vcmcvMjAwMC9zdmciPjwvc3ZnPg==\" \/><br><a href=\"https:\/\/almafotografia.es\/\">www.almafotografia.es<\/a><br><a href=\"https:\/\/www.instagram.com\/alma_fotografia\">Pagina de Instagram de Alma Fotografia <\/a><br>info@almafotografia.es<br>648 904 867<\/p>\n\n\n\n<p><strong>Oh! Fotomat\u00f3n M\u00e1laga<\/strong><\/p>\n<p><img decoding=\"async\" width=\"800\" height=\"636\" class=\"wp-image-8671 lazyload\" style=\"--smush-placeholder-width: 800px; --smush-placeholder-aspect-ratio: 800\/636;width: 800px;\" data-src=\"https:\/\/mivelezmalaga.com\/wp-content\/uploads\/2024\/03\/Oh-Fotomaton-Malaga.png\" alt=\"Oh! Fotomaton Malaga\" data-srcset=\"https:\/\/mivelezmalaga.com\/wp-content\/uploads\/2024\/03\/Oh-Fotomaton-Malaga.png 800w, https:\/\/mivelezmalaga.com\/wp-content\/uploads\/2024\/03\/Oh-Fotomaton-Malaga-300x239.png 300w\" data-sizes=\"(max-width: 800px) 100vw, 800px\" src=\"data:image\/svg+xml;base64,PHN2ZyB3aWR0aD0iMSIgaGVpZ2h0PSIxIiB4bWxucz0iaHR0cDovL3d3dy53My5vcmcvMjAwMC9zdmciPjwvc3ZnPg==\" \/><br>Alquiler de fotomatones y audiolibros de firmas para bodas y eventos<br><a href=\"https:\/\/ohfotomatonmalaga.es\/\">ohfotomatonmalaga.es<\/a><br><a href=\"https:\/\/www.instagram.com\/ohfotomatonmalaga\">Pagina de Instagram de Oh Fotomaton Malaga<\/a> <br>hola@ohfotomatonamalaga.es<br>687 55 88 58<\/p>\n\n\n\n<hr class=\"wp-block-separator has-alpha-channel-opacity\"\/>\n\n\n\n<h3 class=\"wp-block-heading\">Alquiler de coches<\/h3>\n\n\n\n<p><strong>Alquilomini<\/strong><br>36 Calle del R\u00edo<br>652 837 198<\/p>\n\n\n\n<p><strong>Coches Cl\u00e1sicos &#8220;Paco D\u00edaz&#8221;<\/strong><br>659 778 086<\/p>\n\n\n\n<hr class=\"wp-block-separator has-alpha-channel-opacity\"\/>\n\n\n\n<h3 class=\"wp-block-heading\">Estilistas de bodas<\/h3>\n\n\n\n<p><strong>Peluqueria laura<\/strong><br>3 Calle Magdalena<br>952 50 08 40<br>Peluqueria Laura Facebook<\/p>\n\n\n\n<p><strong>Peluqueria Kiki<\/strong><br>13 Calle Jose Herrera, Bajo<br>Peluqueria Kiki Facebook<\/p>\n\n\n\n<hr class=\"wp-block-separator has-alpha-channel-opacity\"\/>\n\n\n\n<h3 class=\"wp-block-heading\">Maquilladores de bodas<\/h3>\n\n\n\n<p><strong>Salon de Belleza Maravilla<\/strong><br>34 Calle Canalejas<br>952 50 01 77<\/p>\n\n\n\n<p><strong>Anna Ross<\/strong><br>Calle Clara Campoamor<br>600 064 431<\/p>\n\n\n\n<hr class=\"wp-block-separator has-alpha-channel-opacity\"\/>\n","protected":false},"excerpt":{"rendered":"<p>Todo lo que rodea a una boda es algo m\u00e1gico, uno de los momentos \u00fanicos e irrepetibles en nuestras vidas, por ello, si est\u00e1 pensando en casarse en V\u00e9lez-M\u00e1laga, le sorprender\u00e1 el rico patrimonio arquitect\u00f3nico&nbsp; mud\u00e9jar y barroco con impresionantes iglesias y conventos para celebrar su enlace. Adem\u00e1s contamos con una gran cantidad de tiendas [&hellip;]<\/p>\n","protected":false},"author":1,"featured_media":0,"parent":3678,"menu_order":17,"comment_status":"closed","ping_status":"closed","template":"page-child.php","meta":{"_acf_changed":false,"footnotes":""},"class_list":["post-5550","page","type-page","status-publish","hentry"],"acf":[],"yoast_head":"<!-- This site is optimized with the Yoast SEO plugin v27.3 - https:\/\/yoast.com\/product\/yoast-seo-wordpress\/ -->\n<title>Bodas<\/title>\n<meta name=\"robots\" content=\"index, follow, max-snippet:-1, max-image-preview:large, max-video-preview:-1\" \/>\n<link rel=\"canonical\" href=\"https:\/\/mivelezmalaga.com\/es\/tiendas-y-negocios\/bodas\/\" \/>\n<meta property=\"og:locale\" content=\"es_ES\" \/>\n<meta property=\"og:type\" content=\"article\" \/>\n<meta property=\"og:title\" content=\"Bodas\" \/>\n<meta property=\"og:description\" content=\"Todo lo que rodea a una boda es algo m\u00e1gico, uno de los momentos \u00fanicos e irrepetibles en nuestras vidas, por ello, si est\u00e1 pensando en casarse en V\u00e9lez-M\u00e1laga, le sorprender\u00e1 el rico patrimonio arquitect\u00f3nico&nbsp; mud\u00e9jar y barroco con impresionantes iglesias y conventos para celebrar su enlace. Adem\u00e1s contamos con una gran cantidad de tiendas [&hellip;]\" \/>\n<meta property=\"og:url\" content=\"https:\/\/mivelezmalaga.com\/es\/tiendas-y-negocios\/bodas\/\" \/>\n<meta property=\"og:site_name\" content=\"Mi Velez-Malaga\" \/>\n<meta property=\"article:publisher\" content=\"https:\/\/www.facebook.com\/mivelezmalaga\/\" \/>\n<meta property=\"article:modified_time\" content=\"2024-03-06T08:49:50+00:00\" \/>\n<meta property=\"og:image\" content=\"https:\/\/storage.googleapis.com\/stateless-mivelezmalaga-com\/2019\/10\/d6e2899f-wedding-cortijo-bravo.jpg\" \/>\n<meta name=\"twitter:card\" content=\"summary_large_image\" \/>\n<meta name=\"twitter:site\" content=\"@MiVelezMalaga\" \/>\n<meta name=\"twitter:label1\" content=\"Est. reading time\" \/>\n\t<meta name=\"twitter:data1\" content=\"5 minutes\" \/>\n<script type=\"application\/ld+json\" class=\"yoast-schema-graph\">{\"@context\":\"https:\\\/\\\/schema.org\",\"@graph\":[{\"@type\":\"WebPage\",\"@id\":\"https:\\\/\\\/mivelezmalaga.com\\\/es\\\/tiendas-y-negocios\\\/bodas\\\/\",\"url\":\"https:\\\/\\\/mivelezmalaga.com\\\/es\\\/tiendas-y-negocios\\\/bodas\\\/\",\"name\":\"Bodas\",\"isPartOf\":{\"@id\":\"https:\\\/\\\/mivelezmalaga.com\\\/es\\\/#website\"},\"primaryImageOfPage\":{\"@id\":\"https:\\\/\\\/mivelezmalaga.com\\\/es\\\/tiendas-y-negocios\\\/bodas\\\/#primaryimage\"},\"image\":{\"@id\":\"https:\\\/\\\/mivelezmalaga.com\\\/es\\\/tiendas-y-negocios\\\/bodas\\\/#primaryimage\"},\"thumbnailUrl\":\"https:\\\/\\\/storage.googleapis.com\\\/stateless-mivelezmalaga-com\\\/2019\\\/10\\\/d6e2899f-wedding-cortijo-bravo.jpg\",\"datePublished\":\"2019-10-16T18:25:51+00:00\",\"dateModified\":\"2024-03-06T08:49:50+00:00\",\"breadcrumb\":{\"@id\":\"https:\\\/\\\/mivelezmalaga.com\\\/es\\\/tiendas-y-negocios\\\/bodas\\\/#breadcrumb\"},\"inLanguage\":\"es-ES\",\"potentialAction\":[{\"@type\":\"ReadAction\",\"target\":[\"https:\\\/\\\/mivelezmalaga.com\\\/es\\\/tiendas-y-negocios\\\/bodas\\\/\"]}]},{\"@type\":\"ImageObject\",\"inLanguage\":\"es-ES\",\"@id\":\"https:\\\/\\\/mivelezmalaga.com\\\/es\\\/tiendas-y-negocios\\\/bodas\\\/#primaryimage\",\"url\":\"https:\\\/\\\/storage.googleapis.com\\\/stateless-mivelezmalaga-com\\\/2019\\\/10\\\/d6e2899f-wedding-cortijo-bravo.jpg\",\"contentUrl\":\"https:\\\/\\\/storage.googleapis.com\\\/stateless-mivelezmalaga-com\\\/2019\\\/10\\\/d6e2899f-wedding-cortijo-bravo.jpg\"},{\"@type\":\"BreadcrumbList\",\"@id\":\"https:\\\/\\\/mivelezmalaga.com\\\/es\\\/tiendas-y-negocios\\\/bodas\\\/#breadcrumb\",\"itemListElement\":[{\"@type\":\"ListItem\",\"position\":1,\"name\":\"Home\",\"item\":\"https:\\\/\\\/mivelezmalaga.com\\\/es\\\/\"},{\"@type\":\"ListItem\",\"position\":2,\"name\":\"Tiendas y negocios\",\"item\":\"https:\\\/\\\/mivelezmalaga.com\\\/es\\\/tiendas-y-negocios\\\/\"},{\"@type\":\"ListItem\",\"position\":3,\"name\":\"Bodas\"}]},{\"@type\":\"WebSite\",\"@id\":\"https:\\\/\\\/mivelezmalaga.com\\\/es\\\/#website\",\"url\":\"https:\\\/\\\/mivelezmalaga.com\\\/es\\\/\",\"name\":\"Mi Velez-Malaga\",\"description\":\"Welcome to V\u00e9lez\",\"potentialAction\":[{\"@type\":\"SearchAction\",\"target\":{\"@type\":\"EntryPoint\",\"urlTemplate\":\"https:\\\/\\\/mivelezmalaga.com\\\/es\\\/?s={search_term_string}\"},\"query-input\":{\"@type\":\"PropertyValueSpecification\",\"valueRequired\":true,\"valueName\":\"search_term_string\"}}],\"inLanguage\":\"es-ES\"}]}<\/script>\n<!-- \/ Yoast SEO plugin. -->","yoast_head_json":{"title":"Bodas","robots":{"index":"index","follow":"follow","max-snippet":"max-snippet:-1","max-image-preview":"max-image-preview:large","max-video-preview":"max-video-preview:-1"},"canonical":"https:\/\/mivelezmalaga.com\/es\/tiendas-y-negocios\/bodas\/","og_locale":"es_ES","og_type":"article","og_title":"Bodas","og_description":"Todo lo que rodea a una boda es algo m\u00e1gico, uno de los momentos \u00fanicos e irrepetibles en nuestras vidas, por ello, si est\u00e1 pensando en casarse en V\u00e9lez-M\u00e1laga, le sorprender\u00e1 el rico patrimonio arquitect\u00f3nico&nbsp; mud\u00e9jar y barroco con impresionantes iglesias y conventos para celebrar su enlace. Adem\u00e1s contamos con una gran cantidad de tiendas [&hellip;]","og_url":"https:\/\/mivelezmalaga.com\/es\/tiendas-y-negocios\/bodas\/","og_site_name":"Mi Velez-Malaga","article_publisher":"https:\/\/www.facebook.com\/mivelezmalaga\/","article_modified_time":"2024-03-06T08:49:50+00:00","og_image":[{"url":"https:\/\/storage.googleapis.com\/stateless-mivelezmalaga-com\/2019\/10\/d6e2899f-wedding-cortijo-bravo.jpg","type":"","width":"","height":""}],"twitter_card":"summary_large_image","twitter_site":"@MiVelezMalaga","twitter_misc":{"Est. reading time":"5 minutes"},"schema":{"@context":"https:\/\/schema.org","@graph":[{"@type":"WebPage","@id":"https:\/\/mivelezmalaga.com\/es\/tiendas-y-negocios\/bodas\/","url":"https:\/\/mivelezmalaga.com\/es\/tiendas-y-negocios\/bodas\/","name":"Bodas","isPartOf":{"@id":"https:\/\/mivelezmalaga.com\/es\/#website"},"primaryImageOfPage":{"@id":"https:\/\/mivelezmalaga.com\/es\/tiendas-y-negocios\/bodas\/#primaryimage"},"image":{"@id":"https:\/\/mivelezmalaga.com\/es\/tiendas-y-negocios\/bodas\/#primaryimage"},"thumbnailUrl":"https:\/\/storage.googleapis.com\/stateless-mivelezmalaga-com\/2019\/10\/d6e2899f-wedding-cortijo-bravo.jpg","datePublished":"2019-10-16T18:25:51+00:00","dateModified":"2024-03-06T08:49:50+00:00","breadcrumb":{"@id":"https:\/\/mivelezmalaga.com\/es\/tiendas-y-negocios\/bodas\/#breadcrumb"},"inLanguage":"es-ES","potentialAction":[{"@type":"ReadAction","target":["https:\/\/mivelezmalaga.com\/es\/tiendas-y-negocios\/bodas\/"]}]},{"@type":"ImageObject","inLanguage":"es-ES","@id":"https:\/\/mivelezmalaga.com\/es\/tiendas-y-negocios\/bodas\/#primaryimage","url":"https:\/\/storage.googleapis.com\/stateless-mivelezmalaga-com\/2019\/10\/d6e2899f-wedding-cortijo-bravo.jpg","contentUrl":"https:\/\/storage.googleapis.com\/stateless-mivelezmalaga-com\/2019\/10\/d6e2899f-wedding-cortijo-bravo.jpg"},{"@type":"BreadcrumbList","@id":"https:\/\/mivelezmalaga.com\/es\/tiendas-y-negocios\/bodas\/#breadcrumb","itemListElement":[{"@type":"ListItem","position":1,"name":"Home","item":"https:\/\/mivelezmalaga.com\/es\/"},{"@type":"ListItem","position":2,"name":"Tiendas y negocios","item":"https:\/\/mivelezmalaga.com\/es\/tiendas-y-negocios\/"},{"@type":"ListItem","position":3,"name":"Bodas"}]},{"@type":"WebSite","@id":"https:\/\/mivelezmalaga.com\/es\/#website","url":"https:\/\/mivelezmalaga.com\/es\/","name":"Mi Velez-Malaga","description":"Welcome to V\u00e9lez","potentialAction":[{"@type":"SearchAction","target":{"@type":"EntryPoint","urlTemplate":"https:\/\/mivelezmalaga.com\/es\/?s={search_term_string}"},"query-input":{"@type":"PropertyValueSpecification","valueRequired":true,"valueName":"search_term_string"}}],"inLanguage":"es-ES"}]}},"_links":{"self":[{"href":"https:\/\/mivelezmalaga.com\/es\/wp-json\/wp\/v2\/pages\/5550","targetHints":{"allow":["GET"]}}],"collection":[{"href":"https:\/\/mivelezmalaga.com\/es\/wp-json\/wp\/v2\/pages"}],"about":[{"href":"https:\/\/mivelezmalaga.com\/es\/wp-json\/wp\/v2\/types\/page"}],"author":[{"embeddable":true,"href":"https:\/\/mivelezmalaga.com\/es\/wp-json\/wp\/v2\/users\/1"}],"replies":[{"embeddable":true,"href":"https:\/\/mivelezmalaga.com\/es\/wp-json\/wp\/v2\/comments?post=5550"}],"version-history":[{"count":21,"href":"https:\/\/mivelezmalaga.com\/es\/wp-json\/wp\/v2\/pages\/5550\/revisions"}],"predecessor-version":[{"id":8690,"href":"https:\/\/mivelezmalaga.com\/es\/wp-json\/wp\/v2\/pages\/5550\/revisions\/8690"}],"up":[{"embeddable":true,"href":"https:\/\/mivelezmalaga.com\/es\/wp-json\/wp\/v2\/pages\/3678"}],"wp:attachment":[{"href":"https:\/\/mivelezmalaga.com\/es\/wp-json\/wp\/v2\/media?parent=5550"}],"curies":[{"name":"wp","href":"https:\/\/api.w.org\/{rel}","templated":true}]}}