{"id":5589,"date":"2019-10-17T18:32:47","date_gmt":"2019-10-17T16:32:47","guid":{"rendered":"https:\/\/mivelezmalaga.com\/?page_id=5589"},"modified":"2024-01-16T10:17:18","modified_gmt":"2024-01-16T09:17:18","slug":"equitacion","status":"publish","type":"page","link":"https:\/\/mivelezmalaga.com\/es\/que-hacer-en-velez-malaga\/alrededores-velez\/equitacion\/","title":{"rendered":"Equitaci\u00f3n"},"content":{"rendered":"\n<p>Si eres un enamorado de los caballos y te encanta la equitaci\u00f3n, una de las formas m\u00e1s bonitas de disfrutar una ruta o hacer excursiones de varios d\u00edas es a lomos de un caballo. En Andaluc\u00eda hay una amplia oferta para los amantes del mundo ecuestre y en V\u00e9lez-M\u00e1laga y alrededores podemos encontrar escuelas de equitaci\u00f3n para diferentes tipos de actividades relacionadas con el mundo del caballo. Desde pasear al caballo, recibir clases de equitaci\u00f3n de cualquier nivel o contemplar demostraciones h\u00edpicas son algunas de las actividades que puede encontrar en estas escuelas.<\/p>\n\n\n<div class=\"wp-block-image\">\n<figure class=\"aligncenter\"><img decoding=\"async\" width=\"1000\" height=\"500\" data-src=\"https:\/\/mivelezmalaga.com\/wp-content\/uploads\/2017\/02\/feria-de-san-miguel-2-white-horses.jpg\" alt=\"\" class=\"wp-image-4408 lazyload\" data-srcset=\"https:\/\/mivelezmalaga.com\/wp-content\/uploads\/2017\/02\/feria-de-san-miguel-2-white-horses.jpg 1000w, https:\/\/mivelezmalaga.com\/wp-content\/uploads\/2017\/02\/feria-de-san-miguel-2-white-horses-300x150.jpg 300w\" data-sizes=\"(max-width: 1000px) 100vw, 1000px\" src=\"data:image\/svg+xml;base64,PHN2ZyB3aWR0aD0iMSIgaGVpZ2h0PSIxIiB4bWxucz0iaHR0cDovL3d3dy53My5vcmcvMjAwMC9zdmciPjwvc3ZnPg==\" style=\"--smush-placeholder-width: 1000px; --smush-placeholder-aspect-ratio: 1000\/500;\" \/><\/figure>\n<\/div>\n\n\n<h3 class=\"wp-block-heading\">PICADERO DE CABRILLAS<\/h3>\n\n\n\n<p>Esta empresa de turismo ecuestre se encuentra a solo 5 minutos de V\u00e9lez y est\u00e1 perfectamente ubicada para ofrecer rutas a caballo por diferentes r\u00edos, por fincas de aguacates y mangos, por peque\u00f1os pueblos blancos y rutas a caballo hasta la playa. Los caballos que ponen a nuestra disposici\u00f3n son caballos andaluces y de pura raza espa\u00f1ola que han sido muy bien educados por su instructora Julia. Las de caballo hasta la playa tambi\u00e9n incluyen una parada para reponer fuerzas en alg\u00fan restaurante de la zona (solo se oferta esta actividad en temporada baja y para jinetes expertos). Una hora de paseo a caballo tiene un precio de 15\u20ac por persona.<\/p>\n\n\n\n<p>Direcci\u00f3n: Camino de la Ribera, fuera de Camino Remanentes, (Desactivaci\u00f3n de Viveros La Palma). Contacta con Julia: 686 548 017<\/p>\n\n\n\n<h3 class=\"wp-block-heading\">CENTRO DE TERAPIAS ECUESTRES Y PSICOL\u00d3GICAS LUCERA<\/h3>\n\n\n\n<p>Este centro de terapias ecuestres y psicol\u00f3gicas nace en el a\u00f1o 2014 en V\u00e9lez-M\u00e1laga con la finalidad de mejorar la calidad de vida de ni\u00f1os y adultos con necesidades especiales a trav\u00e9s de la interacci\u00f3n con los animales, espec\u00edficamente con los caballos. Las personas con discapacidades f\u00edsicas, psicol\u00f3gicas, sociales, ocupacionales y emocionales son animadas a crecer m\u00e1s fuertes y saludables a trav\u00e9s de la interacci\u00f3n con los animales.<\/p>\n\n\n\n<p>Direcci\u00f3n: Oficina principal (para reservas): Calle Arroyo Hondo, n\u00ba 38-2\u00ba V\u00e9lez-M\u00e1laga. Centro de equitaci\u00f3n: Finca, Calle Romero, Parcela 45 V\u00e9lez-M\u00e1laga. 627 10 20 32. ctelucera.com<\/p>\n\n\n\n<h3 class=\"wp-block-heading\">SUE\u00d1OS A CABALLOS<\/h3>\n\n\n\n<p>Una escuela de equitaci\u00f3n fundada en el a\u00f1o 2010 y que ofrece clases para todos los p\u00fablicos y a todos los niveles de experiencia.<br>Direcci\u00f3n: Carretera A-356, km 43.5, El Trapiche. Tel: 669 70 77 66<\/p>\n\n\n\n<h3 class=\"wp-block-heading\">CLUB H\u00cdPICO CURRO LUCENA<\/h3>\n\n\n\n<p>Este club h\u00edpico fundado en 1989 y est\u00e1 especializados en el cuidado y el adiestramiento de caballos.<\/p>\n\n\n\n<p>Las clases de equitaci\u00f3n est\u00e1n disponibles para todos los niveles de experiencia. Las clases comienzan a las 18:00 horas los martes, mi\u00e9rcoles, jueves y viernes, y su precio es de 15 \u20ac por hora. Los s\u00e1bados tambi\u00e9n hay posibilidad de dar clases durante todo el d\u00eda. Los ni\u00f1os pueden comenzar a recibir clases de equitaci\u00f3n a partir de los 7 a\u00f1os.<\/p>\n\n\n\n<p>Direcci\u00f3n: Campi\u00f1uelas Bajas, Rio Seco. Tel: 609 58 59 00<\/p>\n\n\n\n<h3 class=\"wp-block-heading\">ROPA Y MATERIAL DE EQUITACI\u00d3N<\/h3>\n\n\n\n<p>ALBARDONERIA<\/p>\n\n\n\n<p>En la Albardoner\u00eda podr\u00e1 encontrar botas de cuero, bridas y monturas, as\u00ed como zahones, sillines y otros accesorios de equitaci\u00f3n.<\/p>\n\n\n\n<p>Direcci\u00f3n: Calle Canalejas, 22, 29700. Tel: 952 50 17 66.<\/p>\n","protected":false},"excerpt":{"rendered":"<p>Si eres un enamorado de los caballos y te encanta la equitaci\u00f3n, una de las formas m\u00e1s bonitas de disfrutar una ruta o hacer excursiones de varios d\u00edas es a lomos de un caballo. En Andaluc\u00eda hay una amplia oferta para los amantes del mundo ecuestre y en V\u00e9lez-M\u00e1laga y alrededores podemos encontrar escuelas de [&hellip;]<\/p>\n","protected":false},"author":1,"featured_media":4407,"parent":6094,"menu_order":0,"comment_status":"closed","ping_status":"closed","template":"page-child.php","meta":{"_acf_changed":false,"footnotes":""},"class_list":["post-5589","page","type-page","status-publish","has-post-thumbnail","hentry"],"acf":[],"yoast_head":"<!-- This site is optimized with the Yoast SEO plugin v27.3 - https:\/\/yoast.com\/product\/yoast-seo-wordpress\/ -->\n<title>Equitaci\u00f3n<\/title>\n<meta name=\"robots\" content=\"index, follow, max-snippet:-1, max-image-preview:large, max-video-preview:-1\" \/>\n<link rel=\"canonical\" href=\"https:\/\/mivelezmalaga.com\/es\/que-hacer-en-velez-malaga\/alrededores-velez\/equitacion\/\" \/>\n<meta property=\"og:locale\" content=\"es_ES\" \/>\n<meta property=\"og:type\" content=\"article\" \/>\n<meta property=\"og:title\" content=\"Equitaci\u00f3n\" \/>\n<meta property=\"og:description\" content=\"Si eres un enamorado de los caballos y te encanta la equitaci\u00f3n, una de las formas m\u00e1s bonitas de disfrutar una ruta o hacer excursiones de varios d\u00edas es a lomos de un caballo. En Andaluc\u00eda hay una amplia oferta para los amantes del mundo ecuestre y en V\u00e9lez-M\u00e1laga y alrededores podemos encontrar escuelas de [&hellip;]\" \/>\n<meta property=\"og:url\" content=\"https:\/\/mivelezmalaga.com\/es\/que-hacer-en-velez-malaga\/alrededores-velez\/equitacion\/\" \/>\n<meta property=\"og:site_name\" content=\"Mi Velez-Malaga\" \/>\n<meta property=\"article:publisher\" content=\"https:\/\/www.facebook.com\/mivelezmalaga\/\" \/>\n<meta property=\"article:modified_time\" content=\"2024-01-16T09:17:18+00:00\" \/>\n<meta property=\"og:image\" content=\"https:\/\/mivelezmalaga.com\/wp-content\/uploads\/2017\/02\/velez-horse-riding-fair-blue-sky.jpg\" \/>\n\t<meta property=\"og:image:width\" content=\"1500\" \/>\n\t<meta property=\"og:image:height\" content=\"863\" \/>\n\t<meta property=\"og:image:type\" content=\"image\/jpeg\" \/>\n<meta name=\"twitter:card\" content=\"summary_large_image\" \/>\n<meta name=\"twitter:site\" content=\"@MiVelezMalaga\" \/>\n<meta name=\"twitter:label1\" content=\"Est. reading time\" \/>\n\t<meta name=\"twitter:data1\" content=\"3 minutes\" \/>\n<script type=\"application\/ld+json\" class=\"yoast-schema-graph\">{\"@context\":\"https:\\\/\\\/schema.org\",\"@graph\":[{\"@type\":\"WebPage\",\"@id\":\"https:\\\/\\\/mivelezmalaga.com\\\/es\\\/que-hacer-en-velez-malaga\\\/alrededores-velez\\\/equitacion\\\/\",\"url\":\"https:\\\/\\\/mivelezmalaga.com\\\/es\\\/que-hacer-en-velez-malaga\\\/alrededores-velez\\\/equitacion\\\/\",\"name\":\"Equitaci\u00f3n\",\"isPartOf\":{\"@id\":\"https:\\\/\\\/mivelezmalaga.com\\\/es\\\/#website\"},\"primaryImageOfPage\":{\"@id\":\"https:\\\/\\\/mivelezmalaga.com\\\/es\\\/que-hacer-en-velez-malaga\\\/alrededores-velez\\\/equitacion\\\/#primaryimage\"},\"image\":{\"@id\":\"https:\\\/\\\/mivelezmalaga.com\\\/es\\\/que-hacer-en-velez-malaga\\\/alrededores-velez\\\/equitacion\\\/#primaryimage\"},\"thumbnailUrl\":\"https:\\\/\\\/mivelezmalaga.com\\\/wp-content\\\/uploads\\\/2017\\\/02\\\/velez-horse-riding-fair-blue-sky.jpg\",\"datePublished\":\"2019-10-17T16:32:47+00:00\",\"dateModified\":\"2024-01-16T09:17:18+00:00\",\"breadcrumb\":{\"@id\":\"https:\\\/\\\/mivelezmalaga.com\\\/es\\\/que-hacer-en-velez-malaga\\\/alrededores-velez\\\/equitacion\\\/#breadcrumb\"},\"inLanguage\":\"es-ES\",\"potentialAction\":[{\"@type\":\"ReadAction\",\"target\":[\"https:\\\/\\\/mivelezmalaga.com\\\/es\\\/que-hacer-en-velez-malaga\\\/alrededores-velez\\\/equitacion\\\/\"]}]},{\"@type\":\"ImageObject\",\"inLanguage\":\"es-ES\",\"@id\":\"https:\\\/\\\/mivelezmalaga.com\\\/es\\\/que-hacer-en-velez-malaga\\\/alrededores-velez\\\/equitacion\\\/#primaryimage\",\"url\":\"https:\\\/\\\/mivelezmalaga.com\\\/wp-content\\\/uploads\\\/2017\\\/02\\\/velez-horse-riding-fair-blue-sky.jpg\",\"contentUrl\":\"https:\\\/\\\/mivelezmalaga.com\\\/wp-content\\\/uploads\\\/2017\\\/02\\\/velez-horse-riding-fair-blue-sky.jpg\",\"width\":1500,\"height\":863},{\"@type\":\"BreadcrumbList\",\"@id\":\"https:\\\/\\\/mivelezmalaga.com\\\/es\\\/que-hacer-en-velez-malaga\\\/alrededores-velez\\\/equitacion\\\/#breadcrumb\",\"itemListElement\":[{\"@type\":\"ListItem\",\"position\":1,\"name\":\"Home\",\"item\":\"https:\\\/\\\/mivelezmalaga.com\\\/es\\\/\"},{\"@type\":\"ListItem\",\"position\":2,\"name\":\"Que hacer en V\u00e9lez-M\u00e1laga\",\"item\":\"https:\\\/\\\/mivelezmalaga.com\\\/es\\\/que-hacer-en-velez-malaga\\\/\"},{\"@type\":\"ListItem\",\"position\":3,\"name\":\"Alrededores de V\u00e9lez-M\u00e1laga\",\"item\":\"https:\\\/\\\/mivelezmalaga.com\\\/es\\\/que-hacer-en-velez-malaga\\\/alrededores-velez\\\/\"},{\"@type\":\"ListItem\",\"position\":4,\"name\":\"Equitaci\u00f3n\"}]},{\"@type\":\"WebSite\",\"@id\":\"https:\\\/\\\/mivelezmalaga.com\\\/es\\\/#website\",\"url\":\"https:\\\/\\\/mivelezmalaga.com\\\/es\\\/\",\"name\":\"Mi Velez-Malaga\",\"description\":\"Welcome to V\u00e9lez\",\"potentialAction\":[{\"@type\":\"SearchAction\",\"target\":{\"@type\":\"EntryPoint\",\"urlTemplate\":\"https:\\\/\\\/mivelezmalaga.com\\\/es\\\/?s={search_term_string}\"},\"query-input\":{\"@type\":\"PropertyValueSpecification\",\"valueRequired\":true,\"valueName\":\"search_term_string\"}}],\"inLanguage\":\"es-ES\"}]}<\/script>\n<!-- \/ Yoast SEO plugin. -->","yoast_head_json":{"title":"Equitaci\u00f3n","robots":{"index":"index","follow":"follow","max-snippet":"max-snippet:-1","max-image-preview":"max-image-preview:large","max-video-preview":"max-video-preview:-1"},"canonical":"https:\/\/mivelezmalaga.com\/es\/que-hacer-en-velez-malaga\/alrededores-velez\/equitacion\/","og_locale":"es_ES","og_type":"article","og_title":"Equitaci\u00f3n","og_description":"Si eres un enamorado de los caballos y te encanta la equitaci\u00f3n, una de las formas m\u00e1s bonitas de disfrutar una ruta o hacer excursiones de varios d\u00edas es a lomos de un caballo. En Andaluc\u00eda hay una amplia oferta para los amantes del mundo ecuestre y en V\u00e9lez-M\u00e1laga y alrededores podemos encontrar escuelas de [&hellip;]","og_url":"https:\/\/mivelezmalaga.com\/es\/que-hacer-en-velez-malaga\/alrededores-velez\/equitacion\/","og_site_name":"Mi Velez-Malaga","article_publisher":"https:\/\/www.facebook.com\/mivelezmalaga\/","article_modified_time":"2024-01-16T09:17:18+00:00","og_image":[{"width":1500,"height":863,"url":"https:\/\/mivelezmalaga.com\/wp-content\/uploads\/2017\/02\/velez-horse-riding-fair-blue-sky.jpg","type":"image\/jpeg"}],"twitter_card":"summary_large_image","twitter_site":"@MiVelezMalaga","twitter_misc":{"Est. reading time":"3 minutes"},"schema":{"@context":"https:\/\/schema.org","@graph":[{"@type":"WebPage","@id":"https:\/\/mivelezmalaga.com\/es\/que-hacer-en-velez-malaga\/alrededores-velez\/equitacion\/","url":"https:\/\/mivelezmalaga.com\/es\/que-hacer-en-velez-malaga\/alrededores-velez\/equitacion\/","name":"Equitaci\u00f3n","isPartOf":{"@id":"https:\/\/mivelezmalaga.com\/es\/#website"},"primaryImageOfPage":{"@id":"https:\/\/mivelezmalaga.com\/es\/que-hacer-en-velez-malaga\/alrededores-velez\/equitacion\/#primaryimage"},"image":{"@id":"https:\/\/mivelezmalaga.com\/es\/que-hacer-en-velez-malaga\/alrededores-velez\/equitacion\/#primaryimage"},"thumbnailUrl":"https:\/\/mivelezmalaga.com\/wp-content\/uploads\/2017\/02\/velez-horse-riding-fair-blue-sky.jpg","datePublished":"2019-10-17T16:32:47+00:00","dateModified":"2024-01-16T09:17:18+00:00","breadcrumb":{"@id":"https:\/\/mivelezmalaga.com\/es\/que-hacer-en-velez-malaga\/alrededores-velez\/equitacion\/#breadcrumb"},"inLanguage":"es-ES","potentialAction":[{"@type":"ReadAction","target":["https:\/\/mivelezmalaga.com\/es\/que-hacer-en-velez-malaga\/alrededores-velez\/equitacion\/"]}]},{"@type":"ImageObject","inLanguage":"es-ES","@id":"https:\/\/mivelezmalaga.com\/es\/que-hacer-en-velez-malaga\/alrededores-velez\/equitacion\/#primaryimage","url":"https:\/\/mivelezmalaga.com\/wp-content\/uploads\/2017\/02\/velez-horse-riding-fair-blue-sky.jpg","contentUrl":"https:\/\/mivelezmalaga.com\/wp-content\/uploads\/2017\/02\/velez-horse-riding-fair-blue-sky.jpg","width":1500,"height":863},{"@type":"BreadcrumbList","@id":"https:\/\/mivelezmalaga.com\/es\/que-hacer-en-velez-malaga\/alrededores-velez\/equitacion\/#breadcrumb","itemListElement":[{"@type":"ListItem","position":1,"name":"Home","item":"https:\/\/mivelezmalaga.com\/es\/"},{"@type":"ListItem","position":2,"name":"Que hacer en V\u00e9lez-M\u00e1laga","item":"https:\/\/mivelezmalaga.com\/es\/que-hacer-en-velez-malaga\/"},{"@type":"ListItem","position":3,"name":"Alrededores de V\u00e9lez-M\u00e1laga","item":"https:\/\/mivelezmalaga.com\/es\/que-hacer-en-velez-malaga\/alrededores-velez\/"},{"@type":"ListItem","position":4,"name":"Equitaci\u00f3n"}]},{"@type":"WebSite","@id":"https:\/\/mivelezmalaga.com\/es\/#website","url":"https:\/\/mivelezmalaga.com\/es\/","name":"Mi Velez-Malaga","description":"Welcome to V\u00e9lez","potentialAction":[{"@type":"SearchAction","target":{"@type":"EntryPoint","urlTemplate":"https:\/\/mivelezmalaga.com\/es\/?s={search_term_string}"},"query-input":{"@type":"PropertyValueSpecification","valueRequired":true,"valueName":"search_term_string"}}],"inLanguage":"es-ES"}]}},"_links":{"self":[{"href":"https:\/\/mivelezmalaga.com\/es\/wp-json\/wp\/v2\/pages\/5589","targetHints":{"allow":["GET"]}}],"collection":[{"href":"https:\/\/mivelezmalaga.com\/es\/wp-json\/wp\/v2\/pages"}],"about":[{"href":"https:\/\/mivelezmalaga.com\/es\/wp-json\/wp\/v2\/types\/page"}],"author":[{"embeddable":true,"href":"https:\/\/mivelezmalaga.com\/es\/wp-json\/wp\/v2\/users\/1"}],"replies":[{"embeddable":true,"href":"https:\/\/mivelezmalaga.com\/es\/wp-json\/wp\/v2\/comments?post=5589"}],"version-history":[{"count":5,"href":"https:\/\/mivelezmalaga.com\/es\/wp-json\/wp\/v2\/pages\/5589\/revisions"}],"predecessor-version":[{"id":8405,"href":"https:\/\/mivelezmalaga.com\/es\/wp-json\/wp\/v2\/pages\/5589\/revisions\/8405"}],"up":[{"embeddable":true,"href":"https:\/\/mivelezmalaga.com\/es\/wp-json\/wp\/v2\/pages\/6094"}],"wp:featuredmedia":[{"embeddable":true,"href":"https:\/\/mivelezmalaga.com\/es\/wp-json\/wp\/v2\/media\/4407"}],"wp:attachment":[{"href":"https:\/\/mivelezmalaga.com\/es\/wp-json\/wp\/v2\/media?parent=5589"}],"curies":[{"name":"wp","href":"https:\/\/api.w.org\/{rel}","templated":true}]}}