{"id":5601,"date":"2016-12-14T20:49:27","date_gmt":"2016-12-14T20:49:27","guid":{"rendered":"https:\/\/mivelezmalaga.com\/?page_id=5601"},"modified":"2024-01-16T10:23:53","modified_gmt":"2024-01-16T09:23:53","slug":"sobre-velez","status":"publish","type":"page","link":"https:\/\/mivelezmalaga.com\/es\/sobre-velez\/","title":{"rendered":"Sobre V\u00e9lez"},"content":{"rendered":"\n<p>Desde hechos y cifras hasta personas notables y los detalles sobre las festividades de la ciudad. Esta secci\u00f3n de la web est\u00e1 repleta de informaci\u00f3n sobre la historia y la cultura de V\u00e9lez-M\u00e1laga.<\/p>\n","protected":false},"excerpt":{"rendered":"<p>Desde hechos y cifras hasta personas notables y los detalles sobre las festividades de la ciudad. Esta secci\u00f3n de la web est\u00e1 repleta de informaci\u00f3n sobre la historia y la cultura de V\u00e9lez-M\u00e1laga.<\/p>\n","protected":false},"author":1,"featured_media":4289,"parent":0,"menu_order":0,"comment_status":"closed","ping_status":"closed","template":"page-sub.php","meta":{"_acf_changed":false,"footnotes":""},"class_list":["post-5601","page","type-page","status-publish","has-post-thumbnail","hentry"],"acf":[],"yoast_head":"<!-- This site is optimized with the Yoast SEO plugin v27.3 - https:\/\/yoast.com\/product\/yoast-seo-wordpress\/ -->\n<title>Sobre V\u00e9lez-M\u00e1laga<\/title>\n<meta name=\"description\" content=\"\u00bfBuscas informaci\u00f3n sobre V\u00e9lez? Aqu\u00ed en Mi V\u00e9lez-M\u00e1laga, hemos creado un sitio web para responder a todas sus preguntas. Descubre m\u00e1s aqu\u00ed.\" \/>\n<meta name=\"robots\" content=\"index, follow, max-snippet:-1, max-image-preview:large, max-video-preview:-1\" \/>\n<link rel=\"canonical\" href=\"https:\/\/mivelezmalaga.com\/es\/sobre-velez\/\" \/>\n<meta property=\"og:locale\" content=\"es_ES\" \/>\n<meta property=\"og:type\" content=\"article\" \/>\n<meta property=\"og:title\" content=\"Get to Know Velez-Malaga\" \/>\n<meta property=\"og:description\" content=\"From the history to famous residents with all you need to know about Easter in Velez-Malaga here&#039;s you guide...\" \/>\n<meta property=\"og:url\" content=\"https:\/\/mivelezmalaga.com\/es\/sobre-velez\/\" \/>\n<meta property=\"og:site_name\" content=\"Mi Velez-Malaga\" \/>\n<meta property=\"article:publisher\" content=\"https:\/\/www.facebook.com\/mivelezmalaga\/\" \/>\n<meta property=\"article:modified_time\" content=\"2024-01-16T09:23:53+00:00\" \/>\n<meta property=\"og:image\" content=\"https:\/\/mivelezmalaga.com\/wp-content\/uploads\/2016\/12\/processiona-de-los-virgen-de-los-remedios-san-juan-1024x683.jpg\" \/>\n\t<meta property=\"og:image:width\" content=\"1024\" \/>\n\t<meta property=\"og:image:height\" content=\"683\" \/>\n\t<meta property=\"og:image:type\" content=\"image\/jpeg\" \/>\n<meta name=\"twitter:card\" content=\"summary_large_image\" \/>\n<meta name=\"twitter:site\" content=\"@MiVelezMalaga\" \/>\n<meta name=\"twitter:label1\" content=\"Est. reading time\" \/>\n\t<meta name=\"twitter:data1\" content=\"2 minutes\" \/>\n<script type=\"application\/ld+json\" class=\"yoast-schema-graph\">{\"@context\":\"https:\\\/\\\/schema.org\",\"@graph\":[{\"@type\":\"WebPage\",\"@id\":\"https:\\\/\\\/mivelezmalaga.com\\\/es\\\/sobre-velez\\\/\",\"url\":\"https:\\\/\\\/mivelezmalaga.com\\\/es\\\/sobre-velez\\\/\",\"name\":\"Sobre V\u00e9lez-M\u00e1laga\",\"isPartOf\":{\"@id\":\"https:\\\/\\\/mivelezmalaga.com\\\/es\\\/#website\"},\"primaryImageOfPage\":{\"@id\":\"https:\\\/\\\/mivelezmalaga.com\\\/es\\\/sobre-velez\\\/#primaryimage\"},\"image\":{\"@id\":\"https:\\\/\\\/mivelezmalaga.com\\\/es\\\/sobre-velez\\\/#primaryimage\"},\"thumbnailUrl\":\"https:\\\/\\\/mivelezmalaga.com\\\/wp-content\\\/uploads\\\/2016\\\/12\\\/processiona-de-los-virgen-de-los-remedios-san-juan.jpg\",\"datePublished\":\"2016-12-14T20:49:27+00:00\",\"dateModified\":\"2024-01-16T09:23:53+00:00\",\"description\":\"\u00bfBuscas informaci\u00f3n sobre V\u00e9lez? Aqu\u00ed en Mi V\u00e9lez-M\u00e1laga, hemos creado un sitio web para responder a todas sus preguntas. Descubre m\u00e1s aqu\u00ed.\",\"breadcrumb\":{\"@id\":\"https:\\\/\\\/mivelezmalaga.com\\\/es\\\/sobre-velez\\\/#breadcrumb\"},\"inLanguage\":\"es-ES\",\"potentialAction\":[{\"@type\":\"ReadAction\",\"target\":[\"https:\\\/\\\/mivelezmalaga.com\\\/es\\\/sobre-velez\\\/\"]}]},{\"@type\":\"ImageObject\",\"inLanguage\":\"es-ES\",\"@id\":\"https:\\\/\\\/mivelezmalaga.com\\\/es\\\/sobre-velez\\\/#primaryimage\",\"url\":\"https:\\\/\\\/mivelezmalaga.com\\\/wp-content\\\/uploads\\\/2016\\\/12\\\/processiona-de-los-virgen-de-los-remedios-san-juan.jpg\",\"contentUrl\":\"https:\\\/\\\/mivelezmalaga.com\\\/wp-content\\\/uploads\\\/2016\\\/12\\\/processiona-de-los-virgen-de-los-remedios-san-juan.jpg\",\"width\":4969,\"height\":3313},{\"@type\":\"BreadcrumbList\",\"@id\":\"https:\\\/\\\/mivelezmalaga.com\\\/es\\\/sobre-velez\\\/#breadcrumb\",\"itemListElement\":[{\"@type\":\"ListItem\",\"position\":1,\"name\":\"Home\",\"item\":\"https:\\\/\\\/mivelezmalaga.com\\\/es\\\/\"},{\"@type\":\"ListItem\",\"position\":2,\"name\":\"Sobre V\u00e9lez\"}]},{\"@type\":\"WebSite\",\"@id\":\"https:\\\/\\\/mivelezmalaga.com\\\/es\\\/#website\",\"url\":\"https:\\\/\\\/mivelezmalaga.com\\\/es\\\/\",\"name\":\"Mi Velez-Malaga\",\"description\":\"Welcome to V\u00e9lez\",\"potentialAction\":[{\"@type\":\"SearchAction\",\"target\":{\"@type\":\"EntryPoint\",\"urlTemplate\":\"https:\\\/\\\/mivelezmalaga.com\\\/es\\\/?s={search_term_string}\"},\"query-input\":{\"@type\":\"PropertyValueSpecification\",\"valueRequired\":true,\"valueName\":\"search_term_string\"}}],\"inLanguage\":\"es-ES\"}]}<\/script>\n<!-- \/ Yoast SEO plugin. -->","yoast_head_json":{"title":"Sobre V\u00e9lez-M\u00e1laga","description":"\u00bfBuscas informaci\u00f3n sobre V\u00e9lez? Aqu\u00ed en Mi V\u00e9lez-M\u00e1laga, hemos creado un sitio web para responder a todas sus preguntas. Descubre m\u00e1s aqu\u00ed.","robots":{"index":"index","follow":"follow","max-snippet":"max-snippet:-1","max-image-preview":"max-image-preview:large","max-video-preview":"max-video-preview:-1"},"canonical":"https:\/\/mivelezmalaga.com\/es\/sobre-velez\/","og_locale":"es_ES","og_type":"article","og_title":"Get to Know Velez-Malaga","og_description":"From the history to famous residents with all you need to know about Easter in Velez-Malaga here's you guide...","og_url":"https:\/\/mivelezmalaga.com\/es\/sobre-velez\/","og_site_name":"Mi Velez-Malaga","article_publisher":"https:\/\/www.facebook.com\/mivelezmalaga\/","article_modified_time":"2024-01-16T09:23:53+00:00","og_image":[{"width":1024,"height":683,"url":"https:\/\/mivelezmalaga.com\/wp-content\/uploads\/2016\/12\/processiona-de-los-virgen-de-los-remedios-san-juan-1024x683.jpg","type":"image\/jpeg"}],"twitter_card":"summary_large_image","twitter_site":"@MiVelezMalaga","twitter_misc":{"Est. reading time":"2 minutes"},"schema":{"@context":"https:\/\/schema.org","@graph":[{"@type":"WebPage","@id":"https:\/\/mivelezmalaga.com\/es\/sobre-velez\/","url":"https:\/\/mivelezmalaga.com\/es\/sobre-velez\/","name":"Sobre V\u00e9lez-M\u00e1laga","isPartOf":{"@id":"https:\/\/mivelezmalaga.com\/es\/#website"},"primaryImageOfPage":{"@id":"https:\/\/mivelezmalaga.com\/es\/sobre-velez\/#primaryimage"},"image":{"@id":"https:\/\/mivelezmalaga.com\/es\/sobre-velez\/#primaryimage"},"thumbnailUrl":"https:\/\/mivelezmalaga.com\/wp-content\/uploads\/2016\/12\/processiona-de-los-virgen-de-los-remedios-san-juan.jpg","datePublished":"2016-12-14T20:49:27+00:00","dateModified":"2024-01-16T09:23:53+00:00","description":"\u00bfBuscas informaci\u00f3n sobre V\u00e9lez? Aqu\u00ed en Mi V\u00e9lez-M\u00e1laga, hemos creado un sitio web para responder a todas sus preguntas. Descubre m\u00e1s aqu\u00ed.","breadcrumb":{"@id":"https:\/\/mivelezmalaga.com\/es\/sobre-velez\/#breadcrumb"},"inLanguage":"es-ES","potentialAction":[{"@type":"ReadAction","target":["https:\/\/mivelezmalaga.com\/es\/sobre-velez\/"]}]},{"@type":"ImageObject","inLanguage":"es-ES","@id":"https:\/\/mivelezmalaga.com\/es\/sobre-velez\/#primaryimage","url":"https:\/\/mivelezmalaga.com\/wp-content\/uploads\/2016\/12\/processiona-de-los-virgen-de-los-remedios-san-juan.jpg","contentUrl":"https:\/\/mivelezmalaga.com\/wp-content\/uploads\/2016\/12\/processiona-de-los-virgen-de-los-remedios-san-juan.jpg","width":4969,"height":3313},{"@type":"BreadcrumbList","@id":"https:\/\/mivelezmalaga.com\/es\/sobre-velez\/#breadcrumb","itemListElement":[{"@type":"ListItem","position":1,"name":"Home","item":"https:\/\/mivelezmalaga.com\/es\/"},{"@type":"ListItem","position":2,"name":"Sobre V\u00e9lez"}]},{"@type":"WebSite","@id":"https:\/\/mivelezmalaga.com\/es\/#website","url":"https:\/\/mivelezmalaga.com\/es\/","name":"Mi Velez-Malaga","description":"Welcome to V\u00e9lez","potentialAction":[{"@type":"SearchAction","target":{"@type":"EntryPoint","urlTemplate":"https:\/\/mivelezmalaga.com\/es\/?s={search_term_string}"},"query-input":{"@type":"PropertyValueSpecification","valueRequired":true,"valueName":"search_term_string"}}],"inLanguage":"es-ES"}]}},"_links":{"self":[{"href":"https:\/\/mivelezmalaga.com\/es\/wp-json\/wp\/v2\/pages\/5601","targetHints":{"allow":["GET"]}}],"collection":[{"href":"https:\/\/mivelezmalaga.com\/es\/wp-json\/wp\/v2\/pages"}],"about":[{"href":"https:\/\/mivelezmalaga.com\/es\/wp-json\/wp\/v2\/types\/page"}],"author":[{"embeddable":true,"href":"https:\/\/mivelezmalaga.com\/es\/wp-json\/wp\/v2\/users\/1"}],"replies":[{"embeddable":true,"href":"https:\/\/mivelezmalaga.com\/es\/wp-json\/wp\/v2\/comments?post=5601"}],"version-history":[{"count":8,"href":"https:\/\/mivelezmalaga.com\/es\/wp-json\/wp\/v2\/pages\/5601\/revisions"}],"predecessor-version":[{"id":8424,"href":"https:\/\/mivelezmalaga.com\/es\/wp-json\/wp\/v2\/pages\/5601\/revisions\/8424"}],"wp:featuredmedia":[{"embeddable":true,"href":"https:\/\/mivelezmalaga.com\/es\/wp-json\/wp\/v2\/media\/4289"}],"wp:attachment":[{"href":"https:\/\/mivelezmalaga.com\/es\/wp-json\/wp\/v2\/media?parent=5601"}],"curies":[{"name":"wp","href":"https:\/\/api.w.org\/{rel}","templated":true}]}}