{"id":5945,"date":"2019-10-21T12:22:00","date_gmt":"2019-10-21T10:22:00","guid":{"rendered":"https:\/\/mivelezmalaga.com\/?page_id=5945"},"modified":"2024-01-16T10:21:29","modified_gmt":"2024-01-16T09:21:29","slug":"la-region-de-axarquia","status":"publish","type":"page","link":"https:\/\/mivelezmalaga.com\/es\/la-region-de-axarquia\/","title":{"rendered":"Regi\u00f3n de La Axarquia"},"content":{"rendered":"\n<p>La comarca de la Axarqu\u00eda est\u00e1 situada en la parte m\u00e1s oriental de la provincia de M\u00e1laga. Con su influyente pasado \u00e1rabe y los encantadores pueblos blancos ubicados a las faldas de imponentes monta\u00f1as, es una zona \u00fanica en la que disfrutar de sus amables habitantes y de una sabrosa gastronom\u00eda.<\/p>\n\n\n\n<p>Compuesta por 31 municipios que se extienden desde la costa hasta las faldas de Sierra Tejeda, los pueblos que la componen son los siguientes:<br>Alcauc\u00edn, Alfarnate, Alfarnatejo, Algarrobo, Alm\u00e1char, \u00c1rchez, Arenas, Benamargosa, Benamocarra, Canillas de Aceituno, Canillas de Albaida, Colmenar, Comares, C\u00f3mpeta, C\u00fatar, El Borge, Frigiliana, Iznate, La Vi\u00f1uela, Macharaviaya, Moclinejo, Nerja, Periana, Rinc\u00f3n de la Victoria, Riogordo, Salares, Sedella, Sayalonga, Torrox, Total\u00e1n, y la capital V\u00e9lez M\u00e1laga.<\/p>\n\n\n\n<p>Tenemos gu\u00edas para algunos de los pueblos aqu\u00ed: &#8211;<\/p>\n","protected":false},"excerpt":{"rendered":"<p>La comarca de la Axarqu\u00eda est\u00e1 situada en la parte m\u00e1s oriental de la provincia de M\u00e1laga. Con su influyente pasado \u00e1rabe y los encantadores pueblos blancos ubicados a las faldas de imponentes monta\u00f1as, es una zona \u00fanica en la que disfrutar de sus amables habitantes y de una sabrosa gastronom\u00eda. Compuesta por 31 municipios [&hellip;]<\/p>\n","protected":false},"author":2,"featured_media":5091,"parent":0,"menu_order":0,"comment_status":"closed","ping_status":"closed","template":"page-sub.php","meta":{"_acf_changed":false,"footnotes":""},"class_list":["post-5945","page","type-page","status-publish","has-post-thumbnail","hentry"],"acf":[],"yoast_head":"<!-- This site is optimized with the Yoast SEO plugin v27.3 - https:\/\/yoast.com\/product\/yoast-seo-wordpress\/ -->\n<title>Gu\u00eda de La Axarqu\u00eda. Pueblos que Debes Visitar | Mi Velez-Malaga<\/title>\n<meta name=\"description\" content=\"La comarca de la Axarqu\u00eda est\u00e1 situada en la parte m\u00e1s oriental de la provincia de M\u00e1laga. Con sus encantadores pueblos blancos ubicados a las faldas de imponentes monta\u00f1as, es una zona \u00fanica\" \/>\n<meta name=\"robots\" content=\"index, follow, max-snippet:-1, max-image-preview:large, max-video-preview:-1\" \/>\n<link rel=\"canonical\" href=\"https:\/\/mivelezmalaga.com\/es\/la-region-de-axarquia\/\" \/>\n<meta property=\"og:locale\" content=\"es_ES\" \/>\n<meta property=\"og:type\" content=\"article\" \/>\n<meta property=\"og:title\" content=\"Gu\u00eda de La Axarqu\u00eda. Pueblos que Debes Visitar | Mi Velez-Malaga\" \/>\n<meta property=\"og:description\" content=\"La comarca de la Axarqu\u00eda est\u00e1 situada en la parte m\u00e1s oriental de la provincia de M\u00e1laga. Con sus encantadores pueblos blancos ubicados a las faldas de imponentes monta\u00f1as, es una zona \u00fanica\" \/>\n<meta property=\"og:url\" content=\"https:\/\/mivelezmalaga.com\/es\/la-region-de-axarquia\/\" \/>\n<meta property=\"og:site_name\" content=\"Mi Velez-Malaga\" \/>\n<meta property=\"article:publisher\" content=\"https:\/\/www.facebook.com\/mivelezmalaga\/\" \/>\n<meta property=\"article:modified_time\" content=\"2024-01-16T09:21:29+00:00\" \/>\n<meta property=\"og:image\" content=\"https:\/\/mivelezmalaga.com\/wp-content\/uploads\/2018\/11\/Iznate-hero.jpg\" \/>\n\t<meta property=\"og:image:width\" content=\"1500\" \/>\n\t<meta property=\"og:image:height\" content=\"996\" \/>\n\t<meta property=\"og:image:type\" content=\"image\/jpeg\" \/>\n<meta name=\"twitter:card\" content=\"summary_large_image\" \/>\n<meta name=\"twitter:site\" content=\"@MiVelezMalaga\" \/>\n<meta name=\"twitter:label1\" content=\"Est. reading time\" \/>\n\t<meta name=\"twitter:data1\" content=\"3 minutes\" \/>\n<script type=\"application\/ld+json\" class=\"yoast-schema-graph\">{\"@context\":\"https:\\\/\\\/schema.org\",\"@graph\":[{\"@type\":\"WebPage\",\"@id\":\"https:\\\/\\\/mivelezmalaga.com\\\/es\\\/la-region-de-axarquia\\\/\",\"url\":\"https:\\\/\\\/mivelezmalaga.com\\\/es\\\/la-region-de-axarquia\\\/\",\"name\":\"Gu\u00eda de La Axarqu\u00eda. Pueblos que Debes Visitar | Mi Velez-Malaga\",\"isPartOf\":{\"@id\":\"https:\\\/\\\/mivelezmalaga.com\\\/es\\\/#website\"},\"primaryImageOfPage\":{\"@id\":\"https:\\\/\\\/mivelezmalaga.com\\\/es\\\/la-region-de-axarquia\\\/#primaryimage\"},\"image\":{\"@id\":\"https:\\\/\\\/mivelezmalaga.com\\\/es\\\/la-region-de-axarquia\\\/#primaryimage\"},\"thumbnailUrl\":\"https:\\\/\\\/mivelezmalaga.com\\\/wp-content\\\/uploads\\\/2018\\\/11\\\/Iznate-hero.jpg\",\"datePublished\":\"2019-10-21T10:22:00+00:00\",\"dateModified\":\"2024-01-16T09:21:29+00:00\",\"description\":\"La comarca de la Axarqu\u00eda est\u00e1 situada en la parte m\u00e1s oriental de la provincia de M\u00e1laga. Con sus encantadores pueblos blancos ubicados a las faldas de imponentes monta\u00f1as, es una zona \u00fanica\",\"breadcrumb\":{\"@id\":\"https:\\\/\\\/mivelezmalaga.com\\\/es\\\/la-region-de-axarquia\\\/#breadcrumb\"},\"inLanguage\":\"es-ES\",\"potentialAction\":[{\"@type\":\"ReadAction\",\"target\":[\"https:\\\/\\\/mivelezmalaga.com\\\/es\\\/la-region-de-axarquia\\\/\"]}]},{\"@type\":\"ImageObject\",\"inLanguage\":\"es-ES\",\"@id\":\"https:\\\/\\\/mivelezmalaga.com\\\/es\\\/la-region-de-axarquia\\\/#primaryimage\",\"url\":\"https:\\\/\\\/mivelezmalaga.com\\\/wp-content\\\/uploads\\\/2018\\\/11\\\/Iznate-hero.jpg\",\"contentUrl\":\"https:\\\/\\\/mivelezmalaga.com\\\/wp-content\\\/uploads\\\/2018\\\/11\\\/Iznate-hero.jpg\",\"width\":1500,\"height\":996},{\"@type\":\"BreadcrumbList\",\"@id\":\"https:\\\/\\\/mivelezmalaga.com\\\/es\\\/la-region-de-axarquia\\\/#breadcrumb\",\"itemListElement\":[{\"@type\":\"ListItem\",\"position\":1,\"name\":\"Home\",\"item\":\"https:\\\/\\\/mivelezmalaga.com\\\/es\\\/\"},{\"@type\":\"ListItem\",\"position\":2,\"name\":\"Regi\u00f3n de La Axarquia\"}]},{\"@type\":\"WebSite\",\"@id\":\"https:\\\/\\\/mivelezmalaga.com\\\/es\\\/#website\",\"url\":\"https:\\\/\\\/mivelezmalaga.com\\\/es\\\/\",\"name\":\"Mi Velez-Malaga\",\"description\":\"Welcome to V\u00e9lez\",\"potentialAction\":[{\"@type\":\"SearchAction\",\"target\":{\"@type\":\"EntryPoint\",\"urlTemplate\":\"https:\\\/\\\/mivelezmalaga.com\\\/es\\\/?s={search_term_string}\"},\"query-input\":{\"@type\":\"PropertyValueSpecification\",\"valueRequired\":true,\"valueName\":\"search_term_string\"}}],\"inLanguage\":\"es-ES\"}]}<\/script>\n<!-- \/ Yoast SEO plugin. -->","yoast_head_json":{"title":"Gu\u00eda de La Axarqu\u00eda. Pueblos que Debes Visitar | Mi Velez-Malaga","description":"La comarca de la Axarqu\u00eda est\u00e1 situada en la parte m\u00e1s oriental de la provincia de M\u00e1laga. Con sus encantadores pueblos blancos ubicados a las faldas de imponentes monta\u00f1as, es una zona \u00fanica","robots":{"index":"index","follow":"follow","max-snippet":"max-snippet:-1","max-image-preview":"max-image-preview:large","max-video-preview":"max-video-preview:-1"},"canonical":"https:\/\/mivelezmalaga.com\/es\/la-region-de-axarquia\/","og_locale":"es_ES","og_type":"article","og_title":"Gu\u00eda de La Axarqu\u00eda. Pueblos que Debes Visitar | Mi Velez-Malaga","og_description":"La comarca de la Axarqu\u00eda est\u00e1 situada en la parte m\u00e1s oriental de la provincia de M\u00e1laga. Con sus encantadores pueblos blancos ubicados a las faldas de imponentes monta\u00f1as, es una zona \u00fanica","og_url":"https:\/\/mivelezmalaga.com\/es\/la-region-de-axarquia\/","og_site_name":"Mi Velez-Malaga","article_publisher":"https:\/\/www.facebook.com\/mivelezmalaga\/","article_modified_time":"2024-01-16T09:21:29+00:00","og_image":[{"width":1500,"height":996,"url":"https:\/\/mivelezmalaga.com\/wp-content\/uploads\/2018\/11\/Iznate-hero.jpg","type":"image\/jpeg"}],"twitter_card":"summary_large_image","twitter_site":"@MiVelezMalaga","twitter_misc":{"Est. reading time":"3 minutes"},"schema":{"@context":"https:\/\/schema.org","@graph":[{"@type":"WebPage","@id":"https:\/\/mivelezmalaga.com\/es\/la-region-de-axarquia\/","url":"https:\/\/mivelezmalaga.com\/es\/la-region-de-axarquia\/","name":"Gu\u00eda de La Axarqu\u00eda. Pueblos que Debes Visitar | Mi Velez-Malaga","isPartOf":{"@id":"https:\/\/mivelezmalaga.com\/es\/#website"},"primaryImageOfPage":{"@id":"https:\/\/mivelezmalaga.com\/es\/la-region-de-axarquia\/#primaryimage"},"image":{"@id":"https:\/\/mivelezmalaga.com\/es\/la-region-de-axarquia\/#primaryimage"},"thumbnailUrl":"https:\/\/mivelezmalaga.com\/wp-content\/uploads\/2018\/11\/Iznate-hero.jpg","datePublished":"2019-10-21T10:22:00+00:00","dateModified":"2024-01-16T09:21:29+00:00","description":"La comarca de la Axarqu\u00eda est\u00e1 situada en la parte m\u00e1s oriental de la provincia de M\u00e1laga. Con sus encantadores pueblos blancos ubicados a las faldas de imponentes monta\u00f1as, es una zona \u00fanica","breadcrumb":{"@id":"https:\/\/mivelezmalaga.com\/es\/la-region-de-axarquia\/#breadcrumb"},"inLanguage":"es-ES","potentialAction":[{"@type":"ReadAction","target":["https:\/\/mivelezmalaga.com\/es\/la-region-de-axarquia\/"]}]},{"@type":"ImageObject","inLanguage":"es-ES","@id":"https:\/\/mivelezmalaga.com\/es\/la-region-de-axarquia\/#primaryimage","url":"https:\/\/mivelezmalaga.com\/wp-content\/uploads\/2018\/11\/Iznate-hero.jpg","contentUrl":"https:\/\/mivelezmalaga.com\/wp-content\/uploads\/2018\/11\/Iznate-hero.jpg","width":1500,"height":996},{"@type":"BreadcrumbList","@id":"https:\/\/mivelezmalaga.com\/es\/la-region-de-axarquia\/#breadcrumb","itemListElement":[{"@type":"ListItem","position":1,"name":"Home","item":"https:\/\/mivelezmalaga.com\/es\/"},{"@type":"ListItem","position":2,"name":"Regi\u00f3n de La Axarquia"}]},{"@type":"WebSite","@id":"https:\/\/mivelezmalaga.com\/es\/#website","url":"https:\/\/mivelezmalaga.com\/es\/","name":"Mi Velez-Malaga","description":"Welcome to V\u00e9lez","potentialAction":[{"@type":"SearchAction","target":{"@type":"EntryPoint","urlTemplate":"https:\/\/mivelezmalaga.com\/es\/?s={search_term_string}"},"query-input":{"@type":"PropertyValueSpecification","valueRequired":true,"valueName":"search_term_string"}}],"inLanguage":"es-ES"}]}},"_links":{"self":[{"href":"https:\/\/mivelezmalaga.com\/es\/wp-json\/wp\/v2\/pages\/5945","targetHints":{"allow":["GET"]}}],"collection":[{"href":"https:\/\/mivelezmalaga.com\/es\/wp-json\/wp\/v2\/pages"}],"about":[{"href":"https:\/\/mivelezmalaga.com\/es\/wp-json\/wp\/v2\/types\/page"}],"author":[{"embeddable":true,"href":"https:\/\/mivelezmalaga.com\/es\/wp-json\/wp\/v2\/users\/2"}],"replies":[{"embeddable":true,"href":"https:\/\/mivelezmalaga.com\/es\/wp-json\/wp\/v2\/comments?post=5945"}],"version-history":[{"count":22,"href":"https:\/\/mivelezmalaga.com\/es\/wp-json\/wp\/v2\/pages\/5945\/revisions"}],"predecessor-version":[{"id":8420,"href":"https:\/\/mivelezmalaga.com\/es\/wp-json\/wp\/v2\/pages\/5945\/revisions\/8420"}],"wp:featuredmedia":[{"embeddable":true,"href":"https:\/\/mivelezmalaga.com\/es\/wp-json\/wp\/v2\/media\/5091"}],"wp:attachment":[{"href":"https:\/\/mivelezmalaga.com\/es\/wp-json\/wp\/v2\/media?parent=5945"}],"curies":[{"name":"wp","href":"https:\/\/api.w.org\/{rel}","templated":true}]}}