{"id":6005,"date":"2019-10-22T10:48:21","date_gmt":"2019-10-22T08:48:21","guid":{"rendered":"https:\/\/mivelezmalaga.com\/?page_id=6005"},"modified":"2024-01-15T15:23:23","modified_gmt":"2024-01-15T14:23:23","slug":"restaurantes-bares-de-tapas","status":"publish","type":"page","link":"https:\/\/mivelezmalaga.com\/es\/comer-y-beber\/restaurantes-bares-de-tapas\/","title":{"rendered":"Restaurantes y Bares de Tapas"},"content":{"rendered":"\n<p>Productos locales, comida tradicional y un ambiente de fiesta, es lo que nos proponen los restaurantes de V\u00e9lez-M\u00e1laga siendo esta una oferta dif\u00edcil de rechazar.<\/p>\n\n\n\n<h2 class=\"wp-block-heading\">Restaurantes y bares de tapas en el centro hist\u00f3rico de V\u00e9lez-M\u00e1laga<\/h2>\n\n\n\n<p>El <a href=\"https:\/\/mivelezmalaga.com\/es\/vivir\/barrios\/\">centro hist\u00f3rico<\/a> de V\u00e9lez-M\u00e1laga cuenta con una serie de excelentes restaurantes y bares de tapas. Podemos elegir entre un men\u00fa con platos m\u00e1s elaborados o unas tapas a un precio m\u00e1s asequible. A continuaci\u00f3n os dejamos la lista de nuestros locales seleccionados\u2026<\/p>\n\n\n\n<hr class=\"wp-block-separator has-css-opacity\"\/>\n\n\n\n<h3 class=\"wp-block-heading\">La Sastreria<\/h3>\n\n\n\n<figure class=\"wp-block-image\"><img decoding=\"async\" width=\"1024\" height=\"537\" data-src=\"https:\/\/mivelezmalaga.com\/wp-content\/uploads\/2019\/05\/sasteria-1024x537.jpg\" alt=\"La Sasteria Restaurant Velez-Malaga\" class=\"wp-image-4139 lazyload\" data-srcset=\"https:\/\/mivelezmalaga.com\/wp-content\/uploads\/2019\/05\/sasteria-1024x537.jpg 1024w, https:\/\/mivelezmalaga.com\/wp-content\/uploads\/2019\/05\/sasteria-300x157.jpg 300w, https:\/\/mivelezmalaga.com\/wp-content\/uploads\/2019\/05\/sasteria.jpg 1030w\" data-sizes=\"(max-width: 1024px) 100vw, 1024px\" src=\"data:image\/svg+xml;base64,PHN2ZyB3aWR0aD0iMSIgaGVpZ2h0PSIxIiB4bWxucz0iaHR0cDovL3d3dy53My5vcmcvMjAwMC9zdmciPjwvc3ZnPg==\" style=\"--smush-placeholder-width: 1024px; --smush-placeholder-aspect-ratio: 1024\/537;\" \/><\/figure>\n\n\n\n<p>En la Plaza de la Constituci\u00f3n de V\u00e9lez-M\u00e1laga, podemos encontrar un sitio ideal para disfrutar de las puestas de sol y de las incre\u00edbles vistas de la iglesia de San Juan Bautista y de los restos de la muralla que defend\u00edan la ciudad medieval. En este bonito enclave podemos encontrar La Sastrer\u00eda.<\/p>\n\n\n\n<p>Este restaurante nos ofrece una terraza al aire libre que en la noches m\u00e1s concurridas se extiende a la zona de la plaza y un comedor interior con una decoraci\u00f3n esmerada que recorre la historia de la ciudad. Las tapas son m\u00e1s baratas si te sientas en la zona de la barra y entre la gran variedad que ofrecen, nosotros somos fans de las salchichas en salsa de cebolla. El men\u00fa es bastante amplio con platos para todos los gustos y sobre todo est\u00e1n especializados en carnes como el cochinillo, el cordero y los cortes de cerdo ib\u00e9rico. Si vienes con la familia es un lugar ideal ya que hay mucho espacio en la plaza para que los peques disfruten.<\/p>\n\n\n\n<p>Direcci\u00f3n: Plaza de la Constituci\u00f3n. Tel: 952 54 91 64. Abierto: Cada d\u00eda de 13.00 \u2013 16.00 horas and 20.00 \u2013 00.00 horas.&nbsp;<a href=\"http:\/\/lasastreriaasador.es\/\" target=\"_blank\" rel=\"noreferrer noopener\">Lasastreriaasador.es<\/a>.<\/p>\n\n\n\n<hr class=\"wp-block-separator has-css-opacity\"\/>\n\n\n\n<h3 class=\"wp-block-heading\">Meson La Bohemia<\/h3>\n\n\n\n<p>En la calle Bohemia podemos encontrar un peque\u00f1o e \u00edntimo restaurante con un ambiente acogedor y familiar. Cuenta con una encantadora terraza y un sal\u00f3n-comedor climatizado donde se pueden degustar los mejores platos de la gastronom\u00eda mediterr\u00e1nea y los mejores platos t\u00edpicos de las cocinas \u00e1rabes y andaluza.<\/p>\n\n\n\n<p>La oferta de tapas cambia a diario, pero casi siempre podremos encontrar una suculenta selecci\u00f3n de mariscos, variedad de ensaladas fr\u00edas o unos ricos bu\u00f1uelos de bacalao y croquetas caseras. Las raciones son abundantes y geniales para compartir. Nuestra perdici\u00f3n son los platos de influencia marroqu\u00ed como el tajine, cusc\u00fas o la pastela de pollo.<\/p>\n\n\n\n<p>Direcci\u00f3n: Calle Montera, 2. Tel: 622 68 96 71. Abierto: Mi\u00e9rcoles a Lunes 12.00 \u2013 17.00 horas y 19.00 \u2013 00.00 horas. <a href=\"https:\/\/www.facebook.com\/MesonLaBohemia\" target=\"_blank\" rel=\"noreferrer noopener\">La Bohemia Facebook Page.<\/a><\/p>\n\n\n\n<hr class=\"wp-block-separator has-css-opacity\"\/>\n\n\n\n<h3 class=\"wp-block-heading\">El Caserio de las Monjas<\/h3>\n\n\n\n<figure class=\"wp-block-image\"><img decoding=\"async\" width=\"1000\" height=\"500\" data-src=\"https:\/\/mivelezmalaga.com\/wp-content\/uploads\/2016\/12\/Monkfish_Prawn_screwer_Casiero_de_las_Monjas.jpg\" alt=\"Tapas in Caserio de las Monjas, Velez-Malaga\" class=\"wp-image-2146 lazyload\" data-srcset=\"https:\/\/mivelezmalaga.com\/wp-content\/uploads\/2016\/12\/Monkfish_Prawn_screwer_Casiero_de_las_Monjas.jpg 1000w, https:\/\/mivelezmalaga.com\/wp-content\/uploads\/2016\/12\/Monkfish_Prawn_screwer_Casiero_de_las_Monjas-300x150.jpg 300w\" data-sizes=\"(max-width: 1000px) 100vw, 1000px\" src=\"data:image\/svg+xml;base64,PHN2ZyB3aWR0aD0iMSIgaGVpZ2h0PSIxIiB4bWxucz0iaHR0cDovL3d3dy53My5vcmcvMjAwMC9zdmciPjwvc3ZnPg==\" style=\"--smush-placeholder-width: 1000px; --smush-placeholder-aspect-ratio: 1000\/500;\" \/><\/figure>\n\n\n\n<p>Ubicado en una antigua casona reformada y en una calle peatonal que termina en una escalinata conocida como la \u201cTribuna de los Pobres\u201d, encontramos el Caserio de las Monjas. Sus propietarios Txema Alaiz y su mujer Mari, nos traen lo mejor de la cocina del Pa\u00eds Vasco y de la cocina popular malague\u00f1a. Alrededor de su hall de entrada encontramos dos salones para eventos y al fondo la zona de barra junto con un t\u00edpico patio encalado andaluz para disfrutar en las noches c\u00e1lidas.<\/p>\n\n\n\n<p>La propuesta para tapear es sabrosa y muy variada, siendo nuestras favoritas la de Morcilla de Burgos y el kebab de langostino y rape, unido a un amplio men\u00fa. La zona de tapeo siempre suele estar muy concurrida pero si no encuentra mesa, puede pedir una bebida y esperar su turno, seguro que no le decepciona. Si la opci\u00f3n es una comida o una cena m\u00e1s formal, los platos de carne y pescado a la parrilla ocupan un lugar principal en este restaurante. &nbsp;<\/p>\n\n\n\n<p>Direcci\u00f3n: Calle Federico Tellez Macias, 4. Tel: 952 55 73 63. Abierto: Martes-S\u00e1bado 13.00 \u2013 16.00 horas y de 20.00 \u2013 00.00 horas. Domingo 13.00 \u2013 16.00 horas y 20.00 \u2013 00.00 horas, solo en oto\u00f1o y primavera. <a href=\"https:\/\/www.facebook.com\/El-Caserio-De-Las-Monjas-Velez-M%C3%A1laga-228068783874575\/\" target=\"_blank\" rel=\"noreferrer noopener\">El Caserio de las Monjas Facebook Page<\/a>.<\/p>\n\n\n\n<hr class=\"wp-block-separator has-css-opacity\"\/>\n\n\n\n<h3 class=\"wp-block-heading\">Marisqueria La Gamba Dorada<\/h3>\n\n\n\n<figure class=\"wp-block-image\"><img decoding=\"async\" width=\"1000\" height=\"500\" data-src=\"https:\/\/mivelezmalaga.com\/wp-content\/uploads\/2016\/12\/seafood-gamba.jpg\" alt=\"platos de mariscos en el restaurante la gamba dorada, Velez Malaga\" class=\"wp-image-1752 lazyload\" data-srcset=\"https:\/\/mivelezmalaga.com\/wp-content\/uploads\/2016\/12\/seafood-gamba.jpg 1000w, https:\/\/mivelezmalaga.com\/wp-content\/uploads\/2016\/12\/seafood-gamba-300x150.jpg 300w\" data-sizes=\"(max-width: 1000px) 100vw, 1000px\" src=\"data:image\/svg+xml;base64,PHN2ZyB3aWR0aD0iMSIgaGVpZ2h0PSIxIiB4bWxucz0iaHR0cDovL3d3dy53My5vcmcvMjAwMC9zdmciPjwvc3ZnPg==\" style=\"--smush-placeholder-width: 1000px; --smush-placeholder-aspect-ratio: 1000\/500;\" \/><\/figure>\n\n\n\n<p>Un poco m\u00e1s alejado del centro hist\u00f3rico de V\u00e9lez-M\u00e1laga encontramos este popular restaurante de pescado y marisco que no deja indiferente a nadie. Abierto desde 1975, llevan m\u00e1s de 40 a\u00f1os sirviendo el mejor pescaito frito y los mejores mariscos. La decoraci\u00f3n del local es una mezcla de estilos y hace una alegor\u00eda a los or\u00edgenes musulmanes de la comarca. Puedes tomar una gran variedad de tapas con una copa de vino fr\u00edo y un men\u00fa muy variado repleto de los mejores mariscos. El local casi siempre est\u00e1 repleto por las noches y se tiene que ir temprano para coger mesa. Una opci\u00f3n estrella que no puedes dejar pasar mientras est\u00e9s visitando la ciudad.<\/p>\n\n\n\n<p>Direcci\u00f3n: Calle Pintor Antonio de V\u00e9lez. Tel: 952 50 14 69. Abierto: Mi\u00e9rcoles-Lunes 12.00 \u2013 16.30 y 19.30 \u2013 00.00 horas. <a href=\"https:\/\/www.facebook.com\/lagambadorada.restaurant\" target=\"_blank\" rel=\"noreferrer noopener\">La Gamba Dorada Facebook Page<\/a>.<\/p>\n\n\n\n<hr class=\"wp-block-separator has-css-opacity\"\/>\n\n\n\n<h3 class=\"wp-block-heading\">Bar La Pe\u00f1a<\/h3>\n\n\n\n<figure class=\"wp-block-image\"><img decoding=\"async\" width=\"1000\" height=\"562\" data-src=\"https:\/\/mivelezmalaga.com\/wp-content\/uploads\/2016\/12\/Hake_with_Salad.jpg\" alt=\"Comida t\u00edpica espa\u00f1ola, pescado fresco y ensaladas, Bar la pe\u00f1a velez malaga\" class=\"wp-image-1685 lazyload\" data-srcset=\"https:\/\/mivelezmalaga.com\/wp-content\/uploads\/2016\/12\/Hake_with_Salad.jpg 1000w, https:\/\/mivelezmalaga.com\/wp-content\/uploads\/2016\/12\/Hake_with_Salad-300x169.jpg 300w\" data-sizes=\"(max-width: 1000px) 100vw, 1000px\" src=\"data:image\/svg+xml;base64,PHN2ZyB3aWR0aD0iMSIgaGVpZ2h0PSIxIiB4bWxucz0iaHR0cDovL3d3dy53My5vcmcvMjAwMC9zdmciPjwvc3ZnPg==\" style=\"--smush-placeholder-width: 1000px; --smush-placeholder-aspect-ratio: 1000\/562;\" \/><\/figure>\n\n\n\n<p>El bar La Pe\u00f1a se encuentra al lado de la Plaza de las Carmelitas y tiene un peque\u00f1o patio en la parte posterior del local. Suele estar muy frecuentado durante la semana a la hora del almuerzo ya que la mayor\u00eda de los trabajadores locales acuden a degustar sus variadas y sabrosas tapas acompa\u00f1adas de una cerveza fresquita. Si vienes con la familia, la zona de la terraza es un buen lugar para que los m\u00e1s peque\u00f1os gasten sus energ\u00edas ya que podr\u00e1n vigilarnos mientras est\u00e1n disfrutando de las tapas o de la gran variedad de platos t\u00edpicos andaluces que van variando dependiendo de la temporada. El men\u00fa lo podemos encontrar en espa\u00f1ol e ingl\u00e9s y las ofertas especiales se encuentran en una pizarra. Un aut\u00e9ntico restaurante espa\u00f1ol con buena comida casera, buenas tapas y precios muy asequibles.<\/p>\n\n\n\n<p>Direcci\u00f3n: Padre Tienda, 4. Tel: 687 56 45 49. Abierto: S\u00e1bado-Martes y Jueves 11.00 \u2013 17.00 horas y 19.00 &#8211; 00.00 horas, Viernes 19.00 &#8211; 00.00 horas.&nbsp;<\/p>\n\n\n\n<hr class=\"wp-block-separator has-css-opacity\"\/>\n\n\n\n<h3 class=\"wp-block-heading\">Bar El Rubio<\/h3>\n\n\n\n<p>El bar El Rubio nos ofrece los mejores platos de pescado alejados del turismo playero. Un lugar muy popular que sirve desayunos, almuerzos y cenas. Tiende a acoger un p\u00fablico muy diverso ya que la mayor\u00eda de los clientes que acuden a mediod\u00eda son trabajadores locales que quieren degustar su men\u00fa del d\u00eda a un precio muy econ\u00f3mico. La comida es t\u00edpica de la tradicional cocina malague\u00f1a y el pescado frito y el chipir\u00f3n son nuestros platos favoritos. Siempre est\u00e1 muy lleno a la hora del almuerzo para disfrutar de una buena comida casera y un buen servicio. \u00a1No olvide pedir el t\u00edpico chupito de an\u00eds antes de su comida!<\/p>\n\n\n\n<p>Direcci\u00f3n: Calle Alcalde Juan Barranquero, 14. Tel: 952 50 12 13. Open: Lunes-S\u00e1bados 06.00 \u2013 00.00. Domingos 11.00 \u2013 17.00 horas. <a href=\"https:\/\/www.facebook.com\/barelrubiovelez\" target=\"_blank\" rel=\"noreferrer noopener\">Bar El Rubio Facebook Page.<\/a><\/p>\n\n\n\n<hr class=\"wp-block-separator has-css-opacity\"\/>\n\n\n\n<h3 class=\"wp-block-heading\">Casa Paqui<\/h3>\n\n\n\n<figure class=\"wp-block-image\"><img decoding=\"async\" width=\"980\" height=\"680\" data-src=\"https:\/\/mivelezmalaga.com\/wp-content\/uploads\/2019\/01\/Casa-Pacqui.jpg\" alt=\"Casa Paqui Velez-Malaga\" class=\"wp-image-3608 lazyload\" data-srcset=\"https:\/\/mivelezmalaga.com\/wp-content\/uploads\/2019\/01\/Casa-Pacqui.jpg 980w, https:\/\/mivelezmalaga.com\/wp-content\/uploads\/2019\/01\/Casa-Pacqui-300x208.jpg 300w\" data-sizes=\"(max-width: 980px) 100vw, 980px\" src=\"data:image\/svg+xml;base64,PHN2ZyB3aWR0aD0iMSIgaGVpZ2h0PSIxIiB4bWxucz0iaHR0cDovL3d3dy53My5vcmcvMjAwMC9zdmciPjwvc3ZnPg==\" style=\"--smush-placeholder-width: 980px; --smush-placeholder-aspect-ratio: 980\/680;\" \/><\/figure>\n\n\n\n<hr class=\"wp-block-separator has-alpha-channel-opacity\"\/>\n\n\n\n<h3 class=\"wp-block-heading\">Restaurante Meson Los Migueles<\/h3>\n\n\n\n<p>El Mes\u00f3n Los Migueles abri\u00f3 sus puertas hace m\u00e1s de 30 a\u00f1os y desde entonces se distinguen por la calidad de sus platos y su cocina tradicional andaluza adaptada a los nuevos tiempos. Ubicado en la larga Avenida Villar T\u00e9llez nos ofrece una gastronom\u00eda basada en los productos de la tierra, especialidades en carnes a la brasa y sus recetas elaboradas en horno de le\u00f1a que har\u00e1n las delicias del visitante. Su men\u00fa diario ofrece una ampl\u00edsima oferta de primeros, segundos y postres a un precio muy razonable por lo que es totalmente recomendable para la familia.<\/p>\n\n\n\n<p>Direcci\u00f3n: Avenida Vivar T\u00e9llez, 83. Tel: 952 50 36 97. Abierto: Lunes &#8211; Viernes 13.30 &#8211; 17.00, S\u00e1bados\/Domingos 12.00 &#8211; 17.00 horas. <a href=\"http:\/\/restaurantemesonlosmigueles.com\/\" target=\"_blank\" rel=\"noreferrer noopener\">Mesonlosmigueles.com.<\/a><\/p>\n\n\n\n<hr class=\"wp-block-separator has-alpha-channel-opacity\"\/>\n\n\n\n<h2 class=\"wp-block-heading\">Restaurantes fuera del Centro Hist\u00f3rico de V\u00e9lez-M\u00e1laga<\/h2>\n\n\n\n<h3 class=\"wp-block-heading\">Cortijo Bravo<\/h3>\n\n\n\n<figure class=\"wp-block-image\"><img decoding=\"async\" width=\"1000\" height=\"499\" data-src=\"https:\/\/mivelezmalaga.com\/wp-content\/uploads\/2016\/12\/Cortijo-Bravo-Dining-Room.jpg\" alt=\"Comedor en el restaurante del Hotel el Cortijo Bravo\" class=\"wp-image-1511 lazyload\" data-srcset=\"https:\/\/mivelezmalaga.com\/wp-content\/uploads\/2016\/12\/Cortijo-Bravo-Dining-Room.jpg 1000w, https:\/\/mivelezmalaga.com\/wp-content\/uploads\/2016\/12\/Cortijo-Bravo-Dining-Room-300x150.jpg 300w\" data-sizes=\"(max-width: 1000px) 100vw, 1000px\" src=\"data:image\/svg+xml;base64,PHN2ZyB3aWR0aD0iMSIgaGVpZ2h0PSIxIiB4bWxucz0iaHR0cDovL3d3dy53My5vcmcvMjAwMC9zdmciPjwvc3ZnPg==\" style=\"--smush-placeholder-width: 1000px; --smush-placeholder-aspect-ratio: 1000\/499;\" \/><\/figure>\n\n\n\n<p>El B bou Hotel Cortijo Bravo de V\u00e9lez M\u00e1laga est\u00e1 emplazado en una antigua casa de campo del siglo XIX, en un entorno privilegiado y con vistas al mar. Un lugar ideal para disfrutar de una buena comida. Cuenta con un restaurante tradicional e innovador a la vez que nos ofrece la posibilidad de degustar los platos t\u00edpicos de la zona pero con un toque moderno y creativo. Adem\u00e1s el restaurante tiene un sal\u00f3n donde podr\u00e1s relajarte y disfrutar de la puesta de sol con tu bebida favorita. <br>Direcci\u00f3n: Carretera V\u00e9lez-Benamocarra km. 1. Tel: 951 55 00 48. Abierto: Cada d\u00eda 12.00 \u2013 16.00 horas y 20.00 \u2013 00.00 horas. <a href=\"http:\/\/hotelcortijobravo.com\/gastronomia\/\" target=\"_blank\" rel=\"noopener noreferrer\">Hotelcortijobravo.com<\/a>.<\/p>\n\n\n\n<hr class=\"wp-block-separator has-css-opacity\"\/>\n\n\n\n<h3 class=\"wp-block-heading\">La Ralea<\/h3>\n\n\n\n<p>En el entorno del Pol\u00edgono La Pa\u00f1oleta nos encontramos con este popular restaurante. Siempre lo encontramos muy concurrido a la hora del almuerzo ya que la mayor\u00eda de los trabajadores locales suelen ir a tomar el men\u00fa del d\u00eda que ofrecen a unos precios muy asequibles de lunes a viernes. La hora del desayuno tambi\u00e9n es una delicia con un maravilloso caf\u00e9 y unas buenas tostadas para empezar el d\u00eda con energ\u00eda.<\/p>\n\n\n\n<p>Direcci\u00f3n: Calle Jose Rivera, 1. Tel: 951 28 42 98. Abierto: Lunes-S\u00e1bados 06.00 \u2013 16.00 hrs y 20.00 \u2013 01.00 hrs. Domingos 07.00 \u2013 16.00hrs. <a href=\"https:\/\/www.facebook.com\/RestauranteLaRalea\/\" target=\"_blank\" rel=\"noreferrer noopener\">La Ralea Facebook Page<\/a>.<\/p>\n\n\n\n<hr class=\"wp-block-separator has-css-opacity\"\/>\n\n\n\n<pre class=\"wp-block-code\"><code><iframe data-src=\"https:\/\/www.google.com\/maps\/d\/embed?mid=19AuZEEgspZYpB3yqgeJMe9mgZaU\" width=\"100%\" height=\"480\" src=\"data:image\/svg+xml;base64,PHN2ZyB3aWR0aD0iMSIgaGVpZ2h0PSIxIiB4bWxucz0iaHR0cDovL3d3dy53My5vcmcvMjAwMC9zdmciPjwvc3ZnPg==\" class=\"lazyload\" data-load-mode=\"1\"><\/iframe><\/figure><\/code><\/pre>\n","protected":false},"excerpt":{"rendered":"<p>Productos locales, comida tradicional y un ambiente de fiesta, es lo que nos proponen los restaurantes de V\u00e9lez-M\u00e1laga siendo esta una oferta dif\u00edcil de rechazar. Restaurantes y bares de tapas en el centro hist\u00f3rico de V\u00e9lez-M\u00e1laga El centro hist\u00f3rico de V\u00e9lez-M\u00e1laga cuenta con una serie de excelentes restaurantes y bares de tapas. Podemos elegir entre [&hellip;]<\/p>\n","protected":false},"author":1,"featured_media":5436,"parent":3691,"menu_order":0,"comment_status":"closed","ping_status":"closed","template":"page-child.php","meta":{"_acf_changed":false,"footnotes":""},"class_list":["post-6005","page","type-page","status-publish","has-post-thumbnail","hentry"],"acf":[],"yoast_head":"<!-- This site is optimized with the Yoast SEO plugin v27.3 - https:\/\/yoast.com\/product\/yoast-seo-wordpress\/ -->\n<title>Los Mejores Restaurantes y Bares de Tapas en V\u00e9lez-M\u00e1laga<\/title>\n<meta name=\"description\" content=\"\u00bfBuscas lugares para comer en V\u00e9lez? Consulte nuestra gu\u00eda completa de restaurantes y consiga el lugar perfecto para comer, desde tabernas hasta marisquer\u00edas\" \/>\n<meta name=\"robots\" content=\"index, follow, max-snippet:-1, max-image-preview:large, max-video-preview:-1\" \/>\n<link rel=\"canonical\" href=\"https:\/\/mivelezmalaga.com\/es\/comer-y-beber\/restaurantes-bares-de-tapas\/\" \/>\n<meta property=\"og:locale\" content=\"es_ES\" \/>\n<meta property=\"og:type\" content=\"article\" \/>\n<meta property=\"og:title\" content=\"Los Mejores Restaurantes y Bares de Tapas en V\u00e9lez-M\u00e1laga\" \/>\n<meta property=\"og:description\" content=\"\u00bfBuscas lugares para comer en V\u00e9lez? Consulte nuestra gu\u00eda completa de restaurantes y consiga el lugar perfecto para comer, desde tabernas hasta marisquer\u00edas\" \/>\n<meta property=\"og:url\" content=\"https:\/\/mivelezmalaga.com\/es\/comer-y-beber\/restaurantes-bares-de-tapas\/\" \/>\n<meta property=\"og:site_name\" content=\"Mi Velez-Malaga\" \/>\n<meta property=\"article:publisher\" content=\"https:\/\/www.facebook.com\/mivelezmalaga\/\" \/>\n<meta property=\"article:modified_time\" content=\"2024-01-15T14:23:23+00:00\" \/>\n<meta property=\"og:image\" content=\"https:\/\/mivelezmalaga.com\/wp-content\/uploads\/2019\/05\/pulpo-mangoa.jpg\" \/>\n\t<meta property=\"og:image:width\" content=\"1200\" \/>\n\t<meta property=\"og:image:height\" content=\"1149\" \/>\n\t<meta property=\"og:image:type\" content=\"image\/jpeg\" \/>\n<meta name=\"twitter:card\" content=\"summary_large_image\" \/>\n<meta name=\"twitter:site\" content=\"@MiVelezMalaga\" \/>\n<meta name=\"twitter:label1\" content=\"Est. reading time\" \/>\n\t<meta name=\"twitter:data1\" content=\"8 minutes\" \/>\n<script type=\"application\/ld+json\" class=\"yoast-schema-graph\">{\"@context\":\"https:\\\/\\\/schema.org\",\"@graph\":[{\"@type\":\"WebPage\",\"@id\":\"https:\\\/\\\/mivelezmalaga.com\\\/es\\\/comer-y-beber\\\/restaurantes-bares-de-tapas\\\/\",\"url\":\"https:\\\/\\\/mivelezmalaga.com\\\/es\\\/comer-y-beber\\\/restaurantes-bares-de-tapas\\\/\",\"name\":\"Los Mejores Restaurantes y Bares de Tapas en V\u00e9lez-M\u00e1laga\",\"isPartOf\":{\"@id\":\"https:\\\/\\\/mivelezmalaga.com\\\/es\\\/#website\"},\"primaryImageOfPage\":{\"@id\":\"https:\\\/\\\/mivelezmalaga.com\\\/es\\\/comer-y-beber\\\/restaurantes-bares-de-tapas\\\/#primaryimage\"},\"image\":{\"@id\":\"https:\\\/\\\/mivelezmalaga.com\\\/es\\\/comer-y-beber\\\/restaurantes-bares-de-tapas\\\/#primaryimage\"},\"thumbnailUrl\":\"https:\\\/\\\/mivelezmalaga.com\\\/wp-content\\\/uploads\\\/2019\\\/05\\\/pulpo-mangoa.jpg\",\"datePublished\":\"2019-10-22T08:48:21+00:00\",\"dateModified\":\"2024-01-15T14:23:23+00:00\",\"description\":\"\u00bfBuscas lugares para comer en V\u00e9lez? Consulte nuestra gu\u00eda completa de restaurantes y consiga el lugar perfecto para comer, desde tabernas hasta marisquer\u00edas\",\"breadcrumb\":{\"@id\":\"https:\\\/\\\/mivelezmalaga.com\\\/es\\\/comer-y-beber\\\/restaurantes-bares-de-tapas\\\/#breadcrumb\"},\"inLanguage\":\"es-ES\",\"potentialAction\":[{\"@type\":\"ReadAction\",\"target\":[\"https:\\\/\\\/mivelezmalaga.com\\\/es\\\/comer-y-beber\\\/restaurantes-bares-de-tapas\\\/\"]}]},{\"@type\":\"ImageObject\",\"inLanguage\":\"es-ES\",\"@id\":\"https:\\\/\\\/mivelezmalaga.com\\\/es\\\/comer-y-beber\\\/restaurantes-bares-de-tapas\\\/#primaryimage\",\"url\":\"https:\\\/\\\/mivelezmalaga.com\\\/wp-content\\\/uploads\\\/2019\\\/05\\\/pulpo-mangoa.jpg\",\"contentUrl\":\"https:\\\/\\\/mivelezmalaga.com\\\/wp-content\\\/uploads\\\/2019\\\/05\\\/pulpo-mangoa.jpg\",\"width\":1200,\"height\":1149},{\"@type\":\"BreadcrumbList\",\"@id\":\"https:\\\/\\\/mivelezmalaga.com\\\/es\\\/comer-y-beber\\\/restaurantes-bares-de-tapas\\\/#breadcrumb\",\"itemListElement\":[{\"@type\":\"ListItem\",\"position\":1,\"name\":\"Home\",\"item\":\"https:\\\/\\\/mivelezmalaga.com\\\/es\\\/\"},{\"@type\":\"ListItem\",\"position\":2,\"name\":\"Comer y Beber\",\"item\":\"https:\\\/\\\/mivelezmalaga.com\\\/es\\\/comer-y-beber\\\/\"},{\"@type\":\"ListItem\",\"position\":3,\"name\":\"Restaurantes y Bares de Tapas\"}]},{\"@type\":\"WebSite\",\"@id\":\"https:\\\/\\\/mivelezmalaga.com\\\/es\\\/#website\",\"url\":\"https:\\\/\\\/mivelezmalaga.com\\\/es\\\/\",\"name\":\"Mi Velez-Malaga\",\"description\":\"Welcome to V\u00e9lez\",\"potentialAction\":[{\"@type\":\"SearchAction\",\"target\":{\"@type\":\"EntryPoint\",\"urlTemplate\":\"https:\\\/\\\/mivelezmalaga.com\\\/es\\\/?s={search_term_string}\"},\"query-input\":{\"@type\":\"PropertyValueSpecification\",\"valueRequired\":true,\"valueName\":\"search_term_string\"}}],\"inLanguage\":\"es-ES\"}]}<\/script>\n<!-- \/ Yoast SEO plugin. -->","yoast_head_json":{"title":"Los Mejores Restaurantes y Bares de Tapas en V\u00e9lez-M\u00e1laga","description":"\u00bfBuscas lugares para comer en V\u00e9lez? Consulte nuestra gu\u00eda completa de restaurantes y consiga el lugar perfecto para comer, desde tabernas hasta marisquer\u00edas","robots":{"index":"index","follow":"follow","max-snippet":"max-snippet:-1","max-image-preview":"max-image-preview:large","max-video-preview":"max-video-preview:-1"},"canonical":"https:\/\/mivelezmalaga.com\/es\/comer-y-beber\/restaurantes-bares-de-tapas\/","og_locale":"es_ES","og_type":"article","og_title":"Los Mejores Restaurantes y Bares de Tapas en V\u00e9lez-M\u00e1laga","og_description":"\u00bfBuscas lugares para comer en V\u00e9lez? Consulte nuestra gu\u00eda completa de restaurantes y consiga el lugar perfecto para comer, desde tabernas hasta marisquer\u00edas","og_url":"https:\/\/mivelezmalaga.com\/es\/comer-y-beber\/restaurantes-bares-de-tapas\/","og_site_name":"Mi Velez-Malaga","article_publisher":"https:\/\/www.facebook.com\/mivelezmalaga\/","article_modified_time":"2024-01-15T14:23:23+00:00","og_image":[{"width":1200,"height":1149,"url":"https:\/\/mivelezmalaga.com\/wp-content\/uploads\/2019\/05\/pulpo-mangoa.jpg","type":"image\/jpeg"}],"twitter_card":"summary_large_image","twitter_site":"@MiVelezMalaga","twitter_misc":{"Est. reading time":"8 minutes"},"schema":{"@context":"https:\/\/schema.org","@graph":[{"@type":"WebPage","@id":"https:\/\/mivelezmalaga.com\/es\/comer-y-beber\/restaurantes-bares-de-tapas\/","url":"https:\/\/mivelezmalaga.com\/es\/comer-y-beber\/restaurantes-bares-de-tapas\/","name":"Los Mejores Restaurantes y Bares de Tapas en V\u00e9lez-M\u00e1laga","isPartOf":{"@id":"https:\/\/mivelezmalaga.com\/es\/#website"},"primaryImageOfPage":{"@id":"https:\/\/mivelezmalaga.com\/es\/comer-y-beber\/restaurantes-bares-de-tapas\/#primaryimage"},"image":{"@id":"https:\/\/mivelezmalaga.com\/es\/comer-y-beber\/restaurantes-bares-de-tapas\/#primaryimage"},"thumbnailUrl":"https:\/\/mivelezmalaga.com\/wp-content\/uploads\/2019\/05\/pulpo-mangoa.jpg","datePublished":"2019-10-22T08:48:21+00:00","dateModified":"2024-01-15T14:23:23+00:00","description":"\u00bfBuscas lugares para comer en V\u00e9lez? Consulte nuestra gu\u00eda completa de restaurantes y consiga el lugar perfecto para comer, desde tabernas hasta marisquer\u00edas","breadcrumb":{"@id":"https:\/\/mivelezmalaga.com\/es\/comer-y-beber\/restaurantes-bares-de-tapas\/#breadcrumb"},"inLanguage":"es-ES","potentialAction":[{"@type":"ReadAction","target":["https:\/\/mivelezmalaga.com\/es\/comer-y-beber\/restaurantes-bares-de-tapas\/"]}]},{"@type":"ImageObject","inLanguage":"es-ES","@id":"https:\/\/mivelezmalaga.com\/es\/comer-y-beber\/restaurantes-bares-de-tapas\/#primaryimage","url":"https:\/\/mivelezmalaga.com\/wp-content\/uploads\/2019\/05\/pulpo-mangoa.jpg","contentUrl":"https:\/\/mivelezmalaga.com\/wp-content\/uploads\/2019\/05\/pulpo-mangoa.jpg","width":1200,"height":1149},{"@type":"BreadcrumbList","@id":"https:\/\/mivelezmalaga.com\/es\/comer-y-beber\/restaurantes-bares-de-tapas\/#breadcrumb","itemListElement":[{"@type":"ListItem","position":1,"name":"Home","item":"https:\/\/mivelezmalaga.com\/es\/"},{"@type":"ListItem","position":2,"name":"Comer y Beber","item":"https:\/\/mivelezmalaga.com\/es\/comer-y-beber\/"},{"@type":"ListItem","position":3,"name":"Restaurantes y Bares de Tapas"}]},{"@type":"WebSite","@id":"https:\/\/mivelezmalaga.com\/es\/#website","url":"https:\/\/mivelezmalaga.com\/es\/","name":"Mi Velez-Malaga","description":"Welcome to V\u00e9lez","potentialAction":[{"@type":"SearchAction","target":{"@type":"EntryPoint","urlTemplate":"https:\/\/mivelezmalaga.com\/es\/?s={search_term_string}"},"query-input":{"@type":"PropertyValueSpecification","valueRequired":true,"valueName":"search_term_string"}}],"inLanguage":"es-ES"}]}},"_links":{"self":[{"href":"https:\/\/mivelezmalaga.com\/es\/wp-json\/wp\/v2\/pages\/6005","targetHints":{"allow":["GET"]}}],"collection":[{"href":"https:\/\/mivelezmalaga.com\/es\/wp-json\/wp\/v2\/pages"}],"about":[{"href":"https:\/\/mivelezmalaga.com\/es\/wp-json\/wp\/v2\/types\/page"}],"author":[{"embeddable":true,"href":"https:\/\/mivelezmalaga.com\/es\/wp-json\/wp\/v2\/users\/1"}],"replies":[{"embeddable":true,"href":"https:\/\/mivelezmalaga.com\/es\/wp-json\/wp\/v2\/comments?post=6005"}],"version-history":[{"count":16,"href":"https:\/\/mivelezmalaga.com\/es\/wp-json\/wp\/v2\/pages\/6005\/revisions"}],"predecessor-version":[{"id":8383,"href":"https:\/\/mivelezmalaga.com\/es\/wp-json\/wp\/v2\/pages\/6005\/revisions\/8383"}],"up":[{"embeddable":true,"href":"https:\/\/mivelezmalaga.com\/es\/wp-json\/wp\/v2\/pages\/3691"}],"wp:featuredmedia":[{"embeddable":true,"href":"https:\/\/mivelezmalaga.com\/es\/wp-json\/wp\/v2\/media\/5436"}],"wp:attachment":[{"href":"https:\/\/mivelezmalaga.com\/es\/wp-json\/wp\/v2\/media?parent=6005"}],"curies":[{"name":"wp","href":"https:\/\/api.w.org\/{rel}","templated":true}]}}