{"id":6039,"date":"2019-10-22T20:55:22","date_gmt":"2019-10-22T18:55:22","guid":{"rendered":"https:\/\/mivelezmalaga.com\/?page_id=6039"},"modified":"2024-03-05T12:35:34","modified_gmt":"2024-03-05T11:35:34","slug":"mercado-de-san-francisco","status":"publish","type":"page","link":"https:\/\/mivelezmalaga.com\/es\/comer-y-beber\/mercado-de-san-francisco\/","title":{"rendered":"Mercado de San Francisco"},"content":{"rendered":"\n<p><strong>Debido a un descuido del Ayuntamiento, el Mercado de San Francisco ya no est\u00e1 abierto.<\/strong><\/p>\n\n\n\n<p>El Mercado de San Francisco, es el nuevo espacio gastron\u00f3mico y cultural de V\u00e9lez, abri\u00f3 sus puertas en septiembre de 2018. La pieza central del casco antiguo, es un proyecto extremadamente emocionante y ambicioso.<\/p>\n\n\n\n<p>Es un espacio hermoso. Ubicado en un antiguo mercado de alimentos, es un \u00e1rea abierta de techos altos que ha sido renovada de manera elegante y comprensiva con ladrillos a la vista y elementos decorativos de madera con interiores.<\/p>\n\n\n\n<h2 class=\"wp-block-heading\">Que es Mercado de San Francisco?<\/h2>\n\n\n<div class=\"wp-block-image\">\n<figure class=\"aligncenter\"><img decoding=\"async\" width=\"1000\" height=\"621\" data-src=\"https:\/\/mivelezmalaga.com\/wp-content\/uploads\/2018\/11\/Tapas-Mercado.jpg\" alt=\"Mercado de San Francisco, Velez-Malaga\" class=\"wp-image-3373 lazyload\" data-srcset=\"https:\/\/mivelezmalaga.com\/wp-content\/uploads\/2018\/11\/Tapas-Mercado.jpg 1000w, https:\/\/mivelezmalaga.com\/wp-content\/uploads\/2018\/11\/Tapas-Mercado-300x186.jpg 300w\" data-sizes=\"(max-width: 1000px) 100vw, 1000px\" src=\"data:image\/svg+xml;base64,PHN2ZyB3aWR0aD0iMSIgaGVpZ2h0PSIxIiB4bWxucz0iaHR0cDovL3d3dy53My5vcmcvMjAwMC9zdmciPjwvc3ZnPg==\" style=\"--smush-placeholder-width: 1000px; --smush-placeholder-aspect-ratio: 1000\/621;\" \/><\/figure>\n<\/div>\n\n\n<p>Es un espacio para que la gente pase tiempo y disfrute, ya sea para tomar un caf\u00e9 y un pastel, tapas, una comida, bebidas, compras artesanales o aprendizaje.<\/p>\n\n\n\n<p>En el frente hay restaurantes casuales de tapas, un restaurante formal, un bar de vinos y un bar de cerveza artesanal. En la parte trasera hay tiendas de artesan\u00edas: un dise\u00f1ador gr\u00e1fico, restaurador de muebles, artista de vidrio y una galer\u00eda de arte, y una cafeter\u00eda y una peque\u00f1a \u00e1rea de juegos infantiles.<\/p>\n\n\n\n<p>Tambi\u00e9n hay espacios de conferencias para eventos y talleres, con todo, desde <strong>Mini Master Chef<\/strong> hasta talleres de impresi\u00f3n planificados. Tenga cuidado con las astutas fiestas de cumplea\u00f1os infantiles, los cursos para adultos y los intercambios de idiomas.<\/p>\n\n\n\n<p>Hay un fuerte \u00e9nfasis en los productos locales de la Axarqu\u00eda, pero no en detrimento de la calidad, por lo que ver\u00e1 jerez de Sanl\u00facar, cerveza de Barcelona (Estrella Damm, el fabricante m\u00e1s antiguo de Espa\u00f1a) y cervezas artesanales del Reino Unido (Brewdog), entre otros fabricantes.<\/p>\n\n\n\n<h2 class=\"wp-block-heading\"><strong>Bares y Restaurantes<\/strong><\/h2>\n\n\n\n<h3 class=\"wp-block-heading\">El Restaurante de Mangoa<\/h3>\n\n\n<div class=\"wp-block-image\">\n<figure class=\"aligncenter\"><img decoding=\"async\" width=\"1024\" height=\"494\" data-src=\"https:\/\/mivelezmalaga.com\/wp-content\/uploads\/2018\/11\/Mangoa-1024x494.jpg\" alt=\"Mangoa Restaurant, Velez-Malaga\" class=\"wp-image-3365 lazyload\" data-srcset=\"https:\/\/mivelezmalaga.com\/wp-content\/uploads\/2018\/11\/Mangoa-1024x494.jpg 1024w, https:\/\/mivelezmalaga.com\/wp-content\/uploads\/2018\/11\/Mangoa-300x145.jpg 300w, https:\/\/mivelezmalaga.com\/wp-content\/uploads\/2018\/11\/Mangoa.jpg 1037w\" data-sizes=\"(max-width: 1024px) 100vw, 1024px\" src=\"data:image\/svg+xml;base64,PHN2ZyB3aWR0aD0iMSIgaGVpZ2h0PSIxIiB4bWxucz0iaHR0cDovL3d3dy53My5vcmcvMjAwMC9zdmciPjwvc3ZnPg==\" style=\"--smush-placeholder-width: 1024px; --smush-placeholder-aspect-ratio: 1024\/494;\" \/><\/figure>\n<\/div>\n\n\n<p><p class=\"p1\">Con un c\u00f3modo espacio interior para comer y una terraza al exterior del mercado, as\u00ed como un men\u00fa de temporada del chef ejecutivo Juan Quintanilla, este es un serio candidato para el mejor restaurante de la Axarqu\u00eda.<\/p>\n<p class=\"p1\">La comida es muy buena y representa el \u00e1rea muy bien. Las familias tambi\u00e9n son bienvenidas, con sillas altas, men\u00fas para colorear y opciones de comida por separado (si lo desean). Abierto: martes a domingo de 13.00-17.00 horas, jueves, viernes y s\u00e1bado 20.00-23.00 horas<\/p><\/p>\n\n\n\n<h3 class=\"wp-block-heading\">El Almacen &#8211;&nbsp;Vinoteca\/Cerveceria<\/h3>\n\n\n<div class=\"wp-block-image\">\n<figure class=\"aligncenter\"><img decoding=\"async\" width=\"1024\" height=\"659\" data-src=\"https:\/\/mivelezmalaga.com\/wp-content\/uploads\/2018\/11\/El-Almacen-1024x659.jpg\" alt=\"El Almacen Terrace\" class=\"wp-image-3364 lazyload\" data-srcset=\"https:\/\/mivelezmalaga.com\/wp-content\/uploads\/2018\/11\/El-Almacen-1024x659.jpg 1024w, https:\/\/mivelezmalaga.com\/wp-content\/uploads\/2018\/11\/El-Almacen-300x193.jpg 300w, https:\/\/mivelezmalaga.com\/wp-content\/uploads\/2018\/11\/El-Almacen.jpg 1200w\" data-sizes=\"(max-width: 1024px) 100vw, 1024px\" src=\"data:image\/svg+xml;base64,PHN2ZyB3aWR0aD0iMSIgaGVpZ2h0PSIxIiB4bWxucz0iaHR0cDovL3d3dy53My5vcmcvMjAwMC9zdmciPjwvc3ZnPg==\" style=\"--smush-placeholder-width: 1024px; --smush-placeholder-aspect-ratio: 1024\/659;\" \/><\/figure>\n<\/div>\n\n\n<p><p class=\"p1\">Con su barra negra, pared viva, estantes de nido de abeja y bombillas de Edison, as\u00ed como una soleada terraza, El Almacen es una adici\u00f3n incre\u00edble a la escena del bar Velez.<\/p>\n<p class=\"p1\">Tambi\u00e9n tiene una excelente gama de cervezas artesanales de barril, as\u00ed como mezcladores y vino. Esperamos ansiosos algunos c\u00f3cteles exclusivos de El Almac\u00e9n para pasar una tarde soleada.<\/p><\/p>\n\n\n<div class=\"wp-block-image\">\n<figure class=\"aligncenter\"><a href=\"http:\/\/mangoacatering.com\/el-restaurante-de-mangoa-velez-malaga\/?utm_source=MVM&amp;utm_medium=contexual%20ad&amp;utm_campaign=Mangoa\" target=\"_blank\" rel=\"noopener noreferrer\"><img decoding=\"async\" width=\"800\" height=\"500\" data-src=\"https:\/\/mivelezmalaga.com\/wp-content\/uploads\/2019\/04\/BANNER-3-800x500.gif\" alt=\"Mangoa Restaurant in Velez-Malaga\" class=\"wp-image-4093 lazyload\" src=\"data:image\/svg+xml;base64,PHN2ZyB3aWR0aD0iMSIgaGVpZ2h0PSIxIiB4bWxucz0iaHR0cDovL3d3dy53My5vcmcvMjAwMC9zdmciPjwvc3ZnPg==\" style=\"--smush-placeholder-width: 800px; --smush-placeholder-aspect-ratio: 800\/500;\" \/><\/a><\/figure>\n<\/div>\n\n\n<p>&nbsp;<\/p>\n\n\n\n<h2 class=\"wp-block-heading\"><strong>Artisan Shops \u2013 La Placita<\/strong><\/h2>\n\n\n<div class=\"wp-block-image\">\n<figure class=\"aligncenter\"><img decoding=\"async\" width=\"1000\" height=\"447\" data-src=\"https:\/\/mivelezmalaga.com\/wp-content\/uploads\/2018\/11\/La-Placita.jpg\" alt=\"Mercado de San Francisco\" class=\"wp-image-3374 lazyload\" data-srcset=\"https:\/\/mivelezmalaga.com\/wp-content\/uploads\/2018\/11\/La-Placita.jpg 1000w, https:\/\/mivelezmalaga.com\/wp-content\/uploads\/2018\/11\/La-Placita-300x134.jpg 300w\" data-sizes=\"(max-width: 1000px) 100vw, 1000px\" src=\"data:image\/svg+xml;base64,PHN2ZyB3aWR0aD0iMSIgaGVpZ2h0PSIxIiB4bWxucz0iaHR0cDovL3d3dy53My5vcmcvMjAwMC9zdmciPjwvc3ZnPg==\" style=\"--smush-placeholder-width: 1000px; --smush-placeholder-aspect-ratio: 1000\/447;\" \/><\/figure>\n<\/div>\n\n\n<h3 class=\"wp-block-heading\">Debarro<\/h3>\n\n\n<div class=\"wp-block-image\">\n<figure class=\"aligncenter\"><img decoding=\"async\" width=\"999\" height=\"610\" data-src=\"https:\/\/mivelezmalaga.com\/wp-content\/uploads\/2018\/11\/Debarro.jpg\" alt=\"Art Gallery in Velez Malaga\" class=\"wp-image-3435 lazyload\" data-srcset=\"https:\/\/mivelezmalaga.com\/wp-content\/uploads\/2018\/11\/Debarro.jpg 999w, https:\/\/mivelezmalaga.com\/wp-content\/uploads\/2018\/11\/Debarro-300x183.jpg 300w\" data-sizes=\"(max-width: 999px) 100vw, 999px\" src=\"data:image\/svg+xml;base64,PHN2ZyB3aWR0aD0iMSIgaGVpZ2h0PSIxIiB4bWxucz0iaHR0cDovL3d3dy53My5vcmcvMjAwMC9zdmciPjwvc3ZnPg==\" style=\"--smush-placeholder-width: 999px; --smush-placeholder-aspect-ratio: 999\/610;\" \/><\/figure>\n<\/div>\n\n\n<p>Esta colecci\u00f3n de arte local a la venta de artistas de la zona est\u00e1 comisariada por Fernando Gil. Almacena pinturas, esculturas y joyas y es la parada ideal si desea obras de arte originales para su hogar.<\/p>\n\n\n\n<h3 class=\"wp-block-heading\">Sabatha Atelier<\/h3>\n\n\n<div class=\"wp-block-image\">\n<figure class=\"aligncenter\"><img decoding=\"async\" width=\"1000\" height=\"824\" data-src=\"https:\/\/mivelezmalaga.com\/wp-content\/uploads\/2018\/11\/Sabatha.jpg\" alt=\"Sabatha, Graphic Designer, Velez-Malaga\" class=\"wp-image-3367 lazyload\" data-srcset=\"https:\/\/mivelezmalaga.com\/wp-content\/uploads\/2018\/11\/Sabatha.jpg 1000w, https:\/\/mivelezmalaga.com\/wp-content\/uploads\/2018\/11\/Sabatha-300x247.jpg 300w\" data-sizes=\"(max-width: 1000px) 100vw, 1000px\" src=\"data:image\/svg+xml;base64,PHN2ZyB3aWR0aD0iMSIgaGVpZ2h0PSIxIiB4bWxucz0iaHR0cDovL3d3dy53My5vcmcvMjAwMC9zdmciPjwvc3ZnPg==\" style=\"--smush-placeholder-width: 1000px; --smush-placeholder-aspect-ratio: 1000\/824;\" \/><\/figure>\n<\/div>\n\n\n<p><p class=\"p1\">Un dise\u00f1ador gr\u00e1fico experto que tambi\u00e9n es un apasionado de la impresi\u00f3n. Puede hacer cualquier tipo de trabajo de dise\u00f1o, como dise\u00f1o de logotipos, invitaciones de boda \/ configuraciones de mesa y marca.<\/p>\n<p class=\"p1\">En su taller vende camisetas, vestidos, bolsos con estampados org\u00e1nicos, estampados y cojines, adem\u00e1s de ofrecer trabajos de dise\u00f1o a medida en cualquiera de estos productos. Est\u00e9 atento a los talleres de impresi\u00f3n que se realizar\u00e1n para todas las edades.<\/p><\/p>\n\n\n<div class=\"wp-block-image\">\n<figure class=\"aligncenter\"><img decoding=\"async\" width=\"985\" height=\"508\" data-src=\"https:\/\/mivelezmalaga.com\/wp-content\/uploads\/2018\/11\/Sabatha-1.jpg\" alt=\"Textile design, Velez-Malaga\" class=\"wp-image-3434 lazyload\" data-srcset=\"https:\/\/mivelezmalaga.com\/wp-content\/uploads\/2018\/11\/Sabatha-1.jpg 985w, https:\/\/mivelezmalaga.com\/wp-content\/uploads\/2018\/11\/Sabatha-1-300x155.jpg 300w\" data-sizes=\"(max-width: 985px) 100vw, 985px\" src=\"data:image\/svg+xml;base64,PHN2ZyB3aWR0aD0iMSIgaGVpZ2h0PSIxIiB4bWxucz0iaHR0cDovL3d3dy53My5vcmcvMjAwMC9zdmciPjwvc3ZnPg==\" style=\"--smush-placeholder-width: 985px; --smush-placeholder-aspect-ratio: 985\/508;\" \/><\/figure>\n<\/div>\n\n\n<h3 class=\"wp-block-heading\">El Desvan<\/h3>\n\n\n<div class=\"wp-block-image\">\n<figure class=\"aligncenter\"><img decoding=\"async\" width=\"1000\" height=\"736\" data-src=\"https:\/\/mivelezmalaga.com\/wp-content\/uploads\/2018\/11\/Restoration.jpg\" alt=\"Furniture Restorer, Velez-Malaga\" class=\"wp-image-3369 lazyload\" data-srcset=\"https:\/\/mivelezmalaga.com\/wp-content\/uploads\/2018\/11\/Restoration.jpg 1000w, https:\/\/mivelezmalaga.com\/wp-content\/uploads\/2018\/11\/Restoration-300x221.jpg 300w\" data-sizes=\"(max-width: 1000px) 100vw, 1000px\" src=\"data:image\/svg+xml;base64,PHN2ZyB3aWR0aD0iMSIgaGVpZ2h0PSIxIiB4bWxucz0iaHR0cDovL3d3dy53My5vcmcvMjAwMC9zdmciPjwvc3ZnPg==\" style=\"--smush-placeholder-width: 1000px; --smush-placeholder-aspect-ratio: 1000\/736;\" \/><\/figure>\n<\/div>\n\n\n<p class=\"p1\">Alma restauradora de muebles y amante de los objetos antiguos, Alma recicla, inspira aire nuevo en muebles mediocres y restaura con amor muebles antiguos. Tambi\u00e9n vende cualquier antig\u00fcedades y muebles maravillosos que encuentre. Cuidado con las pr\u00f3ximas clases de pintura de tiza.<\/p>\n\n\n\n\n\n<h2 class=\"wp-block-heading\"><strong>Caf\u00e9<\/strong><\/h2>\n\n\n<div class=\"wp-block-image\">\n<figure class=\"aligncenter\"><img decoding=\"async\" width=\"1000\" height=\"699\" data-src=\"https:\/\/mivelezmalaga.com\/wp-content\/uploads\/2018\/11\/Cafe.jpg\" alt=\"Baba Budan Coffee Shop\" class=\"wp-image-3366 lazyload\" data-srcset=\"https:\/\/mivelezmalaga.com\/wp-content\/uploads\/2018\/11\/Cafe.jpg 1000w, https:\/\/mivelezmalaga.com\/wp-content\/uploads\/2018\/11\/Cafe-300x210.jpg 300w\" data-sizes=\"(max-width: 1000px) 100vw, 1000px\" src=\"data:image\/svg+xml;base64,PHN2ZyB3aWR0aD0iMSIgaGVpZ2h0PSIxIiB4bWxucz0iaHR0cDovL3d3dy53My5vcmcvMjAwMC9zdmciPjwvc3ZnPg==\" style=\"--smush-placeholder-width: 1000px; --smush-placeholder-aspect-ratio: 1000\/699;\" \/><\/figure>\n<\/div>\n\n\n<h3 class=\"wp-block-heading\">Baba Budan Caf\u00e9<\/h3>\n\n\n\n<p><p class=\"p1\">Idealmente situado junto a las tiendas y la zona de juegos infantiles, se encuentra la cafeter\u00eda. Ofrecen bocados ligeros como s\u00e1ndwiches y pasteles, mientras que las leche de avena\/avellanas y los diferentes tipos de pan satisfacen las alergias y las intolerancias alimentarias.<\/p>\n<p class=\"p1\">Los martes hacen un intercambio de idiomas de 18.00 a 20.00 horas.<\/p><\/p>\n\n\n\n<h3 class=\"p1 wp-block-heading\">Los horarios de apertura<\/h3>\r\n<p class=\"p1\">Los horarios de apertura a\u00fan se est\u00e1n estableciendo, pero como regla general son los siguientes:<\/p>\r\n<p class=\"p1\">Domingo, lunes, martes y mi\u00e9rcoles: 12.00-19.00 (excepto la cafeter\u00eda que abrir\u00e1 a las 07.30)<\/p>\r\n<p class=\"p1\">Jueves, viernes y s\u00e1bado: 1200-0000 (excepto la cafeter\u00eda que abrir\u00e1 de 07.30-19.00)<\/p>\r\n<p class=\"p1\">El restaurante cierra los martes.<\/p>\n\n\n\n<h3 class=\"p1 wp-block-heading\">Aparcamiento<\/h3>\r\n<p class=\"p1\">Hay aparcamiento directamente debajo del mercado, al que se accede desde la calle Arroyo San Sebasti\u00e1n. Est\u00e1 abierto:<\/p>\r\n<p class=\"p1\">Lunes a mi\u00e9rcoles: 7.00 a 10.00<\/p>\r\n<p class=\"p1\">Jueves a viernes: 7.00 a 12.00<\/p>\r\n<p class=\"p1\">S\u00e1bado: 9.00 a 12.00<\/p>\n\n\n\n<h3 class=\"p1 wp-block-heading\">Talleres y eventos<\/h3>\r\n<p class=\"p1\">Hay m\u00fasica en vivo, de forma gratuita, a partir de las 21.00 horas cada semana.<\/p>\r\n<p class=\"p1\">Aprenda algo nuevo, practique su espa\u00f1ol y participe en los talleres de artesan\u00eda que se ofrecen en La Placita (el \u00e1rea artesanal en la parte posterior del mercado). Algunas de las lecciones son solo unas pocas horas; otros son un curso completo.<\/p>\r\n<p class=\"p1\">Est\u00e9 atento a nuestra p\u00e1gina de eventos, Facebook (<a href=\"https:\/\/www.facebook.com\/mivelezmalaga\/\" target=\"_blank\" rel=\"noopener noreferrer\">Facebook.com\/mivelezmalaga\/<\/a>) o la p\u00e1gina de Facebook del Mercado de San Francisco <a href=\"https:\/\/www.facebook.com\/MercadoDeSanFrancisco\/\" target=\"_blank\" rel=\"noopener noreferrer\">aqu\u00ed.<\/a><\/p>\n","protected":false},"excerpt":{"rendered":"<p>Debido a un descuido del Ayuntamiento, el Mercado de San Francisco ya no est\u00e1 abierto. El Mercado de San Francisco, es el nuevo espacio gastron\u00f3mico y cultural de V\u00e9lez, abri\u00f3 sus puertas en septiembre de 2018. La pieza central del casco antiguo, es un proyecto extremadamente emocionante y ambicioso. Es un espacio hermoso. Ubicado en [&hellip;]<\/p>\n","protected":false},"author":1,"featured_media":0,"parent":3691,"menu_order":0,"comment_status":"closed","ping_status":"closed","template":"page-child.php","meta":{"_acf_changed":false,"footnotes":""},"class_list":["post-6039","page","type-page","status-publish","hentry"],"acf":[],"yoast_head":"<!-- This site is optimized with the Yoast SEO plugin v27.3 - https:\/\/yoast.com\/product\/yoast-seo-wordpress\/ -->\n<title>Mercado de San Francisco<\/title>\n<meta name=\"description\" content=\"Mercado de San Francisco, es la lugar central del casco antiguo de V\u00e9lez-M\u00e1laga, y es en parte mercado de gastro, parte de compras artesanales y parte de espacio cultural.\" \/>\n<meta name=\"robots\" content=\"index, follow, max-snippet:-1, max-image-preview:large, max-video-preview:-1\" \/>\n<link rel=\"canonical\" href=\"https:\/\/mivelezmalaga.com\/es\/comer-y-beber\/mercado-de-san-francisco\/\" \/>\n<meta property=\"og:locale\" content=\"es_ES\" \/>\n<meta property=\"og:type\" content=\"article\" \/>\n<meta property=\"og:title\" content=\"Mercado de San Francisco\" \/>\n<meta property=\"og:description\" content=\"Mercado de San Francisco, es la lugar central del casco antiguo de V\u00e9lez-M\u00e1laga, y es en parte mercado de gastro, parte de compras artesanales y parte de espacio cultural.\" \/>\n<meta property=\"og:url\" content=\"https:\/\/mivelezmalaga.com\/es\/comer-y-beber\/mercado-de-san-francisco\/\" \/>\n<meta property=\"og:site_name\" content=\"Mi Velez-Malaga\" \/>\n<meta property=\"article:publisher\" content=\"https:\/\/www.facebook.com\/mivelezmalaga\/\" \/>\n<meta property=\"article:modified_time\" content=\"2024-03-05T11:35:34+00:00\" \/>\n<meta property=\"og:image\" content=\"https:\/\/mivelezmalaga.com\/wp-content\/uploads\/2018\/11\/Tapas-Mercado.jpg\" \/>\n<meta name=\"twitter:card\" content=\"summary_large_image\" \/>\n<meta name=\"twitter:site\" content=\"@MiVelezMalaga\" \/>\n<meta name=\"twitter:label1\" content=\"Est. reading time\" \/>\n\t<meta name=\"twitter:data1\" content=\"6 minutes\" \/>\n<script type=\"application\/ld+json\" class=\"yoast-schema-graph\">{\"@context\":\"https:\\\/\\\/schema.org\",\"@graph\":[{\"@type\":\"WebPage\",\"@id\":\"https:\\\/\\\/mivelezmalaga.com\\\/es\\\/comer-y-beber\\\/mercado-de-san-francisco\\\/\",\"url\":\"https:\\\/\\\/mivelezmalaga.com\\\/es\\\/comer-y-beber\\\/mercado-de-san-francisco\\\/\",\"name\":\"Mercado de San Francisco\",\"isPartOf\":{\"@id\":\"https:\\\/\\\/mivelezmalaga.com\\\/es\\\/#website\"},\"primaryImageOfPage\":{\"@id\":\"https:\\\/\\\/mivelezmalaga.com\\\/es\\\/comer-y-beber\\\/mercado-de-san-francisco\\\/#primaryimage\"},\"image\":{\"@id\":\"https:\\\/\\\/mivelezmalaga.com\\\/es\\\/comer-y-beber\\\/mercado-de-san-francisco\\\/#primaryimage\"},\"thumbnailUrl\":\"https:\\\/\\\/mivelezmalaga.com\\\/wp-content\\\/uploads\\\/2018\\\/11\\\/Tapas-Mercado.jpg\",\"datePublished\":\"2019-10-22T18:55:22+00:00\",\"dateModified\":\"2024-03-05T11:35:34+00:00\",\"description\":\"Mercado de San Francisco, es la lugar central del casco antiguo de V\u00e9lez-M\u00e1laga, y es en parte mercado de gastro, parte de compras artesanales y parte de espacio cultural.\",\"breadcrumb\":{\"@id\":\"https:\\\/\\\/mivelezmalaga.com\\\/es\\\/comer-y-beber\\\/mercado-de-san-francisco\\\/#breadcrumb\"},\"inLanguage\":\"es-ES\",\"potentialAction\":[{\"@type\":\"ReadAction\",\"target\":[\"https:\\\/\\\/mivelezmalaga.com\\\/es\\\/comer-y-beber\\\/mercado-de-san-francisco\\\/\"]}]},{\"@type\":\"ImageObject\",\"inLanguage\":\"es-ES\",\"@id\":\"https:\\\/\\\/mivelezmalaga.com\\\/es\\\/comer-y-beber\\\/mercado-de-san-francisco\\\/#primaryimage\",\"url\":\"https:\\\/\\\/mivelezmalaga.com\\\/wp-content\\\/uploads\\\/2018\\\/11\\\/Tapas-Mercado.jpg\",\"contentUrl\":\"https:\\\/\\\/mivelezmalaga.com\\\/wp-content\\\/uploads\\\/2018\\\/11\\\/Tapas-Mercado.jpg\"},{\"@type\":\"BreadcrumbList\",\"@id\":\"https:\\\/\\\/mivelezmalaga.com\\\/es\\\/comer-y-beber\\\/mercado-de-san-francisco\\\/#breadcrumb\",\"itemListElement\":[{\"@type\":\"ListItem\",\"position\":1,\"name\":\"Home\",\"item\":\"https:\\\/\\\/mivelezmalaga.com\\\/es\\\/\"},{\"@type\":\"ListItem\",\"position\":2,\"name\":\"Comer y Beber\",\"item\":\"https:\\\/\\\/mivelezmalaga.com\\\/es\\\/comer-y-beber\\\/\"},{\"@type\":\"ListItem\",\"position\":3,\"name\":\"Mercado de San Francisco\"}]},{\"@type\":\"WebSite\",\"@id\":\"https:\\\/\\\/mivelezmalaga.com\\\/es\\\/#website\",\"url\":\"https:\\\/\\\/mivelezmalaga.com\\\/es\\\/\",\"name\":\"Mi Velez-Malaga\",\"description\":\"Welcome to V\u00e9lez\",\"potentialAction\":[{\"@type\":\"SearchAction\",\"target\":{\"@type\":\"EntryPoint\",\"urlTemplate\":\"https:\\\/\\\/mivelezmalaga.com\\\/es\\\/?s={search_term_string}\"},\"query-input\":{\"@type\":\"PropertyValueSpecification\",\"valueRequired\":true,\"valueName\":\"search_term_string\"}}],\"inLanguage\":\"es-ES\"}]}<\/script>\n<!-- \/ Yoast SEO plugin. -->","yoast_head_json":{"title":"Mercado de San Francisco","description":"Mercado de San Francisco, es la lugar central del casco antiguo de V\u00e9lez-M\u00e1laga, y es en parte mercado de gastro, parte de compras artesanales y parte de espacio cultural.","robots":{"index":"index","follow":"follow","max-snippet":"max-snippet:-1","max-image-preview":"max-image-preview:large","max-video-preview":"max-video-preview:-1"},"canonical":"https:\/\/mivelezmalaga.com\/es\/comer-y-beber\/mercado-de-san-francisco\/","og_locale":"es_ES","og_type":"article","og_title":"Mercado de San Francisco","og_description":"Mercado de San Francisco, es la lugar central del casco antiguo de V\u00e9lez-M\u00e1laga, y es en parte mercado de gastro, parte de compras artesanales y parte de espacio cultural.","og_url":"https:\/\/mivelezmalaga.com\/es\/comer-y-beber\/mercado-de-san-francisco\/","og_site_name":"Mi Velez-Malaga","article_publisher":"https:\/\/www.facebook.com\/mivelezmalaga\/","article_modified_time":"2024-03-05T11:35:34+00:00","og_image":[{"url":"https:\/\/mivelezmalaga.com\/wp-content\/uploads\/2018\/11\/Tapas-Mercado.jpg","type":"","width":"","height":""}],"twitter_card":"summary_large_image","twitter_site":"@MiVelezMalaga","twitter_misc":{"Est. reading time":"6 minutes"},"schema":{"@context":"https:\/\/schema.org","@graph":[{"@type":"WebPage","@id":"https:\/\/mivelezmalaga.com\/es\/comer-y-beber\/mercado-de-san-francisco\/","url":"https:\/\/mivelezmalaga.com\/es\/comer-y-beber\/mercado-de-san-francisco\/","name":"Mercado de San Francisco","isPartOf":{"@id":"https:\/\/mivelezmalaga.com\/es\/#website"},"primaryImageOfPage":{"@id":"https:\/\/mivelezmalaga.com\/es\/comer-y-beber\/mercado-de-san-francisco\/#primaryimage"},"image":{"@id":"https:\/\/mivelezmalaga.com\/es\/comer-y-beber\/mercado-de-san-francisco\/#primaryimage"},"thumbnailUrl":"https:\/\/mivelezmalaga.com\/wp-content\/uploads\/2018\/11\/Tapas-Mercado.jpg","datePublished":"2019-10-22T18:55:22+00:00","dateModified":"2024-03-05T11:35:34+00:00","description":"Mercado de San Francisco, es la lugar central del casco antiguo de V\u00e9lez-M\u00e1laga, y es en parte mercado de gastro, parte de compras artesanales y parte de espacio cultural.","breadcrumb":{"@id":"https:\/\/mivelezmalaga.com\/es\/comer-y-beber\/mercado-de-san-francisco\/#breadcrumb"},"inLanguage":"es-ES","potentialAction":[{"@type":"ReadAction","target":["https:\/\/mivelezmalaga.com\/es\/comer-y-beber\/mercado-de-san-francisco\/"]}]},{"@type":"ImageObject","inLanguage":"es-ES","@id":"https:\/\/mivelezmalaga.com\/es\/comer-y-beber\/mercado-de-san-francisco\/#primaryimage","url":"https:\/\/mivelezmalaga.com\/wp-content\/uploads\/2018\/11\/Tapas-Mercado.jpg","contentUrl":"https:\/\/mivelezmalaga.com\/wp-content\/uploads\/2018\/11\/Tapas-Mercado.jpg"},{"@type":"BreadcrumbList","@id":"https:\/\/mivelezmalaga.com\/es\/comer-y-beber\/mercado-de-san-francisco\/#breadcrumb","itemListElement":[{"@type":"ListItem","position":1,"name":"Home","item":"https:\/\/mivelezmalaga.com\/es\/"},{"@type":"ListItem","position":2,"name":"Comer y Beber","item":"https:\/\/mivelezmalaga.com\/es\/comer-y-beber\/"},{"@type":"ListItem","position":3,"name":"Mercado de San Francisco"}]},{"@type":"WebSite","@id":"https:\/\/mivelezmalaga.com\/es\/#website","url":"https:\/\/mivelezmalaga.com\/es\/","name":"Mi Velez-Malaga","description":"Welcome to V\u00e9lez","potentialAction":[{"@type":"SearchAction","target":{"@type":"EntryPoint","urlTemplate":"https:\/\/mivelezmalaga.com\/es\/?s={search_term_string}"},"query-input":{"@type":"PropertyValueSpecification","valueRequired":true,"valueName":"search_term_string"}}],"inLanguage":"es-ES"}]}},"_links":{"self":[{"href":"https:\/\/mivelezmalaga.com\/es\/wp-json\/wp\/v2\/pages\/6039","targetHints":{"allow":["GET"]}}],"collection":[{"href":"https:\/\/mivelezmalaga.com\/es\/wp-json\/wp\/v2\/pages"}],"about":[{"href":"https:\/\/mivelezmalaga.com\/es\/wp-json\/wp\/v2\/types\/page"}],"author":[{"embeddable":true,"href":"https:\/\/mivelezmalaga.com\/es\/wp-json\/wp\/v2\/users\/1"}],"replies":[{"embeddable":true,"href":"https:\/\/mivelezmalaga.com\/es\/wp-json\/wp\/v2\/comments?post=6039"}],"version-history":[{"count":7,"href":"https:\/\/mivelezmalaga.com\/es\/wp-json\/wp\/v2\/pages\/6039\/revisions"}],"predecessor-version":[{"id":8667,"href":"https:\/\/mivelezmalaga.com\/es\/wp-json\/wp\/v2\/pages\/6039\/revisions\/8667"}],"up":[{"embeddable":true,"href":"https:\/\/mivelezmalaga.com\/es\/wp-json\/wp\/v2\/pages\/3691"}],"wp:attachment":[{"href":"https:\/\/mivelezmalaga.com\/es\/wp-json\/wp\/v2\/media?parent=6039"}],"curies":[{"name":"wp","href":"https:\/\/api.w.org\/{rel}","templated":true}]}}