{"id":6090,"date":"2019-10-29T11:51:38","date_gmt":"2019-10-29T10:51:38","guid":{"rendered":"https:\/\/mivelezmalaga.com\/?page_id=6090"},"modified":"2024-01-16T10:16:58","modified_gmt":"2024-01-16T09:16:58","slug":"como-llegar-al-rio-chillar","status":"publish","type":"page","link":"https:\/\/mivelezmalaga.com\/es\/que-hacer-en-velez-malaga\/alrededores-velez\/como-llegar-al-rio-chillar\/","title":{"rendered":"C\u00f3mo llegar al Rio Chillar"},"content":{"rendered":"\n<h2 class=\"wp-block-heading\">Descripci\u00f3n<\/h2>\n\n\n\n<p><strong>Nivel:<\/strong> F\u00e1cil, el tipo de ruta es lineal (a trav\u00e9s del cauce del r\u00edo) aunque tambi\u00e9n hay posibilidad de hacerla circular.<br><strong>Duraci\u00f3n:<\/strong> 6 horas, con paradas. El trayecto al completo contando la idea y la vuelta son unos 8 kil\u00f3metros.<\/p>\n\n\n\n<p>La ruta del R\u00edo Chillar es uno de los espect\u00e1culos de<strong> senderismo m\u00e1s agradables de Nerja<\/strong> ya que combina una ruta de senderismo y la posibilidad de refrescarse en las pozas y peque\u00f1as cascadas. En todo momento va a ir por el cauce el r\u00edo por lo que es muy probable que se moje los pies, por ello, le recomendamos llevar un calzado adecuado ya que al ir pisando el lecho del r\u00edo, algunas piedras ser\u00e1n muy resbaladizas. Antes de realizar la ruta, es recomendable consultar las condiciones del r\u00edo (sobre todo si va en familia) ya que el agua puede subir de nivel y llegar por encima de las rodillas.<\/p>\n\n\n\n<p>Llevando a cabo estas recomendaciones, la ruta es espectacular, ya que pasaremos a trav\u00e9s de peque\u00f1os riachuelos y formaciones rocosas naturales. Adem\u00e1s se ver\u00e1 recompensado al finalizar el recorrido refresc\u00e1ndose en una de las balsas naturales que encontrar\u00e1. Seg\u00fan nuestra opini\u00f3n, le recomendamos que realice la ruta entre semana (si es posible) ya que los fines de semana acuden m\u00e1s personas a realizar la misma.<\/p>\n\n\n\n<h2 class=\"wp-block-heading\">C\u00f3mo llegar y aparcar<\/h2>\n\n\n\n<p>Para llegar a este enclave natural, la mejor forma es desplazarse en coche. Desde V\u00e9lez, dir\u00edjase hacia el sur alej\u00e1ndose de la ciudad y hacia la costa, tome la A7 en direcci\u00f3n a Nerja \/ Motril \/ Almer\u00eda. Permanezca en la A7 durante 20 km y salga en la <strong>salida 292 de la N340a hacia Nerja<\/strong>.<\/p>\n\n\n\n<p>En la rotonda, tome la primera salida hacia la Avenida Alcalde Antonio Villasclaras. En la rotonda, tome la tercera salida y contin\u00fae por la Avenida Alcalde Antonio Villasclaras. Pasar\u00e1 una rotonda m\u00e1s. En la tercera rotonda, tome la cuarta<strong> salida hacia la Av. de pescia \/ N-340<\/strong>.<\/p>\n\n\n\n<p>En las siguientes dos rotondas, tome la segunda salida y contin\u00fae por la Avenida de Pescia. En la tercera rotonda, tome la tercera salida hacia la Calle Julio Romero, contin\u00fae por la Avenida de la Constituci\u00f3n, gire a la izquierda en la Calle Cisne.<\/p>\n\n\n\n<p>En la rotonda, tome la primera salida hacia la calle Mirto, cruce la rotonda y gire a la izquierda poco despu\u00e9s. Contin\u00faa por la carretera y pasa por debajo de la autopista, el r\u00edo debe estar a tu izquierda. Sigue subiendo por la carretera y deber\u00eda haber una antigua f\u00e1brica de cemento. Aparque donde pueda en esta zona, aunque preste atenci\u00f3n a las se\u00f1ales de &#8220;no estacionar&#8221; que puedan estar alrededor. La ruta comienza justo despu\u00e9s de la f\u00e1brica de cemento y antes de que la carretera se doble a la izquierda.<\/p>\n\n\n\n<p>Nuestra <strong>gu\u00eda completa para la ruta por el R\u00edo Chillar<\/strong> est\u00e1 en proceso. As\u00ed que estad atentos a nuestra p\u00e1gina.<\/p>\n","protected":false},"excerpt":{"rendered":"<p>Descripci\u00f3n Nivel: F\u00e1cil, el tipo de ruta es lineal (a trav\u00e9s del cauce del r\u00edo) aunque tambi\u00e9n hay posibilidad de hacerla circular.Duraci\u00f3n: 6 horas, con paradas. El trayecto al completo contando la idea y la vuelta son unos 8 kil\u00f3metros. La ruta del R\u00edo Chillar es uno de los espect\u00e1culos de senderismo m\u00e1s agradables de [&hellip;]<\/p>\n","protected":false},"author":1,"featured_media":4992,"parent":6094,"menu_order":0,"comment_status":"closed","ping_status":"closed","template":"page-child.php","meta":{"_acf_changed":false,"footnotes":""},"class_list":["post-6090","page","type-page","status-publish","has-post-thumbnail","hentry"],"acf":[],"yoast_head":"<!-- This site is optimized with the Yoast SEO plugin v27.3 - https:\/\/yoast.com\/product\/yoast-seo-wordpress\/ -->\n<title>C\u00f3mo llegar al Rio Chillar<\/title>\n<meta name=\"robots\" content=\"index, follow, max-snippet:-1, max-image-preview:large, max-video-preview:-1\" \/>\n<link rel=\"canonical\" href=\"https:\/\/mivelezmalaga.com\/es\/que-hacer-en-velez-malaga\/alrededores-velez\/como-llegar-al-rio-chillar\/\" \/>\n<meta property=\"og:locale\" content=\"es_ES\" \/>\n<meta property=\"og:type\" content=\"article\" \/>\n<meta property=\"og:title\" content=\"C\u00f3mo llegar al Rio Chillar\" \/>\n<meta property=\"og:description\" content=\"Descripci\u00f3n Nivel: F\u00e1cil, el tipo de ruta es lineal (a trav\u00e9s del cauce del r\u00edo) aunque tambi\u00e9n hay posibilidad de hacerla circular.Duraci\u00f3n: 6 horas, con paradas. El trayecto al completo contando la idea y la vuelta son unos 8 kil\u00f3metros. La ruta del R\u00edo Chillar es uno de los espect\u00e1culos de senderismo m\u00e1s agradables de [&hellip;]\" \/>\n<meta property=\"og:url\" content=\"https:\/\/mivelezmalaga.com\/es\/que-hacer-en-velez-malaga\/alrededores-velez\/como-llegar-al-rio-chillar\/\" \/>\n<meta property=\"og:site_name\" content=\"Mi Velez-Malaga\" \/>\n<meta property=\"article:publisher\" content=\"https:\/\/www.facebook.com\/mivelezmalaga\/\" \/>\n<meta property=\"article:modified_time\" content=\"2024-01-16T09:16:58+00:00\" \/>\n<meta property=\"og:image\" content=\"https:\/\/mivelezmalaga.com\/wp-content\/uploads\/2018\/08\/Rio-Chillar-1.jpg\" \/>\n\t<meta property=\"og:image:width\" content=\"1000\" \/>\n\t<meta property=\"og:image:height\" content=\"500\" \/>\n\t<meta property=\"og:image:type\" content=\"image\/jpeg\" \/>\n<meta name=\"twitter:card\" content=\"summary_large_image\" \/>\n<meta name=\"twitter:site\" content=\"@MiVelezMalaga\" \/>\n<meta name=\"twitter:label1\" content=\"Est. reading time\" \/>\n\t<meta name=\"twitter:data1\" content=\"3 minutes\" \/>\n<script type=\"application\/ld+json\" class=\"yoast-schema-graph\">{\"@context\":\"https:\\\/\\\/schema.org\",\"@graph\":[{\"@type\":\"WebPage\",\"@id\":\"https:\\\/\\\/mivelezmalaga.com\\\/es\\\/que-hacer-en-velez-malaga\\\/alrededores-velez\\\/como-llegar-al-rio-chillar\\\/\",\"url\":\"https:\\\/\\\/mivelezmalaga.com\\\/es\\\/que-hacer-en-velez-malaga\\\/alrededores-velez\\\/como-llegar-al-rio-chillar\\\/\",\"name\":\"C\u00f3mo llegar al Rio Chillar\",\"isPartOf\":{\"@id\":\"https:\\\/\\\/mivelezmalaga.com\\\/es\\\/#website\"},\"primaryImageOfPage\":{\"@id\":\"https:\\\/\\\/mivelezmalaga.com\\\/es\\\/que-hacer-en-velez-malaga\\\/alrededores-velez\\\/como-llegar-al-rio-chillar\\\/#primaryimage\"},\"image\":{\"@id\":\"https:\\\/\\\/mivelezmalaga.com\\\/es\\\/que-hacer-en-velez-malaga\\\/alrededores-velez\\\/como-llegar-al-rio-chillar\\\/#primaryimage\"},\"thumbnailUrl\":\"https:\\\/\\\/mivelezmalaga.com\\\/wp-content\\\/uploads\\\/2018\\\/08\\\/Rio-Chillar-1.jpg\",\"datePublished\":\"2019-10-29T10:51:38+00:00\",\"dateModified\":\"2024-01-16T09:16:58+00:00\",\"breadcrumb\":{\"@id\":\"https:\\\/\\\/mivelezmalaga.com\\\/es\\\/que-hacer-en-velez-malaga\\\/alrededores-velez\\\/como-llegar-al-rio-chillar\\\/#breadcrumb\"},\"inLanguage\":\"es-ES\",\"potentialAction\":[{\"@type\":\"ReadAction\",\"target\":[\"https:\\\/\\\/mivelezmalaga.com\\\/es\\\/que-hacer-en-velez-malaga\\\/alrededores-velez\\\/como-llegar-al-rio-chillar\\\/\"]}]},{\"@type\":\"ImageObject\",\"inLanguage\":\"es-ES\",\"@id\":\"https:\\\/\\\/mivelezmalaga.com\\\/es\\\/que-hacer-en-velez-malaga\\\/alrededores-velez\\\/como-llegar-al-rio-chillar\\\/#primaryimage\",\"url\":\"https:\\\/\\\/mivelezmalaga.com\\\/wp-content\\\/uploads\\\/2018\\\/08\\\/Rio-Chillar-1.jpg\",\"contentUrl\":\"https:\\\/\\\/mivelezmalaga.com\\\/wp-content\\\/uploads\\\/2018\\\/08\\\/Rio-Chillar-1.jpg\",\"width\":1000,\"height\":500},{\"@type\":\"BreadcrumbList\",\"@id\":\"https:\\\/\\\/mivelezmalaga.com\\\/es\\\/que-hacer-en-velez-malaga\\\/alrededores-velez\\\/como-llegar-al-rio-chillar\\\/#breadcrumb\",\"itemListElement\":[{\"@type\":\"ListItem\",\"position\":1,\"name\":\"Home\",\"item\":\"https:\\\/\\\/mivelezmalaga.com\\\/es\\\/\"},{\"@type\":\"ListItem\",\"position\":2,\"name\":\"Que hacer en V\u00e9lez-M\u00e1laga\",\"item\":\"https:\\\/\\\/mivelezmalaga.com\\\/es\\\/que-hacer-en-velez-malaga\\\/\"},{\"@type\":\"ListItem\",\"position\":3,\"name\":\"Alrededores de V\u00e9lez-M\u00e1laga\",\"item\":\"https:\\\/\\\/mivelezmalaga.com\\\/es\\\/que-hacer-en-velez-malaga\\\/alrededores-velez\\\/\"},{\"@type\":\"ListItem\",\"position\":4,\"name\":\"C\u00f3mo llegar al Rio Chillar\"}]},{\"@type\":\"WebSite\",\"@id\":\"https:\\\/\\\/mivelezmalaga.com\\\/es\\\/#website\",\"url\":\"https:\\\/\\\/mivelezmalaga.com\\\/es\\\/\",\"name\":\"Mi Velez-Malaga\",\"description\":\"Welcome to V\u00e9lez\",\"potentialAction\":[{\"@type\":\"SearchAction\",\"target\":{\"@type\":\"EntryPoint\",\"urlTemplate\":\"https:\\\/\\\/mivelezmalaga.com\\\/es\\\/?s={search_term_string}\"},\"query-input\":{\"@type\":\"PropertyValueSpecification\",\"valueRequired\":true,\"valueName\":\"search_term_string\"}}],\"inLanguage\":\"es-ES\"}]}<\/script>\n<!-- \/ Yoast SEO plugin. -->","yoast_head_json":{"title":"C\u00f3mo llegar al Rio Chillar","robots":{"index":"index","follow":"follow","max-snippet":"max-snippet:-1","max-image-preview":"max-image-preview:large","max-video-preview":"max-video-preview:-1"},"canonical":"https:\/\/mivelezmalaga.com\/es\/que-hacer-en-velez-malaga\/alrededores-velez\/como-llegar-al-rio-chillar\/","og_locale":"es_ES","og_type":"article","og_title":"C\u00f3mo llegar al Rio Chillar","og_description":"Descripci\u00f3n Nivel: F\u00e1cil, el tipo de ruta es lineal (a trav\u00e9s del cauce del r\u00edo) aunque tambi\u00e9n hay posibilidad de hacerla circular.Duraci\u00f3n: 6 horas, con paradas. El trayecto al completo contando la idea y la vuelta son unos 8 kil\u00f3metros. La ruta del R\u00edo Chillar es uno de los espect\u00e1culos de senderismo m\u00e1s agradables de [&hellip;]","og_url":"https:\/\/mivelezmalaga.com\/es\/que-hacer-en-velez-malaga\/alrededores-velez\/como-llegar-al-rio-chillar\/","og_site_name":"Mi Velez-Malaga","article_publisher":"https:\/\/www.facebook.com\/mivelezmalaga\/","article_modified_time":"2024-01-16T09:16:58+00:00","og_image":[{"width":1000,"height":500,"url":"https:\/\/mivelezmalaga.com\/wp-content\/uploads\/2018\/08\/Rio-Chillar-1.jpg","type":"image\/jpeg"}],"twitter_card":"summary_large_image","twitter_site":"@MiVelezMalaga","twitter_misc":{"Est. reading time":"3 minutes"},"schema":{"@context":"https:\/\/schema.org","@graph":[{"@type":"WebPage","@id":"https:\/\/mivelezmalaga.com\/es\/que-hacer-en-velez-malaga\/alrededores-velez\/como-llegar-al-rio-chillar\/","url":"https:\/\/mivelezmalaga.com\/es\/que-hacer-en-velez-malaga\/alrededores-velez\/como-llegar-al-rio-chillar\/","name":"C\u00f3mo llegar al Rio Chillar","isPartOf":{"@id":"https:\/\/mivelezmalaga.com\/es\/#website"},"primaryImageOfPage":{"@id":"https:\/\/mivelezmalaga.com\/es\/que-hacer-en-velez-malaga\/alrededores-velez\/como-llegar-al-rio-chillar\/#primaryimage"},"image":{"@id":"https:\/\/mivelezmalaga.com\/es\/que-hacer-en-velez-malaga\/alrededores-velez\/como-llegar-al-rio-chillar\/#primaryimage"},"thumbnailUrl":"https:\/\/mivelezmalaga.com\/wp-content\/uploads\/2018\/08\/Rio-Chillar-1.jpg","datePublished":"2019-10-29T10:51:38+00:00","dateModified":"2024-01-16T09:16:58+00:00","breadcrumb":{"@id":"https:\/\/mivelezmalaga.com\/es\/que-hacer-en-velez-malaga\/alrededores-velez\/como-llegar-al-rio-chillar\/#breadcrumb"},"inLanguage":"es-ES","potentialAction":[{"@type":"ReadAction","target":["https:\/\/mivelezmalaga.com\/es\/que-hacer-en-velez-malaga\/alrededores-velez\/como-llegar-al-rio-chillar\/"]}]},{"@type":"ImageObject","inLanguage":"es-ES","@id":"https:\/\/mivelezmalaga.com\/es\/que-hacer-en-velez-malaga\/alrededores-velez\/como-llegar-al-rio-chillar\/#primaryimage","url":"https:\/\/mivelezmalaga.com\/wp-content\/uploads\/2018\/08\/Rio-Chillar-1.jpg","contentUrl":"https:\/\/mivelezmalaga.com\/wp-content\/uploads\/2018\/08\/Rio-Chillar-1.jpg","width":1000,"height":500},{"@type":"BreadcrumbList","@id":"https:\/\/mivelezmalaga.com\/es\/que-hacer-en-velez-malaga\/alrededores-velez\/como-llegar-al-rio-chillar\/#breadcrumb","itemListElement":[{"@type":"ListItem","position":1,"name":"Home","item":"https:\/\/mivelezmalaga.com\/es\/"},{"@type":"ListItem","position":2,"name":"Que hacer en V\u00e9lez-M\u00e1laga","item":"https:\/\/mivelezmalaga.com\/es\/que-hacer-en-velez-malaga\/"},{"@type":"ListItem","position":3,"name":"Alrededores de V\u00e9lez-M\u00e1laga","item":"https:\/\/mivelezmalaga.com\/es\/que-hacer-en-velez-malaga\/alrededores-velez\/"},{"@type":"ListItem","position":4,"name":"C\u00f3mo llegar al Rio Chillar"}]},{"@type":"WebSite","@id":"https:\/\/mivelezmalaga.com\/es\/#website","url":"https:\/\/mivelezmalaga.com\/es\/","name":"Mi Velez-Malaga","description":"Welcome to V\u00e9lez","potentialAction":[{"@type":"SearchAction","target":{"@type":"EntryPoint","urlTemplate":"https:\/\/mivelezmalaga.com\/es\/?s={search_term_string}"},"query-input":{"@type":"PropertyValueSpecification","valueRequired":true,"valueName":"search_term_string"}}],"inLanguage":"es-ES"}]}},"_links":{"self":[{"href":"https:\/\/mivelezmalaga.com\/es\/wp-json\/wp\/v2\/pages\/6090","targetHints":{"allow":["GET"]}}],"collection":[{"href":"https:\/\/mivelezmalaga.com\/es\/wp-json\/wp\/v2\/pages"}],"about":[{"href":"https:\/\/mivelezmalaga.com\/es\/wp-json\/wp\/v2\/types\/page"}],"author":[{"embeddable":true,"href":"https:\/\/mivelezmalaga.com\/es\/wp-json\/wp\/v2\/users\/1"}],"replies":[{"embeddable":true,"href":"https:\/\/mivelezmalaga.com\/es\/wp-json\/wp\/v2\/comments?post=6090"}],"version-history":[{"count":3,"href":"https:\/\/mivelezmalaga.com\/es\/wp-json\/wp\/v2\/pages\/6090\/revisions"}],"predecessor-version":[{"id":8404,"href":"https:\/\/mivelezmalaga.com\/es\/wp-json\/wp\/v2\/pages\/6090\/revisions\/8404"}],"up":[{"embeddable":true,"href":"https:\/\/mivelezmalaga.com\/es\/wp-json\/wp\/v2\/pages\/6094"}],"wp:featuredmedia":[{"embeddable":true,"href":"https:\/\/mivelezmalaga.com\/es\/wp-json\/wp\/v2\/media\/4992"}],"wp:attachment":[{"href":"https:\/\/mivelezmalaga.com\/es\/wp-json\/wp\/v2\/media?parent=6090"}],"curies":[{"name":"wp","href":"https:\/\/api.w.org\/{rel}","templated":true}]}}