{"id":6115,"date":"2019-10-29T13:02:40","date_gmt":"2019-10-29T12:02:40","guid":{"rendered":"https:\/\/mivelezmalaga.com\/?page_id=6115"},"modified":"2024-01-16T10:20:30","modified_gmt":"2024-01-16T09:20:30","slug":"ciclismo","status":"publish","type":"page","link":"https:\/\/mivelezmalaga.com\/es\/que-hacer-en-velez-malaga\/ciclismo\/","title":{"rendered":"Ciclismo"},"content":{"rendered":"\n<p>\u00bfTe tomas en serio el ciclismo? Con su gama de impresionantes carreteras costeras y de monta\u00f1a, la Axarqu\u00eda es el escenario de una de las mejores vacaciones en bicicleta en M\u00e1laga, y de hecho en el sur de Espa\u00f1a en su conjunto.<\/p>\n\n\n\n<p>Estamos buscando un ciclista para que escriba para nosotros. Si desea contribuir cont\u00e1ctenos: mivelezmalagadotcom@gmail.com.<\/p>\n","protected":false},"excerpt":{"rendered":"<p>\u00bfTe tomas en serio el ciclismo? Con su gama de impresionantes carreteras costeras y de monta\u00f1a, la Axarqu\u00eda es el escenario de una de las mejores vacaciones en bicicleta en M\u00e1laga, y de hecho en el sur de Espa\u00f1a en su conjunto. Estamos buscando un ciclista para que escriba para nosotros. Si desea contribuir cont\u00e1ctenos: [&hellip;]<\/p>\n","protected":false},"author":1,"featured_media":4913,"parent":5585,"menu_order":4,"comment_status":"closed","ping_status":"closed","template":"page-sub.php","meta":{"_acf_changed":false,"footnotes":""},"class_list":["post-6115","page","type-page","status-publish","has-post-thumbnail","hentry"],"acf":[],"yoast_head":"<!-- This site is optimized with the Yoast SEO plugin v27.3 - https:\/\/yoast.com\/product\/yoast-seo-wordpress\/ -->\n<title>Ciclismo<\/title>\n<meta name=\"robots\" content=\"index, follow, max-snippet:-1, max-image-preview:large, max-video-preview:-1\" \/>\n<link rel=\"canonical\" href=\"https:\/\/mivelezmalaga.com\/es\/que-hacer-en-velez-malaga\/ciclismo\/\" \/>\n<meta property=\"og:locale\" content=\"es_ES\" \/>\n<meta property=\"og:type\" content=\"article\" \/>\n<meta property=\"og:title\" content=\"Ciclismo\" \/>\n<meta property=\"og:description\" content=\"\u00bfTe tomas en serio el ciclismo? Con su gama de impresionantes carreteras costeras y de monta\u00f1a, la Axarqu\u00eda es el escenario de una de las mejores vacaciones en bicicleta en M\u00e1laga, y de hecho en el sur de Espa\u00f1a en su conjunto. Estamos buscando un ciclista para que escriba para nosotros. Si desea contribuir cont\u00e1ctenos: [&hellip;]\" \/>\n<meta property=\"og:url\" content=\"https:\/\/mivelezmalaga.com\/es\/que-hacer-en-velez-malaga\/ciclismo\/\" \/>\n<meta property=\"og:site_name\" content=\"Mi Velez-Malaga\" \/>\n<meta property=\"article:publisher\" content=\"https:\/\/www.facebook.com\/mivelezmalaga\/\" \/>\n<meta property=\"article:modified_time\" content=\"2024-01-16T09:20:30+00:00\" \/>\n<meta name=\"twitter:card\" content=\"summary_large_image\" \/>\n<meta name=\"twitter:image\" content=\"https:\/\/mivelezmalaga.com\/wp-content\/uploads\/2018\/06\/Cycling-in-Spain-Bikethumbnail.jpg\" \/>\n<meta name=\"twitter:site\" content=\"@MiVelezMalaga\" \/>\n<meta name=\"twitter:label1\" content=\"Est. reading time\" \/>\n\t<meta name=\"twitter:data1\" content=\"1 minute\" \/>\n<script type=\"application\/ld+json\" class=\"yoast-schema-graph\">{\"@context\":\"https:\\\/\\\/schema.org\",\"@graph\":[{\"@type\":\"WebPage\",\"@id\":\"https:\\\/\\\/mivelezmalaga.com\\\/es\\\/que-hacer-en-velez-malaga\\\/ciclismo\\\/\",\"url\":\"https:\\\/\\\/mivelezmalaga.com\\\/es\\\/que-hacer-en-velez-malaga\\\/ciclismo\\\/\",\"name\":\"Ciclismo\",\"isPartOf\":{\"@id\":\"https:\\\/\\\/mivelezmalaga.com\\\/es\\\/#website\"},\"primaryImageOfPage\":{\"@id\":\"https:\\\/\\\/mivelezmalaga.com\\\/es\\\/que-hacer-en-velez-malaga\\\/ciclismo\\\/#primaryimage\"},\"image\":{\"@id\":\"https:\\\/\\\/mivelezmalaga.com\\\/es\\\/que-hacer-en-velez-malaga\\\/ciclismo\\\/#primaryimage\"},\"thumbnailUrl\":\"https:\\\/\\\/mivelezmalaga.com\\\/wp-content\\\/uploads\\\/2018\\\/06\\\/Cycling-in-Spain-Bikethumbnail.jpg\",\"datePublished\":\"2019-10-29T12:02:40+00:00\",\"dateModified\":\"2024-01-16T09:20:30+00:00\",\"breadcrumb\":{\"@id\":\"https:\\\/\\\/mivelezmalaga.com\\\/es\\\/que-hacer-en-velez-malaga\\\/ciclismo\\\/#breadcrumb\"},\"inLanguage\":\"es-ES\",\"potentialAction\":[{\"@type\":\"ReadAction\",\"target\":[\"https:\\\/\\\/mivelezmalaga.com\\\/es\\\/que-hacer-en-velez-malaga\\\/ciclismo\\\/\"]}]},{\"@type\":\"ImageObject\",\"inLanguage\":\"es-ES\",\"@id\":\"https:\\\/\\\/mivelezmalaga.com\\\/es\\\/que-hacer-en-velez-malaga\\\/ciclismo\\\/#primaryimage\",\"url\":\"https:\\\/\\\/mivelezmalaga.com\\\/wp-content\\\/uploads\\\/2018\\\/06\\\/Cycling-in-Spain-Bikethumbnail.jpg\",\"contentUrl\":\"https:\\\/\\\/mivelezmalaga.com\\\/wp-content\\\/uploads\\\/2018\\\/06\\\/Cycling-in-Spain-Bikethumbnail.jpg\",\"width\":400,\"height\":256},{\"@type\":\"BreadcrumbList\",\"@id\":\"https:\\\/\\\/mivelezmalaga.com\\\/es\\\/que-hacer-en-velez-malaga\\\/ciclismo\\\/#breadcrumb\",\"itemListElement\":[{\"@type\":\"ListItem\",\"position\":1,\"name\":\"Home\",\"item\":\"https:\\\/\\\/mivelezmalaga.com\\\/es\\\/\"},{\"@type\":\"ListItem\",\"position\":2,\"name\":\"Que hacer en V\u00e9lez-M\u00e1laga\",\"item\":\"https:\\\/\\\/mivelezmalaga.com\\\/es\\\/que-hacer-en-velez-malaga\\\/\"},{\"@type\":\"ListItem\",\"position\":3,\"name\":\"Ciclismo\"}]},{\"@type\":\"WebSite\",\"@id\":\"https:\\\/\\\/mivelezmalaga.com\\\/es\\\/#website\",\"url\":\"https:\\\/\\\/mivelezmalaga.com\\\/es\\\/\",\"name\":\"Mi Velez-Malaga\",\"description\":\"Welcome to V\u00e9lez\",\"potentialAction\":[{\"@type\":\"SearchAction\",\"target\":{\"@type\":\"EntryPoint\",\"urlTemplate\":\"https:\\\/\\\/mivelezmalaga.com\\\/es\\\/?s={search_term_string}\"},\"query-input\":{\"@type\":\"PropertyValueSpecification\",\"valueRequired\":true,\"valueName\":\"search_term_string\"}}],\"inLanguage\":\"es-ES\"}]}<\/script>\n<!-- \/ Yoast SEO plugin. -->","yoast_head_json":{"title":"Ciclismo","robots":{"index":"index","follow":"follow","max-snippet":"max-snippet:-1","max-image-preview":"max-image-preview:large","max-video-preview":"max-video-preview:-1"},"canonical":"https:\/\/mivelezmalaga.com\/es\/que-hacer-en-velez-malaga\/ciclismo\/","og_locale":"es_ES","og_type":"article","og_title":"Ciclismo","og_description":"\u00bfTe tomas en serio el ciclismo? Con su gama de impresionantes carreteras costeras y de monta\u00f1a, la Axarqu\u00eda es el escenario de una de las mejores vacaciones en bicicleta en M\u00e1laga, y de hecho en el sur de Espa\u00f1a en su conjunto. Estamos buscando un ciclista para que escriba para nosotros. Si desea contribuir cont\u00e1ctenos: [&hellip;]","og_url":"https:\/\/mivelezmalaga.com\/es\/que-hacer-en-velez-malaga\/ciclismo\/","og_site_name":"Mi Velez-Malaga","article_publisher":"https:\/\/www.facebook.com\/mivelezmalaga\/","article_modified_time":"2024-01-16T09:20:30+00:00","twitter_card":"summary_large_image","twitter_image":"https:\/\/mivelezmalaga.com\/wp-content\/uploads\/2018\/06\/Cycling-in-Spain-Bikethumbnail.jpg","twitter_site":"@MiVelezMalaga","twitter_misc":{"Est. reading time":"1 minute"},"schema":{"@context":"https:\/\/schema.org","@graph":[{"@type":"WebPage","@id":"https:\/\/mivelezmalaga.com\/es\/que-hacer-en-velez-malaga\/ciclismo\/","url":"https:\/\/mivelezmalaga.com\/es\/que-hacer-en-velez-malaga\/ciclismo\/","name":"Ciclismo","isPartOf":{"@id":"https:\/\/mivelezmalaga.com\/es\/#website"},"primaryImageOfPage":{"@id":"https:\/\/mivelezmalaga.com\/es\/que-hacer-en-velez-malaga\/ciclismo\/#primaryimage"},"image":{"@id":"https:\/\/mivelezmalaga.com\/es\/que-hacer-en-velez-malaga\/ciclismo\/#primaryimage"},"thumbnailUrl":"https:\/\/mivelezmalaga.com\/wp-content\/uploads\/2018\/06\/Cycling-in-Spain-Bikethumbnail.jpg","datePublished":"2019-10-29T12:02:40+00:00","dateModified":"2024-01-16T09:20:30+00:00","breadcrumb":{"@id":"https:\/\/mivelezmalaga.com\/es\/que-hacer-en-velez-malaga\/ciclismo\/#breadcrumb"},"inLanguage":"es-ES","potentialAction":[{"@type":"ReadAction","target":["https:\/\/mivelezmalaga.com\/es\/que-hacer-en-velez-malaga\/ciclismo\/"]}]},{"@type":"ImageObject","inLanguage":"es-ES","@id":"https:\/\/mivelezmalaga.com\/es\/que-hacer-en-velez-malaga\/ciclismo\/#primaryimage","url":"https:\/\/mivelezmalaga.com\/wp-content\/uploads\/2018\/06\/Cycling-in-Spain-Bikethumbnail.jpg","contentUrl":"https:\/\/mivelezmalaga.com\/wp-content\/uploads\/2018\/06\/Cycling-in-Spain-Bikethumbnail.jpg","width":400,"height":256},{"@type":"BreadcrumbList","@id":"https:\/\/mivelezmalaga.com\/es\/que-hacer-en-velez-malaga\/ciclismo\/#breadcrumb","itemListElement":[{"@type":"ListItem","position":1,"name":"Home","item":"https:\/\/mivelezmalaga.com\/es\/"},{"@type":"ListItem","position":2,"name":"Que hacer en V\u00e9lez-M\u00e1laga","item":"https:\/\/mivelezmalaga.com\/es\/que-hacer-en-velez-malaga\/"},{"@type":"ListItem","position":3,"name":"Ciclismo"}]},{"@type":"WebSite","@id":"https:\/\/mivelezmalaga.com\/es\/#website","url":"https:\/\/mivelezmalaga.com\/es\/","name":"Mi Velez-Malaga","description":"Welcome to V\u00e9lez","potentialAction":[{"@type":"SearchAction","target":{"@type":"EntryPoint","urlTemplate":"https:\/\/mivelezmalaga.com\/es\/?s={search_term_string}"},"query-input":{"@type":"PropertyValueSpecification","valueRequired":true,"valueName":"search_term_string"}}],"inLanguage":"es-ES"}]}},"_links":{"self":[{"href":"https:\/\/mivelezmalaga.com\/es\/wp-json\/wp\/v2\/pages\/6115","targetHints":{"allow":["GET"]}}],"collection":[{"href":"https:\/\/mivelezmalaga.com\/es\/wp-json\/wp\/v2\/pages"}],"about":[{"href":"https:\/\/mivelezmalaga.com\/es\/wp-json\/wp\/v2\/types\/page"}],"author":[{"embeddable":true,"href":"https:\/\/mivelezmalaga.com\/es\/wp-json\/wp\/v2\/users\/1"}],"replies":[{"embeddable":true,"href":"https:\/\/mivelezmalaga.com\/es\/wp-json\/wp\/v2\/comments?post=6115"}],"version-history":[{"count":4,"href":"https:\/\/mivelezmalaga.com\/es\/wp-json\/wp\/v2\/pages\/6115\/revisions"}],"predecessor-version":[{"id":8417,"href":"https:\/\/mivelezmalaga.com\/es\/wp-json\/wp\/v2\/pages\/6115\/revisions\/8417"}],"up":[{"embeddable":true,"href":"https:\/\/mivelezmalaga.com\/es\/wp-json\/wp\/v2\/pages\/5585"}],"wp:featuredmedia":[{"embeddable":true,"href":"https:\/\/mivelezmalaga.com\/es\/wp-json\/wp\/v2\/media\/4913"}],"wp:attachment":[{"href":"https:\/\/mivelezmalaga.com\/es\/wp-json\/wp\/v2\/media?parent=6115"}],"curies":[{"name":"wp","href":"https:\/\/api.w.org\/{rel}","templated":true}]}}