{"id":6128,"date":"2019-10-29T13:32:04","date_gmt":"2019-10-29T12:32:04","guid":{"rendered":"https:\/\/mivelezmalaga.com\/?page_id=6128"},"modified":"2024-01-16T10:21:25","modified_gmt":"2024-01-16T09:21:25","slug":"tiendas-de-bicicletas","status":"publish","type":"page","link":"https:\/\/mivelezmalaga.com\/es\/que-hacer-en-velez-malaga\/ciclismo\/tiendas-de-bicicletas\/","title":{"rendered":"Tiendas de bicicletas"},"content":{"rendered":"\n<p>Saber que tiene soporte, ya sea para reparaciones, kit de reemplazo o incluso un veh\u00edculo de soporte, es algo de lo que no debe preocuparse en un descanso en bicicleta en la Axarqu\u00eda. Los hoteles, B &amp; B y alquileres de vacaciones son muy amigables para las bicicletas y hay varias tiendas a las que puede recurrir si desea alquilar bicicletas de buena calidad o necesita algo durante su estad\u00eda.<\/p>\n\n\n\n<h3 class=\"wp-block-heading\">Bikephilosophy<\/h3>\n\n\n\n<p>Bikephilosophy es una tienda de bicicletas moderna y totalmente equipada en V\u00e9lez-M\u00e1laga. Puedes comprar todos los accesorios, o incluso bicicletas, aqu\u00ed. Se especializan en bicicletas de carretera y monta\u00f1a y sus bicicletas de alquiler son de la mejor calidad. Si necesita alquilar bicicletas de carretera, tienen existencias de aluminio o carbono y cuestan desde \u20ac 20 por d\u00eda (desde \u20ac 18 si son m\u00e1s de 5 d\u00edas). Las bicicletas de monta\u00f1a cuestan desde 18 \u20ac al d\u00eda (15 \u20ac si son m\u00e1s de 5 d\u00edas).<\/p>\n\n\n\n<p>Direcci\u00f3n: 66 Avenida Villa de Madrid, V\u00e9lez-M\u00e1laga.<\/p>\n\n\n\n<p>Tel: 952 54 97 91. <a href=\"https:\/\/www.bikephilosophy.es\/\" target=\"_blank\" rel=\"noopener noreferrer\">Bikephilosophy.es<\/a><\/p>\n\n\n\n<h3 class=\"wp-block-heading\">Biciterraneo<\/h3>\n\n\n\n<p>De camino a Torre del Mar, Biciterraneo vende una gama completa de bicicletas para todos los niveles y edades, adem\u00e1s de ejecutar un taller de reparaci\u00f3n. Este es un gran lugar para contratar bicicletas de alta calidad para escapadas en bicicleta o paseos \u00fanicos. Los accesorios de ciclismo tambi\u00e9n se venden para adultos y ni\u00f1os.<\/p>\n\n\n\n<p>Direcci\u00f3n: Calle Romer\u00eda, 1, 29740 Torre del Mar. Tel: 952 54 74 84.&nbsp;<a href=\"https:\/\/biciterraneo.com\/\" target=\"_blank\" rel=\"noopener noreferrer\">Biciterraneo.com<\/a><\/p>\n\n\n\n<h3 class=\"wp-block-heading\">Bike to the Future<\/h3>\n\n\n\n<p>Especializada en bicicletas el\u00e9ctricas, esta tienda frente a la estaci\u00f3n de autobuses de Torre del Mar vende y alquila bicicletas de monta\u00f1a, de carretera y el\u00e9ctricas. Son muy flexibles en la duraci\u00f3n del alquiler y tienen buenos servicios al cliente.<\/p>\n\n\n\n<p>Direcci\u00f3n: Calle Pintor Cipriano Maldonado Jim\u00e9nez 5N, Torre Del Mar, Spain 29740. Tel: 649 66 11 84. <a href=\"http:\/\/www.bike-to-the-future.com\/\">Bike-to-the-future.com<\/a><\/p>\n\n\n\n<h3 class=\"wp-block-heading\">Navarro Hermanos &#8211; Velez-Malaga<\/h3>\n\n\n\n<p>Esta cadena andaluza vende una selecci\u00f3n relativamente peque\u00f1a de bicicletas, equipos (y motocicletas), pero vale la pena mencionarla en caso de que est\u00e9 buscando algo espec\u00edfico y no lo pueda encontrar en ning\u00fan otro lado.<\/p>\n\n\n\n<p>Direcci\u00f3n: Calle Molino Velasco, 13, 29700 Velez-Malaga. Tel: 952 50 58 88 <a href=\"https:\/\/navarrohermanos.es\/\" target=\"_blank\" rel=\"noopener noreferrer\">Navarrohermanos.es<\/a><\/p>\n\n\n\n<p>Aqu\u00ed hay m\u00e1s informaci\u00f3n sobre V\u00e9lez-M\u00e1laga, en general, d\u00f3nde alojarse y algunas excelentes rutas en bicicleta:<\/p>\n","protected":false},"excerpt":{"rendered":"<p>Saber que tiene soporte, ya sea para reparaciones, kit de reemplazo o incluso un veh\u00edculo de soporte, es algo de lo que no debe preocuparse en un descanso en bicicleta en la Axarqu\u00eda. Los hoteles, B &amp; B y alquileres de vacaciones son muy amigables para las bicicletas y hay varias tiendas a las que [&hellip;]<\/p>\n","protected":false},"author":1,"featured_media":4911,"parent":6115,"menu_order":5,"comment_status":"closed","ping_status":"closed","template":"page-sub.php","meta":{"_acf_changed":false,"footnotes":""},"class_list":["post-6128","page","type-page","status-publish","has-post-thumbnail","hentry"],"acf":[],"yoast_head":"<!-- This site is optimized with the Yoast SEO plugin v27.3 - https:\/\/yoast.com\/product\/yoast-seo-wordpress\/ -->\n<title>Tiendas de bicicletas<\/title>\n<meta name=\"robots\" content=\"index, follow, max-snippet:-1, max-image-preview:large, max-video-preview:-1\" \/>\n<link rel=\"canonical\" href=\"https:\/\/mivelezmalaga.com\/es\/que-hacer-en-velez-malaga\/ciclismo\/tiendas-de-bicicletas\/\" \/>\n<meta property=\"og:locale\" content=\"es_ES\" \/>\n<meta property=\"og:type\" content=\"article\" \/>\n<meta property=\"og:title\" content=\"Tiendas de bicicletas\" \/>\n<meta property=\"og:description\" content=\"Saber que tiene soporte, ya sea para reparaciones, kit de reemplazo o incluso un veh\u00edculo de soporte, es algo de lo que no debe preocuparse en un descanso en bicicleta en la Axarqu\u00eda. Los hoteles, B &amp; B y alquileres de vacaciones son muy amigables para las bicicletas y hay varias tiendas a las que [&hellip;]\" \/>\n<meta property=\"og:url\" content=\"https:\/\/mivelezmalaga.com\/es\/que-hacer-en-velez-malaga\/ciclismo\/tiendas-de-bicicletas\/\" \/>\n<meta property=\"og:site_name\" content=\"Mi Velez-Malaga\" \/>\n<meta property=\"article:publisher\" content=\"https:\/\/www.facebook.com\/mivelezmalaga\/\" \/>\n<meta property=\"article:modified_time\" content=\"2024-01-16T09:21:25+00:00\" \/>\n<meta property=\"og:image\" content=\"https:\/\/mivelezmalaga.com\/wp-content\/uploads\/2018\/06\/White-villages-thumbnail.jpg\" \/>\n\t<meta property=\"og:image:width\" content=\"399\" \/>\n\t<meta property=\"og:image:height\" content=\"251\" \/>\n\t<meta property=\"og:image:type\" content=\"image\/jpeg\" \/>\n<meta name=\"twitter:card\" content=\"summary_large_image\" \/>\n<meta name=\"twitter:site\" content=\"@MiVelezMalaga\" \/>\n<meta name=\"twitter:label1\" content=\"Est. reading time\" \/>\n\t<meta name=\"twitter:data1\" content=\"2 minutes\" \/>\n<script type=\"application\/ld+json\" class=\"yoast-schema-graph\">{\"@context\":\"https:\\\/\\\/schema.org\",\"@graph\":[{\"@type\":\"WebPage\",\"@id\":\"https:\\\/\\\/mivelezmalaga.com\\\/es\\\/que-hacer-en-velez-malaga\\\/ciclismo\\\/tiendas-de-bicicletas\\\/\",\"url\":\"https:\\\/\\\/mivelezmalaga.com\\\/es\\\/que-hacer-en-velez-malaga\\\/ciclismo\\\/tiendas-de-bicicletas\\\/\",\"name\":\"Tiendas de bicicletas\",\"isPartOf\":{\"@id\":\"https:\\\/\\\/mivelezmalaga.com\\\/es\\\/#website\"},\"primaryImageOfPage\":{\"@id\":\"https:\\\/\\\/mivelezmalaga.com\\\/es\\\/que-hacer-en-velez-malaga\\\/ciclismo\\\/tiendas-de-bicicletas\\\/#primaryimage\"},\"image\":{\"@id\":\"https:\\\/\\\/mivelezmalaga.com\\\/es\\\/que-hacer-en-velez-malaga\\\/ciclismo\\\/tiendas-de-bicicletas\\\/#primaryimage\"},\"thumbnailUrl\":\"https:\\\/\\\/mivelezmalaga.com\\\/wp-content\\\/uploads\\\/2018\\\/06\\\/White-villages-thumbnail.jpg\",\"datePublished\":\"2019-10-29T12:32:04+00:00\",\"dateModified\":\"2024-01-16T09:21:25+00:00\",\"breadcrumb\":{\"@id\":\"https:\\\/\\\/mivelezmalaga.com\\\/es\\\/que-hacer-en-velez-malaga\\\/ciclismo\\\/tiendas-de-bicicletas\\\/#breadcrumb\"},\"inLanguage\":\"es-ES\",\"potentialAction\":[{\"@type\":\"ReadAction\",\"target\":[\"https:\\\/\\\/mivelezmalaga.com\\\/es\\\/que-hacer-en-velez-malaga\\\/ciclismo\\\/tiendas-de-bicicletas\\\/\"]}]},{\"@type\":\"ImageObject\",\"inLanguage\":\"es-ES\",\"@id\":\"https:\\\/\\\/mivelezmalaga.com\\\/es\\\/que-hacer-en-velez-malaga\\\/ciclismo\\\/tiendas-de-bicicletas\\\/#primaryimage\",\"url\":\"https:\\\/\\\/mivelezmalaga.com\\\/wp-content\\\/uploads\\\/2018\\\/06\\\/White-villages-thumbnail.jpg\",\"contentUrl\":\"https:\\\/\\\/mivelezmalaga.com\\\/wp-content\\\/uploads\\\/2018\\\/06\\\/White-villages-thumbnail.jpg\",\"width\":399,\"height\":251},{\"@type\":\"BreadcrumbList\",\"@id\":\"https:\\\/\\\/mivelezmalaga.com\\\/es\\\/que-hacer-en-velez-malaga\\\/ciclismo\\\/tiendas-de-bicicletas\\\/#breadcrumb\",\"itemListElement\":[{\"@type\":\"ListItem\",\"position\":1,\"name\":\"Home\",\"item\":\"https:\\\/\\\/mivelezmalaga.com\\\/es\\\/\"},{\"@type\":\"ListItem\",\"position\":2,\"name\":\"Que hacer en V\u00e9lez-M\u00e1laga\",\"item\":\"https:\\\/\\\/mivelezmalaga.com\\\/es\\\/que-hacer-en-velez-malaga\\\/\"},{\"@type\":\"ListItem\",\"position\":3,\"name\":\"Ciclismo\",\"item\":\"https:\\\/\\\/mivelezmalaga.com\\\/es\\\/que-hacer-en-velez-malaga\\\/ciclismo\\\/\"},{\"@type\":\"ListItem\",\"position\":4,\"name\":\"Tiendas de bicicletas\"}]},{\"@type\":\"WebSite\",\"@id\":\"https:\\\/\\\/mivelezmalaga.com\\\/es\\\/#website\",\"url\":\"https:\\\/\\\/mivelezmalaga.com\\\/es\\\/\",\"name\":\"Mi Velez-Malaga\",\"description\":\"Welcome to V\u00e9lez\",\"potentialAction\":[{\"@type\":\"SearchAction\",\"target\":{\"@type\":\"EntryPoint\",\"urlTemplate\":\"https:\\\/\\\/mivelezmalaga.com\\\/es\\\/?s={search_term_string}\"},\"query-input\":{\"@type\":\"PropertyValueSpecification\",\"valueRequired\":true,\"valueName\":\"search_term_string\"}}],\"inLanguage\":\"es-ES\"}]}<\/script>\n<!-- \/ Yoast SEO plugin. -->","yoast_head_json":{"title":"Tiendas de bicicletas","robots":{"index":"index","follow":"follow","max-snippet":"max-snippet:-1","max-image-preview":"max-image-preview:large","max-video-preview":"max-video-preview:-1"},"canonical":"https:\/\/mivelezmalaga.com\/es\/que-hacer-en-velez-malaga\/ciclismo\/tiendas-de-bicicletas\/","og_locale":"es_ES","og_type":"article","og_title":"Tiendas de bicicletas","og_description":"Saber que tiene soporte, ya sea para reparaciones, kit de reemplazo o incluso un veh\u00edculo de soporte, es algo de lo que no debe preocuparse en un descanso en bicicleta en la Axarqu\u00eda. Los hoteles, B &amp; B y alquileres de vacaciones son muy amigables para las bicicletas y hay varias tiendas a las que [&hellip;]","og_url":"https:\/\/mivelezmalaga.com\/es\/que-hacer-en-velez-malaga\/ciclismo\/tiendas-de-bicicletas\/","og_site_name":"Mi Velez-Malaga","article_publisher":"https:\/\/www.facebook.com\/mivelezmalaga\/","article_modified_time":"2024-01-16T09:21:25+00:00","og_image":[{"width":399,"height":251,"url":"https:\/\/mivelezmalaga.com\/wp-content\/uploads\/2018\/06\/White-villages-thumbnail.jpg","type":"image\/jpeg"}],"twitter_card":"summary_large_image","twitter_site":"@MiVelezMalaga","twitter_misc":{"Est. reading time":"2 minutes"},"schema":{"@context":"https:\/\/schema.org","@graph":[{"@type":"WebPage","@id":"https:\/\/mivelezmalaga.com\/es\/que-hacer-en-velez-malaga\/ciclismo\/tiendas-de-bicicletas\/","url":"https:\/\/mivelezmalaga.com\/es\/que-hacer-en-velez-malaga\/ciclismo\/tiendas-de-bicicletas\/","name":"Tiendas de bicicletas","isPartOf":{"@id":"https:\/\/mivelezmalaga.com\/es\/#website"},"primaryImageOfPage":{"@id":"https:\/\/mivelezmalaga.com\/es\/que-hacer-en-velez-malaga\/ciclismo\/tiendas-de-bicicletas\/#primaryimage"},"image":{"@id":"https:\/\/mivelezmalaga.com\/es\/que-hacer-en-velez-malaga\/ciclismo\/tiendas-de-bicicletas\/#primaryimage"},"thumbnailUrl":"https:\/\/mivelezmalaga.com\/wp-content\/uploads\/2018\/06\/White-villages-thumbnail.jpg","datePublished":"2019-10-29T12:32:04+00:00","dateModified":"2024-01-16T09:21:25+00:00","breadcrumb":{"@id":"https:\/\/mivelezmalaga.com\/es\/que-hacer-en-velez-malaga\/ciclismo\/tiendas-de-bicicletas\/#breadcrumb"},"inLanguage":"es-ES","potentialAction":[{"@type":"ReadAction","target":["https:\/\/mivelezmalaga.com\/es\/que-hacer-en-velez-malaga\/ciclismo\/tiendas-de-bicicletas\/"]}]},{"@type":"ImageObject","inLanguage":"es-ES","@id":"https:\/\/mivelezmalaga.com\/es\/que-hacer-en-velez-malaga\/ciclismo\/tiendas-de-bicicletas\/#primaryimage","url":"https:\/\/mivelezmalaga.com\/wp-content\/uploads\/2018\/06\/White-villages-thumbnail.jpg","contentUrl":"https:\/\/mivelezmalaga.com\/wp-content\/uploads\/2018\/06\/White-villages-thumbnail.jpg","width":399,"height":251},{"@type":"BreadcrumbList","@id":"https:\/\/mivelezmalaga.com\/es\/que-hacer-en-velez-malaga\/ciclismo\/tiendas-de-bicicletas\/#breadcrumb","itemListElement":[{"@type":"ListItem","position":1,"name":"Home","item":"https:\/\/mivelezmalaga.com\/es\/"},{"@type":"ListItem","position":2,"name":"Que hacer en V\u00e9lez-M\u00e1laga","item":"https:\/\/mivelezmalaga.com\/es\/que-hacer-en-velez-malaga\/"},{"@type":"ListItem","position":3,"name":"Ciclismo","item":"https:\/\/mivelezmalaga.com\/es\/que-hacer-en-velez-malaga\/ciclismo\/"},{"@type":"ListItem","position":4,"name":"Tiendas de bicicletas"}]},{"@type":"WebSite","@id":"https:\/\/mivelezmalaga.com\/es\/#website","url":"https:\/\/mivelezmalaga.com\/es\/","name":"Mi Velez-Malaga","description":"Welcome to V\u00e9lez","potentialAction":[{"@type":"SearchAction","target":{"@type":"EntryPoint","urlTemplate":"https:\/\/mivelezmalaga.com\/es\/?s={search_term_string}"},"query-input":{"@type":"PropertyValueSpecification","valueRequired":true,"valueName":"search_term_string"}}],"inLanguage":"es-ES"}]}},"_links":{"self":[{"href":"https:\/\/mivelezmalaga.com\/es\/wp-json\/wp\/v2\/pages\/6128","targetHints":{"allow":["GET"]}}],"collection":[{"href":"https:\/\/mivelezmalaga.com\/es\/wp-json\/wp\/v2\/pages"}],"about":[{"href":"https:\/\/mivelezmalaga.com\/es\/wp-json\/wp\/v2\/types\/page"}],"author":[{"embeddable":true,"href":"https:\/\/mivelezmalaga.com\/es\/wp-json\/wp\/v2\/users\/1"}],"replies":[{"embeddable":true,"href":"https:\/\/mivelezmalaga.com\/es\/wp-json\/wp\/v2\/comments?post=6128"}],"version-history":[{"count":2,"href":"https:\/\/mivelezmalaga.com\/es\/wp-json\/wp\/v2\/pages\/6128\/revisions"}],"predecessor-version":[{"id":8419,"href":"https:\/\/mivelezmalaga.com\/es\/wp-json\/wp\/v2\/pages\/6128\/revisions\/8419"}],"up":[{"embeddable":true,"href":"https:\/\/mivelezmalaga.com\/es\/wp-json\/wp\/v2\/pages\/6115"}],"wp:featuredmedia":[{"embeddable":true,"href":"https:\/\/mivelezmalaga.com\/es\/wp-json\/wp\/v2\/media\/4911"}],"wp:attachment":[{"href":"https:\/\/mivelezmalaga.com\/es\/wp-json\/wp\/v2\/media?parent=6128"}],"curies":[{"name":"wp","href":"https:\/\/api.w.org\/{rel}","templated":true}]}}