{"id":6133,"date":"2019-10-29T13:52:48","date_gmt":"2019-10-29T12:52:48","guid":{"rendered":"https:\/\/mivelezmalaga.com\/?page_id=6133"},"modified":"2024-01-16T10:17:54","modified_gmt":"2024-01-16T09:17:54","slug":"parque-acuatico-aquavelis","status":"publish","type":"page","link":"https:\/\/mivelezmalaga.com\/es\/que-hacer-en-velez-malaga\/alrededores-velez\/parque-acuatico-aquavelis\/","title":{"rendered":"Parque Acu\u00e1tico AquaVelis"},"content":{"rendered":"\n<p>Los parques acu\u00e1ticos en Espa\u00f1a son tan populares como las playas en los meses de verano, y no es ning\u00fan misterio por qu\u00e9. Ya sea chapoteando en la variedad de toboganes o refrescarse en el bar con una bebida, AquaVelis es el lugar ideal para pasar horas de diversi\u00f3n bajo el sol.<\/p>\n\n\n\n<p>En el camino hacia Torre del Mar, AquaVelis se asienta contra un tel\u00f3n de fondo de monta\u00f1as con toboganes y piscinas de colores brillantes que lo invitan a entrar y refrescarse. Todo lo que puede esperar de un parque acu\u00e1tico en el sur de Espa\u00f1a, AquaVelis tiene siete tipos diferentes de toboganes, incluidos todos sus favoritos.<\/p>\n\n\n\n<h3 class=\"wp-block-heading\">Deslizar, Deslizar, Deslizar!<\/h3>\n\n\n\n<p>Ac\u00e9rquese abordando un deslizamiento serpenteante de velocidad media con un compa\u00f1ero en un anillo de goma doble. Una vez que hayas hecho tu primer chapoteo, acelera las cosas. Dir\u00edgete a uno de los dos corredores de cuatro carriles y mira qui\u00e9n puede llegar al fondo primero.<\/p>\n\n\n\n<p>\u00bfTe sientes valiente? \u00a1Luego, ponte boca abajo sobre una de las colchonetas de trineo! \u00a1Para tu descarga final de adrenalina, dir\u00edgete a los corredores rojos en el extremo izquierdo para un tobog\u00e1n de velocidad completa que comienza a 80 metros sobre el suelo!<\/p>\n\n\n\n<p>Una vez que hayas conquistado todas las diapositivas, tal vez sea hora de reponer tu energ\u00eda. American Corner sirve comida estadounidense y lo mantendr\u00e1 de pie y con ganas de ir en poco tiempo.<\/p>\n\n\n\n<figure class=\"wp-block-image\"><img decoding=\"async\" width=\"1024\" height=\"537\" data-src=\"https:\/\/mivelezmalaga.com\/wp-content\/uploads\/2017\/02\/aquavelis-kids-twist-slide-mountain-1024x537.jpg\" alt=\"Aquavelis twist slide velez malaga\" class=\"wp-image-1086 lazyload\" data-srcset=\"https:\/\/mivelezmalaga.com\/wp-content\/uploads\/2017\/02\/aquavelis-kids-twist-slide-mountain-1024x537.jpg 1024w, https:\/\/mivelezmalaga.com\/wp-content\/uploads\/2017\/02\/aquavelis-kids-twist-slide-mountain-300x157.jpg 300w, https:\/\/mivelezmalaga.com\/wp-content\/uploads\/2017\/02\/aquavelis-kids-twist-slide-mountain.jpg 1500w\" data-sizes=\"(max-width: 1024px) 100vw, 1024px\" src=\"data:image\/svg+xml;base64,PHN2ZyB3aWR0aD0iMSIgaGVpZ2h0PSIxIiB4bWxucz0iaHR0cDovL3d3dy53My5vcmcvMjAwMC9zdmciPjwvc3ZnPg==\" style=\"--smush-placeholder-width: 1024px; --smush-placeholder-aspect-ratio: 1024\/537;\" \/><\/figure>\n\n\n\n<h3 class=\"wp-block-heading\">Rel\u00e1jate en los bares junto a la piscina<\/h3>\n\n\n\n<p>\u00bfSientes que has tenido suficientes toboganes y que tal vez te has ganado un poco de relax? Dir\u00edgete al restaurante Oasis y rel\u00e1jate para tomar c\u00f3cteles y tumbonas y mientras pasas el resto de la tarde, o simplemente elige un lugar entre las muchas sombrillas en la hierba y prepara un buen libro.<\/p>\n\n\n\n<h3 class=\"wp-block-heading\">Mucha diversi\u00f3n para ni\u00f1os peque\u00f1os<\/h3>\n\n\n\n<p>Si tiene ni\u00f1os m\u00e1s peque\u00f1os que tal vez no est\u00e9n entusiasmados, o m\u00e1s probablemente no sean lo suficientemente altos como para montar en los toboganes m\u00e1s grandes, entonces AquaVelis tiene mucho m\u00e1s que ofrecer. La m\u00e1quina de olas crea una aventura llena de diversi\u00f3n cada 30 minutos, \u00a1as\u00ed que aseg\u00farese de estar atento al reloj! Para los ni\u00f1os m\u00e1s peque\u00f1os hay dos \u00e1reas que los har\u00e1n re\u00edr y jugar todo el d\u00eda. Ambas \u00e1reas tienen toboganes m\u00e1s peque\u00f1os y \u00e1reas de juego que son perfectamente seguras para ni\u00f1os de hasta dos a\u00f1os.<\/p>\n\n\n\n<p>Si usted y sus hijos disfrutan de un poco de adrenalina, o simplemente les encanta estar en el agua, les recomendamos un d\u00eda en AquaVelis.<\/p>\n\n\n\n<h3 class=\"wp-block-heading\">Horario<\/h3>\n\n\n\n<p>AquaVelis del 15 de junio hasta el 09 de septiembre, todos los d\u00edas.<\/p>\n\n\n\n<p>Junio\/Septiembre: 11:00 \u2013 18:00<\/p>\n\n\n\n<p>Julio\/Agosto: 11:00 \u2013 19:00<\/p>\n\n\n\n<h3 class=\"wp-block-heading\">Precios<\/h3>\n\n\n\n<p>Normal (over 1.4m): \u20ac23.50<\/p>\n\n\n\n<p>Junior (1.15m \u2013 1.4m): \u20ac17.50<\/p>\n\n\n\n<p>Mini (0.95m \u2013 1.15m): \u20ac10.50<\/p>\n\n\n\n<p>Senior (over 65 years old): \u20ac17.50<\/p>\n\n\n\n<h3 class=\"wp-block-heading\">Localizaci\u00f3n<\/h3>\n\n\n\n<p>Direcci\u00f3n: Urbanizaci\u00f3n El Tomillar, Calle Ruta del Pomelo, Torre Del Mar, Malaga. Tel: 952 54 27 58. <a href=\"http:\/\/www.aquavelis.es\/en\/\" target=\"_blank\" rel=\"noopener noreferrer\">Aquavelis.es<\/a>.<\/p>\n","protected":false},"excerpt":{"rendered":"<p>Los parques acu\u00e1ticos en Espa\u00f1a son tan populares como las playas en los meses de verano, y no es ning\u00fan misterio por qu\u00e9. Ya sea chapoteando en la variedad de toboganes o refrescarse en el bar con una bebida, AquaVelis es el lugar ideal para pasar horas de diversi\u00f3n bajo el sol. En el camino [&hellip;]<\/p>\n","protected":false},"author":1,"featured_media":4409,"parent":6094,"menu_order":0,"comment_status":"closed","ping_status":"closed","template":"page-child.php","meta":{"_acf_changed":false,"footnotes":""},"class_list":["post-6133","page","type-page","status-publish","has-post-thumbnail","hentry"],"acf":[],"yoast_head":"<!-- This site is optimized with the Yoast SEO plugin v27.3 - https:\/\/yoast.com\/product\/yoast-seo-wordpress\/ -->\n<title>Parque Acu\u00e1tico AquaVelis<\/title>\n<meta name=\"robots\" content=\"index, follow, max-snippet:-1, max-image-preview:large, max-video-preview:-1\" \/>\n<link rel=\"canonical\" href=\"https:\/\/mivelezmalaga.com\/es\/que-hacer-en-velez-malaga\/alrededores-velez\/parque-acuatico-aquavelis\/\" \/>\n<meta property=\"og:locale\" content=\"es_ES\" \/>\n<meta property=\"og:type\" content=\"article\" \/>\n<meta property=\"og:title\" content=\"Parque Acu\u00e1tico AquaVelis\" \/>\n<meta property=\"og:description\" content=\"Los parques acu\u00e1ticos en Espa\u00f1a son tan populares como las playas en los meses de verano, y no es ning\u00fan misterio por qu\u00e9. Ya sea chapoteando en la variedad de toboganes o refrescarse en el bar con una bebida, AquaVelis es el lugar ideal para pasar horas de diversi\u00f3n bajo el sol. En el camino [&hellip;]\" \/>\n<meta property=\"og:url\" content=\"https:\/\/mivelezmalaga.com\/es\/que-hacer-en-velez-malaga\/alrededores-velez\/parque-acuatico-aquavelis\/\" \/>\n<meta property=\"og:site_name\" content=\"Mi Velez-Malaga\" \/>\n<meta property=\"article:publisher\" content=\"https:\/\/www.facebook.com\/mivelezmalaga\/\" \/>\n<meta property=\"article:modified_time\" content=\"2024-01-16T09:17:54+00:00\" \/>\n<meta property=\"og:image\" content=\"https:\/\/mivelezmalaga.com\/wp-content\/uploads\/2017\/02\/aquavelis-kids-twist-slide-mountain.jpg\" \/>\n\t<meta property=\"og:image:width\" content=\"1500\" \/>\n\t<meta property=\"og:image:height\" content=\"787\" \/>\n\t<meta property=\"og:image:type\" content=\"image\/jpeg\" \/>\n<meta name=\"twitter:card\" content=\"summary_large_image\" \/>\n<meta name=\"twitter:site\" content=\"@MiVelezMalaga\" \/>\n<meta name=\"twitter:label1\" content=\"Est. reading time\" \/>\n\t<meta name=\"twitter:data1\" content=\"3 minutes\" \/>\n<script type=\"application\/ld+json\" class=\"yoast-schema-graph\">{\"@context\":\"https:\\\/\\\/schema.org\",\"@graph\":[{\"@type\":\"WebPage\",\"@id\":\"https:\\\/\\\/mivelezmalaga.com\\\/es\\\/que-hacer-en-velez-malaga\\\/alrededores-velez\\\/parque-acuatico-aquavelis\\\/\",\"url\":\"https:\\\/\\\/mivelezmalaga.com\\\/es\\\/que-hacer-en-velez-malaga\\\/alrededores-velez\\\/parque-acuatico-aquavelis\\\/\",\"name\":\"Parque Acu\u00e1tico AquaVelis\",\"isPartOf\":{\"@id\":\"https:\\\/\\\/mivelezmalaga.com\\\/es\\\/#website\"},\"primaryImageOfPage\":{\"@id\":\"https:\\\/\\\/mivelezmalaga.com\\\/es\\\/que-hacer-en-velez-malaga\\\/alrededores-velez\\\/parque-acuatico-aquavelis\\\/#primaryimage\"},\"image\":{\"@id\":\"https:\\\/\\\/mivelezmalaga.com\\\/es\\\/que-hacer-en-velez-malaga\\\/alrededores-velez\\\/parque-acuatico-aquavelis\\\/#primaryimage\"},\"thumbnailUrl\":\"https:\\\/\\\/mivelezmalaga.com\\\/wp-content\\\/uploads\\\/2017\\\/02\\\/aquavelis-kids-twist-slide-mountain.jpg\",\"datePublished\":\"2019-10-29T12:52:48+00:00\",\"dateModified\":\"2024-01-16T09:17:54+00:00\",\"breadcrumb\":{\"@id\":\"https:\\\/\\\/mivelezmalaga.com\\\/es\\\/que-hacer-en-velez-malaga\\\/alrededores-velez\\\/parque-acuatico-aquavelis\\\/#breadcrumb\"},\"inLanguage\":\"es-ES\",\"potentialAction\":[{\"@type\":\"ReadAction\",\"target\":[\"https:\\\/\\\/mivelezmalaga.com\\\/es\\\/que-hacer-en-velez-malaga\\\/alrededores-velez\\\/parque-acuatico-aquavelis\\\/\"]}]},{\"@type\":\"ImageObject\",\"inLanguage\":\"es-ES\",\"@id\":\"https:\\\/\\\/mivelezmalaga.com\\\/es\\\/que-hacer-en-velez-malaga\\\/alrededores-velez\\\/parque-acuatico-aquavelis\\\/#primaryimage\",\"url\":\"https:\\\/\\\/mivelezmalaga.com\\\/wp-content\\\/uploads\\\/2017\\\/02\\\/aquavelis-kids-twist-slide-mountain.jpg\",\"contentUrl\":\"https:\\\/\\\/mivelezmalaga.com\\\/wp-content\\\/uploads\\\/2017\\\/02\\\/aquavelis-kids-twist-slide-mountain.jpg\",\"width\":1500,\"height\":787},{\"@type\":\"BreadcrumbList\",\"@id\":\"https:\\\/\\\/mivelezmalaga.com\\\/es\\\/que-hacer-en-velez-malaga\\\/alrededores-velez\\\/parque-acuatico-aquavelis\\\/#breadcrumb\",\"itemListElement\":[{\"@type\":\"ListItem\",\"position\":1,\"name\":\"Home\",\"item\":\"https:\\\/\\\/mivelezmalaga.com\\\/es\\\/\"},{\"@type\":\"ListItem\",\"position\":2,\"name\":\"Que hacer en V\u00e9lez-M\u00e1laga\",\"item\":\"https:\\\/\\\/mivelezmalaga.com\\\/es\\\/que-hacer-en-velez-malaga\\\/\"},{\"@type\":\"ListItem\",\"position\":3,\"name\":\"Alrededores de V\u00e9lez-M\u00e1laga\",\"item\":\"https:\\\/\\\/mivelezmalaga.com\\\/es\\\/que-hacer-en-velez-malaga\\\/alrededores-velez\\\/\"},{\"@type\":\"ListItem\",\"position\":4,\"name\":\"Parque Acu\u00e1tico AquaVelis\"}]},{\"@type\":\"WebSite\",\"@id\":\"https:\\\/\\\/mivelezmalaga.com\\\/es\\\/#website\",\"url\":\"https:\\\/\\\/mivelezmalaga.com\\\/es\\\/\",\"name\":\"Mi Velez-Malaga\",\"description\":\"Welcome to V\u00e9lez\",\"potentialAction\":[{\"@type\":\"SearchAction\",\"target\":{\"@type\":\"EntryPoint\",\"urlTemplate\":\"https:\\\/\\\/mivelezmalaga.com\\\/es\\\/?s={search_term_string}\"},\"query-input\":{\"@type\":\"PropertyValueSpecification\",\"valueRequired\":true,\"valueName\":\"search_term_string\"}}],\"inLanguage\":\"es-ES\"}]}<\/script>\n<!-- \/ Yoast SEO plugin. -->","yoast_head_json":{"title":"Parque Acu\u00e1tico AquaVelis","robots":{"index":"index","follow":"follow","max-snippet":"max-snippet:-1","max-image-preview":"max-image-preview:large","max-video-preview":"max-video-preview:-1"},"canonical":"https:\/\/mivelezmalaga.com\/es\/que-hacer-en-velez-malaga\/alrededores-velez\/parque-acuatico-aquavelis\/","og_locale":"es_ES","og_type":"article","og_title":"Parque Acu\u00e1tico AquaVelis","og_description":"Los parques acu\u00e1ticos en Espa\u00f1a son tan populares como las playas en los meses de verano, y no es ning\u00fan misterio por qu\u00e9. Ya sea chapoteando en la variedad de toboganes o refrescarse en el bar con una bebida, AquaVelis es el lugar ideal para pasar horas de diversi\u00f3n bajo el sol. En el camino [&hellip;]","og_url":"https:\/\/mivelezmalaga.com\/es\/que-hacer-en-velez-malaga\/alrededores-velez\/parque-acuatico-aquavelis\/","og_site_name":"Mi Velez-Malaga","article_publisher":"https:\/\/www.facebook.com\/mivelezmalaga\/","article_modified_time":"2024-01-16T09:17:54+00:00","og_image":[{"width":1500,"height":787,"url":"https:\/\/mivelezmalaga.com\/wp-content\/uploads\/2017\/02\/aquavelis-kids-twist-slide-mountain.jpg","type":"image\/jpeg"}],"twitter_card":"summary_large_image","twitter_site":"@MiVelezMalaga","twitter_misc":{"Est. reading time":"3 minutes"},"schema":{"@context":"https:\/\/schema.org","@graph":[{"@type":"WebPage","@id":"https:\/\/mivelezmalaga.com\/es\/que-hacer-en-velez-malaga\/alrededores-velez\/parque-acuatico-aquavelis\/","url":"https:\/\/mivelezmalaga.com\/es\/que-hacer-en-velez-malaga\/alrededores-velez\/parque-acuatico-aquavelis\/","name":"Parque Acu\u00e1tico AquaVelis","isPartOf":{"@id":"https:\/\/mivelezmalaga.com\/es\/#website"},"primaryImageOfPage":{"@id":"https:\/\/mivelezmalaga.com\/es\/que-hacer-en-velez-malaga\/alrededores-velez\/parque-acuatico-aquavelis\/#primaryimage"},"image":{"@id":"https:\/\/mivelezmalaga.com\/es\/que-hacer-en-velez-malaga\/alrededores-velez\/parque-acuatico-aquavelis\/#primaryimage"},"thumbnailUrl":"https:\/\/mivelezmalaga.com\/wp-content\/uploads\/2017\/02\/aquavelis-kids-twist-slide-mountain.jpg","datePublished":"2019-10-29T12:52:48+00:00","dateModified":"2024-01-16T09:17:54+00:00","breadcrumb":{"@id":"https:\/\/mivelezmalaga.com\/es\/que-hacer-en-velez-malaga\/alrededores-velez\/parque-acuatico-aquavelis\/#breadcrumb"},"inLanguage":"es-ES","potentialAction":[{"@type":"ReadAction","target":["https:\/\/mivelezmalaga.com\/es\/que-hacer-en-velez-malaga\/alrededores-velez\/parque-acuatico-aquavelis\/"]}]},{"@type":"ImageObject","inLanguage":"es-ES","@id":"https:\/\/mivelezmalaga.com\/es\/que-hacer-en-velez-malaga\/alrededores-velez\/parque-acuatico-aquavelis\/#primaryimage","url":"https:\/\/mivelezmalaga.com\/wp-content\/uploads\/2017\/02\/aquavelis-kids-twist-slide-mountain.jpg","contentUrl":"https:\/\/mivelezmalaga.com\/wp-content\/uploads\/2017\/02\/aquavelis-kids-twist-slide-mountain.jpg","width":1500,"height":787},{"@type":"BreadcrumbList","@id":"https:\/\/mivelezmalaga.com\/es\/que-hacer-en-velez-malaga\/alrededores-velez\/parque-acuatico-aquavelis\/#breadcrumb","itemListElement":[{"@type":"ListItem","position":1,"name":"Home","item":"https:\/\/mivelezmalaga.com\/es\/"},{"@type":"ListItem","position":2,"name":"Que hacer en V\u00e9lez-M\u00e1laga","item":"https:\/\/mivelezmalaga.com\/es\/que-hacer-en-velez-malaga\/"},{"@type":"ListItem","position":3,"name":"Alrededores de V\u00e9lez-M\u00e1laga","item":"https:\/\/mivelezmalaga.com\/es\/que-hacer-en-velez-malaga\/alrededores-velez\/"},{"@type":"ListItem","position":4,"name":"Parque Acu\u00e1tico AquaVelis"}]},{"@type":"WebSite","@id":"https:\/\/mivelezmalaga.com\/es\/#website","url":"https:\/\/mivelezmalaga.com\/es\/","name":"Mi Velez-Malaga","description":"Welcome to V\u00e9lez","potentialAction":[{"@type":"SearchAction","target":{"@type":"EntryPoint","urlTemplate":"https:\/\/mivelezmalaga.com\/es\/?s={search_term_string}"},"query-input":{"@type":"PropertyValueSpecification","valueRequired":true,"valueName":"search_term_string"}}],"inLanguage":"es-ES"}]}},"_links":{"self":[{"href":"https:\/\/mivelezmalaga.com\/es\/wp-json\/wp\/v2\/pages\/6133","targetHints":{"allow":["GET"]}}],"collection":[{"href":"https:\/\/mivelezmalaga.com\/es\/wp-json\/wp\/v2\/pages"}],"about":[{"href":"https:\/\/mivelezmalaga.com\/es\/wp-json\/wp\/v2\/types\/page"}],"author":[{"embeddable":true,"href":"https:\/\/mivelezmalaga.com\/es\/wp-json\/wp\/v2\/users\/1"}],"replies":[{"embeddable":true,"href":"https:\/\/mivelezmalaga.com\/es\/wp-json\/wp\/v2\/comments?post=6133"}],"version-history":[{"count":2,"href":"https:\/\/mivelezmalaga.com\/es\/wp-json\/wp\/v2\/pages\/6133\/revisions"}],"predecessor-version":[{"id":8406,"href":"https:\/\/mivelezmalaga.com\/es\/wp-json\/wp\/v2\/pages\/6133\/revisions\/8406"}],"up":[{"embeddable":true,"href":"https:\/\/mivelezmalaga.com\/es\/wp-json\/wp\/v2\/pages\/6094"}],"wp:featuredmedia":[{"embeddable":true,"href":"https:\/\/mivelezmalaga.com\/es\/wp-json\/wp\/v2\/media\/4409"}],"wp:attachment":[{"href":"https:\/\/mivelezmalaga.com\/es\/wp-json\/wp\/v2\/media?parent=6133"}],"curies":[{"name":"wp","href":"https:\/\/api.w.org\/{rel}","templated":true}]}}