{"id":6143,"date":"2019-10-29T14:13:59","date_gmt":"2019-10-29T13:13:59","guid":{"rendered":"https:\/\/mivelezmalaga.com\/?page_id=6143"},"modified":"2024-01-16T10:18:59","modified_gmt":"2024-01-16T09:18:59","slug":"torre-del-mar","status":"publish","type":"page","link":"https:\/\/mivelezmalaga.com\/es\/que-hacer-en-velez-malaga\/alrededores-velez\/torre-del-mar\/","title":{"rendered":"Torre del Mar"},"content":{"rendered":"\n<p class=\"has-text-align-left\">El pueblo costero vecino de V\u00e9lez-M\u00e1laga, Torre del Mar, tiene la segunda poblaci\u00f3n m\u00e1s grande dentro de la Axarqu\u00eda. El n\u00famero de habitantes de invierno (25,000) se cuadruplica en los meses de verano, ya que los turistas espa\u00f1oles acuden en masa a sus largas playas de arena para tomar el sol. El turismo ha sido el principal ingreso para la ciudad desde la d\u00e9cada de 1960.<\/p>\n\n\n\n<h2 class=\"wp-block-heading\">Qu\u00e9 esperar de Torre del Mar<\/h2>\n\n\n\n<p>Torre del Mar tiene una sensaci\u00f3n bastante diferente en comparaci\u00f3n con V\u00e9lez: aparte de su entorno costero, se compone de edificios en gran parte modernos. Es t\u00edpico de muchas ciudades costeras (costeras) en esta \u00e1rea, con bloques de apartamentos de mediana altura para atender a turistas y residentes. La playa de Torre del Mar es la m\u00e1s cercana a V\u00e9lez-M\u00e1laga y es f\u00e1cilmente accesible con mucho estacionamiento y autobuses regulares desde y hacia la ciudad.<\/p>\n\n\n\n<p>A pesar de no tener las atracciones hist\u00f3ricas y culturales de V\u00e9lez, Torre del Mar es una ciudad muy agradable y pr\u00e1ctica, ideal para familias. Hay una zona frente al mar muy bien cuidada que es una buena manera de pasar una tarde al sol y al mar con todo lo que necesita a mano. Su largo paseo mar\u00edtimo, el Paseo Mar\u00edtimo, corre a lo largo de la playa con un gran ciclo y un carril intercalado con parques infantiles y fuentes. Durante los meses de verano hay muchas actividades en la playa para ni\u00f1os, desde cuentos hasta juegos suaves y clases de baile.<\/p>\n\n\n\n<p>Puede alquilar las pistas de p\u00e1del, f\u00fatbol y baloncesto que est\u00e1n llenas de actividad a medida que se pone el sol. En la playa en s\u00ed hay canchas de voleibol, tumbonas y todas las instalaciones para cambiarse y ducharse antes y despu\u00e9s de nadar o tomar el sol.<\/p>\n\n\n\n<p>Salpicado a lo largo de la playa, los viejos barcos de pesca se han convertido ingeniosamente en barbacoas donde se cocina pescado fresco. Estos restaurantes de playa son conocidos como chiringuitos. Las sardinas, mariscos y otras carnes se ensartan y se asan a la parrilla contra las brasas. Es el almuerzo perfecto para devorar mientras tomas un respiro del sol andaluz que cae en la playa.<\/p>\n\n\n\n<h3 class=\"wp-block-heading\">Fiestas &amp; Ferias de Torre del Mar<\/h3>\n\n\n\n<p>Dos eventos populares tienen lugar en julio, comenzando con el festival de m\u00fasica <strong>Weekend Beach<\/strong> (Weekendbeach.es) y terminando con la <strong>Feria de Torre del Mar<\/strong> que tiene lugar a fines de julio. El festival Weekend Beach se extiende por 4 d\u00edas con m\u00e1s de 33,000 personas asistiendo para escuchar los mejores actos de Espa\u00f1a. La feria de Santiago y Santa Ana en Torre del Mar se lleva a cabo durante 5 d\u00edas con la procesi\u00f3n de la Virgen del Carmen, bailes folcl\u00f3ricos tradicionales, actuaciones y concursos.<\/p>\n\n\n\n<p>Durante el verano (de mayo a octubre), los clubes de playa de Torre del Mar abren para relajarse d\u00edas en camas de d\u00eda y largas noches hedonistas. Los tres notables son Caf\u00e9 del Mar, Bah\u00eda de Tanit y Berebere.<\/p>\n\n\n\n<h2 class=\"wp-block-heading\"><strong>D\u00f3nde comer?<\/strong><\/h2>\n\n\n\n<p>Hay muchos restaurantes en Torre del Mar (aun estamos actualizando el listado), aqu\u00ed hay algunos que visitamos y disfrutamos &#8230;<\/p>\n\n\n\n<h3 class=\"wp-block-heading\">Jordi Tapas<\/h3>\n\n\n\n<p>Jordi est\u00e1 apartado de la playa, lejos de los bares frente a la playa. Es un tesoro escondido de Torre del Mar que sirve deliciosas tapas, raciones y un extenso men\u00fa cambiante de especialidades. Puedes elegir sentarte en el bar, sentarte afuera o en el comedor contiguo. Tenga en cuenta que es muy popular y es esencial reservar con anticipaci\u00f3n.<\/p>\n\n\n\n<p>Direcci\u00f3n: 10 Calle Azucarera. Tel: 952 54 08 11. Open: Mon-Sat 12:00 \u2013 00:00. <a href=\"https:\/\/www.facebook.com\/jordimesontapas\" target=\"_blank\" rel=\"noopener noreferrer\">Jordi Tapas Facebook Page<\/a>.<\/p>\n\n\n\n<h3 class=\"wp-block-heading\">Las Tablas<\/h3>\n\n\n\n<p>Este maravilloso restaurante est\u00e1 justo al lado del paseo principal de Paseo de Larios y tiene un ambiente local bullicioso. Hay una larga barra de m\u00e1rmol con taburetes para sentarse y mesas dentro y fuera. Si toma asiento en el bar, espere obtener una tapa gratis con cada bebida; incluso existe la posibilidad de elegir entre un men\u00fa cambiante en la barra. El men\u00fa est\u00e1 lleno de especialidades locales que incluyen mariscos reci\u00e9n asados, presa ib\u00e9rica (suculento cerdo ib\u00e9rico a la parrilla) y morcilla.<\/p>\n\n\n\n<p>Direcci\u00f3n: 3 Calle Levante. Tel: 952 54 12 17. Open: Tue-Sun 12:30 \u2013 16:00 and 20:00 \u2013 00:00. <a href=\"http:\/\/www.lastablasrestaurante.es\/\" target=\"_blank\" rel=\"noopener noreferrer\">Lastablasrestaurante.es<\/a>.<\/p>\n\n\n\n<h3 class=\"wp-block-heading\">Marisqueria El Yate<\/h3>\n\n\n\n<p>Como su nombre lo indica, es una barra de mariscos (yate que significa &#8216;yate&#8217; en espa\u00f1ol), los platos son simples con pescados o mariscos, servidos con ensalada, papas fritas y regados con un vaso o dos de cerveza fr\u00eda. Tiene un mont\u00f3n de encanto espa\u00f1ol, completo con precios bajos, comida sencilla y ambiente.<\/p>\n\n\n\n<p>Direcci\u00f3n: 32 Calle Saladero Viejo. Tel: 952 54 07 74. Open: Thur-Tue 12:00 \u2013 17:00 and 19:30 \u2013 00:30. <a href=\"http:\/\/www.marisqueriaelyate.es\/sobrenosotros.html\">Marisqueriaelyate.es<\/a>.<\/p>\n\n\n\n<h3 class=\"wp-block-heading\">Taberna T\u00edpica El Pozo<\/h3>\n\n\n\n<p>Las cortinas y manteles de lunares rojos y blancos le dan la bienvenida a este peque\u00f1o restaurante junto al paseo mar\u00edtimo. Es un acogedor comedor con asientos tambi\u00e9n afuera. La comida es resistente y bien cocinada, hay deliciosas ensaladas, guisos de cola de toro y otros platos t\u00edpicamente andaluces en el men\u00fa.<\/p>\n\n\n\n<p>Direcci\u00f3n: Paseo Mar\u00edtimo de Pte, 27, 29740 Tel: 951 08 45 95<\/p>\n\n\n\n<h2 class=\"wp-block-heading\">Estaci\u00f3n de Autobuses de Torre del Mar<\/h2>\n\n\n\n<p>V\u00e9lez tiene un excelente transporte que lo conecta directamente con Granada y M\u00e1laga. Sin embargo, para llegar a cualquiera de las ciudades de la costa, deber\u00e1 llamar a Torre del Mar. Sirve como un lugar f\u00e1cil de usar como centro de transporte con autobuses que van a las playas del oeste, incluyendo Torrox y Nerja, o m\u00e1s lejos de Sevilla sin tener que cambiar en la cercana M\u00e1laga.<\/p>\n","protected":false},"excerpt":{"rendered":"<p>El pueblo costero vecino de V\u00e9lez-M\u00e1laga, Torre del Mar, tiene la segunda poblaci\u00f3n m\u00e1s grande dentro de la Axarqu\u00eda. El n\u00famero de habitantes de invierno (25,000) se cuadruplica en los meses de verano, ya que los turistas espa\u00f1oles acuden en masa a sus largas playas de arena para tomar el sol. El turismo ha sido [&hellip;]<\/p>\n","protected":false},"author":1,"featured_media":4466,"parent":6094,"menu_order":0,"comment_status":"closed","ping_status":"closed","template":"page-child.php","meta":{"_acf_changed":false,"footnotes":""},"class_list":["post-6143","page","type-page","status-publish","has-post-thumbnail","hentry"],"acf":[],"yoast_head":"<!-- This site is optimized with the Yoast SEO plugin v27.3 - https:\/\/yoast.com\/product\/yoast-seo-wordpress\/ -->\n<title>Torre del Mar<\/title>\n<meta name=\"robots\" content=\"index, follow, max-snippet:-1, max-image-preview:large, max-video-preview:-1\" \/>\n<link rel=\"canonical\" href=\"https:\/\/mivelezmalaga.com\/es\/que-hacer-en-velez-malaga\/alrededores-velez\/torre-del-mar\/\" \/>\n<meta property=\"og:locale\" content=\"es_ES\" \/>\n<meta property=\"og:type\" content=\"article\" \/>\n<meta property=\"og:title\" content=\"Torre del Mar\" \/>\n<meta property=\"og:description\" content=\"El pueblo costero vecino de V\u00e9lez-M\u00e1laga, Torre del Mar, tiene la segunda poblaci\u00f3n m\u00e1s grande dentro de la Axarqu\u00eda. El n\u00famero de habitantes de invierno (25,000) se cuadruplica en los meses de verano, ya que los turistas espa\u00f1oles acuden en masa a sus largas playas de arena para tomar el sol. El turismo ha sido [&hellip;]\" \/>\n<meta property=\"og:url\" content=\"https:\/\/mivelezmalaga.com\/es\/que-hacer-en-velez-malaga\/alrededores-velez\/torre-del-mar\/\" \/>\n<meta property=\"og:site_name\" content=\"Mi Velez-Malaga\" \/>\n<meta property=\"article:publisher\" content=\"https:\/\/www.facebook.com\/mivelezmalaga\/\" \/>\n<meta property=\"article:modified_time\" content=\"2024-01-16T09:18:59+00:00\" \/>\n<meta property=\"og:image\" content=\"https:\/\/mivelezmalaga.com\/wp-content\/uploads\/2017\/02\/Torre-Del-Mar-Banner1.jpg\" \/>\n\t<meta property=\"og:image:width\" content=\"1497\" \/>\n\t<meta property=\"og:image:height\" content=\"797\" \/>\n\t<meta property=\"og:image:type\" content=\"image\/jpeg\" \/>\n<meta name=\"twitter:card\" content=\"summary_large_image\" \/>\n<meta name=\"twitter:site\" content=\"@MiVelezMalaga\" \/>\n<meta name=\"twitter:label1\" content=\"Est. reading time\" \/>\n\t<meta name=\"twitter:data1\" content=\"5 minutes\" \/>\n<script type=\"application\/ld+json\" class=\"yoast-schema-graph\">{\"@context\":\"https:\\\/\\\/schema.org\",\"@graph\":[{\"@type\":\"WebPage\",\"@id\":\"https:\\\/\\\/mivelezmalaga.com\\\/es\\\/que-hacer-en-velez-malaga\\\/alrededores-velez\\\/torre-del-mar\\\/\",\"url\":\"https:\\\/\\\/mivelezmalaga.com\\\/es\\\/que-hacer-en-velez-malaga\\\/alrededores-velez\\\/torre-del-mar\\\/\",\"name\":\"Torre del Mar\",\"isPartOf\":{\"@id\":\"https:\\\/\\\/mivelezmalaga.com\\\/es\\\/#website\"},\"primaryImageOfPage\":{\"@id\":\"https:\\\/\\\/mivelezmalaga.com\\\/es\\\/que-hacer-en-velez-malaga\\\/alrededores-velez\\\/torre-del-mar\\\/#primaryimage\"},\"image\":{\"@id\":\"https:\\\/\\\/mivelezmalaga.com\\\/es\\\/que-hacer-en-velez-malaga\\\/alrededores-velez\\\/torre-del-mar\\\/#primaryimage\"},\"thumbnailUrl\":\"https:\\\/\\\/mivelezmalaga.com\\\/wp-content\\\/uploads\\\/2017\\\/02\\\/Torre-Del-Mar-Banner1.jpg\",\"datePublished\":\"2019-10-29T13:13:59+00:00\",\"dateModified\":\"2024-01-16T09:18:59+00:00\",\"breadcrumb\":{\"@id\":\"https:\\\/\\\/mivelezmalaga.com\\\/es\\\/que-hacer-en-velez-malaga\\\/alrededores-velez\\\/torre-del-mar\\\/#breadcrumb\"},\"inLanguage\":\"es-ES\",\"potentialAction\":[{\"@type\":\"ReadAction\",\"target\":[\"https:\\\/\\\/mivelezmalaga.com\\\/es\\\/que-hacer-en-velez-malaga\\\/alrededores-velez\\\/torre-del-mar\\\/\"]}]},{\"@type\":\"ImageObject\",\"inLanguage\":\"es-ES\",\"@id\":\"https:\\\/\\\/mivelezmalaga.com\\\/es\\\/que-hacer-en-velez-malaga\\\/alrededores-velez\\\/torre-del-mar\\\/#primaryimage\",\"url\":\"https:\\\/\\\/mivelezmalaga.com\\\/wp-content\\\/uploads\\\/2017\\\/02\\\/Torre-Del-Mar-Banner1.jpg\",\"contentUrl\":\"https:\\\/\\\/mivelezmalaga.com\\\/wp-content\\\/uploads\\\/2017\\\/02\\\/Torre-Del-Mar-Banner1.jpg\",\"width\":1497,\"height\":797},{\"@type\":\"BreadcrumbList\",\"@id\":\"https:\\\/\\\/mivelezmalaga.com\\\/es\\\/que-hacer-en-velez-malaga\\\/alrededores-velez\\\/torre-del-mar\\\/#breadcrumb\",\"itemListElement\":[{\"@type\":\"ListItem\",\"position\":1,\"name\":\"Home\",\"item\":\"https:\\\/\\\/mivelezmalaga.com\\\/es\\\/\"},{\"@type\":\"ListItem\",\"position\":2,\"name\":\"Que hacer en V\u00e9lez-M\u00e1laga\",\"item\":\"https:\\\/\\\/mivelezmalaga.com\\\/es\\\/que-hacer-en-velez-malaga\\\/\"},{\"@type\":\"ListItem\",\"position\":3,\"name\":\"Alrededores de V\u00e9lez-M\u00e1laga\",\"item\":\"https:\\\/\\\/mivelezmalaga.com\\\/es\\\/que-hacer-en-velez-malaga\\\/alrededores-velez\\\/\"},{\"@type\":\"ListItem\",\"position\":4,\"name\":\"Torre del Mar\"}]},{\"@type\":\"WebSite\",\"@id\":\"https:\\\/\\\/mivelezmalaga.com\\\/es\\\/#website\",\"url\":\"https:\\\/\\\/mivelezmalaga.com\\\/es\\\/\",\"name\":\"Mi Velez-Malaga\",\"description\":\"Welcome to V\u00e9lez\",\"potentialAction\":[{\"@type\":\"SearchAction\",\"target\":{\"@type\":\"EntryPoint\",\"urlTemplate\":\"https:\\\/\\\/mivelezmalaga.com\\\/es\\\/?s={search_term_string}\"},\"query-input\":{\"@type\":\"PropertyValueSpecification\",\"valueRequired\":true,\"valueName\":\"search_term_string\"}}],\"inLanguage\":\"es-ES\"}]}<\/script>\n<!-- \/ Yoast SEO plugin. -->","yoast_head_json":{"title":"Torre del Mar","robots":{"index":"index","follow":"follow","max-snippet":"max-snippet:-1","max-image-preview":"max-image-preview:large","max-video-preview":"max-video-preview:-1"},"canonical":"https:\/\/mivelezmalaga.com\/es\/que-hacer-en-velez-malaga\/alrededores-velez\/torre-del-mar\/","og_locale":"es_ES","og_type":"article","og_title":"Torre del Mar","og_description":"El pueblo costero vecino de V\u00e9lez-M\u00e1laga, Torre del Mar, tiene la segunda poblaci\u00f3n m\u00e1s grande dentro de la Axarqu\u00eda. El n\u00famero de habitantes de invierno (25,000) se cuadruplica en los meses de verano, ya que los turistas espa\u00f1oles acuden en masa a sus largas playas de arena para tomar el sol. El turismo ha sido [&hellip;]","og_url":"https:\/\/mivelezmalaga.com\/es\/que-hacer-en-velez-malaga\/alrededores-velez\/torre-del-mar\/","og_site_name":"Mi Velez-Malaga","article_publisher":"https:\/\/www.facebook.com\/mivelezmalaga\/","article_modified_time":"2024-01-16T09:18:59+00:00","og_image":[{"width":1497,"height":797,"url":"https:\/\/mivelezmalaga.com\/wp-content\/uploads\/2017\/02\/Torre-Del-Mar-Banner1.jpg","type":"image\/jpeg"}],"twitter_card":"summary_large_image","twitter_site":"@MiVelezMalaga","twitter_misc":{"Est. reading time":"5 minutes"},"schema":{"@context":"https:\/\/schema.org","@graph":[{"@type":"WebPage","@id":"https:\/\/mivelezmalaga.com\/es\/que-hacer-en-velez-malaga\/alrededores-velez\/torre-del-mar\/","url":"https:\/\/mivelezmalaga.com\/es\/que-hacer-en-velez-malaga\/alrededores-velez\/torre-del-mar\/","name":"Torre del Mar","isPartOf":{"@id":"https:\/\/mivelezmalaga.com\/es\/#website"},"primaryImageOfPage":{"@id":"https:\/\/mivelezmalaga.com\/es\/que-hacer-en-velez-malaga\/alrededores-velez\/torre-del-mar\/#primaryimage"},"image":{"@id":"https:\/\/mivelezmalaga.com\/es\/que-hacer-en-velez-malaga\/alrededores-velez\/torre-del-mar\/#primaryimage"},"thumbnailUrl":"https:\/\/mivelezmalaga.com\/wp-content\/uploads\/2017\/02\/Torre-Del-Mar-Banner1.jpg","datePublished":"2019-10-29T13:13:59+00:00","dateModified":"2024-01-16T09:18:59+00:00","breadcrumb":{"@id":"https:\/\/mivelezmalaga.com\/es\/que-hacer-en-velez-malaga\/alrededores-velez\/torre-del-mar\/#breadcrumb"},"inLanguage":"es-ES","potentialAction":[{"@type":"ReadAction","target":["https:\/\/mivelezmalaga.com\/es\/que-hacer-en-velez-malaga\/alrededores-velez\/torre-del-mar\/"]}]},{"@type":"ImageObject","inLanguage":"es-ES","@id":"https:\/\/mivelezmalaga.com\/es\/que-hacer-en-velez-malaga\/alrededores-velez\/torre-del-mar\/#primaryimage","url":"https:\/\/mivelezmalaga.com\/wp-content\/uploads\/2017\/02\/Torre-Del-Mar-Banner1.jpg","contentUrl":"https:\/\/mivelezmalaga.com\/wp-content\/uploads\/2017\/02\/Torre-Del-Mar-Banner1.jpg","width":1497,"height":797},{"@type":"BreadcrumbList","@id":"https:\/\/mivelezmalaga.com\/es\/que-hacer-en-velez-malaga\/alrededores-velez\/torre-del-mar\/#breadcrumb","itemListElement":[{"@type":"ListItem","position":1,"name":"Home","item":"https:\/\/mivelezmalaga.com\/es\/"},{"@type":"ListItem","position":2,"name":"Que hacer en V\u00e9lez-M\u00e1laga","item":"https:\/\/mivelezmalaga.com\/es\/que-hacer-en-velez-malaga\/"},{"@type":"ListItem","position":3,"name":"Alrededores de V\u00e9lez-M\u00e1laga","item":"https:\/\/mivelezmalaga.com\/es\/que-hacer-en-velez-malaga\/alrededores-velez\/"},{"@type":"ListItem","position":4,"name":"Torre del Mar"}]},{"@type":"WebSite","@id":"https:\/\/mivelezmalaga.com\/es\/#website","url":"https:\/\/mivelezmalaga.com\/es\/","name":"Mi Velez-Malaga","description":"Welcome to V\u00e9lez","potentialAction":[{"@type":"SearchAction","target":{"@type":"EntryPoint","urlTemplate":"https:\/\/mivelezmalaga.com\/es\/?s={search_term_string}"},"query-input":{"@type":"PropertyValueSpecification","valueRequired":true,"valueName":"search_term_string"}}],"inLanguage":"es-ES"}]}},"_links":{"self":[{"href":"https:\/\/mivelezmalaga.com\/es\/wp-json\/wp\/v2\/pages\/6143","targetHints":{"allow":["GET"]}}],"collection":[{"href":"https:\/\/mivelezmalaga.com\/es\/wp-json\/wp\/v2\/pages"}],"about":[{"href":"https:\/\/mivelezmalaga.com\/es\/wp-json\/wp\/v2\/types\/page"}],"author":[{"embeddable":true,"href":"https:\/\/mivelezmalaga.com\/es\/wp-json\/wp\/v2\/users\/1"}],"replies":[{"embeddable":true,"href":"https:\/\/mivelezmalaga.com\/es\/wp-json\/wp\/v2\/comments?post=6143"}],"version-history":[{"count":2,"href":"https:\/\/mivelezmalaga.com\/es\/wp-json\/wp\/v2\/pages\/6143\/revisions"}],"predecessor-version":[{"id":8411,"href":"https:\/\/mivelezmalaga.com\/es\/wp-json\/wp\/v2\/pages\/6143\/revisions\/8411"}],"up":[{"embeddable":true,"href":"https:\/\/mivelezmalaga.com\/es\/wp-json\/wp\/v2\/pages\/6094"}],"wp:featuredmedia":[{"embeddable":true,"href":"https:\/\/mivelezmalaga.com\/es\/wp-json\/wp\/v2\/media\/4466"}],"wp:attachment":[{"href":"https:\/\/mivelezmalaga.com\/es\/wp-json\/wp\/v2\/media?parent=6143"}],"curies":[{"name":"wp","href":"https:\/\/api.w.org\/{rel}","templated":true}]}}