{"id":6172,"date":"2019-10-29T16:27:31","date_gmt":"2019-10-29T15:27:31","guid":{"rendered":"https:\/\/mivelezmalaga.com\/?page_id=6172"},"modified":"2024-01-16T10:15:28","modified_gmt":"2024-01-16T09:15:28","slug":"bares-de-tapas","status":"publish","type":"page","link":"https:\/\/mivelezmalaga.com\/es\/comer-y-beber\/bares-de-tapas\/","title":{"rendered":"Bares de Tapas"},"content":{"rendered":"\n<p>Salir a tapear es una parte importante de la vida en V\u00e9lez-M\u00e1laga. Bocaditos ligeros como fiambres ib\u00e9ricos derretidos en la boca, deliciosos mariscos y estofados reconfortantes siempre est\u00e1n en la barra.<\/p>\n\n\n\n<p>Los bares de tapas en V\u00e9lez-M\u00e1laga var\u00edan: algunos son m\u00e1s grandes con mesas que se extienden sobre el pavimento; algunos son m\u00e1s inteligentes mientras que otros son m\u00e1s r\u00fasticos, escupiendo y aserr\u00edn. Todos, sin embargo, cuentan con un largo bar donde brillan los grifos de cerveza, se sirven tapas (a menudo de cortes\u00eda) y los lugare\u00f1os se re\u00fanen para conversar con una copa o dos.<\/p>\n\n\n\n<h3 class=\"wp-block-heading\">Bar Toto<\/h3>\n\n\n\n<p>Bar Toto se encuentra en un rinc\u00f3n soleado de la Plaza de Las Carmelitas y es un gran lugar para disfrutar de una copa o dos mientras se sienta al sol y mira a la gente. Tambi\u00e9n es uno de los bares m\u00e1s antiguos de V\u00e9lez-M\u00e1laga, que ha estado all\u00ed durante 60 a\u00f1os, con los \u00faltimos 25 bajo la misma administraci\u00f3n amigable. Se sirve un desayuno t\u00edpico andaluz (se esperan bocadillos sencillos y tostadas con tomate), as\u00ed como platos de tapas y una selecci\u00f3n de tapas preparadas en el bar.<\/p>\n\n\n\n<p>Direcci\u00f3n: 13 Plaza de Las Carmelitas. Tel: 629 33 37 57. Abierto: todos los d\u00edas 07.30 &#8211; 21.00.<\/p>\n\n\n\n<hr class=\"wp-block-separator has-alpha-channel-opacity\"\/>\n\n\n\n<h3 class=\"wp-block-heading\">Bar La Pe\u00f1a<\/h3>\n\n\n\n<p>El bar La Pe\u00f1a se llena particularmente a la hora del almuerzo con los trabajadores locales que se dirigen al bar para tomar tapas y una cerveza fresca. Se encuentra en la Plaza de Las Carmelitas con la plaza al frente y un peque\u00f1o patio al fondo. Si tienes hijos, es un buen lugar para dejar que quemen algo de energ\u00eda. La oferta de tapas es una variedad de platos que cambian a lo largo del a\u00f1o dependiendo de la temporada, y hay un men\u00fa (con platos y medios platos) en espa\u00f1ol e ingl\u00e9s. Espere comida casera simple y buenas raciones.<\/p>\n\n\n\n<p>Direcci\u00f3n: 4 C \/ Padre Tienda. Tel: 687 56 45 49. Abierto: lunes a viernes 08.30 &#8211; 16.30. S\u00e1b 12.00 &#8211; 00.00.<\/p>\n\n\n\n<figure class=\"wp-block-image\"><img decoding=\"async\" width=\"1000\" height=\"562\" data-src=\"https:\/\/mivelezmalaga.com\/wp-content\/uploads\/2016\/12\/Hake_with_Salad.jpg\" alt=\"Typical Spanish Food, Fresh Fish and Salad\" class=\"wp-image-1685 lazyload\" data-srcset=\"https:\/\/mivelezmalaga.com\/wp-content\/uploads\/2016\/12\/Hake_with_Salad.jpg 1000w, https:\/\/mivelezmalaga.com\/wp-content\/uploads\/2016\/12\/Hake_with_Salad-300x169.jpg 300w\" data-sizes=\"(max-width: 1000px) 100vw, 1000px\" src=\"data:image\/svg+xml;base64,PHN2ZyB3aWR0aD0iMSIgaGVpZ2h0PSIxIiB4bWxucz0iaHR0cDovL3d3dy53My5vcmcvMjAwMC9zdmciPjwvc3ZnPg==\" style=\"--smush-placeholder-width: 1000px; --smush-placeholder-aspect-ratio: 1000\/562;\" \/><\/figure>\n\n\n\n<hr class=\"wp-block-separator has-alpha-channel-opacity\"\/>\n\n\n\n<h3 class=\"wp-block-heading\">Caf\u00e9 Bar La Casa de Los Mart\u00ednez<\/h3>\n\n\n\n<p>La Casa de Los Mart\u00ednez es un gran lugar para devorar una copa de tinto de verano y una tapa a la hora del almuerzo. Se encuentra en la esquina de la calle Cristo y la rotonda que une la carretera con Torre del Mar y el centro hist\u00f3rico de V\u00e9lez-M\u00e1laga. Es un gran lugar para sentarse en una mesa exterior y ver pasar el mundo. Hacen un men\u00fa del d\u00eda decente donde puedes comer comida casera fresca y sabrosa por menos de \u20ac 10.<\/p>\n\n\n\n<p>Direcci\u00f3n: 58 C \/ Cristo. Tel: 952 50 10 13. Abierto: Lun-S\u00e1b 07.00 &#8211; 18.00.<\/p>\n\n\n\n<hr class=\"wp-block-separator has-alpha-channel-opacity\"\/>\n\n\n\n<h3 class=\"wp-block-heading\">Marisquer\u00eda La Gamba Dorada<\/h3>\n\n\n\n<figure class=\"wp-block-image\"><img decoding=\"async\" width=\"1000\" height=\"500\" data-src=\"https:\/\/mivelezmalaga.com\/wp-content\/uploads\/2016\/12\/gamba-tapa.jpg\" alt=\"Prawns Rice Vegetables Tapa In Gamba\" class=\"wp-image-901 lazyload\" data-srcset=\"https:\/\/mivelezmalaga.com\/wp-content\/uploads\/2016\/12\/gamba-tapa.jpg 1000w, https:\/\/mivelezmalaga.com\/wp-content\/uploads\/2016\/12\/gamba-tapa-300x150.jpg 300w\" data-sizes=\"(max-width: 1000px) 100vw, 1000px\" src=\"data:image\/svg+xml;base64,PHN2ZyB3aWR0aD0iMSIgaGVpZ2h0PSIxIiB4bWxucz0iaHR0cDovL3d3dy53My5vcmcvMjAwMC9zdmciPjwvc3ZnPg==\" style=\"--smush-placeholder-width: 1000px; --smush-placeholder-aspect-ratio: 1000\/500;\" \/><\/figure>\n\n\n\n<p>Quiz\u00e1s el bar m\u00e1s famoso de V\u00e9lez, La Gamba Dorada, sirve platos de mariscos y pescados de alta calidad en un ambiente bullicioso por meseros eficientes y agradables. Est\u00e1 decorada de una manera un tanto al azar con detalles y luces de imitaci\u00f3n morisca que podr\u00edan ser rechazados en varios niveles. Sin embargo, si te gustan los mariscos, este es el lugar. Fuera de las concurridas mesas hay mucha gente y a menudo hay una cola en los momentos populares, as\u00ed que llegue temprano para evitar decepciones.<\/p>\n\n\n\n<p>Direcci\u00f3n: Calle Pintor Antonio de Velez. Tel: 952 50 14 69. Abierto: mi\u00e9rcoles-lunes 12.00 &#8211; 16.30 y 19.30 &#8211; 00.00.<\/p>\n\n\n\n<hr class=\"wp-block-separator has-alpha-channel-opacity\"\/>\n\n\n\n<h3 class=\"wp-block-heading\">Bar El Rubio<\/h3>\n\n\n\n<p>Un lugar popular, particularmente por sus platos de pescado, Bar El Rubio sirve desayuno, almuerzo y cena. No es atractivo, ya que sus clientes tienden a ser trabajadores agr\u00edcolas locales, pero es una buena parada para un men\u00fa del d\u00eda de gran valor a la hora del almuerzo. \u00a1No olvides tu t\u00edpico anis shot despu\u00e9s de tu comida!<\/p>\n\n\n\n<p>Direcci\u00f3n: Calle Mayor 14 Juan Barranquero. Tel: 952 50 12 13. Abierto: Lun-S\u00e1b 06.00 &#8211; 00.00. Dom 11.00 &#8211; 17.00. <a href=\"http:\/\/restaurantebarelrubio.es\/\" target=\"_blank\" rel=\"noopener noreferrer\">Restaurantebarelrubio.es<\/a>.<\/p>\n\n\n\n<p><iframe data-src=\"https:\/\/www.google.com\/maps\/d\/u\/0\/embed?mid=1OQbAw-i1xEIxDf0Ra-m-Iz3URFg\" width=\"640\" height=\"480\" data-mce-fragment=\"1\" src=\"data:image\/svg+xml;base64,PHN2ZyB3aWR0aD0iMSIgaGVpZ2h0PSIxIiB4bWxucz0iaHR0cDovL3d3dy53My5vcmcvMjAwMC9zdmciPjwvc3ZnPg==\" class=\"lazyload\" data-load-mode=\"1\"><\/iframe><\/p>\n","protected":false},"excerpt":{"rendered":"<p>Salir a tapear es una parte importante de la vida en V\u00e9lez-M\u00e1laga. Bocaditos ligeros como fiambres ib\u00e9ricos derretidos en la boca, deliciosos mariscos y estofados reconfortantes siempre est\u00e1n en la barra. Los bares de tapas en V\u00e9lez-M\u00e1laga var\u00edan: algunos son m\u00e1s grandes con mesas que se extienden sobre el pavimento; algunos son m\u00e1s inteligentes mientras [&hellip;]<\/p>\n","protected":false},"author":1,"featured_media":4302,"parent":3691,"menu_order":0,"comment_status":"closed","ping_status":"closed","template":"page-child.php","meta":{"_acf_changed":false,"footnotes":""},"class_list":["post-6172","page","type-page","status-publish","has-post-thumbnail","hentry"],"acf":[],"yoast_head":"<!-- This site is optimized with the Yoast SEO plugin v27.3 - https:\/\/yoast.com\/product\/yoast-seo-wordpress\/ -->\n<title>Los Mejores Bares de Tapas en V\u00e9lez-M\u00e1laga<\/title>\n<meta name=\"robots\" content=\"index, follow, max-snippet:-1, max-image-preview:large, max-video-preview:-1\" \/>\n<link rel=\"canonical\" href=\"https:\/\/mivelezmalaga.com\/es\/comer-y-beber\/bares-de-tapas\/\" \/>\n<meta property=\"og:locale\" content=\"es_ES\" \/>\n<meta property=\"og:type\" content=\"article\" \/>\n<meta property=\"og:title\" content=\"Los Mejores Bares de Tapas en V\u00e9lez-M\u00e1laga\" \/>\n<meta property=\"og:description\" content=\"Salir a tapear es una parte importante de la vida en V\u00e9lez-M\u00e1laga. Bocaditos ligeros como fiambres ib\u00e9ricos derretidos en la boca, deliciosos mariscos y estofados reconfortantes siempre est\u00e1n en la barra. Los bares de tapas en V\u00e9lez-M\u00e1laga var\u00edan: algunos son m\u00e1s grandes con mesas que se extienden sobre el pavimento; algunos son m\u00e1s inteligentes mientras [&hellip;]\" \/>\n<meta property=\"og:url\" content=\"https:\/\/mivelezmalaga.com\/es\/comer-y-beber\/bares-de-tapas\/\" \/>\n<meta property=\"og:site_name\" content=\"Mi Velez-Malaga\" \/>\n<meta property=\"article:publisher\" content=\"https:\/\/www.facebook.com\/mivelezmalaga\/\" \/>\n<meta property=\"article:modified_time\" content=\"2024-01-16T09:15:28+00:00\" \/>\n<meta property=\"og:image\" content=\"https:\/\/mivelezmalaga.com\/wp-content\/uploads\/2016\/12\/Tapas-Jamon.jpg\" \/>\n\t<meta property=\"og:image:width\" content=\"1502\" \/>\n\t<meta property=\"og:image:height\" content=\"861\" \/>\n\t<meta property=\"og:image:type\" content=\"image\/jpeg\" \/>\n<meta name=\"twitter:card\" content=\"summary_large_image\" \/>\n<meta name=\"twitter:site\" content=\"@MiVelezMalaga\" \/>\n<meta name=\"twitter:label1\" content=\"Est. reading time\" \/>\n\t<meta name=\"twitter:data1\" content=\"4 minutes\" \/>\n<script type=\"application\/ld+json\" class=\"yoast-schema-graph\">{\"@context\":\"https:\\\/\\\/schema.org\",\"@graph\":[{\"@type\":\"WebPage\",\"@id\":\"https:\\\/\\\/mivelezmalaga.com\\\/es\\\/comer-y-beber\\\/bares-de-tapas\\\/\",\"url\":\"https:\\\/\\\/mivelezmalaga.com\\\/es\\\/comer-y-beber\\\/bares-de-tapas\\\/\",\"name\":\"Los Mejores Bares de Tapas en V\u00e9lez-M\u00e1laga\",\"isPartOf\":{\"@id\":\"https:\\\/\\\/mivelezmalaga.com\\\/es\\\/#website\"},\"primaryImageOfPage\":{\"@id\":\"https:\\\/\\\/mivelezmalaga.com\\\/es\\\/comer-y-beber\\\/bares-de-tapas\\\/#primaryimage\"},\"image\":{\"@id\":\"https:\\\/\\\/mivelezmalaga.com\\\/es\\\/comer-y-beber\\\/bares-de-tapas\\\/#primaryimage\"},\"thumbnailUrl\":\"https:\\\/\\\/mivelezmalaga.com\\\/wp-content\\\/uploads\\\/2016\\\/12\\\/Tapas-Jamon.jpg\",\"datePublished\":\"2019-10-29T15:27:31+00:00\",\"dateModified\":\"2024-01-16T09:15:28+00:00\",\"breadcrumb\":{\"@id\":\"https:\\\/\\\/mivelezmalaga.com\\\/es\\\/comer-y-beber\\\/bares-de-tapas\\\/#breadcrumb\"},\"inLanguage\":\"es-ES\",\"potentialAction\":[{\"@type\":\"ReadAction\",\"target\":[\"https:\\\/\\\/mivelezmalaga.com\\\/es\\\/comer-y-beber\\\/bares-de-tapas\\\/\"]}]},{\"@type\":\"ImageObject\",\"inLanguage\":\"es-ES\",\"@id\":\"https:\\\/\\\/mivelezmalaga.com\\\/es\\\/comer-y-beber\\\/bares-de-tapas\\\/#primaryimage\",\"url\":\"https:\\\/\\\/mivelezmalaga.com\\\/wp-content\\\/uploads\\\/2016\\\/12\\\/Tapas-Jamon.jpg\",\"contentUrl\":\"https:\\\/\\\/mivelezmalaga.com\\\/wp-content\\\/uploads\\\/2016\\\/12\\\/Tapas-Jamon.jpg\",\"width\":1502,\"height\":861},{\"@type\":\"BreadcrumbList\",\"@id\":\"https:\\\/\\\/mivelezmalaga.com\\\/es\\\/comer-y-beber\\\/bares-de-tapas\\\/#breadcrumb\",\"itemListElement\":[{\"@type\":\"ListItem\",\"position\":1,\"name\":\"Home\",\"item\":\"https:\\\/\\\/mivelezmalaga.com\\\/es\\\/\"},{\"@type\":\"ListItem\",\"position\":2,\"name\":\"Comer y Beber\",\"item\":\"https:\\\/\\\/mivelezmalaga.com\\\/es\\\/comer-y-beber\\\/\"},{\"@type\":\"ListItem\",\"position\":3,\"name\":\"Bares de Tapas\"}]},{\"@type\":\"WebSite\",\"@id\":\"https:\\\/\\\/mivelezmalaga.com\\\/es\\\/#website\",\"url\":\"https:\\\/\\\/mivelezmalaga.com\\\/es\\\/\",\"name\":\"Mi Velez-Malaga\",\"description\":\"Welcome to V\u00e9lez\",\"potentialAction\":[{\"@type\":\"SearchAction\",\"target\":{\"@type\":\"EntryPoint\",\"urlTemplate\":\"https:\\\/\\\/mivelezmalaga.com\\\/es\\\/?s={search_term_string}\"},\"query-input\":{\"@type\":\"PropertyValueSpecification\",\"valueRequired\":true,\"valueName\":\"search_term_string\"}}],\"inLanguage\":\"es-ES\"}]}<\/script>\n<!-- \/ Yoast SEO plugin. -->","yoast_head_json":{"title":"Los Mejores Bares de Tapas en V\u00e9lez-M\u00e1laga","robots":{"index":"index","follow":"follow","max-snippet":"max-snippet:-1","max-image-preview":"max-image-preview:large","max-video-preview":"max-video-preview:-1"},"canonical":"https:\/\/mivelezmalaga.com\/es\/comer-y-beber\/bares-de-tapas\/","og_locale":"es_ES","og_type":"article","og_title":"Los Mejores Bares de Tapas en V\u00e9lez-M\u00e1laga","og_description":"Salir a tapear es una parte importante de la vida en V\u00e9lez-M\u00e1laga. Bocaditos ligeros como fiambres ib\u00e9ricos derretidos en la boca, deliciosos mariscos y estofados reconfortantes siempre est\u00e1n en la barra. Los bares de tapas en V\u00e9lez-M\u00e1laga var\u00edan: algunos son m\u00e1s grandes con mesas que se extienden sobre el pavimento; algunos son m\u00e1s inteligentes mientras [&hellip;]","og_url":"https:\/\/mivelezmalaga.com\/es\/comer-y-beber\/bares-de-tapas\/","og_site_name":"Mi Velez-Malaga","article_publisher":"https:\/\/www.facebook.com\/mivelezmalaga\/","article_modified_time":"2024-01-16T09:15:28+00:00","og_image":[{"width":1502,"height":861,"url":"https:\/\/mivelezmalaga.com\/wp-content\/uploads\/2016\/12\/Tapas-Jamon.jpg","type":"image\/jpeg"}],"twitter_card":"summary_large_image","twitter_site":"@MiVelezMalaga","twitter_misc":{"Est. reading time":"4 minutes"},"schema":{"@context":"https:\/\/schema.org","@graph":[{"@type":"WebPage","@id":"https:\/\/mivelezmalaga.com\/es\/comer-y-beber\/bares-de-tapas\/","url":"https:\/\/mivelezmalaga.com\/es\/comer-y-beber\/bares-de-tapas\/","name":"Los Mejores Bares de Tapas en V\u00e9lez-M\u00e1laga","isPartOf":{"@id":"https:\/\/mivelezmalaga.com\/es\/#website"},"primaryImageOfPage":{"@id":"https:\/\/mivelezmalaga.com\/es\/comer-y-beber\/bares-de-tapas\/#primaryimage"},"image":{"@id":"https:\/\/mivelezmalaga.com\/es\/comer-y-beber\/bares-de-tapas\/#primaryimage"},"thumbnailUrl":"https:\/\/mivelezmalaga.com\/wp-content\/uploads\/2016\/12\/Tapas-Jamon.jpg","datePublished":"2019-10-29T15:27:31+00:00","dateModified":"2024-01-16T09:15:28+00:00","breadcrumb":{"@id":"https:\/\/mivelezmalaga.com\/es\/comer-y-beber\/bares-de-tapas\/#breadcrumb"},"inLanguage":"es-ES","potentialAction":[{"@type":"ReadAction","target":["https:\/\/mivelezmalaga.com\/es\/comer-y-beber\/bares-de-tapas\/"]}]},{"@type":"ImageObject","inLanguage":"es-ES","@id":"https:\/\/mivelezmalaga.com\/es\/comer-y-beber\/bares-de-tapas\/#primaryimage","url":"https:\/\/mivelezmalaga.com\/wp-content\/uploads\/2016\/12\/Tapas-Jamon.jpg","contentUrl":"https:\/\/mivelezmalaga.com\/wp-content\/uploads\/2016\/12\/Tapas-Jamon.jpg","width":1502,"height":861},{"@type":"BreadcrumbList","@id":"https:\/\/mivelezmalaga.com\/es\/comer-y-beber\/bares-de-tapas\/#breadcrumb","itemListElement":[{"@type":"ListItem","position":1,"name":"Home","item":"https:\/\/mivelezmalaga.com\/es\/"},{"@type":"ListItem","position":2,"name":"Comer y Beber","item":"https:\/\/mivelezmalaga.com\/es\/comer-y-beber\/"},{"@type":"ListItem","position":3,"name":"Bares de Tapas"}]},{"@type":"WebSite","@id":"https:\/\/mivelezmalaga.com\/es\/#website","url":"https:\/\/mivelezmalaga.com\/es\/","name":"Mi Velez-Malaga","description":"Welcome to V\u00e9lez","potentialAction":[{"@type":"SearchAction","target":{"@type":"EntryPoint","urlTemplate":"https:\/\/mivelezmalaga.com\/es\/?s={search_term_string}"},"query-input":{"@type":"PropertyValueSpecification","valueRequired":true,"valueName":"search_term_string"}}],"inLanguage":"es-ES"}]}},"_links":{"self":[{"href":"https:\/\/mivelezmalaga.com\/es\/wp-json\/wp\/v2\/pages\/6172","targetHints":{"allow":["GET"]}}],"collection":[{"href":"https:\/\/mivelezmalaga.com\/es\/wp-json\/wp\/v2\/pages"}],"about":[{"href":"https:\/\/mivelezmalaga.com\/es\/wp-json\/wp\/v2\/types\/page"}],"author":[{"embeddable":true,"href":"https:\/\/mivelezmalaga.com\/es\/wp-json\/wp\/v2\/users\/1"}],"replies":[{"embeddable":true,"href":"https:\/\/mivelezmalaga.com\/es\/wp-json\/wp\/v2\/comments?post=6172"}],"version-history":[{"count":5,"href":"https:\/\/mivelezmalaga.com\/es\/wp-json\/wp\/v2\/pages\/6172\/revisions"}],"predecessor-version":[{"id":8397,"href":"https:\/\/mivelezmalaga.com\/es\/wp-json\/wp\/v2\/pages\/6172\/revisions\/8397"}],"up":[{"embeddable":true,"href":"https:\/\/mivelezmalaga.com\/es\/wp-json\/wp\/v2\/pages\/3691"}],"wp:featuredmedia":[{"embeddable":true,"href":"https:\/\/mivelezmalaga.com\/es\/wp-json\/wp\/v2\/media\/4302"}],"wp:attachment":[{"href":"https:\/\/mivelezmalaga.com\/es\/wp-json\/wp\/v2\/media?parent=6172"}],"curies":[{"name":"wp","href":"https:\/\/api.w.org\/{rel}","templated":true}]}}