{"id":6181,"date":"2019-10-29T16:45:36","date_gmt":"2019-10-29T15:45:36","guid":{"rendered":"https:\/\/mivelezmalaga.com\/?page_id=6181"},"modified":"2024-01-16T10:22:04","modified_gmt":"2024-01-16T09:22:04","slug":"canillas-de-aceituno","status":"publish","type":"page","link":"https:\/\/mivelezmalaga.com\/es\/la-region-de-axarquia\/canillas-de-aceituno\/","title":{"rendered":"Canillas De Aceituno"},"content":{"rendered":"\n<p>La primera vista de Canillas de Aceituno es impresionante: a medida que avanza por un camino empinado y sinuoso, ve un destello blanco contra un tel\u00f3n de fondo de los picos de las monta\u00f1as.<\/p>\n\n\n\n<figure class=\"wp-block-image\"><img decoding=\"async\" width=\"1024\" height=\"514\" data-src=\"https:\/\/mivelezmalaga.com\/wp-content\/uploads\/2018\/11\/Canillas-de-Aceituno-Axarquia-1024x514.jpg\" alt=\"La Axarquia, Malaga\" class=\"wp-image-3449 lazyload\" data-srcset=\"https:\/\/mivelezmalaga.com\/wp-content\/uploads\/2018\/11\/Canillas-de-Aceituno-Axarquia-1024x514.jpg 1024w, https:\/\/mivelezmalaga.com\/wp-content\/uploads\/2018\/11\/Canillas-de-Aceituno-Axarquia-300x151.jpg 300w, https:\/\/mivelezmalaga.com\/wp-content\/uploads\/2018\/11\/Canillas-de-Aceituno-Axarquia.jpg 1498w\" data-sizes=\"(max-width: 1024px) 100vw, 1024px\" src=\"data:image\/svg+xml;base64,PHN2ZyB3aWR0aD0iMSIgaGVpZ2h0PSIxIiB4bWxucz0iaHR0cDovL3d3dy53My5vcmcvMjAwMC9zdmciPjwvc3ZnPg==\" style=\"--smush-placeholder-width: 1024px; --smush-placeholder-aspect-ratio: 1024\/514;\" \/><\/figure>\n\n\n\n<h3 class=\"wp-block-heading\">D\u00f3nde est\u00e1 Canillas de Aceituno?<\/h3>\n\n\n\n<figure class=\"wp-block-image\"><img decoding=\"async\" width=\"1000\" height=\"500\" data-src=\"https:\/\/mivelezmalaga.com\/wp-content\/uploads\/2018\/11\/20170604_112027.jpg\" alt=\"Canillas de Aceituno, Pretty Street\" class=\"wp-image-3490 lazyload\" data-srcset=\"https:\/\/mivelezmalaga.com\/wp-content\/uploads\/2018\/11\/20170604_112027.jpg 1000w, https:\/\/mivelezmalaga.com\/wp-content\/uploads\/2018\/11\/20170604_112027-300x150.jpg 300w\" data-sizes=\"(max-width: 1000px) 100vw, 1000px\" src=\"data:image\/svg+xml;base64,PHN2ZyB3aWR0aD0iMSIgaGVpZ2h0PSIxIiB4bWxucz0iaHR0cDovL3d3dy53My5vcmcvMjAwMC9zdmciPjwvc3ZnPg==\" style=\"--smush-placeholder-width: 1000px; --smush-placeholder-aspect-ratio: 1000\/500;\" \/><\/figure>\n\n\n\n<p>Este tradicional pueblo blanco de la Axarqu\u00eda se encuentra al borde de la sierra de Tejeda. El pueblo en s\u00ed se encuentra a unos 645 metros sobre el nivel del mar y, por lo tanto, tiene unas vistas fant\u00e1sticas. Est\u00e1 a unos 30 minutos en coche de V\u00e9lez-M\u00e1laga y en la ruta mud\u00e9jar.<\/p>\n\n\n\n<p>Canillas es un pueblo muy bien cuidado, con casas encaladas, calles estrechas llenas de plantas que suben y bajan de la plaza principal donde se encuentra el Ayuntamiento. Es un lugar peque\u00f1o y pr\u00f3spero con varios restaurantes.<\/p>\n\n\n\n<figure class=\"wp-block-image\"><img decoding=\"async\" width=\"1000\" height=\"500\" data-src=\"https:\/\/mivelezmalaga.com\/wp-content\/uploads\/2018\/11\/20170604_111846.jpg\" alt=\"Plant filled street, Canillas de Aceituno\" class=\"wp-image-3489 lazyload\" data-srcset=\"https:\/\/mivelezmalaga.com\/wp-content\/uploads\/2018\/11\/20170604_111846.jpg 1000w, https:\/\/mivelezmalaga.com\/wp-content\/uploads\/2018\/11\/20170604_111846-300x150.jpg 300w\" data-sizes=\"(max-width: 1000px) 100vw, 1000px\" src=\"data:image\/svg+xml;base64,PHN2ZyB3aWR0aD0iMSIgaGVpZ2h0PSIxIiB4bWxucz0iaHR0cDovL3d3dy53My5vcmcvMjAwMC9zdmciPjwvc3ZnPg==\" style=\"--smush-placeholder-width: 1000px; --smush-placeholder-aspect-ratio: 1000\/500;\" \/><\/figure>\n\n\n\n<h3 class=\"wp-block-heading\">Una breve hist\u00f3ria<\/h3>\n\n\n\n<p>Durante la \u00e9poca \u00e1rabe (del siglo VIII al XV), el pueblo era famoso por su seda y su muerte. El pueblo estaba rodeado de moreras para alimentar a los gusanos de seda y enredaderas para la elaboraci\u00f3n del vino. En 1571, el castillo de Canillas de Aceituno fue incendiado tras un levantamiento de los moriscos (conversos moros) por orden de Felipe II.<\/p>\n\n\n\n<p>La Casa de los Diezmos, donde se recaudaban impuestos sobre la producci\u00f3n y distribuci\u00f3n de azeytun\u00ed, todav\u00eda se encuentra en el centro de la ciudad hoy, aunque ahora es m\u00e1s conocida como la Casa de la Reina Mora. La repoblaci\u00f3n cristiana vino de C\u00f3rdoba a Canillas de Aceituno. Dicen que el acento de Canillas todav\u00eda recuerda al acento cordob\u00e9s.<\/p>\n\n\n\n<h3 class=\"wp-block-heading\">Cosas que hacer en Canillas del Aceituno<\/h3>\n\n\n\n<h4 class=\"wp-block-heading\">Casa de la Reina Mora<\/h4>\n\n\n\n<figure class=\"wp-block-image\"><img decoding=\"async\" width=\"1000\" height=\"500\" data-src=\"https:\/\/mivelezmalaga.com\/wp-content\/uploads\/2018\/11\/20170604_110253.jpg\" alt=\"Town Hall, Canillas de Aceituno\" class=\"wp-image-3484 lazyload\" data-srcset=\"https:\/\/mivelezmalaga.com\/wp-content\/uploads\/2018\/11\/20170604_110253.jpg 1000w, https:\/\/mivelezmalaga.com\/wp-content\/uploads\/2018\/11\/20170604_110253-300x150.jpg 300w\" data-sizes=\"(max-width: 1000px) 100vw, 1000px\" src=\"data:image\/svg+xml;base64,PHN2ZyB3aWR0aD0iMSIgaGVpZ2h0PSIxIiB4bWxucz0iaHR0cDovL3d3dy53My5vcmcvMjAwMC9zdmciPjwvc3ZnPg==\" style=\"--smush-placeholder-width: 1000px; --smush-placeholder-aspect-ratio: 1000\/500;\" \/><\/figure>\n\n\n\n<p>En la esquina cerca del Ayuntamiento se encuentra la torre arqueada de la Casa de la Reina Mora. Un buen ejemplo de arquitectura \u00e1rabe, sol\u00eda ser el lugar donde se recaudaban los impuestos sobre la seda producida. Desafortunadamente, no puede ingresar al edificio, actualmente se usa actualmente como almac\u00e9n para un bar local, aunque hay planes para renovarlo.<\/p>\n\n\n\n<h4 class=\"wp-block-heading\">Visita a la Iglesia<\/h4>\n\n\n\n<p><b>Iglesia de Nuestra Se\u00f1ora del Rosario y San Le\u00f3n Magno<\/b><\/p>\n\n\n\n<figure class=\"wp-block-image\"><img decoding=\"async\" width=\"1000\" height=\"500\" data-src=\"https:\/\/mivelezmalaga.com\/wp-content\/uploads\/2018\/11\/canillas-de-aceituno-murals.jpg\" alt=\"Murals in Canillas de Aceituno Church\" class=\"wp-image-3492 lazyload\" data-srcset=\"https:\/\/mivelezmalaga.com\/wp-content\/uploads\/2018\/11\/canillas-de-aceituno-murals.jpg 1000w, https:\/\/mivelezmalaga.com\/wp-content\/uploads\/2018\/11\/canillas-de-aceituno-murals-300x150.jpg 300w\" data-sizes=\"(max-width: 1000px) 100vw, 1000px\" src=\"data:image\/svg+xml;base64,PHN2ZyB3aWR0aD0iMSIgaGVpZ2h0PSIxIiB4bWxucz0iaHR0cDovL3d3dy53My5vcmcvMjAwMC9zdmciPjwvc3ZnPg==\" style=\"--smush-placeholder-width: 1000px; --smush-placeholder-aspect-ratio: 1000\/500;\" \/><\/figure>\n\n\n\n<p>La iglesia g\u00f3tica-mud\u00e9jar del siglo XVI del pueblo se encuentra en una bonita calle (Calle Castillo) con una plaza en un extremo. Tambi\u00e9n est\u00e1 la terraza de un buen restaurante en esta plaza (The Society). Dentro de la iglesia hay algunos frescos interesantes y un hermoso techo mud\u00e9jar.<\/p>\n\n\n\n<p><strong>Direcci\u00f3n:<\/strong> Calle Castillo, 7, 29716 Canillas de Aceituno<\/p>\n\n\n<div class=\"wp-block-image\">\n<figure class=\"aligncenter\"><img decoding=\"async\" width=\"1000\" height=\"500\" data-src=\"https:\/\/mivelezmalaga.com\/wp-content\/uploads\/2018\/11\/canillas-de-aceituno-murals.2jpg.jpg\" alt=\"Mural in Canillas de Aceituno Church\" class=\"wp-image-3491 lazyload\" data-srcset=\"https:\/\/mivelezmalaga.com\/wp-content\/uploads\/2018\/11\/canillas-de-aceituno-murals.2jpg.jpg 1000w, https:\/\/mivelezmalaga.com\/wp-content\/uploads\/2018\/11\/canillas-de-aceituno-murals.2jpg-300x150.jpg 300w\" data-sizes=\"(max-width: 1000px) 100vw, 1000px\" src=\"data:image\/svg+xml;base64,PHN2ZyB3aWR0aD0iMSIgaGVpZ2h0PSIxIiB4bWxucz0iaHR0cDovL3d3dy53My5vcmcvMjAwMC9zdmciPjwvc3ZnPg==\" style=\"--smush-placeholder-width: 1000px; --smush-placeholder-aspect-ratio: 1000\/500;\" \/><\/figure>\n<\/div>\n\n\n<h4 class=\"wp-block-heading\">La Monta\u00f1a de Maroma<\/h4>\n\n\n\n<p>La monta\u00f1a m\u00e1s alta de la provincia de M\u00e1laga tiene que estar en la lista de deseos. A 2068 metros, es el cuarto pico m\u00e1s alto del Sistema Penibaetico, que es el m\u00e1s meridional de los tres sistemas de cadenas monta\u00f1osas en el sur de la Pen\u00ednsula Ib\u00e9rica. Hay tres rutas principales a la cumbre y se tarda aproximadamente ocho horas (se recomienda una gu\u00eda para los novatos).<\/p>\n\n\n\n<h4 class=\"wp-block-heading\">Ruta El Saltillo<\/h4>\n\n\n\n<figure class=\"wp-block-image\"><img decoding=\"async\" width=\"995\" height=\"497\" data-src=\"https:\/\/mivelezmalaga.com\/wp-content\/uploads\/2018\/08\/Canillas-Walk.jpg\" alt=\"El Sallito de Canillas de Aceituno\" class=\"wp-image-3570 lazyload\" data-srcset=\"https:\/\/mivelezmalaga.com\/wp-content\/uploads\/2018\/08\/Canillas-Walk.jpg 995w, https:\/\/mivelezmalaga.com\/wp-content\/uploads\/2018\/08\/Canillas-Walk-300x150.jpg 300w\" data-sizes=\"(max-width: 995px) 100vw, 995px\" src=\"data:image\/svg+xml;base64,PHN2ZyB3aWR0aD0iMSIgaGVpZ2h0PSIxIiB4bWxucz0iaHR0cDovL3d3dy53My5vcmcvMjAwMC9zdmciPjwvc3ZnPg==\" style=\"--smush-placeholder-width: 995px; --smush-placeholder-aspect-ratio: 995\/497;\" \/><\/figure>\n\n\n\n<p>Esta caminata de 8.1 km parte de Canillas de Aceituno en direcci\u00f3n a Sedella. Es una caminata muy gratificante con vistas al valle y la monta\u00f1a, manantiales frescos y senderos que se aferran a los acantilados. Es una ruta circular y dura aproximadamente 2-3 horas.<\/p>\n\n\n\n<h4 class=\"wp-block-heading\">Espeleolog\u00eda en Cuevas de la Fajara<\/h4>\n\n\n\n<figure class=\"wp-block-image\"><img decoding=\"async\" width=\"960\" height=\"593\" data-src=\"https:\/\/mivelezmalaga.com\/wp-content\/uploads\/2019\/01\/La-Fajara-Cueva.jpg\" alt=\"Cueva de la Fajara, Canillas de Aceituno\" class=\"wp-image-3652 lazyload\" data-srcset=\"https:\/\/mivelezmalaga.com\/wp-content\/uploads\/2019\/01\/La-Fajara-Cueva.jpg 960w, https:\/\/mivelezmalaga.com\/wp-content\/uploads\/2019\/01\/La-Fajara-Cueva-300x185.jpg 300w\" data-sizes=\"(max-width: 960px) 100vw, 960px\" src=\"data:image\/svg+xml;base64,PHN2ZyB3aWR0aD0iMSIgaGVpZ2h0PSIxIiB4bWxucz0iaHR0cDovL3d3dy53My5vcmcvMjAwMC9zdmciPjwvc3ZnPg==\" style=\"--smush-placeholder-width: 960px; --smush-placeholder-aspect-ratio: 960\/593;\" \/><\/figure>\n\n\n\n<p>La cueva de Fajara es una cueva de aproximadamente 1 kil\u00f3metro de profundidad en la fuente del r\u00edo Bermuza. Se puede encontrar a las afueras de Canillas de Aceituno, a una distancia razonable a pie, aunque es posible estacionar bastante cerca de la boca de la cueva. Lo primero que ves una vez que has trepado por el camino hasta el fondo del desfiladero del r\u00edo es lo que parece la entrada de la cueva (una gran abertura) pero es enga\u00f1oso. Si explora a la izquierda de la cueva visible, donde la vegetaci\u00f3n es m\u00e1s verde, encontrar\u00e1 la entrada a la cueva La Fajara.<\/p>\n\n\n\n<p>Para explorar la cueva, deber\u00e1 subir y exprimirse a trav\u00e9s de grietas estrechas, y luego estar preparado para hacerlo todo de regreso. Es incre\u00edblemente gratificante con grandes cavernas, murci\u00e9lagos, estalactitas y piscinas naturales para beber, pero debes tener un nivel relativamente bueno de condici\u00f3n f\u00edsica.<\/p>\n\n\n\n<p>Tenga cuidado en la cueva, ya que puede ser peligroso: el nivel del agua puede aumentar inesperadamente, as\u00ed que vaya con un gu\u00eda.<\/p>\n\n\n\n<h4 class=\"wp-block-heading\">Pool Bar<\/h4>\n\n\n\n<p>La mayor\u00eda de los pueblos de la Axarqu\u00eda tienen una piscina municipal al aire libre, Canillas de Aceituno no es una excepci\u00f3n. Esta gran piscina con incre\u00edbles vistas del valle hacia el mar tambi\u00e9n tiene una piscina poco profunda para beb\u00e9s. Hay mucho espacio para tomar el sol y un bar que vende comida y bebidas. Si abandonas el pueblo en direcci\u00f3n a Sedella, el bar est\u00e1 en la rotonda justo cuando dejas atr\u00e1s las casas.<\/p>\n\n\n\n<h3 class=\"wp-block-heading\">Cu\u00e1ndo visitar<\/h3>\n\n\n\n<figure class=\"wp-block-image\"><img decoding=\"async\" width=\"1000\" height=\"500\" data-src=\"https:\/\/mivelezmalaga.com\/wp-content\/uploads\/2018\/11\/20170604_111824.jpg\" alt=\"Canillas de Aceituno\" class=\"wp-image-3488 lazyload\" data-srcset=\"https:\/\/mivelezmalaga.com\/wp-content\/uploads\/2018\/11\/20170604_111824.jpg 1000w, https:\/\/mivelezmalaga.com\/wp-content\/uploads\/2018\/11\/20170604_111824-300x150.jpg 300w\" data-sizes=\"(max-width: 1000px) 100vw, 1000px\" src=\"data:image\/svg+xml;base64,PHN2ZyB3aWR0aD0iMSIgaGVpZ2h0PSIxIiB4bWxucz0iaHR0cDovL3d3dy53My5vcmcvMjAwMC9zdmciPjwvc3ZnPg==\" style=\"--smush-placeholder-width: 1000px; --smush-placeholder-aspect-ratio: 1000\/500;\" \/><\/figure>\n\n\n\n<p>El <a href=\"https:\/\/mivelezmalaga.com\/whats-on\/dia-de-la-morcilla\/\">Dia de la Morcilla<\/a> &#8211; la celebraci\u00f3n de la morcilla local se celebra el s\u00e1bado o domingo del \u00faltimo fin de semana de abril. Las canillas hacen su morcilla con cebolla, por lo que es suave y, francamente, deliciosa en una baguette crujiente. Esta fiesta es un d\u00eda de comer con morcilla gratis, mucha bebida y un poco de cultura folcl\u00f3rica local.<\/p>\n\n\n\n<p>La feria anual de Canillas es del 10 al 14 de agosto. Cada pueblo, ciudad y ciudad tiene una feria: es una feria, donde la comunidad se une, se viste y se suelta el pelo. Espera, m\u00fasica, bares en la calle, bailes y algunos juegos de feria. Canillas generalmente tiene una noche de flamenco durante su feria que siempre es bien recibida.<\/p>\n\n\n\n<h3 class=\"wp-block-heading\">D\u00f3nde Comer<\/h3>\n\n\n\n<figure class=\"wp-block-image\"><img decoding=\"async\" width=\"1000\" height=\"500\" data-src=\"https:\/\/mivelezmalaga.com\/wp-content\/uploads\/2018\/11\/20170604_110021.jpg\" alt=\"Grape Vines, Canillas de Aceituno\" class=\"wp-image-3483 lazyload\" data-srcset=\"https:\/\/mivelezmalaga.com\/wp-content\/uploads\/2018\/11\/20170604_110021.jpg 1000w, https:\/\/mivelezmalaga.com\/wp-content\/uploads\/2018\/11\/20170604_110021-300x150.jpg 300w\" data-sizes=\"(max-width: 1000px) 100vw, 1000px\" src=\"data:image\/svg+xml;base64,PHN2ZyB3aWR0aD0iMSIgaGVpZ2h0PSIxIiB4bWxucz0iaHR0cDovL3d3dy53My5vcmcvMjAwMC9zdmciPjwvc3ZnPg==\" style=\"--smush-placeholder-width: 1000px; --smush-placeholder-aspect-ratio: 1000\/500;\" \/><\/figure>\n\n\n\n<p>Es dif\u00edcil para nosotros elegir un restaurante favorito en Canillas de Aceituno ya que tenemos buenos recuerdos de todos ellos. Adem\u00e1s, los propietarios de cada uno son tan amables que no podr\u00edamos seleccionar un favorito. Elija el ni\u00f1o (chivo) en cualquiera de estos restaurantes y comer\u00e1 bien.<\/p>\n\n\n\n<h4 class=\"wp-block-heading\">El Bodegon de Juan Maria<\/h4>\n\n\n\n<figure class=\"wp-block-image\"><img decoding=\"async\" width=\"1000\" height=\"500\" data-src=\"https:\/\/mivelezmalaga.com\/wp-content\/uploads\/2018\/11\/20170604_110001.jpg\" alt=\"El Bodegon Restaurant, Canillas de Aceituno\" class=\"wp-image-3482 lazyload\" data-srcset=\"https:\/\/mivelezmalaga.com\/wp-content\/uploads\/2018\/11\/20170604_110001.jpg 1000w, https:\/\/mivelezmalaga.com\/wp-content\/uploads\/2018\/11\/20170604_110001-300x150.jpg 300w\" data-sizes=\"(max-width: 1000px) 100vw, 1000px\" src=\"data:image\/svg+xml;base64,PHN2ZyB3aWR0aD0iMSIgaGVpZ2h0PSIxIiB4bWxucz0iaHR0cDovL3d3dy53My5vcmcvMjAwMC9zdmciPjwvc3ZnPg==\" style=\"--smush-placeholder-width: 1000px; --smush-placeholder-aspect-ratio: 1000\/500;\" \/><\/figure>\n\n\n\n<p>Tan levemente intimidante &#8230; &#8216;es o no es la entrada de un bar&#8217; y baja a El Bodeg\u00f3n no revela nada. Una vez que est\u00e1s en el nivel de la barra, esto se siente inmediatamente como la Andaluc\u00eda &#8220;real&#8221;.<\/p>\n\n\n\n<p>Tome una mesa en el \u00e1rea del bar o en el comedor m\u00e1s grande. Los entrantes son enormes e ideales para compartir. Todo su ni\u00f1o cocinado al horno (incluida la cabeza) es un tap\u00f3n de espect\u00e1culo y hay una buena lista de vinos que incluye vinos locales. Reserve los fines de semana para evitar decepciones.<\/p>\n\n\n\n<p><strong>Direcci\u00f3n:<\/strong> Calle Placeta, 6, 29716 Canillas de Aceituno. Tel. 952 51 80 41.<\/p>\n\n\n\n<h4 class=\"wp-block-heading\">La Maroma<\/h4>\n\n\n\n<p>En las afueras de la ciudad, este gran restaurante est\u00e1 dirigido por la familia m\u00e1s amable del pueblo. Hay asientos en el interior y en la terraza. Puedes tomar un caf\u00e9 si no est\u00e1s a la hora de comer. Las porciones son generosas y su cabrito en salsa es delicioso.<\/p>\n\n\n\n<p><strong>Direcci\u00f3n<\/strong>: Av. Andaluc\u00eda, 16, 29716 Canillas de Aceituno. Tel. 952 51 82 88.41.<\/p>\n\n\n\n<h4 class=\"wp-block-heading\">Restaurante La Sociedad<\/h4>\n\n\n\n<p>Esta hermosa casa tiene un bar en la planta baja y un restaurante en la planta superior que se extiende a la terraza en los meses m\u00e1s c\u00e1lidos. Su especialidad es el ni\u00f1o entero cocinado a fuego lento. Su sopa Ajoblanco (sopa de almendras servida fr\u00eda) tambi\u00e9n es particularmente buena si la visitas en primavera.<\/p>\n\n\n\n<p><strong>Direcci\u00f3n:<\/strong> Calle de la Iglesia, 12, 29716 Canillas de Aceituno. Tel. 952 51 82 92.<\/p>\n\n\n\n<h3 class=\"wp-block-heading\">D\u00f3nde alojarse<\/h3>\n\n\n\n<p>Estamos buscando algunos de los mejores lugares para alojarse en Canillas de Aceituno y sus alrededores. Mira este espacio, vendr\u00e1n pronto.<\/p>\n","protected":false},"excerpt":{"rendered":"<p>La primera vista de Canillas de Aceituno es impresionante: a medida que avanza por un camino empinado y sinuoso, ve un destello blanco contra un tel\u00f3n de fondo de los picos de las monta\u00f1as. D\u00f3nde est\u00e1 Canillas de Aceituno? Este tradicional pueblo blanco de la Axarqu\u00eda se encuentra al borde de la sierra de Tejeda. [&hellip;]<\/p>\n","protected":false},"author":1,"featured_media":5082,"parent":5945,"menu_order":0,"comment_status":"closed","ping_status":"closed","template":"page-child.php","meta":{"_acf_changed":false,"footnotes":""},"class_list":["post-6181","page","type-page","status-publish","has-post-thumbnail","hentry"],"acf":[],"yoast_head":"<!-- This site is optimized with the Yoast SEO plugin v27.3 - https:\/\/yoast.com\/product\/yoast-seo-wordpress\/ -->\n<title>Canillas De Aceituno<\/title>\n<meta name=\"robots\" content=\"index, follow, max-snippet:-1, max-image-preview:large, max-video-preview:-1\" \/>\n<link rel=\"canonical\" href=\"https:\/\/mivelezmalaga.com\/es\/la-region-de-axarquia\/canillas-de-aceituno\/\" \/>\n<meta property=\"og:locale\" content=\"es_ES\" \/>\n<meta property=\"og:type\" content=\"article\" \/>\n<meta property=\"og:title\" content=\"Canillas De Aceituno\" \/>\n<meta property=\"og:description\" content=\"La primera vista de Canillas de Aceituno es impresionante: a medida que avanza por un camino empinado y sinuoso, ve un destello blanco contra un tel\u00f3n de fondo de los picos de las monta\u00f1as. D\u00f3nde est\u00e1 Canillas de Aceituno? Este tradicional pueblo blanco de la Axarqu\u00eda se encuentra al borde de la sierra de Tejeda. [&hellip;]\" \/>\n<meta property=\"og:url\" content=\"https:\/\/mivelezmalaga.com\/es\/la-region-de-axarquia\/canillas-de-aceituno\/\" \/>\n<meta property=\"og:site_name\" content=\"Mi Velez-Malaga\" \/>\n<meta property=\"article:publisher\" content=\"https:\/\/www.facebook.com\/mivelezmalaga\/\" \/>\n<meta property=\"article:modified_time\" content=\"2024-01-16T09:22:04+00:00\" \/>\n<meta property=\"og:image\" content=\"https:\/\/mivelezmalaga.com\/wp-content\/uploads\/2018\/11\/20170604_110253.jpg\" \/>\n\t<meta property=\"og:image:width\" content=\"1000\" \/>\n\t<meta property=\"og:image:height\" content=\"500\" \/>\n\t<meta property=\"og:image:type\" content=\"image\/jpeg\" \/>\n<meta name=\"twitter:card\" content=\"summary_large_image\" \/>\n<meta name=\"twitter:site\" content=\"@MiVelezMalaga\" \/>\n<meta name=\"twitter:label1\" content=\"Est. reading time\" \/>\n\t<meta name=\"twitter:data1\" content=\"8 minutes\" \/>\n<script type=\"application\/ld+json\" class=\"yoast-schema-graph\">{\"@context\":\"https:\\\/\\\/schema.org\",\"@graph\":[{\"@type\":\"WebPage\",\"@id\":\"https:\\\/\\\/mivelezmalaga.com\\\/es\\\/la-region-de-axarquia\\\/canillas-de-aceituno\\\/\",\"url\":\"https:\\\/\\\/mivelezmalaga.com\\\/es\\\/la-region-de-axarquia\\\/canillas-de-aceituno\\\/\",\"name\":\"Canillas De Aceituno\",\"isPartOf\":{\"@id\":\"https:\\\/\\\/mivelezmalaga.com\\\/es\\\/#website\"},\"primaryImageOfPage\":{\"@id\":\"https:\\\/\\\/mivelezmalaga.com\\\/es\\\/la-region-de-axarquia\\\/canillas-de-aceituno\\\/#primaryimage\"},\"image\":{\"@id\":\"https:\\\/\\\/mivelezmalaga.com\\\/es\\\/la-region-de-axarquia\\\/canillas-de-aceituno\\\/#primaryimage\"},\"thumbnailUrl\":\"https:\\\/\\\/mivelezmalaga.com\\\/wp-content\\\/uploads\\\/2018\\\/11\\\/20170604_110253.jpg\",\"datePublished\":\"2019-10-29T15:45:36+00:00\",\"dateModified\":\"2024-01-16T09:22:04+00:00\",\"breadcrumb\":{\"@id\":\"https:\\\/\\\/mivelezmalaga.com\\\/es\\\/la-region-de-axarquia\\\/canillas-de-aceituno\\\/#breadcrumb\"},\"inLanguage\":\"es-ES\",\"potentialAction\":[{\"@type\":\"ReadAction\",\"target\":[\"https:\\\/\\\/mivelezmalaga.com\\\/es\\\/la-region-de-axarquia\\\/canillas-de-aceituno\\\/\"]}]},{\"@type\":\"ImageObject\",\"inLanguage\":\"es-ES\",\"@id\":\"https:\\\/\\\/mivelezmalaga.com\\\/es\\\/la-region-de-axarquia\\\/canillas-de-aceituno\\\/#primaryimage\",\"url\":\"https:\\\/\\\/mivelezmalaga.com\\\/wp-content\\\/uploads\\\/2018\\\/11\\\/20170604_110253.jpg\",\"contentUrl\":\"https:\\\/\\\/mivelezmalaga.com\\\/wp-content\\\/uploads\\\/2018\\\/11\\\/20170604_110253.jpg\",\"width\":1000,\"height\":500},{\"@type\":\"BreadcrumbList\",\"@id\":\"https:\\\/\\\/mivelezmalaga.com\\\/es\\\/la-region-de-axarquia\\\/canillas-de-aceituno\\\/#breadcrumb\",\"itemListElement\":[{\"@type\":\"ListItem\",\"position\":1,\"name\":\"Home\",\"item\":\"https:\\\/\\\/mivelezmalaga.com\\\/es\\\/\"},{\"@type\":\"ListItem\",\"position\":2,\"name\":\"Regi\u00f3n de La Axarquia\",\"item\":\"https:\\\/\\\/mivelezmalaga.com\\\/es\\\/la-region-de-axarquia\\\/\"},{\"@type\":\"ListItem\",\"position\":3,\"name\":\"Canillas De Aceituno\"}]},{\"@type\":\"WebSite\",\"@id\":\"https:\\\/\\\/mivelezmalaga.com\\\/es\\\/#website\",\"url\":\"https:\\\/\\\/mivelezmalaga.com\\\/es\\\/\",\"name\":\"Mi Velez-Malaga\",\"description\":\"Welcome to V\u00e9lez\",\"potentialAction\":[{\"@type\":\"SearchAction\",\"target\":{\"@type\":\"EntryPoint\",\"urlTemplate\":\"https:\\\/\\\/mivelezmalaga.com\\\/es\\\/?s={search_term_string}\"},\"query-input\":{\"@type\":\"PropertyValueSpecification\",\"valueRequired\":true,\"valueName\":\"search_term_string\"}}],\"inLanguage\":\"es-ES\"}]}<\/script>\n<!-- \/ Yoast SEO plugin. -->","yoast_head_json":{"title":"Canillas De Aceituno","robots":{"index":"index","follow":"follow","max-snippet":"max-snippet:-1","max-image-preview":"max-image-preview:large","max-video-preview":"max-video-preview:-1"},"canonical":"https:\/\/mivelezmalaga.com\/es\/la-region-de-axarquia\/canillas-de-aceituno\/","og_locale":"es_ES","og_type":"article","og_title":"Canillas De Aceituno","og_description":"La primera vista de Canillas de Aceituno es impresionante: a medida que avanza por un camino empinado y sinuoso, ve un destello blanco contra un tel\u00f3n de fondo de los picos de las monta\u00f1as. D\u00f3nde est\u00e1 Canillas de Aceituno? Este tradicional pueblo blanco de la Axarqu\u00eda se encuentra al borde de la sierra de Tejeda. [&hellip;]","og_url":"https:\/\/mivelezmalaga.com\/es\/la-region-de-axarquia\/canillas-de-aceituno\/","og_site_name":"Mi Velez-Malaga","article_publisher":"https:\/\/www.facebook.com\/mivelezmalaga\/","article_modified_time":"2024-01-16T09:22:04+00:00","og_image":[{"width":1000,"height":500,"url":"https:\/\/mivelezmalaga.com\/wp-content\/uploads\/2018\/11\/20170604_110253.jpg","type":"image\/jpeg"}],"twitter_card":"summary_large_image","twitter_site":"@MiVelezMalaga","twitter_misc":{"Est. reading time":"8 minutes"},"schema":{"@context":"https:\/\/schema.org","@graph":[{"@type":"WebPage","@id":"https:\/\/mivelezmalaga.com\/es\/la-region-de-axarquia\/canillas-de-aceituno\/","url":"https:\/\/mivelezmalaga.com\/es\/la-region-de-axarquia\/canillas-de-aceituno\/","name":"Canillas De Aceituno","isPartOf":{"@id":"https:\/\/mivelezmalaga.com\/es\/#website"},"primaryImageOfPage":{"@id":"https:\/\/mivelezmalaga.com\/es\/la-region-de-axarquia\/canillas-de-aceituno\/#primaryimage"},"image":{"@id":"https:\/\/mivelezmalaga.com\/es\/la-region-de-axarquia\/canillas-de-aceituno\/#primaryimage"},"thumbnailUrl":"https:\/\/mivelezmalaga.com\/wp-content\/uploads\/2018\/11\/20170604_110253.jpg","datePublished":"2019-10-29T15:45:36+00:00","dateModified":"2024-01-16T09:22:04+00:00","breadcrumb":{"@id":"https:\/\/mivelezmalaga.com\/es\/la-region-de-axarquia\/canillas-de-aceituno\/#breadcrumb"},"inLanguage":"es-ES","potentialAction":[{"@type":"ReadAction","target":["https:\/\/mivelezmalaga.com\/es\/la-region-de-axarquia\/canillas-de-aceituno\/"]}]},{"@type":"ImageObject","inLanguage":"es-ES","@id":"https:\/\/mivelezmalaga.com\/es\/la-region-de-axarquia\/canillas-de-aceituno\/#primaryimage","url":"https:\/\/mivelezmalaga.com\/wp-content\/uploads\/2018\/11\/20170604_110253.jpg","contentUrl":"https:\/\/mivelezmalaga.com\/wp-content\/uploads\/2018\/11\/20170604_110253.jpg","width":1000,"height":500},{"@type":"BreadcrumbList","@id":"https:\/\/mivelezmalaga.com\/es\/la-region-de-axarquia\/canillas-de-aceituno\/#breadcrumb","itemListElement":[{"@type":"ListItem","position":1,"name":"Home","item":"https:\/\/mivelezmalaga.com\/es\/"},{"@type":"ListItem","position":2,"name":"Regi\u00f3n de La Axarquia","item":"https:\/\/mivelezmalaga.com\/es\/la-region-de-axarquia\/"},{"@type":"ListItem","position":3,"name":"Canillas De Aceituno"}]},{"@type":"WebSite","@id":"https:\/\/mivelezmalaga.com\/es\/#website","url":"https:\/\/mivelezmalaga.com\/es\/","name":"Mi Velez-Malaga","description":"Welcome to V\u00e9lez","potentialAction":[{"@type":"SearchAction","target":{"@type":"EntryPoint","urlTemplate":"https:\/\/mivelezmalaga.com\/es\/?s={search_term_string}"},"query-input":{"@type":"PropertyValueSpecification","valueRequired":true,"valueName":"search_term_string"}}],"inLanguage":"es-ES"}]}},"_links":{"self":[{"href":"https:\/\/mivelezmalaga.com\/es\/wp-json\/wp\/v2\/pages\/6181","targetHints":{"allow":["GET"]}}],"collection":[{"href":"https:\/\/mivelezmalaga.com\/es\/wp-json\/wp\/v2\/pages"}],"about":[{"href":"https:\/\/mivelezmalaga.com\/es\/wp-json\/wp\/v2\/types\/page"}],"author":[{"embeddable":true,"href":"https:\/\/mivelezmalaga.com\/es\/wp-json\/wp\/v2\/users\/1"}],"replies":[{"embeddable":true,"href":"https:\/\/mivelezmalaga.com\/es\/wp-json\/wp\/v2\/comments?post=6181"}],"version-history":[{"count":4,"href":"https:\/\/mivelezmalaga.com\/es\/wp-json\/wp\/v2\/pages\/6181\/revisions"}],"predecessor-version":[{"id":8421,"href":"https:\/\/mivelezmalaga.com\/es\/wp-json\/wp\/v2\/pages\/6181\/revisions\/8421"}],"up":[{"embeddable":true,"href":"https:\/\/mivelezmalaga.com\/es\/wp-json\/wp\/v2\/pages\/5945"}],"wp:featuredmedia":[{"embeddable":true,"href":"https:\/\/mivelezmalaga.com\/es\/wp-json\/wp\/v2\/media\/5082"}],"wp:attachment":[{"href":"https:\/\/mivelezmalaga.com\/es\/wp-json\/wp\/v2\/media?parent=6181"}],"curies":[{"name":"wp","href":"https:\/\/api.w.org\/{rel}","templated":true}]}}